{"id":10704,"date":"2025-06-25T15:52:18","date_gmt":"2025-06-25T12:52:18","guid":{"rendered":"https:\/\/addinol.ee\/?post_type=product&#038;p=10704"},"modified":"2025-07-04T11:39:51","modified_gmt":"2025-07-04T08:39:51","slug":"soojusulekandeoli-xw-15","status":"publish","type":"product","link":"https:\/\/uus.addinol.ee\/lt\/toode\/soojusulekandeoli-xw-15\/","title":{"rendered":"Soojus\u00fclekande\u00f5li XW 15"},"content":{"rendered":"<p><strong>Soojus\u00fclekande\u00f5li XW 15 KASUTUSV\u00d5IMALUSED<\/strong>:<br \/>\n\u2022 Sobib suurep\u00e4raselt kasutamiseks soojuskandjana kinnistes k\u00fcttes\u00fcsteemides v\u00f5i kombineeritud k\u00fctte-jahutuss\u00fcsteemides.<br \/>\n\u2022 Kasutamiseks soojuskandja pealevoolu maksimumtemperatuuril +300 \u00b0C ja \u00f5likelme maksimumtemperatuuril +320 \u00b0C.<br \/>\n\u2022 Kasutatav k\u00f5ikjal, kus pole v\u00f5imalik teostada otsest k\u00fctmist.<br \/>\n\u2022 Sobib eriti h\u00e4sti kasutamiseks juhul, kui eelistatakse survevaba k\u00fcttes\u00fcsteemi.<br \/>\n\u2022 V\u00f5imaldab tundlike ja\/v\u00f5i ohtlike ainete ettevaatlikku ja ohutut kuumutamist.<br \/>\n\u2022 Pikaajaliselt kasutatav ka p\u00fcsivalt k\u00f5rge termilise koormuse esinemisel.<\/p>\n<p><strong>SPETSIFIKATSIOON \/ LITSENTSID<br \/>\n<\/strong>Soojus\u00fclekande\u00f5li XW 15 t\u00e4idab n\u00f5udeid:<strong><br \/>\n<\/strong><\/p>\n<ul>\n<li>DIN ISO 6743-12 QB<\/li>\n<\/ul>\n<p><strong>Soojus\u00fclekande\u00f5li XW 15 omab litsentse:<\/strong><\/p>\n<ul>\n<li>Doosan \u0160koda Power<\/li>\n<li>MAN Diesel &amp; Turbo<\/li>\n<li>Max Watt<\/li>\n<li>Reintjes<\/li>\n<li>BV 2327<\/li>\n<li>Siemens AG<\/li>\n<li>TLV 901304 \/ TLV 901305<\/li>\n<li>Siemens Energy Compressors GmbH<\/li>\n<\/ul>\n<p><strong>\u00a0OMADUSED<\/strong>:<br \/>\n\u2022 Baaskoostisainete suurim termiline stabiilsus<br \/>\n\u2022 Minimaalne koksistuvus<br \/>\n\u2022 K\u00f5rge keemise algtemperatuur atmosf\u00e4\u00e4rir\u00f5hul<br \/>\n\u2022 Parimad korrosioonit\u00f5rjeomadused<br \/>\n\u2022 Viskoossuse v\u00e4hene s\u00f5ltuvus temperatuurist<br \/>\n\u2022 Stabiilne leektemperatuur<br \/>\n\u2022 Suurep\u00e4rane pesemisv\u00f5ime<\/p>\n<p><strong>EELISED TARBIJALE:<br \/>\n<\/strong>\u2022 Mineraalsetest soojus\u00fclekande\u00f5lidest oluliselt pikem kasutusiga<br \/>\n\u2022 Moodustab oluliselt v\u00e4hem setteid v\u00f5rreldes mineraal\u00f5lidega, spetsiaalselt pikaajaliseks kasutamiseks<br \/>\n\u2022 Ohutu kuumutamine kinnistes s\u00fcsteemides<br \/>\n\u2022 K\u00fcttes\u00fcsteemi osade t\u00f5hus kaitse<br \/>\n\u2022 V\u00e4iksem energiakulu soojenemisfaasis ja \u00e4\u00e4rmuslikes tingimustes<br \/>\n\u2022 P\u00fcsivalt ohutu kasutus<br \/>\n\u2022 Leotab lahti olemasolevad setted ja tagab parema soojus\u00fclekande<\/p>\n","protected":false},"excerpt":{"rendered":"<p>Soojus\u00fclekande\u00f5li XW 15 on s\u00fcnteetiline vedelik, mis on toodetud alk\u00fc\u00fclitud aromaatsetest s\u00fcsivesinikest (alk\u00fc\u00fclbenseenidest). Baaskoostisosade ideaalne kombinatsioon garanteerib kinnistes k\u00fcttes\u00fcsteemides parima korrosioonivastase kaitse ja optimaalse oks\u00fcdatsioonikindluse.<\/p>\n","protected":false},"featured_media":8128,"template":"","meta":{"_acf_changed":false},"viscosity":[],"product_brand":[],"product_cat":[725],"product_tag":[],"inventory":[],"class_list":{"0":"post-10704","1":"product","2":"type-product","3":"status-publish","4":"has-post-thumbnail","6":"product_cat-soojusulekandeolid","7":"pa_vali-pakend-205l","8":"pa_vali-pakend-warmetragerol-xw-15-205l","9":"pa_vali-pakend-warmetragerol-xw-15-20l","10":"pa_vali-pakend-20l","12":"first","13":"instock","14":"taxable","15":"shipping-taxable","16":"purchasable","17":"product-type-variable"},"acf":[],"yoast_head":"<!-- This site is optimized with the Yoast SEO plugin v27.5 - https:\/\/yoast.com\/product\/yoast-seo-wordpress\/ -->\n<title>Soojus\u00fclekande\u00f5li XW 15 - ADDINOL<\/title>\n<meta name=\"description\" content=\"Soojus\u00fclekande\u00f5li XW 15 on t\u00e4iss\u00fcnteetiline soojus\u00fclekande\u00f5li k\u00fcttes\u00fcsteemidele ning kombineeritudk\u00fctte- ja jahutuss\u00fcsteemidele, tundlike ja ohtlike ainete ettevaatlikuks jaohutuks kuumutamiseks\" \/>\n<meta name=\"robots\" content=\"index, follow, max-snippet:-1, max-image-preview:large, max-video-preview:-1\" \/>\n<link rel=\"canonical\" href=\"https:\/\/uus.addinol.ee\/lt\/toode\/soojusulekandeoli-xw-15\/\" \/>\n<meta property=\"og:locale\" content=\"lt_LT\" \/>\n<meta property=\"og:type\" content=\"article\" \/>\n<meta property=\"og:title\" content=\"Soojus\u00fclekande\u00f5li XW 15 - ADDINOL\" \/>\n<meta property=\"og:description\" content=\"Soojus\u00fclekande\u00f5li XW 15 on t\u00e4iss\u00fcnteetiline soojus\u00fclekande\u00f5li k\u00fcttes\u00fcsteemidele ning kombineeritudk\u00fctte- ja jahutuss\u00fcsteemidele, tundlike ja ohtlike ainete ettevaatlikuks jaohutuks kuumutamiseks\" \/>\n<meta property=\"og:url\" content=\"https:\/\/uus.addinol.ee\/lt\/toode\/soojusulekandeoli-xw-15\/\" \/>\n<meta property=\"og:site_name\" content=\"ADDINOL\" \/>\n<meta property=\"article:publisher\" content=\"https:\/\/www.facebook.com\/ADDINOLEesti\/\" \/>\n<meta property=\"article:modified_time\" content=\"2025-07-04T08:39:51+00:00\" \/>\n<meta property=\"og:image\" content=\"https:\/\/uus.addinol.ee\/wp-content\/uploads\/2025\/05\/gruppe-scaled.jpg\" \/>\n\t<meta property=\"og:image:width\" content=\"2085\" \/>\n\t<meta property=\"og:image:height\" content=\"2560\" \/>\n\t<meta property=\"og:image:type\" content=\"image\/jpeg\" \/>\n<meta name=\"twitter:card\" content=\"summary_large_image\" \/>\n<meta name=\"twitter:label1\" content=\"Est. reading time\" \/>\n\t<meta name=\"twitter:data1\" content=\"2 minutes\" \/>\n<script type=\"application\/ld+json\" class=\"yoast-schema-graph\">{\"@context\":\"https:\\\/\\\/schema.org\",\"@graph\":[{\"@type\":\"WebPage\",\"@id\":\"https:\\\/\\\/uus.addinol.ee\\\/lt\\\/toode\\\/soojusulekandeoli-xw-15\\\/\",\"url\":\"https:\\\/\\\/uus.addinol.ee\\\/lt\\\/toode\\\/soojusulekandeoli-xw-15\\\/\",\"name\":\"Soojus\u00fclekande\u00f5li XW 15 - ADDINOL\",\"isPartOf\":{\"@id\":\"https:\\\/\\\/uus.addinol.ee\\\/lt\\\/#website\"},\"primaryImageOfPage\":{\"@id\":\"https:\\\/\\\/uus.addinol.ee\\\/lt\\\/toode\\\/soojusulekandeoli-xw-15\\\/#primaryimage\"},\"image\":{\"@id\":\"https:\\\/\\\/uus.addinol.ee\\\/lt\\\/toode\\\/soojusulekandeoli-xw-15\\\/#primaryimage\"},\"thumbnailUrl\":\"https:\\\/\\\/uus.addinol.ee\\\/wp-content\\\/uploads\\\/2025\\\/05\\\/gruppe-scaled.jpg\",\"datePublished\":\"2025-06-25T12:52:18+00:00\",\"dateModified\":\"2025-07-04T08:39:51+00:00\",\"description\":\"Soojus\u00fclekande\u00f5li XW 15 on t\u00e4iss\u00fcnteetiline soojus\u00fclekande\u00f5li k\u00fcttes\u00fcsteemidele ning kombineeritudk\u00fctte- ja jahutuss\u00fcsteemidele, tundlike ja ohtlike ainete ettevaatlikuks jaohutuks kuumutamiseks\",\"breadcrumb\":{\"@id\":\"https:\\\/\\\/uus.addinol.ee\\\/lt\\\/toode\\\/soojusulekandeoli-xw-15\\\/#breadcrumb\"},\"inLanguage\":\"lt-LT\",\"potentialAction\":[{\"@type\":\"ReadAction\",\"target\":[\"https:\\\/\\\/uus.addinol.ee\\\/lt\\\/toode\\\/soojusulekandeoli-xw-15\\\/\"]}]},{\"@type\":\"ImageObject\",\"inLanguage\":\"lt-LT\",\"@id\":\"https:\\\/\\\/uus.addinol.ee\\\/lt\\\/toode\\\/soojusulekandeoli-xw-15\\\/#primaryimage\",\"url\":\"https:\\\/\\\/uus.addinol.ee\\\/wp-content\\\/uploads\\\/2025\\\/05\\\/gruppe-scaled.jpg\",\"contentUrl\":\"https:\\\/\\\/uus.addinol.ee\\\/wp-content\\\/uploads\\\/2025\\\/05\\\/gruppe-scaled.jpg\",\"width\":2085,\"height\":2560},{\"@type\":\"BreadcrumbList\",\"@id\":\"https:\\\/\\\/uus.addinol.ee\\\/lt\\\/toode\\\/soojusulekandeoli-xw-15\\\/#breadcrumb\",\"itemListElement\":[{\"@type\":\"ListItem\",\"position\":1,\"name\":\"ADDINOL\",\"item\":\"https:\\\/\\\/uus.addinol.ee\\\/lt\\\/\"},{\"@type\":\"ListItem\",\"position\":2,\"name\":\"E-pood\",\"item\":\"https:\\\/\\\/uus.addinol.ee\\\/e-pood\\\/\"},{\"@type\":\"ListItem\",\"position\":3,\"name\":\"Soojus\u00fclekande\u00f5li XW 15\"}]},{\"@type\":\"WebSite\",\"@id\":\"https:\\\/\\\/uus.addinol.ee\\\/lt\\\/#website\",\"url\":\"https:\\\/\\\/uus.addinol.ee\\\/lt\\\/\",\"name\":\"ADDINOL\",\"description\":\"Mootori&otilde;lid ja m&auml;&auml;&auml;rdeained igaks kasutusjuhuks\",\"publisher\":{\"@id\":\"https:\\\/\\\/uus.addinol.ee\\\/lt\\\/#organization\"},\"potentialAction\":[{\"@type\":\"SearchAction\",\"target\":{\"@type\":\"EntryPoint\",\"urlTemplate\":\"https:\\\/\\\/uus.addinol.ee\\\/lt\\\/?s={search_term_string}\"},\"query-input\":{\"@type\":\"PropertyValueSpecification\",\"valueRequired\":true,\"valueName\":\"search_term_string\"}}],\"inLanguage\":\"lt-LT\"},{\"@type\":\"Organization\",\"@id\":\"https:\\\/\\\/uus.addinol.ee\\\/lt\\\/#organization\",\"name\":\"ADDINOL\",\"url\":\"https:\\\/\\\/uus.addinol.ee\\\/lt\\\/\",\"logo\":{\"@type\":\"ImageObject\",\"inLanguage\":\"lt-LT\",\"@id\":\"https:\\\/\\\/uus.addinol.ee\\\/lt\\\/#\\\/schema\\\/logo\\\/image\\\/\",\"url\":\"https:\\\/\\\/uus.addinol.ee\\\/wp-content\\\/uploads\\\/2024\\\/10\\\/1200px-ADDINOL-Logo.webp\",\"contentUrl\":\"https:\\\/\\\/uus.addinol.ee\\\/wp-content\\\/uploads\\\/2024\\\/10\\\/1200px-ADDINOL-Logo.webp\",\"width\":1200,\"height\":431,\"caption\":\"ADDINOL\"},\"image\":{\"@id\":\"https:\\\/\\\/uus.addinol.ee\\\/lt\\\/#\\\/schema\\\/logo\\\/image\\\/\"},\"sameAs\":[\"https:\\\/\\\/www.facebook.com\\\/ADDINOLEesti\\\/\",\"https:\\\/\\\/www.instagram.com\\\/addinol_eesti\\\/\"]}]}<\/script>\n<!-- \/ Yoast SEO plugin. -->","yoast_head_json":{"title":"Soojus\u00fclekande\u00f5li XW 15 - ADDINOL","description":"Soojus\u00fclekande\u00f5li XW 15 on t\u00e4iss\u00fcnteetiline soojus\u00fclekande\u00f5li k\u00fcttes\u00fcsteemidele ning kombineeritudk\u00fctte- ja jahutuss\u00fcsteemidele, tundlike ja ohtlike ainete ettevaatlikuks jaohutuks kuumutamiseks","robots":{"index":"index","follow":"follow","max-snippet":"max-snippet:-1","max-image-preview":"max-image-preview:large","max-video-preview":"max-video-preview:-1"},"canonical":"https:\/\/uus.addinol.ee\/lt\/toode\/soojusulekandeoli-xw-15\/","og_locale":"lt_LT","og_type":"article","og_title":"Soojus\u00fclekande\u00f5li XW 15 - ADDINOL","og_description":"Soojus\u00fclekande\u00f5li XW 15 on t\u00e4iss\u00fcnteetiline soojus\u00fclekande\u00f5li k\u00fcttes\u00fcsteemidele ning kombineeritudk\u00fctte- ja jahutuss\u00fcsteemidele, tundlike ja ohtlike ainete ettevaatlikuks jaohutuks kuumutamiseks","og_url":"https:\/\/uus.addinol.ee\/lt\/toode\/soojusulekandeoli-xw-15\/","og_site_name":"ADDINOL","article_publisher":"https:\/\/www.facebook.com\/ADDINOLEesti\/","article_modified_time":"2025-07-04T08:39:51+00:00","og_image":[{"width":2085,"height":2560,"url":"https:\/\/uus.addinol.ee\/wp-content\/uploads\/2025\/05\/gruppe-scaled.jpg","type":"image\/jpeg"}],"twitter_card":"summary_large_image","twitter_misc":{"Est. reading time":"2 minutes"},"schema":{"@context":"https:\/\/schema.org","@graph":[{"@type":"WebPage","@id":"https:\/\/uus.addinol.ee\/lt\/toode\/soojusulekandeoli-xw-15\/","url":"https:\/\/uus.addinol.ee\/lt\/toode\/soojusulekandeoli-xw-15\/","name":"Soojus\u00fclekande\u00f5li XW 15 - ADDINOL","isPartOf":{"@id":"https:\/\/uus.addinol.ee\/lt\/#website"},"primaryImageOfPage":{"@id":"https:\/\/uus.addinol.ee\/lt\/toode\/soojusulekandeoli-xw-15\/#primaryimage"},"image":{"@id":"https:\/\/uus.addinol.ee\/lt\/toode\/soojusulekandeoli-xw-15\/#primaryimage"},"thumbnailUrl":"https:\/\/uus.addinol.ee\/wp-content\/uploads\/2025\/05\/gruppe-scaled.jpg","datePublished":"2025-06-25T12:52:18+00:00","dateModified":"2025-07-04T08:39:51+00:00","description":"Soojus\u00fclekande\u00f5li XW 15 on t\u00e4iss\u00fcnteetiline soojus\u00fclekande\u00f5li k\u00fcttes\u00fcsteemidele ning kombineeritudk\u00fctte- ja jahutuss\u00fcsteemidele, tundlike ja ohtlike ainete ettevaatlikuks jaohutuks kuumutamiseks","breadcrumb":{"@id":"https:\/\/uus.addinol.ee\/lt\/toode\/soojusulekandeoli-xw-15\/#breadcrumb"},"inLanguage":"lt-LT","potentialAction":[{"@type":"ReadAction","target":["https:\/\/uus.addinol.ee\/lt\/toode\/soojusulekandeoli-xw-15\/"]}]},{"@type":"ImageObject","inLanguage":"lt-LT","@id":"https:\/\/uus.addinol.ee\/lt\/toode\/soojusulekandeoli-xw-15\/#primaryimage","url":"https:\/\/uus.addinol.ee\/wp-content\/uploads\/2025\/05\/gruppe-scaled.jpg","contentUrl":"https:\/\/uus.addinol.ee\/wp-content\/uploads\/2025\/05\/gruppe-scaled.jpg","width":2085,"height":2560},{"@type":"BreadcrumbList","@id":"https:\/\/uus.addinol.ee\/lt\/toode\/soojusulekandeoli-xw-15\/#breadcrumb","itemListElement":[{"@type":"ListItem","position":1,"name":"ADDINOL","item":"https:\/\/uus.addinol.ee\/lt\/"},{"@type":"ListItem","position":2,"name":"E-pood","item":"https:\/\/uus.addinol.ee\/e-pood\/"},{"@type":"ListItem","position":3,"name":"Soojus\u00fclekande\u00f5li XW 15"}]},{"@type":"WebSite","@id":"https:\/\/uus.addinol.ee\/lt\/#website","url":"https:\/\/uus.addinol.ee\/lt\/","name":"ADDINOL","description":"Mootori&otilde;lid ja m&auml;&auml;&auml;rdeained igaks kasutusjuhuks","publisher":{"@id":"https:\/\/uus.addinol.ee\/lt\/#organization"},"potentialAction":[{"@type":"SearchAction","target":{"@type":"EntryPoint","urlTemplate":"https:\/\/uus.addinol.ee\/lt\/?s={search_term_string}"},"query-input":{"@type":"PropertyValueSpecification","valueRequired":true,"valueName":"search_term_string"}}],"inLanguage":"lt-LT"},{"@type":"Organization","@id":"https:\/\/uus.addinol.ee\/lt\/#organization","name":"ADDINOL","url":"https:\/\/uus.addinol.ee\/lt\/","logo":{"@type":"ImageObject","inLanguage":"lt-LT","@id":"https:\/\/uus.addinol.ee\/lt\/#\/schema\/logo\/image\/","url":"https:\/\/uus.addinol.ee\/wp-content\/uploads\/2024\/10\/1200px-ADDINOL-Logo.webp","contentUrl":"https:\/\/uus.addinol.ee\/wp-content\/uploads\/2024\/10\/1200px-ADDINOL-Logo.webp","width":1200,"height":431,"caption":"ADDINOL"},"image":{"@id":"https:\/\/uus.addinol.ee\/lt\/#\/schema\/logo\/image\/"},"sameAs":["https:\/\/www.facebook.com\/ADDINOLEesti\/","https:\/\/www.instagram.com\/addinol_eesti\/"]}]}},"_links":{"self":[{"href":"https:\/\/uus.addinol.ee\/lt\/wp-json\/wp\/v2\/product\/10704","targetHints":{"allow":["GET"]}}],"collection":[{"href":"https:\/\/uus.addinol.ee\/lt\/wp-json\/wp\/v2\/product"}],"about":[{"href":"https:\/\/uus.addinol.ee\/lt\/wp-json\/wp\/v2\/types\/product"}],"wp:featuredmedia":[{"embeddable":true,"href":"https:\/\/uus.addinol.ee\/lt\/wp-json\/wp\/v2\/media\/8128"}],"wp:attachment":[{"href":"https:\/\/uus.addinol.ee\/lt\/wp-json\/wp\/v2\/media?parent=10704"}],"wp:term":[{"taxonomy":"viscosity","embeddable":true,"href":"https:\/\/uus.addinol.ee\/lt\/wp-json\/wp\/v2\/viscosity?post=10704"},{"taxonomy":"product_brand","embeddable":true,"href":"https:\/\/uus.addinol.ee\/lt\/wp-json\/wp\/v2\/product_brand?post=10704"},{"taxonomy":"product_cat","embeddable":true,"href":"https:\/\/uus.addinol.ee\/lt\/wp-json\/wp\/v2\/product_cat?post=10704"},{"taxonomy":"product_tag","embeddable":true,"href":"https:\/\/uus.addinol.ee\/lt\/wp-json\/wp\/v2\/product_tag?post=10704"},{"taxonomy":"inventory","embeddable":true,"href":"https:\/\/uus.addinol.ee\/lt\/wp-json\/wp\/v2\/inventory?post=10704"}],"curies":[{"name":"wp","href":"https:\/\/api.w.org\/{rel}","templated":true}]}}