{"id":13503,"date":"2025-06-25T15:08:13","date_gmt":"2025-06-25T12:08:13","guid":{"rendered":"https:\/\/uus.addinol.ee\/toode\/turbinu-alyva-tl-32\/"},"modified":"2025-06-25T15:08:13","modified_gmt":"2025-06-25T12:08:13","slug":"turbinu-alyva-tl-32","status":"publish","type":"product","link":"https:\/\/uus.addinol.ee\/lt\/toode\/turbinu-alyva-tl-32\/","title":{"rendered":"Turbin\u0173 alyva TL 32"},"content":{"rendered":"<p><strong>Turbin\u0173 alyva TL 32 PRIEMON\u0116S<\/strong><\/p>\n<ul>\n<li>Skirtas garo, duj\u0173 ir hidroelektrini\u0173 turbinoms bei turbokompresoriams be reduktoriaus su \u012fprasta \u0161ilumine apkrova.<\/li>\n<li>Puikiai tinka stovykloms tepti ir au\u0161inti.<\/li>\n<li>Tinka kaip sl\u0117gio perdavimo alyvos, s\u0117kmingai naudojamos valdikliuose ir reguliatoriuose.<\/li>\n<li>Skirtas naudoti didel\u0117se ir pramonin\u0117se elektrin\u0117se.<\/li>\n<\/ul>\n<p><strong>Turbinin\u0117 alyva TL 32 SPECIFIKACIJA \/ LICENCIJOS<br \/>\n<\/strong>Turbinin\u0117 alyva TL 32 atitinka ir vir\u0161ija reikalavimus:<\/p>\n<ul>\n<li>DIN 51515-1 (FZG &lt; 8): TD<\/li>\n<\/ul>\n<p><strong>Turbinin\u0117 alyva TL 32 turi licencijas:<\/strong><\/p>\n<ul>\n<li>&#8220;Alstom Power<\/li>\n<li>&#8220;Doosan \u0160koda Power<\/li>\n<li>Renk Augsburg ZAN 36012<br \/>\nSiemens<\/li>\n<\/ul>\n<p><strong>Turbin\u0173 alyva TL 32 SAVYB\u0116S<\/strong>:<\/p>\n<ul>\n<li>Be cinko<\/li>\n<li>Puikios vandens ir oro atskyrimo savyb\u0117s<\/li>\n<li>I\u0161skirtinai atsparus sen\u0117jimui<\/li>\n<li>Veiksminga plieno ir spalvot\u0173j\u0173 metal\u0173 apsauga nuo korozijos<\/li>\n<\/ul>\n<p><strong>Turbinin\u0117 alyva TL 32 SPECIALUS PASI\u016aLYMAS:<\/strong><\/p>\n<ul>\n<li>U\u017ekirstas kelias nuos\u0117d\u0173 susidarymui<\/li>\n<li>Nedidelis infiltruoto vandens i\u0161siskyrimas<\/li>\n<li>U\u017ekirstas kelias emulsijos susidarymui<\/li>\n<li>Greitas infiltruoto oro i\u0161leidimas<\/li>\n<li>Dideli\u0173 matmen\u0173 alyvos keitimo tarpikliai -&gt; ma\u017eos i\u0161laidos<\/li>\n<li>Patikimumas d\u0117l veiksmingos svarbiausi\u0173 ma\u0161inos dali\u0173 apsaugos<\/li>\n<\/ul>\n","protected":false},"excerpt":{"rendered":"<p>Turbin\u0173 alyva TL 32 yra sudaryta i\u0161 auk\u0161tos kokyb\u0117s mineralin\u0117s alyvos rafinat\u0173, joje yra pried\u0173 komplekso be krien\u0173, u\u017etikrinan\u010dio apsaug\u0105 nuo korozijos ir puik\u0173 atsparum\u0105 sen\u0117jimui.<\/p>\n","protected":false},"featured_media":13504,"template":"","meta":{"_acf_changed":false},"viscosity":[],"product_brand":[],"product_cat":[828,829],"product_tag":[],"inventory":[],"class_list":{"0":"post-13503","1":"product","2":"type-product","3":"status-publish","4":"has-post-thumbnail","6":"product_cat-pramoniniai-priedai","7":"product_cat-turbinu-alyvos","8":"pa_vali-pakend-205l-lt","10":"first","11":"instock","12":"taxable","13":"shipping-taxable","14":"purchasable","15":"product-type-simple"},"acf":[],"yoast_head":"<!-- This site is optimized with the Yoast SEO plugin v27.5 - https:\/\/yoast.com\/product\/yoast-seo-wordpress\/ -->\n<title>Turbin\u0173 alyva TL 32 - ADDINOL<\/title>\n<meta name=\"description\" content=\"Turbinin\u0117 alyva, gerai apsauganti nuo korozijos ir atskirianti vanden\u012f, skirta naudoti garo, duj\u0173 ir hidroelektrini\u0173 turbinose, esant normalioms \u0161ilumin\u0117ms apkrovoms.\" \/>\n<meta name=\"robots\" content=\"index, follow, max-snippet:-1, max-image-preview:large, max-video-preview:-1\" \/>\n<link rel=\"canonical\" href=\"https:\/\/uus.addinol.ee\/lt\/toode\/turbinu-alyva-tl-32\/\" \/>\n<meta property=\"og:locale\" content=\"lt_LT\" \/>\n<meta property=\"og:type\" content=\"article\" \/>\n<meta property=\"og:title\" content=\"Turbin\u0173 alyva TL 32 - ADDINOL\" \/>\n<meta property=\"og:description\" content=\"Turbinin\u0117 alyva, gerai apsauganti nuo korozijos ir atskirianti vanden\u012f, skirta naudoti garo, duj\u0173 ir hidroelektrini\u0173 turbinose, esant normalioms \u0161ilumin\u0117ms apkrovoms.\" \/>\n<meta property=\"og:url\" content=\"https:\/\/uus.addinol.ee\/lt\/toode\/turbinu-alyva-tl-32\/\" \/>\n<meta property=\"og:site_name\" content=\"ADDINOL\" \/>\n<meta property=\"article:publisher\" content=\"https:\/\/www.facebook.com\/ADDINOLEesti\/\" \/>\n<meta property=\"og:image\" content=\"https:\/\/uus.addinol.ee\/wp-content\/uploads\/2025\/05\/gruppe-scaled.jpg\" \/>\n\t<meta property=\"og:image:width\" content=\"2085\" \/>\n\t<meta property=\"og:image:height\" content=\"2560\" \/>\n\t<meta property=\"og:image:type\" content=\"image\/jpeg\" \/>\n<meta name=\"twitter:card\" content=\"summary_large_image\" \/>\n<meta name=\"twitter:label1\" content=\"Est. reading time\" \/>\n\t<meta name=\"twitter:data1\" content=\"1 minute\" \/>\n<script type=\"application\/ld+json\" class=\"yoast-schema-graph\">{\"@context\":\"https:\\\/\\\/schema.org\",\"@graph\":[{\"@type\":\"WebPage\",\"@id\":\"https:\\\/\\\/uus.addinol.ee\\\/lt\\\/toode\\\/turbinu-alyva-tl-32\\\/\",\"url\":\"https:\\\/\\\/uus.addinol.ee\\\/lt\\\/toode\\\/turbinu-alyva-tl-32\\\/\",\"name\":\"Turbin\u0173 alyva TL 32 - ADDINOL\",\"isPartOf\":{\"@id\":\"https:\\\/\\\/uus.addinol.ee\\\/lt\\\/#website\"},\"primaryImageOfPage\":{\"@id\":\"https:\\\/\\\/uus.addinol.ee\\\/lt\\\/toode\\\/turbinu-alyva-tl-32\\\/#primaryimage\"},\"image\":{\"@id\":\"https:\\\/\\\/uus.addinol.ee\\\/lt\\\/toode\\\/turbinu-alyva-tl-32\\\/#primaryimage\"},\"thumbnailUrl\":\"https:\\\/\\\/uus.addinol.ee\\\/wp-content\\\/uploads\\\/2025\\\/05\\\/gruppe-scaled.jpg\",\"datePublished\":\"2025-06-25T12:08:13+00:00\",\"description\":\"Turbinin\u0117 alyva, gerai apsauganti nuo korozijos ir atskirianti vanden\u012f, skirta naudoti garo, duj\u0173 ir hidroelektrini\u0173 turbinose, esant normalioms \u0161ilumin\u0117ms apkrovoms.\",\"breadcrumb\":{\"@id\":\"https:\\\/\\\/uus.addinol.ee\\\/lt\\\/toode\\\/turbinu-alyva-tl-32\\\/#breadcrumb\"},\"inLanguage\":\"lt-LT\",\"potentialAction\":[{\"@type\":\"ReadAction\",\"target\":[\"https:\\\/\\\/uus.addinol.ee\\\/lt\\\/toode\\\/turbinu-alyva-tl-32\\\/\"]}]},{\"@type\":\"ImageObject\",\"inLanguage\":\"lt-LT\",\"@id\":\"https:\\\/\\\/uus.addinol.ee\\\/lt\\\/toode\\\/turbinu-alyva-tl-32\\\/#primaryimage\",\"url\":\"https:\\\/\\\/uus.addinol.ee\\\/wp-content\\\/uploads\\\/2025\\\/05\\\/gruppe-scaled.jpg\",\"contentUrl\":\"https:\\\/\\\/uus.addinol.ee\\\/wp-content\\\/uploads\\\/2025\\\/05\\\/gruppe-scaled.jpg\",\"width\":2085,\"height\":2560},{\"@type\":\"BreadcrumbList\",\"@id\":\"https:\\\/\\\/uus.addinol.ee\\\/lt\\\/toode\\\/turbinu-alyva-tl-32\\\/#breadcrumb\",\"itemListElement\":[{\"@type\":\"ListItem\",\"position\":1,\"name\":\"ADDINOL\",\"item\":\"https:\\\/\\\/uus.addinol.ee\\\/lt\\\/\"},{\"@type\":\"ListItem\",\"position\":2,\"name\":\"E-pood\",\"item\":\"https:\\\/\\\/uus.addinol.ee\\\/e-pood\\\/\"},{\"@type\":\"ListItem\",\"position\":3,\"name\":\"Turbin\u0173 alyva TL 32\"}]},{\"@type\":\"WebSite\",\"@id\":\"https:\\\/\\\/uus.addinol.ee\\\/lt\\\/#website\",\"url\":\"https:\\\/\\\/uus.addinol.ee\\\/lt\\\/\",\"name\":\"ADDINOL\",\"description\":\"Mootori&otilde;lid ja m&auml;&auml;&auml;rdeained igaks kasutusjuhuks\",\"publisher\":{\"@id\":\"https:\\\/\\\/uus.addinol.ee\\\/lt\\\/#organization\"},\"potentialAction\":[{\"@type\":\"SearchAction\",\"target\":{\"@type\":\"EntryPoint\",\"urlTemplate\":\"https:\\\/\\\/uus.addinol.ee\\\/lt\\\/?s={search_term_string}\"},\"query-input\":{\"@type\":\"PropertyValueSpecification\",\"valueRequired\":true,\"valueName\":\"search_term_string\"}}],\"inLanguage\":\"lt-LT\"},{\"@type\":\"Organization\",\"@id\":\"https:\\\/\\\/uus.addinol.ee\\\/lt\\\/#organization\",\"name\":\"ADDINOL\",\"url\":\"https:\\\/\\\/uus.addinol.ee\\\/lt\\\/\",\"logo\":{\"@type\":\"ImageObject\",\"inLanguage\":\"lt-LT\",\"@id\":\"https:\\\/\\\/uus.addinol.ee\\\/lt\\\/#\\\/schema\\\/logo\\\/image\\\/\",\"url\":\"https:\\\/\\\/uus.addinol.ee\\\/wp-content\\\/uploads\\\/2024\\\/10\\\/1200px-ADDINOL-Logo.webp\",\"contentUrl\":\"https:\\\/\\\/uus.addinol.ee\\\/wp-content\\\/uploads\\\/2024\\\/10\\\/1200px-ADDINOL-Logo.webp\",\"width\":1200,\"height\":431,\"caption\":\"ADDINOL\"},\"image\":{\"@id\":\"https:\\\/\\\/uus.addinol.ee\\\/lt\\\/#\\\/schema\\\/logo\\\/image\\\/\"},\"sameAs\":[\"https:\\\/\\\/www.facebook.com\\\/ADDINOLEesti\\\/\",\"https:\\\/\\\/www.instagram.com\\\/addinol_eesti\\\/\"]}]}<\/script>\n<!-- \/ Yoast SEO plugin. -->","yoast_head_json":{"title":"Turbin\u0173 alyva TL 32 - ADDINOL","description":"Turbinin\u0117 alyva, gerai apsauganti nuo korozijos ir atskirianti vanden\u012f, skirta naudoti garo, duj\u0173 ir hidroelektrini\u0173 turbinose, esant normalioms \u0161ilumin\u0117ms apkrovoms.","robots":{"index":"index","follow":"follow","max-snippet":"max-snippet:-1","max-image-preview":"max-image-preview:large","max-video-preview":"max-video-preview:-1"},"canonical":"https:\/\/uus.addinol.ee\/lt\/toode\/turbinu-alyva-tl-32\/","og_locale":"lt_LT","og_type":"article","og_title":"Turbin\u0173 alyva TL 32 - ADDINOL","og_description":"Turbinin\u0117 alyva, gerai apsauganti nuo korozijos ir atskirianti vanden\u012f, skirta naudoti garo, duj\u0173 ir hidroelektrini\u0173 turbinose, esant normalioms \u0161ilumin\u0117ms apkrovoms.","og_url":"https:\/\/uus.addinol.ee\/lt\/toode\/turbinu-alyva-tl-32\/","og_site_name":"ADDINOL","article_publisher":"https:\/\/www.facebook.com\/ADDINOLEesti\/","og_image":[{"width":2085,"height":2560,"url":"https:\/\/uus.addinol.ee\/wp-content\/uploads\/2025\/05\/gruppe-scaled.jpg","type":"image\/jpeg"}],"twitter_card":"summary_large_image","twitter_misc":{"Est. reading time":"1 minute"},"schema":{"@context":"https:\/\/schema.org","@graph":[{"@type":"WebPage","@id":"https:\/\/uus.addinol.ee\/lt\/toode\/turbinu-alyva-tl-32\/","url":"https:\/\/uus.addinol.ee\/lt\/toode\/turbinu-alyva-tl-32\/","name":"Turbin\u0173 alyva TL 32 - ADDINOL","isPartOf":{"@id":"https:\/\/uus.addinol.ee\/lt\/#website"},"primaryImageOfPage":{"@id":"https:\/\/uus.addinol.ee\/lt\/toode\/turbinu-alyva-tl-32\/#primaryimage"},"image":{"@id":"https:\/\/uus.addinol.ee\/lt\/toode\/turbinu-alyva-tl-32\/#primaryimage"},"thumbnailUrl":"https:\/\/uus.addinol.ee\/wp-content\/uploads\/2025\/05\/gruppe-scaled.jpg","datePublished":"2025-06-25T12:08:13+00:00","description":"Turbinin\u0117 alyva, gerai apsauganti nuo korozijos ir atskirianti vanden\u012f, skirta naudoti garo, duj\u0173 ir hidroelektrini\u0173 turbinose, esant normalioms \u0161ilumin\u0117ms apkrovoms.","breadcrumb":{"@id":"https:\/\/uus.addinol.ee\/lt\/toode\/turbinu-alyva-tl-32\/#breadcrumb"},"inLanguage":"lt-LT","potentialAction":[{"@type":"ReadAction","target":["https:\/\/uus.addinol.ee\/lt\/toode\/turbinu-alyva-tl-32\/"]}]},{"@type":"ImageObject","inLanguage":"lt-LT","@id":"https:\/\/uus.addinol.ee\/lt\/toode\/turbinu-alyva-tl-32\/#primaryimage","url":"https:\/\/uus.addinol.ee\/wp-content\/uploads\/2025\/05\/gruppe-scaled.jpg","contentUrl":"https:\/\/uus.addinol.ee\/wp-content\/uploads\/2025\/05\/gruppe-scaled.jpg","width":2085,"height":2560},{"@type":"BreadcrumbList","@id":"https:\/\/uus.addinol.ee\/lt\/toode\/turbinu-alyva-tl-32\/#breadcrumb","itemListElement":[{"@type":"ListItem","position":1,"name":"ADDINOL","item":"https:\/\/uus.addinol.ee\/lt\/"},{"@type":"ListItem","position":2,"name":"E-pood","item":"https:\/\/uus.addinol.ee\/e-pood\/"},{"@type":"ListItem","position":3,"name":"Turbin\u0173 alyva TL 32"}]},{"@type":"WebSite","@id":"https:\/\/uus.addinol.ee\/lt\/#website","url":"https:\/\/uus.addinol.ee\/lt\/","name":"ADDINOL","description":"Mootori&otilde;lid ja m&auml;&auml;&auml;rdeained igaks kasutusjuhuks","publisher":{"@id":"https:\/\/uus.addinol.ee\/lt\/#organization"},"potentialAction":[{"@type":"SearchAction","target":{"@type":"EntryPoint","urlTemplate":"https:\/\/uus.addinol.ee\/lt\/?s={search_term_string}"},"query-input":{"@type":"PropertyValueSpecification","valueRequired":true,"valueName":"search_term_string"}}],"inLanguage":"lt-LT"},{"@type":"Organization","@id":"https:\/\/uus.addinol.ee\/lt\/#organization","name":"ADDINOL","url":"https:\/\/uus.addinol.ee\/lt\/","logo":{"@type":"ImageObject","inLanguage":"lt-LT","@id":"https:\/\/uus.addinol.ee\/lt\/#\/schema\/logo\/image\/","url":"https:\/\/uus.addinol.ee\/wp-content\/uploads\/2024\/10\/1200px-ADDINOL-Logo.webp","contentUrl":"https:\/\/uus.addinol.ee\/wp-content\/uploads\/2024\/10\/1200px-ADDINOL-Logo.webp","width":1200,"height":431,"caption":"ADDINOL"},"image":{"@id":"https:\/\/uus.addinol.ee\/lt\/#\/schema\/logo\/image\/"},"sameAs":["https:\/\/www.facebook.com\/ADDINOLEesti\/","https:\/\/www.instagram.com\/addinol_eesti\/"]}]}},"_links":{"self":[{"href":"https:\/\/uus.addinol.ee\/lt\/wp-json\/wp\/v2\/product\/13503","targetHints":{"allow":["GET"]}}],"collection":[{"href":"https:\/\/uus.addinol.ee\/lt\/wp-json\/wp\/v2\/product"}],"about":[{"href":"https:\/\/uus.addinol.ee\/lt\/wp-json\/wp\/v2\/types\/product"}],"wp:featuredmedia":[{"embeddable":true,"href":"https:\/\/uus.addinol.ee\/lt\/wp-json\/wp\/v2\/media\/13504"}],"wp:attachment":[{"href":"https:\/\/uus.addinol.ee\/lt\/wp-json\/wp\/v2\/media?parent=13503"}],"wp:term":[{"taxonomy":"viscosity","embeddable":true,"href":"https:\/\/uus.addinol.ee\/lt\/wp-json\/wp\/v2\/viscosity?post=13503"},{"taxonomy":"product_brand","embeddable":true,"href":"https:\/\/uus.addinol.ee\/lt\/wp-json\/wp\/v2\/product_brand?post=13503"},{"taxonomy":"product_cat","embeddable":true,"href":"https:\/\/uus.addinol.ee\/lt\/wp-json\/wp\/v2\/product_cat?post=13503"},{"taxonomy":"product_tag","embeddable":true,"href":"https:\/\/uus.addinol.ee\/lt\/wp-json\/wp\/v2\/product_tag?post=13503"},{"taxonomy":"inventory","embeddable":true,"href":"https:\/\/uus.addinol.ee\/lt\/wp-json\/wp\/v2\/inventory?post=13503"}],"curies":[{"name":"wp","href":"https:\/\/api.w.org\/{rel}","templated":true}]}}