{"id":13519,"date":"2025-06-25T15:04:42","date_gmt":"2025-06-25T12:04:42","guid":{"rendered":"https:\/\/uus.addinol.ee\/toode\/turbinu-alyva-mt-46\/"},"modified":"2025-06-25T15:04:42","modified_gmt":"2025-06-25T12:04:42","slug":"turbinu-alyva-mt-46","status":"publish","type":"product","link":"https:\/\/uus.addinol.ee\/lt\/toode\/turbinu-alyva-mt-46\/","title":{"rendered":"Turbin\u0173 alyva MT 46"},"content":{"rendered":"<p><strong>Turbinin\u0117 alyva MT 46 NAUDOJIMAS<\/strong>:<br \/>\n&#8211; specialiai sukurta duj\u0173 turbinoms su reduktoriumi ir be jo, veikian\u010dioms esant didel\u0117ms \u0161ilumin\u0117ms apkrovoms.<br \/>\n&#8211; sukurta specialiai reduktoriumi varomiems kompresoriams, kuriems keliami ypa\u010d auk\u0161ti reikalavimai.<br \/>\n&#8211; idealiai tinka duj\u0173, garo ir hidraulin\u0117ms turbinoms, kuriose paprastai naudojamos \u012fprastin\u0117s turbinin\u0117s alyvos su antikorozin\u0117mis savyb\u0117mis ir be j\u0173.<\/p>\n<p><strong>Turbinin\u0117 alyva MT 46 SPECIFIKACIJA \/ LICENCIJOS<br \/>\n<\/strong>Turbinin\u0117 alyva MT 46 atitinka ir vir\u0161ija specifikacijas:<strong><br \/>\n<\/strong><\/p>\n<ul>\n<li>DIN 51515-2 (TG\/TGP) (su reduktoriumi ir be jo)<\/li>\n<li>&#8220;General Electric&#8221; GEK 32568 G ir GEK 46506 E<\/li>\n<li>&#8220;Siemens&#8221; MAT812109<\/li>\n<li>ir kit\u0173 pagrindini\u0173 duj\u0173 turbin\u0173 gamintoj\u0173 reikalavimus.<\/li>\n<\/ul>\n<p><strong>Turbinin\u0117 alyva MT 46 turi licencijas:<\/strong><\/p>\n<ul>\n<li>&#8220;Doosan \u0160koda Power<\/li>\n<li>&#8220;MAN Diesel &amp; Turbo<\/li>\n<li>Maksimalus galingumas vatais<\/li>\n<li>Purejes<\/li>\n<li>BV 2327<\/li>\n<li>Siemens AG<\/li>\n<li>TLV 901304 \/ TLV 901305<\/li>\n<li>&#8220;Siemens Energy Compressors GmbH<\/li>\n<\/ul>\n<p><strong>Turbin\u0173 alyva MT 46 SAVYB\u0116S<\/strong>:<br \/>\n&#8211; Atspari sen\u0117jimui net esant ekstremaliai darbo temperat\u016brai<br \/>\n&#8211; Labai gera apsauga nuo dilimo<br \/>\n&#8211;  <strong> <\/strong>Puikus oro atskyrimo efektyvumas ir labai geras demulsifikavimo efektyvumas<br \/>\n&#8211; universaliai pritaikomas duj\u0173, garo ir hidroturbinose<\/p>\n<p><strong>Turbinin\u0117 alyva MT 46 <\/strong><strong>PRIVALUMAI PRIEKININKAMS:<br \/>\n<\/strong>&#8211; Galimyb\u0117 pailginti alyvos keitimo intervalus<br \/>\n&#8211; Ilgesnis reduktori\u0173 tarnavimo laikas<br \/>\n&#8211; Efektyvus veikimas sistemose, \u012f kurias gali patekti vandens ar oro<br \/>\n&#8211; I\u0161vengiama emulsijos<br \/>\n&#8211; Patikimumas d\u0117l veiksmingos ma\u0161in\u0173 dali\u0173 apsaugos<br \/>\n&#8211; Supaprastinamas atsarg\u0173 valdymas skirtingos konstrukcijos ir reikalavim\u0173 turin\u010di\u0173 energijos gamybos \u012frengini\u0173 operatoriams.<\/p>\n","protected":false},"excerpt":{"rendered":"<p>Turbin\u0173 alyva MT 42 yra specialiai duj\u0173 ir garo turbinoms bei turbokompresoriams sukurtas tepimo ir darbo skystis, kur\u012f sudaro auk\u0161tos kokyb\u0117s HC sintetin\u0117s alyvos ir optimalus pried\u0173 be cinko mi\u0161inys. D\u0117l speciali\u0173 kar\u0161\u010diui atspari\u0173 pried\u0173 turbin\u0173 alyva MT 42 pasi\u017eymi i\u0161skirtiniu atsparumu terminiam oksidavimuisi net ir esant auk\u0161tai temperat\u016brai, kuri paprastai b\u016bna duj\u0173 turbin\u0173 alyvos kont\u016bre. <\/p>\n","protected":false},"featured_media":13504,"template":"","meta":{"_acf_changed":false},"viscosity":[],"product_brand":[],"product_cat":[828,829],"product_tag":[],"inventory":[],"class_list":{"0":"post-13519","1":"product","2":"type-product","3":"status-publish","4":"has-post-thumbnail","6":"product_cat-pramoniniai-priedai","7":"product_cat-turbinu-alyvos","8":"pa_vali-pakend-205l-lt","10":"first","11":"instock","12":"taxable","13":"shipping-taxable","14":"purchasable","15":"product-type-simple"},"acf":[],"yoast_head":"<!-- This site is optimized with the Yoast SEO plugin v27.5 - https:\/\/yoast.com\/product\/yoast-seo-wordpress\/ -->\n<title>Turbin\u0173 alyva MT 46 - ADDINOL<\/title>\n<meta name=\"description\" content=\"Termooksidacijai atspari turbinin\u0117 alyva, skirta turbokompresoriams, garo ir hidroturbinoms, kurioms keliami dideli reikalavimai ir kurios patiria dideles apkrovas.\" \/>\n<meta name=\"robots\" content=\"index, follow, max-snippet:-1, max-image-preview:large, max-video-preview:-1\" \/>\n<link rel=\"canonical\" href=\"https:\/\/uus.addinol.ee\/lt\/toode\/turbinu-alyva-mt-46\/\" \/>\n<meta property=\"og:locale\" content=\"lt_LT\" \/>\n<meta property=\"og:type\" content=\"article\" \/>\n<meta property=\"og:title\" content=\"Turbin\u0173 alyva MT 46 - ADDINOL\" \/>\n<meta property=\"og:description\" content=\"Termooksidacijai atspari turbinin\u0117 alyva, skirta turbokompresoriams, garo ir hidroturbinoms, kurioms keliami dideli reikalavimai ir kurios patiria dideles apkrovas.\" \/>\n<meta property=\"og:url\" content=\"https:\/\/uus.addinol.ee\/lt\/toode\/turbinu-alyva-mt-46\/\" \/>\n<meta property=\"og:site_name\" content=\"ADDINOL\" \/>\n<meta property=\"article:publisher\" content=\"https:\/\/www.facebook.com\/ADDINOLEesti\/\" \/>\n<meta property=\"og:image\" content=\"https:\/\/uus.addinol.ee\/wp-content\/uploads\/2025\/05\/gruppe-scaled.jpg\" \/>\n\t<meta property=\"og:image:width\" content=\"2085\" \/>\n\t<meta property=\"og:image:height\" content=\"2560\" \/>\n\t<meta property=\"og:image:type\" content=\"image\/jpeg\" \/>\n<meta name=\"twitter:card\" content=\"summary_large_image\" \/>\n<meta name=\"twitter:label1\" content=\"Est. reading time\" \/>\n\t<meta name=\"twitter:data1\" content=\"1 minute\" \/>\n<script type=\"application\/ld+json\" class=\"yoast-schema-graph\">{\"@context\":\"https:\\\/\\\/schema.org\",\"@graph\":[{\"@type\":\"WebPage\",\"@id\":\"https:\\\/\\\/uus.addinol.ee\\\/lt\\\/toode\\\/turbinu-alyva-mt-46\\\/\",\"url\":\"https:\\\/\\\/uus.addinol.ee\\\/lt\\\/toode\\\/turbinu-alyva-mt-46\\\/\",\"name\":\"Turbin\u0173 alyva MT 46 - ADDINOL\",\"isPartOf\":{\"@id\":\"https:\\\/\\\/uus.addinol.ee\\\/lt\\\/#website\"},\"primaryImageOfPage\":{\"@id\":\"https:\\\/\\\/uus.addinol.ee\\\/lt\\\/toode\\\/turbinu-alyva-mt-46\\\/#primaryimage\"},\"image\":{\"@id\":\"https:\\\/\\\/uus.addinol.ee\\\/lt\\\/toode\\\/turbinu-alyva-mt-46\\\/#primaryimage\"},\"thumbnailUrl\":\"https:\\\/\\\/uus.addinol.ee\\\/wp-content\\\/uploads\\\/2025\\\/05\\\/gruppe-scaled.jpg\",\"datePublished\":\"2025-06-25T12:04:42+00:00\",\"description\":\"Termooksidacijai atspari turbinin\u0117 alyva, skirta turbokompresoriams, garo ir hidroturbinoms, kurioms keliami dideli reikalavimai ir kurios patiria dideles apkrovas.\",\"breadcrumb\":{\"@id\":\"https:\\\/\\\/uus.addinol.ee\\\/lt\\\/toode\\\/turbinu-alyva-mt-46\\\/#breadcrumb\"},\"inLanguage\":\"lt-LT\",\"potentialAction\":[{\"@type\":\"ReadAction\",\"target\":[\"https:\\\/\\\/uus.addinol.ee\\\/lt\\\/toode\\\/turbinu-alyva-mt-46\\\/\"]}]},{\"@type\":\"ImageObject\",\"inLanguage\":\"lt-LT\",\"@id\":\"https:\\\/\\\/uus.addinol.ee\\\/lt\\\/toode\\\/turbinu-alyva-mt-46\\\/#primaryimage\",\"url\":\"https:\\\/\\\/uus.addinol.ee\\\/wp-content\\\/uploads\\\/2025\\\/05\\\/gruppe-scaled.jpg\",\"contentUrl\":\"https:\\\/\\\/uus.addinol.ee\\\/wp-content\\\/uploads\\\/2025\\\/05\\\/gruppe-scaled.jpg\",\"width\":2085,\"height\":2560},{\"@type\":\"BreadcrumbList\",\"@id\":\"https:\\\/\\\/uus.addinol.ee\\\/lt\\\/toode\\\/turbinu-alyva-mt-46\\\/#breadcrumb\",\"itemListElement\":[{\"@type\":\"ListItem\",\"position\":1,\"name\":\"ADDINOL\",\"item\":\"https:\\\/\\\/uus.addinol.ee\\\/lt\\\/\"},{\"@type\":\"ListItem\",\"position\":2,\"name\":\"E-pood\",\"item\":\"https:\\\/\\\/uus.addinol.ee\\\/e-pood\\\/\"},{\"@type\":\"ListItem\",\"position\":3,\"name\":\"Turbin\u0173 alyva MT 46\"}]},{\"@type\":\"WebSite\",\"@id\":\"https:\\\/\\\/uus.addinol.ee\\\/lt\\\/#website\",\"url\":\"https:\\\/\\\/uus.addinol.ee\\\/lt\\\/\",\"name\":\"ADDINOL\",\"description\":\"Mootori&otilde;lid ja m&auml;&auml;&auml;rdeained igaks kasutusjuhuks\",\"publisher\":{\"@id\":\"https:\\\/\\\/uus.addinol.ee\\\/lt\\\/#organization\"},\"potentialAction\":[{\"@type\":\"SearchAction\",\"target\":{\"@type\":\"EntryPoint\",\"urlTemplate\":\"https:\\\/\\\/uus.addinol.ee\\\/lt\\\/?s={search_term_string}\"},\"query-input\":{\"@type\":\"PropertyValueSpecification\",\"valueRequired\":true,\"valueName\":\"search_term_string\"}}],\"inLanguage\":\"lt-LT\"},{\"@type\":\"Organization\",\"@id\":\"https:\\\/\\\/uus.addinol.ee\\\/lt\\\/#organization\",\"name\":\"ADDINOL\",\"url\":\"https:\\\/\\\/uus.addinol.ee\\\/lt\\\/\",\"logo\":{\"@type\":\"ImageObject\",\"inLanguage\":\"lt-LT\",\"@id\":\"https:\\\/\\\/uus.addinol.ee\\\/lt\\\/#\\\/schema\\\/logo\\\/image\\\/\",\"url\":\"https:\\\/\\\/uus.addinol.ee\\\/wp-content\\\/uploads\\\/2024\\\/10\\\/1200px-ADDINOL-Logo.webp\",\"contentUrl\":\"https:\\\/\\\/uus.addinol.ee\\\/wp-content\\\/uploads\\\/2024\\\/10\\\/1200px-ADDINOL-Logo.webp\",\"width\":1200,\"height\":431,\"caption\":\"ADDINOL\"},\"image\":{\"@id\":\"https:\\\/\\\/uus.addinol.ee\\\/lt\\\/#\\\/schema\\\/logo\\\/image\\\/\"},\"sameAs\":[\"https:\\\/\\\/www.facebook.com\\\/ADDINOLEesti\\\/\",\"https:\\\/\\\/www.instagram.com\\\/addinol_eesti\\\/\"]}]}<\/script>\n<!-- \/ Yoast SEO plugin. -->","yoast_head_json":{"title":"Turbin\u0173 alyva MT 46 - ADDINOL","description":"Termooksidacijai atspari turbinin\u0117 alyva, skirta turbokompresoriams, garo ir hidroturbinoms, kurioms keliami dideli reikalavimai ir kurios patiria dideles apkrovas.","robots":{"index":"index","follow":"follow","max-snippet":"max-snippet:-1","max-image-preview":"max-image-preview:large","max-video-preview":"max-video-preview:-1"},"canonical":"https:\/\/uus.addinol.ee\/lt\/toode\/turbinu-alyva-mt-46\/","og_locale":"lt_LT","og_type":"article","og_title":"Turbin\u0173 alyva MT 46 - ADDINOL","og_description":"Termooksidacijai atspari turbinin\u0117 alyva, skirta turbokompresoriams, garo ir hidroturbinoms, kurioms keliami dideli reikalavimai ir kurios patiria dideles apkrovas.","og_url":"https:\/\/uus.addinol.ee\/lt\/toode\/turbinu-alyva-mt-46\/","og_site_name":"ADDINOL","article_publisher":"https:\/\/www.facebook.com\/ADDINOLEesti\/","og_image":[{"width":2085,"height":2560,"url":"https:\/\/uus.addinol.ee\/wp-content\/uploads\/2025\/05\/gruppe-scaled.jpg","type":"image\/jpeg"}],"twitter_card":"summary_large_image","twitter_misc":{"Est. reading time":"1 minute"},"schema":{"@context":"https:\/\/schema.org","@graph":[{"@type":"WebPage","@id":"https:\/\/uus.addinol.ee\/lt\/toode\/turbinu-alyva-mt-46\/","url":"https:\/\/uus.addinol.ee\/lt\/toode\/turbinu-alyva-mt-46\/","name":"Turbin\u0173 alyva MT 46 - ADDINOL","isPartOf":{"@id":"https:\/\/uus.addinol.ee\/lt\/#website"},"primaryImageOfPage":{"@id":"https:\/\/uus.addinol.ee\/lt\/toode\/turbinu-alyva-mt-46\/#primaryimage"},"image":{"@id":"https:\/\/uus.addinol.ee\/lt\/toode\/turbinu-alyva-mt-46\/#primaryimage"},"thumbnailUrl":"https:\/\/uus.addinol.ee\/wp-content\/uploads\/2025\/05\/gruppe-scaled.jpg","datePublished":"2025-06-25T12:04:42+00:00","description":"Termooksidacijai atspari turbinin\u0117 alyva, skirta turbokompresoriams, garo ir hidroturbinoms, kurioms keliami dideli reikalavimai ir kurios patiria dideles apkrovas.","breadcrumb":{"@id":"https:\/\/uus.addinol.ee\/lt\/toode\/turbinu-alyva-mt-46\/#breadcrumb"},"inLanguage":"lt-LT","potentialAction":[{"@type":"ReadAction","target":["https:\/\/uus.addinol.ee\/lt\/toode\/turbinu-alyva-mt-46\/"]}]},{"@type":"ImageObject","inLanguage":"lt-LT","@id":"https:\/\/uus.addinol.ee\/lt\/toode\/turbinu-alyva-mt-46\/#primaryimage","url":"https:\/\/uus.addinol.ee\/wp-content\/uploads\/2025\/05\/gruppe-scaled.jpg","contentUrl":"https:\/\/uus.addinol.ee\/wp-content\/uploads\/2025\/05\/gruppe-scaled.jpg","width":2085,"height":2560},{"@type":"BreadcrumbList","@id":"https:\/\/uus.addinol.ee\/lt\/toode\/turbinu-alyva-mt-46\/#breadcrumb","itemListElement":[{"@type":"ListItem","position":1,"name":"ADDINOL","item":"https:\/\/uus.addinol.ee\/lt\/"},{"@type":"ListItem","position":2,"name":"E-pood","item":"https:\/\/uus.addinol.ee\/e-pood\/"},{"@type":"ListItem","position":3,"name":"Turbin\u0173 alyva MT 46"}]},{"@type":"WebSite","@id":"https:\/\/uus.addinol.ee\/lt\/#website","url":"https:\/\/uus.addinol.ee\/lt\/","name":"ADDINOL","description":"Mootori&otilde;lid ja m&auml;&auml;&auml;rdeained igaks kasutusjuhuks","publisher":{"@id":"https:\/\/uus.addinol.ee\/lt\/#organization"},"potentialAction":[{"@type":"SearchAction","target":{"@type":"EntryPoint","urlTemplate":"https:\/\/uus.addinol.ee\/lt\/?s={search_term_string}"},"query-input":{"@type":"PropertyValueSpecification","valueRequired":true,"valueName":"search_term_string"}}],"inLanguage":"lt-LT"},{"@type":"Organization","@id":"https:\/\/uus.addinol.ee\/lt\/#organization","name":"ADDINOL","url":"https:\/\/uus.addinol.ee\/lt\/","logo":{"@type":"ImageObject","inLanguage":"lt-LT","@id":"https:\/\/uus.addinol.ee\/lt\/#\/schema\/logo\/image\/","url":"https:\/\/uus.addinol.ee\/wp-content\/uploads\/2024\/10\/1200px-ADDINOL-Logo.webp","contentUrl":"https:\/\/uus.addinol.ee\/wp-content\/uploads\/2024\/10\/1200px-ADDINOL-Logo.webp","width":1200,"height":431,"caption":"ADDINOL"},"image":{"@id":"https:\/\/uus.addinol.ee\/lt\/#\/schema\/logo\/image\/"},"sameAs":["https:\/\/www.facebook.com\/ADDINOLEesti\/","https:\/\/www.instagram.com\/addinol_eesti\/"]}]}},"_links":{"self":[{"href":"https:\/\/uus.addinol.ee\/lt\/wp-json\/wp\/v2\/product\/13519","targetHints":{"allow":["GET"]}}],"collection":[{"href":"https:\/\/uus.addinol.ee\/lt\/wp-json\/wp\/v2\/product"}],"about":[{"href":"https:\/\/uus.addinol.ee\/lt\/wp-json\/wp\/v2\/types\/product"}],"wp:featuredmedia":[{"embeddable":true,"href":"https:\/\/uus.addinol.ee\/lt\/wp-json\/wp\/v2\/media\/13504"}],"wp:attachment":[{"href":"https:\/\/uus.addinol.ee\/lt\/wp-json\/wp\/v2\/media?parent=13519"}],"wp:term":[{"taxonomy":"viscosity","embeddable":true,"href":"https:\/\/uus.addinol.ee\/lt\/wp-json\/wp\/v2\/viscosity?post=13519"},{"taxonomy":"product_brand","embeddable":true,"href":"https:\/\/uus.addinol.ee\/lt\/wp-json\/wp\/v2\/product_brand?post=13519"},{"taxonomy":"product_cat","embeddable":true,"href":"https:\/\/uus.addinol.ee\/lt\/wp-json\/wp\/v2\/product_cat?post=13519"},{"taxonomy":"product_tag","embeddable":true,"href":"https:\/\/uus.addinol.ee\/lt\/wp-json\/wp\/v2\/product_tag?post=13519"},{"taxonomy":"inventory","embeddable":true,"href":"https:\/\/uus.addinol.ee\/lt\/wp-json\/wp\/v2\/inventory?post=13519"}],"curies":[{"name":"wp","href":"https:\/\/api.w.org\/{rel}","templated":true}]}}