{"id":6018,"date":"2024-12-31T12:24:19","date_gmt":"2024-12-31T12:24:19","guid":{"rendered":"https:\/\/addinol.ee\/toode\/laevamaare-aquapower-multi-purpose-grease\/"},"modified":"2025-10-14T11:35:06","modified_gmt":"2025-10-14T08:35:06","slug":"laevamaare-aquapower-multi-purpose-grease","status":"publish","type":"product","link":"https:\/\/uus.addinol.ee\/lt\/toode\/laevamaare-aquapower-multi-purpose-grease\/","title":{"rendered":"Laevam\u00e4\u00e4re Aquapower Multi-Purpose Grease"},"content":{"rendered":"<p><strong>Laevam\u00e4\u00e4re Aquapower Multi-Purpose Grease KASUTUSV\u00d5IMALUSED:<\/strong><br \/>\n\u2022 T\u00e4nu heale nakkuvusele on m\u00e4\u00e4rdele iseloomulik pikk kasutusiga.<br \/>\n\u2022 Oma hea vastupidavuse t\u00f5ttu mage- ja mereveele sobib ideaalselt laagrite ja reduktorite m\u00e4\u00e4rimiseks m\u00e4rgades v\u00f5i niisketes kohtades.<br \/>\n\u2022 Kaitseb ka \u00e4\u00e4rmuslikes tingimustes usaldusv\u00e4\u00e4rselt korrosiooni eest.<\/p>\n<p><strong>Laevam\u00e4\u00e4re Aquapower Multi-Purpose Grease SPETSIFIKATSIOON \/ LITSENTSID:<\/strong><br \/>\nLaevam\u00e4\u00e4re Aquapower Multi-Purpose Grease t\u00e4idab ja \u00fcletab rahvusvahelisi spetsifikatsioone:<br \/>\n\u2022 DIN 51 502: KP2K-30<br \/>\n\u2022 NLGI klass 2<br \/>\n\u2022 ISO-L-XCBHB2<\/p>\n<p><strong>Laevam\u00e4\u00e4re Aquapower Multi-Purpose Grease OMADUSED:<\/strong><br \/>\n\u2022 Suurep\u00e4rane veekindlus<br \/>\n\u2022 Suurep\u00e4rane survetaluvus<br \/>\n\u2022 Vananemiskindel<\/p>\n<p><strong>Laevam\u00e4\u00e4re Aquapower Multi-Purpose Grease EELISED TARBIJALE:<\/strong><br \/>\n\u2022 Toote omadused s\u00e4ilivad pikka aega, isegi otsesel kokkupuutel veega v\u00f5i niiskes keskkonnas<br \/>\n\u2022 Vastupidav mage- ja mereveele<br \/>\n\u2022 Sobib optimaalselt suurteks koormusteks<br \/>\n\u2022 Pikk m\u00e4\u00e4rimisv\u00e4lp<\/p>\n","protected":false},"excerpt":{"rendered":"<p>Laevam\u00e4\u00e4re ADDINOL AquaPower Multi-Purpose Grease on mereveele vastupidav pikaealine nakkuv m\u00e4\u00e4re, mis p\u00f5hineb pools\u00fcnteetilisel baas\u00f5lil ja kaltsiumsulfonaadil ning sobib vees\u00f5idukitele.<\/p>\n","protected":false},"featured_media":6019,"template":"","meta":{"_acf_changed":false},"viscosity":[],"product_brand":[],"product_cat":[150,157],"product_tag":[],"inventory":[],"class_list":{"0":"post-6018","1":"product","2":"type-product","3":"status-publish","4":"has-post-thumbnail","6":"product_cat-mootorsoidukite-maardeained","7":"product_cat-maarded-ja-pastad","8":"pa_vali-pakend-400g","10":"first","11":"onbackorder","12":"taxable","13":"shipping-taxable","14":"purchasable","15":"product-type-simple"},"acf":[],"yoast_head":"<!-- This site is optimized with the Yoast SEO plugin v27.5 - https:\/\/yoast.com\/product\/yoast-seo-wordpress\/ -->\n<title>Laevam\u00e4\u00e4re Aquapower Multi-Purpose Grease - ADDINOL<\/title>\n<meta name=\"robots\" content=\"index, follow, max-snippet:-1, max-image-preview:large, max-video-preview:-1\" \/>\n<link rel=\"canonical\" href=\"https:\/\/uus.addinol.ee\/lt\/toode\/laevamaare-aquapower-multi-purpose-grease\/\" \/>\n<meta property=\"og:locale\" content=\"lt_LT\" \/>\n<meta property=\"og:type\" content=\"article\" \/>\n<meta property=\"og:title\" content=\"Laevam\u00e4\u00e4re Aquapower Multi-Purpose Grease - ADDINOL\" \/>\n<meta property=\"og:description\" content=\"Laevam\u00e4\u00e4re ADDINOL AquaPower Multi-Purpose Grease on mereveele vastupidav pikaealine nakkuv m\u00e4\u00e4re, mis p\u00f5hineb pools\u00fcnteetilisel baas\u00f5lil ja kaltsiumsulfonaadil ning sobib vees\u00f5idukitele.\" \/>\n<meta property=\"og:url\" content=\"https:\/\/uus.addinol.ee\/lt\/toode\/laevamaare-aquapower-multi-purpose-grease\/\" \/>\n<meta property=\"og:site_name\" content=\"ADDINOL\" \/>\n<meta property=\"article:publisher\" content=\"https:\/\/www.facebook.com\/ADDINOLEesti\/\" \/>\n<meta property=\"article:modified_time\" content=\"2025-10-14T08:35:06+00:00\" \/>\n<meta property=\"og:image\" content=\"https:\/\/uus.addinol.ee\/wp-content\/uploads\/2024\/12\/tuub-scaled-4.jpg\" \/>\n\t<meta property=\"og:image:width\" content=\"563\" \/>\n\t<meta property=\"og:image:height\" content=\"1920\" \/>\n\t<meta property=\"og:image:type\" content=\"image\/jpeg\" \/>\n<meta name=\"twitter:card\" content=\"summary_large_image\" \/>\n<meta name=\"twitter:label1\" content=\"Est. reading time\" \/>\n\t<meta name=\"twitter:data1\" content=\"1 minute\" \/>\n<script type=\"application\/ld+json\" class=\"yoast-schema-graph\">{\"@context\":\"https:\\\/\\\/schema.org\",\"@graph\":[{\"@type\":\"WebPage\",\"@id\":\"https:\\\/\\\/uus.addinol.ee\\\/lt\\\/toode\\\/laevamaare-aquapower-multi-purpose-grease\\\/\",\"url\":\"https:\\\/\\\/uus.addinol.ee\\\/lt\\\/toode\\\/laevamaare-aquapower-multi-purpose-grease\\\/\",\"name\":\"Laevam\u00e4\u00e4re Aquapower Multi-Purpose Grease - ADDINOL\",\"isPartOf\":{\"@id\":\"https:\\\/\\\/uus.addinol.ee\\\/lt\\\/#website\"},\"primaryImageOfPage\":{\"@id\":\"https:\\\/\\\/uus.addinol.ee\\\/lt\\\/toode\\\/laevamaare-aquapower-multi-purpose-grease\\\/#primaryimage\"},\"image\":{\"@id\":\"https:\\\/\\\/uus.addinol.ee\\\/lt\\\/toode\\\/laevamaare-aquapower-multi-purpose-grease\\\/#primaryimage\"},\"thumbnailUrl\":\"https:\\\/\\\/uus.addinol.ee\\\/wp-content\\\/uploads\\\/2024\\\/12\\\/tuub-scaled-4.jpg\",\"datePublished\":\"2024-12-31T12:24:19+00:00\",\"dateModified\":\"2025-10-14T08:35:06+00:00\",\"breadcrumb\":{\"@id\":\"https:\\\/\\\/uus.addinol.ee\\\/lt\\\/toode\\\/laevamaare-aquapower-multi-purpose-grease\\\/#breadcrumb\"},\"inLanguage\":\"lt-LT\",\"potentialAction\":[{\"@type\":\"ReadAction\",\"target\":[\"https:\\\/\\\/uus.addinol.ee\\\/lt\\\/toode\\\/laevamaare-aquapower-multi-purpose-grease\\\/\"]}]},{\"@type\":\"ImageObject\",\"inLanguage\":\"lt-LT\",\"@id\":\"https:\\\/\\\/uus.addinol.ee\\\/lt\\\/toode\\\/laevamaare-aquapower-multi-purpose-grease\\\/#primaryimage\",\"url\":\"https:\\\/\\\/uus.addinol.ee\\\/wp-content\\\/uploads\\\/2024\\\/12\\\/tuub-scaled-4.jpg\",\"contentUrl\":\"https:\\\/\\\/uus.addinol.ee\\\/wp-content\\\/uploads\\\/2024\\\/12\\\/tuub-scaled-4.jpg\",\"width\":563,\"height\":1920,\"caption\":\"Kontakt\u00fchenduste m\u00e4\u00e4re SW 2\"},{\"@type\":\"BreadcrumbList\",\"@id\":\"https:\\\/\\\/uus.addinol.ee\\\/lt\\\/toode\\\/laevamaare-aquapower-multi-purpose-grease\\\/#breadcrumb\",\"itemListElement\":[{\"@type\":\"ListItem\",\"position\":1,\"name\":\"ADDINOL\",\"item\":\"https:\\\/\\\/uus.addinol.ee\\\/lt\\\/\"},{\"@type\":\"ListItem\",\"position\":2,\"name\":\"E-pood\",\"item\":\"https:\\\/\\\/uus.addinol.ee\\\/e-pood\\\/\"},{\"@type\":\"ListItem\",\"position\":3,\"name\":\"Laevam\u00e4\u00e4re Aquapower Multi-Purpose Grease\"}]},{\"@type\":\"WebSite\",\"@id\":\"https:\\\/\\\/uus.addinol.ee\\\/lt\\\/#website\",\"url\":\"https:\\\/\\\/uus.addinol.ee\\\/lt\\\/\",\"name\":\"ADDINOL\",\"description\":\"Mootori&otilde;lid ja m&auml;&auml;&auml;rdeained igaks kasutusjuhuks\",\"publisher\":{\"@id\":\"https:\\\/\\\/uus.addinol.ee\\\/lt\\\/#organization\"},\"potentialAction\":[{\"@type\":\"SearchAction\",\"target\":{\"@type\":\"EntryPoint\",\"urlTemplate\":\"https:\\\/\\\/uus.addinol.ee\\\/lt\\\/?s={search_term_string}\"},\"query-input\":{\"@type\":\"PropertyValueSpecification\",\"valueRequired\":true,\"valueName\":\"search_term_string\"}}],\"inLanguage\":\"lt-LT\"},{\"@type\":\"Organization\",\"@id\":\"https:\\\/\\\/uus.addinol.ee\\\/lt\\\/#organization\",\"name\":\"ADDINOL\",\"url\":\"https:\\\/\\\/uus.addinol.ee\\\/lt\\\/\",\"logo\":{\"@type\":\"ImageObject\",\"inLanguage\":\"lt-LT\",\"@id\":\"https:\\\/\\\/uus.addinol.ee\\\/lt\\\/#\\\/schema\\\/logo\\\/image\\\/\",\"url\":\"https:\\\/\\\/uus.addinol.ee\\\/wp-content\\\/uploads\\\/2024\\\/10\\\/1200px-ADDINOL-Logo.webp\",\"contentUrl\":\"https:\\\/\\\/uus.addinol.ee\\\/wp-content\\\/uploads\\\/2024\\\/10\\\/1200px-ADDINOL-Logo.webp\",\"width\":1200,\"height\":431,\"caption\":\"ADDINOL\"},\"image\":{\"@id\":\"https:\\\/\\\/uus.addinol.ee\\\/lt\\\/#\\\/schema\\\/logo\\\/image\\\/\"},\"sameAs\":[\"https:\\\/\\\/www.facebook.com\\\/ADDINOLEesti\\\/\",\"https:\\\/\\\/www.instagram.com\\\/addinol_eesti\\\/\"]}]}<\/script>\n<!-- \/ Yoast SEO plugin. -->","yoast_head_json":{"title":"Laevam\u00e4\u00e4re Aquapower Multi-Purpose Grease - ADDINOL","robots":{"index":"index","follow":"follow","max-snippet":"max-snippet:-1","max-image-preview":"max-image-preview:large","max-video-preview":"max-video-preview:-1"},"canonical":"https:\/\/uus.addinol.ee\/lt\/toode\/laevamaare-aquapower-multi-purpose-grease\/","og_locale":"lt_LT","og_type":"article","og_title":"Laevam\u00e4\u00e4re Aquapower Multi-Purpose Grease - ADDINOL","og_description":"Laevam\u00e4\u00e4re ADDINOL AquaPower Multi-Purpose Grease on mereveele vastupidav pikaealine nakkuv m\u00e4\u00e4re, mis p\u00f5hineb pools\u00fcnteetilisel baas\u00f5lil ja kaltsiumsulfonaadil ning sobib vees\u00f5idukitele.","og_url":"https:\/\/uus.addinol.ee\/lt\/toode\/laevamaare-aquapower-multi-purpose-grease\/","og_site_name":"ADDINOL","article_publisher":"https:\/\/www.facebook.com\/ADDINOLEesti\/","article_modified_time":"2025-10-14T08:35:06+00:00","og_image":[{"width":563,"height":1920,"url":"https:\/\/uus.addinol.ee\/wp-content\/uploads\/2024\/12\/tuub-scaled-4.jpg","type":"image\/jpeg"}],"twitter_card":"summary_large_image","twitter_misc":{"Est. reading time":"1 minute"},"schema":{"@context":"https:\/\/schema.org","@graph":[{"@type":"WebPage","@id":"https:\/\/uus.addinol.ee\/lt\/toode\/laevamaare-aquapower-multi-purpose-grease\/","url":"https:\/\/uus.addinol.ee\/lt\/toode\/laevamaare-aquapower-multi-purpose-grease\/","name":"Laevam\u00e4\u00e4re Aquapower Multi-Purpose Grease - ADDINOL","isPartOf":{"@id":"https:\/\/uus.addinol.ee\/lt\/#website"},"primaryImageOfPage":{"@id":"https:\/\/uus.addinol.ee\/lt\/toode\/laevamaare-aquapower-multi-purpose-grease\/#primaryimage"},"image":{"@id":"https:\/\/uus.addinol.ee\/lt\/toode\/laevamaare-aquapower-multi-purpose-grease\/#primaryimage"},"thumbnailUrl":"https:\/\/uus.addinol.ee\/wp-content\/uploads\/2024\/12\/tuub-scaled-4.jpg","datePublished":"2024-12-31T12:24:19+00:00","dateModified":"2025-10-14T08:35:06+00:00","breadcrumb":{"@id":"https:\/\/uus.addinol.ee\/lt\/toode\/laevamaare-aquapower-multi-purpose-grease\/#breadcrumb"},"inLanguage":"lt-LT","potentialAction":[{"@type":"ReadAction","target":["https:\/\/uus.addinol.ee\/lt\/toode\/laevamaare-aquapower-multi-purpose-grease\/"]}]},{"@type":"ImageObject","inLanguage":"lt-LT","@id":"https:\/\/uus.addinol.ee\/lt\/toode\/laevamaare-aquapower-multi-purpose-grease\/#primaryimage","url":"https:\/\/uus.addinol.ee\/wp-content\/uploads\/2024\/12\/tuub-scaled-4.jpg","contentUrl":"https:\/\/uus.addinol.ee\/wp-content\/uploads\/2024\/12\/tuub-scaled-4.jpg","width":563,"height":1920,"caption":"Kontakt\u00fchenduste m\u00e4\u00e4re SW 2"},{"@type":"BreadcrumbList","@id":"https:\/\/uus.addinol.ee\/lt\/toode\/laevamaare-aquapower-multi-purpose-grease\/#breadcrumb","itemListElement":[{"@type":"ListItem","position":1,"name":"ADDINOL","item":"https:\/\/uus.addinol.ee\/lt\/"},{"@type":"ListItem","position":2,"name":"E-pood","item":"https:\/\/uus.addinol.ee\/e-pood\/"},{"@type":"ListItem","position":3,"name":"Laevam\u00e4\u00e4re Aquapower Multi-Purpose Grease"}]},{"@type":"WebSite","@id":"https:\/\/uus.addinol.ee\/lt\/#website","url":"https:\/\/uus.addinol.ee\/lt\/","name":"ADDINOL","description":"Mootori&otilde;lid ja m&auml;&auml;&auml;rdeained igaks kasutusjuhuks","publisher":{"@id":"https:\/\/uus.addinol.ee\/lt\/#organization"},"potentialAction":[{"@type":"SearchAction","target":{"@type":"EntryPoint","urlTemplate":"https:\/\/uus.addinol.ee\/lt\/?s={search_term_string}"},"query-input":{"@type":"PropertyValueSpecification","valueRequired":true,"valueName":"search_term_string"}}],"inLanguage":"lt-LT"},{"@type":"Organization","@id":"https:\/\/uus.addinol.ee\/lt\/#organization","name":"ADDINOL","url":"https:\/\/uus.addinol.ee\/lt\/","logo":{"@type":"ImageObject","inLanguage":"lt-LT","@id":"https:\/\/uus.addinol.ee\/lt\/#\/schema\/logo\/image\/","url":"https:\/\/uus.addinol.ee\/wp-content\/uploads\/2024\/10\/1200px-ADDINOL-Logo.webp","contentUrl":"https:\/\/uus.addinol.ee\/wp-content\/uploads\/2024\/10\/1200px-ADDINOL-Logo.webp","width":1200,"height":431,"caption":"ADDINOL"},"image":{"@id":"https:\/\/uus.addinol.ee\/lt\/#\/schema\/logo\/image\/"},"sameAs":["https:\/\/www.facebook.com\/ADDINOLEesti\/","https:\/\/www.instagram.com\/addinol_eesti\/"]}]}},"_links":{"self":[{"href":"https:\/\/uus.addinol.ee\/lt\/wp-json\/wp\/v2\/product\/6018","targetHints":{"allow":["GET"]}}],"collection":[{"href":"https:\/\/uus.addinol.ee\/lt\/wp-json\/wp\/v2\/product"}],"about":[{"href":"https:\/\/uus.addinol.ee\/lt\/wp-json\/wp\/v2\/types\/product"}],"wp:featuredmedia":[{"embeddable":true,"href":"https:\/\/uus.addinol.ee\/lt\/wp-json\/wp\/v2\/media\/6019"}],"wp:attachment":[{"href":"https:\/\/uus.addinol.ee\/lt\/wp-json\/wp\/v2\/media?parent=6018"}],"wp:term":[{"taxonomy":"viscosity","embeddable":true,"href":"https:\/\/uus.addinol.ee\/lt\/wp-json\/wp\/v2\/viscosity?post=6018"},{"taxonomy":"product_brand","embeddable":true,"href":"https:\/\/uus.addinol.ee\/lt\/wp-json\/wp\/v2\/product_brand?post=6018"},{"taxonomy":"product_cat","embeddable":true,"href":"https:\/\/uus.addinol.ee\/lt\/wp-json\/wp\/v2\/product_cat?post=6018"},{"taxonomy":"product_tag","embeddable":true,"href":"https:\/\/uus.addinol.ee\/lt\/wp-json\/wp\/v2\/product_tag?post=6018"},{"taxonomy":"inventory","embeddable":true,"href":"https:\/\/uus.addinol.ee\/lt\/wp-json\/wp\/v2\/inventory?post=6018"}],"curies":[{"name":"wp","href":"https:\/\/api.w.org\/{rel}","templated":true}]}}