{"id":6028,"date":"2024-12-31T12:24:19","date_gmt":"2024-12-31T12:24:19","guid":{"rendered":"https:\/\/addinol.ee\/toode\/automaatkaigukastioli-atf-cvt\/"},"modified":"2025-10-14T11:35:10","modified_gmt":"2025-10-14T08:35:10","slug":"automaatkaigukastioli-atf-cvt","status":"publish","type":"product","link":"https:\/\/uus.addinol.ee\/lt\/toode\/automaatkaigukastioli-atf-cvt\/","title":{"rendered":"Automaatk\u00e4igukasti\u00f5li ATF CVT"},"content":{"rendered":"<p><strong>Automaatk\u00e4igukasti\u00f5li ATF CVT KASUTUSV\u00d5IMALUSED:<\/strong><br \/>\n\u2022 Spetsiaalselt ette n\u00e4htud kasutamiseks s\u00f5iduautode ja kergeveokite CVT (Continuosly Variable Transmission) variaatork\u00e4igukastides.<br \/>\n\u2022 Sobib ka suurte j\u00f5umomentide usaldusv\u00e4\u00e4rseks \u00fclekandmiseks variaatork\u00e4igukastides, mille variaatori rattaid \u00fchendab rihm v\u00f5i kett.<\/p>\n<p><strong>M\u00c4RKUS<\/strong><br \/>\n\u2022 Ei soovitata kasutada kaksiksiduriga k\u00e4igukastides (DCT) ja k\u00e4ivitussiduriga s\u00fcsteemides!<\/p>\n<p><strong>Automaatk\u00e4igukasti\u00f5li ATF CVT SPETSIFIKATSIOONID:<\/strong><br \/>\nT\u00e4idab ja \u00fcletab OEM-ide j\u00f5udlusn\u00f5udeid:<br \/>\n\u2022 Audi \/ VW G 052 180 \/ G 052 516 Multitronic<br \/>\n\u2022 BMW \/ Mini 83 22 0 136 376 \/ Punch 83 22 0 429 154, EZL 799, 799A, ZF V1<br \/>\n\u2022 Chery CVT, Fujiyuuko i-CVTF FG<br \/>\n\u2022 Daihatsu AMMIX CVTF-DC, DFC, DFE, TC<br \/>\n\u2022 Dodge \/ Jeep \/ Chrysler NS-2 \/ CVTF +4<br \/>\n\u2022 Ford CVT 23, CVT 30, M2C-199-A\/933-A, Mercon C, Motorcraft XT-7-QCFT<br \/>\n\u2022 GM \/ Saturn DEX-CVT<br \/>\n\u2022 Honda HMMF, CVT Fluid, HCF-2<br \/>\n\u2022 Hyundai \/ Kia CVTF 1, J1, J4, ECO J4, J4+ \/ Mitsubishi SP-CVT1, SP-III (CVT)<br \/>\n\u2022 Idemitsu CVTS-EX1, MG EM-CVT<br \/>\n\u2022 Mazda TFF CVT Fluid TC, JWS 3320<br \/>\n\u2022 Mercedes Benz CVT28 (236.20)<br \/>\n\u2022 Nissan KTF-1, NS-1, NS-2, NS-3<br \/>\n\u2022 Renault Elf Matic CVT<br \/>\n\u2022 Subaru NS-2, CV-30, iCVT F\/FG, ECVT, Lineartronic CVT, CVT II, Lineatronic High Torque CVT<br \/>\n\u2022 Suzuki CVTF TC, 3320, 4401, NS-2, Green 1\/1V, Green 2, S-CVT<br \/>\n\u2022 Toyota TC, CVT Fluid FE<br \/>\n\u2022 Volvo CVT 4959<\/p>\n<p><strong>Automaatk\u00e4igukasti\u00f5li ATF CVT OMADUSED:<\/strong><br \/>\n\u2022 Stabiilsed h\u00f5\u00f5rdetegurid \u00fclekandeosadel<br \/>\n\u2022 Suurep\u00e4rane voolavus madalatel temperatuuridel<br \/>\n\u2022 Oks\u00fcdatsioonikindel<br \/>\n\u2022 Suurep\u00e4rane kulumisvastane kaitse<\/p>\n<p><strong>Automaatk\u00e4igukasti\u00f5li ATF CVT EELISED TARBIJALE:<\/strong><br \/>\n\u2022 Optimeeritud s\u00f5idumugavus ja maksimaalsete p\u00f6\u00f6rdemomentide usaldusv\u00e4\u00e4rne \u00fclekanne<br \/>\n\u2022 V\u00e4ga hea m\u00e4\u00e4rimisv\u00f5ime kohe p\u00e4rast s\u00f5iduki k\u00e4ivitumist ka madalatel v\u00e4listemperatuuridel<br \/>\n\u2022 \u00d5li pikem kasutusiga isegi rasketes ekspluatatsioonitingimustes<br \/>\n\u2022 T\u00f5hus \u00fclakandeosade kaitse keti ja rihma puhul<\/p>\n","protected":false},"excerpt":{"rendered":"<p>Automaatk\u00e4igukasti\u00f5li ADDINOL ATF CVT on s\u00fcnteetiline k\u00f5rge j\u00f5udlusega toode, mis on spetsiaalselt arendatud variaatork\u00e4igukastidele (CVT). K\u00f5rgekvaliteediline baas\u00f5li ja j\u00f5u\u00fclekannet optimeeriv manusekomplekt tagavad variaatork\u00e4igukasti usaldusv\u00e4\u00e4rse t\u00f6\u00f6 arvukates s\u00f5idukites.<\/p>\n","protected":false},"featured_media":7232,"template":"","meta":{"_acf_changed":false},"viscosity":[],"product_brand":[],"product_cat":[153,150],"product_tag":[],"inventory":[],"class_list":{"0":"post-6028","1":"product","2":"type-product","3":"status-publish","4":"has-post-thumbnail","6":"product_cat-automaatkaigukastiolid","7":"product_cat-mootorsoidukite-maardeained","8":"pa_vali-pakend-4l","10":"first","11":"instock","12":"taxable","13":"shipping-taxable","14":"purchasable","15":"product-type-simple"},"acf":[],"yoast_head":"<!-- This site is optimized with the Yoast SEO plugin v27.5 - https:\/\/yoast.com\/product\/yoast-seo-wordpress\/ -->\n<title>Automaatk\u00e4igukasti\u00f5li ATF CVT - ADDINOL<\/title>\n<meta name=\"robots\" content=\"index, follow, max-snippet:-1, max-image-preview:large, max-video-preview:-1\" \/>\n<link rel=\"canonical\" href=\"https:\/\/uus.addinol.ee\/lt\/toode\/automaatkaigukastioli-atf-cvt\/\" \/>\n<meta property=\"og:locale\" content=\"lt_LT\" \/>\n<meta property=\"og:type\" content=\"article\" \/>\n<meta property=\"og:title\" content=\"Automaatk\u00e4igukasti\u00f5li ATF CVT - ADDINOL\" \/>\n<meta property=\"og:description\" content=\"Automaatk\u00e4igukasti\u00f5li ADDINOL ATF CVT on s\u00fcnteetiline k\u00f5rge j\u00f5udlusega toode, mis on spetsiaalselt arendatud variaatork\u00e4igukastidele (CVT). K\u00f5rgekvaliteediline baas\u00f5li ja j\u00f5u\u00fclekannet optimeeriv manusekomplekt tagavad variaatork\u00e4igukasti usaldusv\u00e4\u00e4rse t\u00f6\u00f6 arvukates s\u00f5idukites.\" \/>\n<meta property=\"og:url\" content=\"https:\/\/uus.addinol.ee\/lt\/toode\/automaatkaigukastioli-atf-cvt\/\" \/>\n<meta property=\"og:site_name\" content=\"ADDINOL\" \/>\n<meta property=\"article:publisher\" content=\"https:\/\/www.facebook.com\/ADDINOLEesti\/\" \/>\n<meta property=\"article:modified_time\" content=\"2025-10-14T08:35:10+00:00\" \/>\n<meta property=\"og:image\" content=\"https:\/\/uus.addinol.ee\/wp-content\/uploads\/2024\/12\/atf-cvt-4l.jpg\" \/>\n\t<meta property=\"og:image:width\" content=\"605\" \/>\n\t<meta property=\"og:image:height\" content=\"800\" \/>\n\t<meta property=\"og:image:type\" content=\"image\/jpeg\" \/>\n<meta name=\"twitter:card\" content=\"summary_large_image\" \/>\n<meta name=\"twitter:label1\" content=\"Est. reading time\" \/>\n\t<meta name=\"twitter:data1\" content=\"2 minutes\" \/>\n<script type=\"application\/ld+json\" class=\"yoast-schema-graph\">{\"@context\":\"https:\\\/\\\/schema.org\",\"@graph\":[{\"@type\":\"WebPage\",\"@id\":\"https:\\\/\\\/uus.addinol.ee\\\/lt\\\/toode\\\/automaatkaigukastioli-atf-cvt\\\/\",\"url\":\"https:\\\/\\\/uus.addinol.ee\\\/lt\\\/toode\\\/automaatkaigukastioli-atf-cvt\\\/\",\"name\":\"Automaatk\u00e4igukasti\u00f5li ATF CVT - ADDINOL\",\"isPartOf\":{\"@id\":\"https:\\\/\\\/uus.addinol.ee\\\/lt\\\/#website\"},\"primaryImageOfPage\":{\"@id\":\"https:\\\/\\\/uus.addinol.ee\\\/lt\\\/toode\\\/automaatkaigukastioli-atf-cvt\\\/#primaryimage\"},\"image\":{\"@id\":\"https:\\\/\\\/uus.addinol.ee\\\/lt\\\/toode\\\/automaatkaigukastioli-atf-cvt\\\/#primaryimage\"},\"thumbnailUrl\":\"https:\\\/\\\/uus.addinol.ee\\\/wp-content\\\/uploads\\\/2024\\\/12\\\/atf-cvt-4l.jpg\",\"datePublished\":\"2024-12-31T12:24:19+00:00\",\"dateModified\":\"2025-10-14T08:35:10+00:00\",\"breadcrumb\":{\"@id\":\"https:\\\/\\\/uus.addinol.ee\\\/lt\\\/toode\\\/automaatkaigukastioli-atf-cvt\\\/#breadcrumb\"},\"inLanguage\":\"lt-LT\",\"potentialAction\":[{\"@type\":\"ReadAction\",\"target\":[\"https:\\\/\\\/uus.addinol.ee\\\/lt\\\/toode\\\/automaatkaigukastioli-atf-cvt\\\/\"]}]},{\"@type\":\"ImageObject\",\"inLanguage\":\"lt-LT\",\"@id\":\"https:\\\/\\\/uus.addinol.ee\\\/lt\\\/toode\\\/automaatkaigukastioli-atf-cvt\\\/#primaryimage\",\"url\":\"https:\\\/\\\/uus.addinol.ee\\\/wp-content\\\/uploads\\\/2024\\\/12\\\/atf-cvt-4l.jpg\",\"contentUrl\":\"https:\\\/\\\/uus.addinol.ee\\\/wp-content\\\/uploads\\\/2024\\\/12\\\/atf-cvt-4l.jpg\",\"width\":605,\"height\":800},{\"@type\":\"BreadcrumbList\",\"@id\":\"https:\\\/\\\/uus.addinol.ee\\\/lt\\\/toode\\\/automaatkaigukastioli-atf-cvt\\\/#breadcrumb\",\"itemListElement\":[{\"@type\":\"ListItem\",\"position\":1,\"name\":\"ADDINOL\",\"item\":\"https:\\\/\\\/uus.addinol.ee\\\/lt\\\/\"},{\"@type\":\"ListItem\",\"position\":2,\"name\":\"E-pood\",\"item\":\"https:\\\/\\\/uus.addinol.ee\\\/e-pood\\\/\"},{\"@type\":\"ListItem\",\"position\":3,\"name\":\"Automaatk\u00e4igukasti\u00f5li ATF CVT\"}]},{\"@type\":\"WebSite\",\"@id\":\"https:\\\/\\\/uus.addinol.ee\\\/lt\\\/#website\",\"url\":\"https:\\\/\\\/uus.addinol.ee\\\/lt\\\/\",\"name\":\"ADDINOL\",\"description\":\"Mootori&otilde;lid ja m&auml;&auml;&auml;rdeained igaks kasutusjuhuks\",\"publisher\":{\"@id\":\"https:\\\/\\\/uus.addinol.ee\\\/lt\\\/#organization\"},\"potentialAction\":[{\"@type\":\"SearchAction\",\"target\":{\"@type\":\"EntryPoint\",\"urlTemplate\":\"https:\\\/\\\/uus.addinol.ee\\\/lt\\\/?s={search_term_string}\"},\"query-input\":{\"@type\":\"PropertyValueSpecification\",\"valueRequired\":true,\"valueName\":\"search_term_string\"}}],\"inLanguage\":\"lt-LT\"},{\"@type\":\"Organization\",\"@id\":\"https:\\\/\\\/uus.addinol.ee\\\/lt\\\/#organization\",\"name\":\"ADDINOL\",\"url\":\"https:\\\/\\\/uus.addinol.ee\\\/lt\\\/\",\"logo\":{\"@type\":\"ImageObject\",\"inLanguage\":\"lt-LT\",\"@id\":\"https:\\\/\\\/uus.addinol.ee\\\/lt\\\/#\\\/schema\\\/logo\\\/image\\\/\",\"url\":\"https:\\\/\\\/uus.addinol.ee\\\/wp-content\\\/uploads\\\/2024\\\/10\\\/1200px-ADDINOL-Logo.webp\",\"contentUrl\":\"https:\\\/\\\/uus.addinol.ee\\\/wp-content\\\/uploads\\\/2024\\\/10\\\/1200px-ADDINOL-Logo.webp\",\"width\":1200,\"height\":431,\"caption\":\"ADDINOL\"},\"image\":{\"@id\":\"https:\\\/\\\/uus.addinol.ee\\\/lt\\\/#\\\/schema\\\/logo\\\/image\\\/\"},\"sameAs\":[\"https:\\\/\\\/www.facebook.com\\\/ADDINOLEesti\\\/\",\"https:\\\/\\\/www.instagram.com\\\/addinol_eesti\\\/\"]}]}<\/script>\n<!-- \/ Yoast SEO plugin. -->","yoast_head_json":{"title":"Automaatk\u00e4igukasti\u00f5li ATF CVT - ADDINOL","robots":{"index":"index","follow":"follow","max-snippet":"max-snippet:-1","max-image-preview":"max-image-preview:large","max-video-preview":"max-video-preview:-1"},"canonical":"https:\/\/uus.addinol.ee\/lt\/toode\/automaatkaigukastioli-atf-cvt\/","og_locale":"lt_LT","og_type":"article","og_title":"Automaatk\u00e4igukasti\u00f5li ATF CVT - ADDINOL","og_description":"Automaatk\u00e4igukasti\u00f5li ADDINOL ATF CVT on s\u00fcnteetiline k\u00f5rge j\u00f5udlusega toode, mis on spetsiaalselt arendatud variaatork\u00e4igukastidele (CVT). K\u00f5rgekvaliteediline baas\u00f5li ja j\u00f5u\u00fclekannet optimeeriv manusekomplekt tagavad variaatork\u00e4igukasti usaldusv\u00e4\u00e4rse t\u00f6\u00f6 arvukates s\u00f5idukites.","og_url":"https:\/\/uus.addinol.ee\/lt\/toode\/automaatkaigukastioli-atf-cvt\/","og_site_name":"ADDINOL","article_publisher":"https:\/\/www.facebook.com\/ADDINOLEesti\/","article_modified_time":"2025-10-14T08:35:10+00:00","og_image":[{"width":605,"height":800,"url":"https:\/\/uus.addinol.ee\/wp-content\/uploads\/2024\/12\/atf-cvt-4l.jpg","type":"image\/jpeg"}],"twitter_card":"summary_large_image","twitter_misc":{"Est. reading time":"2 minutes"},"schema":{"@context":"https:\/\/schema.org","@graph":[{"@type":"WebPage","@id":"https:\/\/uus.addinol.ee\/lt\/toode\/automaatkaigukastioli-atf-cvt\/","url":"https:\/\/uus.addinol.ee\/lt\/toode\/automaatkaigukastioli-atf-cvt\/","name":"Automaatk\u00e4igukasti\u00f5li ATF CVT - ADDINOL","isPartOf":{"@id":"https:\/\/uus.addinol.ee\/lt\/#website"},"primaryImageOfPage":{"@id":"https:\/\/uus.addinol.ee\/lt\/toode\/automaatkaigukastioli-atf-cvt\/#primaryimage"},"image":{"@id":"https:\/\/uus.addinol.ee\/lt\/toode\/automaatkaigukastioli-atf-cvt\/#primaryimage"},"thumbnailUrl":"https:\/\/uus.addinol.ee\/wp-content\/uploads\/2024\/12\/atf-cvt-4l.jpg","datePublished":"2024-12-31T12:24:19+00:00","dateModified":"2025-10-14T08:35:10+00:00","breadcrumb":{"@id":"https:\/\/uus.addinol.ee\/lt\/toode\/automaatkaigukastioli-atf-cvt\/#breadcrumb"},"inLanguage":"lt-LT","potentialAction":[{"@type":"ReadAction","target":["https:\/\/uus.addinol.ee\/lt\/toode\/automaatkaigukastioli-atf-cvt\/"]}]},{"@type":"ImageObject","inLanguage":"lt-LT","@id":"https:\/\/uus.addinol.ee\/lt\/toode\/automaatkaigukastioli-atf-cvt\/#primaryimage","url":"https:\/\/uus.addinol.ee\/wp-content\/uploads\/2024\/12\/atf-cvt-4l.jpg","contentUrl":"https:\/\/uus.addinol.ee\/wp-content\/uploads\/2024\/12\/atf-cvt-4l.jpg","width":605,"height":800},{"@type":"BreadcrumbList","@id":"https:\/\/uus.addinol.ee\/lt\/toode\/automaatkaigukastioli-atf-cvt\/#breadcrumb","itemListElement":[{"@type":"ListItem","position":1,"name":"ADDINOL","item":"https:\/\/uus.addinol.ee\/lt\/"},{"@type":"ListItem","position":2,"name":"E-pood","item":"https:\/\/uus.addinol.ee\/e-pood\/"},{"@type":"ListItem","position":3,"name":"Automaatk\u00e4igukasti\u00f5li ATF CVT"}]},{"@type":"WebSite","@id":"https:\/\/uus.addinol.ee\/lt\/#website","url":"https:\/\/uus.addinol.ee\/lt\/","name":"ADDINOL","description":"Mootori&otilde;lid ja m&auml;&auml;&auml;rdeained igaks kasutusjuhuks","publisher":{"@id":"https:\/\/uus.addinol.ee\/lt\/#organization"},"potentialAction":[{"@type":"SearchAction","target":{"@type":"EntryPoint","urlTemplate":"https:\/\/uus.addinol.ee\/lt\/?s={search_term_string}"},"query-input":{"@type":"PropertyValueSpecification","valueRequired":true,"valueName":"search_term_string"}}],"inLanguage":"lt-LT"},{"@type":"Organization","@id":"https:\/\/uus.addinol.ee\/lt\/#organization","name":"ADDINOL","url":"https:\/\/uus.addinol.ee\/lt\/","logo":{"@type":"ImageObject","inLanguage":"lt-LT","@id":"https:\/\/uus.addinol.ee\/lt\/#\/schema\/logo\/image\/","url":"https:\/\/uus.addinol.ee\/wp-content\/uploads\/2024\/10\/1200px-ADDINOL-Logo.webp","contentUrl":"https:\/\/uus.addinol.ee\/wp-content\/uploads\/2024\/10\/1200px-ADDINOL-Logo.webp","width":1200,"height":431,"caption":"ADDINOL"},"image":{"@id":"https:\/\/uus.addinol.ee\/lt\/#\/schema\/logo\/image\/"},"sameAs":["https:\/\/www.facebook.com\/ADDINOLEesti\/","https:\/\/www.instagram.com\/addinol_eesti\/"]}]}},"_links":{"self":[{"href":"https:\/\/uus.addinol.ee\/lt\/wp-json\/wp\/v2\/product\/6028","targetHints":{"allow":["GET"]}}],"collection":[{"href":"https:\/\/uus.addinol.ee\/lt\/wp-json\/wp\/v2\/product"}],"about":[{"href":"https:\/\/uus.addinol.ee\/lt\/wp-json\/wp\/v2\/types\/product"}],"wp:featuredmedia":[{"embeddable":true,"href":"https:\/\/uus.addinol.ee\/lt\/wp-json\/wp\/v2\/media\/7232"}],"wp:attachment":[{"href":"https:\/\/uus.addinol.ee\/lt\/wp-json\/wp\/v2\/media?parent=6028"}],"wp:term":[{"taxonomy":"viscosity","embeddable":true,"href":"https:\/\/uus.addinol.ee\/lt\/wp-json\/wp\/v2\/viscosity?post=6028"},{"taxonomy":"product_brand","embeddable":true,"href":"https:\/\/uus.addinol.ee\/lt\/wp-json\/wp\/v2\/product_brand?post=6028"},{"taxonomy":"product_cat","embeddable":true,"href":"https:\/\/uus.addinol.ee\/lt\/wp-json\/wp\/v2\/product_cat?post=6028"},{"taxonomy":"product_tag","embeddable":true,"href":"https:\/\/uus.addinol.ee\/lt\/wp-json\/wp\/v2\/product_tag?post=6028"},{"taxonomy":"inventory","embeddable":true,"href":"https:\/\/uus.addinol.ee\/lt\/wp-json\/wp\/v2\/inventory?post=6028"}],"curies":[{"name":"wp","href":"https:\/\/api.w.org\/{rel}","templated":true}]}}