{"id":6035,"date":"2024-12-31T12:24:19","date_gmt":"2024-12-31T12:24:19","guid":{"rendered":"https:\/\/addinol.ee\/toode\/automaatkaigukastioli-atf-xn-6\/"},"modified":"2025-07-04T11:39:51","modified_gmt":"2025-07-04T08:39:51","slug":"automaatkaigukastioli-atf-xn-6","status":"publish","type":"product","link":"https:\/\/uus.addinol.ee\/lt\/toode\/automaatkaigukastioli-atf-xn-6\/","title":{"rendered":"Automaatk\u00e4igukasti\u00f5li ATF XN 6"},"content":{"rendered":"<p><strong>Automaatk\u00e4igukasti\u00f5li ATF XN 6 KASUTUSV\u00d5IMALUSED:<\/strong><br \/>\n\u2022 Sobib erinevate tootjate s\u00f5iduautode ja kergeveokite uue p\u00f5lvkonna 6- kuni 8-k\u00e4igulistele automaatk\u00e4igukastidele.<br \/>\n\u2022 V\u00e4iksem viskoossus v\u00f5imaldab olenevalt s\u00f5iduki t\u00fc\u00fcbist, seisundist ja s\u00f5idustiilist kokku hoida k\u00fctust.<\/p>\n<p><strong>Automaatk\u00e4igukasti\u00f5li ATF XN 6 SPETSIFIKATSIOONID:<\/strong><br \/>\nAutomaatk\u00e4igukasti\u00f5li ADDINOL ATF XN 6 t\u00e4idab ja \u00fcletab OEM-ide j\u00f5udlusn\u00f5udeid:<br \/>\n\u2022 Dexron VI, Mercon LV, JASO 1A-LV<br \/>\n\u2022 Aisin AW-1, F21, TF6, TF-80SC, TF-81SC<br \/>\n\u2022 Audi \/ VW G 055 005, G 055 025,<br \/>\nG 055 162, G 052 540<br \/>\n\u2022 ATF M-1375.4, Chrysler Mopar AS68RC<br \/>\n\u2022 BMW \/ Mini 83 22 0 142 516 \/ 0 144 137<br \/>\n83 22 0 397 114 \/ 2 167 720<br \/>\n83 22 7 542 290 \/ 0 402 413<br \/>\n83 22 2 305 396, ATF2<br \/>\n\u2022 DSIH 6p (Geely, SsangYong, Mahindra)<br \/>\n\u2022 Ford Mercon LV, SP XT-6, XT-8, XT-10<br \/>\nM2C-924-A, M2C-938-A<br \/>\n\u2022 Honda DW-1<br \/>\n\u2022 Hyundai \/ Kia \/ Mitsubishi SP-IV, SP-IV-RR<br \/>\n\u2022 Jaguar 8432<br \/>\n\u2022 Land Rover LR002748 (TYK 500050)<br \/>\n\u2022 Mazda ATF FZ, JWS 3309, 3324<br \/>\n\u2022 Mercedes Benz 236.12 \/.14 \/.41<br \/>\n\u2022 Mitsubishi Diaqueen J3, PA<br \/>\n\u2022 Nissan Matic K, S, W<br \/>\n\u2022 Opel\/GM 1940 184 \/ 771 \/ 774, 93165414<br \/>\n\u2022 Renault SU0, SU1<br \/>\n\u2022 Saab 93 165 147<br \/>\n\u2022 Toyota T-IV, WS<br \/>\n\u2022 Volvo 1161540, 6-speed<br \/>\n\u2022 ZF 6HP, S671 090 255<br \/>\n\u2022 Tesla Model S, Model 3<\/p>\n<p><strong>Automaatk\u00e4igukasti\u00f5li ATF XN 6 OMADUSED:<\/strong><br \/>\n\u2022 V\u00e4ga hea s\u00f6\u00f6bekindlus<br \/>\n\u2022 Parendatud h\u00f5\u00f5rdumine<br \/>\n\u2022 V\u00e4ga hea oks\u00fcdatsioonikindlus<br \/>\n\u2022 Suurep\u00e4rane voolavus madalatel temperatuuridel<br \/>\n\u2022 Korrosioonivastased omadused<\/p>\n<p><strong>Automaatk\u00e4igukasti\u00f5li ATF XN 6 EELISED TARBIJALE:<\/strong><br \/>\n\u2022 Kaitseb koormatud \u00fclekandeosi<br \/>\n\u2022 Optimeeritud s\u00f5idumugavus t\u00e4nu pehmele k\u00e4iguvahetusele<br \/>\n\u2022 \u00d5li pikem t\u00f6\u00f6iga isegi rasketes ekspluatatsioonitingimustes<br \/>\n\u2022 K\u00f5ikide m\u00e4\u00e4rimiskohtade kiire m\u00e4\u00e4rimine ka v\u00e4ga madalatel temperatuuridel<br \/>\n\u2022 P\u00fcsiv korrosioonikaitse<\/p>\n","protected":false},"excerpt":{"rendered":"<p>Automaatk\u00e4igukasti\u00f5li ADDINOL ATF XN 6 on k\u00f5rge j\u00f5udlusega s\u00fcnteetiline vedelik \u00fclekandeosade paremaks kaitseks ja sujuvamaks k\u00e4iguvahetuseks. Automaatk\u00e4igukasti\u00f5li ATF XN 6 \u00fchendab endas Dexron VI ja Mercon LV n\u00f5uded, sobides arvukate s\u00f5idukite 6- kuni 8-k\u00e4igulistele automaatk\u00e4igukastidele. ADDINOL ATF XN 6 vastab ka vanematele Dexroni spetsifikatsioonidele D III H, D III G, D III v\u00f5i D II D.<\/p>\n","protected":false},"featured_media":6562,"template":"","meta":{"_acf_changed":false},"viscosity":[],"product_brand":[],"product_cat":[153,150],"product_tag":[],"inventory":[],"class_list":{"0":"post-6035","1":"product","2":"type-product","3":"status-publish","4":"has-post-thumbnail","6":"product_cat-automaatkaigukastiolid","7":"product_cat-mootorsoidukite-maardeained","8":"pa_vali-pakend-atf-xn-6-20l","9":"pa_vali-pakend-atf-xn-6-4l","11":"first","12":"instock","13":"taxable","14":"shipping-taxable","15":"purchasable","16":"product-type-variable"},"acf":[],"yoast_head":"<!-- This site is optimized with the Yoast SEO plugin v27.5 - https:\/\/yoast.com\/product\/yoast-seo-wordpress\/ -->\n<title>Automaatk\u00e4igukasti\u00f5li ATF XN 6 - ADDINOL<\/title>\n<meta name=\"robots\" content=\"index, follow, max-snippet:-1, max-image-preview:large, max-video-preview:-1\" \/>\n<link rel=\"canonical\" href=\"https:\/\/uus.addinol.ee\/lt\/toode\/automaatkaigukastioli-atf-xn-6\/\" \/>\n<meta property=\"og:locale\" content=\"lt_LT\" \/>\n<meta property=\"og:type\" content=\"article\" \/>\n<meta property=\"og:title\" content=\"Automaatk\u00e4igukasti\u00f5li ATF XN 6 - ADDINOL\" \/>\n<meta property=\"og:description\" content=\"Automaatk\u00e4igukasti\u00f5li ADDINOL ATF XN 6 on k\u00f5rge j\u00f5udlusega s\u00fcnteetiline vedelik \u00fclekandeosade paremaks kaitseks ja sujuvamaks k\u00e4iguvahetuseks. Automaatk\u00e4igukasti\u00f5li ATF XN 6 \u00fchendab endas Dexron VI ja Mercon LV n\u00f5uded, sobides arvukate s\u00f5idukite 6- kuni 8-k\u00e4igulistele automaatk\u00e4igukastidele. ADDINOL ATF XN 6 vastab ka vanematele Dexroni spetsifikatsioonidele D III H, D III G, D III v\u00f5i D II D.\" \/>\n<meta property=\"og:url\" content=\"https:\/\/uus.addinol.ee\/lt\/toode\/automaatkaigukastioli-atf-xn-6\/\" \/>\n<meta property=\"og:site_name\" content=\"ADDINOL\" \/>\n<meta property=\"article:publisher\" content=\"https:\/\/www.facebook.com\/ADDINOLEesti\/\" \/>\n<meta property=\"article:modified_time\" content=\"2025-07-04T08:39:51+00:00\" \/>\n<meta property=\"og:image\" content=\"https:\/\/uus.addinol.ee\/wp-content\/uploads\/2024\/12\/atf-xn-6-4l.jpg\" \/>\n\t<meta property=\"og:image:width\" content=\"605\" \/>\n\t<meta property=\"og:image:height\" content=\"800\" \/>\n\t<meta property=\"og:image:type\" content=\"image\/jpeg\" \/>\n<meta name=\"twitter:card\" content=\"summary_large_image\" \/>\n<meta name=\"twitter:label1\" content=\"Est. reading time\" \/>\n\t<meta name=\"twitter:data1\" content=\"2 minutes\" \/>\n<script type=\"application\/ld+json\" class=\"yoast-schema-graph\">{\"@context\":\"https:\\\/\\\/schema.org\",\"@graph\":[{\"@type\":\"WebPage\",\"@id\":\"https:\\\/\\\/uus.addinol.ee\\\/lt\\\/toode\\\/automaatkaigukastioli-atf-xn-6\\\/\",\"url\":\"https:\\\/\\\/uus.addinol.ee\\\/lt\\\/toode\\\/automaatkaigukastioli-atf-xn-6\\\/\",\"name\":\"Automaatk\u00e4igukasti\u00f5li ATF XN 6 - ADDINOL\",\"isPartOf\":{\"@id\":\"https:\\\/\\\/uus.addinol.ee\\\/lt\\\/#website\"},\"primaryImageOfPage\":{\"@id\":\"https:\\\/\\\/uus.addinol.ee\\\/lt\\\/toode\\\/automaatkaigukastioli-atf-xn-6\\\/#primaryimage\"},\"image\":{\"@id\":\"https:\\\/\\\/uus.addinol.ee\\\/lt\\\/toode\\\/automaatkaigukastioli-atf-xn-6\\\/#primaryimage\"},\"thumbnailUrl\":\"https:\\\/\\\/uus.addinol.ee\\\/wp-content\\\/uploads\\\/2024\\\/12\\\/atf-xn-6-4l.jpg\",\"datePublished\":\"2024-12-31T12:24:19+00:00\",\"dateModified\":\"2025-07-04T08:39:51+00:00\",\"breadcrumb\":{\"@id\":\"https:\\\/\\\/uus.addinol.ee\\\/lt\\\/toode\\\/automaatkaigukastioli-atf-xn-6\\\/#breadcrumb\"},\"inLanguage\":\"lt-LT\",\"potentialAction\":[{\"@type\":\"ReadAction\",\"target\":[\"https:\\\/\\\/uus.addinol.ee\\\/lt\\\/toode\\\/automaatkaigukastioli-atf-xn-6\\\/\"]}]},{\"@type\":\"ImageObject\",\"inLanguage\":\"lt-LT\",\"@id\":\"https:\\\/\\\/uus.addinol.ee\\\/lt\\\/toode\\\/automaatkaigukastioli-atf-xn-6\\\/#primaryimage\",\"url\":\"https:\\\/\\\/uus.addinol.ee\\\/wp-content\\\/uploads\\\/2024\\\/12\\\/atf-xn-6-4l.jpg\",\"contentUrl\":\"https:\\\/\\\/uus.addinol.ee\\\/wp-content\\\/uploads\\\/2024\\\/12\\\/atf-xn-6-4l.jpg\",\"width\":605,\"height\":800},{\"@type\":\"BreadcrumbList\",\"@id\":\"https:\\\/\\\/uus.addinol.ee\\\/lt\\\/toode\\\/automaatkaigukastioli-atf-xn-6\\\/#breadcrumb\",\"itemListElement\":[{\"@type\":\"ListItem\",\"position\":1,\"name\":\"ADDINOL\",\"item\":\"https:\\\/\\\/uus.addinol.ee\\\/lt\\\/\"},{\"@type\":\"ListItem\",\"position\":2,\"name\":\"E-pood\",\"item\":\"https:\\\/\\\/uus.addinol.ee\\\/e-pood\\\/\"},{\"@type\":\"ListItem\",\"position\":3,\"name\":\"Automaatk\u00e4igukasti\u00f5li ATF XN 6\"}]},{\"@type\":\"WebSite\",\"@id\":\"https:\\\/\\\/uus.addinol.ee\\\/lt\\\/#website\",\"url\":\"https:\\\/\\\/uus.addinol.ee\\\/lt\\\/\",\"name\":\"ADDINOL\",\"description\":\"Mootori&otilde;lid ja m&auml;&auml;&auml;rdeained igaks kasutusjuhuks\",\"publisher\":{\"@id\":\"https:\\\/\\\/uus.addinol.ee\\\/lt\\\/#organization\"},\"potentialAction\":[{\"@type\":\"SearchAction\",\"target\":{\"@type\":\"EntryPoint\",\"urlTemplate\":\"https:\\\/\\\/uus.addinol.ee\\\/lt\\\/?s={search_term_string}\"},\"query-input\":{\"@type\":\"PropertyValueSpecification\",\"valueRequired\":true,\"valueName\":\"search_term_string\"}}],\"inLanguage\":\"lt-LT\"},{\"@type\":\"Organization\",\"@id\":\"https:\\\/\\\/uus.addinol.ee\\\/lt\\\/#organization\",\"name\":\"ADDINOL\",\"url\":\"https:\\\/\\\/uus.addinol.ee\\\/lt\\\/\",\"logo\":{\"@type\":\"ImageObject\",\"inLanguage\":\"lt-LT\",\"@id\":\"https:\\\/\\\/uus.addinol.ee\\\/lt\\\/#\\\/schema\\\/logo\\\/image\\\/\",\"url\":\"https:\\\/\\\/uus.addinol.ee\\\/wp-content\\\/uploads\\\/2024\\\/10\\\/1200px-ADDINOL-Logo.webp\",\"contentUrl\":\"https:\\\/\\\/uus.addinol.ee\\\/wp-content\\\/uploads\\\/2024\\\/10\\\/1200px-ADDINOL-Logo.webp\",\"width\":1200,\"height\":431,\"caption\":\"ADDINOL\"},\"image\":{\"@id\":\"https:\\\/\\\/uus.addinol.ee\\\/lt\\\/#\\\/schema\\\/logo\\\/image\\\/\"},\"sameAs\":[\"https:\\\/\\\/www.facebook.com\\\/ADDINOLEesti\\\/\",\"https:\\\/\\\/www.instagram.com\\\/addinol_eesti\\\/\"]}]}<\/script>\n<!-- \/ Yoast SEO plugin. -->","yoast_head_json":{"title":"Automaatk\u00e4igukasti\u00f5li ATF XN 6 - ADDINOL","robots":{"index":"index","follow":"follow","max-snippet":"max-snippet:-1","max-image-preview":"max-image-preview:large","max-video-preview":"max-video-preview:-1"},"canonical":"https:\/\/uus.addinol.ee\/lt\/toode\/automaatkaigukastioli-atf-xn-6\/","og_locale":"lt_LT","og_type":"article","og_title":"Automaatk\u00e4igukasti\u00f5li ATF XN 6 - ADDINOL","og_description":"Automaatk\u00e4igukasti\u00f5li ADDINOL ATF XN 6 on k\u00f5rge j\u00f5udlusega s\u00fcnteetiline vedelik \u00fclekandeosade paremaks kaitseks ja sujuvamaks k\u00e4iguvahetuseks. Automaatk\u00e4igukasti\u00f5li ATF XN 6 \u00fchendab endas Dexron VI ja Mercon LV n\u00f5uded, sobides arvukate s\u00f5idukite 6- kuni 8-k\u00e4igulistele automaatk\u00e4igukastidele. ADDINOL ATF XN 6 vastab ka vanematele Dexroni spetsifikatsioonidele D III H, D III G, D III v\u00f5i D II D.","og_url":"https:\/\/uus.addinol.ee\/lt\/toode\/automaatkaigukastioli-atf-xn-6\/","og_site_name":"ADDINOL","article_publisher":"https:\/\/www.facebook.com\/ADDINOLEesti\/","article_modified_time":"2025-07-04T08:39:51+00:00","og_image":[{"width":605,"height":800,"url":"https:\/\/uus.addinol.ee\/wp-content\/uploads\/2024\/12\/atf-xn-6-4l.jpg","type":"image\/jpeg"}],"twitter_card":"summary_large_image","twitter_misc":{"Est. reading time":"2 minutes"},"schema":{"@context":"https:\/\/schema.org","@graph":[{"@type":"WebPage","@id":"https:\/\/uus.addinol.ee\/lt\/toode\/automaatkaigukastioli-atf-xn-6\/","url":"https:\/\/uus.addinol.ee\/lt\/toode\/automaatkaigukastioli-atf-xn-6\/","name":"Automaatk\u00e4igukasti\u00f5li ATF XN 6 - ADDINOL","isPartOf":{"@id":"https:\/\/uus.addinol.ee\/lt\/#website"},"primaryImageOfPage":{"@id":"https:\/\/uus.addinol.ee\/lt\/toode\/automaatkaigukastioli-atf-xn-6\/#primaryimage"},"image":{"@id":"https:\/\/uus.addinol.ee\/lt\/toode\/automaatkaigukastioli-atf-xn-6\/#primaryimage"},"thumbnailUrl":"https:\/\/uus.addinol.ee\/wp-content\/uploads\/2024\/12\/atf-xn-6-4l.jpg","datePublished":"2024-12-31T12:24:19+00:00","dateModified":"2025-07-04T08:39:51+00:00","breadcrumb":{"@id":"https:\/\/uus.addinol.ee\/lt\/toode\/automaatkaigukastioli-atf-xn-6\/#breadcrumb"},"inLanguage":"lt-LT","potentialAction":[{"@type":"ReadAction","target":["https:\/\/uus.addinol.ee\/lt\/toode\/automaatkaigukastioli-atf-xn-6\/"]}]},{"@type":"ImageObject","inLanguage":"lt-LT","@id":"https:\/\/uus.addinol.ee\/lt\/toode\/automaatkaigukastioli-atf-xn-6\/#primaryimage","url":"https:\/\/uus.addinol.ee\/wp-content\/uploads\/2024\/12\/atf-xn-6-4l.jpg","contentUrl":"https:\/\/uus.addinol.ee\/wp-content\/uploads\/2024\/12\/atf-xn-6-4l.jpg","width":605,"height":800},{"@type":"BreadcrumbList","@id":"https:\/\/uus.addinol.ee\/lt\/toode\/automaatkaigukastioli-atf-xn-6\/#breadcrumb","itemListElement":[{"@type":"ListItem","position":1,"name":"ADDINOL","item":"https:\/\/uus.addinol.ee\/lt\/"},{"@type":"ListItem","position":2,"name":"E-pood","item":"https:\/\/uus.addinol.ee\/e-pood\/"},{"@type":"ListItem","position":3,"name":"Automaatk\u00e4igukasti\u00f5li ATF XN 6"}]},{"@type":"WebSite","@id":"https:\/\/uus.addinol.ee\/lt\/#website","url":"https:\/\/uus.addinol.ee\/lt\/","name":"ADDINOL","description":"Mootori&otilde;lid ja m&auml;&auml;&auml;rdeained igaks kasutusjuhuks","publisher":{"@id":"https:\/\/uus.addinol.ee\/lt\/#organization"},"potentialAction":[{"@type":"SearchAction","target":{"@type":"EntryPoint","urlTemplate":"https:\/\/uus.addinol.ee\/lt\/?s={search_term_string}"},"query-input":{"@type":"PropertyValueSpecification","valueRequired":true,"valueName":"search_term_string"}}],"inLanguage":"lt-LT"},{"@type":"Organization","@id":"https:\/\/uus.addinol.ee\/lt\/#organization","name":"ADDINOL","url":"https:\/\/uus.addinol.ee\/lt\/","logo":{"@type":"ImageObject","inLanguage":"lt-LT","@id":"https:\/\/uus.addinol.ee\/lt\/#\/schema\/logo\/image\/","url":"https:\/\/uus.addinol.ee\/wp-content\/uploads\/2024\/10\/1200px-ADDINOL-Logo.webp","contentUrl":"https:\/\/uus.addinol.ee\/wp-content\/uploads\/2024\/10\/1200px-ADDINOL-Logo.webp","width":1200,"height":431,"caption":"ADDINOL"},"image":{"@id":"https:\/\/uus.addinol.ee\/lt\/#\/schema\/logo\/image\/"},"sameAs":["https:\/\/www.facebook.com\/ADDINOLEesti\/","https:\/\/www.instagram.com\/addinol_eesti\/"]}]}},"_links":{"self":[{"href":"https:\/\/uus.addinol.ee\/lt\/wp-json\/wp\/v2\/product\/6035","targetHints":{"allow":["GET"]}}],"collection":[{"href":"https:\/\/uus.addinol.ee\/lt\/wp-json\/wp\/v2\/product"}],"about":[{"href":"https:\/\/uus.addinol.ee\/lt\/wp-json\/wp\/v2\/types\/product"}],"wp:featuredmedia":[{"embeddable":true,"href":"https:\/\/uus.addinol.ee\/lt\/wp-json\/wp\/v2\/media\/6562"}],"wp:attachment":[{"href":"https:\/\/uus.addinol.ee\/lt\/wp-json\/wp\/v2\/media?parent=6035"}],"wp:term":[{"taxonomy":"viscosity","embeddable":true,"href":"https:\/\/uus.addinol.ee\/lt\/wp-json\/wp\/v2\/viscosity?post=6035"},{"taxonomy":"product_brand","embeddable":true,"href":"https:\/\/uus.addinol.ee\/lt\/wp-json\/wp\/v2\/product_brand?post=6035"},{"taxonomy":"product_cat","embeddable":true,"href":"https:\/\/uus.addinol.ee\/lt\/wp-json\/wp\/v2\/product_cat?post=6035"},{"taxonomy":"product_tag","embeddable":true,"href":"https:\/\/uus.addinol.ee\/lt\/wp-json\/wp\/v2\/product_tag?post=6035"},{"taxonomy":"inventory","embeddable":true,"href":"https:\/\/uus.addinol.ee\/lt\/wp-json\/wp\/v2\/inventory?post=6035"}],"curies":[{"name":"wp","href":"https:\/\/api.w.org\/{rel}","templated":true}]}}