{"id":6036,"date":"2024-12-31T12:24:19","date_gmt":"2024-12-31T12:24:19","guid":{"rendered":"https:\/\/addinol.ee\/toode\/pidurivedelik-brake-fluid-dot-4\/"},"modified":"2025-10-14T11:35:11","modified_gmt":"2025-10-14T08:35:11","slug":"pidurivedelik-brake-fluid-dot-4","status":"publish","type":"product","link":"https:\/\/uus.addinol.ee\/lt\/toode\/pidurivedelik-brake-fluid-dot-4\/","title":{"rendered":"Pidurivedelik Brake Fluid DOT 4"},"content":{"rendered":"<p><strong>Pidurivedeliku Brake Fluid DOT 4 KASUTUSV\u00d5IMALUSED:<\/strong><br \/>\n\u2022 Sobib suurep\u00e4raselt kasutamiseks trummel- ja\/v\u00f5i ketaspiduritega h\u00fcdraulilistes piduri- ja siduris\u00fcsteemides.<br \/>\n\u2022 Kasutamiseks k\u00f5ikides mootors\u00f5idukites, milles on n\u00f5utud t\u00e4iss\u00fcnteetiliste DOT 4 pidurivedelike kasutamine.<\/p>\n<p><strong>Pidurivedeliku Brake Fluid DOT 4 SEGATAVUS:<\/strong><br \/>\nMITTE SEGADA mineraal\u00f5lip\u00f5histe pidurivedelikega!<br \/>\nToodet v\u00f5ib segada sama kvaliteediga s\u00fcnteetiliste pidurivedelikega.<\/p>\n<p><strong>Pidurivedeliku Brake Fluid DOT 4 SPETSIFIKATSIOON:<\/strong><br \/>\nT\u00e4idab spetsifikatsioone:<br \/>\n\u2022 FMVSS 116 DOT 3 ja DOT 4<br \/>\n\u2022 SAE J 1703<br \/>\n\u2022 SAE J 1704<br \/>\n\u2022 ISO 4925 Class 4<\/p>\n<p><strong>Pidurivedeliku Brake Fluid DOT 4 OMADUSED:<\/strong><br \/>\n\u2022 K\u00f5rge keemiline ja termiline stabiilsus<br \/>\n\u2022 Suurep\u00e4rane korrosioonikaitse<br \/>\n\u2022 K\u00f5rge kuiv ja m\u00e4rg keemispunkt<br \/>\n\u2022 Aurustumiskadudeta<br \/>\n\u2022 Hea kokkusobivus tihendimaterjalidega<\/p>\n<p><strong>Pidurivedeliku Brake Fluid DOT 4 EELISED TARBIJALE:<\/strong><br \/>\n\u2022 Stabiilne toime kogu kasutusv\u00e4lba v\u00e4ltel<br \/>\n\u2022 Hea kokkusobivus piduris\u00fcsteemi k\u00f5ikide materjalidega<br \/>\n\u2022 Kaitseb t\u00f5husalt aurumullide moodustumise eest<br \/>\n\u2022 Ei vaja juurdelisamist<br \/>\n\u2022 Kaitseb s\u00fcsteemi lekete eest<\/p>\n","protected":false},"excerpt":{"rendered":"<p>Pidurivedelik ADDINOL Brake Fluid on t\u00e4iss\u00fcnteetiline DOT 4 t\u00fc\u00fcpi toode, mis on valmistatud gl\u00fckooleetri baasil. Pidurivedeliku t\u00f5hus manusekomplekt tagab suurep\u00e4rase kaitse korrosiooni ja vananemise eest, keemilise stabiilsuse ja erakordselt head m\u00e4\u00e4rimisomadused.<\/p>\n","protected":false},"featured_media":6037,"template":"","meta":{"_acf_changed":false},"viscosity":[],"product_brand":[],"product_cat":[150,160],"product_tag":[],"inventory":[],"class_list":{"0":"post-6036","1":"product","2":"type-product","3":"status-publish","4":"has-post-thumbnail","6":"product_cat-mootorsoidukite-maardeained","7":"product_cat-toovedelikud","8":"pa_vali-pakend-500-ml","10":"first","11":"instock","12":"taxable","13":"shipping-taxable","14":"purchasable","15":"product-type-simple"},"acf":[],"yoast_head":"<!-- This site is optimized with the Yoast SEO plugin v27.5 - https:\/\/yoast.com\/product\/yoast-seo-wordpress\/ -->\n<title>Pidurivedelik Brake Fluid DOT 4 - ADDINOL<\/title>\n<meta name=\"robots\" content=\"index, follow, max-snippet:-1, max-image-preview:large, max-video-preview:-1\" \/>\n<link rel=\"canonical\" href=\"https:\/\/uus.addinol.ee\/lt\/toode\/pidurivedelik-brake-fluid-dot-4\/\" \/>\n<meta property=\"og:locale\" content=\"lt_LT\" \/>\n<meta property=\"og:type\" content=\"article\" \/>\n<meta property=\"og:title\" content=\"Pidurivedelik Brake Fluid DOT 4 - ADDINOL\" \/>\n<meta property=\"og:description\" content=\"Pidurivedelik ADDINOL Brake Fluid on t\u00e4iss\u00fcnteetiline DOT 4 t\u00fc\u00fcpi toode, mis on valmistatud gl\u00fckooleetri baasil. Pidurivedeliku t\u00f5hus manusekomplekt tagab suurep\u00e4rase kaitse korrosiooni ja vananemise eest, keemilise stabiilsuse ja erakordselt head m\u00e4\u00e4rimisomadused.\" \/>\n<meta property=\"og:url\" content=\"https:\/\/uus.addinol.ee\/lt\/toode\/pidurivedelik-brake-fluid-dot-4\/\" \/>\n<meta property=\"og:site_name\" content=\"ADDINOL\" \/>\n<meta property=\"article:publisher\" content=\"https:\/\/www.facebook.com\/ADDINOLEesti\/\" \/>\n<meta property=\"article:modified_time\" content=\"2025-10-14T08:35:11+00:00\" \/>\n<meta property=\"og:image\" content=\"https:\/\/uus.addinol.ee\/wp-content\/uploads\/2024\/12\/brake-fluid-scaled-4.jpeg\" \/>\n\t<meta property=\"og:image:width\" content=\"1048\" \/>\n\t<meta property=\"og:image:height\" content=\"1920\" \/>\n\t<meta property=\"og:image:type\" content=\"image\/jpeg\" \/>\n<meta name=\"twitter:card\" content=\"summary_large_image\" \/>\n<meta name=\"twitter:label1\" content=\"Est. reading time\" \/>\n\t<meta name=\"twitter:data1\" content=\"1 minute\" \/>\n<script type=\"application\/ld+json\" class=\"yoast-schema-graph\">{\"@context\":\"https:\\\/\\\/schema.org\",\"@graph\":[{\"@type\":\"WebPage\",\"@id\":\"https:\\\/\\\/uus.addinol.ee\\\/lt\\\/toode\\\/pidurivedelik-brake-fluid-dot-4\\\/\",\"url\":\"https:\\\/\\\/uus.addinol.ee\\\/lt\\\/toode\\\/pidurivedelik-brake-fluid-dot-4\\\/\",\"name\":\"Pidurivedelik Brake Fluid DOT 4 - ADDINOL\",\"isPartOf\":{\"@id\":\"https:\\\/\\\/uus.addinol.ee\\\/lt\\\/#website\"},\"primaryImageOfPage\":{\"@id\":\"https:\\\/\\\/uus.addinol.ee\\\/lt\\\/toode\\\/pidurivedelik-brake-fluid-dot-4\\\/#primaryimage\"},\"image\":{\"@id\":\"https:\\\/\\\/uus.addinol.ee\\\/lt\\\/toode\\\/pidurivedelik-brake-fluid-dot-4\\\/#primaryimage\"},\"thumbnailUrl\":\"https:\\\/\\\/uus.addinol.ee\\\/wp-content\\\/uploads\\\/2024\\\/12\\\/brake-fluid-scaled-4.jpeg\",\"datePublished\":\"2024-12-31T12:24:19+00:00\",\"dateModified\":\"2025-10-14T08:35:11+00:00\",\"breadcrumb\":{\"@id\":\"https:\\\/\\\/uus.addinol.ee\\\/lt\\\/toode\\\/pidurivedelik-brake-fluid-dot-4\\\/#breadcrumb\"},\"inLanguage\":\"lt-LT\",\"potentialAction\":[{\"@type\":\"ReadAction\",\"target\":[\"https:\\\/\\\/uus.addinol.ee\\\/lt\\\/toode\\\/pidurivedelik-brake-fluid-dot-4\\\/\"]}]},{\"@type\":\"ImageObject\",\"inLanguage\":\"lt-LT\",\"@id\":\"https:\\\/\\\/uus.addinol.ee\\\/lt\\\/toode\\\/pidurivedelik-brake-fluid-dot-4\\\/#primaryimage\",\"url\":\"https:\\\/\\\/uus.addinol.ee\\\/wp-content\\\/uploads\\\/2024\\\/12\\\/brake-fluid-scaled-4.jpeg\",\"contentUrl\":\"https:\\\/\\\/uus.addinol.ee\\\/wp-content\\\/uploads\\\/2024\\\/12\\\/brake-fluid-scaled-4.jpeg\",\"width\":1048,\"height\":1920},{\"@type\":\"BreadcrumbList\",\"@id\":\"https:\\\/\\\/uus.addinol.ee\\\/lt\\\/toode\\\/pidurivedelik-brake-fluid-dot-4\\\/#breadcrumb\",\"itemListElement\":[{\"@type\":\"ListItem\",\"position\":1,\"name\":\"ADDINOL\",\"item\":\"https:\\\/\\\/uus.addinol.ee\\\/lt\\\/\"},{\"@type\":\"ListItem\",\"position\":2,\"name\":\"E-pood\",\"item\":\"https:\\\/\\\/uus.addinol.ee\\\/e-pood\\\/\"},{\"@type\":\"ListItem\",\"position\":3,\"name\":\"Pidurivedelik Brake Fluid DOT 4\"}]},{\"@type\":\"WebSite\",\"@id\":\"https:\\\/\\\/uus.addinol.ee\\\/lt\\\/#website\",\"url\":\"https:\\\/\\\/uus.addinol.ee\\\/lt\\\/\",\"name\":\"ADDINOL\",\"description\":\"Mootori&otilde;lid ja m&auml;&auml;&auml;rdeained igaks kasutusjuhuks\",\"publisher\":{\"@id\":\"https:\\\/\\\/uus.addinol.ee\\\/lt\\\/#organization\"},\"potentialAction\":[{\"@type\":\"SearchAction\",\"target\":{\"@type\":\"EntryPoint\",\"urlTemplate\":\"https:\\\/\\\/uus.addinol.ee\\\/lt\\\/?s={search_term_string}\"},\"query-input\":{\"@type\":\"PropertyValueSpecification\",\"valueRequired\":true,\"valueName\":\"search_term_string\"}}],\"inLanguage\":\"lt-LT\"},{\"@type\":\"Organization\",\"@id\":\"https:\\\/\\\/uus.addinol.ee\\\/lt\\\/#organization\",\"name\":\"ADDINOL\",\"url\":\"https:\\\/\\\/uus.addinol.ee\\\/lt\\\/\",\"logo\":{\"@type\":\"ImageObject\",\"inLanguage\":\"lt-LT\",\"@id\":\"https:\\\/\\\/uus.addinol.ee\\\/lt\\\/#\\\/schema\\\/logo\\\/image\\\/\",\"url\":\"https:\\\/\\\/uus.addinol.ee\\\/wp-content\\\/uploads\\\/2024\\\/10\\\/1200px-ADDINOL-Logo.webp\",\"contentUrl\":\"https:\\\/\\\/uus.addinol.ee\\\/wp-content\\\/uploads\\\/2024\\\/10\\\/1200px-ADDINOL-Logo.webp\",\"width\":1200,\"height\":431,\"caption\":\"ADDINOL\"},\"image\":{\"@id\":\"https:\\\/\\\/uus.addinol.ee\\\/lt\\\/#\\\/schema\\\/logo\\\/image\\\/\"},\"sameAs\":[\"https:\\\/\\\/www.facebook.com\\\/ADDINOLEesti\\\/\",\"https:\\\/\\\/www.instagram.com\\\/addinol_eesti\\\/\"]}]}<\/script>\n<!-- \/ Yoast SEO plugin. -->","yoast_head_json":{"title":"Pidurivedelik Brake Fluid DOT 4 - ADDINOL","robots":{"index":"index","follow":"follow","max-snippet":"max-snippet:-1","max-image-preview":"max-image-preview:large","max-video-preview":"max-video-preview:-1"},"canonical":"https:\/\/uus.addinol.ee\/lt\/toode\/pidurivedelik-brake-fluid-dot-4\/","og_locale":"lt_LT","og_type":"article","og_title":"Pidurivedelik Brake Fluid DOT 4 - ADDINOL","og_description":"Pidurivedelik ADDINOL Brake Fluid on t\u00e4iss\u00fcnteetiline DOT 4 t\u00fc\u00fcpi toode, mis on valmistatud gl\u00fckooleetri baasil. Pidurivedeliku t\u00f5hus manusekomplekt tagab suurep\u00e4rase kaitse korrosiooni ja vananemise eest, keemilise stabiilsuse ja erakordselt head m\u00e4\u00e4rimisomadused.","og_url":"https:\/\/uus.addinol.ee\/lt\/toode\/pidurivedelik-brake-fluid-dot-4\/","og_site_name":"ADDINOL","article_publisher":"https:\/\/www.facebook.com\/ADDINOLEesti\/","article_modified_time":"2025-10-14T08:35:11+00:00","og_image":[{"width":1048,"height":1920,"url":"https:\/\/uus.addinol.ee\/wp-content\/uploads\/2024\/12\/brake-fluid-scaled-4.jpeg","type":"image\/jpeg"}],"twitter_card":"summary_large_image","twitter_misc":{"Est. reading time":"1 minute"},"schema":{"@context":"https:\/\/schema.org","@graph":[{"@type":"WebPage","@id":"https:\/\/uus.addinol.ee\/lt\/toode\/pidurivedelik-brake-fluid-dot-4\/","url":"https:\/\/uus.addinol.ee\/lt\/toode\/pidurivedelik-brake-fluid-dot-4\/","name":"Pidurivedelik Brake Fluid DOT 4 - ADDINOL","isPartOf":{"@id":"https:\/\/uus.addinol.ee\/lt\/#website"},"primaryImageOfPage":{"@id":"https:\/\/uus.addinol.ee\/lt\/toode\/pidurivedelik-brake-fluid-dot-4\/#primaryimage"},"image":{"@id":"https:\/\/uus.addinol.ee\/lt\/toode\/pidurivedelik-brake-fluid-dot-4\/#primaryimage"},"thumbnailUrl":"https:\/\/uus.addinol.ee\/wp-content\/uploads\/2024\/12\/brake-fluid-scaled-4.jpeg","datePublished":"2024-12-31T12:24:19+00:00","dateModified":"2025-10-14T08:35:11+00:00","breadcrumb":{"@id":"https:\/\/uus.addinol.ee\/lt\/toode\/pidurivedelik-brake-fluid-dot-4\/#breadcrumb"},"inLanguage":"lt-LT","potentialAction":[{"@type":"ReadAction","target":["https:\/\/uus.addinol.ee\/lt\/toode\/pidurivedelik-brake-fluid-dot-4\/"]}]},{"@type":"ImageObject","inLanguage":"lt-LT","@id":"https:\/\/uus.addinol.ee\/lt\/toode\/pidurivedelik-brake-fluid-dot-4\/#primaryimage","url":"https:\/\/uus.addinol.ee\/wp-content\/uploads\/2024\/12\/brake-fluid-scaled-4.jpeg","contentUrl":"https:\/\/uus.addinol.ee\/wp-content\/uploads\/2024\/12\/brake-fluid-scaled-4.jpeg","width":1048,"height":1920},{"@type":"BreadcrumbList","@id":"https:\/\/uus.addinol.ee\/lt\/toode\/pidurivedelik-brake-fluid-dot-4\/#breadcrumb","itemListElement":[{"@type":"ListItem","position":1,"name":"ADDINOL","item":"https:\/\/uus.addinol.ee\/lt\/"},{"@type":"ListItem","position":2,"name":"E-pood","item":"https:\/\/uus.addinol.ee\/e-pood\/"},{"@type":"ListItem","position":3,"name":"Pidurivedelik Brake Fluid DOT 4"}]},{"@type":"WebSite","@id":"https:\/\/uus.addinol.ee\/lt\/#website","url":"https:\/\/uus.addinol.ee\/lt\/","name":"ADDINOL","description":"Mootori&otilde;lid ja m&auml;&auml;&auml;rdeained igaks kasutusjuhuks","publisher":{"@id":"https:\/\/uus.addinol.ee\/lt\/#organization"},"potentialAction":[{"@type":"SearchAction","target":{"@type":"EntryPoint","urlTemplate":"https:\/\/uus.addinol.ee\/lt\/?s={search_term_string}"},"query-input":{"@type":"PropertyValueSpecification","valueRequired":true,"valueName":"search_term_string"}}],"inLanguage":"lt-LT"},{"@type":"Organization","@id":"https:\/\/uus.addinol.ee\/lt\/#organization","name":"ADDINOL","url":"https:\/\/uus.addinol.ee\/lt\/","logo":{"@type":"ImageObject","inLanguage":"lt-LT","@id":"https:\/\/uus.addinol.ee\/lt\/#\/schema\/logo\/image\/","url":"https:\/\/uus.addinol.ee\/wp-content\/uploads\/2024\/10\/1200px-ADDINOL-Logo.webp","contentUrl":"https:\/\/uus.addinol.ee\/wp-content\/uploads\/2024\/10\/1200px-ADDINOL-Logo.webp","width":1200,"height":431,"caption":"ADDINOL"},"image":{"@id":"https:\/\/uus.addinol.ee\/lt\/#\/schema\/logo\/image\/"},"sameAs":["https:\/\/www.facebook.com\/ADDINOLEesti\/","https:\/\/www.instagram.com\/addinol_eesti\/"]}]}},"_links":{"self":[{"href":"https:\/\/uus.addinol.ee\/lt\/wp-json\/wp\/v2\/product\/6036","targetHints":{"allow":["GET"]}}],"collection":[{"href":"https:\/\/uus.addinol.ee\/lt\/wp-json\/wp\/v2\/product"}],"about":[{"href":"https:\/\/uus.addinol.ee\/lt\/wp-json\/wp\/v2\/types\/product"}],"wp:featuredmedia":[{"embeddable":true,"href":"https:\/\/uus.addinol.ee\/lt\/wp-json\/wp\/v2\/media\/6037"}],"wp:attachment":[{"href":"https:\/\/uus.addinol.ee\/lt\/wp-json\/wp\/v2\/media?parent=6036"}],"wp:term":[{"taxonomy":"viscosity","embeddable":true,"href":"https:\/\/uus.addinol.ee\/lt\/wp-json\/wp\/v2\/viscosity?post=6036"},{"taxonomy":"product_brand","embeddable":true,"href":"https:\/\/uus.addinol.ee\/lt\/wp-json\/wp\/v2\/product_brand?post=6036"},{"taxonomy":"product_cat","embeddable":true,"href":"https:\/\/uus.addinol.ee\/lt\/wp-json\/wp\/v2\/product_cat?post=6036"},{"taxonomy":"product_tag","embeddable":true,"href":"https:\/\/uus.addinol.ee\/lt\/wp-json\/wp\/v2\/product_tag?post=6036"},{"taxonomy":"inventory","embeddable":true,"href":"https:\/\/uus.addinol.ee\/lt\/wp-json\/wp\/v2\/inventory?post=6036"}],"curies":[{"name":"wp","href":"https:\/\/api.w.org\/{rel}","templated":true}]}}