{"id":6053,"date":"2024-12-31T12:24:28","date_gmt":"2024-12-31T12:24:28","guid":{"rendered":"https:\/\/addinol.ee\/toode\/toostustransmissioonioli-eco-gear-320-m\/"},"modified":"2025-10-14T11:35:09","modified_gmt":"2025-10-14T08:35:09","slug":"toostustransmissioonioli-eco-gear-320-m","status":"publish","type":"product","link":"https:\/\/uus.addinol.ee\/lt\/toode\/toostustransmissioonioli-eco-gear-320-m\/","title":{"rendered":"T\u00f6\u00f6stustransmissiooni\u00f5li Eco Gear 320 M"},"content":{"rendered":"<p><strong>T\u00f6\u00f6stustransmissiooni\u00f5li Eco Gear 320 M KASUTUSV\u00d5IMALUSED:<\/strong><br \/>\n\u2022 Sobib erinevat t\u00fc\u00fcpi kinniste t\u00f6\u00f6stus\u00fclekannete m\u00e4\u00e4rimiseks.<br \/>\n\u2022 T\u00f6\u00f6stustransmissiooni\u00f5li Eco Gear 320 M on kasutatav liuge- ja veerelaagrite m\u00e4\u00e4rimiseks.<br \/>\n\u2022 Eelistatult kasutamiseks h\u00f5\u00f5rdepaaride suurimatel spetsiifilistel koormustel ning d\u00fcnaamiliselt vahelduvatel koormustel laias temperatuurivahemikus.<br \/>\n\u2022 Sobib hammassidurite, juhikute, liigendite m\u00e4\u00e4rimiseks ning tsirkulatsioon\u00f5lituss\u00fcsteemidesse, olenemata nende ehitusest ja ekspluatatsioonitingimustest.<br \/>\n\u2022 Sobib eriti h\u00e4sti m\u00e4\u00e4rimiseks poolvedelik- ja piirh\u00f5\u00f5rdumise tingimustes.<\/p>\n<p><strong>T\u00f6\u00f6stustransmissiooni\u00f5li Eco Gear 320 M SPETSIFIKATSIOON \/ LITSENTSID:<\/strong><br \/>\nT\u00f6\u00f6stustransmissiooni\u00f5li Eco Gear 320 M t\u00e4idab ja \u00fcletab standardite n\u00f5udeid:<br \/>\n\u2022 DIN 51517-3<br \/>\n\u2022 ISO 12925-1<\/p>\n<p>T\u00f6\u00f6stustransmissiooni\u00f5li Eco Gear 320 M litsentsid:<br \/>\n\u2022 FLENDER<br \/>\n\u2022 ja muud<\/p>\n<p><strong>T\u00c4HELEPANU<\/strong><br \/>\nViskoossusklassi valimisel tuleb l\u00e4htuda kasutusjuhust, ekspluatatsioonitingimustest ning konkreetse kasutusjuhu korral masinatootja ettekirjutustest.<\/p>\n<p><strong>T\u00f6\u00f6stustransmissiooni\u00f5li Eco Gear 320 M OMADUSED:<\/strong><br \/>\n\u2022 ADDINOL Surftec\u00ae manusepakett<br \/>\n\u2022 Suurep\u00e4rane kulumiskaitse<br \/>\n\u2022 Terase ja v\u00e4rviliste metallide kindel korrosioonikaitse<br \/>\n\u2022 Tagab v\u00e4iksema h\u00f5\u00f5rdeteguri ja v\u00f5imsuskao ning madalama temperatuuri \u00f5livannis<br \/>\n\u2022 Ei sisalda tahkeid aineid ega silikooni<\/p>\n<p><strong>T\u00f6\u00f6stustransmissiooni\u00f5li Eco Gear 320 M EELISED TARBIJALE:<\/strong><br \/>\n\u2022 Takistab mikropitingu ja kontaktv\u00e4simuse teket, muudab kahjustunud h\u00f5\u00f5rdepinnad taas siledaks<br \/>\n\u2022 S\u00f6\u00f6bekindel ka v\u00e4ikestel ringkiirustel ja poolvedelikh\u00f5\u00f5rdumisel<br \/>\n\u2022 Masinaosade ja t\u00f6\u00f6stusseadmete t\u00f6\u00f6ea oluline pikenemine<br \/>\n\u2022 K\u00f5ikide reduktoriosade v\u00e4iksem termiline koormus<br \/>\n\u2022 Pikemad \u00f5livahetusv\u00e4lbad t\u00e4nu v\u00e4iksemale koormusele<br \/>\n\u2022 Veere- ja liugelaagrite ning filtrite ja tsentrifuugide kasutamise osas piirangud puuduvad<\/p>\n","protected":false},"excerpt":{"rendered":"<p>T\u00f6\u00f6stustransmissiooni\u00f5li ADDINOL Eco Gear 320 M on k\u00f5rge j\u00f5udlusega ning on toodetud hoolikalt valitud mineraalsete koostisainete ja spetsiaalselt v\u00e4ljat\u00f6\u00f6tatud manusekomplekti (Surftec\u00ae tehnoloogia) baasil.<\/p>\n","protected":false},"featured_media":10799,"template":"","meta":{"_acf_changed":false},"viscosity":[],"product_brand":[],"product_cat":[151,204],"product_tag":[],"inventory":[],"class_list":{"0":"post-6053","1":"product","2":"type-product","3":"status-publish","4":"has-post-thumbnail","6":"product_cat-toostusmaardeained","7":"product_cat-transmissiooniolid","8":"pa_vali-pakend-20l","10":"first","11":"instock","12":"taxable","13":"shipping-taxable","14":"purchasable","15":"product-type-simple"},"acf":[],"yoast_head":"<!-- This site is optimized with the Yoast SEO plugin v27.5 - https:\/\/yoast.com\/product\/yoast-seo-wordpress\/ -->\n<title>T\u00f6\u00f6stustransmissiooni\u00f5li Eco Gear 320 M - ADDINOL<\/title>\n<meta name=\"robots\" content=\"index, follow, max-snippet:-1, max-image-preview:large, max-video-preview:-1\" \/>\n<link rel=\"canonical\" href=\"https:\/\/uus.addinol.ee\/lt\/toode\/toostustransmissioonioli-eco-gear-320-m\/\" \/>\n<meta property=\"og:locale\" content=\"lt_LT\" \/>\n<meta property=\"og:type\" content=\"article\" \/>\n<meta property=\"og:title\" content=\"T\u00f6\u00f6stustransmissiooni\u00f5li Eco Gear 320 M - ADDINOL\" \/>\n<meta property=\"og:description\" content=\"T\u00f6\u00f6stustransmissiooni\u00f5li ADDINOL Eco Gear 320 M on k\u00f5rge j\u00f5udlusega ning on toodetud hoolikalt valitud mineraalsete koostisainete ja spetsiaalselt v\u00e4ljat\u00f6\u00f6tatud manusekomplekti (Surftec\u00ae tehnoloogia) baasil.\" \/>\n<meta property=\"og:url\" content=\"https:\/\/uus.addinol.ee\/lt\/toode\/toostustransmissioonioli-eco-gear-320-m\/\" \/>\n<meta property=\"og:site_name\" content=\"ADDINOL\" \/>\n<meta property=\"article:publisher\" content=\"https:\/\/www.facebook.com\/ADDINOLEesti\/\" \/>\n<meta property=\"article:modified_time\" content=\"2025-10-14T08:35:09+00:00\" \/>\n<meta property=\"og:image\" content=\"https:\/\/uus.addinol.ee\/wp-content\/uploads\/2024\/12\/741072630000_eco-gear-320-m_20l-can_mh.jpg\" \/>\n\t<meta property=\"og:image:width\" content=\"1450\" \/>\n\t<meta property=\"og:image:height\" content=\"1170\" \/>\n\t<meta property=\"og:image:type\" content=\"image\/jpeg\" \/>\n<meta name=\"twitter:card\" content=\"summary_large_image\" \/>\n<meta name=\"twitter:label1\" content=\"Est. reading time\" \/>\n\t<meta name=\"twitter:data1\" content=\"2 minutes\" \/>\n<script type=\"application\/ld+json\" class=\"yoast-schema-graph\">{\"@context\":\"https:\\\/\\\/schema.org\",\"@graph\":[{\"@type\":\"WebPage\",\"@id\":\"https:\\\/\\\/uus.addinol.ee\\\/lt\\\/toode\\\/toostustransmissioonioli-eco-gear-320-m\\\/\",\"url\":\"https:\\\/\\\/uus.addinol.ee\\\/lt\\\/toode\\\/toostustransmissioonioli-eco-gear-320-m\\\/\",\"name\":\"T\u00f6\u00f6stustransmissiooni\u00f5li Eco Gear 320 M - ADDINOL\",\"isPartOf\":{\"@id\":\"https:\\\/\\\/uus.addinol.ee\\\/lt\\\/#website\"},\"primaryImageOfPage\":{\"@id\":\"https:\\\/\\\/uus.addinol.ee\\\/lt\\\/toode\\\/toostustransmissioonioli-eco-gear-320-m\\\/#primaryimage\"},\"image\":{\"@id\":\"https:\\\/\\\/uus.addinol.ee\\\/lt\\\/toode\\\/toostustransmissioonioli-eco-gear-320-m\\\/#primaryimage\"},\"thumbnailUrl\":\"https:\\\/\\\/uus.addinol.ee\\\/wp-content\\\/uploads\\\/2024\\\/12\\\/741072630000_eco-gear-320-m_20l-can_mh.jpg\",\"datePublished\":\"2024-12-31T12:24:28+00:00\",\"dateModified\":\"2025-10-14T08:35:09+00:00\",\"breadcrumb\":{\"@id\":\"https:\\\/\\\/uus.addinol.ee\\\/lt\\\/toode\\\/toostustransmissioonioli-eco-gear-320-m\\\/#breadcrumb\"},\"inLanguage\":\"lt-LT\",\"potentialAction\":[{\"@type\":\"ReadAction\",\"target\":[\"https:\\\/\\\/uus.addinol.ee\\\/lt\\\/toode\\\/toostustransmissioonioli-eco-gear-320-m\\\/\"]}]},{\"@type\":\"ImageObject\",\"inLanguage\":\"lt-LT\",\"@id\":\"https:\\\/\\\/uus.addinol.ee\\\/lt\\\/toode\\\/toostustransmissioonioli-eco-gear-320-m\\\/#primaryimage\",\"url\":\"https:\\\/\\\/uus.addinol.ee\\\/wp-content\\\/uploads\\\/2024\\\/12\\\/741072630000_eco-gear-320-m_20l-can_mh.jpg\",\"contentUrl\":\"https:\\\/\\\/uus.addinol.ee\\\/wp-content\\\/uploads\\\/2024\\\/12\\\/741072630000_eco-gear-320-m_20l-can_mh.jpg\",\"width\":1450,\"height\":1170},{\"@type\":\"BreadcrumbList\",\"@id\":\"https:\\\/\\\/uus.addinol.ee\\\/lt\\\/toode\\\/toostustransmissioonioli-eco-gear-320-m\\\/#breadcrumb\",\"itemListElement\":[{\"@type\":\"ListItem\",\"position\":1,\"name\":\"ADDINOL\",\"item\":\"https:\\\/\\\/uus.addinol.ee\\\/lt\\\/\"},{\"@type\":\"ListItem\",\"position\":2,\"name\":\"E-pood\",\"item\":\"https:\\\/\\\/uus.addinol.ee\\\/e-pood\\\/\"},{\"@type\":\"ListItem\",\"position\":3,\"name\":\"T\u00f6\u00f6stustransmissiooni\u00f5li Eco Gear 320 M\"}]},{\"@type\":\"WebSite\",\"@id\":\"https:\\\/\\\/uus.addinol.ee\\\/lt\\\/#website\",\"url\":\"https:\\\/\\\/uus.addinol.ee\\\/lt\\\/\",\"name\":\"ADDINOL\",\"description\":\"Mootori&otilde;lid ja m&auml;&auml;&auml;rdeained igaks kasutusjuhuks\",\"publisher\":{\"@id\":\"https:\\\/\\\/uus.addinol.ee\\\/lt\\\/#organization\"},\"potentialAction\":[{\"@type\":\"SearchAction\",\"target\":{\"@type\":\"EntryPoint\",\"urlTemplate\":\"https:\\\/\\\/uus.addinol.ee\\\/lt\\\/?s={search_term_string}\"},\"query-input\":{\"@type\":\"PropertyValueSpecification\",\"valueRequired\":true,\"valueName\":\"search_term_string\"}}],\"inLanguage\":\"lt-LT\"},{\"@type\":\"Organization\",\"@id\":\"https:\\\/\\\/uus.addinol.ee\\\/lt\\\/#organization\",\"name\":\"ADDINOL\",\"url\":\"https:\\\/\\\/uus.addinol.ee\\\/lt\\\/\",\"logo\":{\"@type\":\"ImageObject\",\"inLanguage\":\"lt-LT\",\"@id\":\"https:\\\/\\\/uus.addinol.ee\\\/lt\\\/#\\\/schema\\\/logo\\\/image\\\/\",\"url\":\"https:\\\/\\\/uus.addinol.ee\\\/wp-content\\\/uploads\\\/2024\\\/10\\\/1200px-ADDINOL-Logo.webp\",\"contentUrl\":\"https:\\\/\\\/uus.addinol.ee\\\/wp-content\\\/uploads\\\/2024\\\/10\\\/1200px-ADDINOL-Logo.webp\",\"width\":1200,\"height\":431,\"caption\":\"ADDINOL\"},\"image\":{\"@id\":\"https:\\\/\\\/uus.addinol.ee\\\/lt\\\/#\\\/schema\\\/logo\\\/image\\\/\"},\"sameAs\":[\"https:\\\/\\\/www.facebook.com\\\/ADDINOLEesti\\\/\",\"https:\\\/\\\/www.instagram.com\\\/addinol_eesti\\\/\"]}]}<\/script>\n<!-- \/ Yoast SEO plugin. -->","yoast_head_json":{"title":"T\u00f6\u00f6stustransmissiooni\u00f5li Eco Gear 320 M - ADDINOL","robots":{"index":"index","follow":"follow","max-snippet":"max-snippet:-1","max-image-preview":"max-image-preview:large","max-video-preview":"max-video-preview:-1"},"canonical":"https:\/\/uus.addinol.ee\/lt\/toode\/toostustransmissioonioli-eco-gear-320-m\/","og_locale":"lt_LT","og_type":"article","og_title":"T\u00f6\u00f6stustransmissiooni\u00f5li Eco Gear 320 M - ADDINOL","og_description":"T\u00f6\u00f6stustransmissiooni\u00f5li ADDINOL Eco Gear 320 M on k\u00f5rge j\u00f5udlusega ning on toodetud hoolikalt valitud mineraalsete koostisainete ja spetsiaalselt v\u00e4ljat\u00f6\u00f6tatud manusekomplekti (Surftec\u00ae tehnoloogia) baasil.","og_url":"https:\/\/uus.addinol.ee\/lt\/toode\/toostustransmissioonioli-eco-gear-320-m\/","og_site_name":"ADDINOL","article_publisher":"https:\/\/www.facebook.com\/ADDINOLEesti\/","article_modified_time":"2025-10-14T08:35:09+00:00","og_image":[{"width":1450,"height":1170,"url":"https:\/\/uus.addinol.ee\/wp-content\/uploads\/2024\/12\/741072630000_eco-gear-320-m_20l-can_mh.jpg","type":"image\/jpeg"}],"twitter_card":"summary_large_image","twitter_misc":{"Est. reading time":"2 minutes"},"schema":{"@context":"https:\/\/schema.org","@graph":[{"@type":"WebPage","@id":"https:\/\/uus.addinol.ee\/lt\/toode\/toostustransmissioonioli-eco-gear-320-m\/","url":"https:\/\/uus.addinol.ee\/lt\/toode\/toostustransmissioonioli-eco-gear-320-m\/","name":"T\u00f6\u00f6stustransmissiooni\u00f5li Eco Gear 320 M - ADDINOL","isPartOf":{"@id":"https:\/\/uus.addinol.ee\/lt\/#website"},"primaryImageOfPage":{"@id":"https:\/\/uus.addinol.ee\/lt\/toode\/toostustransmissioonioli-eco-gear-320-m\/#primaryimage"},"image":{"@id":"https:\/\/uus.addinol.ee\/lt\/toode\/toostustransmissioonioli-eco-gear-320-m\/#primaryimage"},"thumbnailUrl":"https:\/\/uus.addinol.ee\/wp-content\/uploads\/2024\/12\/741072630000_eco-gear-320-m_20l-can_mh.jpg","datePublished":"2024-12-31T12:24:28+00:00","dateModified":"2025-10-14T08:35:09+00:00","breadcrumb":{"@id":"https:\/\/uus.addinol.ee\/lt\/toode\/toostustransmissioonioli-eco-gear-320-m\/#breadcrumb"},"inLanguage":"lt-LT","potentialAction":[{"@type":"ReadAction","target":["https:\/\/uus.addinol.ee\/lt\/toode\/toostustransmissioonioli-eco-gear-320-m\/"]}]},{"@type":"ImageObject","inLanguage":"lt-LT","@id":"https:\/\/uus.addinol.ee\/lt\/toode\/toostustransmissioonioli-eco-gear-320-m\/#primaryimage","url":"https:\/\/uus.addinol.ee\/wp-content\/uploads\/2024\/12\/741072630000_eco-gear-320-m_20l-can_mh.jpg","contentUrl":"https:\/\/uus.addinol.ee\/wp-content\/uploads\/2024\/12\/741072630000_eco-gear-320-m_20l-can_mh.jpg","width":1450,"height":1170},{"@type":"BreadcrumbList","@id":"https:\/\/uus.addinol.ee\/lt\/toode\/toostustransmissioonioli-eco-gear-320-m\/#breadcrumb","itemListElement":[{"@type":"ListItem","position":1,"name":"ADDINOL","item":"https:\/\/uus.addinol.ee\/lt\/"},{"@type":"ListItem","position":2,"name":"E-pood","item":"https:\/\/uus.addinol.ee\/e-pood\/"},{"@type":"ListItem","position":3,"name":"T\u00f6\u00f6stustransmissiooni\u00f5li Eco Gear 320 M"}]},{"@type":"WebSite","@id":"https:\/\/uus.addinol.ee\/lt\/#website","url":"https:\/\/uus.addinol.ee\/lt\/","name":"ADDINOL","description":"Mootori&otilde;lid ja m&auml;&auml;&auml;rdeained igaks kasutusjuhuks","publisher":{"@id":"https:\/\/uus.addinol.ee\/lt\/#organization"},"potentialAction":[{"@type":"SearchAction","target":{"@type":"EntryPoint","urlTemplate":"https:\/\/uus.addinol.ee\/lt\/?s={search_term_string}"},"query-input":{"@type":"PropertyValueSpecification","valueRequired":true,"valueName":"search_term_string"}}],"inLanguage":"lt-LT"},{"@type":"Organization","@id":"https:\/\/uus.addinol.ee\/lt\/#organization","name":"ADDINOL","url":"https:\/\/uus.addinol.ee\/lt\/","logo":{"@type":"ImageObject","inLanguage":"lt-LT","@id":"https:\/\/uus.addinol.ee\/lt\/#\/schema\/logo\/image\/","url":"https:\/\/uus.addinol.ee\/wp-content\/uploads\/2024\/10\/1200px-ADDINOL-Logo.webp","contentUrl":"https:\/\/uus.addinol.ee\/wp-content\/uploads\/2024\/10\/1200px-ADDINOL-Logo.webp","width":1200,"height":431,"caption":"ADDINOL"},"image":{"@id":"https:\/\/uus.addinol.ee\/lt\/#\/schema\/logo\/image\/"},"sameAs":["https:\/\/www.facebook.com\/ADDINOLEesti\/","https:\/\/www.instagram.com\/addinol_eesti\/"]}]}},"_links":{"self":[{"href":"https:\/\/uus.addinol.ee\/lt\/wp-json\/wp\/v2\/product\/6053","targetHints":{"allow":["GET"]}}],"collection":[{"href":"https:\/\/uus.addinol.ee\/lt\/wp-json\/wp\/v2\/product"}],"about":[{"href":"https:\/\/uus.addinol.ee\/lt\/wp-json\/wp\/v2\/types\/product"}],"wp:featuredmedia":[{"embeddable":true,"href":"https:\/\/uus.addinol.ee\/lt\/wp-json\/wp\/v2\/media\/10799"}],"wp:attachment":[{"href":"https:\/\/uus.addinol.ee\/lt\/wp-json\/wp\/v2\/media?parent=6053"}],"wp:term":[{"taxonomy":"viscosity","embeddable":true,"href":"https:\/\/uus.addinol.ee\/lt\/wp-json\/wp\/v2\/viscosity?post=6053"},{"taxonomy":"product_brand","embeddable":true,"href":"https:\/\/uus.addinol.ee\/lt\/wp-json\/wp\/v2\/product_brand?post=6053"},{"taxonomy":"product_cat","embeddable":true,"href":"https:\/\/uus.addinol.ee\/lt\/wp-json\/wp\/v2\/product_cat?post=6053"},{"taxonomy":"product_tag","embeddable":true,"href":"https:\/\/uus.addinol.ee\/lt\/wp-json\/wp\/v2\/product_tag?post=6053"},{"taxonomy":"inventory","embeddable":true,"href":"https:\/\/uus.addinol.ee\/lt\/wp-json\/wp\/v2\/inventory?post=6053"}],"curies":[{"name":"wp","href":"https:\/\/api.w.org\/{rel}","templated":true}]}}