{"id":6064,"date":"2024-12-31T12:24:28","date_gmt":"2024-12-31T12:24:28","guid":{"rendered":"https:\/\/addinol.ee\/toode\/elektrikontaktide-aerosool-elektrokontaktspray\/"},"modified":"2025-10-14T11:35:05","modified_gmt":"2025-10-14T08:35:05","slug":"elektrikontaktide-aerosool-elektrokontaktspray","status":"publish","type":"product","link":"https:\/\/uus.addinol.ee\/lt\/toode\/elektrikontaktide-aerosool-elektrokontaktspray\/","title":{"rendered":"Elektrikontaktide aerosool Elektrokontaktspray"},"content":{"rendered":"<p><strong>Elektrikontaktide aerosooli KASUTUSV\u00d5IMALUSED:<\/strong><br \/>\n\u2022 Spetsiaalselt ette n\u00e4htud elektrikontaktide ja elektriliste mehhanismide puhastamiseks ja hooldamiseks.<\/p>\n<p><strong>Elektrikontaktide aerosooli Elektrokontaktspray KASUTAMINE:<\/strong><br \/>\n\u2022 Enne kasutamist kontrollige toote kokkusobivust plastmaterjalide ja kaabli lakkidega.<br \/>\n\u2022 \u00c4rge pihustage toodet pinge all olevatele mehhanismidele!<br \/>\n\u2022 \u00c4rge kasutage aerosooli p\u00e4rast elektririket ja vahetult p\u00e4rast elektriseadme kasutamist.<br \/>\n\u2022 Pihustage toodet puhastamist vajavatele metallpindadele \u00fchtlase kihina.<br \/>\n\u2022 Elektriseadet v\u00f5ib uuesti kasutada alles p\u00e4rast tootes sisalduva lahusti aurustumist.<\/p>\n<p><strong>Elektrikontaktide aerosooli OMADUSED:<\/strong><br \/>\n\u2022 Ei sisalda klooritud s\u00fcsivesinikke<br \/>\n\u2022 Eemaldab pindadelt m\u00e4\u00e4rete ja \u00f5lide j\u00e4\u00e4gid ning niiske mustuse<br \/>\n\u2022 Hea kokkusobivus \u00fcldlevinud kaabli lakkidega ja plastmaterjalidega (mitte kasutada ABS plastil ja pol\u00fcst\u00fcreenil)<br \/>\n\u2022 Sisaldab propaani- ja butaanip\u00f5hist kloorivaba propellenti<\/p>\n<p><strong>Elektrikontaktide aerosooli EELISED TARBIJALE:<\/strong><br \/>\n\u2022 Keskkonnas\u00f5bralik<br \/>\n\u2022 Puhastab p\u00f5hjalikult ja kaitseb lekkevoolu eest<br \/>\n\u2022 Ei kahjusta isolatsioonimaterjale<br \/>\n\u2022 Osoonis\u00f5bralik<\/p>\n","protected":false},"excerpt":{"rendered":"<p>Elektrikontaktide aerosool ADDINOL Elektrokontaktspray on valmistatud orgaanilise lahusti, mineraal\u00f5li ja manuste baasil.<\/p>\n","protected":false},"featured_media":6529,"template":"","meta":{"_acf_changed":false},"viscosity":[],"product_brand":[],"product_cat":[588,650,150,151],"product_tag":[],"inventory":[],"class_list":{"0":"post-6064","1":"product","2":"type-product","3":"status-publish","4":"has-post-thumbnail","6":"product_cat-aerosoolid","7":"product_cat-aerosoolid-mootorsoidukite-maardeained","8":"product_cat-mootorsoidukite-maardeained","9":"product_cat-toostusmaardeained","10":"pa_vali-pakend-200-ml","12":"first","13":"instock","14":"taxable","15":"shipping-taxable","16":"purchasable","17":"product-type-simple"},"acf":[],"yoast_head":"<!-- This site is optimized with the Yoast SEO plugin v27.5 - https:\/\/yoast.com\/product\/yoast-seo-wordpress\/ -->\n<title>Elektrikontaktide aerosool Elektrokontaktspray - ADDINOL<\/title>\n<meta name=\"robots\" content=\"index, follow, max-snippet:-1, max-image-preview:large, max-video-preview:-1\" \/>\n<link rel=\"canonical\" href=\"https:\/\/uus.addinol.ee\/lt\/toode\/elektrikontaktide-aerosool-elektrokontaktspray\/\" \/>\n<meta property=\"og:locale\" content=\"lt_LT\" \/>\n<meta property=\"og:type\" content=\"article\" \/>\n<meta property=\"og:title\" content=\"Elektrikontaktide aerosool Elektrokontaktspray - ADDINOL\" \/>\n<meta property=\"og:description\" content=\"Elektrikontaktide aerosool ADDINOL Elektrokontaktspray on valmistatud orgaanilise lahusti, mineraal\u00f5li ja manuste baasil.\" \/>\n<meta property=\"og:url\" content=\"https:\/\/uus.addinol.ee\/lt\/toode\/elektrikontaktide-aerosool-elektrokontaktspray\/\" \/>\n<meta property=\"og:site_name\" content=\"ADDINOL\" \/>\n<meta property=\"article:publisher\" content=\"https:\/\/www.facebook.com\/ADDINOLEesti\/\" \/>\n<meta property=\"article:modified_time\" content=\"2025-10-14T08:35:05+00:00\" \/>\n<meta property=\"og:image\" content=\"https:\/\/uus.addinol.ee\/wp-content\/uploads\/2024\/12\/elektrokontakt_200ml.2114_render-layer-1-e1633332159833.png\" \/>\n\t<meta property=\"og:image:width\" content=\"1280\" \/>\n\t<meta property=\"og:image:height\" content=\"1280\" \/>\n\t<meta property=\"og:image:type\" content=\"image\/png\" \/>\n<meta name=\"twitter:card\" content=\"summary_large_image\" \/>\n<meta name=\"twitter:label1\" content=\"Est. reading time\" \/>\n\t<meta name=\"twitter:data1\" content=\"1 minute\" \/>\n<script type=\"application\/ld+json\" class=\"yoast-schema-graph\">{\"@context\":\"https:\\\/\\\/schema.org\",\"@graph\":[{\"@type\":\"WebPage\",\"@id\":\"https:\\\/\\\/uus.addinol.ee\\\/lt\\\/toode\\\/elektrikontaktide-aerosool-elektrokontaktspray\\\/\",\"url\":\"https:\\\/\\\/uus.addinol.ee\\\/lt\\\/toode\\\/elektrikontaktide-aerosool-elektrokontaktspray\\\/\",\"name\":\"Elektrikontaktide aerosool Elektrokontaktspray - ADDINOL\",\"isPartOf\":{\"@id\":\"https:\\\/\\\/uus.addinol.ee\\\/lt\\\/#website\"},\"primaryImageOfPage\":{\"@id\":\"https:\\\/\\\/uus.addinol.ee\\\/lt\\\/toode\\\/elektrikontaktide-aerosool-elektrokontaktspray\\\/#primaryimage\"},\"image\":{\"@id\":\"https:\\\/\\\/uus.addinol.ee\\\/lt\\\/toode\\\/elektrikontaktide-aerosool-elektrokontaktspray\\\/#primaryimage\"},\"thumbnailUrl\":\"https:\\\/\\\/uus.addinol.ee\\\/wp-content\\\/uploads\\\/2024\\\/12\\\/elektrokontakt_200ml.2114_render-layer-1-e1633332159833.png\",\"datePublished\":\"2024-12-31T12:24:28+00:00\",\"dateModified\":\"2025-10-14T08:35:05+00:00\",\"breadcrumb\":{\"@id\":\"https:\\\/\\\/uus.addinol.ee\\\/lt\\\/toode\\\/elektrikontaktide-aerosool-elektrokontaktspray\\\/#breadcrumb\"},\"inLanguage\":\"lt-LT\",\"potentialAction\":[{\"@type\":\"ReadAction\",\"target\":[\"https:\\\/\\\/uus.addinol.ee\\\/lt\\\/toode\\\/elektrikontaktide-aerosool-elektrokontaktspray\\\/\"]}]},{\"@type\":\"ImageObject\",\"inLanguage\":\"lt-LT\",\"@id\":\"https:\\\/\\\/uus.addinol.ee\\\/lt\\\/toode\\\/elektrikontaktide-aerosool-elektrokontaktspray\\\/#primaryimage\",\"url\":\"https:\\\/\\\/uus.addinol.ee\\\/wp-content\\\/uploads\\\/2024\\\/12\\\/elektrokontakt_200ml.2114_render-layer-1-e1633332159833.png\",\"contentUrl\":\"https:\\\/\\\/uus.addinol.ee\\\/wp-content\\\/uploads\\\/2024\\\/12\\\/elektrokontakt_200ml.2114_render-layer-1-e1633332159833.png\",\"width\":1280,\"height\":1280},{\"@type\":\"BreadcrumbList\",\"@id\":\"https:\\\/\\\/uus.addinol.ee\\\/lt\\\/toode\\\/elektrikontaktide-aerosool-elektrokontaktspray\\\/#breadcrumb\",\"itemListElement\":[{\"@type\":\"ListItem\",\"position\":1,\"name\":\"ADDINOL\",\"item\":\"https:\\\/\\\/uus.addinol.ee\\\/lt\\\/\"},{\"@type\":\"ListItem\",\"position\":2,\"name\":\"E-pood\",\"item\":\"https:\\\/\\\/uus.addinol.ee\\\/e-pood\\\/\"},{\"@type\":\"ListItem\",\"position\":3,\"name\":\"Elektrikontaktide aerosool Elektrokontaktspray\"}]},{\"@type\":\"WebSite\",\"@id\":\"https:\\\/\\\/uus.addinol.ee\\\/lt\\\/#website\",\"url\":\"https:\\\/\\\/uus.addinol.ee\\\/lt\\\/\",\"name\":\"ADDINOL\",\"description\":\"Mootori&otilde;lid ja m&auml;&auml;&auml;rdeained igaks kasutusjuhuks\",\"publisher\":{\"@id\":\"https:\\\/\\\/uus.addinol.ee\\\/lt\\\/#organization\"},\"potentialAction\":[{\"@type\":\"SearchAction\",\"target\":{\"@type\":\"EntryPoint\",\"urlTemplate\":\"https:\\\/\\\/uus.addinol.ee\\\/lt\\\/?s={search_term_string}\"},\"query-input\":{\"@type\":\"PropertyValueSpecification\",\"valueRequired\":true,\"valueName\":\"search_term_string\"}}],\"inLanguage\":\"lt-LT\"},{\"@type\":\"Organization\",\"@id\":\"https:\\\/\\\/uus.addinol.ee\\\/lt\\\/#organization\",\"name\":\"ADDINOL\",\"url\":\"https:\\\/\\\/uus.addinol.ee\\\/lt\\\/\",\"logo\":{\"@type\":\"ImageObject\",\"inLanguage\":\"lt-LT\",\"@id\":\"https:\\\/\\\/uus.addinol.ee\\\/lt\\\/#\\\/schema\\\/logo\\\/image\\\/\",\"url\":\"https:\\\/\\\/uus.addinol.ee\\\/wp-content\\\/uploads\\\/2024\\\/10\\\/1200px-ADDINOL-Logo.webp\",\"contentUrl\":\"https:\\\/\\\/uus.addinol.ee\\\/wp-content\\\/uploads\\\/2024\\\/10\\\/1200px-ADDINOL-Logo.webp\",\"width\":1200,\"height\":431,\"caption\":\"ADDINOL\"},\"image\":{\"@id\":\"https:\\\/\\\/uus.addinol.ee\\\/lt\\\/#\\\/schema\\\/logo\\\/image\\\/\"},\"sameAs\":[\"https:\\\/\\\/www.facebook.com\\\/ADDINOLEesti\\\/\",\"https:\\\/\\\/www.instagram.com\\\/addinol_eesti\\\/\"]}]}<\/script>\n<!-- \/ Yoast SEO plugin. -->","yoast_head_json":{"title":"Elektrikontaktide aerosool Elektrokontaktspray - ADDINOL","robots":{"index":"index","follow":"follow","max-snippet":"max-snippet:-1","max-image-preview":"max-image-preview:large","max-video-preview":"max-video-preview:-1"},"canonical":"https:\/\/uus.addinol.ee\/lt\/toode\/elektrikontaktide-aerosool-elektrokontaktspray\/","og_locale":"lt_LT","og_type":"article","og_title":"Elektrikontaktide aerosool Elektrokontaktspray - ADDINOL","og_description":"Elektrikontaktide aerosool ADDINOL Elektrokontaktspray on valmistatud orgaanilise lahusti, mineraal\u00f5li ja manuste baasil.","og_url":"https:\/\/uus.addinol.ee\/lt\/toode\/elektrikontaktide-aerosool-elektrokontaktspray\/","og_site_name":"ADDINOL","article_publisher":"https:\/\/www.facebook.com\/ADDINOLEesti\/","article_modified_time":"2025-10-14T08:35:05+00:00","og_image":[{"width":1280,"height":1280,"url":"https:\/\/uus.addinol.ee\/wp-content\/uploads\/2024\/12\/elektrokontakt_200ml.2114_render-layer-1-e1633332159833.png","type":"image\/png"}],"twitter_card":"summary_large_image","twitter_misc":{"Est. reading time":"1 minute"},"schema":{"@context":"https:\/\/schema.org","@graph":[{"@type":"WebPage","@id":"https:\/\/uus.addinol.ee\/lt\/toode\/elektrikontaktide-aerosool-elektrokontaktspray\/","url":"https:\/\/uus.addinol.ee\/lt\/toode\/elektrikontaktide-aerosool-elektrokontaktspray\/","name":"Elektrikontaktide aerosool Elektrokontaktspray - ADDINOL","isPartOf":{"@id":"https:\/\/uus.addinol.ee\/lt\/#website"},"primaryImageOfPage":{"@id":"https:\/\/uus.addinol.ee\/lt\/toode\/elektrikontaktide-aerosool-elektrokontaktspray\/#primaryimage"},"image":{"@id":"https:\/\/uus.addinol.ee\/lt\/toode\/elektrikontaktide-aerosool-elektrokontaktspray\/#primaryimage"},"thumbnailUrl":"https:\/\/uus.addinol.ee\/wp-content\/uploads\/2024\/12\/elektrokontakt_200ml.2114_render-layer-1-e1633332159833.png","datePublished":"2024-12-31T12:24:28+00:00","dateModified":"2025-10-14T08:35:05+00:00","breadcrumb":{"@id":"https:\/\/uus.addinol.ee\/lt\/toode\/elektrikontaktide-aerosool-elektrokontaktspray\/#breadcrumb"},"inLanguage":"lt-LT","potentialAction":[{"@type":"ReadAction","target":["https:\/\/uus.addinol.ee\/lt\/toode\/elektrikontaktide-aerosool-elektrokontaktspray\/"]}]},{"@type":"ImageObject","inLanguage":"lt-LT","@id":"https:\/\/uus.addinol.ee\/lt\/toode\/elektrikontaktide-aerosool-elektrokontaktspray\/#primaryimage","url":"https:\/\/uus.addinol.ee\/wp-content\/uploads\/2024\/12\/elektrokontakt_200ml.2114_render-layer-1-e1633332159833.png","contentUrl":"https:\/\/uus.addinol.ee\/wp-content\/uploads\/2024\/12\/elektrokontakt_200ml.2114_render-layer-1-e1633332159833.png","width":1280,"height":1280},{"@type":"BreadcrumbList","@id":"https:\/\/uus.addinol.ee\/lt\/toode\/elektrikontaktide-aerosool-elektrokontaktspray\/#breadcrumb","itemListElement":[{"@type":"ListItem","position":1,"name":"ADDINOL","item":"https:\/\/uus.addinol.ee\/lt\/"},{"@type":"ListItem","position":2,"name":"E-pood","item":"https:\/\/uus.addinol.ee\/e-pood\/"},{"@type":"ListItem","position":3,"name":"Elektrikontaktide aerosool Elektrokontaktspray"}]},{"@type":"WebSite","@id":"https:\/\/uus.addinol.ee\/lt\/#website","url":"https:\/\/uus.addinol.ee\/lt\/","name":"ADDINOL","description":"Mootori&otilde;lid ja m&auml;&auml;&auml;rdeained igaks kasutusjuhuks","publisher":{"@id":"https:\/\/uus.addinol.ee\/lt\/#organization"},"potentialAction":[{"@type":"SearchAction","target":{"@type":"EntryPoint","urlTemplate":"https:\/\/uus.addinol.ee\/lt\/?s={search_term_string}"},"query-input":{"@type":"PropertyValueSpecification","valueRequired":true,"valueName":"search_term_string"}}],"inLanguage":"lt-LT"},{"@type":"Organization","@id":"https:\/\/uus.addinol.ee\/lt\/#organization","name":"ADDINOL","url":"https:\/\/uus.addinol.ee\/lt\/","logo":{"@type":"ImageObject","inLanguage":"lt-LT","@id":"https:\/\/uus.addinol.ee\/lt\/#\/schema\/logo\/image\/","url":"https:\/\/uus.addinol.ee\/wp-content\/uploads\/2024\/10\/1200px-ADDINOL-Logo.webp","contentUrl":"https:\/\/uus.addinol.ee\/wp-content\/uploads\/2024\/10\/1200px-ADDINOL-Logo.webp","width":1200,"height":431,"caption":"ADDINOL"},"image":{"@id":"https:\/\/uus.addinol.ee\/lt\/#\/schema\/logo\/image\/"},"sameAs":["https:\/\/www.facebook.com\/ADDINOLEesti\/","https:\/\/www.instagram.com\/addinol_eesti\/"]}]}},"_links":{"self":[{"href":"https:\/\/uus.addinol.ee\/lt\/wp-json\/wp\/v2\/product\/6064","targetHints":{"allow":["GET"]}}],"collection":[{"href":"https:\/\/uus.addinol.ee\/lt\/wp-json\/wp\/v2\/product"}],"about":[{"href":"https:\/\/uus.addinol.ee\/lt\/wp-json\/wp\/v2\/types\/product"}],"wp:featuredmedia":[{"embeddable":true,"href":"https:\/\/uus.addinol.ee\/lt\/wp-json\/wp\/v2\/media\/6529"}],"wp:attachment":[{"href":"https:\/\/uus.addinol.ee\/lt\/wp-json\/wp\/v2\/media?parent=6064"}],"wp:term":[{"taxonomy":"viscosity","embeddable":true,"href":"https:\/\/uus.addinol.ee\/lt\/wp-json\/wp\/v2\/viscosity?post=6064"},{"taxonomy":"product_brand","embeddable":true,"href":"https:\/\/uus.addinol.ee\/lt\/wp-json\/wp\/v2\/product_brand?post=6064"},{"taxonomy":"product_cat","embeddable":true,"href":"https:\/\/uus.addinol.ee\/lt\/wp-json\/wp\/v2\/product_cat?post=6064"},{"taxonomy":"product_tag","embeddable":true,"href":"https:\/\/uus.addinol.ee\/lt\/wp-json\/wp\/v2\/product_tag?post=6064"},{"taxonomy":"inventory","embeddable":true,"href":"https:\/\/uus.addinol.ee\/lt\/wp-json\/wp\/v2\/inventory?post=6064"}],"curies":[{"name":"wp","href":"https:\/\/api.w.org\/{rel}","templated":true}]}}