{"id":6066,"date":"2024-12-31T12:24:28","date_gmt":"2024-12-31T12:24:28","guid":{"rendered":"https:\/\/addinol.ee\/toode\/maare-fg-grease-al-2\/"},"modified":"2025-10-14T11:35:04","modified_gmt":"2025-10-14T08:35:04","slug":"maare-fg-grease-al-2","status":"publish","type":"product","link":"https:\/\/uus.addinol.ee\/lt\/toode\/maare-fg-grease-al-2\/","title":{"rendered":"M\u00e4\u00e4re FG Grease AL 2"},"content":{"rendered":"<p><strong>M\u00e4\u00e4rde FG Grease AL 2 KASUTUSV\u00d5IMALUSED:<\/strong><br \/>\n\u2022 Ette n\u00e4htud toiduaine-, s\u00f6\u00f6da- ja pakendit\u00f6\u00f6stuse veere- ja liugelaagrite m\u00e4\u00e4rimiseks.<br \/>\n\u2022 Kasutatav laias temperatuurivahemikus, suurtel koormustel ja veega kokkupuutel.<\/p>\n<p><strong>M\u00e4\u00e4rde FG Grease AL 2 SPETSIFIKATSIOONID \/ LITSENTSID:<\/strong><br \/>\n\u2022 kantud NSF H1 registrisse<br \/>\n\u2022 ko\u0161\u0161er<br \/>\n\u2022 <em>halal<\/em><\/p>\n<p>M\u00e4\u00e4re FG Grease AL 2 t\u00e4idab n\u00f5udeid:<br \/>\n\u2022 FDA direktiiv 21 CFR 178.3570<\/p>\n<p>M\u00e4\u00e4rde FG Grease AL 2 t\u00e4histus DIN 51502 j\u00e4rgi:<br \/>\n\u2022 FG Grease AL 2: KPFHC 2 P-40<\/p>\n<p>NLGI klass: 2<\/p>\n<p><strong>T\u00c4HELEPANU<\/strong><br \/>\nPalun j\u00e4rgige seadme- ja masinatootja m\u00e4\u00e4rimisalaseid ettekirjutusi.<\/p>\n<p><strong>M\u00e4\u00e4rde FG Grease AL 2 OMADUSED:<\/strong><br \/>\n\u2022 L\u00f5hnatu ja maitsetu<br \/>\n\u2022 Oks\u00fcdatsioonikindel<br \/>\n\u2022 Veekindel<br \/>\n\u2022 Vastupidav aluselistele ja happelistele desinfitseerimisvahenditele<br \/>\n\u2022 T\u00e4idab 21 CFR 178.3570 puhtusalaseid n\u00f5udeid<br \/>\n\u2022 Kasutatav laias temperatuurivahemikus<\/p>\n<p><strong>M\u00e4\u00e4rde FG Grease AL 2 EELISED TARBIJALE:<\/strong><br \/>\n\u2022 Kasutatav toiduaine- ja s\u00f6\u00f6dat\u00f6\u00f6stuses<br \/>\n\u2022 Vananemiskindel<br \/>\n\u2022 V\u00f5imalik otsene kokkupuude kuuma vee v\u00f5i veeauruga<br \/>\n\u2022 Desinfitseerimisj\u00e4rgne m\u00e4\u00e4rimine ebavajalik<br \/>\n\u2022 Koostisained on tervisele kahjutud<br \/>\n\u2022 Mitmek\u00fclgseks kasutamiseks t\u00f6\u00f6stuses<\/p>\n","protected":false},"excerpt":{"rendered":"<p>Plastne m\u00e4\u00e4re ADDINOL FG Grease AL 2 on s\u00fcnteetiliste \u00f5lide (PAO) baasil valmistatud valge alumiiniumkompleksseepm\u00e4\u00e4re, mis sisaldab s\u00f6\u00f6bimisvastaseid (EP) manuseid ja valget v\u00e4rvi tahkeid m\u00e4\u00e4rdeaineid.<br \/>\nL\u00f5hnatu ja maitsetu erim\u00e4\u00e4re ei kahjusta tervist ning t\u00e4idab FDA direktiivi 21 CFR 178.3570 puhtusalaseid n\u00f5udeid, sobides kasutamiseks toiduainet\u00f6\u00f6stuse m\u00e4\u00e4rimiskohtades, kus pole v\u00f5imalik v\u00e4ltida m\u00e4\u00e4rdeaine juhuslikku kokkupuudet toiduainetega.<\/p>\n","protected":false},"featured_media":8078,"template":"","meta":{"_acf_changed":false},"viscosity":[],"product_brand":[],"product_cat":[151,202],"product_tag":[],"inventory":[],"class_list":{"0":"post-6066","1":"product","2":"type-product","3":"status-publish","4":"has-post-thumbnail","6":"product_cat-toostusmaardeained","7":"product_cat-maardeained-toiduainetoostusele","8":"pa_vali-pakend-038-kg","10":"first","11":"instock","12":"taxable","13":"shipping-taxable","14":"purchasable","15":"product-type-simple"},"acf":[],"yoast_head":"<!-- This site is optimized with the Yoast SEO plugin v27.5 - https:\/\/yoast.com\/product\/yoast-seo-wordpress\/ -->\n<title>M\u00e4\u00e4re FG Grease AL 2 - ADDINOL<\/title>\n<meta name=\"robots\" content=\"index, follow, max-snippet:-1, max-image-preview:large, max-video-preview:-1\" \/>\n<link rel=\"canonical\" href=\"https:\/\/uus.addinol.ee\/lt\/toode\/maare-fg-grease-al-2\/\" \/>\n<meta property=\"og:locale\" content=\"lt_LT\" \/>\n<meta property=\"og:type\" content=\"article\" \/>\n<meta property=\"og:title\" content=\"M\u00e4\u00e4re FG Grease AL 2 - ADDINOL\" \/>\n<meta property=\"og:description\" content=\"Plastne m\u00e4\u00e4re ADDINOL FG Grease AL 2 on s\u00fcnteetiliste \u00f5lide (PAO) baasil valmistatud valge alumiiniumkompleksseepm\u00e4\u00e4re, mis sisaldab s\u00f6\u00f6bimisvastaseid (EP) manuseid ja valget v\u00e4rvi tahkeid m\u00e4\u00e4rdeaineid. L\u00f5hnatu ja maitsetu erim\u00e4\u00e4re ei kahjusta tervist ning t\u00e4idab FDA direktiivi 21 CFR 178.3570 puhtusalaseid n\u00f5udeid, sobides kasutamiseks toiduainet\u00f6\u00f6stuse m\u00e4\u00e4rimiskohtades, kus pole v\u00f5imalik v\u00e4ltida m\u00e4\u00e4rdeaine juhuslikku kokkupuudet toiduainetega.\" \/>\n<meta property=\"og:url\" content=\"https:\/\/uus.addinol.ee\/lt\/toode\/maare-fg-grease-al-2\/\" \/>\n<meta property=\"og:site_name\" content=\"ADDINOL\" \/>\n<meta property=\"article:publisher\" content=\"https:\/\/www.facebook.com\/ADDINOLEesti\/\" \/>\n<meta property=\"article:modified_time\" content=\"2025-10-14T08:35:04+00:00\" \/>\n<meta property=\"og:image\" content=\"https:\/\/uus.addinol.ee\/wp-content\/uploads\/2024\/12\/380g.png\" \/>\n\t<meta property=\"og:image:width\" content=\"1288\" \/>\n\t<meta property=\"og:image:height\" content=\"1574\" \/>\n\t<meta property=\"og:image:type\" content=\"image\/png\" \/>\n<meta name=\"twitter:card\" content=\"summary_large_image\" \/>\n<meta name=\"twitter:label1\" content=\"Est. reading time\" \/>\n\t<meta name=\"twitter:data1\" content=\"2 minutes\" \/>\n<script type=\"application\/ld+json\" class=\"yoast-schema-graph\">{\"@context\":\"https:\\\/\\\/schema.org\",\"@graph\":[{\"@type\":\"WebPage\",\"@id\":\"https:\\\/\\\/uus.addinol.ee\\\/lt\\\/toode\\\/maare-fg-grease-al-2\\\/\",\"url\":\"https:\\\/\\\/uus.addinol.ee\\\/lt\\\/toode\\\/maare-fg-grease-al-2\\\/\",\"name\":\"M\u00e4\u00e4re FG Grease AL 2 - ADDINOL\",\"isPartOf\":{\"@id\":\"https:\\\/\\\/uus.addinol.ee\\\/lt\\\/#website\"},\"primaryImageOfPage\":{\"@id\":\"https:\\\/\\\/uus.addinol.ee\\\/lt\\\/toode\\\/maare-fg-grease-al-2\\\/#primaryimage\"},\"image\":{\"@id\":\"https:\\\/\\\/uus.addinol.ee\\\/lt\\\/toode\\\/maare-fg-grease-al-2\\\/#primaryimage\"},\"thumbnailUrl\":\"https:\\\/\\\/uus.addinol.ee\\\/wp-content\\\/uploads\\\/2024\\\/12\\\/380g.png\",\"datePublished\":\"2024-12-31T12:24:28+00:00\",\"dateModified\":\"2025-10-14T08:35:04+00:00\",\"breadcrumb\":{\"@id\":\"https:\\\/\\\/uus.addinol.ee\\\/lt\\\/toode\\\/maare-fg-grease-al-2\\\/#breadcrumb\"},\"inLanguage\":\"lt-LT\",\"potentialAction\":[{\"@type\":\"ReadAction\",\"target\":[\"https:\\\/\\\/uus.addinol.ee\\\/lt\\\/toode\\\/maare-fg-grease-al-2\\\/\"]}]},{\"@type\":\"ImageObject\",\"inLanguage\":\"lt-LT\",\"@id\":\"https:\\\/\\\/uus.addinol.ee\\\/lt\\\/toode\\\/maare-fg-grease-al-2\\\/#primaryimage\",\"url\":\"https:\\\/\\\/uus.addinol.ee\\\/wp-content\\\/uploads\\\/2024\\\/12\\\/380g.png\",\"contentUrl\":\"https:\\\/\\\/uus.addinol.ee\\\/wp-content\\\/uploads\\\/2024\\\/12\\\/380g.png\",\"width\":1288,\"height\":1574},{\"@type\":\"BreadcrumbList\",\"@id\":\"https:\\\/\\\/uus.addinol.ee\\\/lt\\\/toode\\\/maare-fg-grease-al-2\\\/#breadcrumb\",\"itemListElement\":[{\"@type\":\"ListItem\",\"position\":1,\"name\":\"ADDINOL\",\"item\":\"https:\\\/\\\/uus.addinol.ee\\\/lt\\\/\"},{\"@type\":\"ListItem\",\"position\":2,\"name\":\"E-pood\",\"item\":\"https:\\\/\\\/uus.addinol.ee\\\/e-pood\\\/\"},{\"@type\":\"ListItem\",\"position\":3,\"name\":\"M\u00e4\u00e4re FG Grease AL 2\"}]},{\"@type\":\"WebSite\",\"@id\":\"https:\\\/\\\/uus.addinol.ee\\\/lt\\\/#website\",\"url\":\"https:\\\/\\\/uus.addinol.ee\\\/lt\\\/\",\"name\":\"ADDINOL\",\"description\":\"Mootori&otilde;lid ja m&auml;&auml;&auml;rdeained igaks kasutusjuhuks\",\"publisher\":{\"@id\":\"https:\\\/\\\/uus.addinol.ee\\\/lt\\\/#organization\"},\"potentialAction\":[{\"@type\":\"SearchAction\",\"target\":{\"@type\":\"EntryPoint\",\"urlTemplate\":\"https:\\\/\\\/uus.addinol.ee\\\/lt\\\/?s={search_term_string}\"},\"query-input\":{\"@type\":\"PropertyValueSpecification\",\"valueRequired\":true,\"valueName\":\"search_term_string\"}}],\"inLanguage\":\"lt-LT\"},{\"@type\":\"Organization\",\"@id\":\"https:\\\/\\\/uus.addinol.ee\\\/lt\\\/#organization\",\"name\":\"ADDINOL\",\"url\":\"https:\\\/\\\/uus.addinol.ee\\\/lt\\\/\",\"logo\":{\"@type\":\"ImageObject\",\"inLanguage\":\"lt-LT\",\"@id\":\"https:\\\/\\\/uus.addinol.ee\\\/lt\\\/#\\\/schema\\\/logo\\\/image\\\/\",\"url\":\"https:\\\/\\\/uus.addinol.ee\\\/wp-content\\\/uploads\\\/2024\\\/10\\\/1200px-ADDINOL-Logo.webp\",\"contentUrl\":\"https:\\\/\\\/uus.addinol.ee\\\/wp-content\\\/uploads\\\/2024\\\/10\\\/1200px-ADDINOL-Logo.webp\",\"width\":1200,\"height\":431,\"caption\":\"ADDINOL\"},\"image\":{\"@id\":\"https:\\\/\\\/uus.addinol.ee\\\/lt\\\/#\\\/schema\\\/logo\\\/image\\\/\"},\"sameAs\":[\"https:\\\/\\\/www.facebook.com\\\/ADDINOLEesti\\\/\",\"https:\\\/\\\/www.instagram.com\\\/addinol_eesti\\\/\"]}]}<\/script>\n<!-- \/ Yoast SEO plugin. -->","yoast_head_json":{"title":"M\u00e4\u00e4re FG Grease AL 2 - ADDINOL","robots":{"index":"index","follow":"follow","max-snippet":"max-snippet:-1","max-image-preview":"max-image-preview:large","max-video-preview":"max-video-preview:-1"},"canonical":"https:\/\/uus.addinol.ee\/lt\/toode\/maare-fg-grease-al-2\/","og_locale":"lt_LT","og_type":"article","og_title":"M\u00e4\u00e4re FG Grease AL 2 - ADDINOL","og_description":"Plastne m\u00e4\u00e4re ADDINOL FG Grease AL 2 on s\u00fcnteetiliste \u00f5lide (PAO) baasil valmistatud valge alumiiniumkompleksseepm\u00e4\u00e4re, mis sisaldab s\u00f6\u00f6bimisvastaseid (EP) manuseid ja valget v\u00e4rvi tahkeid m\u00e4\u00e4rdeaineid. L\u00f5hnatu ja maitsetu erim\u00e4\u00e4re ei kahjusta tervist ning t\u00e4idab FDA direktiivi 21 CFR 178.3570 puhtusalaseid n\u00f5udeid, sobides kasutamiseks toiduainet\u00f6\u00f6stuse m\u00e4\u00e4rimiskohtades, kus pole v\u00f5imalik v\u00e4ltida m\u00e4\u00e4rdeaine juhuslikku kokkupuudet toiduainetega.","og_url":"https:\/\/uus.addinol.ee\/lt\/toode\/maare-fg-grease-al-2\/","og_site_name":"ADDINOL","article_publisher":"https:\/\/www.facebook.com\/ADDINOLEesti\/","article_modified_time":"2025-10-14T08:35:04+00:00","og_image":[{"width":1288,"height":1574,"url":"https:\/\/uus.addinol.ee\/wp-content\/uploads\/2024\/12\/380g.png","type":"image\/png"}],"twitter_card":"summary_large_image","twitter_misc":{"Est. reading time":"2 minutes"},"schema":{"@context":"https:\/\/schema.org","@graph":[{"@type":"WebPage","@id":"https:\/\/uus.addinol.ee\/lt\/toode\/maare-fg-grease-al-2\/","url":"https:\/\/uus.addinol.ee\/lt\/toode\/maare-fg-grease-al-2\/","name":"M\u00e4\u00e4re FG Grease AL 2 - ADDINOL","isPartOf":{"@id":"https:\/\/uus.addinol.ee\/lt\/#website"},"primaryImageOfPage":{"@id":"https:\/\/uus.addinol.ee\/lt\/toode\/maare-fg-grease-al-2\/#primaryimage"},"image":{"@id":"https:\/\/uus.addinol.ee\/lt\/toode\/maare-fg-grease-al-2\/#primaryimage"},"thumbnailUrl":"https:\/\/uus.addinol.ee\/wp-content\/uploads\/2024\/12\/380g.png","datePublished":"2024-12-31T12:24:28+00:00","dateModified":"2025-10-14T08:35:04+00:00","breadcrumb":{"@id":"https:\/\/uus.addinol.ee\/lt\/toode\/maare-fg-grease-al-2\/#breadcrumb"},"inLanguage":"lt-LT","potentialAction":[{"@type":"ReadAction","target":["https:\/\/uus.addinol.ee\/lt\/toode\/maare-fg-grease-al-2\/"]}]},{"@type":"ImageObject","inLanguage":"lt-LT","@id":"https:\/\/uus.addinol.ee\/lt\/toode\/maare-fg-grease-al-2\/#primaryimage","url":"https:\/\/uus.addinol.ee\/wp-content\/uploads\/2024\/12\/380g.png","contentUrl":"https:\/\/uus.addinol.ee\/wp-content\/uploads\/2024\/12\/380g.png","width":1288,"height":1574},{"@type":"BreadcrumbList","@id":"https:\/\/uus.addinol.ee\/lt\/toode\/maare-fg-grease-al-2\/#breadcrumb","itemListElement":[{"@type":"ListItem","position":1,"name":"ADDINOL","item":"https:\/\/uus.addinol.ee\/lt\/"},{"@type":"ListItem","position":2,"name":"E-pood","item":"https:\/\/uus.addinol.ee\/e-pood\/"},{"@type":"ListItem","position":3,"name":"M\u00e4\u00e4re FG Grease AL 2"}]},{"@type":"WebSite","@id":"https:\/\/uus.addinol.ee\/lt\/#website","url":"https:\/\/uus.addinol.ee\/lt\/","name":"ADDINOL","description":"Mootori&otilde;lid ja m&auml;&auml;&auml;rdeained igaks kasutusjuhuks","publisher":{"@id":"https:\/\/uus.addinol.ee\/lt\/#organization"},"potentialAction":[{"@type":"SearchAction","target":{"@type":"EntryPoint","urlTemplate":"https:\/\/uus.addinol.ee\/lt\/?s={search_term_string}"},"query-input":{"@type":"PropertyValueSpecification","valueRequired":true,"valueName":"search_term_string"}}],"inLanguage":"lt-LT"},{"@type":"Organization","@id":"https:\/\/uus.addinol.ee\/lt\/#organization","name":"ADDINOL","url":"https:\/\/uus.addinol.ee\/lt\/","logo":{"@type":"ImageObject","inLanguage":"lt-LT","@id":"https:\/\/uus.addinol.ee\/lt\/#\/schema\/logo\/image\/","url":"https:\/\/uus.addinol.ee\/wp-content\/uploads\/2024\/10\/1200px-ADDINOL-Logo.webp","contentUrl":"https:\/\/uus.addinol.ee\/wp-content\/uploads\/2024\/10\/1200px-ADDINOL-Logo.webp","width":1200,"height":431,"caption":"ADDINOL"},"image":{"@id":"https:\/\/uus.addinol.ee\/lt\/#\/schema\/logo\/image\/"},"sameAs":["https:\/\/www.facebook.com\/ADDINOLEesti\/","https:\/\/www.instagram.com\/addinol_eesti\/"]}]}},"_links":{"self":[{"href":"https:\/\/uus.addinol.ee\/lt\/wp-json\/wp\/v2\/product\/6066","targetHints":{"allow":["GET"]}}],"collection":[{"href":"https:\/\/uus.addinol.ee\/lt\/wp-json\/wp\/v2\/product"}],"about":[{"href":"https:\/\/uus.addinol.ee\/lt\/wp-json\/wp\/v2\/types\/product"}],"wp:featuredmedia":[{"embeddable":true,"href":"https:\/\/uus.addinol.ee\/lt\/wp-json\/wp\/v2\/media\/8078"}],"wp:attachment":[{"href":"https:\/\/uus.addinol.ee\/lt\/wp-json\/wp\/v2\/media?parent=6066"}],"wp:term":[{"taxonomy":"viscosity","embeddable":true,"href":"https:\/\/uus.addinol.ee\/lt\/wp-json\/wp\/v2\/viscosity?post=6066"},{"taxonomy":"product_brand","embeddable":true,"href":"https:\/\/uus.addinol.ee\/lt\/wp-json\/wp\/v2\/product_brand?post=6066"},{"taxonomy":"product_cat","embeddable":true,"href":"https:\/\/uus.addinol.ee\/lt\/wp-json\/wp\/v2\/product_cat?post=6066"},{"taxonomy":"product_tag","embeddable":true,"href":"https:\/\/uus.addinol.ee\/lt\/wp-json\/wp\/v2\/product_tag?post=6066"},{"taxonomy":"inventory","embeddable":true,"href":"https:\/\/uus.addinol.ee\/lt\/wp-json\/wp\/v2\/inventory?post=6066"}],"curies":[{"name":"wp","href":"https:\/\/api.w.org\/{rel}","templated":true}]}}