{"id":6067,"date":"2024-12-31T12:24:28","date_gmt":"2024-12-31T12:24:28","guid":{"rendered":"https:\/\/addinol.ee\/toode\/ketioli-foodproof-xhf-460-s-spray\/"},"modified":"2025-10-14T11:35:08","modified_gmt":"2025-10-14T08:35:08","slug":"ketioli-foodproof-xhf-460-s-spray","status":"publish","type":"product","link":"https:\/\/uus.addinol.ee\/lt\/toode\/ketioli-foodproof-xhf-460-s-spray\/","title":{"rendered":"Keti\u00f5li FoodProof XHF 460 S Spray"},"content":{"rendered":"<p><strong>Keti\u00f5li FoodProof XHF 460 S Spray KASUTUSV\u00d5IMALUSED:<\/strong><br \/>\n\u2022 Keti\u00f5li FoodProof XHF 460 S Spray on ette n\u00e4htud konveieri- ja ajamikettide m\u00e4\u00e4rimiseks, nt k\u00fcpsetusahjudes ja pakendit\u00f6\u00f6stuses.<br \/>\n\u2022 Sobib ise\u00e4ranis h\u00e4sti kasutamiseks toiduaine-, s\u00f6\u00f6da-, kosmeetika- ja farmaatsiat\u00f6\u00f6stuses, kus m\u00e4\u00e4rde\u00f5lile esitatakse k\u00f5rgeid n\u00f5udeid.<br \/>\n\u2022 Soovitatav kasutada m\u00e4\u00e4rimiskohtades, kus pole v\u00f5imalik v\u00e4ltida juhuslikku kokkupuudet toiduainetega.<\/p>\n<p><strong>Keti\u00f5li FoodProof XHF 460 S Spray LITSENTSID \/ SPETSIFIKATSIOONID:<\/strong><br \/>\nKeti\u00f5li FoodProof XHF 460 S Spray registreeritud ja heaks kiidetud:<br \/>\n\u2022 NSF-H1<br \/>\n\u2022 ko\u0161\u0161er<br \/>\n\u2022 <em>halal<\/em><\/p>\n<p>Keti\u00f5li FoodProof XHF 460 S Spray t\u00e4idab puhtusalaseid n\u00f5udeid:<br \/>\n\u2022 FDA direktiiv 21 CFR 178.3570<\/p>\n<p>Keti\u00f5li FoodProof XHF 460 S Spray t\u00e4idab n\u00f5udeid:<br \/>\n\u2022 DIN ISO 3448<\/p>\n<p><strong>Keti\u00f5li FoodProof XHF 460 S Spray OMADUSED:<\/strong><br \/>\n\u2022 Heledat v\u00e4rvi, l\u00f5hnatu ja maitsetu, tervisele ohutu, registreeritud NSF H1 tootena<br \/>\n\u2022 T\u00f5husate s\u00f6\u00f6bimis- ja kulumisvastaste (EP\/AW) manustega<br \/>\n\u2022 Usaldusv\u00e4\u00e4rne korrosioonikaitse<br \/>\n\u2022 Ei kahjusta \u00fcldlevinud tihendimaterjale ega lakke ja v\u00e4rvkatteid<br \/>\n\u2022 Suurep\u00e4rane \u00f5hu ja vee eraldusv\u00f5ime, minimaalne vahutamine<br \/>\n\u2022 Oks\u00fcdatsioonikindel<br \/>\n\u2022 Hea nakkuvus<br \/>\n\u2022 Parendatud kaitse katkendliku liikumise eest (<em>anti-stick-slip<\/em>)<\/p>\n<p><strong>Keti\u00f5li FoodProof XHF 460 S Spray EELISED TARBIJALE:<\/strong><br \/>\n\u2022 Kasutatav m\u00e4\u00e4rimiskohtades, kus pole v\u00e4listatud m\u00e4\u00e4rdeaine juhuslik kokkupuude toiduainetega<br \/>\n\u2022 Efektiivne kulumiskaitse ja koormustaluvus<br \/>\n\u2022 Sobib ka k\u00f5rgemateks n\u00f5ueteks<br \/>\n\u2022 Masinaosade suurep\u00e4rane kaitse ja t\u00f5rgeteta t\u00f6\u00f6<br \/>\n\u2022 T\u00f5hus leketevastane kaitse t\u00e4nu tihendite pikale t\u00f6\u00f6eale<br \/>\n\u2022 Kaitseb efektiivselt kavitatsiooni ja vahu tekke eest<br \/>\n\u2022 \u00d5li pikem t\u00f6\u00f6iga \u2013 v\u00e4iksemad ekspluatatsioonikulud<br \/>\n\u2022 V\u00e4listatud m\u00e4\u00e4rdeaine tilkumine v\u00f5i laialipritsimine vibratsiooni v\u00f5i p\u00f6\u00f6rdliikumise tagaj\u00e4rjel<br \/>\n\u2022 Hoiab \u00e4ra katkendliku liikumise<\/p>\n","protected":false},"excerpt":{"rendered":"<p>Keti\u00f5li ADDINOL FoodProof XHF 460 S on PAO baasil toodetud k\u00f5rge j\u00f5udlusega t\u00e4iss\u00fcnteetiline \u00f5li, mis on l\u00f5hnatu ja heledat v\u00e4rvi.<\/p>\n<p>K\u00f5ik ADDINOL FoodProof XHF 460 S koostisosad on tervisele ohutud ning vastavad eurodirektiividele, NSF H1 kategooria, ko\u0161\u0161eri ja <em>halal<\/em>\u2019i n\u00f5uetele. Keti\u00f5li FoodProof XHF 460 S koostisosad vastavad rahvusvaheliselt tunnustatud FDA direktiivi n\u00f5uetele ega sisalda Euroopa Parlamendi ja n\u00f5ukogu (EL) m\u00e4\u00e4ruse nr 1169\/2011 lisa II kohaselt allergeene.<\/p>\n","protected":false},"featured_media":6587,"template":"","meta":{"_acf_changed":false},"viscosity":[],"product_brand":[],"product_cat":[722,151,202],"product_tag":[],"inventory":[],"class_list":{"0":"post-6067","1":"product","2":"type-product","3":"status-publish","4":"has-post-thumbnail","6":"product_cat-ettevaatust-noudvad-kasutusvaldkonnad","7":"product_cat-toostusmaardeained","8":"product_cat-maardeained-toiduainetoostusele","9":"pa_vali-pakend-500-ml","11":"first","12":"instock","13":"taxable","14":"shipping-taxable","15":"purchasable","16":"product-type-simple"},"acf":[],"yoast_head":"<!-- This site is optimized with the Yoast SEO plugin v27.5 - https:\/\/yoast.com\/product\/yoast-seo-wordpress\/ -->\n<title>Keti\u00f5li FoodProof XHF 460 S Spray - ADDINOL<\/title>\n<meta name=\"robots\" content=\"index, follow, max-snippet:-1, max-image-preview:large, max-video-preview:-1\" \/>\n<link rel=\"canonical\" href=\"https:\/\/uus.addinol.ee\/lt\/toode\/ketioli-foodproof-xhf-460-s-spray\/\" \/>\n<meta property=\"og:locale\" content=\"lt_LT\" \/>\n<meta property=\"og:type\" content=\"article\" \/>\n<meta property=\"og:title\" content=\"Keti\u00f5li FoodProof XHF 460 S Spray - ADDINOL\" \/>\n<meta property=\"og:description\" content=\"Keti\u00f5li ADDINOL FoodProof XHF 460 S on PAO baasil toodetud k\u00f5rge j\u00f5udlusega t\u00e4iss\u00fcnteetiline \u00f5li, mis on l\u00f5hnatu ja heledat v\u00e4rvi.  K\u00f5ik ADDINOL FoodProof XHF 460 S koostisosad on tervisele ohutud ning vastavad eurodirektiividele, NSF H1 kategooria, ko\u0161\u0161eri ja halal\u2019i n\u00f5uetele. Keti\u00f5li FoodProof XHF 460 S koostisosad vastavad rahvusvaheliselt tunnustatud FDA direktiivi n\u00f5uetele ega sisalda Euroopa Parlamendi ja n\u00f5ukogu (EL) m\u00e4\u00e4ruse nr 1169\/2011 lisa II kohaselt allergeene.\" \/>\n<meta property=\"og:url\" content=\"https:\/\/uus.addinol.ee\/lt\/toode\/ketioli-foodproof-xhf-460-s-spray\/\" \/>\n<meta property=\"og:site_name\" content=\"ADDINOL\" \/>\n<meta property=\"article:publisher\" content=\"https:\/\/www.facebook.com\/ADDINOLEesti\/\" \/>\n<meta property=\"article:modified_time\" content=\"2025-10-14T08:35:08+00:00\" \/>\n<meta property=\"og:image\" content=\"https:\/\/uus.addinol.ee\/wp-content\/uploads\/2024\/12\/ketioli-foodproof-xhf-460-s-spray-e1618813239858.png\" \/>\n\t<meta property=\"og:image:width\" content=\"500\" \/>\n\t<meta property=\"og:image:height\" content=\"500\" \/>\n\t<meta property=\"og:image:type\" content=\"image\/png\" \/>\n<meta name=\"twitter:card\" content=\"summary_large_image\" \/>\n<meta name=\"twitter:label1\" content=\"Est. reading time\" \/>\n\t<meta name=\"twitter:data1\" content=\"2 minutes\" \/>\n<script type=\"application\/ld+json\" class=\"yoast-schema-graph\">{\"@context\":\"https:\\\/\\\/schema.org\",\"@graph\":[{\"@type\":\"WebPage\",\"@id\":\"https:\\\/\\\/uus.addinol.ee\\\/lt\\\/toode\\\/ketioli-foodproof-xhf-460-s-spray\\\/\",\"url\":\"https:\\\/\\\/uus.addinol.ee\\\/lt\\\/toode\\\/ketioli-foodproof-xhf-460-s-spray\\\/\",\"name\":\"Keti\u00f5li FoodProof XHF 460 S Spray - ADDINOL\",\"isPartOf\":{\"@id\":\"https:\\\/\\\/uus.addinol.ee\\\/lt\\\/#website\"},\"primaryImageOfPage\":{\"@id\":\"https:\\\/\\\/uus.addinol.ee\\\/lt\\\/toode\\\/ketioli-foodproof-xhf-460-s-spray\\\/#primaryimage\"},\"image\":{\"@id\":\"https:\\\/\\\/uus.addinol.ee\\\/lt\\\/toode\\\/ketioli-foodproof-xhf-460-s-spray\\\/#primaryimage\"},\"thumbnailUrl\":\"https:\\\/\\\/uus.addinol.ee\\\/wp-content\\\/uploads\\\/2024\\\/12\\\/ketioli-foodproof-xhf-460-s-spray-e1618813239858.png\",\"datePublished\":\"2024-12-31T12:24:28+00:00\",\"dateModified\":\"2025-10-14T08:35:08+00:00\",\"breadcrumb\":{\"@id\":\"https:\\\/\\\/uus.addinol.ee\\\/lt\\\/toode\\\/ketioli-foodproof-xhf-460-s-spray\\\/#breadcrumb\"},\"inLanguage\":\"lt-LT\",\"potentialAction\":[{\"@type\":\"ReadAction\",\"target\":[\"https:\\\/\\\/uus.addinol.ee\\\/lt\\\/toode\\\/ketioli-foodproof-xhf-460-s-spray\\\/\"]}]},{\"@type\":\"ImageObject\",\"inLanguage\":\"lt-LT\",\"@id\":\"https:\\\/\\\/uus.addinol.ee\\\/lt\\\/toode\\\/ketioli-foodproof-xhf-460-s-spray\\\/#primaryimage\",\"url\":\"https:\\\/\\\/uus.addinol.ee\\\/wp-content\\\/uploads\\\/2024\\\/12\\\/ketioli-foodproof-xhf-460-s-spray-e1618813239858.png\",\"contentUrl\":\"https:\\\/\\\/uus.addinol.ee\\\/wp-content\\\/uploads\\\/2024\\\/12\\\/ketioli-foodproof-xhf-460-s-spray-e1618813239858.png\",\"width\":500,\"height\":500},{\"@type\":\"BreadcrumbList\",\"@id\":\"https:\\\/\\\/uus.addinol.ee\\\/lt\\\/toode\\\/ketioli-foodproof-xhf-460-s-spray\\\/#breadcrumb\",\"itemListElement\":[{\"@type\":\"ListItem\",\"position\":1,\"name\":\"ADDINOL\",\"item\":\"https:\\\/\\\/uus.addinol.ee\\\/lt\\\/\"},{\"@type\":\"ListItem\",\"position\":2,\"name\":\"E-pood\",\"item\":\"https:\\\/\\\/uus.addinol.ee\\\/e-pood\\\/\"},{\"@type\":\"ListItem\",\"position\":3,\"name\":\"Keti\u00f5li FoodProof XHF 460 S Spray\"}]},{\"@type\":\"WebSite\",\"@id\":\"https:\\\/\\\/uus.addinol.ee\\\/lt\\\/#website\",\"url\":\"https:\\\/\\\/uus.addinol.ee\\\/lt\\\/\",\"name\":\"ADDINOL\",\"description\":\"Mootori&otilde;lid ja m&auml;&auml;&auml;rdeained igaks kasutusjuhuks\",\"publisher\":{\"@id\":\"https:\\\/\\\/uus.addinol.ee\\\/lt\\\/#organization\"},\"potentialAction\":[{\"@type\":\"SearchAction\",\"target\":{\"@type\":\"EntryPoint\",\"urlTemplate\":\"https:\\\/\\\/uus.addinol.ee\\\/lt\\\/?s={search_term_string}\"},\"query-input\":{\"@type\":\"PropertyValueSpecification\",\"valueRequired\":true,\"valueName\":\"search_term_string\"}}],\"inLanguage\":\"lt-LT\"},{\"@type\":\"Organization\",\"@id\":\"https:\\\/\\\/uus.addinol.ee\\\/lt\\\/#organization\",\"name\":\"ADDINOL\",\"url\":\"https:\\\/\\\/uus.addinol.ee\\\/lt\\\/\",\"logo\":{\"@type\":\"ImageObject\",\"inLanguage\":\"lt-LT\",\"@id\":\"https:\\\/\\\/uus.addinol.ee\\\/lt\\\/#\\\/schema\\\/logo\\\/image\\\/\",\"url\":\"https:\\\/\\\/uus.addinol.ee\\\/wp-content\\\/uploads\\\/2024\\\/10\\\/1200px-ADDINOL-Logo.webp\",\"contentUrl\":\"https:\\\/\\\/uus.addinol.ee\\\/wp-content\\\/uploads\\\/2024\\\/10\\\/1200px-ADDINOL-Logo.webp\",\"width\":1200,\"height\":431,\"caption\":\"ADDINOL\"},\"image\":{\"@id\":\"https:\\\/\\\/uus.addinol.ee\\\/lt\\\/#\\\/schema\\\/logo\\\/image\\\/\"},\"sameAs\":[\"https:\\\/\\\/www.facebook.com\\\/ADDINOLEesti\\\/\",\"https:\\\/\\\/www.instagram.com\\\/addinol_eesti\\\/\"]}]}<\/script>\n<!-- \/ Yoast SEO plugin. -->","yoast_head_json":{"title":"Keti\u00f5li FoodProof XHF 460 S Spray - ADDINOL","robots":{"index":"index","follow":"follow","max-snippet":"max-snippet:-1","max-image-preview":"max-image-preview:large","max-video-preview":"max-video-preview:-1"},"canonical":"https:\/\/uus.addinol.ee\/lt\/toode\/ketioli-foodproof-xhf-460-s-spray\/","og_locale":"lt_LT","og_type":"article","og_title":"Keti\u00f5li FoodProof XHF 460 S Spray - ADDINOL","og_description":"Keti\u00f5li ADDINOL FoodProof XHF 460 S on PAO baasil toodetud k\u00f5rge j\u00f5udlusega t\u00e4iss\u00fcnteetiline \u00f5li, mis on l\u00f5hnatu ja heledat v\u00e4rvi.  K\u00f5ik ADDINOL FoodProof XHF 460 S koostisosad on tervisele ohutud ning vastavad eurodirektiividele, NSF H1 kategooria, ko\u0161\u0161eri ja halal\u2019i n\u00f5uetele. Keti\u00f5li FoodProof XHF 460 S koostisosad vastavad rahvusvaheliselt tunnustatud FDA direktiivi n\u00f5uetele ega sisalda Euroopa Parlamendi ja n\u00f5ukogu (EL) m\u00e4\u00e4ruse nr 1169\/2011 lisa II kohaselt allergeene.","og_url":"https:\/\/uus.addinol.ee\/lt\/toode\/ketioli-foodproof-xhf-460-s-spray\/","og_site_name":"ADDINOL","article_publisher":"https:\/\/www.facebook.com\/ADDINOLEesti\/","article_modified_time":"2025-10-14T08:35:08+00:00","og_image":[{"width":500,"height":500,"url":"https:\/\/uus.addinol.ee\/wp-content\/uploads\/2024\/12\/ketioli-foodproof-xhf-460-s-spray-e1618813239858.png","type":"image\/png"}],"twitter_card":"summary_large_image","twitter_misc":{"Est. reading time":"2 minutes"},"schema":{"@context":"https:\/\/schema.org","@graph":[{"@type":"WebPage","@id":"https:\/\/uus.addinol.ee\/lt\/toode\/ketioli-foodproof-xhf-460-s-spray\/","url":"https:\/\/uus.addinol.ee\/lt\/toode\/ketioli-foodproof-xhf-460-s-spray\/","name":"Keti\u00f5li FoodProof XHF 460 S Spray - ADDINOL","isPartOf":{"@id":"https:\/\/uus.addinol.ee\/lt\/#website"},"primaryImageOfPage":{"@id":"https:\/\/uus.addinol.ee\/lt\/toode\/ketioli-foodproof-xhf-460-s-spray\/#primaryimage"},"image":{"@id":"https:\/\/uus.addinol.ee\/lt\/toode\/ketioli-foodproof-xhf-460-s-spray\/#primaryimage"},"thumbnailUrl":"https:\/\/uus.addinol.ee\/wp-content\/uploads\/2024\/12\/ketioli-foodproof-xhf-460-s-spray-e1618813239858.png","datePublished":"2024-12-31T12:24:28+00:00","dateModified":"2025-10-14T08:35:08+00:00","breadcrumb":{"@id":"https:\/\/uus.addinol.ee\/lt\/toode\/ketioli-foodproof-xhf-460-s-spray\/#breadcrumb"},"inLanguage":"lt-LT","potentialAction":[{"@type":"ReadAction","target":["https:\/\/uus.addinol.ee\/lt\/toode\/ketioli-foodproof-xhf-460-s-spray\/"]}]},{"@type":"ImageObject","inLanguage":"lt-LT","@id":"https:\/\/uus.addinol.ee\/lt\/toode\/ketioli-foodproof-xhf-460-s-spray\/#primaryimage","url":"https:\/\/uus.addinol.ee\/wp-content\/uploads\/2024\/12\/ketioli-foodproof-xhf-460-s-spray-e1618813239858.png","contentUrl":"https:\/\/uus.addinol.ee\/wp-content\/uploads\/2024\/12\/ketioli-foodproof-xhf-460-s-spray-e1618813239858.png","width":500,"height":500},{"@type":"BreadcrumbList","@id":"https:\/\/uus.addinol.ee\/lt\/toode\/ketioli-foodproof-xhf-460-s-spray\/#breadcrumb","itemListElement":[{"@type":"ListItem","position":1,"name":"ADDINOL","item":"https:\/\/uus.addinol.ee\/lt\/"},{"@type":"ListItem","position":2,"name":"E-pood","item":"https:\/\/uus.addinol.ee\/e-pood\/"},{"@type":"ListItem","position":3,"name":"Keti\u00f5li FoodProof XHF 460 S Spray"}]},{"@type":"WebSite","@id":"https:\/\/uus.addinol.ee\/lt\/#website","url":"https:\/\/uus.addinol.ee\/lt\/","name":"ADDINOL","description":"Mootori&otilde;lid ja m&auml;&auml;&auml;rdeained igaks kasutusjuhuks","publisher":{"@id":"https:\/\/uus.addinol.ee\/lt\/#organization"},"potentialAction":[{"@type":"SearchAction","target":{"@type":"EntryPoint","urlTemplate":"https:\/\/uus.addinol.ee\/lt\/?s={search_term_string}"},"query-input":{"@type":"PropertyValueSpecification","valueRequired":true,"valueName":"search_term_string"}}],"inLanguage":"lt-LT"},{"@type":"Organization","@id":"https:\/\/uus.addinol.ee\/lt\/#organization","name":"ADDINOL","url":"https:\/\/uus.addinol.ee\/lt\/","logo":{"@type":"ImageObject","inLanguage":"lt-LT","@id":"https:\/\/uus.addinol.ee\/lt\/#\/schema\/logo\/image\/","url":"https:\/\/uus.addinol.ee\/wp-content\/uploads\/2024\/10\/1200px-ADDINOL-Logo.webp","contentUrl":"https:\/\/uus.addinol.ee\/wp-content\/uploads\/2024\/10\/1200px-ADDINOL-Logo.webp","width":1200,"height":431,"caption":"ADDINOL"},"image":{"@id":"https:\/\/uus.addinol.ee\/lt\/#\/schema\/logo\/image\/"},"sameAs":["https:\/\/www.facebook.com\/ADDINOLEesti\/","https:\/\/www.instagram.com\/addinol_eesti\/"]}]}},"_links":{"self":[{"href":"https:\/\/uus.addinol.ee\/lt\/wp-json\/wp\/v2\/product\/6067","targetHints":{"allow":["GET"]}}],"collection":[{"href":"https:\/\/uus.addinol.ee\/lt\/wp-json\/wp\/v2\/product"}],"about":[{"href":"https:\/\/uus.addinol.ee\/lt\/wp-json\/wp\/v2\/types\/product"}],"wp:featuredmedia":[{"embeddable":true,"href":"https:\/\/uus.addinol.ee\/lt\/wp-json\/wp\/v2\/media\/6587"}],"wp:attachment":[{"href":"https:\/\/uus.addinol.ee\/lt\/wp-json\/wp\/v2\/media?parent=6067"}],"wp:term":[{"taxonomy":"viscosity","embeddable":true,"href":"https:\/\/uus.addinol.ee\/lt\/wp-json\/wp\/v2\/viscosity?post=6067"},{"taxonomy":"product_brand","embeddable":true,"href":"https:\/\/uus.addinol.ee\/lt\/wp-json\/wp\/v2\/product_brand?post=6067"},{"taxonomy":"product_cat","embeddable":true,"href":"https:\/\/uus.addinol.ee\/lt\/wp-json\/wp\/v2\/product_cat?post=6067"},{"taxonomy":"product_tag","embeddable":true,"href":"https:\/\/uus.addinol.ee\/lt\/wp-json\/wp\/v2\/product_tag?post=6067"},{"taxonomy":"inventory","embeddable":true,"href":"https:\/\/uus.addinol.ee\/lt\/wp-json\/wp\/v2\/inventory?post=6067"}],"curies":[{"name":"wp","href":"https:\/\/api.w.org\/{rel}","templated":true}]}}