{"id":6069,"date":"2024-12-31T12:24:28","date_gmt":"2024-12-31T12:24:28","guid":{"rendered":"https:\/\/addinol.ee\/toode\/transmissioonioli-gh-75-w-90\/"},"modified":"2025-07-04T11:39:51","modified_gmt":"2025-07-04T08:39:51","slug":"transmissioonioli-gh-75-w-90","status":"publish","type":"product","link":"https:\/\/uus.addinol.ee\/lt\/toode\/transmissioonioli-gh-75-w-90\/","title":{"rendered":"Transmissiooni\u00f5li GH 75 W 90"},"content":{"rendered":"<p><strong>Transmissiooni\u00f5li GH 75 W 90 KASUTUSV\u00d5IMALUSED:<\/strong><br \/>\n\u2022Transmissiooni\u00f5li GH 75 W 90 on ette n\u00e4htud kasutamiseks mootors\u00f5idukite ja t\u00f6\u00f6masinate raskelt koormatud h\u00fcpoid\u00fclekannetes, s\u00fcnkroniseeritud ja s\u00fcnkroniseerimata manuaalk\u00e4igukastides, jaotus- ja vahekastides.<\/p>\n<p><strong>Transmissiooni\u00f5li GH 75 W 90 SPETSIFIKATSIOON \/ LITSENTSID:<\/strong><br \/>\nTransmissiooni\u00f5li GH 75 W 90 t\u00e4idab ja \u00fcletab rahvusvahelisi spetsifikatsioone:<br \/>\n\u2022 API GL-4 \/ GL-5<br \/>\n\u2022 MIL-L-2105 D<\/p>\n<p>Transmissiooni\u00f5li GH 75 W 90 t\u00e4idab n\u00f5udeid:<br \/>\n\u2022 Bosch (ZF) TE-ML 08<br \/>\n\u2022 Volvo 97316 (GO101)<br \/>\n\u2022 VW 050 145, 050 150 (G 50)<br \/>\n\u2022 ZF TE-ML 07A<\/p>\n<p><strong>Transmissiooni\u00f5li GH 75 W 90 OMADUSED:<\/strong><br \/>\n\u2022 Viskoossuse v\u00e4ike s\u00f5ltuvus temperatuurist<br \/>\n\u2022 S\u00f6\u00f6bekindel<br \/>\n\u2022 Vananemiskindel<br \/>\n\u2022 K\u00f5rge nihkepinge stabiilsus<br \/>\n\u2022 Hea korrosioonikaitse<\/p>\n<p><strong>Transmissiooni\u00f5li GH 75 W 90 EELISED TARBIJALE:<\/strong><br \/>\n\u2022 Tagatud v\u00e4ga hea k\u00e4ivitumine ja k\u00e4ikude l\u00fclitumine ka talvistes tingimustes<br \/>\n\u2022 K\u00e4igukasti hea koormustaluvus<br \/>\n\u2022 \u00d5li pikk t\u00f6\u00f6iga<br \/>\n\u2022 M\u00e4\u00e4rib laitmatult ka suurimatel koormustel<br \/>\n\u2022 K\u00e4igukastiosade suurep\u00e4rane kaitse, v\u00e4iksed hooldus- ja remondikulud<\/p>\n","protected":false},"excerpt":{"rendered":"<p>Transmissiooni\u00f5li ADDINOL Getriebe\u00f6l GH 75 W 90 on t\u00e4iss\u00fcnteetilistest baas\u00f5lidest ning fosforit ja v\u00e4\u00e4vlit sisaldavatest manustest valmistatud k\u00f5rge j\u00f5udlusega toode.<\/p>\n","protected":false},"featured_media":6070,"template":"","meta":{"_acf_changed":false},"viscosity":[],"product_brand":[],"product_cat":[150,212],"product_tag":[],"inventory":[],"class_list":{"0":"post-6069","1":"product","2":"type-product","3":"status-publish","4":"has-post-thumbnail","6":"product_cat-mootorsoidukite-maardeained","7":"product_cat-transmissiooniolid-mootorsoidukite-maardeained","8":"pa_vali-pakend-getriebeol-gh-75-w-90-1l","9":"pa_vali-pakend-getriebeol-gh-75-w-90-205l","10":"pa_vali-pakend-getriebeol-gh-75-w-90-20l","11":"pa_vali-pakend-getriebeol-gh-75-w-90-4l","12":"pa_vali-pakend-gh75w90-1l","13":"pa_vali-pakend-gh75w90-205l","14":"pa_vali-pakend-gh75w90-20l","15":"pa_vali-pakend-gh75w90-4l","17":"first","18":"instock","19":"taxable","20":"shipping-taxable","21":"purchasable","22":"product-type-variable"},"acf":[],"yoast_head":"<!-- This site is optimized with the Yoast SEO plugin v27.5 - https:\/\/yoast.com\/product\/yoast-seo-wordpress\/ -->\n<title>Transmissiooni\u00f5li GH 75 W 90 - ADDINOL<\/title>\n<meta name=\"robots\" content=\"index, follow, max-snippet:-1, max-image-preview:large, max-video-preview:-1\" \/>\n<link rel=\"canonical\" href=\"https:\/\/uus.addinol.ee\/lt\/toode\/transmissioonioli-gh-75-w-90\/\" \/>\n<meta property=\"og:locale\" content=\"lt_LT\" \/>\n<meta property=\"og:type\" content=\"article\" \/>\n<meta property=\"og:title\" content=\"Transmissiooni\u00f5li GH 75 W 90 - ADDINOL\" \/>\n<meta property=\"og:description\" content=\"Transmissiooni\u00f5li ADDINOL Getriebe\u00f6l GH 75 W 90 on t\u00e4iss\u00fcnteetilistest baas\u00f5lidest ning fosforit ja v\u00e4\u00e4vlit sisaldavatest manustest valmistatud k\u00f5rge j\u00f5udlusega toode.\" \/>\n<meta property=\"og:url\" content=\"https:\/\/uus.addinol.ee\/lt\/toode\/transmissioonioli-gh-75-w-90\/\" \/>\n<meta property=\"og:site_name\" content=\"ADDINOL\" \/>\n<meta property=\"article:publisher\" content=\"https:\/\/www.facebook.com\/ADDINOLEesti\/\" \/>\n<meta property=\"article:modified_time\" content=\"2025-07-04T08:39:51+00:00\" \/>\n<meta property=\"og:image\" content=\"https:\/\/uus.addinol.ee\/wp-content\/uploads\/2024\/12\/gh-75w-90-3.png\" \/>\n\t<meta property=\"og:image:width\" content=\"1280\" \/>\n\t<meta property=\"og:image:height\" content=\"1811\" \/>\n\t<meta property=\"og:image:type\" content=\"image\/png\" \/>\n<meta name=\"twitter:card\" content=\"summary_large_image\" \/>\n<meta name=\"twitter:label1\" content=\"Est. reading time\" \/>\n\t<meta name=\"twitter:data1\" content=\"1 minute\" \/>\n<script type=\"application\/ld+json\" class=\"yoast-schema-graph\">{\"@context\":\"https:\\\/\\\/schema.org\",\"@graph\":[{\"@type\":\"WebPage\",\"@id\":\"https:\\\/\\\/uus.addinol.ee\\\/lt\\\/toode\\\/transmissioonioli-gh-75-w-90\\\/\",\"url\":\"https:\\\/\\\/uus.addinol.ee\\\/lt\\\/toode\\\/transmissioonioli-gh-75-w-90\\\/\",\"name\":\"Transmissiooni\u00f5li GH 75 W 90 - ADDINOL\",\"isPartOf\":{\"@id\":\"https:\\\/\\\/uus.addinol.ee\\\/lt\\\/#website\"},\"primaryImageOfPage\":{\"@id\":\"https:\\\/\\\/uus.addinol.ee\\\/lt\\\/toode\\\/transmissioonioli-gh-75-w-90\\\/#primaryimage\"},\"image\":{\"@id\":\"https:\\\/\\\/uus.addinol.ee\\\/lt\\\/toode\\\/transmissioonioli-gh-75-w-90\\\/#primaryimage\"},\"thumbnailUrl\":\"https:\\\/\\\/uus.addinol.ee\\\/wp-content\\\/uploads\\\/2024\\\/12\\\/gh-75w-90-3.png\",\"datePublished\":\"2024-12-31T12:24:28+00:00\",\"dateModified\":\"2025-07-04T08:39:51+00:00\",\"breadcrumb\":{\"@id\":\"https:\\\/\\\/uus.addinol.ee\\\/lt\\\/toode\\\/transmissioonioli-gh-75-w-90\\\/#breadcrumb\"},\"inLanguage\":\"lt-LT\",\"potentialAction\":[{\"@type\":\"ReadAction\",\"target\":[\"https:\\\/\\\/uus.addinol.ee\\\/lt\\\/toode\\\/transmissioonioli-gh-75-w-90\\\/\"]}]},{\"@type\":\"ImageObject\",\"inLanguage\":\"lt-LT\",\"@id\":\"https:\\\/\\\/uus.addinol.ee\\\/lt\\\/toode\\\/transmissioonioli-gh-75-w-90\\\/#primaryimage\",\"url\":\"https:\\\/\\\/uus.addinol.ee\\\/wp-content\\\/uploads\\\/2024\\\/12\\\/gh-75w-90-3.png\",\"contentUrl\":\"https:\\\/\\\/uus.addinol.ee\\\/wp-content\\\/uploads\\\/2024\\\/12\\\/gh-75w-90-3.png\",\"width\":1280,\"height\":1811},{\"@type\":\"BreadcrumbList\",\"@id\":\"https:\\\/\\\/uus.addinol.ee\\\/lt\\\/toode\\\/transmissioonioli-gh-75-w-90\\\/#breadcrumb\",\"itemListElement\":[{\"@type\":\"ListItem\",\"position\":1,\"name\":\"ADDINOL\",\"item\":\"https:\\\/\\\/uus.addinol.ee\\\/lt\\\/\"},{\"@type\":\"ListItem\",\"position\":2,\"name\":\"E-pood\",\"item\":\"https:\\\/\\\/uus.addinol.ee\\\/e-pood\\\/\"},{\"@type\":\"ListItem\",\"position\":3,\"name\":\"Transmissiooni\u00f5li GH 75 W 90\"}]},{\"@type\":\"WebSite\",\"@id\":\"https:\\\/\\\/uus.addinol.ee\\\/lt\\\/#website\",\"url\":\"https:\\\/\\\/uus.addinol.ee\\\/lt\\\/\",\"name\":\"ADDINOL\",\"description\":\"Mootori&otilde;lid ja m&auml;&auml;&auml;rdeained igaks kasutusjuhuks\",\"publisher\":{\"@id\":\"https:\\\/\\\/uus.addinol.ee\\\/lt\\\/#organization\"},\"potentialAction\":[{\"@type\":\"SearchAction\",\"target\":{\"@type\":\"EntryPoint\",\"urlTemplate\":\"https:\\\/\\\/uus.addinol.ee\\\/lt\\\/?s={search_term_string}\"},\"query-input\":{\"@type\":\"PropertyValueSpecification\",\"valueRequired\":true,\"valueName\":\"search_term_string\"}}],\"inLanguage\":\"lt-LT\"},{\"@type\":\"Organization\",\"@id\":\"https:\\\/\\\/uus.addinol.ee\\\/lt\\\/#organization\",\"name\":\"ADDINOL\",\"url\":\"https:\\\/\\\/uus.addinol.ee\\\/lt\\\/\",\"logo\":{\"@type\":\"ImageObject\",\"inLanguage\":\"lt-LT\",\"@id\":\"https:\\\/\\\/uus.addinol.ee\\\/lt\\\/#\\\/schema\\\/logo\\\/image\\\/\",\"url\":\"https:\\\/\\\/uus.addinol.ee\\\/wp-content\\\/uploads\\\/2024\\\/10\\\/1200px-ADDINOL-Logo.webp\",\"contentUrl\":\"https:\\\/\\\/uus.addinol.ee\\\/wp-content\\\/uploads\\\/2024\\\/10\\\/1200px-ADDINOL-Logo.webp\",\"width\":1200,\"height\":431,\"caption\":\"ADDINOL\"},\"image\":{\"@id\":\"https:\\\/\\\/uus.addinol.ee\\\/lt\\\/#\\\/schema\\\/logo\\\/image\\\/\"},\"sameAs\":[\"https:\\\/\\\/www.facebook.com\\\/ADDINOLEesti\\\/\",\"https:\\\/\\\/www.instagram.com\\\/addinol_eesti\\\/\"]}]}<\/script>\n<!-- \/ Yoast SEO plugin. -->","yoast_head_json":{"title":"Transmissiooni\u00f5li GH 75 W 90 - ADDINOL","robots":{"index":"index","follow":"follow","max-snippet":"max-snippet:-1","max-image-preview":"max-image-preview:large","max-video-preview":"max-video-preview:-1"},"canonical":"https:\/\/uus.addinol.ee\/lt\/toode\/transmissioonioli-gh-75-w-90\/","og_locale":"lt_LT","og_type":"article","og_title":"Transmissiooni\u00f5li GH 75 W 90 - ADDINOL","og_description":"Transmissiooni\u00f5li ADDINOL Getriebe\u00f6l GH 75 W 90 on t\u00e4iss\u00fcnteetilistest baas\u00f5lidest ning fosforit ja v\u00e4\u00e4vlit sisaldavatest manustest valmistatud k\u00f5rge j\u00f5udlusega toode.","og_url":"https:\/\/uus.addinol.ee\/lt\/toode\/transmissioonioli-gh-75-w-90\/","og_site_name":"ADDINOL","article_publisher":"https:\/\/www.facebook.com\/ADDINOLEesti\/","article_modified_time":"2025-07-04T08:39:51+00:00","og_image":[{"width":1280,"height":1811,"url":"https:\/\/uus.addinol.ee\/wp-content\/uploads\/2024\/12\/gh-75w-90-3.png","type":"image\/png"}],"twitter_card":"summary_large_image","twitter_misc":{"Est. reading time":"1 minute"},"schema":{"@context":"https:\/\/schema.org","@graph":[{"@type":"WebPage","@id":"https:\/\/uus.addinol.ee\/lt\/toode\/transmissioonioli-gh-75-w-90\/","url":"https:\/\/uus.addinol.ee\/lt\/toode\/transmissioonioli-gh-75-w-90\/","name":"Transmissiooni\u00f5li GH 75 W 90 - ADDINOL","isPartOf":{"@id":"https:\/\/uus.addinol.ee\/lt\/#website"},"primaryImageOfPage":{"@id":"https:\/\/uus.addinol.ee\/lt\/toode\/transmissioonioli-gh-75-w-90\/#primaryimage"},"image":{"@id":"https:\/\/uus.addinol.ee\/lt\/toode\/transmissioonioli-gh-75-w-90\/#primaryimage"},"thumbnailUrl":"https:\/\/uus.addinol.ee\/wp-content\/uploads\/2024\/12\/gh-75w-90-3.png","datePublished":"2024-12-31T12:24:28+00:00","dateModified":"2025-07-04T08:39:51+00:00","breadcrumb":{"@id":"https:\/\/uus.addinol.ee\/lt\/toode\/transmissioonioli-gh-75-w-90\/#breadcrumb"},"inLanguage":"lt-LT","potentialAction":[{"@type":"ReadAction","target":["https:\/\/uus.addinol.ee\/lt\/toode\/transmissioonioli-gh-75-w-90\/"]}]},{"@type":"ImageObject","inLanguage":"lt-LT","@id":"https:\/\/uus.addinol.ee\/lt\/toode\/transmissioonioli-gh-75-w-90\/#primaryimage","url":"https:\/\/uus.addinol.ee\/wp-content\/uploads\/2024\/12\/gh-75w-90-3.png","contentUrl":"https:\/\/uus.addinol.ee\/wp-content\/uploads\/2024\/12\/gh-75w-90-3.png","width":1280,"height":1811},{"@type":"BreadcrumbList","@id":"https:\/\/uus.addinol.ee\/lt\/toode\/transmissioonioli-gh-75-w-90\/#breadcrumb","itemListElement":[{"@type":"ListItem","position":1,"name":"ADDINOL","item":"https:\/\/uus.addinol.ee\/lt\/"},{"@type":"ListItem","position":2,"name":"E-pood","item":"https:\/\/uus.addinol.ee\/e-pood\/"},{"@type":"ListItem","position":3,"name":"Transmissiooni\u00f5li GH 75 W 90"}]},{"@type":"WebSite","@id":"https:\/\/uus.addinol.ee\/lt\/#website","url":"https:\/\/uus.addinol.ee\/lt\/","name":"ADDINOL","description":"Mootori&otilde;lid ja m&auml;&auml;&auml;rdeained igaks kasutusjuhuks","publisher":{"@id":"https:\/\/uus.addinol.ee\/lt\/#organization"},"potentialAction":[{"@type":"SearchAction","target":{"@type":"EntryPoint","urlTemplate":"https:\/\/uus.addinol.ee\/lt\/?s={search_term_string}"},"query-input":{"@type":"PropertyValueSpecification","valueRequired":true,"valueName":"search_term_string"}}],"inLanguage":"lt-LT"},{"@type":"Organization","@id":"https:\/\/uus.addinol.ee\/lt\/#organization","name":"ADDINOL","url":"https:\/\/uus.addinol.ee\/lt\/","logo":{"@type":"ImageObject","inLanguage":"lt-LT","@id":"https:\/\/uus.addinol.ee\/lt\/#\/schema\/logo\/image\/","url":"https:\/\/uus.addinol.ee\/wp-content\/uploads\/2024\/10\/1200px-ADDINOL-Logo.webp","contentUrl":"https:\/\/uus.addinol.ee\/wp-content\/uploads\/2024\/10\/1200px-ADDINOL-Logo.webp","width":1200,"height":431,"caption":"ADDINOL"},"image":{"@id":"https:\/\/uus.addinol.ee\/lt\/#\/schema\/logo\/image\/"},"sameAs":["https:\/\/www.facebook.com\/ADDINOLEesti\/","https:\/\/www.instagram.com\/addinol_eesti\/"]}]}},"_links":{"self":[{"href":"https:\/\/uus.addinol.ee\/lt\/wp-json\/wp\/v2\/product\/6069","targetHints":{"allow":["GET"]}}],"collection":[{"href":"https:\/\/uus.addinol.ee\/lt\/wp-json\/wp\/v2\/product"}],"about":[{"href":"https:\/\/uus.addinol.ee\/lt\/wp-json\/wp\/v2\/types\/product"}],"wp:featuredmedia":[{"embeddable":true,"href":"https:\/\/uus.addinol.ee\/lt\/wp-json\/wp\/v2\/media\/6070"}],"wp:attachment":[{"href":"https:\/\/uus.addinol.ee\/lt\/wp-json\/wp\/v2\/media?parent=6069"}],"wp:term":[{"taxonomy":"viscosity","embeddable":true,"href":"https:\/\/uus.addinol.ee\/lt\/wp-json\/wp\/v2\/viscosity?post=6069"},{"taxonomy":"product_brand","embeddable":true,"href":"https:\/\/uus.addinol.ee\/lt\/wp-json\/wp\/v2\/product_brand?post=6069"},{"taxonomy":"product_cat","embeddable":true,"href":"https:\/\/uus.addinol.ee\/lt\/wp-json\/wp\/v2\/product_cat?post=6069"},{"taxonomy":"product_tag","embeddable":true,"href":"https:\/\/uus.addinol.ee\/lt\/wp-json\/wp\/v2\/product_tag?post=6069"},{"taxonomy":"inventory","embeddable":true,"href":"https:\/\/uus.addinol.ee\/lt\/wp-json\/wp\/v2\/inventory?post=6069"}],"curies":[{"name":"wp","href":"https:\/\/api.w.org\/{rel}","templated":true}]}}