{"id":6074,"date":"2024-12-31T12:24:28","date_gmt":"2024-12-31T12:24:28","guid":{"rendered":"https:\/\/addinol.ee\/toode\/transmissioonioli-gh-80-w-90-ls\/"},"modified":"2025-07-04T11:39:51","modified_gmt":"2025-07-04T08:39:51","slug":"transmissioonioli-gh-80-w-90-ls","status":"publish","type":"product","link":"https:\/\/uus.addinol.ee\/lt\/toode\/transmissioonioli-gh-80-w-90-ls\/","title":{"rendered":"Transmissiooni\u00f5li GH 80 W 90 LS"},"content":{"rendered":"<p><strong>Transmissiooni\u00f5li GH 80 W 90 LS KASUTUSV\u00d5IMALUSED:<\/strong><br \/>\n\u2022 Sobib spetsiaalselt mootor- ja tarbes\u00f5idukite piiratud libisemisega (iseblokeeruva diferentsiaaliga) pea\u00fclekannete m\u00e4\u00e4rimiseks.<br \/>\n\u2022 Transmissiooni\u00f5li GH 80 W 90 LS sobib asutamiseks p\u00f5llu- ja metsamajanduses ning ehitust\u00f6\u00f6stuses.<br \/>\n\u2022 Sobib ka iseblokeeruva diferentsiaalita h\u00fcpoid\u00fclekannetesse.<\/p>\n<p><strong>Transmissiooni\u00f5li GH 80 W 90 LS SPETSIFIKATSIOON \/ LITSENTSID:<\/strong><br \/>\nTransmissiooni\u00f5li GH 80 W 90 LS t\u00e4idab ja \u00fcletab rahvusvahelisi spetsifikatsioone:<br \/>\n\u2022 API GL-5<br \/>\n\u2022 MIL-L-2105 D<\/p>\n<p>Transmissiooni\u00f5li GH 80 W 90 LS omab litsentse:<br \/>\n\u2022 ZF000703: ZF TE-ML 05C, 12C, 21C<\/p>\n<p>Transmissiooni\u00f5li GH 80 W 90 LS t\u00e4idab n\u00f5udeid:<br \/>\n\u2022 MB litsents 235.0<br \/>\n\u2022 MAN 342 M1 (MAN 342 N)<br \/>\n\u2022 Volvo 97310 ja 97314<br \/>\n\u2022 DAF<br \/>\n\u2022 ZF TE-ML 07A<\/p>\n<p><strong>Transmissiooni\u00f5li GH 80 W 90 LS OMADUSED:<\/strong><br \/>\n\u2022 Sisaldab spetsiaalseid P\/S ja m\u00fcra summutavaid manuseid<br \/>\n\u2022 Sisaldab limited slip manuseid<br \/>\n\u2022 Hea kulumis- ja korrosioonikaitse<\/p>\n<p><strong>Transmissiooni\u00f5li GH 80 W 90 LS EELISED TARBIJALE:<\/strong><br \/>\n\u2022 Stabiilne, surve- ja katkemiskindel \u00f5likelme<br \/>\n\u2022 V\u00e4listatud soovimatu libisemine<br \/>\n\u2022 \u00dclekandeosade suurep\u00e4rane kaitse, v\u00e4iksed hooldus- ja remondikulud<\/p>\n","protected":false},"excerpt":{"rendered":"<p>Transmissiooni\u00f5li ADDINOL Getriebe\u00f6l GH 80 W 90 LS koosneb vananemiskindlatest mineraal\u00f5li rafinaatidest, fosforit ja v\u00e4\u00e4vlit sisaldavast manusekomplektist ning spetsiaalsest manusest, mis summutab iseblokeeruva diferentsiaali m\u00fcra ja vibratsiooni.<\/p>\n","protected":false},"featured_media":6075,"template":"","meta":{"_acf_changed":false},"viscosity":[],"product_brand":[],"product_cat":[150,212],"product_tag":[],"inventory":[],"class_list":{"0":"post-6074","1":"product","2":"type-product","3":"status-publish","4":"has-post-thumbnail","6":"product_cat-mootorsoidukite-maardeained","7":"product_cat-transmissiooniolid-mootorsoidukite-maardeained","8":"pa_vali-pakend-getriebeol-gh-80-w-90-ls-1l","9":"pa_vali-pakend-getriebeol-gh-80-w-90-ls-205l","10":"pa_vali-pakend-getriebeol-gh-80-w-90-ls-20l","11":"pa_vali-pakend-gh80w90ls-1l","12":"pa_vali-pakend-gh80w90ls-205l","13":"pa_vali-pakend-gh80w90ls-20l","15":"first","16":"instock","17":"taxable","18":"shipping-taxable","19":"purchasable","20":"product-type-variable"},"acf":[],"yoast_head":"<!-- This site is optimized with the Yoast SEO plugin v27.5 - https:\/\/yoast.com\/product\/yoast-seo-wordpress\/ -->\n<title>Transmissiooni\u00f5li GH 80 W 90 LS - ADDINOL<\/title>\n<meta name=\"robots\" content=\"index, follow, max-snippet:-1, max-image-preview:large, max-video-preview:-1\" \/>\n<link rel=\"canonical\" href=\"https:\/\/uus.addinol.ee\/lt\/toode\/transmissioonioli-gh-80-w-90-ls\/\" \/>\n<meta property=\"og:locale\" content=\"lt_LT\" \/>\n<meta property=\"og:type\" content=\"article\" \/>\n<meta property=\"og:title\" content=\"Transmissiooni\u00f5li GH 80 W 90 LS - ADDINOL\" \/>\n<meta property=\"og:description\" content=\"Transmissiooni\u00f5li ADDINOL Getriebe\u00f6l GH 80 W 90 LS koosneb vananemiskindlatest mineraal\u00f5li rafinaatidest, fosforit ja v\u00e4\u00e4vlit sisaldavast manusekomplektist ning spetsiaalsest manusest, mis summutab iseblokeeruva diferentsiaali m\u00fcra ja vibratsiooni.\" \/>\n<meta property=\"og:url\" content=\"https:\/\/uus.addinol.ee\/lt\/toode\/transmissioonioli-gh-80-w-90-ls\/\" \/>\n<meta property=\"og:site_name\" content=\"ADDINOL\" \/>\n<meta property=\"article:publisher\" content=\"https:\/\/www.facebook.com\/ADDINOLEesti\/\" \/>\n<meta property=\"article:modified_time\" content=\"2025-07-04T08:39:51+00:00\" \/>\n<meta property=\"og:image\" content=\"https:\/\/uus.addinol.ee\/wp-content\/uploads\/2024\/12\/gh-80-w-90-ls-3.jpg\" \/>\n\t<meta property=\"og:image:width\" content=\"418\" \/>\n\t<meta property=\"og:image:height\" content=\"800\" \/>\n\t<meta property=\"og:image:type\" content=\"image\/jpeg\" \/>\n<meta name=\"twitter:card\" content=\"summary_large_image\" \/>\n<meta name=\"twitter:label1\" content=\"Est. reading time\" \/>\n\t<meta name=\"twitter:data1\" content=\"1 minute\" \/>\n<script type=\"application\/ld+json\" class=\"yoast-schema-graph\">{\"@context\":\"https:\\\/\\\/schema.org\",\"@graph\":[{\"@type\":\"WebPage\",\"@id\":\"https:\\\/\\\/uus.addinol.ee\\\/lt\\\/toode\\\/transmissioonioli-gh-80-w-90-ls\\\/\",\"url\":\"https:\\\/\\\/uus.addinol.ee\\\/lt\\\/toode\\\/transmissioonioli-gh-80-w-90-ls\\\/\",\"name\":\"Transmissiooni\u00f5li GH 80 W 90 LS - ADDINOL\",\"isPartOf\":{\"@id\":\"https:\\\/\\\/uus.addinol.ee\\\/lt\\\/#website\"},\"primaryImageOfPage\":{\"@id\":\"https:\\\/\\\/uus.addinol.ee\\\/lt\\\/toode\\\/transmissioonioli-gh-80-w-90-ls\\\/#primaryimage\"},\"image\":{\"@id\":\"https:\\\/\\\/uus.addinol.ee\\\/lt\\\/toode\\\/transmissioonioli-gh-80-w-90-ls\\\/#primaryimage\"},\"thumbnailUrl\":\"https:\\\/\\\/uus.addinol.ee\\\/wp-content\\\/uploads\\\/2024\\\/12\\\/gh-80-w-90-ls-3.jpg\",\"datePublished\":\"2024-12-31T12:24:28+00:00\",\"dateModified\":\"2025-07-04T08:39:51+00:00\",\"breadcrumb\":{\"@id\":\"https:\\\/\\\/uus.addinol.ee\\\/lt\\\/toode\\\/transmissioonioli-gh-80-w-90-ls\\\/#breadcrumb\"},\"inLanguage\":\"lt-LT\",\"potentialAction\":[{\"@type\":\"ReadAction\",\"target\":[\"https:\\\/\\\/uus.addinol.ee\\\/lt\\\/toode\\\/transmissioonioli-gh-80-w-90-ls\\\/\"]}]},{\"@type\":\"ImageObject\",\"inLanguage\":\"lt-LT\",\"@id\":\"https:\\\/\\\/uus.addinol.ee\\\/lt\\\/toode\\\/transmissioonioli-gh-80-w-90-ls\\\/#primaryimage\",\"url\":\"https:\\\/\\\/uus.addinol.ee\\\/wp-content\\\/uploads\\\/2024\\\/12\\\/gh-80-w-90-ls-3.jpg\",\"contentUrl\":\"https:\\\/\\\/uus.addinol.ee\\\/wp-content\\\/uploads\\\/2024\\\/12\\\/gh-80-w-90-ls-3.jpg\",\"width\":418,\"height\":800},{\"@type\":\"BreadcrumbList\",\"@id\":\"https:\\\/\\\/uus.addinol.ee\\\/lt\\\/toode\\\/transmissioonioli-gh-80-w-90-ls\\\/#breadcrumb\",\"itemListElement\":[{\"@type\":\"ListItem\",\"position\":1,\"name\":\"ADDINOL\",\"item\":\"https:\\\/\\\/uus.addinol.ee\\\/lt\\\/\"},{\"@type\":\"ListItem\",\"position\":2,\"name\":\"E-pood\",\"item\":\"https:\\\/\\\/uus.addinol.ee\\\/e-pood\\\/\"},{\"@type\":\"ListItem\",\"position\":3,\"name\":\"Transmissiooni\u00f5li GH 80 W 90 LS\"}]},{\"@type\":\"WebSite\",\"@id\":\"https:\\\/\\\/uus.addinol.ee\\\/lt\\\/#website\",\"url\":\"https:\\\/\\\/uus.addinol.ee\\\/lt\\\/\",\"name\":\"ADDINOL\",\"description\":\"Mootori&otilde;lid ja m&auml;&auml;&auml;rdeained igaks kasutusjuhuks\",\"publisher\":{\"@id\":\"https:\\\/\\\/uus.addinol.ee\\\/lt\\\/#organization\"},\"potentialAction\":[{\"@type\":\"SearchAction\",\"target\":{\"@type\":\"EntryPoint\",\"urlTemplate\":\"https:\\\/\\\/uus.addinol.ee\\\/lt\\\/?s={search_term_string}\"},\"query-input\":{\"@type\":\"PropertyValueSpecification\",\"valueRequired\":true,\"valueName\":\"search_term_string\"}}],\"inLanguage\":\"lt-LT\"},{\"@type\":\"Organization\",\"@id\":\"https:\\\/\\\/uus.addinol.ee\\\/lt\\\/#organization\",\"name\":\"ADDINOL\",\"url\":\"https:\\\/\\\/uus.addinol.ee\\\/lt\\\/\",\"logo\":{\"@type\":\"ImageObject\",\"inLanguage\":\"lt-LT\",\"@id\":\"https:\\\/\\\/uus.addinol.ee\\\/lt\\\/#\\\/schema\\\/logo\\\/image\\\/\",\"url\":\"https:\\\/\\\/uus.addinol.ee\\\/wp-content\\\/uploads\\\/2024\\\/10\\\/1200px-ADDINOL-Logo.webp\",\"contentUrl\":\"https:\\\/\\\/uus.addinol.ee\\\/wp-content\\\/uploads\\\/2024\\\/10\\\/1200px-ADDINOL-Logo.webp\",\"width\":1200,\"height\":431,\"caption\":\"ADDINOL\"},\"image\":{\"@id\":\"https:\\\/\\\/uus.addinol.ee\\\/lt\\\/#\\\/schema\\\/logo\\\/image\\\/\"},\"sameAs\":[\"https:\\\/\\\/www.facebook.com\\\/ADDINOLEesti\\\/\",\"https:\\\/\\\/www.instagram.com\\\/addinol_eesti\\\/\"]}]}<\/script>\n<!-- \/ Yoast SEO plugin. -->","yoast_head_json":{"title":"Transmissiooni\u00f5li GH 80 W 90 LS - ADDINOL","robots":{"index":"index","follow":"follow","max-snippet":"max-snippet:-1","max-image-preview":"max-image-preview:large","max-video-preview":"max-video-preview:-1"},"canonical":"https:\/\/uus.addinol.ee\/lt\/toode\/transmissioonioli-gh-80-w-90-ls\/","og_locale":"lt_LT","og_type":"article","og_title":"Transmissiooni\u00f5li GH 80 W 90 LS - ADDINOL","og_description":"Transmissiooni\u00f5li ADDINOL Getriebe\u00f6l GH 80 W 90 LS koosneb vananemiskindlatest mineraal\u00f5li rafinaatidest, fosforit ja v\u00e4\u00e4vlit sisaldavast manusekomplektist ning spetsiaalsest manusest, mis summutab iseblokeeruva diferentsiaali m\u00fcra ja vibratsiooni.","og_url":"https:\/\/uus.addinol.ee\/lt\/toode\/transmissioonioli-gh-80-w-90-ls\/","og_site_name":"ADDINOL","article_publisher":"https:\/\/www.facebook.com\/ADDINOLEesti\/","article_modified_time":"2025-07-04T08:39:51+00:00","og_image":[{"width":418,"height":800,"url":"https:\/\/uus.addinol.ee\/wp-content\/uploads\/2024\/12\/gh-80-w-90-ls-3.jpg","type":"image\/jpeg"}],"twitter_card":"summary_large_image","twitter_misc":{"Est. reading time":"1 minute"},"schema":{"@context":"https:\/\/schema.org","@graph":[{"@type":"WebPage","@id":"https:\/\/uus.addinol.ee\/lt\/toode\/transmissioonioli-gh-80-w-90-ls\/","url":"https:\/\/uus.addinol.ee\/lt\/toode\/transmissioonioli-gh-80-w-90-ls\/","name":"Transmissiooni\u00f5li GH 80 W 90 LS - ADDINOL","isPartOf":{"@id":"https:\/\/uus.addinol.ee\/lt\/#website"},"primaryImageOfPage":{"@id":"https:\/\/uus.addinol.ee\/lt\/toode\/transmissioonioli-gh-80-w-90-ls\/#primaryimage"},"image":{"@id":"https:\/\/uus.addinol.ee\/lt\/toode\/transmissioonioli-gh-80-w-90-ls\/#primaryimage"},"thumbnailUrl":"https:\/\/uus.addinol.ee\/wp-content\/uploads\/2024\/12\/gh-80-w-90-ls-3.jpg","datePublished":"2024-12-31T12:24:28+00:00","dateModified":"2025-07-04T08:39:51+00:00","breadcrumb":{"@id":"https:\/\/uus.addinol.ee\/lt\/toode\/transmissioonioli-gh-80-w-90-ls\/#breadcrumb"},"inLanguage":"lt-LT","potentialAction":[{"@type":"ReadAction","target":["https:\/\/uus.addinol.ee\/lt\/toode\/transmissioonioli-gh-80-w-90-ls\/"]}]},{"@type":"ImageObject","inLanguage":"lt-LT","@id":"https:\/\/uus.addinol.ee\/lt\/toode\/transmissioonioli-gh-80-w-90-ls\/#primaryimage","url":"https:\/\/uus.addinol.ee\/wp-content\/uploads\/2024\/12\/gh-80-w-90-ls-3.jpg","contentUrl":"https:\/\/uus.addinol.ee\/wp-content\/uploads\/2024\/12\/gh-80-w-90-ls-3.jpg","width":418,"height":800},{"@type":"BreadcrumbList","@id":"https:\/\/uus.addinol.ee\/lt\/toode\/transmissioonioli-gh-80-w-90-ls\/#breadcrumb","itemListElement":[{"@type":"ListItem","position":1,"name":"ADDINOL","item":"https:\/\/uus.addinol.ee\/lt\/"},{"@type":"ListItem","position":2,"name":"E-pood","item":"https:\/\/uus.addinol.ee\/e-pood\/"},{"@type":"ListItem","position":3,"name":"Transmissiooni\u00f5li GH 80 W 90 LS"}]},{"@type":"WebSite","@id":"https:\/\/uus.addinol.ee\/lt\/#website","url":"https:\/\/uus.addinol.ee\/lt\/","name":"ADDINOL","description":"Mootori&otilde;lid ja m&auml;&auml;&auml;rdeained igaks kasutusjuhuks","publisher":{"@id":"https:\/\/uus.addinol.ee\/lt\/#organization"},"potentialAction":[{"@type":"SearchAction","target":{"@type":"EntryPoint","urlTemplate":"https:\/\/uus.addinol.ee\/lt\/?s={search_term_string}"},"query-input":{"@type":"PropertyValueSpecification","valueRequired":true,"valueName":"search_term_string"}}],"inLanguage":"lt-LT"},{"@type":"Organization","@id":"https:\/\/uus.addinol.ee\/lt\/#organization","name":"ADDINOL","url":"https:\/\/uus.addinol.ee\/lt\/","logo":{"@type":"ImageObject","inLanguage":"lt-LT","@id":"https:\/\/uus.addinol.ee\/lt\/#\/schema\/logo\/image\/","url":"https:\/\/uus.addinol.ee\/wp-content\/uploads\/2024\/10\/1200px-ADDINOL-Logo.webp","contentUrl":"https:\/\/uus.addinol.ee\/wp-content\/uploads\/2024\/10\/1200px-ADDINOL-Logo.webp","width":1200,"height":431,"caption":"ADDINOL"},"image":{"@id":"https:\/\/uus.addinol.ee\/lt\/#\/schema\/logo\/image\/"},"sameAs":["https:\/\/www.facebook.com\/ADDINOLEesti\/","https:\/\/www.instagram.com\/addinol_eesti\/"]}]}},"_links":{"self":[{"href":"https:\/\/uus.addinol.ee\/lt\/wp-json\/wp\/v2\/product\/6074","targetHints":{"allow":["GET"]}}],"collection":[{"href":"https:\/\/uus.addinol.ee\/lt\/wp-json\/wp\/v2\/product"}],"about":[{"href":"https:\/\/uus.addinol.ee\/lt\/wp-json\/wp\/v2\/types\/product"}],"wp:featuredmedia":[{"embeddable":true,"href":"https:\/\/uus.addinol.ee\/lt\/wp-json\/wp\/v2\/media\/6075"}],"wp:attachment":[{"href":"https:\/\/uus.addinol.ee\/lt\/wp-json\/wp\/v2\/media?parent=6074"}],"wp:term":[{"taxonomy":"viscosity","embeddable":true,"href":"https:\/\/uus.addinol.ee\/lt\/wp-json\/wp\/v2\/viscosity?post=6074"},{"taxonomy":"product_brand","embeddable":true,"href":"https:\/\/uus.addinol.ee\/lt\/wp-json\/wp\/v2\/product_brand?post=6074"},{"taxonomy":"product_cat","embeddable":true,"href":"https:\/\/uus.addinol.ee\/lt\/wp-json\/wp\/v2\/product_cat?post=6074"},{"taxonomy":"product_tag","embeddable":true,"href":"https:\/\/uus.addinol.ee\/lt\/wp-json\/wp\/v2\/product_tag?post=6074"},{"taxonomy":"inventory","embeddable":true,"href":"https:\/\/uus.addinol.ee\/lt\/wp-json\/wp\/v2\/inventory?post=6074"}],"curies":[{"name":"wp","href":"https:\/\/api.w.org\/{rel}","templated":true}]}}