{"id":6077,"date":"2024-12-31T12:24:28","date_gmt":"2024-12-31T12:24:28","guid":{"rendered":"https:\/\/addinol.ee\/toode\/transmissioonioli-gh-85-w-90\/"},"modified":"2025-10-14T11:35:09","modified_gmt":"2025-10-14T08:35:09","slug":"transmissioonioli-gh-85-w-90","status":"publish","type":"product","link":"https:\/\/uus.addinol.ee\/lt\/toode\/transmissioonioli-gh-85-w-90\/","title":{"rendered":"Transmissiooni\u00f5li GH 85 W 90"},"content":{"rendered":"<p><strong>Transmissiooni\u00f5li GH 85 W 90 KASUTUSV\u00d5IMALUSED:<\/strong><br \/>\n\u2022 Sobib v\u00e4ga h\u00e4sti kasutamiseks raskelt koormatud h\u00fcpoid\u00fclekannetes.<br \/>\n\u2022 Transmissiooni\u00f5li GH 85 W 90 sobib kasutamiseks s\u00f5idu- ja veoautode ning t\u00f6\u00f6masinate jaotus- ja vahekastides ning abik\u00e4igukastides.<br \/>\n\u2022 Sobib s\u00fcnkroniseerimata manuaalk\u00e4igukastidele suurtel kiirustel v\u00f5i l\u00f6\u00f6kkoormuse esinemisel.<br \/>\n\u2022 J\u00e4rgige masinatootja ettekirjutusi.<\/p>\n<p><strong>Transmissiooni\u00f5li GH 85 W 90 SPETSIFIKATSIOON \/ LITSENTSID:<\/strong><br \/>\nTransmissiooni\u00f5li GH 85 W 90 t\u00e4idab ja \u00fcletab rahvusvahelisi spetsifikatsioone:<br \/>\n\u2022 API GL-5<br \/>\n\u2022 MIL-L-2105 D<\/p>\n<p>Transmissiooni\u00f5li GH 85 W 90 t\u00e4idab n\u00f5udeid:<br \/>\n\u2022 Bosch TE-ML 08<br \/>\n\u2022 ZF TE-ML 07A<br \/>\n\u2022 MB 235.0<\/p>\n<p>Transmissiooni\u00f5li GH 85 W 90 omab litsentse:<br \/>\n\u2022 ZF000555: ZF TE-ML 16C, 17B, 19B, 21A<br \/>\n\u2022 MAN 342 M1<br \/>\n\u2022 Voith Turbo 132.00374400<br \/>\n\u2022 Kessler<\/p>\n<p><strong>Transmissiooni\u00f5li GH 85 W 90 OMADUSED:<\/strong><br \/>\n\u2022 S\u00f6\u00f6bekindel<br \/>\n\u2022 Suurep\u00e4rane voolavus madalatel temperatuuridel<br \/>\n\u2022 Minimaalne vahu teke<br \/>\n\u2022 Kindel korrosioonikaitse<br \/>\n\u2022 Termooks\u00fcdatsioonikindel<\/p>\n<p><strong>Transmissiooni\u00f5li GH 85 W 90 EELISED TARBIJALE:<\/strong><br \/>\n\u2022 Riketevastane kaitse suurtel koormustel<br \/>\n\u2022 Usaldusv\u00e4\u00e4rne m\u00e4\u00e4rimine k\u00e4ivitamisel ja madalatel temperatuuridel<br \/>\n\u2022 Efektiivne m\u00e4\u00e4rimine \u00fclekannetes, kus kipub tekkima vahtu<br \/>\n\u2022 K\u00f5ikide \u00fclekandeosade t\u00f5hus kaitse, mis tagab v\u00e4iksed hooldus- ja remondikulud<br \/>\n\u2022 \u00d5li pikk t\u00f6\u00f6iga<\/p>\n","protected":false},"excerpt":{"rendered":"<p>Transmissiooni\u00f5lI ADDINOL Getriebe\u00f6l GH 85 W 90 koosneb vananemiskindlatest mineraal\u00f5li rafinaatidest ning fosforit ja v\u00e4\u00e4vlit sisaldavast manusekomplektist.<\/p>\n","protected":false},"featured_media":8128,"template":"","meta":{"_acf_changed":false},"viscosity":[774],"product_brand":[],"product_cat":[150,212],"product_tag":[],"inventory":[],"class_list":{"0":"post-6077","1":"product","2":"type-product","3":"status-publish","4":"has-post-thumbnail","6":"viscosity-85w-90","7":"product_cat-mootorsoidukite-maardeained","8":"product_cat-transmissiooniolid-mootorsoidukite-maardeained","9":"pa_vali-pakend-205l","11":"first","12":"outofstock","13":"taxable","14":"shipping-taxable","15":"purchasable","16":"product-type-simple"},"acf":[],"yoast_head":"<!-- This site is optimized with the Yoast SEO plugin v27.5 - https:\/\/yoast.com\/product\/yoast-seo-wordpress\/ -->\n<title>Transmissiooni\u00f5li GH 85 W 90 - ADDINOL<\/title>\n<meta name=\"robots\" content=\"index, follow, max-snippet:-1, max-image-preview:large, max-video-preview:-1\" \/>\n<link rel=\"canonical\" href=\"https:\/\/uus.addinol.ee\/lt\/toode\/transmissioonioli-gh-85-w-90\/\" \/>\n<meta property=\"og:locale\" content=\"lt_LT\" \/>\n<meta property=\"og:type\" content=\"article\" \/>\n<meta property=\"og:title\" content=\"Transmissiooni\u00f5li GH 85 W 90 - ADDINOL\" \/>\n<meta property=\"og:description\" content=\"Transmissiooni\u00f5lI ADDINOL Getriebe\u00f6l GH 85 W 90 koosneb vananemiskindlatest mineraal\u00f5li rafinaatidest ning fosforit ja v\u00e4\u00e4vlit sisaldavast manusekomplektist.\" \/>\n<meta property=\"og:url\" content=\"https:\/\/uus.addinol.ee\/lt\/toode\/transmissioonioli-gh-85-w-90\/\" \/>\n<meta property=\"og:site_name\" content=\"ADDINOL\" \/>\n<meta property=\"article:publisher\" content=\"https:\/\/www.facebook.com\/ADDINOLEesti\/\" \/>\n<meta property=\"article:modified_time\" content=\"2025-10-14T08:35:09+00:00\" \/>\n<meta property=\"og:image\" content=\"https:\/\/uus.addinol.ee\/wp-content\/uploads\/2025\/05\/gruppe-scaled.jpg\" \/>\n\t<meta property=\"og:image:width\" content=\"2085\" \/>\n\t<meta property=\"og:image:height\" content=\"2560\" \/>\n\t<meta property=\"og:image:type\" content=\"image\/jpeg\" \/>\n<meta name=\"twitter:card\" content=\"summary_large_image\" \/>\n<meta name=\"twitter:label1\" content=\"Est. reading time\" \/>\n\t<meta name=\"twitter:data1\" content=\"1 minute\" \/>\n<script type=\"application\/ld+json\" class=\"yoast-schema-graph\">{\"@context\":\"https:\\\/\\\/schema.org\",\"@graph\":[{\"@type\":\"WebPage\",\"@id\":\"https:\\\/\\\/uus.addinol.ee\\\/lt\\\/toode\\\/transmissioonioli-gh-85-w-90\\\/\",\"url\":\"https:\\\/\\\/uus.addinol.ee\\\/lt\\\/toode\\\/transmissioonioli-gh-85-w-90\\\/\",\"name\":\"Transmissiooni\u00f5li GH 85 W 90 - ADDINOL\",\"isPartOf\":{\"@id\":\"https:\\\/\\\/uus.addinol.ee\\\/lt\\\/#website\"},\"primaryImageOfPage\":{\"@id\":\"https:\\\/\\\/uus.addinol.ee\\\/lt\\\/toode\\\/transmissioonioli-gh-85-w-90\\\/#primaryimage\"},\"image\":{\"@id\":\"https:\\\/\\\/uus.addinol.ee\\\/lt\\\/toode\\\/transmissioonioli-gh-85-w-90\\\/#primaryimage\"},\"thumbnailUrl\":\"https:\\\/\\\/uus.addinol.ee\\\/wp-content\\\/uploads\\\/2025\\\/05\\\/gruppe-scaled.jpg\",\"datePublished\":\"2024-12-31T12:24:28+00:00\",\"dateModified\":\"2025-10-14T08:35:09+00:00\",\"breadcrumb\":{\"@id\":\"https:\\\/\\\/uus.addinol.ee\\\/lt\\\/toode\\\/transmissioonioli-gh-85-w-90\\\/#breadcrumb\"},\"inLanguage\":\"lt-LT\",\"potentialAction\":[{\"@type\":\"ReadAction\",\"target\":[\"https:\\\/\\\/uus.addinol.ee\\\/lt\\\/toode\\\/transmissioonioli-gh-85-w-90\\\/\"]}]},{\"@type\":\"ImageObject\",\"inLanguage\":\"lt-LT\",\"@id\":\"https:\\\/\\\/uus.addinol.ee\\\/lt\\\/toode\\\/transmissioonioli-gh-85-w-90\\\/#primaryimage\",\"url\":\"https:\\\/\\\/uus.addinol.ee\\\/wp-content\\\/uploads\\\/2025\\\/05\\\/gruppe-scaled.jpg\",\"contentUrl\":\"https:\\\/\\\/uus.addinol.ee\\\/wp-content\\\/uploads\\\/2025\\\/05\\\/gruppe-scaled.jpg\",\"width\":2085,\"height\":2560},{\"@type\":\"BreadcrumbList\",\"@id\":\"https:\\\/\\\/uus.addinol.ee\\\/lt\\\/toode\\\/transmissioonioli-gh-85-w-90\\\/#breadcrumb\",\"itemListElement\":[{\"@type\":\"ListItem\",\"position\":1,\"name\":\"ADDINOL\",\"item\":\"https:\\\/\\\/uus.addinol.ee\\\/lt\\\/\"},{\"@type\":\"ListItem\",\"position\":2,\"name\":\"E-pood\",\"item\":\"https:\\\/\\\/uus.addinol.ee\\\/e-pood\\\/\"},{\"@type\":\"ListItem\",\"position\":3,\"name\":\"Transmissiooni\u00f5li GH 85 W 90\"}]},{\"@type\":\"WebSite\",\"@id\":\"https:\\\/\\\/uus.addinol.ee\\\/lt\\\/#website\",\"url\":\"https:\\\/\\\/uus.addinol.ee\\\/lt\\\/\",\"name\":\"ADDINOL\",\"description\":\"Mootori&otilde;lid ja m&auml;&auml;&auml;rdeained igaks kasutusjuhuks\",\"publisher\":{\"@id\":\"https:\\\/\\\/uus.addinol.ee\\\/lt\\\/#organization\"},\"potentialAction\":[{\"@type\":\"SearchAction\",\"target\":{\"@type\":\"EntryPoint\",\"urlTemplate\":\"https:\\\/\\\/uus.addinol.ee\\\/lt\\\/?s={search_term_string}\"},\"query-input\":{\"@type\":\"PropertyValueSpecification\",\"valueRequired\":true,\"valueName\":\"search_term_string\"}}],\"inLanguage\":\"lt-LT\"},{\"@type\":\"Organization\",\"@id\":\"https:\\\/\\\/uus.addinol.ee\\\/lt\\\/#organization\",\"name\":\"ADDINOL\",\"url\":\"https:\\\/\\\/uus.addinol.ee\\\/lt\\\/\",\"logo\":{\"@type\":\"ImageObject\",\"inLanguage\":\"lt-LT\",\"@id\":\"https:\\\/\\\/uus.addinol.ee\\\/lt\\\/#\\\/schema\\\/logo\\\/image\\\/\",\"url\":\"https:\\\/\\\/uus.addinol.ee\\\/wp-content\\\/uploads\\\/2024\\\/10\\\/1200px-ADDINOL-Logo.webp\",\"contentUrl\":\"https:\\\/\\\/uus.addinol.ee\\\/wp-content\\\/uploads\\\/2024\\\/10\\\/1200px-ADDINOL-Logo.webp\",\"width\":1200,\"height\":431,\"caption\":\"ADDINOL\"},\"image\":{\"@id\":\"https:\\\/\\\/uus.addinol.ee\\\/lt\\\/#\\\/schema\\\/logo\\\/image\\\/\"},\"sameAs\":[\"https:\\\/\\\/www.facebook.com\\\/ADDINOLEesti\\\/\",\"https:\\\/\\\/www.instagram.com\\\/addinol_eesti\\\/\"]}]}<\/script>\n<!-- \/ Yoast SEO plugin. -->","yoast_head_json":{"title":"Transmissiooni\u00f5li GH 85 W 90 - ADDINOL","robots":{"index":"index","follow":"follow","max-snippet":"max-snippet:-1","max-image-preview":"max-image-preview:large","max-video-preview":"max-video-preview:-1"},"canonical":"https:\/\/uus.addinol.ee\/lt\/toode\/transmissioonioli-gh-85-w-90\/","og_locale":"lt_LT","og_type":"article","og_title":"Transmissiooni\u00f5li GH 85 W 90 - ADDINOL","og_description":"Transmissiooni\u00f5lI ADDINOL Getriebe\u00f6l GH 85 W 90 koosneb vananemiskindlatest mineraal\u00f5li rafinaatidest ning fosforit ja v\u00e4\u00e4vlit sisaldavast manusekomplektist.","og_url":"https:\/\/uus.addinol.ee\/lt\/toode\/transmissioonioli-gh-85-w-90\/","og_site_name":"ADDINOL","article_publisher":"https:\/\/www.facebook.com\/ADDINOLEesti\/","article_modified_time":"2025-10-14T08:35:09+00:00","og_image":[{"width":2085,"height":2560,"url":"https:\/\/uus.addinol.ee\/wp-content\/uploads\/2025\/05\/gruppe-scaled.jpg","type":"image\/jpeg"}],"twitter_card":"summary_large_image","twitter_misc":{"Est. reading time":"1 minute"},"schema":{"@context":"https:\/\/schema.org","@graph":[{"@type":"WebPage","@id":"https:\/\/uus.addinol.ee\/lt\/toode\/transmissioonioli-gh-85-w-90\/","url":"https:\/\/uus.addinol.ee\/lt\/toode\/transmissioonioli-gh-85-w-90\/","name":"Transmissiooni\u00f5li GH 85 W 90 - ADDINOL","isPartOf":{"@id":"https:\/\/uus.addinol.ee\/lt\/#website"},"primaryImageOfPage":{"@id":"https:\/\/uus.addinol.ee\/lt\/toode\/transmissioonioli-gh-85-w-90\/#primaryimage"},"image":{"@id":"https:\/\/uus.addinol.ee\/lt\/toode\/transmissioonioli-gh-85-w-90\/#primaryimage"},"thumbnailUrl":"https:\/\/uus.addinol.ee\/wp-content\/uploads\/2025\/05\/gruppe-scaled.jpg","datePublished":"2024-12-31T12:24:28+00:00","dateModified":"2025-10-14T08:35:09+00:00","breadcrumb":{"@id":"https:\/\/uus.addinol.ee\/lt\/toode\/transmissioonioli-gh-85-w-90\/#breadcrumb"},"inLanguage":"lt-LT","potentialAction":[{"@type":"ReadAction","target":["https:\/\/uus.addinol.ee\/lt\/toode\/transmissioonioli-gh-85-w-90\/"]}]},{"@type":"ImageObject","inLanguage":"lt-LT","@id":"https:\/\/uus.addinol.ee\/lt\/toode\/transmissioonioli-gh-85-w-90\/#primaryimage","url":"https:\/\/uus.addinol.ee\/wp-content\/uploads\/2025\/05\/gruppe-scaled.jpg","contentUrl":"https:\/\/uus.addinol.ee\/wp-content\/uploads\/2025\/05\/gruppe-scaled.jpg","width":2085,"height":2560},{"@type":"BreadcrumbList","@id":"https:\/\/uus.addinol.ee\/lt\/toode\/transmissioonioli-gh-85-w-90\/#breadcrumb","itemListElement":[{"@type":"ListItem","position":1,"name":"ADDINOL","item":"https:\/\/uus.addinol.ee\/lt\/"},{"@type":"ListItem","position":2,"name":"E-pood","item":"https:\/\/uus.addinol.ee\/e-pood\/"},{"@type":"ListItem","position":3,"name":"Transmissiooni\u00f5li GH 85 W 90"}]},{"@type":"WebSite","@id":"https:\/\/uus.addinol.ee\/lt\/#website","url":"https:\/\/uus.addinol.ee\/lt\/","name":"ADDINOL","description":"Mootori&otilde;lid ja m&auml;&auml;&auml;rdeained igaks kasutusjuhuks","publisher":{"@id":"https:\/\/uus.addinol.ee\/lt\/#organization"},"potentialAction":[{"@type":"SearchAction","target":{"@type":"EntryPoint","urlTemplate":"https:\/\/uus.addinol.ee\/lt\/?s={search_term_string}"},"query-input":{"@type":"PropertyValueSpecification","valueRequired":true,"valueName":"search_term_string"}}],"inLanguage":"lt-LT"},{"@type":"Organization","@id":"https:\/\/uus.addinol.ee\/lt\/#organization","name":"ADDINOL","url":"https:\/\/uus.addinol.ee\/lt\/","logo":{"@type":"ImageObject","inLanguage":"lt-LT","@id":"https:\/\/uus.addinol.ee\/lt\/#\/schema\/logo\/image\/","url":"https:\/\/uus.addinol.ee\/wp-content\/uploads\/2024\/10\/1200px-ADDINOL-Logo.webp","contentUrl":"https:\/\/uus.addinol.ee\/wp-content\/uploads\/2024\/10\/1200px-ADDINOL-Logo.webp","width":1200,"height":431,"caption":"ADDINOL"},"image":{"@id":"https:\/\/uus.addinol.ee\/lt\/#\/schema\/logo\/image\/"},"sameAs":["https:\/\/www.facebook.com\/ADDINOLEesti\/","https:\/\/www.instagram.com\/addinol_eesti\/"]}]}},"_links":{"self":[{"href":"https:\/\/uus.addinol.ee\/lt\/wp-json\/wp\/v2\/product\/6077","targetHints":{"allow":["GET"]}}],"collection":[{"href":"https:\/\/uus.addinol.ee\/lt\/wp-json\/wp\/v2\/product"}],"about":[{"href":"https:\/\/uus.addinol.ee\/lt\/wp-json\/wp\/v2\/types\/product"}],"wp:featuredmedia":[{"embeddable":true,"href":"https:\/\/uus.addinol.ee\/lt\/wp-json\/wp\/v2\/media\/8128"}],"wp:attachment":[{"href":"https:\/\/uus.addinol.ee\/lt\/wp-json\/wp\/v2\/media?parent=6077"}],"wp:term":[{"taxonomy":"viscosity","embeddable":true,"href":"https:\/\/uus.addinol.ee\/lt\/wp-json\/wp\/v2\/viscosity?post=6077"},{"taxonomy":"product_brand","embeddable":true,"href":"https:\/\/uus.addinol.ee\/lt\/wp-json\/wp\/v2\/product_brand?post=6077"},{"taxonomy":"product_cat","embeddable":true,"href":"https:\/\/uus.addinol.ee\/lt\/wp-json\/wp\/v2\/product_cat?post=6077"},{"taxonomy":"product_tag","embeddable":true,"href":"https:\/\/uus.addinol.ee\/lt\/wp-json\/wp\/v2\/product_tag?post=6077"},{"taxonomy":"inventory","embeddable":true,"href":"https:\/\/uus.addinol.ee\/lt\/wp-json\/wp\/v2\/inventory?post=6077"}],"curies":[{"name":"wp","href":"https:\/\/api.w.org\/{rel}","templated":true}]}}