{"id":6078,"date":"2024-12-31T12:24:42","date_gmt":"2024-12-31T12:24:42","guid":{"rendered":"https:\/\/addinol.ee\/toode\/transmissioonioli-gs-75-w-80-sl\/"},"modified":"2025-10-14T11:35:09","modified_gmt":"2025-10-14T08:35:09","slug":"transmissioonioli-gs-75-w-80-sl","status":"publish","type":"product","link":"https:\/\/uus.addinol.ee\/lt\/toode\/transmissioonioli-gs-75-w-80-sl\/","title":{"rendered":"Transmissiooni\u00f5li GS 75 W 80 SL"},"content":{"rendered":"<p><strong>Transmissiooni\u00f5li GS 75 W 80 SL KASUTUSV\u00d5IMALUSED:<\/strong><br \/>\n\u2022 Sobib ideaalselt kasutamiseks MAN k\u00e4igukastides, kus tootja ettekirjutuste kohaselt n\u00f5utakse Z4 t\u00fc\u00fcpi (TL, Long Distance) \u00f5lide kasutamist.<br \/>\n\u2022 Sobib suurep\u00e4raselt raskeveoautode raskelt koormatud k\u00e4igukastide m\u00e4\u00e4rimiseks pikimate \u00f5livahetusv\u00e4lpade puhul.<\/p>\n<p><strong>Transmissiooni\u00f5li GS 75 W 80 SL SPETSIFIKATSIOON \/ LITSENTSID:<\/strong><br \/>\nTransmissiooni\u00f5li GS 75 W 80 SL t\u00e4idab ja \u00fcletab rahvusvahelisi spetsifikatsioone:<br \/>\n\u2022 API GL-4<\/p>\n<p>Transmissiooni\u00f5li GS 75 W 80 SL omab litsentse:<br \/>\n\u2022 MAN 341 Z4<br \/>\n\u2022 ZF000974: ZF TE-ML 01L, 02L, 16K<\/p>\n<p>Transmissiooni\u00f5li GS 75 W 80 SL t\u00e4idab n\u00f5udeid:<br \/>\n\u2022 MAN 341 E3<br \/>\n\u2022 EATON Europe<br \/>\n\u2022 Bosch (ZF) TE-ML 08<br \/>\n\u2022 Volvo Transmission Oil 97305<br \/>\n\u2022 DAF<br \/>\n\u2022 Iveco<br \/>\n\u2022 Renault<br \/>\n\u2022 ZF TE-ML 13<\/p>\n<p><strong>Transmissiooni\u00f5li GS 75W 80 SL OMADUSED:<\/strong><br \/>\n\u2022 \u00dclimalt vananemiskindel<br \/>\n\u2022 Suurep\u00e4rane voolavus madalatel temperatuuridel<br \/>\n\u2022 S\u00f6\u00f6bekindel<br \/>\n\u2022 K\u00f5rge nihkepinge stabiilsus<br \/>\n\u2022 Hea korrosioonikaitse<\/p>\n<p><strong>Transmissiooni\u00f5li GS 75 W 80 SL EELISED TARBIJALE:<\/strong><br \/>\n\u2022 Pikaealine \u00f5li \u00fclipikkade vahetusv\u00e4lpadega<br \/>\n\u2022 Tagatud v\u00e4ga hea k\u00e4ivitumine ja k\u00e4ikude l\u00fclitumine ka talvistes tingimustes<br \/>\n\u2022 K\u00e4igukasti hea koormustaluvus<br \/>\n\u2022 M\u00e4\u00e4rib laitmatult ka suurimatel koormustel<br \/>\n\u2022 K\u00e4igukastiosade suurep\u00e4rane kaitse, v\u00e4iksed hooldus- ja remondikulud<\/p>\n","protected":false},"excerpt":{"rendered":"<p>Transmissiooni\u00f5li ADDINOL Getriebe\u00f6l GS 75 W 80 SL on t\u00e4iss\u00fcnteetiline h\u00f5\u00f5rdumist v\u00e4hendav toode, mis sobib kasutamiseks ka raskeveoautodes.<\/p>\n","protected":false},"featured_media":10731,"template":"","meta":{"_acf_changed":false},"viscosity":[749],"product_brand":[],"product_cat":[150,212],"product_tag":[],"inventory":[],"class_list":{"0":"post-6078","1":"product","2":"type-product","3":"status-publish","4":"has-post-thumbnail","6":"viscosity-75w-80","7":"product_cat-mootorsoidukite-maardeained","8":"product_cat-transmissiooniolid-mootorsoidukite-maardeained","9":"pa_vali-pakend-20l","11":"first","12":"instock","13":"taxable","14":"shipping-taxable","15":"purchasable","16":"product-type-simple"},"acf":[],"yoast_head":"<!-- This site is optimized with the Yoast SEO plugin v27.5 - https:\/\/yoast.com\/product\/yoast-seo-wordpress\/ -->\n<title>Transmissiooni\u00f5li GS 75 W 80 SL - ADDINOL<\/title>\n<meta name=\"robots\" content=\"index, follow, max-snippet:-1, max-image-preview:large, max-video-preview:-1\" \/>\n<link rel=\"canonical\" href=\"https:\/\/uus.addinol.ee\/lt\/toode\/transmissioonioli-gs-75-w-80-sl\/\" \/>\n<meta property=\"og:locale\" content=\"lt_LT\" \/>\n<meta property=\"og:type\" content=\"article\" \/>\n<meta property=\"og:title\" content=\"Transmissiooni\u00f5li GS 75 W 80 SL - ADDINOL\" \/>\n<meta property=\"og:description\" content=\"Transmissiooni\u00f5li ADDINOL Getriebe\u00f6l GS 75 W 80 SL on t\u00e4iss\u00fcnteetiline h\u00f5\u00f5rdumist v\u00e4hendav toode, mis sobib kasutamiseks ka raskeveoautodes.\" \/>\n<meta property=\"og:url\" content=\"https:\/\/uus.addinol.ee\/lt\/toode\/transmissioonioli-gs-75-w-80-sl\/\" \/>\n<meta property=\"og:site_name\" content=\"ADDINOL\" \/>\n<meta property=\"article:publisher\" content=\"https:\/\/www.facebook.com\/ADDINOLEesti\/\" \/>\n<meta property=\"article:modified_time\" content=\"2025-10-14T08:35:09+00:00\" \/>\n<meta property=\"og:image\" content=\"https:\/\/uus.addinol.ee\/wp-content\/uploads\/2024\/12\/74200663_getriebeol-gs-75-w-80-sl_20-liter-e1750861881497.png\" \/>\n\t<meta property=\"og:image:width\" content=\"1000\" \/>\n\t<meta property=\"og:image:height\" content=\"957\" \/>\n\t<meta property=\"og:image:type\" content=\"image\/png\" \/>\n<meta name=\"twitter:card\" content=\"summary_large_image\" \/>\n<meta name=\"twitter:label1\" content=\"Est. reading time\" \/>\n\t<meta name=\"twitter:data1\" content=\"2 minutes\" \/>\n<script type=\"application\/ld+json\" class=\"yoast-schema-graph\">{\"@context\":\"https:\\\/\\\/schema.org\",\"@graph\":[{\"@type\":\"WebPage\",\"@id\":\"https:\\\/\\\/uus.addinol.ee\\\/lt\\\/toode\\\/transmissioonioli-gs-75-w-80-sl\\\/\",\"url\":\"https:\\\/\\\/uus.addinol.ee\\\/lt\\\/toode\\\/transmissioonioli-gs-75-w-80-sl\\\/\",\"name\":\"Transmissiooni\u00f5li GS 75 W 80 SL - ADDINOL\",\"isPartOf\":{\"@id\":\"https:\\\/\\\/uus.addinol.ee\\\/lt\\\/#website\"},\"primaryImageOfPage\":{\"@id\":\"https:\\\/\\\/uus.addinol.ee\\\/lt\\\/toode\\\/transmissioonioli-gs-75-w-80-sl\\\/#primaryimage\"},\"image\":{\"@id\":\"https:\\\/\\\/uus.addinol.ee\\\/lt\\\/toode\\\/transmissioonioli-gs-75-w-80-sl\\\/#primaryimage\"},\"thumbnailUrl\":\"https:\\\/\\\/uus.addinol.ee\\\/wp-content\\\/uploads\\\/2024\\\/12\\\/74200663_getriebeol-gs-75-w-80-sl_20-liter-e1750861881497.png\",\"datePublished\":\"2024-12-31T12:24:42+00:00\",\"dateModified\":\"2025-10-14T08:35:09+00:00\",\"breadcrumb\":{\"@id\":\"https:\\\/\\\/uus.addinol.ee\\\/lt\\\/toode\\\/transmissioonioli-gs-75-w-80-sl\\\/#breadcrumb\"},\"inLanguage\":\"lt-LT\",\"potentialAction\":[{\"@type\":\"ReadAction\",\"target\":[\"https:\\\/\\\/uus.addinol.ee\\\/lt\\\/toode\\\/transmissioonioli-gs-75-w-80-sl\\\/\"]}]},{\"@type\":\"ImageObject\",\"inLanguage\":\"lt-LT\",\"@id\":\"https:\\\/\\\/uus.addinol.ee\\\/lt\\\/toode\\\/transmissioonioli-gs-75-w-80-sl\\\/#primaryimage\",\"url\":\"https:\\\/\\\/uus.addinol.ee\\\/wp-content\\\/uploads\\\/2024\\\/12\\\/74200663_getriebeol-gs-75-w-80-sl_20-liter-e1750861881497.png\",\"contentUrl\":\"https:\\\/\\\/uus.addinol.ee\\\/wp-content\\\/uploads\\\/2024\\\/12\\\/74200663_getriebeol-gs-75-w-80-sl_20-liter-e1750861881497.png\",\"width\":1000,\"height\":957},{\"@type\":\"BreadcrumbList\",\"@id\":\"https:\\\/\\\/uus.addinol.ee\\\/lt\\\/toode\\\/transmissioonioli-gs-75-w-80-sl\\\/#breadcrumb\",\"itemListElement\":[{\"@type\":\"ListItem\",\"position\":1,\"name\":\"ADDINOL\",\"item\":\"https:\\\/\\\/uus.addinol.ee\\\/lt\\\/\"},{\"@type\":\"ListItem\",\"position\":2,\"name\":\"E-pood\",\"item\":\"https:\\\/\\\/uus.addinol.ee\\\/e-pood\\\/\"},{\"@type\":\"ListItem\",\"position\":3,\"name\":\"Transmissiooni\u00f5li GS 75 W 80 SL\"}]},{\"@type\":\"WebSite\",\"@id\":\"https:\\\/\\\/uus.addinol.ee\\\/lt\\\/#website\",\"url\":\"https:\\\/\\\/uus.addinol.ee\\\/lt\\\/\",\"name\":\"ADDINOL\",\"description\":\"Mootori&otilde;lid ja m&auml;&auml;&auml;rdeained igaks kasutusjuhuks\",\"publisher\":{\"@id\":\"https:\\\/\\\/uus.addinol.ee\\\/lt\\\/#organization\"},\"potentialAction\":[{\"@type\":\"SearchAction\",\"target\":{\"@type\":\"EntryPoint\",\"urlTemplate\":\"https:\\\/\\\/uus.addinol.ee\\\/lt\\\/?s={search_term_string}\"},\"query-input\":{\"@type\":\"PropertyValueSpecification\",\"valueRequired\":true,\"valueName\":\"search_term_string\"}}],\"inLanguage\":\"lt-LT\"},{\"@type\":\"Organization\",\"@id\":\"https:\\\/\\\/uus.addinol.ee\\\/lt\\\/#organization\",\"name\":\"ADDINOL\",\"url\":\"https:\\\/\\\/uus.addinol.ee\\\/lt\\\/\",\"logo\":{\"@type\":\"ImageObject\",\"inLanguage\":\"lt-LT\",\"@id\":\"https:\\\/\\\/uus.addinol.ee\\\/lt\\\/#\\\/schema\\\/logo\\\/image\\\/\",\"url\":\"https:\\\/\\\/uus.addinol.ee\\\/wp-content\\\/uploads\\\/2024\\\/10\\\/1200px-ADDINOL-Logo.webp\",\"contentUrl\":\"https:\\\/\\\/uus.addinol.ee\\\/wp-content\\\/uploads\\\/2024\\\/10\\\/1200px-ADDINOL-Logo.webp\",\"width\":1200,\"height\":431,\"caption\":\"ADDINOL\"},\"image\":{\"@id\":\"https:\\\/\\\/uus.addinol.ee\\\/lt\\\/#\\\/schema\\\/logo\\\/image\\\/\"},\"sameAs\":[\"https:\\\/\\\/www.facebook.com\\\/ADDINOLEesti\\\/\",\"https:\\\/\\\/www.instagram.com\\\/addinol_eesti\\\/\"]}]}<\/script>\n<!-- \/ Yoast SEO plugin. -->","yoast_head_json":{"title":"Transmissiooni\u00f5li GS 75 W 80 SL - ADDINOL","robots":{"index":"index","follow":"follow","max-snippet":"max-snippet:-1","max-image-preview":"max-image-preview:large","max-video-preview":"max-video-preview:-1"},"canonical":"https:\/\/uus.addinol.ee\/lt\/toode\/transmissioonioli-gs-75-w-80-sl\/","og_locale":"lt_LT","og_type":"article","og_title":"Transmissiooni\u00f5li GS 75 W 80 SL - ADDINOL","og_description":"Transmissiooni\u00f5li ADDINOL Getriebe\u00f6l GS 75 W 80 SL on t\u00e4iss\u00fcnteetiline h\u00f5\u00f5rdumist v\u00e4hendav toode, mis sobib kasutamiseks ka raskeveoautodes.","og_url":"https:\/\/uus.addinol.ee\/lt\/toode\/transmissioonioli-gs-75-w-80-sl\/","og_site_name":"ADDINOL","article_publisher":"https:\/\/www.facebook.com\/ADDINOLEesti\/","article_modified_time":"2025-10-14T08:35:09+00:00","og_image":[{"width":1000,"height":957,"url":"https:\/\/uus.addinol.ee\/wp-content\/uploads\/2024\/12\/74200663_getriebeol-gs-75-w-80-sl_20-liter-e1750861881497.png","type":"image\/png"}],"twitter_card":"summary_large_image","twitter_misc":{"Est. reading time":"2 minutes"},"schema":{"@context":"https:\/\/schema.org","@graph":[{"@type":"WebPage","@id":"https:\/\/uus.addinol.ee\/lt\/toode\/transmissioonioli-gs-75-w-80-sl\/","url":"https:\/\/uus.addinol.ee\/lt\/toode\/transmissioonioli-gs-75-w-80-sl\/","name":"Transmissiooni\u00f5li GS 75 W 80 SL - ADDINOL","isPartOf":{"@id":"https:\/\/uus.addinol.ee\/lt\/#website"},"primaryImageOfPage":{"@id":"https:\/\/uus.addinol.ee\/lt\/toode\/transmissioonioli-gs-75-w-80-sl\/#primaryimage"},"image":{"@id":"https:\/\/uus.addinol.ee\/lt\/toode\/transmissioonioli-gs-75-w-80-sl\/#primaryimage"},"thumbnailUrl":"https:\/\/uus.addinol.ee\/wp-content\/uploads\/2024\/12\/74200663_getriebeol-gs-75-w-80-sl_20-liter-e1750861881497.png","datePublished":"2024-12-31T12:24:42+00:00","dateModified":"2025-10-14T08:35:09+00:00","breadcrumb":{"@id":"https:\/\/uus.addinol.ee\/lt\/toode\/transmissioonioli-gs-75-w-80-sl\/#breadcrumb"},"inLanguage":"lt-LT","potentialAction":[{"@type":"ReadAction","target":["https:\/\/uus.addinol.ee\/lt\/toode\/transmissioonioli-gs-75-w-80-sl\/"]}]},{"@type":"ImageObject","inLanguage":"lt-LT","@id":"https:\/\/uus.addinol.ee\/lt\/toode\/transmissioonioli-gs-75-w-80-sl\/#primaryimage","url":"https:\/\/uus.addinol.ee\/wp-content\/uploads\/2024\/12\/74200663_getriebeol-gs-75-w-80-sl_20-liter-e1750861881497.png","contentUrl":"https:\/\/uus.addinol.ee\/wp-content\/uploads\/2024\/12\/74200663_getriebeol-gs-75-w-80-sl_20-liter-e1750861881497.png","width":1000,"height":957},{"@type":"BreadcrumbList","@id":"https:\/\/uus.addinol.ee\/lt\/toode\/transmissioonioli-gs-75-w-80-sl\/#breadcrumb","itemListElement":[{"@type":"ListItem","position":1,"name":"ADDINOL","item":"https:\/\/uus.addinol.ee\/lt\/"},{"@type":"ListItem","position":2,"name":"E-pood","item":"https:\/\/uus.addinol.ee\/e-pood\/"},{"@type":"ListItem","position":3,"name":"Transmissiooni\u00f5li GS 75 W 80 SL"}]},{"@type":"WebSite","@id":"https:\/\/uus.addinol.ee\/lt\/#website","url":"https:\/\/uus.addinol.ee\/lt\/","name":"ADDINOL","description":"Mootori&otilde;lid ja m&auml;&auml;&auml;rdeained igaks kasutusjuhuks","publisher":{"@id":"https:\/\/uus.addinol.ee\/lt\/#organization"},"potentialAction":[{"@type":"SearchAction","target":{"@type":"EntryPoint","urlTemplate":"https:\/\/uus.addinol.ee\/lt\/?s={search_term_string}"},"query-input":{"@type":"PropertyValueSpecification","valueRequired":true,"valueName":"search_term_string"}}],"inLanguage":"lt-LT"},{"@type":"Organization","@id":"https:\/\/uus.addinol.ee\/lt\/#organization","name":"ADDINOL","url":"https:\/\/uus.addinol.ee\/lt\/","logo":{"@type":"ImageObject","inLanguage":"lt-LT","@id":"https:\/\/uus.addinol.ee\/lt\/#\/schema\/logo\/image\/","url":"https:\/\/uus.addinol.ee\/wp-content\/uploads\/2024\/10\/1200px-ADDINOL-Logo.webp","contentUrl":"https:\/\/uus.addinol.ee\/wp-content\/uploads\/2024\/10\/1200px-ADDINOL-Logo.webp","width":1200,"height":431,"caption":"ADDINOL"},"image":{"@id":"https:\/\/uus.addinol.ee\/lt\/#\/schema\/logo\/image\/"},"sameAs":["https:\/\/www.facebook.com\/ADDINOLEesti\/","https:\/\/www.instagram.com\/addinol_eesti\/"]}]}},"_links":{"self":[{"href":"https:\/\/uus.addinol.ee\/lt\/wp-json\/wp\/v2\/product\/6078","targetHints":{"allow":["GET"]}}],"collection":[{"href":"https:\/\/uus.addinol.ee\/lt\/wp-json\/wp\/v2\/product"}],"about":[{"href":"https:\/\/uus.addinol.ee\/lt\/wp-json\/wp\/v2\/types\/product"}],"wp:featuredmedia":[{"embeddable":true,"href":"https:\/\/uus.addinol.ee\/lt\/wp-json\/wp\/v2\/media\/10731"}],"wp:attachment":[{"href":"https:\/\/uus.addinol.ee\/lt\/wp-json\/wp\/v2\/media?parent=6078"}],"wp:term":[{"taxonomy":"viscosity","embeddable":true,"href":"https:\/\/uus.addinol.ee\/lt\/wp-json\/wp\/v2\/viscosity?post=6078"},{"taxonomy":"product_brand","embeddable":true,"href":"https:\/\/uus.addinol.ee\/lt\/wp-json\/wp\/v2\/product_brand?post=6078"},{"taxonomy":"product_cat","embeddable":true,"href":"https:\/\/uus.addinol.ee\/lt\/wp-json\/wp\/v2\/product_cat?post=6078"},{"taxonomy":"product_tag","embeddable":true,"href":"https:\/\/uus.addinol.ee\/lt\/wp-json\/wp\/v2\/product_tag?post=6078"},{"taxonomy":"inventory","embeddable":true,"href":"https:\/\/uus.addinol.ee\/lt\/wp-json\/wp\/v2\/inventory?post=6078"}],"curies":[{"name":"wp","href":"https:\/\/api.w.org\/{rel}","templated":true}]}}