{"id":6085,"date":"2024-12-31T12:24:42","date_gmt":"2024-12-31T12:24:42","guid":{"rendered":"https:\/\/addinol.ee\/toode\/mootorioli-pole-position-high-speed-2t\/"},"modified":"2025-10-14T11:35:07","modified_gmt":"2025-10-14T08:35:07","slug":"mootorioli-pole-position-high-speed-2t","status":"publish","type":"product","link":"https:\/\/uus.addinol.ee\/lt\/toode\/mootorioli-pole-position-high-speed-2t\/","title":{"rendered":"Mootori\u00f5li Pole Position High Speed 2T"},"content":{"rendered":"<p><strong>Mootori\u00f5li Pole Position High Speed 2T KASUTUSV\u00d5IMALUSED:<\/strong><br \/>\n\u2022Mootori\u00f5li Pole Position High Speed 2T on ette n\u00e4htud kasutamiseks \u00f5hkjahutusega termiliselt koormatud segu- v\u00f5i automaat\u00f5litusega kahetaktilistes mootorites.<br \/>\n\u2022 Sobib v\u00e4ga h\u00e4sti kasutamiseks motokrossi ja t\u00e4nava-v\u00f5idus\u00f5idu ekstreemsetes tingimustes.<br \/>\n\u2022 Sobib ideaalselt kahetaktiliste mootorite seespidiseks konserveerimiseks ladustamise, transportimise ja sesoonse t\u00f6\u00f6seisaku v\u00e4ltel.<br \/>\n\u2022 Tippj\u00f5udlus ka igap\u00e4evasel kasutamisel.<\/p>\n<p><strong>T\u00c4HELEPANU<\/strong><br \/>\nMootori\u00f5li Pole Position High Speed 2T ei sisalda eelsegukomponente. Toode tuleb hoolikalt segada k\u00fctuse hulka. \u00d5li ja k\u00fctuse segamisvahekord peab vastama s\u00f5idukitootja ettekirjutustele.<\/p>\n<p><strong>Mootori\u00f5li Pole Position High Speed 2T SPETSIFIKATSIOON:<\/strong><br \/>\nMootori\u00f5li Pole Position High Speed 2T t\u00e4idab ja \u00fcletab rahvusvahelisi spetsifikatsioone:<br \/>\n\u2022 JASO FD<br \/>\n\u2022 ISO-L-EGD<\/p>\n<p>Mootori\u00f5li Pole Position High Speed 2T litsents ja kasutussoovitus:<br \/>\n\u2022 Lang-Tuning<\/p>\n<p><strong>Mootori\u00f5li Pole Position High Speed 2T OMADUSED:<\/strong><br \/>\n\u2022 Viskoossuse v\u00e4ike s\u00f5ltuvus temperatuurist<br \/>\n\u2022 Erakordselt head h\u00f5\u00f5rdumisvastased omadused<br \/>\n\u2022 Maksimaalne kulumiskaitse<br \/>\n\u2022 T\u00f5hus manusekomplekt<br \/>\n\u2022 Spetsiaalsed toorained<\/p>\n<p><strong>Mootori\u00f5li Pole Position High Speed 2T EELISED TARBIJALE:<\/strong><br \/>\n\u2022 Suurep\u00e4rane m\u00e4\u00e4rimisv\u00f5ime \u00e4\u00e4rmuslikes t\u00f6\u00f6tingimustes<br \/>\n\u2022 Optimaalne v\u00f5imsus k\u00f5ikidel koormustel<br \/>\n\u2022 Mootori pikk t\u00f6\u00f6iga<br \/>\n\u2022 Mootori suurep\u00e4rane puhtus<br \/>\n\u2022 V\u00e4hese suitsu teke p\u00f5lemisel<br \/>\n\u2022 Minimaalne heitgaasi teke<\/p>\n","protected":false},"excerpt":{"rendered":"<p>Mootori\u00f5li ADDINOL Pole Position High Speed 2T on t\u00e4iss\u00fcnteetiline k\u00f5rge j\u00f5udlusega \u00f5li kahetaktilistele mootoritele. Mootori\u00f5li Pole Position High Speed 2T koosneb k\u00f5rgkvaliteetsetest s\u00fcnteetilistest baas\u00f5lidest ja spetsiaalselt arendatud \u00fclima koormustaluvusega manusekomplektist. \u00d5li testiti SIMSON GP v\u00f5istluste rasketes tingimustes ja kasutati edukalt erinevate tiimide mootorratastes.<\/p>\n","protected":false},"featured_media":6086,"template":"","meta":{"_acf_changed":false},"viscosity":[],"product_brand":[],"product_cat":[150,156,161],"product_tag":[],"inventory":[],"class_list":{"0":"post-6085","1":"product","2":"type-product","3":"status-publish","4":"has-post-thumbnail","6":"product_cat-mootorsoidukite-maardeained","7":"product_cat-mootoriolid","8":"product_cat-mootorrataste-2-taktilistele-mootoritele","9":"pa_vali-pakend-1l","11":"first","12":"instock","13":"taxable","14":"shipping-taxable","15":"purchasable","16":"product-type-simple"},"acf":[],"yoast_head":"<!-- This site is optimized with the Yoast SEO plugin v27.5 - https:\/\/yoast.com\/product\/yoast-seo-wordpress\/ -->\n<title>Mootori\u00f5li Pole Position High Speed 2T - ADDINOL<\/title>\n<meta name=\"robots\" content=\"index, follow, max-snippet:-1, max-image-preview:large, max-video-preview:-1\" \/>\n<link rel=\"canonical\" href=\"https:\/\/uus.addinol.ee\/lt\/toode\/mootorioli-pole-position-high-speed-2t\/\" \/>\n<meta property=\"og:locale\" content=\"lt_LT\" \/>\n<meta property=\"og:type\" content=\"article\" \/>\n<meta property=\"og:title\" content=\"Mootori\u00f5li Pole Position High Speed 2T - ADDINOL\" \/>\n<meta property=\"og:description\" content=\"Mootori\u00f5li ADDINOL Pole Position High Speed 2T on t\u00e4iss\u00fcnteetiline k\u00f5rge j\u00f5udlusega \u00f5li kahetaktilistele mootoritele. Mootori\u00f5li Pole Position High Speed 2T koosneb k\u00f5rgkvaliteetsetest s\u00fcnteetilistest baas\u00f5lidest ja spetsiaalselt arendatud \u00fclima koormustaluvusega manusekomplektist. \u00d5li testiti SIMSON GP v\u00f5istluste rasketes tingimustes ja kasutati edukalt erinevate tiimide mootorratastes.\" \/>\n<meta property=\"og:url\" content=\"https:\/\/uus.addinol.ee\/lt\/toode\/mootorioli-pole-position-high-speed-2t\/\" \/>\n<meta property=\"og:site_name\" content=\"ADDINOL\" \/>\n<meta property=\"article:publisher\" content=\"https:\/\/www.facebook.com\/ADDINOLEesti\/\" \/>\n<meta property=\"article:modified_time\" content=\"2025-10-14T08:35:07+00:00\" \/>\n<meta property=\"og:image\" content=\"https:\/\/uus.addinol.ee\/wp-content\/uploads\/2024\/12\/pole-position-high-speed-2t-3.png\" \/>\n\t<meta property=\"og:image:width\" content=\"1280\" \/>\n\t<meta property=\"og:image:height\" content=\"1811\" \/>\n\t<meta property=\"og:image:type\" content=\"image\/png\" \/>\n<meta name=\"twitter:card\" content=\"summary_large_image\" \/>\n<meta name=\"twitter:label1\" content=\"Est. reading time\" \/>\n\t<meta name=\"twitter:data1\" content=\"2 minutes\" \/>\n<script type=\"application\/ld+json\" class=\"yoast-schema-graph\">{\"@context\":\"https:\\\/\\\/schema.org\",\"@graph\":[{\"@type\":\"WebPage\",\"@id\":\"https:\\\/\\\/uus.addinol.ee\\\/lt\\\/toode\\\/mootorioli-pole-position-high-speed-2t\\\/\",\"url\":\"https:\\\/\\\/uus.addinol.ee\\\/lt\\\/toode\\\/mootorioli-pole-position-high-speed-2t\\\/\",\"name\":\"Mootori\u00f5li Pole Position High Speed 2T - ADDINOL\",\"isPartOf\":{\"@id\":\"https:\\\/\\\/uus.addinol.ee\\\/lt\\\/#website\"},\"primaryImageOfPage\":{\"@id\":\"https:\\\/\\\/uus.addinol.ee\\\/lt\\\/toode\\\/mootorioli-pole-position-high-speed-2t\\\/#primaryimage\"},\"image\":{\"@id\":\"https:\\\/\\\/uus.addinol.ee\\\/lt\\\/toode\\\/mootorioli-pole-position-high-speed-2t\\\/#primaryimage\"},\"thumbnailUrl\":\"https:\\\/\\\/uus.addinol.ee\\\/wp-content\\\/uploads\\\/2024\\\/12\\\/pole-position-high-speed-2t-3.png\",\"datePublished\":\"2024-12-31T12:24:42+00:00\",\"dateModified\":\"2025-10-14T08:35:07+00:00\",\"breadcrumb\":{\"@id\":\"https:\\\/\\\/uus.addinol.ee\\\/lt\\\/toode\\\/mootorioli-pole-position-high-speed-2t\\\/#breadcrumb\"},\"inLanguage\":\"lt-LT\",\"potentialAction\":[{\"@type\":\"ReadAction\",\"target\":[\"https:\\\/\\\/uus.addinol.ee\\\/lt\\\/toode\\\/mootorioli-pole-position-high-speed-2t\\\/\"]}]},{\"@type\":\"ImageObject\",\"inLanguage\":\"lt-LT\",\"@id\":\"https:\\\/\\\/uus.addinol.ee\\\/lt\\\/toode\\\/mootorioli-pole-position-high-speed-2t\\\/#primaryimage\",\"url\":\"https:\\\/\\\/uus.addinol.ee\\\/wp-content\\\/uploads\\\/2024\\\/12\\\/pole-position-high-speed-2t-3.png\",\"contentUrl\":\"https:\\\/\\\/uus.addinol.ee\\\/wp-content\\\/uploads\\\/2024\\\/12\\\/pole-position-high-speed-2t-3.png\",\"width\":1280,\"height\":1811},{\"@type\":\"BreadcrumbList\",\"@id\":\"https:\\\/\\\/uus.addinol.ee\\\/lt\\\/toode\\\/mootorioli-pole-position-high-speed-2t\\\/#breadcrumb\",\"itemListElement\":[{\"@type\":\"ListItem\",\"position\":1,\"name\":\"ADDINOL\",\"item\":\"https:\\\/\\\/uus.addinol.ee\\\/lt\\\/\"},{\"@type\":\"ListItem\",\"position\":2,\"name\":\"E-pood\",\"item\":\"https:\\\/\\\/uus.addinol.ee\\\/e-pood\\\/\"},{\"@type\":\"ListItem\",\"position\":3,\"name\":\"Mootori\u00f5li Pole Position High Speed 2T\"}]},{\"@type\":\"WebSite\",\"@id\":\"https:\\\/\\\/uus.addinol.ee\\\/lt\\\/#website\",\"url\":\"https:\\\/\\\/uus.addinol.ee\\\/lt\\\/\",\"name\":\"ADDINOL\",\"description\":\"Mootori&otilde;lid ja m&auml;&auml;&auml;rdeained igaks kasutusjuhuks\",\"publisher\":{\"@id\":\"https:\\\/\\\/uus.addinol.ee\\\/lt\\\/#organization\"},\"potentialAction\":[{\"@type\":\"SearchAction\",\"target\":{\"@type\":\"EntryPoint\",\"urlTemplate\":\"https:\\\/\\\/uus.addinol.ee\\\/lt\\\/?s={search_term_string}\"},\"query-input\":{\"@type\":\"PropertyValueSpecification\",\"valueRequired\":true,\"valueName\":\"search_term_string\"}}],\"inLanguage\":\"lt-LT\"},{\"@type\":\"Organization\",\"@id\":\"https:\\\/\\\/uus.addinol.ee\\\/lt\\\/#organization\",\"name\":\"ADDINOL\",\"url\":\"https:\\\/\\\/uus.addinol.ee\\\/lt\\\/\",\"logo\":{\"@type\":\"ImageObject\",\"inLanguage\":\"lt-LT\",\"@id\":\"https:\\\/\\\/uus.addinol.ee\\\/lt\\\/#\\\/schema\\\/logo\\\/image\\\/\",\"url\":\"https:\\\/\\\/uus.addinol.ee\\\/wp-content\\\/uploads\\\/2024\\\/10\\\/1200px-ADDINOL-Logo.webp\",\"contentUrl\":\"https:\\\/\\\/uus.addinol.ee\\\/wp-content\\\/uploads\\\/2024\\\/10\\\/1200px-ADDINOL-Logo.webp\",\"width\":1200,\"height\":431,\"caption\":\"ADDINOL\"},\"image\":{\"@id\":\"https:\\\/\\\/uus.addinol.ee\\\/lt\\\/#\\\/schema\\\/logo\\\/image\\\/\"},\"sameAs\":[\"https:\\\/\\\/www.facebook.com\\\/ADDINOLEesti\\\/\",\"https:\\\/\\\/www.instagram.com\\\/addinol_eesti\\\/\"]}]}<\/script>\n<!-- \/ Yoast SEO plugin. -->","yoast_head_json":{"title":"Mootori\u00f5li Pole Position High Speed 2T - ADDINOL","robots":{"index":"index","follow":"follow","max-snippet":"max-snippet:-1","max-image-preview":"max-image-preview:large","max-video-preview":"max-video-preview:-1"},"canonical":"https:\/\/uus.addinol.ee\/lt\/toode\/mootorioli-pole-position-high-speed-2t\/","og_locale":"lt_LT","og_type":"article","og_title":"Mootori\u00f5li Pole Position High Speed 2T - ADDINOL","og_description":"Mootori\u00f5li ADDINOL Pole Position High Speed 2T on t\u00e4iss\u00fcnteetiline k\u00f5rge j\u00f5udlusega \u00f5li kahetaktilistele mootoritele. Mootori\u00f5li Pole Position High Speed 2T koosneb k\u00f5rgkvaliteetsetest s\u00fcnteetilistest baas\u00f5lidest ja spetsiaalselt arendatud \u00fclima koormustaluvusega manusekomplektist. \u00d5li testiti SIMSON GP v\u00f5istluste rasketes tingimustes ja kasutati edukalt erinevate tiimide mootorratastes.","og_url":"https:\/\/uus.addinol.ee\/lt\/toode\/mootorioli-pole-position-high-speed-2t\/","og_site_name":"ADDINOL","article_publisher":"https:\/\/www.facebook.com\/ADDINOLEesti\/","article_modified_time":"2025-10-14T08:35:07+00:00","og_image":[{"width":1280,"height":1811,"url":"https:\/\/uus.addinol.ee\/wp-content\/uploads\/2024\/12\/pole-position-high-speed-2t-3.png","type":"image\/png"}],"twitter_card":"summary_large_image","twitter_misc":{"Est. reading time":"2 minutes"},"schema":{"@context":"https:\/\/schema.org","@graph":[{"@type":"WebPage","@id":"https:\/\/uus.addinol.ee\/lt\/toode\/mootorioli-pole-position-high-speed-2t\/","url":"https:\/\/uus.addinol.ee\/lt\/toode\/mootorioli-pole-position-high-speed-2t\/","name":"Mootori\u00f5li Pole Position High Speed 2T - ADDINOL","isPartOf":{"@id":"https:\/\/uus.addinol.ee\/lt\/#website"},"primaryImageOfPage":{"@id":"https:\/\/uus.addinol.ee\/lt\/toode\/mootorioli-pole-position-high-speed-2t\/#primaryimage"},"image":{"@id":"https:\/\/uus.addinol.ee\/lt\/toode\/mootorioli-pole-position-high-speed-2t\/#primaryimage"},"thumbnailUrl":"https:\/\/uus.addinol.ee\/wp-content\/uploads\/2024\/12\/pole-position-high-speed-2t-3.png","datePublished":"2024-12-31T12:24:42+00:00","dateModified":"2025-10-14T08:35:07+00:00","breadcrumb":{"@id":"https:\/\/uus.addinol.ee\/lt\/toode\/mootorioli-pole-position-high-speed-2t\/#breadcrumb"},"inLanguage":"lt-LT","potentialAction":[{"@type":"ReadAction","target":["https:\/\/uus.addinol.ee\/lt\/toode\/mootorioli-pole-position-high-speed-2t\/"]}]},{"@type":"ImageObject","inLanguage":"lt-LT","@id":"https:\/\/uus.addinol.ee\/lt\/toode\/mootorioli-pole-position-high-speed-2t\/#primaryimage","url":"https:\/\/uus.addinol.ee\/wp-content\/uploads\/2024\/12\/pole-position-high-speed-2t-3.png","contentUrl":"https:\/\/uus.addinol.ee\/wp-content\/uploads\/2024\/12\/pole-position-high-speed-2t-3.png","width":1280,"height":1811},{"@type":"BreadcrumbList","@id":"https:\/\/uus.addinol.ee\/lt\/toode\/mootorioli-pole-position-high-speed-2t\/#breadcrumb","itemListElement":[{"@type":"ListItem","position":1,"name":"ADDINOL","item":"https:\/\/uus.addinol.ee\/lt\/"},{"@type":"ListItem","position":2,"name":"E-pood","item":"https:\/\/uus.addinol.ee\/e-pood\/"},{"@type":"ListItem","position":3,"name":"Mootori\u00f5li Pole Position High Speed 2T"}]},{"@type":"WebSite","@id":"https:\/\/uus.addinol.ee\/lt\/#website","url":"https:\/\/uus.addinol.ee\/lt\/","name":"ADDINOL","description":"Mootori&otilde;lid ja m&auml;&auml;&auml;rdeained igaks kasutusjuhuks","publisher":{"@id":"https:\/\/uus.addinol.ee\/lt\/#organization"},"potentialAction":[{"@type":"SearchAction","target":{"@type":"EntryPoint","urlTemplate":"https:\/\/uus.addinol.ee\/lt\/?s={search_term_string}"},"query-input":{"@type":"PropertyValueSpecification","valueRequired":true,"valueName":"search_term_string"}}],"inLanguage":"lt-LT"},{"@type":"Organization","@id":"https:\/\/uus.addinol.ee\/lt\/#organization","name":"ADDINOL","url":"https:\/\/uus.addinol.ee\/lt\/","logo":{"@type":"ImageObject","inLanguage":"lt-LT","@id":"https:\/\/uus.addinol.ee\/lt\/#\/schema\/logo\/image\/","url":"https:\/\/uus.addinol.ee\/wp-content\/uploads\/2024\/10\/1200px-ADDINOL-Logo.webp","contentUrl":"https:\/\/uus.addinol.ee\/wp-content\/uploads\/2024\/10\/1200px-ADDINOL-Logo.webp","width":1200,"height":431,"caption":"ADDINOL"},"image":{"@id":"https:\/\/uus.addinol.ee\/lt\/#\/schema\/logo\/image\/"},"sameAs":["https:\/\/www.facebook.com\/ADDINOLEesti\/","https:\/\/www.instagram.com\/addinol_eesti\/"]}]}},"_links":{"self":[{"href":"https:\/\/uus.addinol.ee\/lt\/wp-json\/wp\/v2\/product\/6085","targetHints":{"allow":["GET"]}}],"collection":[{"href":"https:\/\/uus.addinol.ee\/lt\/wp-json\/wp\/v2\/product"}],"about":[{"href":"https:\/\/uus.addinol.ee\/lt\/wp-json\/wp\/v2\/types\/product"}],"wp:featuredmedia":[{"embeddable":true,"href":"https:\/\/uus.addinol.ee\/lt\/wp-json\/wp\/v2\/media\/6086"}],"wp:attachment":[{"href":"https:\/\/uus.addinol.ee\/lt\/wp-json\/wp\/v2\/media?parent=6085"}],"wp:term":[{"taxonomy":"viscosity","embeddable":true,"href":"https:\/\/uus.addinol.ee\/lt\/wp-json\/wp\/v2\/viscosity?post=6085"},{"taxonomy":"product_brand","embeddable":true,"href":"https:\/\/uus.addinol.ee\/lt\/wp-json\/wp\/v2\/product_brand?post=6085"},{"taxonomy":"product_cat","embeddable":true,"href":"https:\/\/uus.addinol.ee\/lt\/wp-json\/wp\/v2\/product_cat?post=6085"},{"taxonomy":"product_tag","embeddable":true,"href":"https:\/\/uus.addinol.ee\/lt\/wp-json\/wp\/v2\/product_tag?post=6085"},{"taxonomy":"inventory","embeddable":true,"href":"https:\/\/uus.addinol.ee\/lt\/wp-json\/wp\/v2\/inventory?post=6085"}],"curies":[{"name":"wp","href":"https:\/\/api.w.org\/{rel}","templated":true}]}}