{"id":6102,"date":"2024-12-31T12:24:52","date_gmt":"2024-12-31T12:24:52","guid":{"rendered":"https:\/\/addinol.ee\/toode\/hudrooli-hvlp-68\/"},"modified":"2025-07-04T11:39:50","modified_gmt":"2025-07-04T08:39:50","slug":"hudrooli-hvlp-68","status":"publish","type":"product","link":"https:\/\/uus.addinol.ee\/lt\/toode\/hudrooli-hvlp-68\/","title":{"rendered":"H\u00fcdro\u00f5li HVLP 68"},"content":{"rendered":"<p><strong>H\u00fcdro\u00f5li HVLP 68 KASUTUSV\u00d5IMALUSED:<\/strong><br \/>\n\u2022 Sobib kasutamiseks t\u00e4nap\u00e4evastes h\u00fcdros\u00fcsteemides.<br \/>\n\u2022 Ette n\u00e4htud aastaringseks kasutamiseks v\u00e4litingimustes t\u00f6\u00f6tavates h\u00fcdros\u00fcsteemides.<br \/>\n\u2022 Sobib suurep\u00e4raselt kasutamiseks h\u00fcdros\u00fcsteemides, mis peavad taluma temperatuuride pidevat vaheldumist (nt automaatt\u00f5kkepuude, vanaraua presside, l\u00fc\u00fcside, tammide h\u00fcdros\u00fcsteemides).<br \/>\n\u2022 H\u00fcdro\u00f5li HVLP 68 on kasutatav ehitusmasinate, kahvelt\u00f5stukite, konteinerveokite ja linnahooldes\u00f5idukite h\u00fcdros\u00fcsteemides.<\/p>\n<p><strong>H\u00fcdro\u00f5li HVLP 68 SPETSIFIKATSIOON \/ LITSENTSID:<\/strong><br \/>\nH\u00fcdro\u00f5li HVLP 68 t\u00e4idab ja \u00fcletab n\u00f5udeid:<br \/>\n\u2022 DIN 51524-3 (HVLP)<br \/>\n\u2022 ISO 11158 (HV)<br \/>\n\u2022 AFNOR NF E 48603 (HV)<br \/>\n\u2022 CETOP RP 91 H (HV)<br \/>\n\u2022 DIN EN ISO 6743-4 (HV)<br \/>\n\u2022 Bosch-Rexroth RD\/RE<\/p>\n<p><strong>H\u00fcdro\u00f5li HVLP 68 OMADUSED:<\/strong><br \/>\n\u2022 Suurep\u00e4rane kulumiskaitse ja vananemiskindlus<br \/>\n\u2022 K\u00f5rge nihkepinge stabiilsus ja termooks\u00fcdatsioonikindlus<br \/>\n\u2022 Parendatud s\u00f6\u00f6bimisvastane kaitse<br \/>\n\u2022 Viskoossuse v\u00e4hene s\u00f5ltuvus temperatuurist<br \/>\n\u2022 Aastaringne<br \/>\n\u2022 Parendatud korrosioonit\u00f5rjeomadused<br \/>\n\u2022 V\u00e4ga hea desemulgeerimisv\u00f5ime<\/p>\n<p><strong>H\u00fcdro\u00f5li HVLP 68 EELISED TARBIJALE:<\/strong><br \/>\n\u2022 Riketevaba t\u00f6\u00f6 ka s\u00fcsteemides, mille detailid on valmistatud erinevatest metallidest<br \/>\n\u2022 Pikk kasutusiga<br \/>\n\u2022 Kulumise ja s\u00f6\u00f6bimise v\u00e4henemine rasketes ekspluatatsioonitingimustes, sealhulgas ka l\u00f6\u00f6kkoormuse esinemisel<br \/>\n\u2022 Sobib eriti h\u00e4sti k\u00fclmas keskkonnas t\u00f6\u00f6tavatele h\u00fcdros\u00fcsteemidele (k\u00fclmades kliimatingimustes, k\u00f5rgm\u00e4estikus, talispordiregioonides, lumekoristusmasinates, k\u00fclmhoonetes, k\u00fclmutusseadmetes)<br \/>\n\u2022 Lihtsustab laomajandust<br \/>\n\u2022 H\u00fcdros\u00fcsteemi pikk t\u00f6\u00f6iga<br \/>\n\u2022 Kaitseb sissetungiva vee eest<\/p>\n","protected":false},"excerpt":{"rendered":"<p>H\u00fcdro\u00f5li ADDINOL HVLP 68 on mineraal\u00f5lip\u00f5hine tsinki sisaldav h\u00fcdros\u00fcsteemide t\u00f6\u00f6vedelik, mis on v\u00e4ga heade viskoossus-temperatuuriliste omadustega ja sellest tulenevalt kasutatav aastaringselt. Seet\u00f5ttu on tagatud masina \u00fchtlane t\u00f6\u00f6v\u00f5imsus ka \u00e4\u00e4rmuslike temperatuurik\u00f5ikumiste puhul v\u00f5i h\u00fcdros\u00fcsteemi k\u00e4ivitamisel.<\/p>\n","protected":false},"featured_media":8128,"template":"","meta":{"_acf_changed":false},"viscosity":[],"product_brand":[],"product_cat":[174,151],"product_tag":[],"inventory":[],"class_list":{"0":"post-6102","1":"product","2":"type-product","3":"status-publish","4":"has-post-thumbnail","6":"product_cat-hudroolid","7":"product_cat-toostusmaardeained","8":"pa_vali-pakend-hvlp68-205l","9":"pa_vali-pakend-hvlp68-20l","10":"pa_vali-pakend-hydraulikol-hvlp-68-205l","11":"pa_vali-pakend-hydraulikol-hvlp-68-20l","13":"first","14":"instock","15":"taxable","16":"shipping-taxable","17":"purchasable","18":"product-type-variable"},"acf":[],"yoast_head":"<!-- This site is optimized with the Yoast SEO plugin v27.5 - https:\/\/yoast.com\/product\/yoast-seo-wordpress\/ -->\n<title>H\u00fcdro\u00f5li HVLP 68 - ADDINOL<\/title>\n<meta name=\"robots\" content=\"index, follow, max-snippet:-1, max-image-preview:large, max-video-preview:-1\" \/>\n<link rel=\"canonical\" href=\"https:\/\/uus.addinol.ee\/lt\/toode\/hudrooli-hvlp-68\/\" \/>\n<meta property=\"og:locale\" content=\"lt_LT\" \/>\n<meta property=\"og:type\" content=\"article\" \/>\n<meta property=\"og:title\" content=\"H\u00fcdro\u00f5li HVLP 68 - ADDINOL\" \/>\n<meta property=\"og:description\" content=\"H\u00fcdro\u00f5li ADDINOL HVLP 68 on mineraal\u00f5lip\u00f5hine tsinki sisaldav h\u00fcdros\u00fcsteemide t\u00f6\u00f6vedelik, mis on v\u00e4ga heade viskoossus-temperatuuriliste omadustega ja sellest tulenevalt kasutatav aastaringselt. Seet\u00f5ttu on tagatud masina \u00fchtlane t\u00f6\u00f6v\u00f5imsus ka \u00e4\u00e4rmuslike temperatuurik\u00f5ikumiste puhul v\u00f5i h\u00fcdros\u00fcsteemi k\u00e4ivitamisel.\" \/>\n<meta property=\"og:url\" content=\"https:\/\/uus.addinol.ee\/lt\/toode\/hudrooli-hvlp-68\/\" \/>\n<meta property=\"og:site_name\" content=\"ADDINOL\" \/>\n<meta property=\"article:publisher\" content=\"https:\/\/www.facebook.com\/ADDINOLEesti\/\" \/>\n<meta property=\"article:modified_time\" content=\"2025-07-04T08:39:50+00:00\" \/>\n<meta property=\"og:image\" content=\"https:\/\/uus.addinol.ee\/wp-content\/uploads\/2025\/05\/gruppe-scaled.jpg\" \/>\n\t<meta property=\"og:image:width\" content=\"2085\" \/>\n\t<meta property=\"og:image:height\" content=\"2560\" \/>\n\t<meta property=\"og:image:type\" content=\"image\/jpeg\" \/>\n<meta name=\"twitter:card\" content=\"summary_large_image\" \/>\n<meta name=\"twitter:label1\" content=\"Est. reading time\" \/>\n\t<meta name=\"twitter:data1\" content=\"2 minutes\" \/>\n<script type=\"application\/ld+json\" class=\"yoast-schema-graph\">{\"@context\":\"https:\\\/\\\/schema.org\",\"@graph\":[{\"@type\":\"WebPage\",\"@id\":\"https:\\\/\\\/uus.addinol.ee\\\/lt\\\/toode\\\/hudrooli-hvlp-68\\\/\",\"url\":\"https:\\\/\\\/uus.addinol.ee\\\/lt\\\/toode\\\/hudrooli-hvlp-68\\\/\",\"name\":\"H\u00fcdro\u00f5li HVLP 68 - ADDINOL\",\"isPartOf\":{\"@id\":\"https:\\\/\\\/uus.addinol.ee\\\/lt\\\/#website\"},\"primaryImageOfPage\":{\"@id\":\"https:\\\/\\\/uus.addinol.ee\\\/lt\\\/toode\\\/hudrooli-hvlp-68\\\/#primaryimage\"},\"image\":{\"@id\":\"https:\\\/\\\/uus.addinol.ee\\\/lt\\\/toode\\\/hudrooli-hvlp-68\\\/#primaryimage\"},\"thumbnailUrl\":\"https:\\\/\\\/uus.addinol.ee\\\/wp-content\\\/uploads\\\/2025\\\/05\\\/gruppe-scaled.jpg\",\"datePublished\":\"2024-12-31T12:24:52+00:00\",\"dateModified\":\"2025-07-04T08:39:50+00:00\",\"breadcrumb\":{\"@id\":\"https:\\\/\\\/uus.addinol.ee\\\/lt\\\/toode\\\/hudrooli-hvlp-68\\\/#breadcrumb\"},\"inLanguage\":\"lt-LT\",\"potentialAction\":[{\"@type\":\"ReadAction\",\"target\":[\"https:\\\/\\\/uus.addinol.ee\\\/lt\\\/toode\\\/hudrooli-hvlp-68\\\/\"]}]},{\"@type\":\"ImageObject\",\"inLanguage\":\"lt-LT\",\"@id\":\"https:\\\/\\\/uus.addinol.ee\\\/lt\\\/toode\\\/hudrooli-hvlp-68\\\/#primaryimage\",\"url\":\"https:\\\/\\\/uus.addinol.ee\\\/wp-content\\\/uploads\\\/2025\\\/05\\\/gruppe-scaled.jpg\",\"contentUrl\":\"https:\\\/\\\/uus.addinol.ee\\\/wp-content\\\/uploads\\\/2025\\\/05\\\/gruppe-scaled.jpg\",\"width\":2085,\"height\":2560},{\"@type\":\"BreadcrumbList\",\"@id\":\"https:\\\/\\\/uus.addinol.ee\\\/lt\\\/toode\\\/hudrooli-hvlp-68\\\/#breadcrumb\",\"itemListElement\":[{\"@type\":\"ListItem\",\"position\":1,\"name\":\"ADDINOL\",\"item\":\"https:\\\/\\\/uus.addinol.ee\\\/lt\\\/\"},{\"@type\":\"ListItem\",\"position\":2,\"name\":\"E-pood\",\"item\":\"https:\\\/\\\/uus.addinol.ee\\\/e-pood\\\/\"},{\"@type\":\"ListItem\",\"position\":3,\"name\":\"H\u00fcdro\u00f5li HVLP 68\"}]},{\"@type\":\"WebSite\",\"@id\":\"https:\\\/\\\/uus.addinol.ee\\\/lt\\\/#website\",\"url\":\"https:\\\/\\\/uus.addinol.ee\\\/lt\\\/\",\"name\":\"ADDINOL\",\"description\":\"Mootori&otilde;lid ja m&auml;&auml;&auml;rdeained igaks kasutusjuhuks\",\"publisher\":{\"@id\":\"https:\\\/\\\/uus.addinol.ee\\\/lt\\\/#organization\"},\"potentialAction\":[{\"@type\":\"SearchAction\",\"target\":{\"@type\":\"EntryPoint\",\"urlTemplate\":\"https:\\\/\\\/uus.addinol.ee\\\/lt\\\/?s={search_term_string}\"},\"query-input\":{\"@type\":\"PropertyValueSpecification\",\"valueRequired\":true,\"valueName\":\"search_term_string\"}}],\"inLanguage\":\"lt-LT\"},{\"@type\":\"Organization\",\"@id\":\"https:\\\/\\\/uus.addinol.ee\\\/lt\\\/#organization\",\"name\":\"ADDINOL\",\"url\":\"https:\\\/\\\/uus.addinol.ee\\\/lt\\\/\",\"logo\":{\"@type\":\"ImageObject\",\"inLanguage\":\"lt-LT\",\"@id\":\"https:\\\/\\\/uus.addinol.ee\\\/lt\\\/#\\\/schema\\\/logo\\\/image\\\/\",\"url\":\"https:\\\/\\\/uus.addinol.ee\\\/wp-content\\\/uploads\\\/2024\\\/10\\\/1200px-ADDINOL-Logo.webp\",\"contentUrl\":\"https:\\\/\\\/uus.addinol.ee\\\/wp-content\\\/uploads\\\/2024\\\/10\\\/1200px-ADDINOL-Logo.webp\",\"width\":1200,\"height\":431,\"caption\":\"ADDINOL\"},\"image\":{\"@id\":\"https:\\\/\\\/uus.addinol.ee\\\/lt\\\/#\\\/schema\\\/logo\\\/image\\\/\"},\"sameAs\":[\"https:\\\/\\\/www.facebook.com\\\/ADDINOLEesti\\\/\",\"https:\\\/\\\/www.instagram.com\\\/addinol_eesti\\\/\"]}]}<\/script>\n<!-- \/ Yoast SEO plugin. -->","yoast_head_json":{"title":"H\u00fcdro\u00f5li HVLP 68 - ADDINOL","robots":{"index":"index","follow":"follow","max-snippet":"max-snippet:-1","max-image-preview":"max-image-preview:large","max-video-preview":"max-video-preview:-1"},"canonical":"https:\/\/uus.addinol.ee\/lt\/toode\/hudrooli-hvlp-68\/","og_locale":"lt_LT","og_type":"article","og_title":"H\u00fcdro\u00f5li HVLP 68 - ADDINOL","og_description":"H\u00fcdro\u00f5li ADDINOL HVLP 68 on mineraal\u00f5lip\u00f5hine tsinki sisaldav h\u00fcdros\u00fcsteemide t\u00f6\u00f6vedelik, mis on v\u00e4ga heade viskoossus-temperatuuriliste omadustega ja sellest tulenevalt kasutatav aastaringselt. Seet\u00f5ttu on tagatud masina \u00fchtlane t\u00f6\u00f6v\u00f5imsus ka \u00e4\u00e4rmuslike temperatuurik\u00f5ikumiste puhul v\u00f5i h\u00fcdros\u00fcsteemi k\u00e4ivitamisel.","og_url":"https:\/\/uus.addinol.ee\/lt\/toode\/hudrooli-hvlp-68\/","og_site_name":"ADDINOL","article_publisher":"https:\/\/www.facebook.com\/ADDINOLEesti\/","article_modified_time":"2025-07-04T08:39:50+00:00","og_image":[{"width":2085,"height":2560,"url":"https:\/\/uus.addinol.ee\/wp-content\/uploads\/2025\/05\/gruppe-scaled.jpg","type":"image\/jpeg"}],"twitter_card":"summary_large_image","twitter_misc":{"Est. reading time":"2 minutes"},"schema":{"@context":"https:\/\/schema.org","@graph":[{"@type":"WebPage","@id":"https:\/\/uus.addinol.ee\/lt\/toode\/hudrooli-hvlp-68\/","url":"https:\/\/uus.addinol.ee\/lt\/toode\/hudrooli-hvlp-68\/","name":"H\u00fcdro\u00f5li HVLP 68 - ADDINOL","isPartOf":{"@id":"https:\/\/uus.addinol.ee\/lt\/#website"},"primaryImageOfPage":{"@id":"https:\/\/uus.addinol.ee\/lt\/toode\/hudrooli-hvlp-68\/#primaryimage"},"image":{"@id":"https:\/\/uus.addinol.ee\/lt\/toode\/hudrooli-hvlp-68\/#primaryimage"},"thumbnailUrl":"https:\/\/uus.addinol.ee\/wp-content\/uploads\/2025\/05\/gruppe-scaled.jpg","datePublished":"2024-12-31T12:24:52+00:00","dateModified":"2025-07-04T08:39:50+00:00","breadcrumb":{"@id":"https:\/\/uus.addinol.ee\/lt\/toode\/hudrooli-hvlp-68\/#breadcrumb"},"inLanguage":"lt-LT","potentialAction":[{"@type":"ReadAction","target":["https:\/\/uus.addinol.ee\/lt\/toode\/hudrooli-hvlp-68\/"]}]},{"@type":"ImageObject","inLanguage":"lt-LT","@id":"https:\/\/uus.addinol.ee\/lt\/toode\/hudrooli-hvlp-68\/#primaryimage","url":"https:\/\/uus.addinol.ee\/wp-content\/uploads\/2025\/05\/gruppe-scaled.jpg","contentUrl":"https:\/\/uus.addinol.ee\/wp-content\/uploads\/2025\/05\/gruppe-scaled.jpg","width":2085,"height":2560},{"@type":"BreadcrumbList","@id":"https:\/\/uus.addinol.ee\/lt\/toode\/hudrooli-hvlp-68\/#breadcrumb","itemListElement":[{"@type":"ListItem","position":1,"name":"ADDINOL","item":"https:\/\/uus.addinol.ee\/lt\/"},{"@type":"ListItem","position":2,"name":"E-pood","item":"https:\/\/uus.addinol.ee\/e-pood\/"},{"@type":"ListItem","position":3,"name":"H\u00fcdro\u00f5li HVLP 68"}]},{"@type":"WebSite","@id":"https:\/\/uus.addinol.ee\/lt\/#website","url":"https:\/\/uus.addinol.ee\/lt\/","name":"ADDINOL","description":"Mootori&otilde;lid ja m&auml;&auml;&auml;rdeained igaks kasutusjuhuks","publisher":{"@id":"https:\/\/uus.addinol.ee\/lt\/#organization"},"potentialAction":[{"@type":"SearchAction","target":{"@type":"EntryPoint","urlTemplate":"https:\/\/uus.addinol.ee\/lt\/?s={search_term_string}"},"query-input":{"@type":"PropertyValueSpecification","valueRequired":true,"valueName":"search_term_string"}}],"inLanguage":"lt-LT"},{"@type":"Organization","@id":"https:\/\/uus.addinol.ee\/lt\/#organization","name":"ADDINOL","url":"https:\/\/uus.addinol.ee\/lt\/","logo":{"@type":"ImageObject","inLanguage":"lt-LT","@id":"https:\/\/uus.addinol.ee\/lt\/#\/schema\/logo\/image\/","url":"https:\/\/uus.addinol.ee\/wp-content\/uploads\/2024\/10\/1200px-ADDINOL-Logo.webp","contentUrl":"https:\/\/uus.addinol.ee\/wp-content\/uploads\/2024\/10\/1200px-ADDINOL-Logo.webp","width":1200,"height":431,"caption":"ADDINOL"},"image":{"@id":"https:\/\/uus.addinol.ee\/lt\/#\/schema\/logo\/image\/"},"sameAs":["https:\/\/www.facebook.com\/ADDINOLEesti\/","https:\/\/www.instagram.com\/addinol_eesti\/"]}]}},"_links":{"self":[{"href":"https:\/\/uus.addinol.ee\/lt\/wp-json\/wp\/v2\/product\/6102","targetHints":{"allow":["GET"]}}],"collection":[{"href":"https:\/\/uus.addinol.ee\/lt\/wp-json\/wp\/v2\/product"}],"about":[{"href":"https:\/\/uus.addinol.ee\/lt\/wp-json\/wp\/v2\/types\/product"}],"wp:featuredmedia":[{"embeddable":true,"href":"https:\/\/uus.addinol.ee\/lt\/wp-json\/wp\/v2\/media\/8128"}],"wp:attachment":[{"href":"https:\/\/uus.addinol.ee\/lt\/wp-json\/wp\/v2\/media?parent=6102"}],"wp:term":[{"taxonomy":"viscosity","embeddable":true,"href":"https:\/\/uus.addinol.ee\/lt\/wp-json\/wp\/v2\/viscosity?post=6102"},{"taxonomy":"product_brand","embeddable":true,"href":"https:\/\/uus.addinol.ee\/lt\/wp-json\/wp\/v2\/product_brand?post=6102"},{"taxonomy":"product_cat","embeddable":true,"href":"https:\/\/uus.addinol.ee\/lt\/wp-json\/wp\/v2\/product_cat?post=6102"},{"taxonomy":"product_tag","embeddable":true,"href":"https:\/\/uus.addinol.ee\/lt\/wp-json\/wp\/v2\/product_tag?post=6102"},{"taxonomy":"inventory","embeddable":true,"href":"https:\/\/uus.addinol.ee\/lt\/wp-json\/wp\/v2\/inventory?post=6102"}],"curies":[{"name":"wp","href":"https:\/\/api.w.org\/{rel}","templated":true}]}}