{"id":6108,"date":"2024-12-31T12:24:52","date_gmt":"2024-12-31T12:24:52","guid":{"rendered":"https:\/\/addinol.ee\/toode\/mitmeotstarbeline-maare-mehrzweckfett-l-2-mo\/"},"modified":"2025-08-23T12:54:52","modified_gmt":"2025-08-23T09:54:52","slug":"mitmeotstarbeline-maare-mehrzweckfett-l-2-mo","status":"publish","type":"product","link":"https:\/\/uus.addinol.ee\/lt\/toode\/mitmeotstarbeline-maare-mehrzweckfett-l-2-mo\/","title":{"rendered":"Mitmeotstarbeline m\u00e4\u00e4re Mehrzweckfett L 2 MO"},"content":{"rendered":"<p><strong>Mitmeotstarbelise m\u00e4\u00e4rde Mehrzweckfett L 2 MO KASUTUSV\u00d5IMALUSED:<\/strong><br \/>\n\u2022 Ette n\u00e4htud liugelaagrite m\u00e4\u00e4rimiseks poolvedelikh\u00f5\u00f5rdumisel.<br \/>\n\u2022 Sobib suurep\u00e4raselt suurtel mehaanilistel koormustel ning v\u00e4ikestel kuni keskmistel veerekiirustel t\u00f6\u00f6tavate veere- ja liugelaagrite m\u00e4\u00e4rimiseks.<br \/>\n\u2022 Sobib v\u00e4ga h\u00e4sti kasutamiseks masinate ja seadmete raskelt koormatud m\u00e4\u00e4rimiskohtades.<br \/>\n\u2022 Kasutatav universaalse m\u00e4\u00e4rdena mootors\u00f5idukites.<br \/>\n\u2022 Sobib kasutamiseks raskelt koormatud uute laagrite sisset\u00f6\u00f6tamiseks.<br \/>\n\u2022 Sobib v\u00e4ga h\u00e4sti kasutamiseks keskm\u00e4\u00e4rimiss\u00fcsteemides.<\/p>\n<p><strong>Mitmeotstarbelise m\u00e4\u00e4rde Mehrzweckfett L 2 MO SPETSIFIKATSIOON \/ LITSENTSID:<\/strong><br \/>\nM\u00e4\u00e4rde t\u00e4histus DIN 51502 j\u00e4rgi:<br \/>\n\u2022 KPF2K-30<\/p>\n<p>M\u00e4\u00e4rde t\u00e4histus ISO 6743 j\u00e4rgi:<br \/>\n\u2022 ISO-L-X CCHB2<\/p>\n<p>NLGI klass: 2<\/p>\n<p><strong>Mitmeotstarbelise m\u00e4\u00e4rde Mehrzweckfett L 2 MO OMADUSED:<\/strong><br \/>\n\u2022 Veekindel<br \/>\n\u2022 Vananemis- ja korrosioonikindel<br \/>\n\u2022 Sisaldab tahkeid m\u00e4\u00e4rdeaineid MoS2 ja grafiiti<br \/>\n\u2022 Kauakestev m\u00f5ju<br \/>\n\u2022 Kaitseb usaldusv\u00e4\u00e4rselt korrosiooni eest<br \/>\n\u2022 Lai temperatuurivahemik<br \/>\n\u2022 Vastupidav suurtele mehaanilistele koormustele<br \/>\n\u2022 V\u00e4ga hea mehaaniline stabiilsus<\/p>\n<p><strong>Mitmeotstarbelise m\u00e4\u00e4rde Mehrzweckfett L 2 MO EELISED TARBIJALE:<\/strong><br \/>\n\u2022 V\u00f5imalik otsene kokkupuude veega<br \/>\n\u2022 M\u00e4\u00e4rdeaine pikk kasutusiga<br \/>\n\u2022 V\u00e4ga hea s\u00f6\u00f6bimiskindlus<br \/>\n\u2022 M\u00e4\u00e4rdeaine pikk kasutusiga<br \/>\n\u2022 Masinate pikk t\u00f6\u00f6iga<br \/>\n\u2022 Palju kasutusv\u00f5imalusi<br \/>\n\u2022 M\u00e4\u00e4rde kauakestev m\u00f5ju<br \/>\n\u2022 Tagatud m\u00e4\u00e4rde stabiilne struktuur<\/p>\n","protected":false},"excerpt":{"rendered":"<p>ADDINOL Mehrzweckfett L 2 MO on universaalne mineraal\u00f5lip\u00f5hine liitiumseepm\u00e4\u00e4re, millele on lisatud tahked m\u00e4\u00e4rdeained mol\u00fcbdeendisulfiid ja grafiit. ADDINOL Mehrzweckfett L 2 MO on veekindel ning sisaldab korrosiooni- ja vananemisvastaseid manuseid.<\/p>\n","protected":false},"featured_media":6019,"template":"","meta":{"_acf_changed":false},"viscosity":[],"product_brand":[],"product_cat":[150,151,157,727],"product_tag":[],"inventory":[],"class_list":{"0":"post-6108","1":"product","2":"type-product","3":"status-publish","4":"has-post-thumbnail","6":"product_cat-mootorsoidukite-maardeained","7":"product_cat-toostusmaardeained","8":"product_cat-maarded-ja-pastad","9":"product_cat-universaalsed-maarded","10":"pa_vali-pakend-l2mo-25kg","11":"pa_vali-pakend-l2mo-400g","12":"pa_vali-pakend-mehrzweckfett-l-2-mo-25kg","13":"pa_vali-pakend-mehrzweckfett-l-2-mo-400g","15":"first","16":"instock","17":"taxable","18":"shipping-taxable","19":"purchasable","20":"product-type-variable"},"acf":[],"yoast_head":"<!-- This site is optimized with the Yoast SEO plugin v27.5 - https:\/\/yoast.com\/product\/yoast-seo-wordpress\/ -->\n<title>Mitmeotstarbeline m\u00e4\u00e4re Mehrzweckfett L 2 MO - ADDINOL<\/title>\n<meta name=\"robots\" content=\"index, follow, max-snippet:-1, max-image-preview:large, max-video-preview:-1\" \/>\n<link rel=\"canonical\" href=\"https:\/\/uus.addinol.ee\/lt\/toode\/mitmeotstarbeline-maare-mehrzweckfett-l-2-mo\/\" \/>\n<meta property=\"og:locale\" content=\"lt_LT\" \/>\n<meta property=\"og:type\" content=\"article\" \/>\n<meta property=\"og:title\" content=\"Mitmeotstarbeline m\u00e4\u00e4re Mehrzweckfett L 2 MO - ADDINOL\" \/>\n<meta property=\"og:description\" content=\"ADDINOL Mehrzweckfett L 2 MO on universaalne mineraal\u00f5lip\u00f5hine liitiumseepm\u00e4\u00e4re, millele on lisatud tahked m\u00e4\u00e4rdeained mol\u00fcbdeendisulfiid ja grafiit. ADDINOL Mehrzweckfett L 2 MO on veekindel ning sisaldab korrosiooni- ja vananemisvastaseid manuseid.\" \/>\n<meta property=\"og:url\" content=\"https:\/\/uus.addinol.ee\/lt\/toode\/mitmeotstarbeline-maare-mehrzweckfett-l-2-mo\/\" \/>\n<meta property=\"og:site_name\" content=\"ADDINOL\" \/>\n<meta property=\"article:publisher\" content=\"https:\/\/www.facebook.com\/ADDINOLEesti\/\" \/>\n<meta property=\"article:modified_time\" content=\"2025-08-23T09:54:52+00:00\" \/>\n<meta property=\"og:image\" content=\"https:\/\/uus.addinol.ee\/wp-content\/uploads\/2024\/12\/tuub-scaled-4.jpg\" \/>\n\t<meta property=\"og:image:width\" content=\"563\" \/>\n\t<meta property=\"og:image:height\" content=\"1920\" \/>\n\t<meta property=\"og:image:type\" content=\"image\/jpeg\" \/>\n<meta name=\"twitter:card\" content=\"summary_large_image\" \/>\n<meta name=\"twitter:label1\" content=\"Est. reading time\" \/>\n\t<meta name=\"twitter:data1\" content=\"2 minutes\" \/>\n<script type=\"application\/ld+json\" class=\"yoast-schema-graph\">{\"@context\":\"https:\\\/\\\/schema.org\",\"@graph\":[{\"@type\":\"WebPage\",\"@id\":\"https:\\\/\\\/uus.addinol.ee\\\/lt\\\/toode\\\/mitmeotstarbeline-maare-mehrzweckfett-l-2-mo\\\/\",\"url\":\"https:\\\/\\\/uus.addinol.ee\\\/lt\\\/toode\\\/mitmeotstarbeline-maare-mehrzweckfett-l-2-mo\\\/\",\"name\":\"Mitmeotstarbeline m\u00e4\u00e4re Mehrzweckfett L 2 MO - ADDINOL\",\"isPartOf\":{\"@id\":\"https:\\\/\\\/uus.addinol.ee\\\/lt\\\/#website\"},\"primaryImageOfPage\":{\"@id\":\"https:\\\/\\\/uus.addinol.ee\\\/lt\\\/toode\\\/mitmeotstarbeline-maare-mehrzweckfett-l-2-mo\\\/#primaryimage\"},\"image\":{\"@id\":\"https:\\\/\\\/uus.addinol.ee\\\/lt\\\/toode\\\/mitmeotstarbeline-maare-mehrzweckfett-l-2-mo\\\/#primaryimage\"},\"thumbnailUrl\":\"https:\\\/\\\/uus.addinol.ee\\\/wp-content\\\/uploads\\\/2024\\\/12\\\/tuub-scaled-4.jpg\",\"datePublished\":\"2024-12-31T12:24:52+00:00\",\"dateModified\":\"2025-08-23T09:54:52+00:00\",\"breadcrumb\":{\"@id\":\"https:\\\/\\\/uus.addinol.ee\\\/lt\\\/toode\\\/mitmeotstarbeline-maare-mehrzweckfett-l-2-mo\\\/#breadcrumb\"},\"inLanguage\":\"lt-LT\",\"potentialAction\":[{\"@type\":\"ReadAction\",\"target\":[\"https:\\\/\\\/uus.addinol.ee\\\/lt\\\/toode\\\/mitmeotstarbeline-maare-mehrzweckfett-l-2-mo\\\/\"]}]},{\"@type\":\"ImageObject\",\"inLanguage\":\"lt-LT\",\"@id\":\"https:\\\/\\\/uus.addinol.ee\\\/lt\\\/toode\\\/mitmeotstarbeline-maare-mehrzweckfett-l-2-mo\\\/#primaryimage\",\"url\":\"https:\\\/\\\/uus.addinol.ee\\\/wp-content\\\/uploads\\\/2024\\\/12\\\/tuub-scaled-4.jpg\",\"contentUrl\":\"https:\\\/\\\/uus.addinol.ee\\\/wp-content\\\/uploads\\\/2024\\\/12\\\/tuub-scaled-4.jpg\",\"width\":563,\"height\":1920,\"caption\":\"Kontakt\u00fchenduste m\u00e4\u00e4re SW 2\"},{\"@type\":\"BreadcrumbList\",\"@id\":\"https:\\\/\\\/uus.addinol.ee\\\/lt\\\/toode\\\/mitmeotstarbeline-maare-mehrzweckfett-l-2-mo\\\/#breadcrumb\",\"itemListElement\":[{\"@type\":\"ListItem\",\"position\":1,\"name\":\"ADDINOL\",\"item\":\"https:\\\/\\\/uus.addinol.ee\\\/lt\\\/\"},{\"@type\":\"ListItem\",\"position\":2,\"name\":\"E-pood\",\"item\":\"https:\\\/\\\/uus.addinol.ee\\\/e-pood\\\/\"},{\"@type\":\"ListItem\",\"position\":3,\"name\":\"Mitmeotstarbeline m\u00e4\u00e4re Mehrzweckfett L 2 MO\"}]},{\"@type\":\"WebSite\",\"@id\":\"https:\\\/\\\/uus.addinol.ee\\\/lt\\\/#website\",\"url\":\"https:\\\/\\\/uus.addinol.ee\\\/lt\\\/\",\"name\":\"ADDINOL\",\"description\":\"Mootori&otilde;lid ja m&auml;&auml;&auml;rdeained igaks kasutusjuhuks\",\"publisher\":{\"@id\":\"https:\\\/\\\/uus.addinol.ee\\\/lt\\\/#organization\"},\"potentialAction\":[{\"@type\":\"SearchAction\",\"target\":{\"@type\":\"EntryPoint\",\"urlTemplate\":\"https:\\\/\\\/uus.addinol.ee\\\/lt\\\/?s={search_term_string}\"},\"query-input\":{\"@type\":\"PropertyValueSpecification\",\"valueRequired\":true,\"valueName\":\"search_term_string\"}}],\"inLanguage\":\"lt-LT\"},{\"@type\":\"Organization\",\"@id\":\"https:\\\/\\\/uus.addinol.ee\\\/lt\\\/#organization\",\"name\":\"ADDINOL\",\"url\":\"https:\\\/\\\/uus.addinol.ee\\\/lt\\\/\",\"logo\":{\"@type\":\"ImageObject\",\"inLanguage\":\"lt-LT\",\"@id\":\"https:\\\/\\\/uus.addinol.ee\\\/lt\\\/#\\\/schema\\\/logo\\\/image\\\/\",\"url\":\"https:\\\/\\\/uus.addinol.ee\\\/wp-content\\\/uploads\\\/2024\\\/10\\\/1200px-ADDINOL-Logo.webp\",\"contentUrl\":\"https:\\\/\\\/uus.addinol.ee\\\/wp-content\\\/uploads\\\/2024\\\/10\\\/1200px-ADDINOL-Logo.webp\",\"width\":1200,\"height\":431,\"caption\":\"ADDINOL\"},\"image\":{\"@id\":\"https:\\\/\\\/uus.addinol.ee\\\/lt\\\/#\\\/schema\\\/logo\\\/image\\\/\"},\"sameAs\":[\"https:\\\/\\\/www.facebook.com\\\/ADDINOLEesti\\\/\",\"https:\\\/\\\/www.instagram.com\\\/addinol_eesti\\\/\"]}]}<\/script>\n<!-- \/ Yoast SEO plugin. -->","yoast_head_json":{"title":"Mitmeotstarbeline m\u00e4\u00e4re Mehrzweckfett L 2 MO - ADDINOL","robots":{"index":"index","follow":"follow","max-snippet":"max-snippet:-1","max-image-preview":"max-image-preview:large","max-video-preview":"max-video-preview:-1"},"canonical":"https:\/\/uus.addinol.ee\/lt\/toode\/mitmeotstarbeline-maare-mehrzweckfett-l-2-mo\/","og_locale":"lt_LT","og_type":"article","og_title":"Mitmeotstarbeline m\u00e4\u00e4re Mehrzweckfett L 2 MO - ADDINOL","og_description":"ADDINOL Mehrzweckfett L 2 MO on universaalne mineraal\u00f5lip\u00f5hine liitiumseepm\u00e4\u00e4re, millele on lisatud tahked m\u00e4\u00e4rdeained mol\u00fcbdeendisulfiid ja grafiit. ADDINOL Mehrzweckfett L 2 MO on veekindel ning sisaldab korrosiooni- ja vananemisvastaseid manuseid.","og_url":"https:\/\/uus.addinol.ee\/lt\/toode\/mitmeotstarbeline-maare-mehrzweckfett-l-2-mo\/","og_site_name":"ADDINOL","article_publisher":"https:\/\/www.facebook.com\/ADDINOLEesti\/","article_modified_time":"2025-08-23T09:54:52+00:00","og_image":[{"width":563,"height":1920,"url":"https:\/\/uus.addinol.ee\/wp-content\/uploads\/2024\/12\/tuub-scaled-4.jpg","type":"image\/jpeg"}],"twitter_card":"summary_large_image","twitter_misc":{"Est. reading time":"2 minutes"},"schema":{"@context":"https:\/\/schema.org","@graph":[{"@type":"WebPage","@id":"https:\/\/uus.addinol.ee\/lt\/toode\/mitmeotstarbeline-maare-mehrzweckfett-l-2-mo\/","url":"https:\/\/uus.addinol.ee\/lt\/toode\/mitmeotstarbeline-maare-mehrzweckfett-l-2-mo\/","name":"Mitmeotstarbeline m\u00e4\u00e4re Mehrzweckfett L 2 MO - ADDINOL","isPartOf":{"@id":"https:\/\/uus.addinol.ee\/lt\/#website"},"primaryImageOfPage":{"@id":"https:\/\/uus.addinol.ee\/lt\/toode\/mitmeotstarbeline-maare-mehrzweckfett-l-2-mo\/#primaryimage"},"image":{"@id":"https:\/\/uus.addinol.ee\/lt\/toode\/mitmeotstarbeline-maare-mehrzweckfett-l-2-mo\/#primaryimage"},"thumbnailUrl":"https:\/\/uus.addinol.ee\/wp-content\/uploads\/2024\/12\/tuub-scaled-4.jpg","datePublished":"2024-12-31T12:24:52+00:00","dateModified":"2025-08-23T09:54:52+00:00","breadcrumb":{"@id":"https:\/\/uus.addinol.ee\/lt\/toode\/mitmeotstarbeline-maare-mehrzweckfett-l-2-mo\/#breadcrumb"},"inLanguage":"lt-LT","potentialAction":[{"@type":"ReadAction","target":["https:\/\/uus.addinol.ee\/lt\/toode\/mitmeotstarbeline-maare-mehrzweckfett-l-2-mo\/"]}]},{"@type":"ImageObject","inLanguage":"lt-LT","@id":"https:\/\/uus.addinol.ee\/lt\/toode\/mitmeotstarbeline-maare-mehrzweckfett-l-2-mo\/#primaryimage","url":"https:\/\/uus.addinol.ee\/wp-content\/uploads\/2024\/12\/tuub-scaled-4.jpg","contentUrl":"https:\/\/uus.addinol.ee\/wp-content\/uploads\/2024\/12\/tuub-scaled-4.jpg","width":563,"height":1920,"caption":"Kontakt\u00fchenduste m\u00e4\u00e4re SW 2"},{"@type":"BreadcrumbList","@id":"https:\/\/uus.addinol.ee\/lt\/toode\/mitmeotstarbeline-maare-mehrzweckfett-l-2-mo\/#breadcrumb","itemListElement":[{"@type":"ListItem","position":1,"name":"ADDINOL","item":"https:\/\/uus.addinol.ee\/lt\/"},{"@type":"ListItem","position":2,"name":"E-pood","item":"https:\/\/uus.addinol.ee\/e-pood\/"},{"@type":"ListItem","position":3,"name":"Mitmeotstarbeline m\u00e4\u00e4re Mehrzweckfett L 2 MO"}]},{"@type":"WebSite","@id":"https:\/\/uus.addinol.ee\/lt\/#website","url":"https:\/\/uus.addinol.ee\/lt\/","name":"ADDINOL","description":"Mootori&otilde;lid ja m&auml;&auml;&auml;rdeained igaks kasutusjuhuks","publisher":{"@id":"https:\/\/uus.addinol.ee\/lt\/#organization"},"potentialAction":[{"@type":"SearchAction","target":{"@type":"EntryPoint","urlTemplate":"https:\/\/uus.addinol.ee\/lt\/?s={search_term_string}"},"query-input":{"@type":"PropertyValueSpecification","valueRequired":true,"valueName":"search_term_string"}}],"inLanguage":"lt-LT"},{"@type":"Organization","@id":"https:\/\/uus.addinol.ee\/lt\/#organization","name":"ADDINOL","url":"https:\/\/uus.addinol.ee\/lt\/","logo":{"@type":"ImageObject","inLanguage":"lt-LT","@id":"https:\/\/uus.addinol.ee\/lt\/#\/schema\/logo\/image\/","url":"https:\/\/uus.addinol.ee\/wp-content\/uploads\/2024\/10\/1200px-ADDINOL-Logo.webp","contentUrl":"https:\/\/uus.addinol.ee\/wp-content\/uploads\/2024\/10\/1200px-ADDINOL-Logo.webp","width":1200,"height":431,"caption":"ADDINOL"},"image":{"@id":"https:\/\/uus.addinol.ee\/lt\/#\/schema\/logo\/image\/"},"sameAs":["https:\/\/www.facebook.com\/ADDINOLEesti\/","https:\/\/www.instagram.com\/addinol_eesti\/"]}]}},"_links":{"self":[{"href":"https:\/\/uus.addinol.ee\/lt\/wp-json\/wp\/v2\/product\/6108","targetHints":{"allow":["GET"]}}],"collection":[{"href":"https:\/\/uus.addinol.ee\/lt\/wp-json\/wp\/v2\/product"}],"about":[{"href":"https:\/\/uus.addinol.ee\/lt\/wp-json\/wp\/v2\/types\/product"}],"wp:featuredmedia":[{"embeddable":true,"href":"https:\/\/uus.addinol.ee\/lt\/wp-json\/wp\/v2\/media\/6019"}],"wp:attachment":[{"href":"https:\/\/uus.addinol.ee\/lt\/wp-json\/wp\/v2\/media?parent=6108"}],"wp:term":[{"taxonomy":"viscosity","embeddable":true,"href":"https:\/\/uus.addinol.ee\/lt\/wp-json\/wp\/v2\/viscosity?post=6108"},{"taxonomy":"product_brand","embeddable":true,"href":"https:\/\/uus.addinol.ee\/lt\/wp-json\/wp\/v2\/product_brand?post=6108"},{"taxonomy":"product_cat","embeddable":true,"href":"https:\/\/uus.addinol.ee\/lt\/wp-json\/wp\/v2\/product_cat?post=6108"},{"taxonomy":"product_tag","embeddable":true,"href":"https:\/\/uus.addinol.ee\/lt\/wp-json\/wp\/v2\/product_tag?post=6108"},{"taxonomy":"inventory","embeddable":true,"href":"https:\/\/uus.addinol.ee\/lt\/wp-json\/wp\/v2\/inventory?post=6108"}],"curies":[{"name":"wp","href":"https:\/\/api.w.org\/{rel}","templated":true}]}}