{"id":6109,"date":"2024-12-31T12:24:52","date_gmt":"2024-12-31T12:24:52","guid":{"rendered":"https:\/\/addinol.ee\/toode\/poolvedel-maare-fliesfett-lic-000\/"},"modified":"2025-08-25T17:02:02","modified_gmt":"2025-08-25T14:02:02","slug":"poolvedel-maare-fliesfett-lic-000","status":"publish","type":"product","link":"https:\/\/uus.addinol.ee\/lt\/toode\/poolvedel-maare-fliesfett-lic-000\/","title":{"rendered":"Poolvedel m\u00e4\u00e4re Flie\u00dffett LIC 000"},"content":{"rendered":"<p><strong>Poolvedela m\u00e4\u00e4rde Flie\u00dffett LIC 000 KASUTUSV\u00d5IMALUSED:<\/strong><br \/>\n\u2022 Ette n\u00e4htud tarbes\u00f5idukite \u00fchetoru-keskm\u00e4\u00e4rimiss\u00fcsteemidele, nt firmadelt Vogel ja Tecalemit.<br \/>\n\u2022 Sobib suurep\u00e4raselt vabas \u00f5hus t\u00f6\u00f6tavatele pika torustikuga agregaatidele.<\/p>\n<p><strong>Poolvedela m\u00e4\u00e4rde Flie\u00dffett LIC 000 SPETSIFIKATSIOON \/ LITSENTSID:<\/strong><br \/>\nADDINOL Flie\u00dffett LIC 000 omab:<br \/>\n\u2022 Bielomatik litsentsi kasutamiseks d\u00fcnaamilise doseerimiselemendiga ja \u00fchekolvilise pneumopumbaga \u00fchetoru-keskm\u00e4\u00e4rimiss\u00fcsteemides<\/p>\n<p>Poolvedel m\u00e4\u00e4re Flie\u00dffett LIC 000 t\u00e4idab n\u00f5udeid:<br \/>\n\u2022 Mercedes-Benz 264.0<br \/>\n\u2022 Mercedes-Benz DBL 6833.00<br \/>\n\u2022 MAN 283 Li-P00<\/p>\n<p>M\u00e4\u00e4rde t\u00e4histus DIN 51502 j\u00e4rgi:<br \/>\n\u2022 GP00\/000K-50<\/p>\n<p>NLGI klass: 00\/000<\/p>\n<p><strong>Poolvedela m\u00e4\u00e4rde Flie\u00dffett LIC 000 OMADUSED:<\/strong><br \/>\n\u2022 Veekindel<br \/>\n\u2022 Voolav, sile<br \/>\n\u2022 Sisaldab EP-manuseid<br \/>\n\u2022 Korrosioonivastase kaitsega<br \/>\n\u2022 Hea voolavusega<\/p>\n<p><strong>Poolvedela m\u00e4\u00e4rde Flie\u00dffett LIC 000 EELISED TARBIJALE:<\/strong><br \/>\n\u2022 Lubatud otsene kokkupuude veega<br \/>\n\u2022 Kergesti pumbatav<br \/>\n\u2022 Kasutatav rasketes ekspluatatsioonitingimustes<br \/>\n\u2022 Tagatud masinaosade pikk t\u00f6\u00f6iga<br \/>\n\u2022 V\u00e4listab transmissioonides vaostuskulumise<\/p>\n","protected":false},"excerpt":{"rendered":"<p>Poolvedel m\u00e4\u00e4re ADDINOL Flie\u00dffett LIC 000 on valmistatud mineraal\u00f5li baasil ning on poolvedel toode. M\u00e4\u00e4re sisaldab s\u00f6\u00f6bimisvastaseid (EP) manuseid ja korrosiooniinhibiitoreid.<\/p>\n","protected":false},"featured_media":11308,"template":"","meta":{"_acf_changed":false},"viscosity":[],"product_brand":[],"product_cat":[150,151,728,157],"product_tag":[],"inventory":[],"class_list":{"0":"post-6109","1":"product","2":"type-product","3":"status-publish","4":"has-post-thumbnail","6":"product_cat-mootorsoidukite-maardeained","7":"product_cat-toostusmaardeained","8":"product_cat-poolvedelad-maarded","9":"product_cat-maarded-ja-pastad","10":"pa_vali-pakend-fliesfett-lic-000-1kg","11":"pa_vali-pakend-fliesfett-lic-000-25kg","12":"pa_vali-pakend-lic000-10kg","13":"pa_vali-pakend-lic000-1kg","14":"pa_vali-pakend-lic000-25kg","15":"pa_vali-pakend-fliesfett-lic-000-10kg","17":"first","18":"instock","19":"taxable","20":"shipping-taxable","21":"purchasable","22":"product-type-variable"},"acf":[],"yoast_head":"<!-- This site is optimized with the Yoast SEO plugin v27.5 - https:\/\/yoast.com\/product\/yoast-seo-wordpress\/ -->\n<title>Poolvedel m\u00e4\u00e4re Flie\u00dffett LIC 000 - ADDINOL<\/title>\n<meta name=\"robots\" content=\"index, follow, max-snippet:-1, max-image-preview:large, max-video-preview:-1\" \/>\n<link rel=\"canonical\" href=\"https:\/\/uus.addinol.ee\/lt\/toode\/poolvedel-maare-fliesfett-lic-000\/\" \/>\n<meta property=\"og:locale\" content=\"lt_LT\" \/>\n<meta property=\"og:type\" content=\"article\" \/>\n<meta property=\"og:title\" content=\"Poolvedel m\u00e4\u00e4re Flie\u00dffett LIC 000 - ADDINOL\" \/>\n<meta property=\"og:description\" content=\"Poolvedel m\u00e4\u00e4re ADDINOL Flie\u00dffett LIC 000 on valmistatud mineraal\u00f5li baasil ning on poolvedel toode. M\u00e4\u00e4re sisaldab s\u00f6\u00f6bimisvastaseid (EP) manuseid ja korrosiooniinhibiitoreid.\" \/>\n<meta property=\"og:url\" content=\"https:\/\/uus.addinol.ee\/lt\/toode\/poolvedel-maare-fliesfett-lic-000\/\" \/>\n<meta property=\"og:site_name\" content=\"ADDINOL\" \/>\n<meta property=\"article:publisher\" content=\"https:\/\/www.facebook.com\/ADDINOLEesti\/\" \/>\n<meta property=\"article:modified_time\" content=\"2025-08-25T14:02:02+00:00\" \/>\n<meta property=\"og:image\" content=\"https:\/\/uus.addinol.ee\/wp-content\/uploads\/2024\/12\/maarded.png\" \/>\n\t<meta property=\"og:image:width\" content=\"568\" \/>\n\t<meta property=\"og:image:height\" content=\"812\" \/>\n\t<meta property=\"og:image:type\" content=\"image\/png\" \/>\n<meta name=\"twitter:card\" content=\"summary_large_image\" \/>\n<meta name=\"twitter:label1\" content=\"Est. reading time\" \/>\n\t<meta name=\"twitter:data1\" content=\"1 minute\" \/>\n<script type=\"application\/ld+json\" class=\"yoast-schema-graph\">{\"@context\":\"https:\\\/\\\/schema.org\",\"@graph\":[{\"@type\":\"WebPage\",\"@id\":\"https:\\\/\\\/uus.addinol.ee\\\/lt\\\/toode\\\/poolvedel-maare-fliesfett-lic-000\\\/\",\"url\":\"https:\\\/\\\/uus.addinol.ee\\\/lt\\\/toode\\\/poolvedel-maare-fliesfett-lic-000\\\/\",\"name\":\"Poolvedel m\u00e4\u00e4re Flie\u00dffett LIC 000 - ADDINOL\",\"isPartOf\":{\"@id\":\"https:\\\/\\\/uus.addinol.ee\\\/lt\\\/#website\"},\"primaryImageOfPage\":{\"@id\":\"https:\\\/\\\/uus.addinol.ee\\\/lt\\\/toode\\\/poolvedel-maare-fliesfett-lic-000\\\/#primaryimage\"},\"image\":{\"@id\":\"https:\\\/\\\/uus.addinol.ee\\\/lt\\\/toode\\\/poolvedel-maare-fliesfett-lic-000\\\/#primaryimage\"},\"thumbnailUrl\":\"https:\\\/\\\/uus.addinol.ee\\\/wp-content\\\/uploads\\\/2024\\\/12\\\/maarded.png\",\"datePublished\":\"2024-12-31T12:24:52+00:00\",\"dateModified\":\"2025-08-25T14:02:02+00:00\",\"breadcrumb\":{\"@id\":\"https:\\\/\\\/uus.addinol.ee\\\/lt\\\/toode\\\/poolvedel-maare-fliesfett-lic-000\\\/#breadcrumb\"},\"inLanguage\":\"lt-LT\",\"potentialAction\":[{\"@type\":\"ReadAction\",\"target\":[\"https:\\\/\\\/uus.addinol.ee\\\/lt\\\/toode\\\/poolvedel-maare-fliesfett-lic-000\\\/\"]}]},{\"@type\":\"ImageObject\",\"inLanguage\":\"lt-LT\",\"@id\":\"https:\\\/\\\/uus.addinol.ee\\\/lt\\\/toode\\\/poolvedel-maare-fliesfett-lic-000\\\/#primaryimage\",\"url\":\"https:\\\/\\\/uus.addinol.ee\\\/wp-content\\\/uploads\\\/2024\\\/12\\\/maarded.png\",\"contentUrl\":\"https:\\\/\\\/uus.addinol.ee\\\/wp-content\\\/uploads\\\/2024\\\/12\\\/maarded.png\",\"width\":568,\"height\":812},{\"@type\":\"BreadcrumbList\",\"@id\":\"https:\\\/\\\/uus.addinol.ee\\\/lt\\\/toode\\\/poolvedel-maare-fliesfett-lic-000\\\/#breadcrumb\",\"itemListElement\":[{\"@type\":\"ListItem\",\"position\":1,\"name\":\"ADDINOL\",\"item\":\"https:\\\/\\\/uus.addinol.ee\\\/lt\\\/\"},{\"@type\":\"ListItem\",\"position\":2,\"name\":\"E-pood\",\"item\":\"https:\\\/\\\/uus.addinol.ee\\\/e-pood\\\/\"},{\"@type\":\"ListItem\",\"position\":3,\"name\":\"Poolvedel m\u00e4\u00e4re Flie\u00dffett LIC 000\"}]},{\"@type\":\"WebSite\",\"@id\":\"https:\\\/\\\/uus.addinol.ee\\\/lt\\\/#website\",\"url\":\"https:\\\/\\\/uus.addinol.ee\\\/lt\\\/\",\"name\":\"ADDINOL\",\"description\":\"Mootori&otilde;lid ja m&auml;&auml;&auml;rdeained igaks kasutusjuhuks\",\"publisher\":{\"@id\":\"https:\\\/\\\/uus.addinol.ee\\\/lt\\\/#organization\"},\"potentialAction\":[{\"@type\":\"SearchAction\",\"target\":{\"@type\":\"EntryPoint\",\"urlTemplate\":\"https:\\\/\\\/uus.addinol.ee\\\/lt\\\/?s={search_term_string}\"},\"query-input\":{\"@type\":\"PropertyValueSpecification\",\"valueRequired\":true,\"valueName\":\"search_term_string\"}}],\"inLanguage\":\"lt-LT\"},{\"@type\":\"Organization\",\"@id\":\"https:\\\/\\\/uus.addinol.ee\\\/lt\\\/#organization\",\"name\":\"ADDINOL\",\"url\":\"https:\\\/\\\/uus.addinol.ee\\\/lt\\\/\",\"logo\":{\"@type\":\"ImageObject\",\"inLanguage\":\"lt-LT\",\"@id\":\"https:\\\/\\\/uus.addinol.ee\\\/lt\\\/#\\\/schema\\\/logo\\\/image\\\/\",\"url\":\"https:\\\/\\\/uus.addinol.ee\\\/wp-content\\\/uploads\\\/2024\\\/10\\\/1200px-ADDINOL-Logo.webp\",\"contentUrl\":\"https:\\\/\\\/uus.addinol.ee\\\/wp-content\\\/uploads\\\/2024\\\/10\\\/1200px-ADDINOL-Logo.webp\",\"width\":1200,\"height\":431,\"caption\":\"ADDINOL\"},\"image\":{\"@id\":\"https:\\\/\\\/uus.addinol.ee\\\/lt\\\/#\\\/schema\\\/logo\\\/image\\\/\"},\"sameAs\":[\"https:\\\/\\\/www.facebook.com\\\/ADDINOLEesti\\\/\",\"https:\\\/\\\/www.instagram.com\\\/addinol_eesti\\\/\"]}]}<\/script>\n<!-- \/ Yoast SEO plugin. -->","yoast_head_json":{"title":"Poolvedel m\u00e4\u00e4re Flie\u00dffett LIC 000 - ADDINOL","robots":{"index":"index","follow":"follow","max-snippet":"max-snippet:-1","max-image-preview":"max-image-preview:large","max-video-preview":"max-video-preview:-1"},"canonical":"https:\/\/uus.addinol.ee\/lt\/toode\/poolvedel-maare-fliesfett-lic-000\/","og_locale":"lt_LT","og_type":"article","og_title":"Poolvedel m\u00e4\u00e4re Flie\u00dffett LIC 000 - ADDINOL","og_description":"Poolvedel m\u00e4\u00e4re ADDINOL Flie\u00dffett LIC 000 on valmistatud mineraal\u00f5li baasil ning on poolvedel toode. M\u00e4\u00e4re sisaldab s\u00f6\u00f6bimisvastaseid (EP) manuseid ja korrosiooniinhibiitoreid.","og_url":"https:\/\/uus.addinol.ee\/lt\/toode\/poolvedel-maare-fliesfett-lic-000\/","og_site_name":"ADDINOL","article_publisher":"https:\/\/www.facebook.com\/ADDINOLEesti\/","article_modified_time":"2025-08-25T14:02:02+00:00","og_image":[{"width":568,"height":812,"url":"https:\/\/uus.addinol.ee\/wp-content\/uploads\/2024\/12\/maarded.png","type":"image\/png"}],"twitter_card":"summary_large_image","twitter_misc":{"Est. reading time":"1 minute"},"schema":{"@context":"https:\/\/schema.org","@graph":[{"@type":"WebPage","@id":"https:\/\/uus.addinol.ee\/lt\/toode\/poolvedel-maare-fliesfett-lic-000\/","url":"https:\/\/uus.addinol.ee\/lt\/toode\/poolvedel-maare-fliesfett-lic-000\/","name":"Poolvedel m\u00e4\u00e4re Flie\u00dffett LIC 000 - ADDINOL","isPartOf":{"@id":"https:\/\/uus.addinol.ee\/lt\/#website"},"primaryImageOfPage":{"@id":"https:\/\/uus.addinol.ee\/lt\/toode\/poolvedel-maare-fliesfett-lic-000\/#primaryimage"},"image":{"@id":"https:\/\/uus.addinol.ee\/lt\/toode\/poolvedel-maare-fliesfett-lic-000\/#primaryimage"},"thumbnailUrl":"https:\/\/uus.addinol.ee\/wp-content\/uploads\/2024\/12\/maarded.png","datePublished":"2024-12-31T12:24:52+00:00","dateModified":"2025-08-25T14:02:02+00:00","breadcrumb":{"@id":"https:\/\/uus.addinol.ee\/lt\/toode\/poolvedel-maare-fliesfett-lic-000\/#breadcrumb"},"inLanguage":"lt-LT","potentialAction":[{"@type":"ReadAction","target":["https:\/\/uus.addinol.ee\/lt\/toode\/poolvedel-maare-fliesfett-lic-000\/"]}]},{"@type":"ImageObject","inLanguage":"lt-LT","@id":"https:\/\/uus.addinol.ee\/lt\/toode\/poolvedel-maare-fliesfett-lic-000\/#primaryimage","url":"https:\/\/uus.addinol.ee\/wp-content\/uploads\/2024\/12\/maarded.png","contentUrl":"https:\/\/uus.addinol.ee\/wp-content\/uploads\/2024\/12\/maarded.png","width":568,"height":812},{"@type":"BreadcrumbList","@id":"https:\/\/uus.addinol.ee\/lt\/toode\/poolvedel-maare-fliesfett-lic-000\/#breadcrumb","itemListElement":[{"@type":"ListItem","position":1,"name":"ADDINOL","item":"https:\/\/uus.addinol.ee\/lt\/"},{"@type":"ListItem","position":2,"name":"E-pood","item":"https:\/\/uus.addinol.ee\/e-pood\/"},{"@type":"ListItem","position":3,"name":"Poolvedel m\u00e4\u00e4re Flie\u00dffett LIC 000"}]},{"@type":"WebSite","@id":"https:\/\/uus.addinol.ee\/lt\/#website","url":"https:\/\/uus.addinol.ee\/lt\/","name":"ADDINOL","description":"Mootori&otilde;lid ja m&auml;&auml;&auml;rdeained igaks kasutusjuhuks","publisher":{"@id":"https:\/\/uus.addinol.ee\/lt\/#organization"},"potentialAction":[{"@type":"SearchAction","target":{"@type":"EntryPoint","urlTemplate":"https:\/\/uus.addinol.ee\/lt\/?s={search_term_string}"},"query-input":{"@type":"PropertyValueSpecification","valueRequired":true,"valueName":"search_term_string"}}],"inLanguage":"lt-LT"},{"@type":"Organization","@id":"https:\/\/uus.addinol.ee\/lt\/#organization","name":"ADDINOL","url":"https:\/\/uus.addinol.ee\/lt\/","logo":{"@type":"ImageObject","inLanguage":"lt-LT","@id":"https:\/\/uus.addinol.ee\/lt\/#\/schema\/logo\/image\/","url":"https:\/\/uus.addinol.ee\/wp-content\/uploads\/2024\/10\/1200px-ADDINOL-Logo.webp","contentUrl":"https:\/\/uus.addinol.ee\/wp-content\/uploads\/2024\/10\/1200px-ADDINOL-Logo.webp","width":1200,"height":431,"caption":"ADDINOL"},"image":{"@id":"https:\/\/uus.addinol.ee\/lt\/#\/schema\/logo\/image\/"},"sameAs":["https:\/\/www.facebook.com\/ADDINOLEesti\/","https:\/\/www.instagram.com\/addinol_eesti\/"]}]}},"_links":{"self":[{"href":"https:\/\/uus.addinol.ee\/lt\/wp-json\/wp\/v2\/product\/6109","targetHints":{"allow":["GET"]}}],"collection":[{"href":"https:\/\/uus.addinol.ee\/lt\/wp-json\/wp\/v2\/product"}],"about":[{"href":"https:\/\/uus.addinol.ee\/lt\/wp-json\/wp\/v2\/types\/product"}],"wp:featuredmedia":[{"embeddable":true,"href":"https:\/\/uus.addinol.ee\/lt\/wp-json\/wp\/v2\/media\/11308"}],"wp:attachment":[{"href":"https:\/\/uus.addinol.ee\/lt\/wp-json\/wp\/v2\/media?parent=6109"}],"wp:term":[{"taxonomy":"viscosity","embeddable":true,"href":"https:\/\/uus.addinol.ee\/lt\/wp-json\/wp\/v2\/viscosity?post=6109"},{"taxonomy":"product_brand","embeddable":true,"href":"https:\/\/uus.addinol.ee\/lt\/wp-json\/wp\/v2\/product_brand?post=6109"},{"taxonomy":"product_cat","embeddable":true,"href":"https:\/\/uus.addinol.ee\/lt\/wp-json\/wp\/v2\/product_cat?post=6109"},{"taxonomy":"product_tag","embeddable":true,"href":"https:\/\/uus.addinol.ee\/lt\/wp-json\/wp\/v2\/product_tag?post=6109"},{"taxonomy":"inventory","embeddable":true,"href":"https:\/\/uus.addinol.ee\/lt\/wp-json\/wp\/v2\/inventory?post=6109"}],"curies":[{"name":"wp","href":"https:\/\/api.w.org\/{rel}","templated":true}]}}