{"id":6118,"date":"2024-12-31T12:24:52","date_gmt":"2024-12-31T12:24:52","guid":{"rendered":"https:\/\/addinol.ee\/toode\/mootorioli-super-truck-md-1049\/"},"modified":"2025-07-04T11:39:50","modified_gmt":"2025-07-04T08:39:50","slug":"mootorioli-super-truck-md-1049","status":"publish","type":"product","link":"https:\/\/uus.addinol.ee\/lt\/toode\/mootorioli-super-truck-md-1049\/","title":{"rendered":"Mootori\u00f5li Super Truck MD 1049"},"content":{"rendered":"<p><strong>Mootori\u00f5li Super Truck MD 1049 KASUTUSV\u00d5IMALUSED:<\/strong><br \/>\n\u2022 \u00d5li t\u00e4idab laitmatult tarbes\u00f5idukite Euro 3., Euro 4. ja Euro 5. mootorigeneratsiooni kompleksseid ja k\u00f5rgeid m\u00e4\u00e4rimistehnilisi n\u00f5udeid.<br \/>\n\u2022 Sobib suurep\u00e4raselt kasutamiseks biodiisli j\u00f5ul t\u00f6\u00f6tavates mootorites. N\u00f5utav \u00f5livahetusv\u00e4lpade l\u00fchendamine! Palun j\u00e4rgige s\u00f5idukitootjate uusi ettekirjutusi!<br \/>\n\u2022 Mootori\u00f5li Super Truck MD 1049 ei sobi kasutamiseks tahmafiltriga (DPF) varustatud s\u00f5idukites \u2013 v\u00f5imalikud tootjast s\u00f5ltuvad erandid!<\/p>\n<p><strong>Mootori\u00f5li Super Truck MD 1049 SPETSIFIKATSIOONID:<\/strong><br \/>\nT\u00e4idab ja \u00fcletab rahvusvahelisi spetsifikatsioone:<br \/>\n\u2022 ACEA E4\/E7<br \/>\n\u2022 API CF<\/p>\n<p>Mootori\u00f5li Super Truck MD 1049 omab litsentse:<br \/>\n\u2022 MAN M 3277<br \/>\n\u2022 MB 228.5<br \/>\n\u2022 Scania LDF-3<br \/>\n\u2022 Volvo VDS-3<br \/>\n\u2022 MTU \u00f5likategooria 3<br \/>\n\u2022 Renault RLD-2<br \/>\n\u2022 Deutz DQC III-10<br \/>\n\u2022 MACK EO-N<\/p>\n<p>Mootori\u00f5li Super Truck MD 1049 t\u00e4idab n\u00f5udeid:<br \/>\n\u2022 Renault RXD<br \/>\n\u2022 teised tarbes\u00f5idukitootjad<\/p>\n<p><strong>Mootori\u00f5li Super Truck MD 1049 OMADUSED:<\/strong><br \/>\n\u2022 Detergendid-dispergandid tagavad \u00fclihea pesemisv\u00f5ime<br \/>\n\u2022 Suurep\u00e4rane kulumiskaitse ja h\u00f5\u00f5rdumise v\u00e4henemine<br \/>\n\u2022 Viskoossuse v\u00e4ike s\u00f5ltuvus temperatuurist<br \/>\n\u2022 Optimaalne m\u00e4\u00e4rimisv\u00f5ime ja mootori liikuvate osade h\u00f5\u00f5rdumise v\u00e4henemine<br \/>\n\u2022 Termooks\u00fcdatsioonikindel<br \/>\n\u2022 V\u00e4iksed aurustumiskaod<br \/>\n\u2022 V\u00e4ga hea kokkusobivus elastomeeridega<br \/>\n\u2022 Spetsiaalsed toorained<\/p>\n<p><strong>EELISED TARBIJALE<\/strong><br \/>\n\u2022 Mootori laitmatu puhtus ja pikk t\u00f6\u00f6iga<br \/>\n\u2022 Suurep\u00e4rane kaitse mehaanilise ja korrosioonkulumise eest<br \/>\n\u2022 V\u00e4ga hea k\u00fclmk\u00e4ivitus ja mootori soojenemine, ka v\u00e4ga madalatel v\u00e4listemperatuuridel<br \/>\n\u2022 V\u00e4hendab h\u00f5\u00f5rdumist, s\u00e4\u00e4stab k\u00fctust<br \/>\n\u2022 Suurep\u00e4rane vananemiskindlus<br \/>\n\u2022 Ei p\u00f5hjusta lekkeid<br \/>\n\u2022 T\u00e4nu m\u00e4\u00e4rdeainest tingitud saasteainete v\u00e4hesele sisaldusele heitgaasides saastab v\u00e4hem keskkonda<\/p>\n","protected":false},"excerpt":{"rendered":"<p>Mootori\u00f5li ADDINOL Super Truck MD 1049 UHPD (Ultra High Performance Diesel) viskoossusklassis SAE 10W-40 on valmistatud hoolikalt valitud t\u00e4iss\u00fcnteetilistest baas\u00f5lidest ja t\u00f5husatest manustest.<br \/>\nADDINOL Super Truck MD 1049 t\u00e4idab Euro 3., Euro 4. ja Euro 5. mootorigeneratsiooni n\u00f5udeid. Euro 6 n\u00f5uete t\u00e4itmine ainult Scania diiselmootorite puhul.<br \/>\nMootorites tehtud p\u00f5hjalikud s\u00f5lmede konstruktiivsed muudatused tagavad v\u00e4ikseima v\u00e4\u00e4vlisisaldusega k\u00fctuse kasutamisel vastavuse Euro 5 saastenormile. Juhtivad tarbes\u00f5idukitootjad s\u00f5nastasid vajalikud n\u00f5uded mootori\u00f5lidele ja v\u00f5tsid need oma litsentside v\u00e4ljastamise aluseks.<\/p>\n","protected":false},"featured_media":6119,"template":"","meta":{"_acf_changed":false},"viscosity":[708],"product_brand":[],"product_cat":[150,156,167],"product_tag":[],"inventory":[],"class_list":{"0":"post-6118","1":"product","2":"type-product","3":"status-publish","4":"has-post-thumbnail","6":"viscosity-10w-40","7":"product_cat-mootorsoidukite-maardeained","8":"product_cat-mootoriolid","9":"product_cat-tarbesoidukitele","10":"pa_vali-pakend-md1049-supertruck-205l","11":"pa_vali-pakend-md1049-supertruck-20l","12":"pa_vali-pakend-md1049-supertruck-57l","13":"pa_vali-pakend-super-truck-md-1049-205l","14":"pa_vali-pakend-super-truck-md-1049-20l","15":"pa_vali-pakend-super-truck-md-1049-57l","16":"pa_vali-pakend-super-truck-md-1049-5l","18":"first","19":"instock","20":"taxable","21":"shipping-taxable","22":"purchasable","23":"product-type-variable"},"acf":[],"yoast_head":"<!-- This site is optimized with the Yoast SEO plugin v27.5 - https:\/\/yoast.com\/product\/yoast-seo-wordpress\/ -->\n<title>Mootori\u00f5li Super Truck MD 1049 - ADDINOL<\/title>\n<meta name=\"robots\" content=\"index, follow, max-snippet:-1, max-image-preview:large, max-video-preview:-1\" \/>\n<link rel=\"canonical\" href=\"https:\/\/uus.addinol.ee\/lt\/toode\/mootorioli-super-truck-md-1049\/\" \/>\n<meta property=\"og:locale\" content=\"lt_LT\" \/>\n<meta property=\"og:type\" content=\"article\" \/>\n<meta property=\"og:title\" content=\"Mootori\u00f5li Super Truck MD 1049 - ADDINOL\" \/>\n<meta property=\"og:description\" content=\"Mootori\u00f5li ADDINOL Super Truck MD 1049 UHPD (Ultra High Performance Diesel) viskoossusklassis SAE 10W-40 on valmistatud hoolikalt valitud t\u00e4iss\u00fcnteetilistest baas\u00f5lidest ja t\u00f5husatest manustest. ADDINOL Super Truck MD 1049 t\u00e4idab Euro 3., Euro 4. ja Euro 5. mootorigeneratsiooni n\u00f5udeid. Euro 6 n\u00f5uete t\u00e4itmine ainult Scania diiselmootorite puhul. Mootorites tehtud p\u00f5hjalikud s\u00f5lmede konstruktiivsed muudatused tagavad v\u00e4ikseima v\u00e4\u00e4vlisisaldusega k\u00fctuse kasutamisel vastavuse Euro 5 saastenormile. Juhtivad tarbes\u00f5idukitootjad s\u00f5nastasid vajalikud n\u00f5uded mootori\u00f5lidele ja v\u00f5tsid need oma litsentside v\u00e4ljastamise aluseks.\" \/>\n<meta property=\"og:url\" content=\"https:\/\/uus.addinol.ee\/lt\/toode\/mootorioli-super-truck-md-1049\/\" \/>\n<meta property=\"og:site_name\" content=\"ADDINOL\" \/>\n<meta property=\"article:publisher\" content=\"https:\/\/www.facebook.com\/ADDINOLEesti\/\" \/>\n<meta property=\"article:modified_time\" content=\"2025-07-04T08:39:50+00:00\" \/>\n<meta property=\"og:image\" content=\"https:\/\/uus.addinol.ee\/wp-content\/uploads\/2024\/12\/md-1049-super-truck-3.jpg\" \/>\n\t<meta property=\"og:image:width\" content=\"605\" \/>\n\t<meta property=\"og:image:height\" content=\"828\" \/>\n\t<meta property=\"og:image:type\" content=\"image\/jpeg\" \/>\n<meta name=\"twitter:card\" content=\"summary_large_image\" \/>\n<meta name=\"twitter:label1\" content=\"Est. reading time\" \/>\n\t<meta name=\"twitter:data1\" content=\"2 minutes\" \/>\n<script type=\"application\/ld+json\" class=\"yoast-schema-graph\">{\"@context\":\"https:\\\/\\\/schema.org\",\"@graph\":[{\"@type\":\"WebPage\",\"@id\":\"https:\\\/\\\/uus.addinol.ee\\\/lt\\\/toode\\\/mootorioli-super-truck-md-1049\\\/\",\"url\":\"https:\\\/\\\/uus.addinol.ee\\\/lt\\\/toode\\\/mootorioli-super-truck-md-1049\\\/\",\"name\":\"Mootori\u00f5li Super Truck MD 1049 - ADDINOL\",\"isPartOf\":{\"@id\":\"https:\\\/\\\/uus.addinol.ee\\\/lt\\\/#website\"},\"primaryImageOfPage\":{\"@id\":\"https:\\\/\\\/uus.addinol.ee\\\/lt\\\/toode\\\/mootorioli-super-truck-md-1049\\\/#primaryimage\"},\"image\":{\"@id\":\"https:\\\/\\\/uus.addinol.ee\\\/lt\\\/toode\\\/mootorioli-super-truck-md-1049\\\/#primaryimage\"},\"thumbnailUrl\":\"https:\\\/\\\/uus.addinol.ee\\\/wp-content\\\/uploads\\\/2024\\\/12\\\/md-1049-super-truck-3.jpg\",\"datePublished\":\"2024-12-31T12:24:52+00:00\",\"dateModified\":\"2025-07-04T08:39:50+00:00\",\"breadcrumb\":{\"@id\":\"https:\\\/\\\/uus.addinol.ee\\\/lt\\\/toode\\\/mootorioli-super-truck-md-1049\\\/#breadcrumb\"},\"inLanguage\":\"lt-LT\",\"potentialAction\":[{\"@type\":\"ReadAction\",\"target\":[\"https:\\\/\\\/uus.addinol.ee\\\/lt\\\/toode\\\/mootorioli-super-truck-md-1049\\\/\"]}]},{\"@type\":\"ImageObject\",\"inLanguage\":\"lt-LT\",\"@id\":\"https:\\\/\\\/uus.addinol.ee\\\/lt\\\/toode\\\/mootorioli-super-truck-md-1049\\\/#primaryimage\",\"url\":\"https:\\\/\\\/uus.addinol.ee\\\/wp-content\\\/uploads\\\/2024\\\/12\\\/md-1049-super-truck-3.jpg\",\"contentUrl\":\"https:\\\/\\\/uus.addinol.ee\\\/wp-content\\\/uploads\\\/2024\\\/12\\\/md-1049-super-truck-3.jpg\",\"width\":605,\"height\":828},{\"@type\":\"BreadcrumbList\",\"@id\":\"https:\\\/\\\/uus.addinol.ee\\\/lt\\\/toode\\\/mootorioli-super-truck-md-1049\\\/#breadcrumb\",\"itemListElement\":[{\"@type\":\"ListItem\",\"position\":1,\"name\":\"ADDINOL\",\"item\":\"https:\\\/\\\/uus.addinol.ee\\\/lt\\\/\"},{\"@type\":\"ListItem\",\"position\":2,\"name\":\"E-pood\",\"item\":\"https:\\\/\\\/uus.addinol.ee\\\/e-pood\\\/\"},{\"@type\":\"ListItem\",\"position\":3,\"name\":\"Mootori\u00f5li Super Truck MD 1049\"}]},{\"@type\":\"WebSite\",\"@id\":\"https:\\\/\\\/uus.addinol.ee\\\/lt\\\/#website\",\"url\":\"https:\\\/\\\/uus.addinol.ee\\\/lt\\\/\",\"name\":\"ADDINOL\",\"description\":\"Mootori&otilde;lid ja m&auml;&auml;&auml;rdeained igaks kasutusjuhuks\",\"publisher\":{\"@id\":\"https:\\\/\\\/uus.addinol.ee\\\/lt\\\/#organization\"},\"potentialAction\":[{\"@type\":\"SearchAction\",\"target\":{\"@type\":\"EntryPoint\",\"urlTemplate\":\"https:\\\/\\\/uus.addinol.ee\\\/lt\\\/?s={search_term_string}\"},\"query-input\":{\"@type\":\"PropertyValueSpecification\",\"valueRequired\":true,\"valueName\":\"search_term_string\"}}],\"inLanguage\":\"lt-LT\"},{\"@type\":\"Organization\",\"@id\":\"https:\\\/\\\/uus.addinol.ee\\\/lt\\\/#organization\",\"name\":\"ADDINOL\",\"url\":\"https:\\\/\\\/uus.addinol.ee\\\/lt\\\/\",\"logo\":{\"@type\":\"ImageObject\",\"inLanguage\":\"lt-LT\",\"@id\":\"https:\\\/\\\/uus.addinol.ee\\\/lt\\\/#\\\/schema\\\/logo\\\/image\\\/\",\"url\":\"https:\\\/\\\/uus.addinol.ee\\\/wp-content\\\/uploads\\\/2024\\\/10\\\/1200px-ADDINOL-Logo.webp\",\"contentUrl\":\"https:\\\/\\\/uus.addinol.ee\\\/wp-content\\\/uploads\\\/2024\\\/10\\\/1200px-ADDINOL-Logo.webp\",\"width\":1200,\"height\":431,\"caption\":\"ADDINOL\"},\"image\":{\"@id\":\"https:\\\/\\\/uus.addinol.ee\\\/lt\\\/#\\\/schema\\\/logo\\\/image\\\/\"},\"sameAs\":[\"https:\\\/\\\/www.facebook.com\\\/ADDINOLEesti\\\/\",\"https:\\\/\\\/www.instagram.com\\\/addinol_eesti\\\/\"]}]}<\/script>\n<!-- \/ Yoast SEO plugin. -->","yoast_head_json":{"title":"Mootori\u00f5li Super Truck MD 1049 - ADDINOL","robots":{"index":"index","follow":"follow","max-snippet":"max-snippet:-1","max-image-preview":"max-image-preview:large","max-video-preview":"max-video-preview:-1"},"canonical":"https:\/\/uus.addinol.ee\/lt\/toode\/mootorioli-super-truck-md-1049\/","og_locale":"lt_LT","og_type":"article","og_title":"Mootori\u00f5li Super Truck MD 1049 - ADDINOL","og_description":"Mootori\u00f5li ADDINOL Super Truck MD 1049 UHPD (Ultra High Performance Diesel) viskoossusklassis SAE 10W-40 on valmistatud hoolikalt valitud t\u00e4iss\u00fcnteetilistest baas\u00f5lidest ja t\u00f5husatest manustest. ADDINOL Super Truck MD 1049 t\u00e4idab Euro 3., Euro 4. ja Euro 5. mootorigeneratsiooni n\u00f5udeid. Euro 6 n\u00f5uete t\u00e4itmine ainult Scania diiselmootorite puhul. Mootorites tehtud p\u00f5hjalikud s\u00f5lmede konstruktiivsed muudatused tagavad v\u00e4ikseima v\u00e4\u00e4vlisisaldusega k\u00fctuse kasutamisel vastavuse Euro 5 saastenormile. Juhtivad tarbes\u00f5idukitootjad s\u00f5nastasid vajalikud n\u00f5uded mootori\u00f5lidele ja v\u00f5tsid need oma litsentside v\u00e4ljastamise aluseks.","og_url":"https:\/\/uus.addinol.ee\/lt\/toode\/mootorioli-super-truck-md-1049\/","og_site_name":"ADDINOL","article_publisher":"https:\/\/www.facebook.com\/ADDINOLEesti\/","article_modified_time":"2025-07-04T08:39:50+00:00","og_image":[{"width":605,"height":828,"url":"https:\/\/uus.addinol.ee\/wp-content\/uploads\/2024\/12\/md-1049-super-truck-3.jpg","type":"image\/jpeg"}],"twitter_card":"summary_large_image","twitter_misc":{"Est. reading time":"2 minutes"},"schema":{"@context":"https:\/\/schema.org","@graph":[{"@type":"WebPage","@id":"https:\/\/uus.addinol.ee\/lt\/toode\/mootorioli-super-truck-md-1049\/","url":"https:\/\/uus.addinol.ee\/lt\/toode\/mootorioli-super-truck-md-1049\/","name":"Mootori\u00f5li Super Truck MD 1049 - ADDINOL","isPartOf":{"@id":"https:\/\/uus.addinol.ee\/lt\/#website"},"primaryImageOfPage":{"@id":"https:\/\/uus.addinol.ee\/lt\/toode\/mootorioli-super-truck-md-1049\/#primaryimage"},"image":{"@id":"https:\/\/uus.addinol.ee\/lt\/toode\/mootorioli-super-truck-md-1049\/#primaryimage"},"thumbnailUrl":"https:\/\/uus.addinol.ee\/wp-content\/uploads\/2024\/12\/md-1049-super-truck-3.jpg","datePublished":"2024-12-31T12:24:52+00:00","dateModified":"2025-07-04T08:39:50+00:00","breadcrumb":{"@id":"https:\/\/uus.addinol.ee\/lt\/toode\/mootorioli-super-truck-md-1049\/#breadcrumb"},"inLanguage":"lt-LT","potentialAction":[{"@type":"ReadAction","target":["https:\/\/uus.addinol.ee\/lt\/toode\/mootorioli-super-truck-md-1049\/"]}]},{"@type":"ImageObject","inLanguage":"lt-LT","@id":"https:\/\/uus.addinol.ee\/lt\/toode\/mootorioli-super-truck-md-1049\/#primaryimage","url":"https:\/\/uus.addinol.ee\/wp-content\/uploads\/2024\/12\/md-1049-super-truck-3.jpg","contentUrl":"https:\/\/uus.addinol.ee\/wp-content\/uploads\/2024\/12\/md-1049-super-truck-3.jpg","width":605,"height":828},{"@type":"BreadcrumbList","@id":"https:\/\/uus.addinol.ee\/lt\/toode\/mootorioli-super-truck-md-1049\/#breadcrumb","itemListElement":[{"@type":"ListItem","position":1,"name":"ADDINOL","item":"https:\/\/uus.addinol.ee\/lt\/"},{"@type":"ListItem","position":2,"name":"E-pood","item":"https:\/\/uus.addinol.ee\/e-pood\/"},{"@type":"ListItem","position":3,"name":"Mootori\u00f5li Super Truck MD 1049"}]},{"@type":"WebSite","@id":"https:\/\/uus.addinol.ee\/lt\/#website","url":"https:\/\/uus.addinol.ee\/lt\/","name":"ADDINOL","description":"Mootori&otilde;lid ja m&auml;&auml;&auml;rdeained igaks kasutusjuhuks","publisher":{"@id":"https:\/\/uus.addinol.ee\/lt\/#organization"},"potentialAction":[{"@type":"SearchAction","target":{"@type":"EntryPoint","urlTemplate":"https:\/\/uus.addinol.ee\/lt\/?s={search_term_string}"},"query-input":{"@type":"PropertyValueSpecification","valueRequired":true,"valueName":"search_term_string"}}],"inLanguage":"lt-LT"},{"@type":"Organization","@id":"https:\/\/uus.addinol.ee\/lt\/#organization","name":"ADDINOL","url":"https:\/\/uus.addinol.ee\/lt\/","logo":{"@type":"ImageObject","inLanguage":"lt-LT","@id":"https:\/\/uus.addinol.ee\/lt\/#\/schema\/logo\/image\/","url":"https:\/\/uus.addinol.ee\/wp-content\/uploads\/2024\/10\/1200px-ADDINOL-Logo.webp","contentUrl":"https:\/\/uus.addinol.ee\/wp-content\/uploads\/2024\/10\/1200px-ADDINOL-Logo.webp","width":1200,"height":431,"caption":"ADDINOL"},"image":{"@id":"https:\/\/uus.addinol.ee\/lt\/#\/schema\/logo\/image\/"},"sameAs":["https:\/\/www.facebook.com\/ADDINOLEesti\/","https:\/\/www.instagram.com\/addinol_eesti\/"]}]}},"_links":{"self":[{"href":"https:\/\/uus.addinol.ee\/lt\/wp-json\/wp\/v2\/product\/6118","targetHints":{"allow":["GET"]}}],"collection":[{"href":"https:\/\/uus.addinol.ee\/lt\/wp-json\/wp\/v2\/product"}],"about":[{"href":"https:\/\/uus.addinol.ee\/lt\/wp-json\/wp\/v2\/types\/product"}],"wp:featuredmedia":[{"embeddable":true,"href":"https:\/\/uus.addinol.ee\/lt\/wp-json\/wp\/v2\/media\/6119"}],"wp:attachment":[{"href":"https:\/\/uus.addinol.ee\/lt\/wp-json\/wp\/v2\/media?parent=6118"}],"wp:term":[{"taxonomy":"viscosity","embeddable":true,"href":"https:\/\/uus.addinol.ee\/lt\/wp-json\/wp\/v2\/viscosity?post=6118"},{"taxonomy":"product_brand","embeddable":true,"href":"https:\/\/uus.addinol.ee\/lt\/wp-json\/wp\/v2\/product_brand?post=6118"},{"taxonomy":"product_cat","embeddable":true,"href":"https:\/\/uus.addinol.ee\/lt\/wp-json\/wp\/v2\/product_cat?post=6118"},{"taxonomy":"product_tag","embeddable":true,"href":"https:\/\/uus.addinol.ee\/lt\/wp-json\/wp\/v2\/product_tag?post=6118"},{"taxonomy":"inventory","embeddable":true,"href":"https:\/\/uus.addinol.ee\/lt\/wp-json\/wp\/v2\/inventory?post=6118"}],"curies":[{"name":"wp","href":"https:\/\/api.w.org\/{rel}","templated":true}]}}