{"id":6127,"date":"2024-12-31T12:24:52","date_gmt":"2024-12-31T12:24:52","guid":{"rendered":"https:\/\/addinol.ee\/toode\/diiselmootorioli-diesel-longlife-md-2058\/"},"modified":"2025-10-14T11:35:06","modified_gmt":"2025-10-14T08:35:06","slug":"diiselmootorioli-diesel-longlife-md-2058","status":"publish","type":"product","link":"https:\/\/uus.addinol.ee\/lt\/toode\/diiselmootorioli-diesel-longlife-md-2058\/","title":{"rendered":"Diiselmootori\u00f5li Diesel Longlife MD 2058"},"content":{"rendered":"<p><strong>Diiselmootori\u00f5li Diesel Longlife MD 2058 KASUTUSV\u00d5IMALUSED:<\/strong><br \/>\n\u2022 Ideaalne mootori\u00f5li raskkoormatud mootoritele (Heavy Duty Engine Oil).<br \/>\n\u2022 Ette n\u00e4htud kasutamiseks veoautode, raskete ehitus-, p\u00f5llut\u00f6\u00f6- ja metsat\u00f6\u00f6masinate, busside ning muude eris\u00f5idukite Euro 3 mootorites Euroopas ja Ameerikas.<br \/>\n\u2022 Diiselmootori\u00f5li Diesel Longlife MD 2058 sobib eriti h\u00e4sti kasutamiseks v\u00e4ga soojas kliimas.<\/p>\n<p><strong>Diiselmootori\u00f5li Diesel Longlife MD 2058 SPETSIFIKATSIOONID:<\/strong><br \/>\nDiiselmootori\u00f5li Diesel Longlife MD 2058 t\u00e4idab ja \u00fcletab rahvusvahelisi spetsifikatsioone:<br \/>\n\u2022 ACEA E7<br \/>\n\u2022 API CH-4\/SJ<\/p>\n<p>Diiselmootori\u00f5li Diesel Longlife MD 2058 t\u00e4idab n\u00f5udeid:<br \/>\n\u2022 MB 228.3<br \/>\n\u2022 MAN M 3275-1<br \/>\n\u2022 Caterpillar ECF-1a<\/p>\n<p><strong>Diiselmootori\u00f5li Diesel Longlife MD 2058 OMADUSED:<\/strong><br \/>\n\u2022 \u00dclim termooks\u00fcdatsioonikindlus<br \/>\n\u2022 Pikaealine (Longlife) ja k\u00f5rge j\u00f5udlusega mootori\u00f5li<br \/>\n\u2022 Tahma \u00fclihea kontroll<br \/>\n\u2022 V\u00e4ga hea kulumiskaitse<br \/>\n\u2022 T\u00e4idab rangeid Euro 3 saastenormi n\u00f5udeid<\/p>\n<p><strong>Diiselmootori\u00f5li Diesel Longlife MD 2058 EELISED TARBIJALE:<\/strong><br \/>\n\u2022 V\u00e4listatud laki ja setete teke ning \u00f5li paksenemine<br \/>\n\u2022 \u00d5li pikk t\u00f6\u00f6iga<br \/>\n\u2022 V\u00e4ga pikad \u00f5livahetusv\u00e4lbad<br \/>\n\u2022 V\u00e4ga puhtad mootorid k\u00f5ikides ekspluatatsioonitingimustes<br \/>\n\u2022 Mootori pikk t\u00f6\u00f6iga<br \/>\n\u2022 M\u00e4\u00e4rdeainest tingitud heitgaaside v\u00e4henemine<br \/>\n\u2022 V\u00e4ike \u00f5likulu<\/p>\n","protected":false},"excerpt":{"rendered":"<p>Diiselmootori\u00f5li ADDINOL Diesel Longlife MD 2058 on Super High Performance \u00f5li (SHPD) viskoossusklassis SAE 20W-50 kasutamiseks raskkoormatud mootorites (Heavy Duty Engine Oil).<br \/>\nDiiselmootori\u00f5li Diesel Longlife MD 2058 on ideaalne kombinatsioon uuest manusetehnoloogiast ja optimaalsetest baas\u00f5likomponentidest.<\/p>\n","protected":false},"featured_media":8533,"template":"","meta":{"_acf_changed":false},"viscosity":[738],"product_brand":[],"product_cat":[150,156,167],"product_tag":[],"inventory":[],"class_list":{"0":"post-6127","1":"product","2":"type-product","3":"status-publish","4":"has-post-thumbnail","6":"viscosity-20w-50","7":"product_cat-mootorsoidukite-maardeained","8":"product_cat-mootoriolid","9":"product_cat-tarbesoidukitele","10":"pa_vali-pakend-20l","12":"first","13":"instock","14":"taxable","15":"shipping-taxable","16":"purchasable","17":"product-type-simple"},"acf":[],"yoast_head":"<!-- This site is optimized with the Yoast SEO plugin v27.5 - https:\/\/yoast.com\/product\/yoast-seo-wordpress\/ -->\n<title>Diiselmootori\u00f5li Diesel Longlife MD 2058 - ADDINOL<\/title>\n<meta name=\"robots\" content=\"index, follow, max-snippet:-1, max-image-preview:large, max-video-preview:-1\" \/>\n<link rel=\"canonical\" href=\"https:\/\/uus.addinol.ee\/lt\/toode\/diiselmootorioli-diesel-longlife-md-2058\/\" \/>\n<meta property=\"og:locale\" content=\"lt_LT\" \/>\n<meta property=\"og:type\" content=\"article\" \/>\n<meta property=\"og:title\" content=\"Diiselmootori\u00f5li Diesel Longlife MD 2058 - ADDINOL\" \/>\n<meta property=\"og:description\" content=\"Diiselmootori\u00f5li ADDINOL Diesel Longlife MD 2058 on Super High Performance \u00f5li (SHPD) viskoossusklassis SAE 20W-50 kasutamiseks raskkoormatud mootorites (Heavy Duty Engine Oil). Diiselmootori\u00f5li Diesel Longlife MD 2058 on ideaalne kombinatsioon uuest manusetehnoloogiast ja optimaalsetest baas\u00f5likomponentidest.\" \/>\n<meta property=\"og:url\" content=\"https:\/\/uus.addinol.ee\/lt\/toode\/diiselmootorioli-diesel-longlife-md-2058\/\" \/>\n<meta property=\"og:site_name\" content=\"ADDINOL\" \/>\n<meta property=\"article:publisher\" content=\"https:\/\/www.facebook.com\/ADDINOLEesti\/\" \/>\n<meta property=\"article:modified_time\" content=\"2025-10-14T08:35:06+00:00\" \/>\n<meta property=\"og:image\" content=\"https:\/\/uus.addinol.ee\/wp-content\/uploads\/2024\/12\/diesel-longlife-md-2058-20l-scaled-e1750168575393.png\" \/>\n\t<meta property=\"og:image:width\" content=\"1000\" \/>\n\t<meta property=\"og:image:height\" content=\"1000\" \/>\n\t<meta property=\"og:image:type\" content=\"image\/png\" \/>\n<meta name=\"twitter:card\" content=\"summary_large_image\" \/>\n<meta name=\"twitter:label1\" content=\"Est. reading time\" \/>\n\t<meta name=\"twitter:data1\" content=\"1 minute\" \/>\n<script type=\"application\/ld+json\" class=\"yoast-schema-graph\">{\"@context\":\"https:\\\/\\\/schema.org\",\"@graph\":[{\"@type\":\"WebPage\",\"@id\":\"https:\\\/\\\/uus.addinol.ee\\\/lt\\\/toode\\\/diiselmootorioli-diesel-longlife-md-2058\\\/\",\"url\":\"https:\\\/\\\/uus.addinol.ee\\\/lt\\\/toode\\\/diiselmootorioli-diesel-longlife-md-2058\\\/\",\"name\":\"Diiselmootori\u00f5li Diesel Longlife MD 2058 - ADDINOL\",\"isPartOf\":{\"@id\":\"https:\\\/\\\/uus.addinol.ee\\\/lt\\\/#website\"},\"primaryImageOfPage\":{\"@id\":\"https:\\\/\\\/uus.addinol.ee\\\/lt\\\/toode\\\/diiselmootorioli-diesel-longlife-md-2058\\\/#primaryimage\"},\"image\":{\"@id\":\"https:\\\/\\\/uus.addinol.ee\\\/lt\\\/toode\\\/diiselmootorioli-diesel-longlife-md-2058\\\/#primaryimage\"},\"thumbnailUrl\":\"https:\\\/\\\/uus.addinol.ee\\\/wp-content\\\/uploads\\\/2024\\\/12\\\/diesel-longlife-md-2058-20l-scaled-e1750168575393.png\",\"datePublished\":\"2024-12-31T12:24:52+00:00\",\"dateModified\":\"2025-10-14T08:35:06+00:00\",\"breadcrumb\":{\"@id\":\"https:\\\/\\\/uus.addinol.ee\\\/lt\\\/toode\\\/diiselmootorioli-diesel-longlife-md-2058\\\/#breadcrumb\"},\"inLanguage\":\"lt-LT\",\"potentialAction\":[{\"@type\":\"ReadAction\",\"target\":[\"https:\\\/\\\/uus.addinol.ee\\\/lt\\\/toode\\\/diiselmootorioli-diesel-longlife-md-2058\\\/\"]}]},{\"@type\":\"ImageObject\",\"inLanguage\":\"lt-LT\",\"@id\":\"https:\\\/\\\/uus.addinol.ee\\\/lt\\\/toode\\\/diiselmootorioli-diesel-longlife-md-2058\\\/#primaryimage\",\"url\":\"https:\\\/\\\/uus.addinol.ee\\\/wp-content\\\/uploads\\\/2024\\\/12\\\/diesel-longlife-md-2058-20l-scaled-e1750168575393.png\",\"contentUrl\":\"https:\\\/\\\/uus.addinol.ee\\\/wp-content\\\/uploads\\\/2024\\\/12\\\/diesel-longlife-md-2058-20l-scaled-e1750168575393.png\",\"width\":1000,\"height\":1000},{\"@type\":\"BreadcrumbList\",\"@id\":\"https:\\\/\\\/uus.addinol.ee\\\/lt\\\/toode\\\/diiselmootorioli-diesel-longlife-md-2058\\\/#breadcrumb\",\"itemListElement\":[{\"@type\":\"ListItem\",\"position\":1,\"name\":\"ADDINOL\",\"item\":\"https:\\\/\\\/uus.addinol.ee\\\/lt\\\/\"},{\"@type\":\"ListItem\",\"position\":2,\"name\":\"E-pood\",\"item\":\"https:\\\/\\\/uus.addinol.ee\\\/e-pood\\\/\"},{\"@type\":\"ListItem\",\"position\":3,\"name\":\"Diiselmootori\u00f5li Diesel Longlife MD 2058\"}]},{\"@type\":\"WebSite\",\"@id\":\"https:\\\/\\\/uus.addinol.ee\\\/lt\\\/#website\",\"url\":\"https:\\\/\\\/uus.addinol.ee\\\/lt\\\/\",\"name\":\"ADDINOL\",\"description\":\"Mootori&otilde;lid ja m&auml;&auml;&auml;rdeained igaks kasutusjuhuks\",\"publisher\":{\"@id\":\"https:\\\/\\\/uus.addinol.ee\\\/lt\\\/#organization\"},\"potentialAction\":[{\"@type\":\"SearchAction\",\"target\":{\"@type\":\"EntryPoint\",\"urlTemplate\":\"https:\\\/\\\/uus.addinol.ee\\\/lt\\\/?s={search_term_string}\"},\"query-input\":{\"@type\":\"PropertyValueSpecification\",\"valueRequired\":true,\"valueName\":\"search_term_string\"}}],\"inLanguage\":\"lt-LT\"},{\"@type\":\"Organization\",\"@id\":\"https:\\\/\\\/uus.addinol.ee\\\/lt\\\/#organization\",\"name\":\"ADDINOL\",\"url\":\"https:\\\/\\\/uus.addinol.ee\\\/lt\\\/\",\"logo\":{\"@type\":\"ImageObject\",\"inLanguage\":\"lt-LT\",\"@id\":\"https:\\\/\\\/uus.addinol.ee\\\/lt\\\/#\\\/schema\\\/logo\\\/image\\\/\",\"url\":\"https:\\\/\\\/uus.addinol.ee\\\/wp-content\\\/uploads\\\/2024\\\/10\\\/1200px-ADDINOL-Logo.webp\",\"contentUrl\":\"https:\\\/\\\/uus.addinol.ee\\\/wp-content\\\/uploads\\\/2024\\\/10\\\/1200px-ADDINOL-Logo.webp\",\"width\":1200,\"height\":431,\"caption\":\"ADDINOL\"},\"image\":{\"@id\":\"https:\\\/\\\/uus.addinol.ee\\\/lt\\\/#\\\/schema\\\/logo\\\/image\\\/\"},\"sameAs\":[\"https:\\\/\\\/www.facebook.com\\\/ADDINOLEesti\\\/\",\"https:\\\/\\\/www.instagram.com\\\/addinol_eesti\\\/\"]}]}<\/script>\n<!-- \/ Yoast SEO plugin. -->","yoast_head_json":{"title":"Diiselmootori\u00f5li Diesel Longlife MD 2058 - ADDINOL","robots":{"index":"index","follow":"follow","max-snippet":"max-snippet:-1","max-image-preview":"max-image-preview:large","max-video-preview":"max-video-preview:-1"},"canonical":"https:\/\/uus.addinol.ee\/lt\/toode\/diiselmootorioli-diesel-longlife-md-2058\/","og_locale":"lt_LT","og_type":"article","og_title":"Diiselmootori\u00f5li Diesel Longlife MD 2058 - ADDINOL","og_description":"Diiselmootori\u00f5li ADDINOL Diesel Longlife MD 2058 on Super High Performance \u00f5li (SHPD) viskoossusklassis SAE 20W-50 kasutamiseks raskkoormatud mootorites (Heavy Duty Engine Oil). Diiselmootori\u00f5li Diesel Longlife MD 2058 on ideaalne kombinatsioon uuest manusetehnoloogiast ja optimaalsetest baas\u00f5likomponentidest.","og_url":"https:\/\/uus.addinol.ee\/lt\/toode\/diiselmootorioli-diesel-longlife-md-2058\/","og_site_name":"ADDINOL","article_publisher":"https:\/\/www.facebook.com\/ADDINOLEesti\/","article_modified_time":"2025-10-14T08:35:06+00:00","og_image":[{"width":1000,"height":1000,"url":"https:\/\/uus.addinol.ee\/wp-content\/uploads\/2024\/12\/diesel-longlife-md-2058-20l-scaled-e1750168575393.png","type":"image\/png"}],"twitter_card":"summary_large_image","twitter_misc":{"Est. reading time":"1 minute"},"schema":{"@context":"https:\/\/schema.org","@graph":[{"@type":"WebPage","@id":"https:\/\/uus.addinol.ee\/lt\/toode\/diiselmootorioli-diesel-longlife-md-2058\/","url":"https:\/\/uus.addinol.ee\/lt\/toode\/diiselmootorioli-diesel-longlife-md-2058\/","name":"Diiselmootori\u00f5li Diesel Longlife MD 2058 - ADDINOL","isPartOf":{"@id":"https:\/\/uus.addinol.ee\/lt\/#website"},"primaryImageOfPage":{"@id":"https:\/\/uus.addinol.ee\/lt\/toode\/diiselmootorioli-diesel-longlife-md-2058\/#primaryimage"},"image":{"@id":"https:\/\/uus.addinol.ee\/lt\/toode\/diiselmootorioli-diesel-longlife-md-2058\/#primaryimage"},"thumbnailUrl":"https:\/\/uus.addinol.ee\/wp-content\/uploads\/2024\/12\/diesel-longlife-md-2058-20l-scaled-e1750168575393.png","datePublished":"2024-12-31T12:24:52+00:00","dateModified":"2025-10-14T08:35:06+00:00","breadcrumb":{"@id":"https:\/\/uus.addinol.ee\/lt\/toode\/diiselmootorioli-diesel-longlife-md-2058\/#breadcrumb"},"inLanguage":"lt-LT","potentialAction":[{"@type":"ReadAction","target":["https:\/\/uus.addinol.ee\/lt\/toode\/diiselmootorioli-diesel-longlife-md-2058\/"]}]},{"@type":"ImageObject","inLanguage":"lt-LT","@id":"https:\/\/uus.addinol.ee\/lt\/toode\/diiselmootorioli-diesel-longlife-md-2058\/#primaryimage","url":"https:\/\/uus.addinol.ee\/wp-content\/uploads\/2024\/12\/diesel-longlife-md-2058-20l-scaled-e1750168575393.png","contentUrl":"https:\/\/uus.addinol.ee\/wp-content\/uploads\/2024\/12\/diesel-longlife-md-2058-20l-scaled-e1750168575393.png","width":1000,"height":1000},{"@type":"BreadcrumbList","@id":"https:\/\/uus.addinol.ee\/lt\/toode\/diiselmootorioli-diesel-longlife-md-2058\/#breadcrumb","itemListElement":[{"@type":"ListItem","position":1,"name":"ADDINOL","item":"https:\/\/uus.addinol.ee\/lt\/"},{"@type":"ListItem","position":2,"name":"E-pood","item":"https:\/\/uus.addinol.ee\/e-pood\/"},{"@type":"ListItem","position":3,"name":"Diiselmootori\u00f5li Diesel Longlife MD 2058"}]},{"@type":"WebSite","@id":"https:\/\/uus.addinol.ee\/lt\/#website","url":"https:\/\/uus.addinol.ee\/lt\/","name":"ADDINOL","description":"Mootori&otilde;lid ja m&auml;&auml;&auml;rdeained igaks kasutusjuhuks","publisher":{"@id":"https:\/\/uus.addinol.ee\/lt\/#organization"},"potentialAction":[{"@type":"SearchAction","target":{"@type":"EntryPoint","urlTemplate":"https:\/\/uus.addinol.ee\/lt\/?s={search_term_string}"},"query-input":{"@type":"PropertyValueSpecification","valueRequired":true,"valueName":"search_term_string"}}],"inLanguage":"lt-LT"},{"@type":"Organization","@id":"https:\/\/uus.addinol.ee\/lt\/#organization","name":"ADDINOL","url":"https:\/\/uus.addinol.ee\/lt\/","logo":{"@type":"ImageObject","inLanguage":"lt-LT","@id":"https:\/\/uus.addinol.ee\/lt\/#\/schema\/logo\/image\/","url":"https:\/\/uus.addinol.ee\/wp-content\/uploads\/2024\/10\/1200px-ADDINOL-Logo.webp","contentUrl":"https:\/\/uus.addinol.ee\/wp-content\/uploads\/2024\/10\/1200px-ADDINOL-Logo.webp","width":1200,"height":431,"caption":"ADDINOL"},"image":{"@id":"https:\/\/uus.addinol.ee\/lt\/#\/schema\/logo\/image\/"},"sameAs":["https:\/\/www.facebook.com\/ADDINOLEesti\/","https:\/\/www.instagram.com\/addinol_eesti\/"]}]}},"_links":{"self":[{"href":"https:\/\/uus.addinol.ee\/lt\/wp-json\/wp\/v2\/product\/6127","targetHints":{"allow":["GET"]}}],"collection":[{"href":"https:\/\/uus.addinol.ee\/lt\/wp-json\/wp\/v2\/product"}],"about":[{"href":"https:\/\/uus.addinol.ee\/lt\/wp-json\/wp\/v2\/types\/product"}],"wp:featuredmedia":[{"embeddable":true,"href":"https:\/\/uus.addinol.ee\/lt\/wp-json\/wp\/v2\/media\/8533"}],"wp:attachment":[{"href":"https:\/\/uus.addinol.ee\/lt\/wp-json\/wp\/v2\/media?parent=6127"}],"wp:term":[{"taxonomy":"viscosity","embeddable":true,"href":"https:\/\/uus.addinol.ee\/lt\/wp-json\/wp\/v2\/viscosity?post=6127"},{"taxonomy":"product_brand","embeddable":true,"href":"https:\/\/uus.addinol.ee\/lt\/wp-json\/wp\/v2\/product_brand?post=6127"},{"taxonomy":"product_cat","embeddable":true,"href":"https:\/\/uus.addinol.ee\/lt\/wp-json\/wp\/v2\/product_cat?post=6127"},{"taxonomy":"product_tag","embeddable":true,"href":"https:\/\/uus.addinol.ee\/lt\/wp-json\/wp\/v2\/product_tag?post=6127"},{"taxonomy":"inventory","embeddable":true,"href":"https:\/\/uus.addinol.ee\/lt\/wp-json\/wp\/v2\/inventory?post=6127"}],"curies":[{"name":"wp","href":"https:\/\/api.w.org\/{rel}","templated":true}]}}