{"id":6131,"date":"2024-12-31T12:25:24","date_gmt":"2024-12-31T12:25:24","guid":{"rendered":"https:\/\/addinol.ee\/toode\/mootorioli-super-2t-mz-406\/"},"modified":"2025-10-14T11:35:07","modified_gmt":"2025-10-14T08:35:07","slug":"mootorioli-super-2t-mz-406","status":"publish","type":"product","link":"https:\/\/uus.addinol.ee\/lt\/toode\/mootorioli-super-2t-mz-406\/","title":{"rendered":"Mootori\u00f5li Super 2T MZ 406"},"content":{"rendered":"<p><strong>Mootori\u00f5li Super 2T MZ 406 KASUTUSV\u00d5IMALUSED:<\/strong><br \/>\n\u2022 Mootori\u00f5li Super 2T MZ 406 on ette n\u00e4htud kasutamiseks motorollerite, mopeedide, s\u00f5iduautode, mootorrataste, mootorsaanide \u00f5hk- ja vesijahutusega termiliselt koormatud kahetaktilistes mootorites.<br \/>\n\u2022 Sobib ideaalselt v\u00e4ikemasinate ja -seadmete \u00f5hkjahutusega kahetaktilistele mootoritele, nt kettsaagidele, muruniidukitele, hekil\u00f5ikuritele jne.<br \/>\n\u2022 Sobib kasutamiseks katal\u00fcsaatoriga ning nii segu- kui ka automaat\u00f5litusega kahetaktilistes mootorites.<br \/>\n\u2022 \u00d5li ja k\u00fctuse segamisvahekorra m\u00e4\u00e4rab s\u00f5idukitootja, enamjaolt on see 1:50 (k\u00f5ikidel bensiiniga t\u00f6\u00f6del).<\/p>\n<p><strong>SEGAMISTABEL<\/strong><\/p>\n<p style=\"padding-left: 120px;\"><em><strong>ml MZ 406 etten\u00e4htud<\/strong><\/em><br \/>\n<em><strong>segamisvahekorra puhul<\/strong><\/em><\/p>\n<table style=\"height: 260px;\" width=\"342\">\n<thead>\n<tr>\n<th align=\"left\"><b>liitrit<br \/>\nk\u00fctust\u00a0<\/b><\/th>\n<th align=\"left\"><b>1:50<\/b><\/th>\n<\/tr>\n<\/thead>\n<tbody>\n<tr>\n<td align=\"left\">5<\/td>\n<td align=\"left\">100<\/td>\n<\/tr>\n<tr>\n<td align=\"left\">10<\/td>\n<td align=\"left\">200<\/td>\n<\/tr>\n<tr>\n<td align=\"left\">20<\/td>\n<td align=\"left\">400<\/td>\n<\/tr>\n<tr>\n<td align=\"left\">30<\/td>\n<td align=\"left\">600<\/td>\n<\/tr>\n<tr>\n<td align=\"left\">40<\/td>\n<td align=\"left\">800<\/td>\n<\/tr>\n<tr>\n<td align=\"left\">50<\/td>\n<td align=\"left\">1000<\/td>\n<\/tr>\n<\/tbody>\n<\/table>\n<p>&nbsp;<\/p>\n<p><strong>Mootori\u00f5li Super 2T MZ 406 SPETSIFIKATSIOONID:<\/strong><br \/>\nMootori\u00f5li Super 2T MZ 406 t\u00e4idab ja \u00fcletab rahvusvahelisi spetsifikatsioone:<br \/>\n\u2022 API TC<br \/>\n\u2022 JASO FC<br \/>\n\u2022 ISO-L-EGC<\/p>\n<p><strong>Mootori\u00f5li Super 2T MZ 406 OMADUSED:<\/strong><br \/>\n\u2022 S\u00fcnteetiline baas\u00f5li \u2013 low smoke omadused<br \/>\n\u2022 Hea korrosioonikaitse suurel termilisel ja mehaanilisel koormusel<br \/>\n\u2022 Suurep\u00e4rane kulumiskaitse<\/p>\n<p><strong>Mootori\u00f5li Super 2T MZ 406 EELISED TARBIJALE:<\/strong><br \/>\n\u2022 M\u00e4rgatavalt v\u00e4iksem heitgaaside suitsusus<br \/>\n\u2022 Oluliselt v\u00e4hem setteid mootori p\u00f5lemiskambris ja heitgaasitorustikus<br \/>\n\u2022 Kolvir\u00f5ngaste t\u00e4ielik liikuvus mootori t\u00f6\u00f6re\u017eiimil<br \/>\n\u2022 Hea s\u00fcttimisv\u00f5ime nii k\u00fclm- kui kuumk\u00e4ivitusel<\/p>\n","protected":false},"excerpt":{"rendered":"<p>Mootori\u00f5li ADDINOL Super 2T MZ 406 on k\u00f5rge j\u00f5udlusega s\u00fcnteetiline \u00f5li kahetaktilistele mootoritele. T\u00e4nu s\u00fcnteetilistele koostisainetele on tagatud low smoke omadused.<\/p>\n","protected":false},"featured_media":7274,"template":"","meta":{"_acf_changed":false},"viscosity":[],"product_brand":[],"product_cat":[150,156,161],"product_tag":[],"inventory":[],"class_list":{"0":"post-6131","1":"product","2":"type-product","3":"status-publish","4":"has-post-thumbnail","6":"product_cat-mootorsoidukite-maardeained","7":"product_cat-mootoriolid","8":"product_cat-mootorrataste-2-taktilistele-mootoritele","9":"pa_vali-pakend-1l","11":"first","12":"instock","13":"taxable","14":"shipping-taxable","15":"purchasable","16":"product-type-simple"},"acf":[],"yoast_head":"<!-- This site is optimized with the Yoast SEO plugin v27.5 - https:\/\/yoast.com\/product\/yoast-seo-wordpress\/ -->\n<title>Mootori\u00f5li Super 2T MZ 406 - ADDINOL<\/title>\n<meta name=\"robots\" content=\"index, follow, max-snippet:-1, max-image-preview:large, max-video-preview:-1\" \/>\n<link rel=\"canonical\" href=\"https:\/\/uus.addinol.ee\/lt\/toode\/mootorioli-super-2t-mz-406\/\" \/>\n<meta property=\"og:locale\" content=\"lt_LT\" \/>\n<meta property=\"og:type\" content=\"article\" \/>\n<meta property=\"og:title\" content=\"Mootori\u00f5li Super 2T MZ 406 - ADDINOL\" \/>\n<meta property=\"og:description\" content=\"Mootori\u00f5li ADDINOL Super 2T MZ 406 on k\u00f5rge j\u00f5udlusega s\u00fcnteetiline \u00f5li kahetaktilistele mootoritele. T\u00e4nu s\u00fcnteetilistele koostisainetele on tagatud low smoke omadused.\" \/>\n<meta property=\"og:url\" content=\"https:\/\/uus.addinol.ee\/lt\/toode\/mootorioli-super-2t-mz-406\/\" \/>\n<meta property=\"og:site_name\" content=\"ADDINOL\" \/>\n<meta property=\"article:publisher\" content=\"https:\/\/www.facebook.com\/ADDINOLEesti\/\" \/>\n<meta property=\"article:modified_time\" content=\"2025-10-14T08:35:07+00:00\" \/>\n<meta property=\"og:image\" content=\"https:\/\/uus.addinol.ee\/wp-content\/uploads\/2024\/12\/super-2t-mz-406-1l.jpg\" \/>\n\t<meta property=\"og:image:width\" content=\"418\" \/>\n\t<meta property=\"og:image:height\" content=\"800\" \/>\n\t<meta property=\"og:image:type\" content=\"image\/jpeg\" \/>\n<meta name=\"twitter:card\" content=\"summary_large_image\" \/>\n<meta name=\"twitter:label1\" content=\"Est. reading time\" \/>\n\t<meta name=\"twitter:data1\" content=\"2 minutes\" \/>\n<script type=\"application\/ld+json\" class=\"yoast-schema-graph\">{\"@context\":\"https:\\\/\\\/schema.org\",\"@graph\":[{\"@type\":\"WebPage\",\"@id\":\"https:\\\/\\\/uus.addinol.ee\\\/lt\\\/toode\\\/mootorioli-super-2t-mz-406\\\/\",\"url\":\"https:\\\/\\\/uus.addinol.ee\\\/lt\\\/toode\\\/mootorioli-super-2t-mz-406\\\/\",\"name\":\"Mootori\u00f5li Super 2T MZ 406 - ADDINOL\",\"isPartOf\":{\"@id\":\"https:\\\/\\\/uus.addinol.ee\\\/lt\\\/#website\"},\"primaryImageOfPage\":{\"@id\":\"https:\\\/\\\/uus.addinol.ee\\\/lt\\\/toode\\\/mootorioli-super-2t-mz-406\\\/#primaryimage\"},\"image\":{\"@id\":\"https:\\\/\\\/uus.addinol.ee\\\/lt\\\/toode\\\/mootorioli-super-2t-mz-406\\\/#primaryimage\"},\"thumbnailUrl\":\"https:\\\/\\\/uus.addinol.ee\\\/wp-content\\\/uploads\\\/2024\\\/12\\\/super-2t-mz-406-1l.jpg\",\"datePublished\":\"2024-12-31T12:25:24+00:00\",\"dateModified\":\"2025-10-14T08:35:07+00:00\",\"breadcrumb\":{\"@id\":\"https:\\\/\\\/uus.addinol.ee\\\/lt\\\/toode\\\/mootorioli-super-2t-mz-406\\\/#breadcrumb\"},\"inLanguage\":\"lt-LT\",\"potentialAction\":[{\"@type\":\"ReadAction\",\"target\":[\"https:\\\/\\\/uus.addinol.ee\\\/lt\\\/toode\\\/mootorioli-super-2t-mz-406\\\/\"]}]},{\"@type\":\"ImageObject\",\"inLanguage\":\"lt-LT\",\"@id\":\"https:\\\/\\\/uus.addinol.ee\\\/lt\\\/toode\\\/mootorioli-super-2t-mz-406\\\/#primaryimage\",\"url\":\"https:\\\/\\\/uus.addinol.ee\\\/wp-content\\\/uploads\\\/2024\\\/12\\\/super-2t-mz-406-1l.jpg\",\"contentUrl\":\"https:\\\/\\\/uus.addinol.ee\\\/wp-content\\\/uploads\\\/2024\\\/12\\\/super-2t-mz-406-1l.jpg\",\"width\":418,\"height\":800},{\"@type\":\"BreadcrumbList\",\"@id\":\"https:\\\/\\\/uus.addinol.ee\\\/lt\\\/toode\\\/mootorioli-super-2t-mz-406\\\/#breadcrumb\",\"itemListElement\":[{\"@type\":\"ListItem\",\"position\":1,\"name\":\"ADDINOL\",\"item\":\"https:\\\/\\\/uus.addinol.ee\\\/lt\\\/\"},{\"@type\":\"ListItem\",\"position\":2,\"name\":\"E-pood\",\"item\":\"https:\\\/\\\/uus.addinol.ee\\\/e-pood\\\/\"},{\"@type\":\"ListItem\",\"position\":3,\"name\":\"Mootori\u00f5li Super 2T MZ 406\"}]},{\"@type\":\"WebSite\",\"@id\":\"https:\\\/\\\/uus.addinol.ee\\\/lt\\\/#website\",\"url\":\"https:\\\/\\\/uus.addinol.ee\\\/lt\\\/\",\"name\":\"ADDINOL\",\"description\":\"Mootori&otilde;lid ja m&auml;&auml;&auml;rdeained igaks kasutusjuhuks\",\"publisher\":{\"@id\":\"https:\\\/\\\/uus.addinol.ee\\\/lt\\\/#organization\"},\"potentialAction\":[{\"@type\":\"SearchAction\",\"target\":{\"@type\":\"EntryPoint\",\"urlTemplate\":\"https:\\\/\\\/uus.addinol.ee\\\/lt\\\/?s={search_term_string}\"},\"query-input\":{\"@type\":\"PropertyValueSpecification\",\"valueRequired\":true,\"valueName\":\"search_term_string\"}}],\"inLanguage\":\"lt-LT\"},{\"@type\":\"Organization\",\"@id\":\"https:\\\/\\\/uus.addinol.ee\\\/lt\\\/#organization\",\"name\":\"ADDINOL\",\"url\":\"https:\\\/\\\/uus.addinol.ee\\\/lt\\\/\",\"logo\":{\"@type\":\"ImageObject\",\"inLanguage\":\"lt-LT\",\"@id\":\"https:\\\/\\\/uus.addinol.ee\\\/lt\\\/#\\\/schema\\\/logo\\\/image\\\/\",\"url\":\"https:\\\/\\\/uus.addinol.ee\\\/wp-content\\\/uploads\\\/2024\\\/10\\\/1200px-ADDINOL-Logo.webp\",\"contentUrl\":\"https:\\\/\\\/uus.addinol.ee\\\/wp-content\\\/uploads\\\/2024\\\/10\\\/1200px-ADDINOL-Logo.webp\",\"width\":1200,\"height\":431,\"caption\":\"ADDINOL\"},\"image\":{\"@id\":\"https:\\\/\\\/uus.addinol.ee\\\/lt\\\/#\\\/schema\\\/logo\\\/image\\\/\"},\"sameAs\":[\"https:\\\/\\\/www.facebook.com\\\/ADDINOLEesti\\\/\",\"https:\\\/\\\/www.instagram.com\\\/addinol_eesti\\\/\"]}]}<\/script>\n<!-- \/ Yoast SEO plugin. -->","yoast_head_json":{"title":"Mootori\u00f5li Super 2T MZ 406 - ADDINOL","robots":{"index":"index","follow":"follow","max-snippet":"max-snippet:-1","max-image-preview":"max-image-preview:large","max-video-preview":"max-video-preview:-1"},"canonical":"https:\/\/uus.addinol.ee\/lt\/toode\/mootorioli-super-2t-mz-406\/","og_locale":"lt_LT","og_type":"article","og_title":"Mootori\u00f5li Super 2T MZ 406 - ADDINOL","og_description":"Mootori\u00f5li ADDINOL Super 2T MZ 406 on k\u00f5rge j\u00f5udlusega s\u00fcnteetiline \u00f5li kahetaktilistele mootoritele. T\u00e4nu s\u00fcnteetilistele koostisainetele on tagatud low smoke omadused.","og_url":"https:\/\/uus.addinol.ee\/lt\/toode\/mootorioli-super-2t-mz-406\/","og_site_name":"ADDINOL","article_publisher":"https:\/\/www.facebook.com\/ADDINOLEesti\/","article_modified_time":"2025-10-14T08:35:07+00:00","og_image":[{"width":418,"height":800,"url":"https:\/\/uus.addinol.ee\/wp-content\/uploads\/2024\/12\/super-2t-mz-406-1l.jpg","type":"image\/jpeg"}],"twitter_card":"summary_large_image","twitter_misc":{"Est. reading time":"2 minutes"},"schema":{"@context":"https:\/\/schema.org","@graph":[{"@type":"WebPage","@id":"https:\/\/uus.addinol.ee\/lt\/toode\/mootorioli-super-2t-mz-406\/","url":"https:\/\/uus.addinol.ee\/lt\/toode\/mootorioli-super-2t-mz-406\/","name":"Mootori\u00f5li Super 2T MZ 406 - ADDINOL","isPartOf":{"@id":"https:\/\/uus.addinol.ee\/lt\/#website"},"primaryImageOfPage":{"@id":"https:\/\/uus.addinol.ee\/lt\/toode\/mootorioli-super-2t-mz-406\/#primaryimage"},"image":{"@id":"https:\/\/uus.addinol.ee\/lt\/toode\/mootorioli-super-2t-mz-406\/#primaryimage"},"thumbnailUrl":"https:\/\/uus.addinol.ee\/wp-content\/uploads\/2024\/12\/super-2t-mz-406-1l.jpg","datePublished":"2024-12-31T12:25:24+00:00","dateModified":"2025-10-14T08:35:07+00:00","breadcrumb":{"@id":"https:\/\/uus.addinol.ee\/lt\/toode\/mootorioli-super-2t-mz-406\/#breadcrumb"},"inLanguage":"lt-LT","potentialAction":[{"@type":"ReadAction","target":["https:\/\/uus.addinol.ee\/lt\/toode\/mootorioli-super-2t-mz-406\/"]}]},{"@type":"ImageObject","inLanguage":"lt-LT","@id":"https:\/\/uus.addinol.ee\/lt\/toode\/mootorioli-super-2t-mz-406\/#primaryimage","url":"https:\/\/uus.addinol.ee\/wp-content\/uploads\/2024\/12\/super-2t-mz-406-1l.jpg","contentUrl":"https:\/\/uus.addinol.ee\/wp-content\/uploads\/2024\/12\/super-2t-mz-406-1l.jpg","width":418,"height":800},{"@type":"BreadcrumbList","@id":"https:\/\/uus.addinol.ee\/lt\/toode\/mootorioli-super-2t-mz-406\/#breadcrumb","itemListElement":[{"@type":"ListItem","position":1,"name":"ADDINOL","item":"https:\/\/uus.addinol.ee\/lt\/"},{"@type":"ListItem","position":2,"name":"E-pood","item":"https:\/\/uus.addinol.ee\/e-pood\/"},{"@type":"ListItem","position":3,"name":"Mootori\u00f5li Super 2T MZ 406"}]},{"@type":"WebSite","@id":"https:\/\/uus.addinol.ee\/lt\/#website","url":"https:\/\/uus.addinol.ee\/lt\/","name":"ADDINOL","description":"Mootori&otilde;lid ja m&auml;&auml;&auml;rdeained igaks kasutusjuhuks","publisher":{"@id":"https:\/\/uus.addinol.ee\/lt\/#organization"},"potentialAction":[{"@type":"SearchAction","target":{"@type":"EntryPoint","urlTemplate":"https:\/\/uus.addinol.ee\/lt\/?s={search_term_string}"},"query-input":{"@type":"PropertyValueSpecification","valueRequired":true,"valueName":"search_term_string"}}],"inLanguage":"lt-LT"},{"@type":"Organization","@id":"https:\/\/uus.addinol.ee\/lt\/#organization","name":"ADDINOL","url":"https:\/\/uus.addinol.ee\/lt\/","logo":{"@type":"ImageObject","inLanguage":"lt-LT","@id":"https:\/\/uus.addinol.ee\/lt\/#\/schema\/logo\/image\/","url":"https:\/\/uus.addinol.ee\/wp-content\/uploads\/2024\/10\/1200px-ADDINOL-Logo.webp","contentUrl":"https:\/\/uus.addinol.ee\/wp-content\/uploads\/2024\/10\/1200px-ADDINOL-Logo.webp","width":1200,"height":431,"caption":"ADDINOL"},"image":{"@id":"https:\/\/uus.addinol.ee\/lt\/#\/schema\/logo\/image\/"},"sameAs":["https:\/\/www.facebook.com\/ADDINOLEesti\/","https:\/\/www.instagram.com\/addinol_eesti\/"]}]}},"_links":{"self":[{"href":"https:\/\/uus.addinol.ee\/lt\/wp-json\/wp\/v2\/product\/6131","targetHints":{"allow":["GET"]}}],"collection":[{"href":"https:\/\/uus.addinol.ee\/lt\/wp-json\/wp\/v2\/product"}],"about":[{"href":"https:\/\/uus.addinol.ee\/lt\/wp-json\/wp\/v2\/types\/product"}],"wp:featuredmedia":[{"embeddable":true,"href":"https:\/\/uus.addinol.ee\/lt\/wp-json\/wp\/v2\/media\/7274"}],"wp:attachment":[{"href":"https:\/\/uus.addinol.ee\/lt\/wp-json\/wp\/v2\/media?parent=6131"}],"wp:term":[{"taxonomy":"viscosity","embeddable":true,"href":"https:\/\/uus.addinol.ee\/lt\/wp-json\/wp\/v2\/viscosity?post=6131"},{"taxonomy":"product_brand","embeddable":true,"href":"https:\/\/uus.addinol.ee\/lt\/wp-json\/wp\/v2\/product_brand?post=6131"},{"taxonomy":"product_cat","embeddable":true,"href":"https:\/\/uus.addinol.ee\/lt\/wp-json\/wp\/v2\/product_cat?post=6131"},{"taxonomy":"product_tag","embeddable":true,"href":"https:\/\/uus.addinol.ee\/lt\/wp-json\/wp\/v2\/product_tag?post=6131"},{"taxonomy":"inventory","embeddable":true,"href":"https:\/\/uus.addinol.ee\/lt\/wp-json\/wp\/v2\/inventory?post=6131"}],"curies":[{"name":"wp","href":"https:\/\/api.w.org\/{rel}","templated":true}]}}