{"id":6149,"date":"2024-12-31T12:25:24","date_gmt":"2024-12-31T12:25:24","guid":{"rendered":"https:\/\/addinol.ee\/toode\/mootorioli-mega-power-mv-0538-c2\/"},"modified":"2025-07-04T11:39:50","modified_gmt":"2025-07-04T08:39:50","slug":"mootorioli-superior-0530-c2","status":"publish","type":"product","link":"https:\/\/uus.addinol.ee\/lt\/toode\/mootorioli-superior-0530-c2\/","title":{"rendered":"Mootori\u00f5li Superior 0530 C2"},"content":{"rendered":"<p><strong>Mootori\u00f5li Superior 0530 C2 KASUTUSV\u00d5IMALUSED:<\/strong><br \/>\n\u2022 V\u00e4ikse tuhasisaldusega manuste (<em>mid<\/em> SAPS) t\u00f5ttu ette n\u00e4htud t\u00e4nap\u00e4evaste heitgaasi j\u00e4relt\u00f6\u00f6tluss\u00fcsteemidega ja turbolaaduriga diiselmootoritele, mis n\u00f5uavad v\u00e4hendatud HTHS viskoossusega \u00f5li.<br \/>\n\u2022 Sobib kasutamiseks k\u00f5ikides mootors\u00f5idukites, mis n\u00f5uavad ACEA C2 kvaliteediklassi \u00f5li, nagu nt Honda, Alfa Romeo, Fiat, Lancia, Subaru, Toyota ja Mitsubishi.<br \/>\n\u2022 Kasutatav ka bensiinimootorites, mis n\u00f5uavad vastava ACEA kvaliteediklassi \u00f5li.<\/p>\n<p>Mootori\u00f5li Superior 0530 C2 sobivus s\u00f5ltub sellest, kas vastavas s\u00f5idukis on lubatud kasutada v\u00e4hendatud HTHS viskoossusega mootori\u00f5li!<\/p>\n<p><strong>Mootori\u00f5li Superior 0530 C2 SPETSIFIKATSIOON \/ LITSENTSID:<\/strong><br \/>\nMootori\u00f5li Superior 0530 C2 t\u00e4idab ja \u00fcletab rahvusvahelisi spetsifikatsioone:<br \/>\n\u2022 ACEA C3, C2<br \/>\n\u2022 API SP<\/p>\n<p>Mootori\u00f5li Superior 0530 C2 t\u00e4idab n\u00f5udeid:<br \/>\n\u2022 PSA B71 2290<br \/>\n\u2022 PSA B71 2288 (&lt;2017)<\/p>\n<p><strong>Mootori\u00f5li Superior 0530 C2 OMADUSED:<\/strong><br \/>\n\u2022 <em>Mid<\/em> SAPS (v\u00e4ike sulfaattuha-, fosfori- ja v\u00e4\u00e4vlisisaldus)<br \/>\n\u2022 Suurep\u00e4rane kulumisvastane kaitse<br \/>\n\u2022 V\u00e4ljavalitud s\u00fcnteetilised baas\u00f5likomponendid koos spetsiaalsete manustega<br \/>\n\u2022 Suurep\u00e4rased omadused madalatel temperatuuridel<br \/>\n\u2022 \u00d5list tingitud heitmete v\u00e4hesus<br \/>\n\u2022 Parendatud h\u00f5\u00f5rdumisvastased omadused<br \/>\n\u2022 V\u00e4iksed aurustumiskaod<\/p>\n<p><strong>Mootori\u00f5li Superior 0530 C2 EELISED TARBIJALE:<\/strong><br \/>\n\u2022 Heitgaasi j\u00e4relt\u00f6\u00f6tluss\u00fcsteemide pikem t\u00f6\u00f6iga<br \/>\n\u2022 Mootori pikk t\u00f6\u00f6iga<br \/>\n\u2022 Mootori optimaalne v\u00f5imsus k\u00f5ikides t\u00f6\u00f6tingimustes ja pikendatud \u00f5livahetusv\u00e4lbad<br \/>\n\u2022 Suurep\u00e4rane k\u00fclmk\u00e4ivitus ja mootori soojenemine<br \/>\n\u2022 Keskkonnas\u00e4\u00e4stlik \u00f5li<br \/>\n\u2022 V\u00e4iksem k\u00fctusekulu<br \/>\n\u2022 V\u00e4iksem \u00f5likulu<\/p>\n","protected":false},"excerpt":{"rendered":"<p>Mootori\u00f5li ADDINOL Superior 0530 C2 on s\u00fcnteetiline v\u00e4hendatud HTHS viskoossusega ja <em>mid<\/em> SAPS manustega pikaealine (Longlife) k\u00fctuses\u00e4\u00e4stlik mootori\u00f5li viskoossusklassis SAE 5W-30.<\/p>\n","protected":false},"featured_media":8071,"template":"","meta":{"_acf_changed":false},"viscosity":[740],"product_brand":[],"product_cat":[150,156,166],"product_tag":[],"inventory":[],"class_list":{"0":"post-6149","1":"product","2":"type-product","3":"status-publish","4":"has-post-thumbnail","6":"viscosity-5w-30","7":"product_cat-mootorsoidukite-maardeained","8":"product_cat-mootoriolid","9":"product_cat-soiduautodele","10":"pa_vali-pakend-superior-0530-c2-20l","11":"pa_vali-pakend-superior-0530-c2-5l","12":"pa_vali-pakend-superior-0530-c2-1l","13":"pa_vali-pakend-superior-0530-c2-57l","14":"pa_vali-pakend-superior-0530-c2-4l","16":"first","17":"instock","18":"taxable","19":"shipping-taxable","20":"purchasable","21":"product-type-variable"},"acf":[],"yoast_head":"<!-- This site is optimized with the Yoast SEO plugin v27.5 - https:\/\/yoast.com\/product\/yoast-seo-wordpress\/ -->\n<title>Mootori\u00f5li Superior 0530 C2 - ADDINOL<\/title>\n<meta name=\"robots\" content=\"index, follow, max-snippet:-1, max-image-preview:large, max-video-preview:-1\" \/>\n<link rel=\"canonical\" href=\"https:\/\/uus.addinol.ee\/lt\/toode\/mootorioli-superior-0530-c2\/\" \/>\n<meta property=\"og:locale\" content=\"lt_LT\" \/>\n<meta property=\"og:type\" content=\"article\" \/>\n<meta property=\"og:title\" content=\"Mootori\u00f5li Superior 0530 C2 - ADDINOL\" \/>\n<meta property=\"og:description\" content=\"Mootori\u00f5li ADDINOL Superior 0530 C2 on s\u00fcnteetiline v\u00e4hendatud HTHS viskoossusega ja mid SAPS manustega pikaealine (Longlife) k\u00fctuses\u00e4\u00e4stlik mootori\u00f5li viskoossusklassis SAE 5W-30.\" \/>\n<meta property=\"og:url\" content=\"https:\/\/uus.addinol.ee\/lt\/toode\/mootorioli-superior-0530-c2\/\" \/>\n<meta property=\"og:site_name\" content=\"ADDINOL\" \/>\n<meta property=\"article:publisher\" content=\"https:\/\/www.facebook.com\/ADDINOLEesti\/\" \/>\n<meta property=\"article:modified_time\" content=\"2025-07-04T08:39:50+00:00\" \/>\n<meta property=\"og:image\" content=\"https:\/\/uus.addinol.ee\/wp-content\/uploads\/2024\/12\/superior-0530-c2_1l.jpg\" \/>\n\t<meta property=\"og:image:width\" content=\"418\" \/>\n\t<meta property=\"og:image:height\" content=\"800\" \/>\n\t<meta property=\"og:image:type\" content=\"image\/jpeg\" \/>\n<meta name=\"twitter:card\" content=\"summary_large_image\" \/>\n<meta name=\"twitter:label1\" content=\"Est. reading time\" \/>\n\t<meta name=\"twitter:data1\" content=\"2 minutes\" \/>\n<script type=\"application\/ld+json\" class=\"yoast-schema-graph\">{\"@context\":\"https:\\\/\\\/schema.org\",\"@graph\":[{\"@type\":\"WebPage\",\"@id\":\"https:\\\/\\\/uus.addinol.ee\\\/lt\\\/toode\\\/mootorioli-superior-0530-c2\\\/\",\"url\":\"https:\\\/\\\/uus.addinol.ee\\\/lt\\\/toode\\\/mootorioli-superior-0530-c2\\\/\",\"name\":\"Mootori\u00f5li Superior 0530 C2 - ADDINOL\",\"isPartOf\":{\"@id\":\"https:\\\/\\\/uus.addinol.ee\\\/lt\\\/#website\"},\"primaryImageOfPage\":{\"@id\":\"https:\\\/\\\/uus.addinol.ee\\\/lt\\\/toode\\\/mootorioli-superior-0530-c2\\\/#primaryimage\"},\"image\":{\"@id\":\"https:\\\/\\\/uus.addinol.ee\\\/lt\\\/toode\\\/mootorioli-superior-0530-c2\\\/#primaryimage\"},\"thumbnailUrl\":\"https:\\\/\\\/uus.addinol.ee\\\/wp-content\\\/uploads\\\/2024\\\/12\\\/superior-0530-c2_1l.jpg\",\"datePublished\":\"2024-12-31T12:25:24+00:00\",\"dateModified\":\"2025-07-04T08:39:50+00:00\",\"breadcrumb\":{\"@id\":\"https:\\\/\\\/uus.addinol.ee\\\/lt\\\/toode\\\/mootorioli-superior-0530-c2\\\/#breadcrumb\"},\"inLanguage\":\"lt-LT\",\"potentialAction\":[{\"@type\":\"ReadAction\",\"target\":[\"https:\\\/\\\/uus.addinol.ee\\\/lt\\\/toode\\\/mootorioli-superior-0530-c2\\\/\"]}]},{\"@type\":\"ImageObject\",\"inLanguage\":\"lt-LT\",\"@id\":\"https:\\\/\\\/uus.addinol.ee\\\/lt\\\/toode\\\/mootorioli-superior-0530-c2\\\/#primaryimage\",\"url\":\"https:\\\/\\\/uus.addinol.ee\\\/wp-content\\\/uploads\\\/2024\\\/12\\\/superior-0530-c2_1l.jpg\",\"contentUrl\":\"https:\\\/\\\/uus.addinol.ee\\\/wp-content\\\/uploads\\\/2024\\\/12\\\/superior-0530-c2_1l.jpg\",\"width\":418,\"height\":800},{\"@type\":\"BreadcrumbList\",\"@id\":\"https:\\\/\\\/uus.addinol.ee\\\/lt\\\/toode\\\/mootorioli-superior-0530-c2\\\/#breadcrumb\",\"itemListElement\":[{\"@type\":\"ListItem\",\"position\":1,\"name\":\"ADDINOL\",\"item\":\"https:\\\/\\\/uus.addinol.ee\\\/lt\\\/\"},{\"@type\":\"ListItem\",\"position\":2,\"name\":\"E-pood\",\"item\":\"https:\\\/\\\/uus.addinol.ee\\\/e-pood\\\/\"},{\"@type\":\"ListItem\",\"position\":3,\"name\":\"Mootori\u00f5li Superior 0530 C2\"}]},{\"@type\":\"WebSite\",\"@id\":\"https:\\\/\\\/uus.addinol.ee\\\/lt\\\/#website\",\"url\":\"https:\\\/\\\/uus.addinol.ee\\\/lt\\\/\",\"name\":\"ADDINOL\",\"description\":\"Mootori&otilde;lid ja m&auml;&auml;&auml;rdeained igaks kasutusjuhuks\",\"publisher\":{\"@id\":\"https:\\\/\\\/uus.addinol.ee\\\/lt\\\/#organization\"},\"potentialAction\":[{\"@type\":\"SearchAction\",\"target\":{\"@type\":\"EntryPoint\",\"urlTemplate\":\"https:\\\/\\\/uus.addinol.ee\\\/lt\\\/?s={search_term_string}\"},\"query-input\":{\"@type\":\"PropertyValueSpecification\",\"valueRequired\":true,\"valueName\":\"search_term_string\"}}],\"inLanguage\":\"lt-LT\"},{\"@type\":\"Organization\",\"@id\":\"https:\\\/\\\/uus.addinol.ee\\\/lt\\\/#organization\",\"name\":\"ADDINOL\",\"url\":\"https:\\\/\\\/uus.addinol.ee\\\/lt\\\/\",\"logo\":{\"@type\":\"ImageObject\",\"inLanguage\":\"lt-LT\",\"@id\":\"https:\\\/\\\/uus.addinol.ee\\\/lt\\\/#\\\/schema\\\/logo\\\/image\\\/\",\"url\":\"https:\\\/\\\/uus.addinol.ee\\\/wp-content\\\/uploads\\\/2024\\\/10\\\/1200px-ADDINOL-Logo.webp\",\"contentUrl\":\"https:\\\/\\\/uus.addinol.ee\\\/wp-content\\\/uploads\\\/2024\\\/10\\\/1200px-ADDINOL-Logo.webp\",\"width\":1200,\"height\":431,\"caption\":\"ADDINOL\"},\"image\":{\"@id\":\"https:\\\/\\\/uus.addinol.ee\\\/lt\\\/#\\\/schema\\\/logo\\\/image\\\/\"},\"sameAs\":[\"https:\\\/\\\/www.facebook.com\\\/ADDINOLEesti\\\/\",\"https:\\\/\\\/www.instagram.com\\\/addinol_eesti\\\/\"]}]}<\/script>\n<!-- \/ Yoast SEO plugin. -->","yoast_head_json":{"title":"Mootori\u00f5li Superior 0530 C2 - ADDINOL","robots":{"index":"index","follow":"follow","max-snippet":"max-snippet:-1","max-image-preview":"max-image-preview:large","max-video-preview":"max-video-preview:-1"},"canonical":"https:\/\/uus.addinol.ee\/lt\/toode\/mootorioli-superior-0530-c2\/","og_locale":"lt_LT","og_type":"article","og_title":"Mootori\u00f5li Superior 0530 C2 - ADDINOL","og_description":"Mootori\u00f5li ADDINOL Superior 0530 C2 on s\u00fcnteetiline v\u00e4hendatud HTHS viskoossusega ja mid SAPS manustega pikaealine (Longlife) k\u00fctuses\u00e4\u00e4stlik mootori\u00f5li viskoossusklassis SAE 5W-30.","og_url":"https:\/\/uus.addinol.ee\/lt\/toode\/mootorioli-superior-0530-c2\/","og_site_name":"ADDINOL","article_publisher":"https:\/\/www.facebook.com\/ADDINOLEesti\/","article_modified_time":"2025-07-04T08:39:50+00:00","og_image":[{"width":418,"height":800,"url":"https:\/\/uus.addinol.ee\/wp-content\/uploads\/2024\/12\/superior-0530-c2_1l.jpg","type":"image\/jpeg"}],"twitter_card":"summary_large_image","twitter_misc":{"Est. reading time":"2 minutes"},"schema":{"@context":"https:\/\/schema.org","@graph":[{"@type":"WebPage","@id":"https:\/\/uus.addinol.ee\/lt\/toode\/mootorioli-superior-0530-c2\/","url":"https:\/\/uus.addinol.ee\/lt\/toode\/mootorioli-superior-0530-c2\/","name":"Mootori\u00f5li Superior 0530 C2 - ADDINOL","isPartOf":{"@id":"https:\/\/uus.addinol.ee\/lt\/#website"},"primaryImageOfPage":{"@id":"https:\/\/uus.addinol.ee\/lt\/toode\/mootorioli-superior-0530-c2\/#primaryimage"},"image":{"@id":"https:\/\/uus.addinol.ee\/lt\/toode\/mootorioli-superior-0530-c2\/#primaryimage"},"thumbnailUrl":"https:\/\/uus.addinol.ee\/wp-content\/uploads\/2024\/12\/superior-0530-c2_1l.jpg","datePublished":"2024-12-31T12:25:24+00:00","dateModified":"2025-07-04T08:39:50+00:00","breadcrumb":{"@id":"https:\/\/uus.addinol.ee\/lt\/toode\/mootorioli-superior-0530-c2\/#breadcrumb"},"inLanguage":"lt-LT","potentialAction":[{"@type":"ReadAction","target":["https:\/\/uus.addinol.ee\/lt\/toode\/mootorioli-superior-0530-c2\/"]}]},{"@type":"ImageObject","inLanguage":"lt-LT","@id":"https:\/\/uus.addinol.ee\/lt\/toode\/mootorioli-superior-0530-c2\/#primaryimage","url":"https:\/\/uus.addinol.ee\/wp-content\/uploads\/2024\/12\/superior-0530-c2_1l.jpg","contentUrl":"https:\/\/uus.addinol.ee\/wp-content\/uploads\/2024\/12\/superior-0530-c2_1l.jpg","width":418,"height":800},{"@type":"BreadcrumbList","@id":"https:\/\/uus.addinol.ee\/lt\/toode\/mootorioli-superior-0530-c2\/#breadcrumb","itemListElement":[{"@type":"ListItem","position":1,"name":"ADDINOL","item":"https:\/\/uus.addinol.ee\/lt\/"},{"@type":"ListItem","position":2,"name":"E-pood","item":"https:\/\/uus.addinol.ee\/e-pood\/"},{"@type":"ListItem","position":3,"name":"Mootori\u00f5li Superior 0530 C2"}]},{"@type":"WebSite","@id":"https:\/\/uus.addinol.ee\/lt\/#website","url":"https:\/\/uus.addinol.ee\/lt\/","name":"ADDINOL","description":"Mootori&otilde;lid ja m&auml;&auml;&auml;rdeained igaks kasutusjuhuks","publisher":{"@id":"https:\/\/uus.addinol.ee\/lt\/#organization"},"potentialAction":[{"@type":"SearchAction","target":{"@type":"EntryPoint","urlTemplate":"https:\/\/uus.addinol.ee\/lt\/?s={search_term_string}"},"query-input":{"@type":"PropertyValueSpecification","valueRequired":true,"valueName":"search_term_string"}}],"inLanguage":"lt-LT"},{"@type":"Organization","@id":"https:\/\/uus.addinol.ee\/lt\/#organization","name":"ADDINOL","url":"https:\/\/uus.addinol.ee\/lt\/","logo":{"@type":"ImageObject","inLanguage":"lt-LT","@id":"https:\/\/uus.addinol.ee\/lt\/#\/schema\/logo\/image\/","url":"https:\/\/uus.addinol.ee\/wp-content\/uploads\/2024\/10\/1200px-ADDINOL-Logo.webp","contentUrl":"https:\/\/uus.addinol.ee\/wp-content\/uploads\/2024\/10\/1200px-ADDINOL-Logo.webp","width":1200,"height":431,"caption":"ADDINOL"},"image":{"@id":"https:\/\/uus.addinol.ee\/lt\/#\/schema\/logo\/image\/"},"sameAs":["https:\/\/www.facebook.com\/ADDINOLEesti\/","https:\/\/www.instagram.com\/addinol_eesti\/"]}]}},"_links":{"self":[{"href":"https:\/\/uus.addinol.ee\/lt\/wp-json\/wp\/v2\/product\/6149","targetHints":{"allow":["GET"]}}],"collection":[{"href":"https:\/\/uus.addinol.ee\/lt\/wp-json\/wp\/v2\/product"}],"about":[{"href":"https:\/\/uus.addinol.ee\/lt\/wp-json\/wp\/v2\/types\/product"}],"wp:featuredmedia":[{"embeddable":true,"href":"https:\/\/uus.addinol.ee\/lt\/wp-json\/wp\/v2\/media\/8071"}],"wp:attachment":[{"href":"https:\/\/uus.addinol.ee\/lt\/wp-json\/wp\/v2\/media?parent=6149"}],"wp:term":[{"taxonomy":"viscosity","embeddable":true,"href":"https:\/\/uus.addinol.ee\/lt\/wp-json\/wp\/v2\/viscosity?post=6149"},{"taxonomy":"product_brand","embeddable":true,"href":"https:\/\/uus.addinol.ee\/lt\/wp-json\/wp\/v2\/product_brand?post=6149"},{"taxonomy":"product_cat","embeddable":true,"href":"https:\/\/uus.addinol.ee\/lt\/wp-json\/wp\/v2\/product_cat?post=6149"},{"taxonomy":"product_tag","embeddable":true,"href":"https:\/\/uus.addinol.ee\/lt\/wp-json\/wp\/v2\/product_tag?post=6149"},{"taxonomy":"inventory","embeddable":true,"href":"https:\/\/uus.addinol.ee\/lt\/wp-json\/wp\/v2\/inventory?post=6149"}],"curies":[{"name":"wp","href":"https:\/\/api.w.org\/{rel}","templated":true}]}}