{"id":6159,"date":"2024-12-31T12:25:24","date_gmt":"2024-12-31T12:25:24","guid":{"rendered":"https:\/\/addinol.ee\/toode\/mootorioli-premium-0530-c3-dx\/"},"modified":"2025-07-04T11:39:50","modified_gmt":"2025-07-04T08:39:50","slug":"mootorioli-premium-0530-c3-dx","status":"publish","type":"product","link":"https:\/\/uus.addinol.ee\/lt\/toode\/mootorioli-premium-0530-c3-dx\/","title":{"rendered":"Mootori\u00f5li Premium 0530 C3-DX"},"content":{"rendered":"<p><strong>Mootori\u00f5li Premium 0530 C3-DX KASUTUSV\u00d5IMALUSED:<\/strong><br \/>\n\u2022 Mootori\u00f5li Premium 0530 C3-DX on ette n\u00e4htud Euro 4 ja Euro 5 uusima generatsiooni diisel- ja bensiinimootoritele.<br \/>\n\u2022 Spetsiaalselt kasutamiseks GM kontserni uusimates s\u00f5idukites.<br \/>\n\u2022 \u00d5livahetusv\u00e4lba pikendamine vastavalt s\u00f5idukitootja ettekirjutustele.<\/p>\n<p><strong>Mootori\u00f5li Premium 0530 C3-DX SPETSIFIKATSIOON \/ LITSENTSID:<\/strong><br \/>\nMootori\u00f5li Premium 0530 C3-DX t\u00e4idab ja \u00fcletab rahvusvahelisi spetsifikatsioone:<br \/>\n\u2022 ACEA C3<br \/>\n\u2022 API SN\/CF<\/p>\n<p>Mootori\u00f5li Premium 0530 C3-DX omab litsentse:<br \/>\n\u2022 dexos2\u00ae (litsentsi nr RB2D0207058)<br \/>\n\u2022 MB 229.52<br \/>\n\u2022 MB 229.51<br \/>\n\u2022 MB 229.31<br \/>\n\u2022 505 00 \/ 505 01<\/p>\n<p>Mootori\u00f5li Premium 0530 C3-DX t\u00e4idab n\u00f5udeid:<br \/>\n\u2022 GM LL-A-025<br \/>\n\u2022 GM LL-B-025<br \/>\n\u2022 Ford WSS-M2C-917-A<br \/>\n\u2022 BMW Longlife-04<\/p>\n<p><strong>Mootori\u00f5li Premium 0530 C3-DX OMADUSED:<\/strong><br \/>\n\u2022 V\u00e4ga hea pesemis- ja dispergeerimisv\u00f5ime<br \/>\n\u2022 \u00dclit\u00f5hus kulumiskaitse<br \/>\n\u2022 Suurep\u00e4rane voolavus madalatel temperatuuridel;<br \/>\n\u2022 Erakordne oks\u00fcdatsioonikindlus<br \/>\n\u2022 Suurep\u00e4rased h\u00f5\u00f5rdumisvastased omadused<br \/>\n\u2022 V\u00e4iksed aurustumiskaod<br \/>\n\u2022 <em>Mid<\/em> SAPS manused<br \/>\n\u2022 V\u00e4hem \u00f5list tingitud heitmeid<\/p>\n<p><strong>Mootori\u00f5li Premium 0530 C3-DX EELISED TARBIJALE:<\/strong><br \/>\n\u2022 Suurep\u00e4rane k\u00fclmk\u00e4ivitus ja mootori soojenemine<br \/>\n\u2022 Mootori maksimaalne puhtus<br \/>\n\u2022 Mootori pikk t\u00f6\u00f6iga<br \/>\n\u2022 Pikaealine (Longlife) \u00f5li<br \/>\n\u2022 V\u00e4ike k\u00fctusekulu<br \/>\n\u2022 V\u00e4ike \u00f5likulu<br \/>\n\u2022 Tahmafiltri pikem t\u00f6\u00f6iga<br \/>\n\u2022 Keskkonnas\u00e4\u00e4stlik \u00f5li<\/p>\n","protected":false},"excerpt":{"rendered":"<p>Mootori\u00f5li ADDINOL Premium 0530 C3-DX on uus mootorisisest h\u00f5\u00f5rdumist v\u00e4hendav SAE 5W-30 klassi pikaealine (Longlife) \u00f5li, mis on valmistatud uudse s\u00fcnteesitehnoloogia baasil.<br \/>\nMootori\u00f5li v\u00f5ib kasutada otto- (bensiin, E85, CNG, LPG) ja diiselmootoriga s\u00f5idukites. Uudistoode tagab t\u00e4nap\u00e4evase tahmafiltritehnika optimaalse t\u00f6\u00f6 ja pika t\u00f6\u00f6ea. \u00d5li sobib kasutamiseks ka tahmafiltri j\u00e4relpaigaldamisel.<\/p>\n","protected":false},"featured_media":6160,"template":"","meta":{"_acf_changed":false},"viscosity":[],"product_brand":[],"product_cat":[150,156,166],"product_tag":[],"inventory":[],"class_list":{"0":"post-6159","1":"product","2":"type-product","3":"status-publish","4":"has-post-thumbnail","6":"product_cat-mootorsoidukite-maardeained","7":"product_cat-mootoriolid","8":"product_cat-soiduautodele","9":"pa_vali-pakend-premium-0530-c3-dx-5l","10":"pa_vali-pakend-premium-0530c3-dx-1l","11":"pa_vali-pakend-premium-0530c3-dx-5l","12":"pa_vali-pakend-premium-0530-c3-dx-1l","14":"first","15":"instock","16":"taxable","17":"shipping-taxable","18":"purchasable","19":"product-type-variable"},"acf":[],"yoast_head":"<!-- This site is optimized with the Yoast SEO plugin v27.5 - https:\/\/yoast.com\/product\/yoast-seo-wordpress\/ -->\n<title>Mootori\u00f5li Premium 0530 C3-DX - ADDINOL<\/title>\n<meta name=\"robots\" content=\"index, follow, max-snippet:-1, max-image-preview:large, max-video-preview:-1\" \/>\n<link rel=\"canonical\" href=\"https:\/\/uus.addinol.ee\/lt\/toode\/mootorioli-premium-0530-c3-dx\/\" \/>\n<meta property=\"og:locale\" content=\"lt_LT\" \/>\n<meta property=\"og:type\" content=\"article\" \/>\n<meta property=\"og:title\" content=\"Mootori\u00f5li Premium 0530 C3-DX - ADDINOL\" \/>\n<meta property=\"og:description\" content=\"Mootori\u00f5li ADDINOL Premium 0530 C3-DX on uus mootorisisest h\u00f5\u00f5rdumist v\u00e4hendav SAE 5W-30 klassi pikaealine (Longlife) \u00f5li, mis on valmistatud uudse s\u00fcnteesitehnoloogia baasil. Mootori\u00f5li v\u00f5ib kasutada otto- (bensiin, E85, CNG, LPG) ja diiselmootoriga s\u00f5idukites. Uudistoode tagab t\u00e4nap\u00e4evase tahmafiltritehnika optimaalse t\u00f6\u00f6 ja pika t\u00f6\u00f6ea. \u00d5li sobib kasutamiseks ka tahmafiltri j\u00e4relpaigaldamisel.\" \/>\n<meta property=\"og:url\" content=\"https:\/\/uus.addinol.ee\/lt\/toode\/mootorioli-premium-0530-c3-dx\/\" \/>\n<meta property=\"og:site_name\" content=\"ADDINOL\" \/>\n<meta property=\"article:publisher\" content=\"https:\/\/www.facebook.com\/ADDINOLEesti\/\" \/>\n<meta property=\"article:modified_time\" content=\"2025-07-04T08:39:50+00:00\" \/>\n<meta property=\"og:image\" content=\"https:\/\/uus.addinol.ee\/wp-content\/uploads\/2024\/12\/premium-0530c3-dx-3.jpg\" \/>\n\t<meta property=\"og:image:width\" content=\"418\" \/>\n\t<meta property=\"og:image:height\" content=\"800\" \/>\n\t<meta property=\"og:image:type\" content=\"image\/jpeg\" \/>\n<meta name=\"twitter:card\" content=\"summary_large_image\" \/>\n<meta name=\"twitter:label1\" content=\"Est. reading time\" \/>\n\t<meta name=\"twitter:data1\" content=\"1 minute\" \/>\n<script type=\"application\/ld+json\" class=\"yoast-schema-graph\">{\"@context\":\"https:\\\/\\\/schema.org\",\"@graph\":[{\"@type\":\"WebPage\",\"@id\":\"https:\\\/\\\/uus.addinol.ee\\\/lt\\\/toode\\\/mootorioli-premium-0530-c3-dx\\\/\",\"url\":\"https:\\\/\\\/uus.addinol.ee\\\/lt\\\/toode\\\/mootorioli-premium-0530-c3-dx\\\/\",\"name\":\"Mootori\u00f5li Premium 0530 C3-DX - ADDINOL\",\"isPartOf\":{\"@id\":\"https:\\\/\\\/uus.addinol.ee\\\/lt\\\/#website\"},\"primaryImageOfPage\":{\"@id\":\"https:\\\/\\\/uus.addinol.ee\\\/lt\\\/toode\\\/mootorioli-premium-0530-c3-dx\\\/#primaryimage\"},\"image\":{\"@id\":\"https:\\\/\\\/uus.addinol.ee\\\/lt\\\/toode\\\/mootorioli-premium-0530-c3-dx\\\/#primaryimage\"},\"thumbnailUrl\":\"https:\\\/\\\/uus.addinol.ee\\\/wp-content\\\/uploads\\\/2024\\\/12\\\/premium-0530c3-dx-3.jpg\",\"datePublished\":\"2024-12-31T12:25:24+00:00\",\"dateModified\":\"2025-07-04T08:39:50+00:00\",\"breadcrumb\":{\"@id\":\"https:\\\/\\\/uus.addinol.ee\\\/lt\\\/toode\\\/mootorioli-premium-0530-c3-dx\\\/#breadcrumb\"},\"inLanguage\":\"lt-LT\",\"potentialAction\":[{\"@type\":\"ReadAction\",\"target\":[\"https:\\\/\\\/uus.addinol.ee\\\/lt\\\/toode\\\/mootorioli-premium-0530-c3-dx\\\/\"]}]},{\"@type\":\"ImageObject\",\"inLanguage\":\"lt-LT\",\"@id\":\"https:\\\/\\\/uus.addinol.ee\\\/lt\\\/toode\\\/mootorioli-premium-0530-c3-dx\\\/#primaryimage\",\"url\":\"https:\\\/\\\/uus.addinol.ee\\\/wp-content\\\/uploads\\\/2024\\\/12\\\/premium-0530c3-dx-3.jpg\",\"contentUrl\":\"https:\\\/\\\/uus.addinol.ee\\\/wp-content\\\/uploads\\\/2024\\\/12\\\/premium-0530c3-dx-3.jpg\",\"width\":418,\"height\":800},{\"@type\":\"BreadcrumbList\",\"@id\":\"https:\\\/\\\/uus.addinol.ee\\\/lt\\\/toode\\\/mootorioli-premium-0530-c3-dx\\\/#breadcrumb\",\"itemListElement\":[{\"@type\":\"ListItem\",\"position\":1,\"name\":\"ADDINOL\",\"item\":\"https:\\\/\\\/uus.addinol.ee\\\/lt\\\/\"},{\"@type\":\"ListItem\",\"position\":2,\"name\":\"E-pood\",\"item\":\"https:\\\/\\\/uus.addinol.ee\\\/e-pood\\\/\"},{\"@type\":\"ListItem\",\"position\":3,\"name\":\"Mootori\u00f5li Premium 0530 C3-DX\"}]},{\"@type\":\"WebSite\",\"@id\":\"https:\\\/\\\/uus.addinol.ee\\\/lt\\\/#website\",\"url\":\"https:\\\/\\\/uus.addinol.ee\\\/lt\\\/\",\"name\":\"ADDINOL\",\"description\":\"Mootori&otilde;lid ja m&auml;&auml;&auml;rdeained igaks kasutusjuhuks\",\"publisher\":{\"@id\":\"https:\\\/\\\/uus.addinol.ee\\\/lt\\\/#organization\"},\"potentialAction\":[{\"@type\":\"SearchAction\",\"target\":{\"@type\":\"EntryPoint\",\"urlTemplate\":\"https:\\\/\\\/uus.addinol.ee\\\/lt\\\/?s={search_term_string}\"},\"query-input\":{\"@type\":\"PropertyValueSpecification\",\"valueRequired\":true,\"valueName\":\"search_term_string\"}}],\"inLanguage\":\"lt-LT\"},{\"@type\":\"Organization\",\"@id\":\"https:\\\/\\\/uus.addinol.ee\\\/lt\\\/#organization\",\"name\":\"ADDINOL\",\"url\":\"https:\\\/\\\/uus.addinol.ee\\\/lt\\\/\",\"logo\":{\"@type\":\"ImageObject\",\"inLanguage\":\"lt-LT\",\"@id\":\"https:\\\/\\\/uus.addinol.ee\\\/lt\\\/#\\\/schema\\\/logo\\\/image\\\/\",\"url\":\"https:\\\/\\\/uus.addinol.ee\\\/wp-content\\\/uploads\\\/2024\\\/10\\\/1200px-ADDINOL-Logo.webp\",\"contentUrl\":\"https:\\\/\\\/uus.addinol.ee\\\/wp-content\\\/uploads\\\/2024\\\/10\\\/1200px-ADDINOL-Logo.webp\",\"width\":1200,\"height\":431,\"caption\":\"ADDINOL\"},\"image\":{\"@id\":\"https:\\\/\\\/uus.addinol.ee\\\/lt\\\/#\\\/schema\\\/logo\\\/image\\\/\"},\"sameAs\":[\"https:\\\/\\\/www.facebook.com\\\/ADDINOLEesti\\\/\",\"https:\\\/\\\/www.instagram.com\\\/addinol_eesti\\\/\"]}]}<\/script>\n<!-- \/ Yoast SEO plugin. -->","yoast_head_json":{"title":"Mootori\u00f5li Premium 0530 C3-DX - ADDINOL","robots":{"index":"index","follow":"follow","max-snippet":"max-snippet:-1","max-image-preview":"max-image-preview:large","max-video-preview":"max-video-preview:-1"},"canonical":"https:\/\/uus.addinol.ee\/lt\/toode\/mootorioli-premium-0530-c3-dx\/","og_locale":"lt_LT","og_type":"article","og_title":"Mootori\u00f5li Premium 0530 C3-DX - ADDINOL","og_description":"Mootori\u00f5li ADDINOL Premium 0530 C3-DX on uus mootorisisest h\u00f5\u00f5rdumist v\u00e4hendav SAE 5W-30 klassi pikaealine (Longlife) \u00f5li, mis on valmistatud uudse s\u00fcnteesitehnoloogia baasil. Mootori\u00f5li v\u00f5ib kasutada otto- (bensiin, E85, CNG, LPG) ja diiselmootoriga s\u00f5idukites. Uudistoode tagab t\u00e4nap\u00e4evase tahmafiltritehnika optimaalse t\u00f6\u00f6 ja pika t\u00f6\u00f6ea. \u00d5li sobib kasutamiseks ka tahmafiltri j\u00e4relpaigaldamisel.","og_url":"https:\/\/uus.addinol.ee\/lt\/toode\/mootorioli-premium-0530-c3-dx\/","og_site_name":"ADDINOL","article_publisher":"https:\/\/www.facebook.com\/ADDINOLEesti\/","article_modified_time":"2025-07-04T08:39:50+00:00","og_image":[{"width":418,"height":800,"url":"https:\/\/uus.addinol.ee\/wp-content\/uploads\/2024\/12\/premium-0530c3-dx-3.jpg","type":"image\/jpeg"}],"twitter_card":"summary_large_image","twitter_misc":{"Est. reading time":"1 minute"},"schema":{"@context":"https:\/\/schema.org","@graph":[{"@type":"WebPage","@id":"https:\/\/uus.addinol.ee\/lt\/toode\/mootorioli-premium-0530-c3-dx\/","url":"https:\/\/uus.addinol.ee\/lt\/toode\/mootorioli-premium-0530-c3-dx\/","name":"Mootori\u00f5li Premium 0530 C3-DX - ADDINOL","isPartOf":{"@id":"https:\/\/uus.addinol.ee\/lt\/#website"},"primaryImageOfPage":{"@id":"https:\/\/uus.addinol.ee\/lt\/toode\/mootorioli-premium-0530-c3-dx\/#primaryimage"},"image":{"@id":"https:\/\/uus.addinol.ee\/lt\/toode\/mootorioli-premium-0530-c3-dx\/#primaryimage"},"thumbnailUrl":"https:\/\/uus.addinol.ee\/wp-content\/uploads\/2024\/12\/premium-0530c3-dx-3.jpg","datePublished":"2024-12-31T12:25:24+00:00","dateModified":"2025-07-04T08:39:50+00:00","breadcrumb":{"@id":"https:\/\/uus.addinol.ee\/lt\/toode\/mootorioli-premium-0530-c3-dx\/#breadcrumb"},"inLanguage":"lt-LT","potentialAction":[{"@type":"ReadAction","target":["https:\/\/uus.addinol.ee\/lt\/toode\/mootorioli-premium-0530-c3-dx\/"]}]},{"@type":"ImageObject","inLanguage":"lt-LT","@id":"https:\/\/uus.addinol.ee\/lt\/toode\/mootorioli-premium-0530-c3-dx\/#primaryimage","url":"https:\/\/uus.addinol.ee\/wp-content\/uploads\/2024\/12\/premium-0530c3-dx-3.jpg","contentUrl":"https:\/\/uus.addinol.ee\/wp-content\/uploads\/2024\/12\/premium-0530c3-dx-3.jpg","width":418,"height":800},{"@type":"BreadcrumbList","@id":"https:\/\/uus.addinol.ee\/lt\/toode\/mootorioli-premium-0530-c3-dx\/#breadcrumb","itemListElement":[{"@type":"ListItem","position":1,"name":"ADDINOL","item":"https:\/\/uus.addinol.ee\/lt\/"},{"@type":"ListItem","position":2,"name":"E-pood","item":"https:\/\/uus.addinol.ee\/e-pood\/"},{"@type":"ListItem","position":3,"name":"Mootori\u00f5li Premium 0530 C3-DX"}]},{"@type":"WebSite","@id":"https:\/\/uus.addinol.ee\/lt\/#website","url":"https:\/\/uus.addinol.ee\/lt\/","name":"ADDINOL","description":"Mootori&otilde;lid ja m&auml;&auml;&auml;rdeained igaks kasutusjuhuks","publisher":{"@id":"https:\/\/uus.addinol.ee\/lt\/#organization"},"potentialAction":[{"@type":"SearchAction","target":{"@type":"EntryPoint","urlTemplate":"https:\/\/uus.addinol.ee\/lt\/?s={search_term_string}"},"query-input":{"@type":"PropertyValueSpecification","valueRequired":true,"valueName":"search_term_string"}}],"inLanguage":"lt-LT"},{"@type":"Organization","@id":"https:\/\/uus.addinol.ee\/lt\/#organization","name":"ADDINOL","url":"https:\/\/uus.addinol.ee\/lt\/","logo":{"@type":"ImageObject","inLanguage":"lt-LT","@id":"https:\/\/uus.addinol.ee\/lt\/#\/schema\/logo\/image\/","url":"https:\/\/uus.addinol.ee\/wp-content\/uploads\/2024\/10\/1200px-ADDINOL-Logo.webp","contentUrl":"https:\/\/uus.addinol.ee\/wp-content\/uploads\/2024\/10\/1200px-ADDINOL-Logo.webp","width":1200,"height":431,"caption":"ADDINOL"},"image":{"@id":"https:\/\/uus.addinol.ee\/lt\/#\/schema\/logo\/image\/"},"sameAs":["https:\/\/www.facebook.com\/ADDINOLEesti\/","https:\/\/www.instagram.com\/addinol_eesti\/"]}]}},"_links":{"self":[{"href":"https:\/\/uus.addinol.ee\/lt\/wp-json\/wp\/v2\/product\/6159","targetHints":{"allow":["GET"]}}],"collection":[{"href":"https:\/\/uus.addinol.ee\/lt\/wp-json\/wp\/v2\/product"}],"about":[{"href":"https:\/\/uus.addinol.ee\/lt\/wp-json\/wp\/v2\/types\/product"}],"wp:featuredmedia":[{"embeddable":true,"href":"https:\/\/uus.addinol.ee\/lt\/wp-json\/wp\/v2\/media\/6160"}],"wp:attachment":[{"href":"https:\/\/uus.addinol.ee\/lt\/wp-json\/wp\/v2\/media?parent=6159"}],"wp:term":[{"taxonomy":"viscosity","embeddable":true,"href":"https:\/\/uus.addinol.ee\/lt\/wp-json\/wp\/v2\/viscosity?post=6159"},{"taxonomy":"product_brand","embeddable":true,"href":"https:\/\/uus.addinol.ee\/lt\/wp-json\/wp\/v2\/product_brand?post=6159"},{"taxonomy":"product_cat","embeddable":true,"href":"https:\/\/uus.addinol.ee\/lt\/wp-json\/wp\/v2\/product_cat?post=6159"},{"taxonomy":"product_tag","embeddable":true,"href":"https:\/\/uus.addinol.ee\/lt\/wp-json\/wp\/v2\/product_tag?post=6159"},{"taxonomy":"inventory","embeddable":true,"href":"https:\/\/uus.addinol.ee\/lt\/wp-json\/wp\/v2\/inventory?post=6159"}],"curies":[{"name":"wp","href":"https:\/\/api.w.org\/{rel}","templated":true}]}}