{"id":6169,"date":"2024-12-31T12:25:36","date_gmt":"2024-12-31T12:25:36","guid":{"rendered":"https:\/\/addinol.ee\/toode\/mootorioli-professional-1030-ck-4\/"},"modified":"2025-10-14T11:35:07","modified_gmt":"2025-10-14T08:35:07","slug":"mootorioli-professional-1030-ck-4","status":"publish","type":"product","link":"https:\/\/uus.addinol.ee\/lt\/toode\/mootorioli-professional-1030-ck-4\/","title":{"rendered":"Mootori\u00f5li Professional 1030 CK-4"},"content":{"rendered":"<p><strong>Mootori\u00f5li Professional 1030 CK-4 KASUTUSV\u00d5IMALUSED:<\/strong><br \/>\n\u2022 Ette n\u00e4htud veoautode, ehitus- ja p\u00f5llut\u00f6\u00f6masinate suure koormuse all t\u00f6\u00f6tavatele turbodiiselmootoritele, mis on varustatud heitgaasi j\u00e4relt\u00f6\u00f6tluss\u00fcsteemidega, nagu tahmafiltriga (DPF) v\u00f5i Ad Blue\u2019d kasutava valikulise katal\u00fc\u00fcsreduktsiooni (SCR) tehnoloogiaga, ja heitgaasi tagastuss\u00fcsteemidega (EGR).<\/p>\n<p>Euro 5 ja Euro 6 mootorite puhul tuleb kindlasti j\u00e4rgida s\u00f5idukitootja ettekirjutusi.<\/p>\n<p><strong>Mootori\u00f5li Professional 1030 CK-4 SPETSIFIKATSIOON \/ LITSENTSID:<\/strong><br \/>\nMootori\u00f5li Professional 1030 CK-4 t\u00e4idab ja \u00fcletab rahvusvahelisi spetsifikatsioone:<br \/>\n\u2022 ACEA E9\/E7<br \/>\n\u2022 API CK-4\/CJ-4<\/p>\n<p>Mootori\u00f5li ADDINOL Professional 1030 CK-4 omab litsentse:<br \/>\n\u2022 Volvo VDS 4.5<br \/>\n\u2022 Mack EOS-4.5<br \/>\n\u2022 Renault RLD-3<\/p>\n<p>Mootori\u00f5li Professional 1030 CK-4 t\u00e4idab n\u00f5udeid:<br \/>\n\u2022 MB 228.31<br \/>\n\u2022 MTU \u00f5likategooria 2.1<br \/>\n\u2022 Deutz DQC III-10 LA<br \/>\n\u2022 MAN M3575\/M3275-1<br \/>\n\u2022 Caterpillar ECF-3, ECF-2, ECF-1-a<br \/>\n\u2022 Cummins CES 20086<br \/>\n\u2022 Detroit Diesel DDC 93K222<br \/>\n\u2022 JASO DH-2<\/p>\n<p><strong>Mootori\u00f5li Professional 1030 CK-4 OMADUSED:<\/strong><br \/>\n\u2022 V\u00e4ga hea korrosiooni- ja kulumiskaitse<br \/>\n\u2022 \u00d5list tingitud heitgaasi ja k\u00fcbemete v\u00e4iksem hulk<br \/>\n\u2022 Mid SAPS \u00f5li<br \/>\n\u2022 Parendatud h\u00f5\u00f5rdumisomadused<br \/>\n\u2022 Lai ja universaalne kasutus<br \/>\n\u2022 Suurep\u00e4rane vananemiskindlus ja nihkepinge stabiilsus<\/p>\n<p><strong>Mootori\u00f5li Professional 1030 CK-4 EELISED TARBIJALE:<\/strong><br \/>\n\u2022 Mootori pikk t\u00f6\u00f6iga<br \/>\n\u2022 Keskkonnas\u00e4\u00e4stlikkus t\u00e4nu v\u00e4iksele heitgaaside hulgale<br \/>\n\u2022 Heitgaasi j\u00e4relt\u00f6\u00f6tluss\u00fcsteemide pikk t\u00f6\u00f6iga<br \/>\n\u2022 Mootori suurep\u00e4rane puhtus<br \/>\n\u2022 V\u00e4iksem k\u00fctusekulu<br \/>\n\u2022 V\u00e4hem vajaminevaid \u00f5limarke (vastavalt OEM-ide ettekirjutustele)<br \/>\n\u2022 V\u00e4ga hea m\u00e4\u00e4rimisv\u00f5ime k\u00f5ikides t\u00f6\u00f6tingimustes, mis s\u00e4ilib ka pikimate \u00f5livahetusv\u00e4lpade korral<\/p>\n","protected":false},"excerpt":{"rendered":"<p>Mootori\u00f5li ADDINOL Professional 1030 CK-4 on Super High Performance diiselmootori\u00f5li (SHPD) viskoossusklassis SAE 10W-30 kasutamiseks suure koormuse all t\u00f6\u00f6tavates turbodiiselmootorites.<br \/>\nMootori\u00f5li ADDINOL Professional 1030 CK-4 koosneb hoolikalt valitud baas\u00f5lidest ja t\u00f5husatest manustest ning t\u00e4idab Euro 4. ja tundliku Euro 5. diiselmootorigeneratsiooni \u00fclik\u00f5rgeid n\u00f5udeid, eeldusel et kasutatakse v\u00e4ga v\u00e4ikse v\u00e4\u00e4vlisisaldusega diislik\u00fctust. Euro 6 n\u00f5uete t\u00e4itmine ainult Iveco ja Volvo diiselmootorite puhul.<\/p>\n","protected":false},"featured_media":10729,"template":"","meta":{"_acf_changed":false},"viscosity":[746],"product_brand":[],"product_cat":[150,156,167],"product_tag":[],"inventory":[],"class_list":{"0":"post-6169","1":"product","2":"type-product","3":"status-publish","4":"has-post-thumbnail","6":"viscosity-10w-30","7":"product_cat-mootorsoidukite-maardeained","8":"product_cat-mootoriolid","9":"product_cat-tarbesoidukitele","10":"pa_vali-pakend-20l","12":"first","13":"instock","14":"taxable","15":"shipping-taxable","16":"purchasable","17":"product-type-simple"},"acf":[],"yoast_head":"<!-- This site is optimized with the Yoast SEO plugin v27.5 - https:\/\/yoast.com\/product\/yoast-seo-wordpress\/ -->\n<title>Mootori\u00f5li Professional 1030 CK-4 - ADDINOL<\/title>\n<meta name=\"robots\" content=\"index, follow, max-snippet:-1, max-image-preview:large, max-video-preview:-1\" \/>\n<link rel=\"canonical\" href=\"https:\/\/uus.addinol.ee\/lt\/toode\/mootorioli-professional-1030-ck-4\/\" \/>\n<meta property=\"og:locale\" content=\"lt_LT\" \/>\n<meta property=\"og:type\" content=\"article\" \/>\n<meta property=\"og:title\" content=\"Mootori\u00f5li Professional 1030 CK-4 - ADDINOL\" \/>\n<meta property=\"og:description\" content=\"Mootori\u00f5li ADDINOL Professional 1030 CK-4 on Super High Performance diiselmootori\u00f5li (SHPD) viskoossusklassis SAE 10W-30 kasutamiseks suure koormuse all t\u00f6\u00f6tavates turbodiiselmootorites. Mootori\u00f5li ADDINOL Professional 1030 CK-4 koosneb hoolikalt valitud baas\u00f5lidest ja t\u00f5husatest manustest ning t\u00e4idab Euro 4. ja tundliku Euro 5. diiselmootorigeneratsiooni \u00fclik\u00f5rgeid n\u00f5udeid, eeldusel et kasutatakse v\u00e4ga v\u00e4ikse v\u00e4\u00e4vlisisaldusega diislik\u00fctust. Euro 6 n\u00f5uete t\u00e4itmine ainult Iveco ja Volvo diiselmootorite puhul.\" \/>\n<meta property=\"og:url\" content=\"https:\/\/uus.addinol.ee\/lt\/toode\/mootorioli-professional-1030-ck-4\/\" \/>\n<meta property=\"og:site_name\" content=\"ADDINOL\" \/>\n<meta property=\"article:publisher\" content=\"https:\/\/www.facebook.com\/ADDINOLEesti\/\" \/>\n<meta property=\"article:modified_time\" content=\"2025-10-14T08:35:07+00:00\" \/>\n<meta property=\"og:image\" content=\"https:\/\/uus.addinol.ee\/wp-content\/uploads\/2024\/12\/professional-1030-ck-4_20l-scaled-e1750862175610.png\" \/>\n\t<meta property=\"og:image:width\" content=\"1000\" \/>\n\t<meta property=\"og:image:height\" content=\"1000\" \/>\n\t<meta property=\"og:image:type\" content=\"image\/png\" \/>\n<meta name=\"twitter:card\" content=\"summary_large_image\" \/>\n<meta name=\"twitter:label1\" content=\"Est. reading time\" \/>\n\t<meta name=\"twitter:data1\" content=\"2 minutes\" \/>\n<script type=\"application\/ld+json\" class=\"yoast-schema-graph\">{\"@context\":\"https:\\\/\\\/schema.org\",\"@graph\":[{\"@type\":\"WebPage\",\"@id\":\"https:\\\/\\\/uus.addinol.ee\\\/lt\\\/toode\\\/mootorioli-professional-1030-ck-4\\\/\",\"url\":\"https:\\\/\\\/uus.addinol.ee\\\/lt\\\/toode\\\/mootorioli-professional-1030-ck-4\\\/\",\"name\":\"Mootori\u00f5li Professional 1030 CK-4 - ADDINOL\",\"isPartOf\":{\"@id\":\"https:\\\/\\\/uus.addinol.ee\\\/lt\\\/#website\"},\"primaryImageOfPage\":{\"@id\":\"https:\\\/\\\/uus.addinol.ee\\\/lt\\\/toode\\\/mootorioli-professional-1030-ck-4\\\/#primaryimage\"},\"image\":{\"@id\":\"https:\\\/\\\/uus.addinol.ee\\\/lt\\\/toode\\\/mootorioli-professional-1030-ck-4\\\/#primaryimage\"},\"thumbnailUrl\":\"https:\\\/\\\/uus.addinol.ee\\\/wp-content\\\/uploads\\\/2024\\\/12\\\/professional-1030-ck-4_20l-scaled-e1750862175610.png\",\"datePublished\":\"2024-12-31T12:25:36+00:00\",\"dateModified\":\"2025-10-14T08:35:07+00:00\",\"breadcrumb\":{\"@id\":\"https:\\\/\\\/uus.addinol.ee\\\/lt\\\/toode\\\/mootorioli-professional-1030-ck-4\\\/#breadcrumb\"},\"inLanguage\":\"lt-LT\",\"potentialAction\":[{\"@type\":\"ReadAction\",\"target\":[\"https:\\\/\\\/uus.addinol.ee\\\/lt\\\/toode\\\/mootorioli-professional-1030-ck-4\\\/\"]}]},{\"@type\":\"ImageObject\",\"inLanguage\":\"lt-LT\",\"@id\":\"https:\\\/\\\/uus.addinol.ee\\\/lt\\\/toode\\\/mootorioli-professional-1030-ck-4\\\/#primaryimage\",\"url\":\"https:\\\/\\\/uus.addinol.ee\\\/wp-content\\\/uploads\\\/2024\\\/12\\\/professional-1030-ck-4_20l-scaled-e1750862175610.png\",\"contentUrl\":\"https:\\\/\\\/uus.addinol.ee\\\/wp-content\\\/uploads\\\/2024\\\/12\\\/professional-1030-ck-4_20l-scaled-e1750862175610.png\",\"width\":1000,\"height\":1000},{\"@type\":\"BreadcrumbList\",\"@id\":\"https:\\\/\\\/uus.addinol.ee\\\/lt\\\/toode\\\/mootorioli-professional-1030-ck-4\\\/#breadcrumb\",\"itemListElement\":[{\"@type\":\"ListItem\",\"position\":1,\"name\":\"ADDINOL\",\"item\":\"https:\\\/\\\/uus.addinol.ee\\\/lt\\\/\"},{\"@type\":\"ListItem\",\"position\":2,\"name\":\"E-pood\",\"item\":\"https:\\\/\\\/uus.addinol.ee\\\/e-pood\\\/\"},{\"@type\":\"ListItem\",\"position\":3,\"name\":\"Mootori\u00f5li Professional 1030 CK-4\"}]},{\"@type\":\"WebSite\",\"@id\":\"https:\\\/\\\/uus.addinol.ee\\\/lt\\\/#website\",\"url\":\"https:\\\/\\\/uus.addinol.ee\\\/lt\\\/\",\"name\":\"ADDINOL\",\"description\":\"Mootori&otilde;lid ja m&auml;&auml;&auml;rdeained igaks kasutusjuhuks\",\"publisher\":{\"@id\":\"https:\\\/\\\/uus.addinol.ee\\\/lt\\\/#organization\"},\"potentialAction\":[{\"@type\":\"SearchAction\",\"target\":{\"@type\":\"EntryPoint\",\"urlTemplate\":\"https:\\\/\\\/uus.addinol.ee\\\/lt\\\/?s={search_term_string}\"},\"query-input\":{\"@type\":\"PropertyValueSpecification\",\"valueRequired\":true,\"valueName\":\"search_term_string\"}}],\"inLanguage\":\"lt-LT\"},{\"@type\":\"Organization\",\"@id\":\"https:\\\/\\\/uus.addinol.ee\\\/lt\\\/#organization\",\"name\":\"ADDINOL\",\"url\":\"https:\\\/\\\/uus.addinol.ee\\\/lt\\\/\",\"logo\":{\"@type\":\"ImageObject\",\"inLanguage\":\"lt-LT\",\"@id\":\"https:\\\/\\\/uus.addinol.ee\\\/lt\\\/#\\\/schema\\\/logo\\\/image\\\/\",\"url\":\"https:\\\/\\\/uus.addinol.ee\\\/wp-content\\\/uploads\\\/2024\\\/10\\\/1200px-ADDINOL-Logo.webp\",\"contentUrl\":\"https:\\\/\\\/uus.addinol.ee\\\/wp-content\\\/uploads\\\/2024\\\/10\\\/1200px-ADDINOL-Logo.webp\",\"width\":1200,\"height\":431,\"caption\":\"ADDINOL\"},\"image\":{\"@id\":\"https:\\\/\\\/uus.addinol.ee\\\/lt\\\/#\\\/schema\\\/logo\\\/image\\\/\"},\"sameAs\":[\"https:\\\/\\\/www.facebook.com\\\/ADDINOLEesti\\\/\",\"https:\\\/\\\/www.instagram.com\\\/addinol_eesti\\\/\"]}]}<\/script>\n<!-- \/ Yoast SEO plugin. -->","yoast_head_json":{"title":"Mootori\u00f5li Professional 1030 CK-4 - ADDINOL","robots":{"index":"index","follow":"follow","max-snippet":"max-snippet:-1","max-image-preview":"max-image-preview:large","max-video-preview":"max-video-preview:-1"},"canonical":"https:\/\/uus.addinol.ee\/lt\/toode\/mootorioli-professional-1030-ck-4\/","og_locale":"lt_LT","og_type":"article","og_title":"Mootori\u00f5li Professional 1030 CK-4 - ADDINOL","og_description":"Mootori\u00f5li ADDINOL Professional 1030 CK-4 on Super High Performance diiselmootori\u00f5li (SHPD) viskoossusklassis SAE 10W-30 kasutamiseks suure koormuse all t\u00f6\u00f6tavates turbodiiselmootorites. Mootori\u00f5li ADDINOL Professional 1030 CK-4 koosneb hoolikalt valitud baas\u00f5lidest ja t\u00f5husatest manustest ning t\u00e4idab Euro 4. ja tundliku Euro 5. diiselmootorigeneratsiooni \u00fclik\u00f5rgeid n\u00f5udeid, eeldusel et kasutatakse v\u00e4ga v\u00e4ikse v\u00e4\u00e4vlisisaldusega diislik\u00fctust. Euro 6 n\u00f5uete t\u00e4itmine ainult Iveco ja Volvo diiselmootorite puhul.","og_url":"https:\/\/uus.addinol.ee\/lt\/toode\/mootorioli-professional-1030-ck-4\/","og_site_name":"ADDINOL","article_publisher":"https:\/\/www.facebook.com\/ADDINOLEesti\/","article_modified_time":"2025-10-14T08:35:07+00:00","og_image":[{"width":1000,"height":1000,"url":"https:\/\/uus.addinol.ee\/wp-content\/uploads\/2024\/12\/professional-1030-ck-4_20l-scaled-e1750862175610.png","type":"image\/png"}],"twitter_card":"summary_large_image","twitter_misc":{"Est. reading time":"2 minutes"},"schema":{"@context":"https:\/\/schema.org","@graph":[{"@type":"WebPage","@id":"https:\/\/uus.addinol.ee\/lt\/toode\/mootorioli-professional-1030-ck-4\/","url":"https:\/\/uus.addinol.ee\/lt\/toode\/mootorioli-professional-1030-ck-4\/","name":"Mootori\u00f5li Professional 1030 CK-4 - ADDINOL","isPartOf":{"@id":"https:\/\/uus.addinol.ee\/lt\/#website"},"primaryImageOfPage":{"@id":"https:\/\/uus.addinol.ee\/lt\/toode\/mootorioli-professional-1030-ck-4\/#primaryimage"},"image":{"@id":"https:\/\/uus.addinol.ee\/lt\/toode\/mootorioli-professional-1030-ck-4\/#primaryimage"},"thumbnailUrl":"https:\/\/uus.addinol.ee\/wp-content\/uploads\/2024\/12\/professional-1030-ck-4_20l-scaled-e1750862175610.png","datePublished":"2024-12-31T12:25:36+00:00","dateModified":"2025-10-14T08:35:07+00:00","breadcrumb":{"@id":"https:\/\/uus.addinol.ee\/lt\/toode\/mootorioli-professional-1030-ck-4\/#breadcrumb"},"inLanguage":"lt-LT","potentialAction":[{"@type":"ReadAction","target":["https:\/\/uus.addinol.ee\/lt\/toode\/mootorioli-professional-1030-ck-4\/"]}]},{"@type":"ImageObject","inLanguage":"lt-LT","@id":"https:\/\/uus.addinol.ee\/lt\/toode\/mootorioli-professional-1030-ck-4\/#primaryimage","url":"https:\/\/uus.addinol.ee\/wp-content\/uploads\/2024\/12\/professional-1030-ck-4_20l-scaled-e1750862175610.png","contentUrl":"https:\/\/uus.addinol.ee\/wp-content\/uploads\/2024\/12\/professional-1030-ck-4_20l-scaled-e1750862175610.png","width":1000,"height":1000},{"@type":"BreadcrumbList","@id":"https:\/\/uus.addinol.ee\/lt\/toode\/mootorioli-professional-1030-ck-4\/#breadcrumb","itemListElement":[{"@type":"ListItem","position":1,"name":"ADDINOL","item":"https:\/\/uus.addinol.ee\/lt\/"},{"@type":"ListItem","position":2,"name":"E-pood","item":"https:\/\/uus.addinol.ee\/e-pood\/"},{"@type":"ListItem","position":3,"name":"Mootori\u00f5li Professional 1030 CK-4"}]},{"@type":"WebSite","@id":"https:\/\/uus.addinol.ee\/lt\/#website","url":"https:\/\/uus.addinol.ee\/lt\/","name":"ADDINOL","description":"Mootori&otilde;lid ja m&auml;&auml;&auml;rdeained igaks kasutusjuhuks","publisher":{"@id":"https:\/\/uus.addinol.ee\/lt\/#organization"},"potentialAction":[{"@type":"SearchAction","target":{"@type":"EntryPoint","urlTemplate":"https:\/\/uus.addinol.ee\/lt\/?s={search_term_string}"},"query-input":{"@type":"PropertyValueSpecification","valueRequired":true,"valueName":"search_term_string"}}],"inLanguage":"lt-LT"},{"@type":"Organization","@id":"https:\/\/uus.addinol.ee\/lt\/#organization","name":"ADDINOL","url":"https:\/\/uus.addinol.ee\/lt\/","logo":{"@type":"ImageObject","inLanguage":"lt-LT","@id":"https:\/\/uus.addinol.ee\/lt\/#\/schema\/logo\/image\/","url":"https:\/\/uus.addinol.ee\/wp-content\/uploads\/2024\/10\/1200px-ADDINOL-Logo.webp","contentUrl":"https:\/\/uus.addinol.ee\/wp-content\/uploads\/2024\/10\/1200px-ADDINOL-Logo.webp","width":1200,"height":431,"caption":"ADDINOL"},"image":{"@id":"https:\/\/uus.addinol.ee\/lt\/#\/schema\/logo\/image\/"},"sameAs":["https:\/\/www.facebook.com\/ADDINOLEesti\/","https:\/\/www.instagram.com\/addinol_eesti\/"]}]}},"_links":{"self":[{"href":"https:\/\/uus.addinol.ee\/lt\/wp-json\/wp\/v2\/product\/6169","targetHints":{"allow":["GET"]}}],"collection":[{"href":"https:\/\/uus.addinol.ee\/lt\/wp-json\/wp\/v2\/product"}],"about":[{"href":"https:\/\/uus.addinol.ee\/lt\/wp-json\/wp\/v2\/types\/product"}],"wp:featuredmedia":[{"embeddable":true,"href":"https:\/\/uus.addinol.ee\/lt\/wp-json\/wp\/v2\/media\/10729"}],"wp:attachment":[{"href":"https:\/\/uus.addinol.ee\/lt\/wp-json\/wp\/v2\/media?parent=6169"}],"wp:term":[{"taxonomy":"viscosity","embeddable":true,"href":"https:\/\/uus.addinol.ee\/lt\/wp-json\/wp\/v2\/viscosity?post=6169"},{"taxonomy":"product_brand","embeddable":true,"href":"https:\/\/uus.addinol.ee\/lt\/wp-json\/wp\/v2\/product_brand?post=6169"},{"taxonomy":"product_cat","embeddable":true,"href":"https:\/\/uus.addinol.ee\/lt\/wp-json\/wp\/v2\/product_cat?post=6169"},{"taxonomy":"product_tag","embeddable":true,"href":"https:\/\/uus.addinol.ee\/lt\/wp-json\/wp\/v2\/product_tag?post=6169"},{"taxonomy":"inventory","embeddable":true,"href":"https:\/\/uus.addinol.ee\/lt\/wp-json\/wp\/v2\/inventory?post=6169"}],"curies":[{"name":"wp","href":"https:\/\/api.w.org\/{rel}","templated":true}]}}