{"id":6172,"date":"2024-12-31T12:25:36","date_gmt":"2024-12-31T12:25:36","guid":{"rendered":"https:\/\/addinol.ee\/toode\/maardeoli-schmierol-r-22\/"},"modified":"2025-10-14T11:35:10","modified_gmt":"2025-10-14T08:35:10","slug":"maardeoli-schmierol-r-22","status":"publish","type":"product","link":"https:\/\/uus.addinol.ee\/lt\/toode\/maardeoli-schmierol-r-22\/","title":{"rendered":"M\u00e4\u00e4rde\u00f5li Schmier\u00f6l R 22"},"content":{"rendered":"<p><strong>M\u00e4\u00e4rde\u00f5li R 22 KASUTUSV\u00d5IMALUSED:<\/strong><br \/>\n\u2022 Sobib peamiselt erinevate masinaosade, nagu veere- ja liugelaagrite, ning v\u00e4ikestel koormustel t\u00f6\u00f6tavate t\u00f6\u00f6stusreduktorite m\u00e4\u00e4rimiseks, kui ei n\u00f5uta s\u00f6\u00f6bimisvastaste (EP) manustega \u00f5lide kasutamist.<br \/>\n\u2022 Konkreetse \u00f5li valikul tuleb l\u00e4htuda m\u00e4\u00e4rimiskoha ise\u00e4rasustest (p\u00f6\u00f6rete arvust, koormusest, laagri geomeetriast).<br \/>\n\u2022 M\u00e4\u00e4rde\u00f5li R 22 sobib lisaks kasutamiseks mineraal\u00f5likomponendina keemilistehnilistes valmististes, nt kandja\u00f5lina naham\u00e4\u00e4rimisvahendites.<br \/>\n\u2022 Sobib kasutamiseks tolmu siduvate \u00f5lidena nt v\u00e4etisetehases.<br \/>\n\u2022 On eriti t\u00f5husaks osutunud peensoolade tootmisel.<br \/>\n\u2022 Sobib kasutamiseks v\u00e4etiste, nagu nt ammoniaak-salpeetri v\u00f5i NPK 16-16-16 \/ 19-19-19 tootmisel.<\/p>\n<p><strong>M\u00e4\u00e4rde\u00f5li R 22 SPETSIFIKATSIOON:<\/strong><br \/>\nViskoossusklassid vastavalt:<br \/>\n\u2022 ISO 3448<\/p>\n<p><strong>M\u00e4\u00e4rde\u00f5li R 22 OMADUSED:<\/strong><br \/>\n\u2022 K\u00f5rge loomulik viskoossusindeks<br \/>\n\u2022 Head oks\u00fcdatsiooni- ja korrosioonivastased omadused<br \/>\n\u2022 Temperatuurikindel<br \/>\n\u2022 Suurep\u00e4rane \u00f5hu ja vee eraldusv\u00f5ime<\/p>\n<p><strong>M\u00e4\u00e4rde\u00f5li R 22 EELISED TARBIJALE:<\/strong><br \/>\n\u2022 Viskoossuse v\u00e4hene s\u00f5ltuvus temperatuurist<br \/>\n\u2022 V\u00e4ga hea voolavus madalatel temperatuuridel<br \/>\n\u2022 V\u00f5imalik rakendada pikki vahetusv\u00e4lpasid<br \/>\n\u2022 Minimaalne soodumus setete ja sadestiste tekkeks<br \/>\n\u2022 Sissetunginud \u00f5hk eraldatakse kiiresti<br \/>\n\u2022 Kaitse sissetungiva vee eest<\/p>\n","protected":false},"excerpt":{"rendered":"<p>Masina\u00f5li ADDINOL Schmier\u00f6l R 22 on suurep\u00e4raste m\u00e4\u00e4rimisomadustega k\u00f5rgekvaliteediline parafiinne mineraal\u00f5li rafinaat.<\/p>\n","protected":false},"featured_media":8088,"template":"","meta":{"_acf_changed":false},"viscosity":[],"product_brand":[],"product_cat":[151,197],"product_tag":[],"inventory":[],"class_list":{"0":"post-6172","1":"product","2":"type-product","3":"status-publish","4":"has-post-thumbnail","6":"product_cat-toostusmaardeained","7":"product_cat-laagri-tsirkulatsiooni-ja-masinaolid","8":"pa_vali-pakend-20l","10":"first","11":"onbackorder","12":"taxable","13":"shipping-taxable","14":"purchasable","15":"product-type-simple"},"acf":[],"yoast_head":"<!-- This site is optimized with the Yoast SEO plugin v27.5 - https:\/\/yoast.com\/product\/yoast-seo-wordpress\/ -->\n<title>M\u00e4\u00e4rde\u00f5li Schmier\u00f6l R 22 - ADDINOL<\/title>\n<meta name=\"robots\" content=\"index, follow, max-snippet:-1, max-image-preview:large, max-video-preview:-1\" \/>\n<link rel=\"canonical\" href=\"https:\/\/uus.addinol.ee\/lt\/toode\/maardeoli-schmierol-r-22\/\" \/>\n<meta property=\"og:locale\" content=\"lt_LT\" \/>\n<meta property=\"og:type\" content=\"article\" \/>\n<meta property=\"og:title\" content=\"M\u00e4\u00e4rde\u00f5li Schmier\u00f6l R 22 - ADDINOL\" \/>\n<meta property=\"og:description\" content=\"Masina\u00f5li ADDINOL Schmier\u00f6l R 22 on suurep\u00e4raste m\u00e4\u00e4rimisomadustega k\u00f5rgekvaliteediline parafiinne mineraal\u00f5li rafinaat.\" \/>\n<meta property=\"og:url\" content=\"https:\/\/uus.addinol.ee\/lt\/toode\/maardeoli-schmierol-r-22\/\" \/>\n<meta property=\"og:site_name\" content=\"ADDINOL\" \/>\n<meta property=\"article:publisher\" content=\"https:\/\/www.facebook.com\/ADDINOLEesti\/\" \/>\n<meta property=\"article:modified_time\" content=\"2025-10-14T08:35:10+00:00\" \/>\n<meta property=\"og:image\" content=\"https:\/\/uus.addinol.ee\/wp-content\/uploads\/2025\/05\/20l-1.png\" \/>\n\t<meta property=\"og:image:width\" content=\"1450\" \/>\n\t<meta property=\"og:image:height\" content=\"1170\" \/>\n\t<meta property=\"og:image:type\" content=\"image\/png\" \/>\n<meta name=\"twitter:card\" content=\"summary_large_image\" \/>\n<meta name=\"twitter:label1\" content=\"Est. reading time\" \/>\n\t<meta name=\"twitter:data1\" content=\"2 minutes\" \/>\n<script type=\"application\/ld+json\" class=\"yoast-schema-graph\">{\"@context\":\"https:\\\/\\\/schema.org\",\"@graph\":[{\"@type\":\"WebPage\",\"@id\":\"https:\\\/\\\/uus.addinol.ee\\\/lt\\\/toode\\\/maardeoli-schmierol-r-22\\\/\",\"url\":\"https:\\\/\\\/uus.addinol.ee\\\/lt\\\/toode\\\/maardeoli-schmierol-r-22\\\/\",\"name\":\"M\u00e4\u00e4rde\u00f5li Schmier\u00f6l R 22 - ADDINOL\",\"isPartOf\":{\"@id\":\"https:\\\/\\\/uus.addinol.ee\\\/lt\\\/#website\"},\"primaryImageOfPage\":{\"@id\":\"https:\\\/\\\/uus.addinol.ee\\\/lt\\\/toode\\\/maardeoli-schmierol-r-22\\\/#primaryimage\"},\"image\":{\"@id\":\"https:\\\/\\\/uus.addinol.ee\\\/lt\\\/toode\\\/maardeoli-schmierol-r-22\\\/#primaryimage\"},\"thumbnailUrl\":\"https:\\\/\\\/uus.addinol.ee\\\/wp-content\\\/uploads\\\/2025\\\/05\\\/20l-1.png\",\"datePublished\":\"2024-12-31T12:25:36+00:00\",\"dateModified\":\"2025-10-14T08:35:10+00:00\",\"breadcrumb\":{\"@id\":\"https:\\\/\\\/uus.addinol.ee\\\/lt\\\/toode\\\/maardeoli-schmierol-r-22\\\/#breadcrumb\"},\"inLanguage\":\"lt-LT\",\"potentialAction\":[{\"@type\":\"ReadAction\",\"target\":[\"https:\\\/\\\/uus.addinol.ee\\\/lt\\\/toode\\\/maardeoli-schmierol-r-22\\\/\"]}]},{\"@type\":\"ImageObject\",\"inLanguage\":\"lt-LT\",\"@id\":\"https:\\\/\\\/uus.addinol.ee\\\/lt\\\/toode\\\/maardeoli-schmierol-r-22\\\/#primaryimage\",\"url\":\"https:\\\/\\\/uus.addinol.ee\\\/wp-content\\\/uploads\\\/2025\\\/05\\\/20l-1.png\",\"contentUrl\":\"https:\\\/\\\/uus.addinol.ee\\\/wp-content\\\/uploads\\\/2025\\\/05\\\/20l-1.png\",\"width\":1450,\"height\":1170},{\"@type\":\"BreadcrumbList\",\"@id\":\"https:\\\/\\\/uus.addinol.ee\\\/lt\\\/toode\\\/maardeoli-schmierol-r-22\\\/#breadcrumb\",\"itemListElement\":[{\"@type\":\"ListItem\",\"position\":1,\"name\":\"ADDINOL\",\"item\":\"https:\\\/\\\/uus.addinol.ee\\\/lt\\\/\"},{\"@type\":\"ListItem\",\"position\":2,\"name\":\"E-pood\",\"item\":\"https:\\\/\\\/uus.addinol.ee\\\/e-pood\\\/\"},{\"@type\":\"ListItem\",\"position\":3,\"name\":\"M\u00e4\u00e4rde\u00f5li Schmier\u00f6l R 22\"}]},{\"@type\":\"WebSite\",\"@id\":\"https:\\\/\\\/uus.addinol.ee\\\/lt\\\/#website\",\"url\":\"https:\\\/\\\/uus.addinol.ee\\\/lt\\\/\",\"name\":\"ADDINOL\",\"description\":\"Mootori&otilde;lid ja m&auml;&auml;&auml;rdeained igaks kasutusjuhuks\",\"publisher\":{\"@id\":\"https:\\\/\\\/uus.addinol.ee\\\/lt\\\/#organization\"},\"potentialAction\":[{\"@type\":\"SearchAction\",\"target\":{\"@type\":\"EntryPoint\",\"urlTemplate\":\"https:\\\/\\\/uus.addinol.ee\\\/lt\\\/?s={search_term_string}\"},\"query-input\":{\"@type\":\"PropertyValueSpecification\",\"valueRequired\":true,\"valueName\":\"search_term_string\"}}],\"inLanguage\":\"lt-LT\"},{\"@type\":\"Organization\",\"@id\":\"https:\\\/\\\/uus.addinol.ee\\\/lt\\\/#organization\",\"name\":\"ADDINOL\",\"url\":\"https:\\\/\\\/uus.addinol.ee\\\/lt\\\/\",\"logo\":{\"@type\":\"ImageObject\",\"inLanguage\":\"lt-LT\",\"@id\":\"https:\\\/\\\/uus.addinol.ee\\\/lt\\\/#\\\/schema\\\/logo\\\/image\\\/\",\"url\":\"https:\\\/\\\/uus.addinol.ee\\\/wp-content\\\/uploads\\\/2024\\\/10\\\/1200px-ADDINOL-Logo.webp\",\"contentUrl\":\"https:\\\/\\\/uus.addinol.ee\\\/wp-content\\\/uploads\\\/2024\\\/10\\\/1200px-ADDINOL-Logo.webp\",\"width\":1200,\"height\":431,\"caption\":\"ADDINOL\"},\"image\":{\"@id\":\"https:\\\/\\\/uus.addinol.ee\\\/lt\\\/#\\\/schema\\\/logo\\\/image\\\/\"},\"sameAs\":[\"https:\\\/\\\/www.facebook.com\\\/ADDINOLEesti\\\/\",\"https:\\\/\\\/www.instagram.com\\\/addinol_eesti\\\/\"]}]}<\/script>\n<!-- \/ Yoast SEO plugin. -->","yoast_head_json":{"title":"M\u00e4\u00e4rde\u00f5li Schmier\u00f6l R 22 - ADDINOL","robots":{"index":"index","follow":"follow","max-snippet":"max-snippet:-1","max-image-preview":"max-image-preview:large","max-video-preview":"max-video-preview:-1"},"canonical":"https:\/\/uus.addinol.ee\/lt\/toode\/maardeoli-schmierol-r-22\/","og_locale":"lt_LT","og_type":"article","og_title":"M\u00e4\u00e4rde\u00f5li Schmier\u00f6l R 22 - ADDINOL","og_description":"Masina\u00f5li ADDINOL Schmier\u00f6l R 22 on suurep\u00e4raste m\u00e4\u00e4rimisomadustega k\u00f5rgekvaliteediline parafiinne mineraal\u00f5li rafinaat.","og_url":"https:\/\/uus.addinol.ee\/lt\/toode\/maardeoli-schmierol-r-22\/","og_site_name":"ADDINOL","article_publisher":"https:\/\/www.facebook.com\/ADDINOLEesti\/","article_modified_time":"2025-10-14T08:35:10+00:00","og_image":[{"width":1450,"height":1170,"url":"https:\/\/uus.addinol.ee\/wp-content\/uploads\/2025\/05\/20l-1.png","type":"image\/png"}],"twitter_card":"summary_large_image","twitter_misc":{"Est. reading time":"2 minutes"},"schema":{"@context":"https:\/\/schema.org","@graph":[{"@type":"WebPage","@id":"https:\/\/uus.addinol.ee\/lt\/toode\/maardeoli-schmierol-r-22\/","url":"https:\/\/uus.addinol.ee\/lt\/toode\/maardeoli-schmierol-r-22\/","name":"M\u00e4\u00e4rde\u00f5li Schmier\u00f6l R 22 - ADDINOL","isPartOf":{"@id":"https:\/\/uus.addinol.ee\/lt\/#website"},"primaryImageOfPage":{"@id":"https:\/\/uus.addinol.ee\/lt\/toode\/maardeoli-schmierol-r-22\/#primaryimage"},"image":{"@id":"https:\/\/uus.addinol.ee\/lt\/toode\/maardeoli-schmierol-r-22\/#primaryimage"},"thumbnailUrl":"https:\/\/uus.addinol.ee\/wp-content\/uploads\/2025\/05\/20l-1.png","datePublished":"2024-12-31T12:25:36+00:00","dateModified":"2025-10-14T08:35:10+00:00","breadcrumb":{"@id":"https:\/\/uus.addinol.ee\/lt\/toode\/maardeoli-schmierol-r-22\/#breadcrumb"},"inLanguage":"lt-LT","potentialAction":[{"@type":"ReadAction","target":["https:\/\/uus.addinol.ee\/lt\/toode\/maardeoli-schmierol-r-22\/"]}]},{"@type":"ImageObject","inLanguage":"lt-LT","@id":"https:\/\/uus.addinol.ee\/lt\/toode\/maardeoli-schmierol-r-22\/#primaryimage","url":"https:\/\/uus.addinol.ee\/wp-content\/uploads\/2025\/05\/20l-1.png","contentUrl":"https:\/\/uus.addinol.ee\/wp-content\/uploads\/2025\/05\/20l-1.png","width":1450,"height":1170},{"@type":"BreadcrumbList","@id":"https:\/\/uus.addinol.ee\/lt\/toode\/maardeoli-schmierol-r-22\/#breadcrumb","itemListElement":[{"@type":"ListItem","position":1,"name":"ADDINOL","item":"https:\/\/uus.addinol.ee\/lt\/"},{"@type":"ListItem","position":2,"name":"E-pood","item":"https:\/\/uus.addinol.ee\/e-pood\/"},{"@type":"ListItem","position":3,"name":"M\u00e4\u00e4rde\u00f5li Schmier\u00f6l R 22"}]},{"@type":"WebSite","@id":"https:\/\/uus.addinol.ee\/lt\/#website","url":"https:\/\/uus.addinol.ee\/lt\/","name":"ADDINOL","description":"Mootori&otilde;lid ja m&auml;&auml;&auml;rdeained igaks kasutusjuhuks","publisher":{"@id":"https:\/\/uus.addinol.ee\/lt\/#organization"},"potentialAction":[{"@type":"SearchAction","target":{"@type":"EntryPoint","urlTemplate":"https:\/\/uus.addinol.ee\/lt\/?s={search_term_string}"},"query-input":{"@type":"PropertyValueSpecification","valueRequired":true,"valueName":"search_term_string"}}],"inLanguage":"lt-LT"},{"@type":"Organization","@id":"https:\/\/uus.addinol.ee\/lt\/#organization","name":"ADDINOL","url":"https:\/\/uus.addinol.ee\/lt\/","logo":{"@type":"ImageObject","inLanguage":"lt-LT","@id":"https:\/\/uus.addinol.ee\/lt\/#\/schema\/logo\/image\/","url":"https:\/\/uus.addinol.ee\/wp-content\/uploads\/2024\/10\/1200px-ADDINOL-Logo.webp","contentUrl":"https:\/\/uus.addinol.ee\/wp-content\/uploads\/2024\/10\/1200px-ADDINOL-Logo.webp","width":1200,"height":431,"caption":"ADDINOL"},"image":{"@id":"https:\/\/uus.addinol.ee\/lt\/#\/schema\/logo\/image\/"},"sameAs":["https:\/\/www.facebook.com\/ADDINOLEesti\/","https:\/\/www.instagram.com\/addinol_eesti\/"]}]}},"_links":{"self":[{"href":"https:\/\/uus.addinol.ee\/lt\/wp-json\/wp\/v2\/product\/6172","targetHints":{"allow":["GET"]}}],"collection":[{"href":"https:\/\/uus.addinol.ee\/lt\/wp-json\/wp\/v2\/product"}],"about":[{"href":"https:\/\/uus.addinol.ee\/lt\/wp-json\/wp\/v2\/types\/product"}],"wp:featuredmedia":[{"embeddable":true,"href":"https:\/\/uus.addinol.ee\/lt\/wp-json\/wp\/v2\/media\/8088"}],"wp:attachment":[{"href":"https:\/\/uus.addinol.ee\/lt\/wp-json\/wp\/v2\/media?parent=6172"}],"wp:term":[{"taxonomy":"viscosity","embeddable":true,"href":"https:\/\/uus.addinol.ee\/lt\/wp-json\/wp\/v2\/viscosity?post=6172"},{"taxonomy":"product_brand","embeddable":true,"href":"https:\/\/uus.addinol.ee\/lt\/wp-json\/wp\/v2\/product_brand?post=6172"},{"taxonomy":"product_cat","embeddable":true,"href":"https:\/\/uus.addinol.ee\/lt\/wp-json\/wp\/v2\/product_cat?post=6172"},{"taxonomy":"product_tag","embeddable":true,"href":"https:\/\/uus.addinol.ee\/lt\/wp-json\/wp\/v2\/product_tag?post=6172"},{"taxonomy":"inventory","embeddable":true,"href":"https:\/\/uus.addinol.ee\/lt\/wp-json\/wp\/v2\/inventory?post=6172"}],"curies":[{"name":"wp","href":"https:\/\/api.w.org\/{rel}","templated":true}]}}