{"id":6186,"date":"2024-12-31T12:25:36","date_gmt":"2024-12-31T12:25:36","guid":{"rendered":"https:\/\/addinol.ee\/toode\/silikoonaerosool-silikonspray\/"},"modified":"2025-10-14T11:35:05","modified_gmt":"2025-10-14T08:35:05","slug":"silikoonaerosool-silikonspray","status":"publish","type":"product","link":"https:\/\/uus.addinol.ee\/lt\/toode\/silikoonaerosool-silikonspray\/","title":{"rendered":"Silikoonaerosool Silikonspray"},"content":{"rendered":"<p><strong>Silikoonaerosool <a href=\"https:\/\/addinol.de\/products\/product-finder\/addinol-silikonspray\/?lang=et\">Silikonspray<\/a> KASUTUSV\u00d5IMALUSED:<\/strong><br \/>\n\u2022 Sobib universaalse libisemist ja eraldamist soodustava m\u00e4\u00e4rdeainena kasutamiseks plastist, kummist ja metallist pindadel.<br \/>\n\u2022 Silikoonaerosool on osutunud v\u00e4ga vastupidavaks soolveele, veeaurule, v\u00e4\u00e4velhappele, lahjendatud hapetele ja leeliselahustele.<br \/>\n\u2022 Sobib kasutamiseks<br \/>\n&#8211; m\u00e4\u00e4rdeainena mootori-, kere- ja s\u00f5idukit\u00f6\u00f6stuses,<br \/>\n&#8211; varustuse osana meditsiinis, kosmeetika- ja farmaatsiat\u00f6\u00f6stuses,<br \/>\n&#8211; h\u00fcdrofoobse m\u00e4\u00e4rdeainena elektrit\u00f6\u00f6stuses ja installatsioonit\u00f6\u00f6del,<br \/>\n&#8211; puhastus- ja kaitsevahendina masinaehituses, laeva- ja lennukit\u00f6\u00f6stuses,<br \/>\n&#8211; konserveerimism\u00e4\u00e4rdeainena keraamika- ja klaasit\u00f6\u00f6stuses,<br \/>\n&#8211; paljudes muudes valdkondades.<\/p>\n<p><strong>Silikoonaerosooli KASUTAMINE:<\/strong><br \/>\n1. Enne kasutamist loksutage aerosoolpakendit.<br \/>\n2. M\u00e4\u00e4rimist vajavad pinnad tuleb eelnevalt hoolikalt puhastada ja kuivatada.<br \/>\n3. Pihustage Silikoonaerosooli ca 20\u201330 cm kauguselt ja j\u00e4lgige, et kogu pind saaks \u00fchtlaselt m\u00e4\u00e4rdeainega kaetud.<br \/>\n4. Kuivamisaeg toatemperatuuril ca 30 sekundit.<\/p>\n<p>P\u00e4rast kuivamist on m\u00e4\u00e4rdeainekelmet v\u00f5imalik pinnalt eemaldada \u00fcksnes atsetooni ja (teatud m\u00e4\u00e4ral) vee abil.<\/p>\n<p><strong>Silikoonaerosooli SPETSIFIKATSIOON \/ LITSENTSID:<\/strong><br \/>\nKantud<a href=\"https:\/\/uus.addinol.ee\/tootekategooria\/toostusmaardeained\/maardeained-toiduainetoostusele\/\" target=\"_blank\" rel=\"noopener\"> NSF H1<\/a> kategooria m\u00e4\u00e4rdeainete nimekirja (reg-nr 147 191).<br \/>\nK\u00f5ik Silikoonaerosooli koostisained on tervisele kahjutud.<\/p>\n<p><strong>Silikoonaerosooli OMADUSED:<\/strong><br \/>\n\u2022 Tervisele ohutu<br \/>\n\u2022 Keemiliselt v\u00e4ga stabiilne<br \/>\n\u2022 V\u00e4ga hea libisemis- ja eraldamisv\u00f5imega<br \/>\n\u2022 Kasutatav v\u00e4ga k\u00f5rgetel temperatuuridel<br \/>\n\u2022 Vastupidav, t\u00f5hus ja h\u00fcdrofoobne<br \/>\n\u2022 V\u00e4ga hea kokkusobivus \u00fcldlevinud tihendimaterjalidega<br \/>\n\u2022 Elektriline l\u00e4bil\u00f6\u00f6gikindlus ja madal kaotegur olenemata \u00f5huniiskusest<br \/>\n\u2022 Sisaldab propaani- ja butaanip\u00f5hist kloorivaba propel<\/p>\n<p><strong>Silikoonaerosool Silikonspray EELISED TARBIJALE:<\/strong><br \/>\n\u2022 Ei kahjusta tervist<br \/>\n\u2022 Universaalselt kasutatav<br \/>\n\u2022 V\u00e4listatud setete kleepumine m\u00e4\u00e4ritud pinnale<br \/>\n\u2022 Ei kuiva \u00e4ra<br \/>\n\u2022 Sobib kasutamiseks niisketes tingimustes<br \/>\n\u2022 Plastdetailid ei muutu rabedaks ja omandavad hea l\u00e4ike<br \/>\n\u2022 Kaitseb elektrikontakte niiskuse eest<br \/>\n\u2022 Osoonis\u00f5bralik<\/p>\n","protected":false},"excerpt":{"rendered":"<p>Silikoonaerosool ADDINOL Silikonspray on valmistatud modifitseeritud silikoon\u00f5li ja lahustite baasil. Silikoonaerosool Silikonspray moodustab p\u00e4rast pinnale kandmist l\u00f5hnatu vee-, valgus- ja ilmastikukindla m\u00e4\u00e4rdeainekelme.<\/p>\n","protected":false},"featured_media":6524,"template":"","meta":{"_acf_changed":false},"viscosity":[],"product_brand":[],"product_cat":[588,650,151,202],"product_tag":[],"inventory":[],"class_list":{"0":"post-6186","1":"product","2":"type-product","3":"status-publish","4":"has-post-thumbnail","6":"product_cat-aerosoolid","7":"product_cat-aerosoolid-mootorsoidukite-maardeained","8":"product_cat-toostusmaardeained","9":"product_cat-maardeained-toiduainetoostusele","10":"pa_vali-pakend-500-ml","12":"first","13":"instock","14":"taxable","15":"shipping-taxable","16":"purchasable","17":"product-type-simple"},"acf":[],"yoast_head":"<!-- This site is optimized with the Yoast SEO plugin v27.5 - https:\/\/yoast.com\/product\/yoast-seo-wordpress\/ -->\n<title>Silikoonaerosool Silikonspray - ADDINOL<\/title>\n<meta name=\"robots\" content=\"index, follow, max-snippet:-1, max-image-preview:large, max-video-preview:-1\" \/>\n<link rel=\"canonical\" href=\"https:\/\/uus.addinol.ee\/lt\/toode\/silikoonaerosool-silikonspray\/\" \/>\n<meta property=\"og:locale\" content=\"lt_LT\" \/>\n<meta property=\"og:type\" content=\"article\" \/>\n<meta property=\"og:title\" content=\"Silikoonaerosool Silikonspray - ADDINOL\" \/>\n<meta property=\"og:description\" content=\"Silikoonaerosool ADDINOL Silikonspray on valmistatud modifitseeritud silikoon\u00f5li ja lahustite baasil. Silikoonaerosool Silikonspray moodustab p\u00e4rast pinnale kandmist l\u00f5hnatu vee-, valgus- ja ilmastikukindla m\u00e4\u00e4rdeainekelme.\" \/>\n<meta property=\"og:url\" content=\"https:\/\/uus.addinol.ee\/lt\/toode\/silikoonaerosool-silikonspray\/\" \/>\n<meta property=\"og:site_name\" content=\"ADDINOL\" \/>\n<meta property=\"article:publisher\" content=\"https:\/\/www.facebook.com\/ADDINOLEesti\/\" \/>\n<meta property=\"article:modified_time\" content=\"2025-10-14T08:35:05+00:00\" \/>\n<meta property=\"og:image\" content=\"https:\/\/uus.addinol.ee\/wp-content\/uploads\/2024\/12\/silikonspray.png\" \/>\n\t<meta property=\"og:image:width\" content=\"500\" \/>\n\t<meta property=\"og:image:height\" content=\"500\" \/>\n\t<meta property=\"og:image:type\" content=\"image\/png\" \/>\n<meta name=\"twitter:card\" content=\"summary_large_image\" \/>\n<meta name=\"twitter:label1\" content=\"Est. reading time\" \/>\n\t<meta name=\"twitter:data1\" content=\"2 minutes\" \/>\n<script type=\"application\/ld+json\" class=\"yoast-schema-graph\">{\"@context\":\"https:\\\/\\\/schema.org\",\"@graph\":[{\"@type\":\"WebPage\",\"@id\":\"https:\\\/\\\/uus.addinol.ee\\\/lt\\\/toode\\\/silikoonaerosool-silikonspray\\\/\",\"url\":\"https:\\\/\\\/uus.addinol.ee\\\/lt\\\/toode\\\/silikoonaerosool-silikonspray\\\/\",\"name\":\"Silikoonaerosool Silikonspray - ADDINOL\",\"isPartOf\":{\"@id\":\"https:\\\/\\\/uus.addinol.ee\\\/lt\\\/#website\"},\"primaryImageOfPage\":{\"@id\":\"https:\\\/\\\/uus.addinol.ee\\\/lt\\\/toode\\\/silikoonaerosool-silikonspray\\\/#primaryimage\"},\"image\":{\"@id\":\"https:\\\/\\\/uus.addinol.ee\\\/lt\\\/toode\\\/silikoonaerosool-silikonspray\\\/#primaryimage\"},\"thumbnailUrl\":\"https:\\\/\\\/uus.addinol.ee\\\/wp-content\\\/uploads\\\/2024\\\/12\\\/silikonspray.png\",\"datePublished\":\"2024-12-31T12:25:36+00:00\",\"dateModified\":\"2025-10-14T08:35:05+00:00\",\"breadcrumb\":{\"@id\":\"https:\\\/\\\/uus.addinol.ee\\\/lt\\\/toode\\\/silikoonaerosool-silikonspray\\\/#breadcrumb\"},\"inLanguage\":\"lt-LT\",\"potentialAction\":[{\"@type\":\"ReadAction\",\"target\":[\"https:\\\/\\\/uus.addinol.ee\\\/lt\\\/toode\\\/silikoonaerosool-silikonspray\\\/\"]}]},{\"@type\":\"ImageObject\",\"inLanguage\":\"lt-LT\",\"@id\":\"https:\\\/\\\/uus.addinol.ee\\\/lt\\\/toode\\\/silikoonaerosool-silikonspray\\\/#primaryimage\",\"url\":\"https:\\\/\\\/uus.addinol.ee\\\/wp-content\\\/uploads\\\/2024\\\/12\\\/silikonspray.png\",\"contentUrl\":\"https:\\\/\\\/uus.addinol.ee\\\/wp-content\\\/uploads\\\/2024\\\/12\\\/silikonspray.png\",\"width\":500,\"height\":500},{\"@type\":\"BreadcrumbList\",\"@id\":\"https:\\\/\\\/uus.addinol.ee\\\/lt\\\/toode\\\/silikoonaerosool-silikonspray\\\/#breadcrumb\",\"itemListElement\":[{\"@type\":\"ListItem\",\"position\":1,\"name\":\"ADDINOL\",\"item\":\"https:\\\/\\\/uus.addinol.ee\\\/lt\\\/\"},{\"@type\":\"ListItem\",\"position\":2,\"name\":\"E-pood\",\"item\":\"https:\\\/\\\/uus.addinol.ee\\\/e-pood\\\/\"},{\"@type\":\"ListItem\",\"position\":3,\"name\":\"Silikoonaerosool Silikonspray\"}]},{\"@type\":\"WebSite\",\"@id\":\"https:\\\/\\\/uus.addinol.ee\\\/lt\\\/#website\",\"url\":\"https:\\\/\\\/uus.addinol.ee\\\/lt\\\/\",\"name\":\"ADDINOL\",\"description\":\"Mootori&otilde;lid ja m&auml;&auml;&auml;rdeained igaks kasutusjuhuks\",\"publisher\":{\"@id\":\"https:\\\/\\\/uus.addinol.ee\\\/lt\\\/#organization\"},\"potentialAction\":[{\"@type\":\"SearchAction\",\"target\":{\"@type\":\"EntryPoint\",\"urlTemplate\":\"https:\\\/\\\/uus.addinol.ee\\\/lt\\\/?s={search_term_string}\"},\"query-input\":{\"@type\":\"PropertyValueSpecification\",\"valueRequired\":true,\"valueName\":\"search_term_string\"}}],\"inLanguage\":\"lt-LT\"},{\"@type\":\"Organization\",\"@id\":\"https:\\\/\\\/uus.addinol.ee\\\/lt\\\/#organization\",\"name\":\"ADDINOL\",\"url\":\"https:\\\/\\\/uus.addinol.ee\\\/lt\\\/\",\"logo\":{\"@type\":\"ImageObject\",\"inLanguage\":\"lt-LT\",\"@id\":\"https:\\\/\\\/uus.addinol.ee\\\/lt\\\/#\\\/schema\\\/logo\\\/image\\\/\",\"url\":\"https:\\\/\\\/uus.addinol.ee\\\/wp-content\\\/uploads\\\/2024\\\/10\\\/1200px-ADDINOL-Logo.webp\",\"contentUrl\":\"https:\\\/\\\/uus.addinol.ee\\\/wp-content\\\/uploads\\\/2024\\\/10\\\/1200px-ADDINOL-Logo.webp\",\"width\":1200,\"height\":431,\"caption\":\"ADDINOL\"},\"image\":{\"@id\":\"https:\\\/\\\/uus.addinol.ee\\\/lt\\\/#\\\/schema\\\/logo\\\/image\\\/\"},\"sameAs\":[\"https:\\\/\\\/www.facebook.com\\\/ADDINOLEesti\\\/\",\"https:\\\/\\\/www.instagram.com\\\/addinol_eesti\\\/\"]}]}<\/script>\n<!-- \/ Yoast SEO plugin. -->","yoast_head_json":{"title":"Silikoonaerosool Silikonspray - ADDINOL","robots":{"index":"index","follow":"follow","max-snippet":"max-snippet:-1","max-image-preview":"max-image-preview:large","max-video-preview":"max-video-preview:-1"},"canonical":"https:\/\/uus.addinol.ee\/lt\/toode\/silikoonaerosool-silikonspray\/","og_locale":"lt_LT","og_type":"article","og_title":"Silikoonaerosool Silikonspray - ADDINOL","og_description":"Silikoonaerosool ADDINOL Silikonspray on valmistatud modifitseeritud silikoon\u00f5li ja lahustite baasil. Silikoonaerosool Silikonspray moodustab p\u00e4rast pinnale kandmist l\u00f5hnatu vee-, valgus- ja ilmastikukindla m\u00e4\u00e4rdeainekelme.","og_url":"https:\/\/uus.addinol.ee\/lt\/toode\/silikoonaerosool-silikonspray\/","og_site_name":"ADDINOL","article_publisher":"https:\/\/www.facebook.com\/ADDINOLEesti\/","article_modified_time":"2025-10-14T08:35:05+00:00","og_image":[{"width":500,"height":500,"url":"https:\/\/uus.addinol.ee\/wp-content\/uploads\/2024\/12\/silikonspray.png","type":"image\/png"}],"twitter_card":"summary_large_image","twitter_misc":{"Est. reading time":"2 minutes"},"schema":{"@context":"https:\/\/schema.org","@graph":[{"@type":"WebPage","@id":"https:\/\/uus.addinol.ee\/lt\/toode\/silikoonaerosool-silikonspray\/","url":"https:\/\/uus.addinol.ee\/lt\/toode\/silikoonaerosool-silikonspray\/","name":"Silikoonaerosool Silikonspray - ADDINOL","isPartOf":{"@id":"https:\/\/uus.addinol.ee\/lt\/#website"},"primaryImageOfPage":{"@id":"https:\/\/uus.addinol.ee\/lt\/toode\/silikoonaerosool-silikonspray\/#primaryimage"},"image":{"@id":"https:\/\/uus.addinol.ee\/lt\/toode\/silikoonaerosool-silikonspray\/#primaryimage"},"thumbnailUrl":"https:\/\/uus.addinol.ee\/wp-content\/uploads\/2024\/12\/silikonspray.png","datePublished":"2024-12-31T12:25:36+00:00","dateModified":"2025-10-14T08:35:05+00:00","breadcrumb":{"@id":"https:\/\/uus.addinol.ee\/lt\/toode\/silikoonaerosool-silikonspray\/#breadcrumb"},"inLanguage":"lt-LT","potentialAction":[{"@type":"ReadAction","target":["https:\/\/uus.addinol.ee\/lt\/toode\/silikoonaerosool-silikonspray\/"]}]},{"@type":"ImageObject","inLanguage":"lt-LT","@id":"https:\/\/uus.addinol.ee\/lt\/toode\/silikoonaerosool-silikonspray\/#primaryimage","url":"https:\/\/uus.addinol.ee\/wp-content\/uploads\/2024\/12\/silikonspray.png","contentUrl":"https:\/\/uus.addinol.ee\/wp-content\/uploads\/2024\/12\/silikonspray.png","width":500,"height":500},{"@type":"BreadcrumbList","@id":"https:\/\/uus.addinol.ee\/lt\/toode\/silikoonaerosool-silikonspray\/#breadcrumb","itemListElement":[{"@type":"ListItem","position":1,"name":"ADDINOL","item":"https:\/\/uus.addinol.ee\/lt\/"},{"@type":"ListItem","position":2,"name":"E-pood","item":"https:\/\/uus.addinol.ee\/e-pood\/"},{"@type":"ListItem","position":3,"name":"Silikoonaerosool Silikonspray"}]},{"@type":"WebSite","@id":"https:\/\/uus.addinol.ee\/lt\/#website","url":"https:\/\/uus.addinol.ee\/lt\/","name":"ADDINOL","description":"Mootori&otilde;lid ja m&auml;&auml;&auml;rdeained igaks kasutusjuhuks","publisher":{"@id":"https:\/\/uus.addinol.ee\/lt\/#organization"},"potentialAction":[{"@type":"SearchAction","target":{"@type":"EntryPoint","urlTemplate":"https:\/\/uus.addinol.ee\/lt\/?s={search_term_string}"},"query-input":{"@type":"PropertyValueSpecification","valueRequired":true,"valueName":"search_term_string"}}],"inLanguage":"lt-LT"},{"@type":"Organization","@id":"https:\/\/uus.addinol.ee\/lt\/#organization","name":"ADDINOL","url":"https:\/\/uus.addinol.ee\/lt\/","logo":{"@type":"ImageObject","inLanguage":"lt-LT","@id":"https:\/\/uus.addinol.ee\/lt\/#\/schema\/logo\/image\/","url":"https:\/\/uus.addinol.ee\/wp-content\/uploads\/2024\/10\/1200px-ADDINOL-Logo.webp","contentUrl":"https:\/\/uus.addinol.ee\/wp-content\/uploads\/2024\/10\/1200px-ADDINOL-Logo.webp","width":1200,"height":431,"caption":"ADDINOL"},"image":{"@id":"https:\/\/uus.addinol.ee\/lt\/#\/schema\/logo\/image\/"},"sameAs":["https:\/\/www.facebook.com\/ADDINOLEesti\/","https:\/\/www.instagram.com\/addinol_eesti\/"]}]}},"_links":{"self":[{"href":"https:\/\/uus.addinol.ee\/lt\/wp-json\/wp\/v2\/product\/6186","targetHints":{"allow":["GET"]}}],"collection":[{"href":"https:\/\/uus.addinol.ee\/lt\/wp-json\/wp\/v2\/product"}],"about":[{"href":"https:\/\/uus.addinol.ee\/lt\/wp-json\/wp\/v2\/types\/product"}],"wp:featuredmedia":[{"embeddable":true,"href":"https:\/\/uus.addinol.ee\/lt\/wp-json\/wp\/v2\/media\/6524"}],"wp:attachment":[{"href":"https:\/\/uus.addinol.ee\/lt\/wp-json\/wp\/v2\/media?parent=6186"}],"wp:term":[{"taxonomy":"viscosity","embeddable":true,"href":"https:\/\/uus.addinol.ee\/lt\/wp-json\/wp\/v2\/viscosity?post=6186"},{"taxonomy":"product_brand","embeddable":true,"href":"https:\/\/uus.addinol.ee\/lt\/wp-json\/wp\/v2\/product_brand?post=6186"},{"taxonomy":"product_cat","embeddable":true,"href":"https:\/\/uus.addinol.ee\/lt\/wp-json\/wp\/v2\/product_cat?post=6186"},{"taxonomy":"product_tag","embeddable":true,"href":"https:\/\/uus.addinol.ee\/lt\/wp-json\/wp\/v2\/product_tag?post=6186"},{"taxonomy":"inventory","embeddable":true,"href":"https:\/\/uus.addinol.ee\/lt\/wp-json\/wp\/v2\/inventory?post=6186"}],"curies":[{"name":"wp","href":"https:\/\/api.w.org\/{rel}","templated":true}]}}