{"id":6195,"date":"2024-12-31T12:25:36","date_gmt":"2024-12-31T12:25:36","guid":{"rendered":"https:\/\/addinol.ee\/toode\/universaalne-traktorioli-fluid-to-4-sae-10w\/"},"modified":"2025-07-04T11:39:51","modified_gmt":"2025-07-04T08:39:51","slug":"universaalne-traktorioli-fluid-to-4-sae-10w","status":"publish","type":"product","link":"https:\/\/uus.addinol.ee\/lt\/toode\/universaalne-traktorioli-fluid-to-4-sae-10w\/","title":{"rendered":"Universaalne traktori\u00f5li Fluid TO-4 SAE 10W"},"content":{"rendered":"<p><strong>Universaalse traktori\u00f5li Fluid TO-4 SAE 10W KASUTUSV\u00d5IMALUSED:<\/strong><br \/>\n\u2022 Sobib eriti h\u00e4sti kasutamiseks Caterpillari uusimates ehitusmasinates.<br \/>\n\u2022 Sobib ideaalselt kasutamiseks ehitusmasinate ja raskete t\u00f6\u00f6masinate, nagu nt:<br \/>\n&#8211; rataslaadurite,<br \/>\n&#8211; roomikbuldooserite,<br \/>\n&#8211; kallurite,<br \/>\n&#8211; konteineri t\u00f5steseadmega s\u00f5idukite,<br \/>\n&#8211; <em>roll on<\/em> \/<em> roll off<\/em> vedukite,<br \/>\n&#8211; lennukite puksiirvedukite,<br \/>\n&#8211; man\u00f6\u00f6verduss\u00f5idukite<br \/>\ntransmissioonis\u00fcsteemides, powershift-j\u00f5u\u00fclekannetes, m\u00e4rgpidurites ja h\u00fcdros\u00fcsteemides.<\/p>\n<p><strong>Universaalse traktori\u00f5li Fluid TO-4 SAE 10W SPETSIFIKATSIOON \/ LITSENTSID:<\/strong><br \/>\nUniversaalne traktori\u00f5li Fluid TO-4 SAE 10W t\u00e4idab ja \u00fcletab n\u00f5udeid:<br \/>\n\u2022 API GL-4 ja API CF<br \/>\n\u2022 Caterpillar TO-4<br \/>\n\u2022 Allison C-4<br \/>\n\u2022 Komatsu KES 07.868.1<\/p>\n<p><strong>T\u00c4HELEPANU<\/strong><br \/>\nUniversaalne transmissioonivedelik, mis t\u00e4idab Caterpillar TO-4 n\u00f5udeid, ei sobi kasutamiseks mootori\u00f5lina!<\/p>\n<p><strong>Universaalse traktori\u00f5li Fluid TO-4 SAE 10W OMADUSED<\/strong>:<br \/>\n\u2022 Suurep\u00e4rane h\u00f5\u00f5rdumis- ja kulumisvastane kaitse<br \/>\n\u2022 Erakordselt vananemiskindel<br \/>\n\u2022 Hea voolavus madalatel temperatuuridel<br \/>\n\u2022 Terase ja v\u00e4rvilismetallide t\u00f5hus korrosioonikaitse<br \/>\n\u2022 Kokkusobivus tihenditega<\/p>\n<p><strong>Universaalse traktori\u00f5li Fluid TO-4 SAE 10W EELISED TARBIJALE:<\/strong><br \/>\n\u2022 Suure koormuse all t\u00f6\u00f6tavate masinaosade v\u00e4ga hea kaitse<br \/>\n\u2022 \u00d5li maksimaalne t\u00f6\u00f6iga t\u00e4nap\u00e4evastes agregaatides<br \/>\n\u2022 Sobib ideaalselt kasutamiseks madalatel ja vahelduvatel temperatuuridel<br \/>\n\u2022 Masinaosade v\u00e4ga hea kaitse<br \/>\n\u2022 Tihendite vastupidavus kulumisele suurendab masinate t\u00f6\u00f6kindlust<\/p>\n","protected":false},"excerpt":{"rendered":"<p>Universaalne traktori\u00f5li Fluid TO-4 SAE 10W on valmistatud k\u00f5rgekvaliteedilistest mineraal\u00f5li rafinaatidest ja spetsiaalsest manusekomplektist.<br \/>\nADDINOL Fluid TO-4 \u00f5lide eelised Caterpillar TO-2, ATF vedelike ja universaalsete traktori\u00f5lide ees avalduvad nende parendatud h\u00f5\u00f5rdumisomadustes, kulumisvastases kaitses ja vananemiskindluses.<\/p>\n","protected":false},"featured_media":8128,"template":"","meta":{"_acf_changed":false},"viscosity":[751],"product_brand":[],"product_cat":[150,158],"product_tag":[],"inventory":[],"class_list":{"0":"post-6195","1":"product","2":"type-product","3":"status-publish","4":"has-post-thumbnail","6":"viscosity-10w","7":"product_cat-mootorsoidukite-maardeained","8":"product_cat-traktoriolid","9":"pa_vali-pakend-fluid-to-4-sae-10w-205l","10":"pa_vali-pakend-fluid-to-4-sae-10w-20l","11":"pa_vali-pakend-to-4-sae10w-205l","12":"pa_vali-pakend-to-4-sae10w-20l","14":"first","15":"instock","16":"taxable","17":"shipping-taxable","18":"purchasable","19":"product-type-variable"},"acf":[],"yoast_head":"<!-- This site is optimized with the Yoast SEO plugin v27.5 - https:\/\/yoast.com\/product\/yoast-seo-wordpress\/ -->\n<title>Universaalne traktori\u00f5li Fluid TO-4 SAE 10W - ADDINOL<\/title>\n<meta name=\"robots\" content=\"index, follow, max-snippet:-1, max-image-preview:large, max-video-preview:-1\" \/>\n<link rel=\"canonical\" href=\"https:\/\/uus.addinol.ee\/lt\/toode\/universaalne-traktorioli-fluid-to-4-sae-10w\/\" \/>\n<meta property=\"og:locale\" content=\"lt_LT\" \/>\n<meta property=\"og:type\" content=\"article\" \/>\n<meta property=\"og:title\" content=\"Universaalne traktori\u00f5li Fluid TO-4 SAE 10W - ADDINOL\" \/>\n<meta property=\"og:description\" content=\"Universaalne traktori\u00f5li Fluid TO-4 SAE 10W on valmistatud k\u00f5rgekvaliteedilistest mineraal\u00f5li rafinaatidest ja spetsiaalsest manusekomplektist. ADDINOL Fluid TO-4 \u00f5lide eelised Caterpillar TO-2, ATF vedelike ja universaalsete traktori\u00f5lide ees avalduvad nende parendatud h\u00f5\u00f5rdumisomadustes, kulumisvastases kaitses ja vananemiskindluses.\" \/>\n<meta property=\"og:url\" content=\"https:\/\/uus.addinol.ee\/lt\/toode\/universaalne-traktorioli-fluid-to-4-sae-10w\/\" \/>\n<meta property=\"og:site_name\" content=\"ADDINOL\" \/>\n<meta property=\"article:publisher\" content=\"https:\/\/www.facebook.com\/ADDINOLEesti\/\" \/>\n<meta property=\"article:modified_time\" content=\"2025-07-04T08:39:51+00:00\" \/>\n<meta property=\"og:image\" content=\"https:\/\/uus.addinol.ee\/wp-content\/uploads\/2025\/05\/gruppe-scaled.jpg\" \/>\n\t<meta property=\"og:image:width\" content=\"2085\" \/>\n\t<meta property=\"og:image:height\" content=\"2560\" \/>\n\t<meta property=\"og:image:type\" content=\"image\/jpeg\" \/>\n<meta name=\"twitter:card\" content=\"summary_large_image\" \/>\n<meta name=\"twitter:label1\" content=\"Est. reading time\" \/>\n\t<meta name=\"twitter:data1\" content=\"2 minutes\" \/>\n<script type=\"application\/ld+json\" class=\"yoast-schema-graph\">{\"@context\":\"https:\\\/\\\/schema.org\",\"@graph\":[{\"@type\":\"WebPage\",\"@id\":\"https:\\\/\\\/uus.addinol.ee\\\/lt\\\/toode\\\/universaalne-traktorioli-fluid-to-4-sae-10w\\\/\",\"url\":\"https:\\\/\\\/uus.addinol.ee\\\/lt\\\/toode\\\/universaalne-traktorioli-fluid-to-4-sae-10w\\\/\",\"name\":\"Universaalne traktori\u00f5li Fluid TO-4 SAE 10W - ADDINOL\",\"isPartOf\":{\"@id\":\"https:\\\/\\\/uus.addinol.ee\\\/lt\\\/#website\"},\"primaryImageOfPage\":{\"@id\":\"https:\\\/\\\/uus.addinol.ee\\\/lt\\\/toode\\\/universaalne-traktorioli-fluid-to-4-sae-10w\\\/#primaryimage\"},\"image\":{\"@id\":\"https:\\\/\\\/uus.addinol.ee\\\/lt\\\/toode\\\/universaalne-traktorioli-fluid-to-4-sae-10w\\\/#primaryimage\"},\"thumbnailUrl\":\"https:\\\/\\\/uus.addinol.ee\\\/wp-content\\\/uploads\\\/2025\\\/05\\\/gruppe-scaled.jpg\",\"datePublished\":\"2024-12-31T12:25:36+00:00\",\"dateModified\":\"2025-07-04T08:39:51+00:00\",\"breadcrumb\":{\"@id\":\"https:\\\/\\\/uus.addinol.ee\\\/lt\\\/toode\\\/universaalne-traktorioli-fluid-to-4-sae-10w\\\/#breadcrumb\"},\"inLanguage\":\"lt-LT\",\"potentialAction\":[{\"@type\":\"ReadAction\",\"target\":[\"https:\\\/\\\/uus.addinol.ee\\\/lt\\\/toode\\\/universaalne-traktorioli-fluid-to-4-sae-10w\\\/\"]}]},{\"@type\":\"ImageObject\",\"inLanguage\":\"lt-LT\",\"@id\":\"https:\\\/\\\/uus.addinol.ee\\\/lt\\\/toode\\\/universaalne-traktorioli-fluid-to-4-sae-10w\\\/#primaryimage\",\"url\":\"https:\\\/\\\/uus.addinol.ee\\\/wp-content\\\/uploads\\\/2025\\\/05\\\/gruppe-scaled.jpg\",\"contentUrl\":\"https:\\\/\\\/uus.addinol.ee\\\/wp-content\\\/uploads\\\/2025\\\/05\\\/gruppe-scaled.jpg\",\"width\":2085,\"height\":2560},{\"@type\":\"BreadcrumbList\",\"@id\":\"https:\\\/\\\/uus.addinol.ee\\\/lt\\\/toode\\\/universaalne-traktorioli-fluid-to-4-sae-10w\\\/#breadcrumb\",\"itemListElement\":[{\"@type\":\"ListItem\",\"position\":1,\"name\":\"ADDINOL\",\"item\":\"https:\\\/\\\/uus.addinol.ee\\\/lt\\\/\"},{\"@type\":\"ListItem\",\"position\":2,\"name\":\"E-pood\",\"item\":\"https:\\\/\\\/uus.addinol.ee\\\/e-pood\\\/\"},{\"@type\":\"ListItem\",\"position\":3,\"name\":\"Universaalne traktori\u00f5li Fluid TO-4 SAE 10W\"}]},{\"@type\":\"WebSite\",\"@id\":\"https:\\\/\\\/uus.addinol.ee\\\/lt\\\/#website\",\"url\":\"https:\\\/\\\/uus.addinol.ee\\\/lt\\\/\",\"name\":\"ADDINOL\",\"description\":\"Mootori&otilde;lid ja m&auml;&auml;&auml;rdeained igaks kasutusjuhuks\",\"publisher\":{\"@id\":\"https:\\\/\\\/uus.addinol.ee\\\/lt\\\/#organization\"},\"potentialAction\":[{\"@type\":\"SearchAction\",\"target\":{\"@type\":\"EntryPoint\",\"urlTemplate\":\"https:\\\/\\\/uus.addinol.ee\\\/lt\\\/?s={search_term_string}\"},\"query-input\":{\"@type\":\"PropertyValueSpecification\",\"valueRequired\":true,\"valueName\":\"search_term_string\"}}],\"inLanguage\":\"lt-LT\"},{\"@type\":\"Organization\",\"@id\":\"https:\\\/\\\/uus.addinol.ee\\\/lt\\\/#organization\",\"name\":\"ADDINOL\",\"url\":\"https:\\\/\\\/uus.addinol.ee\\\/lt\\\/\",\"logo\":{\"@type\":\"ImageObject\",\"inLanguage\":\"lt-LT\",\"@id\":\"https:\\\/\\\/uus.addinol.ee\\\/lt\\\/#\\\/schema\\\/logo\\\/image\\\/\",\"url\":\"https:\\\/\\\/uus.addinol.ee\\\/wp-content\\\/uploads\\\/2024\\\/10\\\/1200px-ADDINOL-Logo.webp\",\"contentUrl\":\"https:\\\/\\\/uus.addinol.ee\\\/wp-content\\\/uploads\\\/2024\\\/10\\\/1200px-ADDINOL-Logo.webp\",\"width\":1200,\"height\":431,\"caption\":\"ADDINOL\"},\"image\":{\"@id\":\"https:\\\/\\\/uus.addinol.ee\\\/lt\\\/#\\\/schema\\\/logo\\\/image\\\/\"},\"sameAs\":[\"https:\\\/\\\/www.facebook.com\\\/ADDINOLEesti\\\/\",\"https:\\\/\\\/www.instagram.com\\\/addinol_eesti\\\/\"]}]}<\/script>\n<!-- \/ Yoast SEO plugin. -->","yoast_head_json":{"title":"Universaalne traktori\u00f5li Fluid TO-4 SAE 10W - ADDINOL","robots":{"index":"index","follow":"follow","max-snippet":"max-snippet:-1","max-image-preview":"max-image-preview:large","max-video-preview":"max-video-preview:-1"},"canonical":"https:\/\/uus.addinol.ee\/lt\/toode\/universaalne-traktorioli-fluid-to-4-sae-10w\/","og_locale":"lt_LT","og_type":"article","og_title":"Universaalne traktori\u00f5li Fluid TO-4 SAE 10W - ADDINOL","og_description":"Universaalne traktori\u00f5li Fluid TO-4 SAE 10W on valmistatud k\u00f5rgekvaliteedilistest mineraal\u00f5li rafinaatidest ja spetsiaalsest manusekomplektist. ADDINOL Fluid TO-4 \u00f5lide eelised Caterpillar TO-2, ATF vedelike ja universaalsete traktori\u00f5lide ees avalduvad nende parendatud h\u00f5\u00f5rdumisomadustes, kulumisvastases kaitses ja vananemiskindluses.","og_url":"https:\/\/uus.addinol.ee\/lt\/toode\/universaalne-traktorioli-fluid-to-4-sae-10w\/","og_site_name":"ADDINOL","article_publisher":"https:\/\/www.facebook.com\/ADDINOLEesti\/","article_modified_time":"2025-07-04T08:39:51+00:00","og_image":[{"width":2085,"height":2560,"url":"https:\/\/uus.addinol.ee\/wp-content\/uploads\/2025\/05\/gruppe-scaled.jpg","type":"image\/jpeg"}],"twitter_card":"summary_large_image","twitter_misc":{"Est. reading time":"2 minutes"},"schema":{"@context":"https:\/\/schema.org","@graph":[{"@type":"WebPage","@id":"https:\/\/uus.addinol.ee\/lt\/toode\/universaalne-traktorioli-fluid-to-4-sae-10w\/","url":"https:\/\/uus.addinol.ee\/lt\/toode\/universaalne-traktorioli-fluid-to-4-sae-10w\/","name":"Universaalne traktori\u00f5li Fluid TO-4 SAE 10W - ADDINOL","isPartOf":{"@id":"https:\/\/uus.addinol.ee\/lt\/#website"},"primaryImageOfPage":{"@id":"https:\/\/uus.addinol.ee\/lt\/toode\/universaalne-traktorioli-fluid-to-4-sae-10w\/#primaryimage"},"image":{"@id":"https:\/\/uus.addinol.ee\/lt\/toode\/universaalne-traktorioli-fluid-to-4-sae-10w\/#primaryimage"},"thumbnailUrl":"https:\/\/uus.addinol.ee\/wp-content\/uploads\/2025\/05\/gruppe-scaled.jpg","datePublished":"2024-12-31T12:25:36+00:00","dateModified":"2025-07-04T08:39:51+00:00","breadcrumb":{"@id":"https:\/\/uus.addinol.ee\/lt\/toode\/universaalne-traktorioli-fluid-to-4-sae-10w\/#breadcrumb"},"inLanguage":"lt-LT","potentialAction":[{"@type":"ReadAction","target":["https:\/\/uus.addinol.ee\/lt\/toode\/universaalne-traktorioli-fluid-to-4-sae-10w\/"]}]},{"@type":"ImageObject","inLanguage":"lt-LT","@id":"https:\/\/uus.addinol.ee\/lt\/toode\/universaalne-traktorioli-fluid-to-4-sae-10w\/#primaryimage","url":"https:\/\/uus.addinol.ee\/wp-content\/uploads\/2025\/05\/gruppe-scaled.jpg","contentUrl":"https:\/\/uus.addinol.ee\/wp-content\/uploads\/2025\/05\/gruppe-scaled.jpg","width":2085,"height":2560},{"@type":"BreadcrumbList","@id":"https:\/\/uus.addinol.ee\/lt\/toode\/universaalne-traktorioli-fluid-to-4-sae-10w\/#breadcrumb","itemListElement":[{"@type":"ListItem","position":1,"name":"ADDINOL","item":"https:\/\/uus.addinol.ee\/lt\/"},{"@type":"ListItem","position":2,"name":"E-pood","item":"https:\/\/uus.addinol.ee\/e-pood\/"},{"@type":"ListItem","position":3,"name":"Universaalne traktori\u00f5li Fluid TO-4 SAE 10W"}]},{"@type":"WebSite","@id":"https:\/\/uus.addinol.ee\/lt\/#website","url":"https:\/\/uus.addinol.ee\/lt\/","name":"ADDINOL","description":"Mootori&otilde;lid ja m&auml;&auml;&auml;rdeained igaks kasutusjuhuks","publisher":{"@id":"https:\/\/uus.addinol.ee\/lt\/#organization"},"potentialAction":[{"@type":"SearchAction","target":{"@type":"EntryPoint","urlTemplate":"https:\/\/uus.addinol.ee\/lt\/?s={search_term_string}"},"query-input":{"@type":"PropertyValueSpecification","valueRequired":true,"valueName":"search_term_string"}}],"inLanguage":"lt-LT"},{"@type":"Organization","@id":"https:\/\/uus.addinol.ee\/lt\/#organization","name":"ADDINOL","url":"https:\/\/uus.addinol.ee\/lt\/","logo":{"@type":"ImageObject","inLanguage":"lt-LT","@id":"https:\/\/uus.addinol.ee\/lt\/#\/schema\/logo\/image\/","url":"https:\/\/uus.addinol.ee\/wp-content\/uploads\/2024\/10\/1200px-ADDINOL-Logo.webp","contentUrl":"https:\/\/uus.addinol.ee\/wp-content\/uploads\/2024\/10\/1200px-ADDINOL-Logo.webp","width":1200,"height":431,"caption":"ADDINOL"},"image":{"@id":"https:\/\/uus.addinol.ee\/lt\/#\/schema\/logo\/image\/"},"sameAs":["https:\/\/www.facebook.com\/ADDINOLEesti\/","https:\/\/www.instagram.com\/addinol_eesti\/"]}]}},"_links":{"self":[{"href":"https:\/\/uus.addinol.ee\/lt\/wp-json\/wp\/v2\/product\/6195","targetHints":{"allow":["GET"]}}],"collection":[{"href":"https:\/\/uus.addinol.ee\/lt\/wp-json\/wp\/v2\/product"}],"about":[{"href":"https:\/\/uus.addinol.ee\/lt\/wp-json\/wp\/v2\/types\/product"}],"wp:featuredmedia":[{"embeddable":true,"href":"https:\/\/uus.addinol.ee\/lt\/wp-json\/wp\/v2\/media\/8128"}],"wp:attachment":[{"href":"https:\/\/uus.addinol.ee\/lt\/wp-json\/wp\/v2\/media?parent=6195"}],"wp:term":[{"taxonomy":"viscosity","embeddable":true,"href":"https:\/\/uus.addinol.ee\/lt\/wp-json\/wp\/v2\/viscosity?post=6195"},{"taxonomy":"product_brand","embeddable":true,"href":"https:\/\/uus.addinol.ee\/lt\/wp-json\/wp\/v2\/product_brand?post=6195"},{"taxonomy":"product_cat","embeddable":true,"href":"https:\/\/uus.addinol.ee\/lt\/wp-json\/wp\/v2\/product_cat?post=6195"},{"taxonomy":"product_tag","embeddable":true,"href":"https:\/\/uus.addinol.ee\/lt\/wp-json\/wp\/v2\/product_tag?post=6195"},{"taxonomy":"inventory","embeddable":true,"href":"https:\/\/uus.addinol.ee\/lt\/wp-json\/wp\/v2\/inventory?post=6195"}],"curies":[{"name":"wp","href":"https:\/\/api.w.org\/{rel}","templated":true}]}}