{"id":6197,"date":"2024-12-31T12:25:36","date_gmt":"2024-12-31T12:25:36","guid":{"rendered":"https:\/\/addinol.ee\/toode\/uldotstarbeline-pasta-tsm-400-spray\/"},"modified":"2025-10-14T11:35:04","modified_gmt":"2025-10-14T08:35:04","slug":"uldotstarbeline-pasta-tsm-400-spray","status":"publish","type":"product","link":"https:\/\/uus.addinol.ee\/lt\/toode\/uldotstarbeline-pasta-tsm-400-spray\/","title":{"rendered":"\u00dcldotstarbeline pasta TSM 400 Spray"},"content":{"rendered":"<p><strong>\u00dcldotstarbelise pasta TSM 400 Spray KASUTUSV\u00d5IMALUSED:<\/strong><br \/>\n\u2022 Sobib survekoormuse all t\u00f6\u00f6tavate h\u00f5\u00f5rdepaaride m\u00e4\u00e4rimiseks.<br \/>\n\u2022 \u00dcldotstarbeline pasta TSM 400 Spray on optimaalselt kasutatav \u00f5hukesekelmelise alusm\u00e4\u00e4rdena suurtel survekoormustel ja k\u00f5rgetel temperatuuridel.<br \/>\n\u2022 Sobib ideaalselt suuremate h\u00f5\u00f5rdepindade ja raskesti ligip\u00e4\u00e4setavate m\u00e4\u00e4rimiskohtade, nagu nt puuritud avade, keermete ja hammasv\u00f6\u00f6de m\u00e4\u00e4rimiseks.<br \/>\n\u2022 Sobib kasutamiseks keermestatud v\u00f5llide, suportide, juhikute ja liugpindade alusm\u00e4\u00e4rdena katkendliku h\u00fcpleva liikumise \u00e4rahoidmiseks.<br \/>\n\u2022 Kasutatav rataste, v\u00f5llide, laagrite jm peale- v\u00f5i sissepressimiseks.<br \/>\n\u2022 Sisset\u00f6\u00f6tamism\u00e4\u00e4re liugelaagrite, hammasrattapaaride, v\u00e4ntv\u00f5llide montaa\u017eil.<br \/>\n\u2022 Sobib kasutamiseks m\u00e4\u00e4rdeainena metallide k\u00fclmsurvet\u00f6\u00f6tlusel (laastu eemaldamiseta).<br \/>\n\u2022Sobib hammasrataste, ventiilide, kettide v\u00f5i v\u00f5llide tuliste keermesliidete m\u00e4\u00e4rimiseks.<\/p>\n<p><strong>KASUTAMINE<\/strong><br \/>\n\u2022 M\u00e4\u00e4ritav pind tuleb eelnevalt puhastada.<br \/>\n\u2022 Enne kasutamist loksutage aerosoolpakendit.<br \/>\n\u2022 Pihustage toodet \u00f5hukese ja \u00fchtlase kihina.<br \/>\n\u2022 Pihustamiskaugus: <em>ca<\/em> 20 cm.<br \/>\nPakendi sisust j\u00e4tkub 2 m\u00b2 suuruse pinna m\u00e4\u00e4rimiseks.<\/p>\n<p><strong>\u00dcldotstarbelise pasta TSM 400 Spray OMADUSED:<\/strong><br \/>\n\u2022 Pihustatav, hea nakkuvuse ja eraldamisv\u00f5imega<br \/>\n\u2022 V\u00e4ga v\u00e4ike h\u00f5\u00f5rdetegur<br \/>\n\u2022 Termiliselt stabiilne<br \/>\n\u2022 Korrosioonit\u00f5rjeomadustega<br \/>\n\u2022 Hoiab \u00e4ra katkendliku h\u00fcpleva liikumise<br \/>\n\u2022 Sisaldab tahket m\u00e4\u00e4rdeainet MoS2<br \/>\n\u2022 Sisaldab propaani- ja butaanip\u00f5hist kloorivaba propellenti<\/p>\n<p><strong>\u00dcldotstarbelise pasta TSM 400 Spray EELISED TARBIJALE:<\/strong><br \/>\n\u2022 Multifunktsionaalne, \u00f6konoomne<br \/>\n\u2022 Survekindel ja suurele koormusele vastupidav m\u00e4\u00e4rdekelme<br \/>\n\u2022 Sobib kasutamiseks k\u00f5rgtemperatuurilistes m\u00e4\u00e4rimiskohtades<br \/>\n\u2022 Kaitseb vibrokulumise eest<br \/>\n\u2022 V\u00e4listatud h\u00fcplev liikumine v\u00e4ikestel kiirustel ja suurtel koormustel<br \/>\n\u2022 Suurep\u00e4rane s\u00f6\u00f6bimisvastane kaitse<br \/>\n\u2022 V\u00f5imaldab detaile lahti monteerida ka pika kasutusperioodi j\u00e4rel<br \/>\n\u2022 V\u00e4listab metallist h\u00f5\u00f5rdepaaride s\u00f6\u00f6bimise<br \/>\n\u2022 Osoonis\u00f5bralik<\/p>\n","protected":false},"excerpt":{"rendered":"<p>\u00dcldotstarbeline ADDINOL TSM 400 Spray on survekindel musta v\u00e4rvi mol\u00fcbdeenpasta, mis sobib kasutamiseks montaa\u017ei- ja sisset\u00f6\u00f6tamism\u00e4\u00e4rdeainena \u00e4\u00e4rmuslikes ekspluatatsioonitingimustes. Tootes sisalduv tahke m\u00e4\u00e4rdeaine MoS2 kaitseb sisset\u00f6\u00f6tamiskahjustuste eest ning pakub s\u00f6\u00f6bimisvastast kaitset.<\/p>\n","protected":false},"featured_media":6520,"template":"","meta":{"_acf_changed":false},"viscosity":[],"product_brand":[],"product_cat":[588,151,734],"product_tag":[],"inventory":[],"class_list":{"0":"post-6197","1":"product","2":"type-product","3":"status-publish","4":"has-post-thumbnail","6":"product_cat-aerosoolid","7":"product_cat-toostusmaardeained","8":"product_cat-pastad","9":"pa_vali-pakend-500-ml","11":"first","12":"instock","13":"taxable","14":"shipping-taxable","15":"purchasable","16":"product-type-simple"},"acf":[],"yoast_head":"<!-- This site is optimized with the Yoast SEO plugin v27.5 - https:\/\/yoast.com\/product\/yoast-seo-wordpress\/ -->\n<title>\u00dcldotstarbeline pasta TSM 400 Spray - ADDINOL<\/title>\n<meta name=\"robots\" content=\"index, follow, max-snippet:-1, max-image-preview:large, max-video-preview:-1\" \/>\n<link rel=\"canonical\" href=\"https:\/\/uus.addinol.ee\/lt\/toode\/uldotstarbeline-pasta-tsm-400-spray\/\" \/>\n<meta property=\"og:locale\" content=\"lt_LT\" \/>\n<meta property=\"og:type\" content=\"article\" \/>\n<meta property=\"og:title\" content=\"\u00dcldotstarbeline pasta TSM 400 Spray - ADDINOL\" \/>\n<meta property=\"og:description\" content=\"\u00dcldotstarbeline ADDINOL TSM 400 Spray on survekindel musta v\u00e4rvi mol\u00fcbdeenpasta, mis sobib kasutamiseks montaa\u017ei- ja sisset\u00f6\u00f6tamism\u00e4\u00e4rdeainena \u00e4\u00e4rmuslikes ekspluatatsioonitingimustes. Tootes sisalduv tahke m\u00e4\u00e4rdeaine MoS2 kaitseb sisset\u00f6\u00f6tamiskahjustuste eest ning pakub s\u00f6\u00f6bimisvastast kaitset.\" \/>\n<meta property=\"og:url\" content=\"https:\/\/uus.addinol.ee\/lt\/toode\/uldotstarbeline-pasta-tsm-400-spray\/\" \/>\n<meta property=\"og:site_name\" content=\"ADDINOL\" \/>\n<meta property=\"article:publisher\" content=\"https:\/\/www.facebook.com\/ADDINOLEesti\/\" \/>\n<meta property=\"article:modified_time\" content=\"2025-10-14T08:35:04+00:00\" \/>\n<meta property=\"og:image\" content=\"https:\/\/uus.addinol.ee\/wp-content\/uploads\/2024\/12\/tsm-400-e1633331131816.png\" \/>\n\t<meta property=\"og:image:width\" content=\"1280\" \/>\n\t<meta property=\"og:image:height\" content=\"1280\" \/>\n\t<meta property=\"og:image:type\" content=\"image\/png\" \/>\n<meta name=\"twitter:card\" content=\"summary_large_image\" \/>\n<meta name=\"twitter:label1\" content=\"Est. reading time\" \/>\n\t<meta name=\"twitter:data1\" content=\"2 minutes\" \/>\n<script type=\"application\/ld+json\" class=\"yoast-schema-graph\">{\"@context\":\"https:\\\/\\\/schema.org\",\"@graph\":[{\"@type\":\"WebPage\",\"@id\":\"https:\\\/\\\/uus.addinol.ee\\\/lt\\\/toode\\\/uldotstarbeline-pasta-tsm-400-spray\\\/\",\"url\":\"https:\\\/\\\/uus.addinol.ee\\\/lt\\\/toode\\\/uldotstarbeline-pasta-tsm-400-spray\\\/\",\"name\":\"\u00dcldotstarbeline pasta TSM 400 Spray - ADDINOL\",\"isPartOf\":{\"@id\":\"https:\\\/\\\/uus.addinol.ee\\\/lt\\\/#website\"},\"primaryImageOfPage\":{\"@id\":\"https:\\\/\\\/uus.addinol.ee\\\/lt\\\/toode\\\/uldotstarbeline-pasta-tsm-400-spray\\\/#primaryimage\"},\"image\":{\"@id\":\"https:\\\/\\\/uus.addinol.ee\\\/lt\\\/toode\\\/uldotstarbeline-pasta-tsm-400-spray\\\/#primaryimage\"},\"thumbnailUrl\":\"https:\\\/\\\/uus.addinol.ee\\\/wp-content\\\/uploads\\\/2024\\\/12\\\/tsm-400-e1633331131816.png\",\"datePublished\":\"2024-12-31T12:25:36+00:00\",\"dateModified\":\"2025-10-14T08:35:04+00:00\",\"breadcrumb\":{\"@id\":\"https:\\\/\\\/uus.addinol.ee\\\/lt\\\/toode\\\/uldotstarbeline-pasta-tsm-400-spray\\\/#breadcrumb\"},\"inLanguage\":\"lt-LT\",\"potentialAction\":[{\"@type\":\"ReadAction\",\"target\":[\"https:\\\/\\\/uus.addinol.ee\\\/lt\\\/toode\\\/uldotstarbeline-pasta-tsm-400-spray\\\/\"]}]},{\"@type\":\"ImageObject\",\"inLanguage\":\"lt-LT\",\"@id\":\"https:\\\/\\\/uus.addinol.ee\\\/lt\\\/toode\\\/uldotstarbeline-pasta-tsm-400-spray\\\/#primaryimage\",\"url\":\"https:\\\/\\\/uus.addinol.ee\\\/wp-content\\\/uploads\\\/2024\\\/12\\\/tsm-400-e1633331131816.png\",\"contentUrl\":\"https:\\\/\\\/uus.addinol.ee\\\/wp-content\\\/uploads\\\/2024\\\/12\\\/tsm-400-e1633331131816.png\",\"width\":1280,\"height\":1280},{\"@type\":\"BreadcrumbList\",\"@id\":\"https:\\\/\\\/uus.addinol.ee\\\/lt\\\/toode\\\/uldotstarbeline-pasta-tsm-400-spray\\\/#breadcrumb\",\"itemListElement\":[{\"@type\":\"ListItem\",\"position\":1,\"name\":\"ADDINOL\",\"item\":\"https:\\\/\\\/uus.addinol.ee\\\/lt\\\/\"},{\"@type\":\"ListItem\",\"position\":2,\"name\":\"E-pood\",\"item\":\"https:\\\/\\\/uus.addinol.ee\\\/e-pood\\\/\"},{\"@type\":\"ListItem\",\"position\":3,\"name\":\"\u00dcldotstarbeline pasta TSM 400 Spray\"}]},{\"@type\":\"WebSite\",\"@id\":\"https:\\\/\\\/uus.addinol.ee\\\/lt\\\/#website\",\"url\":\"https:\\\/\\\/uus.addinol.ee\\\/lt\\\/\",\"name\":\"ADDINOL\",\"description\":\"Mootori&otilde;lid ja m&auml;&auml;&auml;rdeained igaks kasutusjuhuks\",\"publisher\":{\"@id\":\"https:\\\/\\\/uus.addinol.ee\\\/lt\\\/#organization\"},\"potentialAction\":[{\"@type\":\"SearchAction\",\"target\":{\"@type\":\"EntryPoint\",\"urlTemplate\":\"https:\\\/\\\/uus.addinol.ee\\\/lt\\\/?s={search_term_string}\"},\"query-input\":{\"@type\":\"PropertyValueSpecification\",\"valueRequired\":true,\"valueName\":\"search_term_string\"}}],\"inLanguage\":\"lt-LT\"},{\"@type\":\"Organization\",\"@id\":\"https:\\\/\\\/uus.addinol.ee\\\/lt\\\/#organization\",\"name\":\"ADDINOL\",\"url\":\"https:\\\/\\\/uus.addinol.ee\\\/lt\\\/\",\"logo\":{\"@type\":\"ImageObject\",\"inLanguage\":\"lt-LT\",\"@id\":\"https:\\\/\\\/uus.addinol.ee\\\/lt\\\/#\\\/schema\\\/logo\\\/image\\\/\",\"url\":\"https:\\\/\\\/uus.addinol.ee\\\/wp-content\\\/uploads\\\/2024\\\/10\\\/1200px-ADDINOL-Logo.webp\",\"contentUrl\":\"https:\\\/\\\/uus.addinol.ee\\\/wp-content\\\/uploads\\\/2024\\\/10\\\/1200px-ADDINOL-Logo.webp\",\"width\":1200,\"height\":431,\"caption\":\"ADDINOL\"},\"image\":{\"@id\":\"https:\\\/\\\/uus.addinol.ee\\\/lt\\\/#\\\/schema\\\/logo\\\/image\\\/\"},\"sameAs\":[\"https:\\\/\\\/www.facebook.com\\\/ADDINOLEesti\\\/\",\"https:\\\/\\\/www.instagram.com\\\/addinol_eesti\\\/\"]}]}<\/script>\n<!-- \/ Yoast SEO plugin. -->","yoast_head_json":{"title":"\u00dcldotstarbeline pasta TSM 400 Spray - ADDINOL","robots":{"index":"index","follow":"follow","max-snippet":"max-snippet:-1","max-image-preview":"max-image-preview:large","max-video-preview":"max-video-preview:-1"},"canonical":"https:\/\/uus.addinol.ee\/lt\/toode\/uldotstarbeline-pasta-tsm-400-spray\/","og_locale":"lt_LT","og_type":"article","og_title":"\u00dcldotstarbeline pasta TSM 400 Spray - ADDINOL","og_description":"\u00dcldotstarbeline ADDINOL TSM 400 Spray on survekindel musta v\u00e4rvi mol\u00fcbdeenpasta, mis sobib kasutamiseks montaa\u017ei- ja sisset\u00f6\u00f6tamism\u00e4\u00e4rdeainena \u00e4\u00e4rmuslikes ekspluatatsioonitingimustes. Tootes sisalduv tahke m\u00e4\u00e4rdeaine MoS2 kaitseb sisset\u00f6\u00f6tamiskahjustuste eest ning pakub s\u00f6\u00f6bimisvastast kaitset.","og_url":"https:\/\/uus.addinol.ee\/lt\/toode\/uldotstarbeline-pasta-tsm-400-spray\/","og_site_name":"ADDINOL","article_publisher":"https:\/\/www.facebook.com\/ADDINOLEesti\/","article_modified_time":"2025-10-14T08:35:04+00:00","og_image":[{"width":1280,"height":1280,"url":"https:\/\/uus.addinol.ee\/wp-content\/uploads\/2024\/12\/tsm-400-e1633331131816.png","type":"image\/png"}],"twitter_card":"summary_large_image","twitter_misc":{"Est. reading time":"2 minutes"},"schema":{"@context":"https:\/\/schema.org","@graph":[{"@type":"WebPage","@id":"https:\/\/uus.addinol.ee\/lt\/toode\/uldotstarbeline-pasta-tsm-400-spray\/","url":"https:\/\/uus.addinol.ee\/lt\/toode\/uldotstarbeline-pasta-tsm-400-spray\/","name":"\u00dcldotstarbeline pasta TSM 400 Spray - ADDINOL","isPartOf":{"@id":"https:\/\/uus.addinol.ee\/lt\/#website"},"primaryImageOfPage":{"@id":"https:\/\/uus.addinol.ee\/lt\/toode\/uldotstarbeline-pasta-tsm-400-spray\/#primaryimage"},"image":{"@id":"https:\/\/uus.addinol.ee\/lt\/toode\/uldotstarbeline-pasta-tsm-400-spray\/#primaryimage"},"thumbnailUrl":"https:\/\/uus.addinol.ee\/wp-content\/uploads\/2024\/12\/tsm-400-e1633331131816.png","datePublished":"2024-12-31T12:25:36+00:00","dateModified":"2025-10-14T08:35:04+00:00","breadcrumb":{"@id":"https:\/\/uus.addinol.ee\/lt\/toode\/uldotstarbeline-pasta-tsm-400-spray\/#breadcrumb"},"inLanguage":"lt-LT","potentialAction":[{"@type":"ReadAction","target":["https:\/\/uus.addinol.ee\/lt\/toode\/uldotstarbeline-pasta-tsm-400-spray\/"]}]},{"@type":"ImageObject","inLanguage":"lt-LT","@id":"https:\/\/uus.addinol.ee\/lt\/toode\/uldotstarbeline-pasta-tsm-400-spray\/#primaryimage","url":"https:\/\/uus.addinol.ee\/wp-content\/uploads\/2024\/12\/tsm-400-e1633331131816.png","contentUrl":"https:\/\/uus.addinol.ee\/wp-content\/uploads\/2024\/12\/tsm-400-e1633331131816.png","width":1280,"height":1280},{"@type":"BreadcrumbList","@id":"https:\/\/uus.addinol.ee\/lt\/toode\/uldotstarbeline-pasta-tsm-400-spray\/#breadcrumb","itemListElement":[{"@type":"ListItem","position":1,"name":"ADDINOL","item":"https:\/\/uus.addinol.ee\/lt\/"},{"@type":"ListItem","position":2,"name":"E-pood","item":"https:\/\/uus.addinol.ee\/e-pood\/"},{"@type":"ListItem","position":3,"name":"\u00dcldotstarbeline pasta TSM 400 Spray"}]},{"@type":"WebSite","@id":"https:\/\/uus.addinol.ee\/lt\/#website","url":"https:\/\/uus.addinol.ee\/lt\/","name":"ADDINOL","description":"Mootori&otilde;lid ja m&auml;&auml;&auml;rdeained igaks kasutusjuhuks","publisher":{"@id":"https:\/\/uus.addinol.ee\/lt\/#organization"},"potentialAction":[{"@type":"SearchAction","target":{"@type":"EntryPoint","urlTemplate":"https:\/\/uus.addinol.ee\/lt\/?s={search_term_string}"},"query-input":{"@type":"PropertyValueSpecification","valueRequired":true,"valueName":"search_term_string"}}],"inLanguage":"lt-LT"},{"@type":"Organization","@id":"https:\/\/uus.addinol.ee\/lt\/#organization","name":"ADDINOL","url":"https:\/\/uus.addinol.ee\/lt\/","logo":{"@type":"ImageObject","inLanguage":"lt-LT","@id":"https:\/\/uus.addinol.ee\/lt\/#\/schema\/logo\/image\/","url":"https:\/\/uus.addinol.ee\/wp-content\/uploads\/2024\/10\/1200px-ADDINOL-Logo.webp","contentUrl":"https:\/\/uus.addinol.ee\/wp-content\/uploads\/2024\/10\/1200px-ADDINOL-Logo.webp","width":1200,"height":431,"caption":"ADDINOL"},"image":{"@id":"https:\/\/uus.addinol.ee\/lt\/#\/schema\/logo\/image\/"},"sameAs":["https:\/\/www.facebook.com\/ADDINOLEesti\/","https:\/\/www.instagram.com\/addinol_eesti\/"]}]}},"_links":{"self":[{"href":"https:\/\/uus.addinol.ee\/lt\/wp-json\/wp\/v2\/product\/6197","targetHints":{"allow":["GET"]}}],"collection":[{"href":"https:\/\/uus.addinol.ee\/lt\/wp-json\/wp\/v2\/product"}],"about":[{"href":"https:\/\/uus.addinol.ee\/lt\/wp-json\/wp\/v2\/types\/product"}],"wp:featuredmedia":[{"embeddable":true,"href":"https:\/\/uus.addinol.ee\/lt\/wp-json\/wp\/v2\/media\/6520"}],"wp:attachment":[{"href":"https:\/\/uus.addinol.ee\/lt\/wp-json\/wp\/v2\/media?parent=6197"}],"wp:term":[{"taxonomy":"viscosity","embeddable":true,"href":"https:\/\/uus.addinol.ee\/lt\/wp-json\/wp\/v2\/viscosity?post=6197"},{"taxonomy":"product_brand","embeddable":true,"href":"https:\/\/uus.addinol.ee\/lt\/wp-json\/wp\/v2\/product_brand?post=6197"},{"taxonomy":"product_cat","embeddable":true,"href":"https:\/\/uus.addinol.ee\/lt\/wp-json\/wp\/v2\/product_cat?post=6197"},{"taxonomy":"product_tag","embeddable":true,"href":"https:\/\/uus.addinol.ee\/lt\/wp-json\/wp\/v2\/product_tag?post=6197"},{"taxonomy":"inventory","embeddable":true,"href":"https:\/\/uus.addinol.ee\/lt\/wp-json\/wp\/v2\/inventory?post=6197"}],"curies":[{"name":"wp","href":"https:\/\/api.w.org\/{rel}","templated":true}]}}