{"id":6199,"date":"2024-12-31T12:25:36","date_gmt":"2024-12-31T12:25:36","guid":{"rendered":"https:\/\/addinol.ee\/toode\/universaalne-traktorioli-utto\/"},"modified":"2025-07-04T11:39:51","modified_gmt":"2025-07-04T08:39:51","slug":"universaalne-traktorioli-utto","status":"publish","type":"product","link":"https:\/\/uus.addinol.ee\/lt\/toode\/universaalne-traktorioli-utto\/","title":{"rendered":"Universaalne traktori\u00f5li UTTO"},"content":{"rendered":"<p><strong>Universaalse traktori\u00f5li UTTO KASUTUSV\u00d5IMALUSED:<\/strong><br \/>\n\u2022 Sobib ideaalselt traktorite, metsat\u00f6\u00f6- ja ehitusmasinate ning p\u00f5llumajandustehnika j\u00f5u\u00fclekannete, veosildade, h\u00fcdros\u00fcsteemide ning m\u00e4rgpidurite ja sidurite m\u00e4\u00e4rimiseks.<\/p>\n<p><strong>Universaalse traktori\u00f5li UTTO SPETSIFIKATSIOON \/ LITSENTSID:<\/strong><br \/>\nADDINOL UTTO omab litsentse:<br \/>\n\u2022 ZF000509: ZF TE-ML 03E, 05F, 06K, 17E, 21F<\/p>\n<p>ADDINOL UTTO sobib kasutamiseks:<br \/>\n\u2022 AGCO-Allis (k.a. Gleaner), Allis-Chalmers, Deutz-Allis-MWM, Massey-Ferguson, White Farm Equipment (k.a: Oliver, New Idea, Minneapolis-Moline), Allison, Caterpillar, CNH Global N.V. (Case International: Case \u2013IH, Case-ICH, JI Case), International Farmall, International Harvester, Steiger, New Holland (Fiat): Ford, New Holland Sperry-Vickers, Versatile, David Brown, Denison, Claas, Hesston-Fiat (ainult traktorid), John Deere, Komatsu Dresser, Kubota, Renk Doromat, Steyr, ZF, TCM Forklifts, Valtra, Fendt.<\/p>\n<p>ADDINOL UTTO t\u00e4idab ja \u00fcletab n\u00f5udeid kasutamiseks transmissioonides ning m\u00e4rgpidurites \/ sidurites:<br \/>\n\u2022 API GL-4<\/p>\n<p>ADDINOL UTTO t\u00e4idab ja \u00fcletab n\u00f5udeid kasutamiseks h\u00fcdros\u00fcsteemides:<br \/>\n\u2022 DIN 51524-2 (HLPD)<br \/>\n\u2022 DIN 51524-3 (HVLPD)<\/p>\n<p><strong>T\u00c4HELEPANU<\/strong><br \/>\nUniversaalset traktori\u00f5li UTTO ADDINOL ei tohi kasutada mootori\u00f5lina!<\/p>\n<p><strong>Universaalse traktori\u00f5li UTTO OMADUSED:<\/strong><br \/>\n\u2022 Vananemiskindel<br \/>\n\u2022 Tasakaalustatud h\u00f5\u00f5rdumisomadused<br \/>\n\u2022 K\u00f5rge nihkepinge stabiilsus<br \/>\n\u2022 Optimaalne kulumiskaitse<br \/>\n\u2022 Multiviskoosne<\/p>\n<p><strong>Universaalse traktori\u00f5li UTTO EELISED TARBIJALE:<\/strong><br \/>\n\u2022 M\u00e4\u00e4rdeaine pikk kasutusiga<br \/>\n\u2022 V\u00e4listatud m\u00e4rgpidurite libisemine ja kinnij\u00e4\u00e4mine<br \/>\n\u2022 Stabiilne viskoossus ka pikalt esinevatel suurtel koormustel<br \/>\n\u2022 V\u00e4ga hea masinaosade kaitse<br \/>\n\u2022 V\u00f5imalik kasutada aastaringselt<\/p>\n","protected":false},"excerpt":{"rendered":"<p>Universaalne traktori\u00f5li ADDINOL UTTO on UTTO t\u00fc\u00fcpi \u00f5li viskoossusklassis SAE 80W (10W-30).<br \/>\nUniversaalne traktrori\u00f5li ADDINOL UTTO on toodetud k\u00f5rgkvaliteetsetest mineraalsetest baas\u00f5lidest ja t\u00f5husatest manustest, mis tagavad ehitus- ja p\u00f5llut\u00f6\u00f6masinate transmissioonide, veosildade ja h\u00fcdros\u00fcsteemide t\u00f6\u00f6kindluse.<\/p>\n","protected":false},"featured_media":10734,"template":"","meta":{"_acf_changed":false},"viscosity":[746,750],"product_brand":[],"product_cat":[150,158],"product_tag":[],"inventory":[],"class_list":{"0":"post-6199","1":"product","2":"type-product","3":"status-publish","4":"has-post-thumbnail","6":"viscosity-10w-30","7":"viscosity-80w","8":"product_cat-mootorsoidukite-maardeained","9":"product_cat-traktoriolid","10":"pa_vali-pakend-utto-205l","11":"pa_vali-pakend-utto-20l","12":"pa_vali-pakend-utto-57l","14":"first","15":"instock","16":"taxable","17":"shipping-taxable","18":"purchasable","19":"product-type-variable"},"acf":[],"yoast_head":"<!-- This site is optimized with the Yoast SEO plugin v27.5 - https:\/\/yoast.com\/product\/yoast-seo-wordpress\/ -->\n<title>Universaalne traktori\u00f5li UTTO - ADDINOL<\/title>\n<meta name=\"robots\" content=\"index, follow, max-snippet:-1, max-image-preview:large, max-video-preview:-1\" \/>\n<link rel=\"canonical\" href=\"https:\/\/uus.addinol.ee\/lt\/toode\/universaalne-traktorioli-utto\/\" \/>\n<meta property=\"og:locale\" content=\"lt_LT\" \/>\n<meta property=\"og:type\" content=\"article\" \/>\n<meta property=\"og:title\" content=\"Universaalne traktori\u00f5li UTTO - ADDINOL\" \/>\n<meta property=\"og:description\" content=\"Universaalne traktori\u00f5li ADDINOL UTTO on UTTO t\u00fc\u00fcpi \u00f5li viskoossusklassis SAE 80W (10W-30). Universaalne traktrori\u00f5li ADDINOL UTTO on toodetud k\u00f5rgkvaliteetsetest mineraalsetest baas\u00f5lidest ja t\u00f5husatest manustest, mis tagavad ehitus- ja p\u00f5llut\u00f6\u00f6masinate transmissioonide, veosildade ja h\u00fcdros\u00fcsteemide t\u00f6\u00f6kindluse.\" \/>\n<meta property=\"og:url\" content=\"https:\/\/uus.addinol.ee\/lt\/toode\/universaalne-traktorioli-utto\/\" \/>\n<meta property=\"og:site_name\" content=\"ADDINOL\" \/>\n<meta property=\"article:publisher\" content=\"https:\/\/www.facebook.com\/ADDINOLEesti\/\" \/>\n<meta property=\"article:modified_time\" content=\"2025-07-04T08:39:51+00:00\" \/>\n<meta property=\"og:image\" content=\"https:\/\/uus.addinol.ee\/wp-content\/uploads\/2024\/12\/74400363_utto_20l-can-e1750862395255.png\" \/>\n\t<meta property=\"og:image:width\" content=\"1000\" \/>\n\t<meta property=\"og:image:height\" content=\"957\" \/>\n\t<meta property=\"og:image:type\" content=\"image\/png\" \/>\n<meta name=\"twitter:card\" content=\"summary_large_image\" \/>\n<meta name=\"twitter:label1\" content=\"Est. reading time\" \/>\n\t<meta name=\"twitter:data1\" content=\"2 minutes\" \/>\n<script type=\"application\/ld+json\" class=\"yoast-schema-graph\">{\"@context\":\"https:\\\/\\\/schema.org\",\"@graph\":[{\"@type\":\"WebPage\",\"@id\":\"https:\\\/\\\/uus.addinol.ee\\\/lt\\\/toode\\\/universaalne-traktorioli-utto\\\/\",\"url\":\"https:\\\/\\\/uus.addinol.ee\\\/lt\\\/toode\\\/universaalne-traktorioli-utto\\\/\",\"name\":\"Universaalne traktori\u00f5li UTTO - ADDINOL\",\"isPartOf\":{\"@id\":\"https:\\\/\\\/uus.addinol.ee\\\/lt\\\/#website\"},\"primaryImageOfPage\":{\"@id\":\"https:\\\/\\\/uus.addinol.ee\\\/lt\\\/toode\\\/universaalne-traktorioli-utto\\\/#primaryimage\"},\"image\":{\"@id\":\"https:\\\/\\\/uus.addinol.ee\\\/lt\\\/toode\\\/universaalne-traktorioli-utto\\\/#primaryimage\"},\"thumbnailUrl\":\"https:\\\/\\\/uus.addinol.ee\\\/wp-content\\\/uploads\\\/2024\\\/12\\\/74400363_utto_20l-can-e1750862395255.png\",\"datePublished\":\"2024-12-31T12:25:36+00:00\",\"dateModified\":\"2025-07-04T08:39:51+00:00\",\"breadcrumb\":{\"@id\":\"https:\\\/\\\/uus.addinol.ee\\\/lt\\\/toode\\\/universaalne-traktorioli-utto\\\/#breadcrumb\"},\"inLanguage\":\"lt-LT\",\"potentialAction\":[{\"@type\":\"ReadAction\",\"target\":[\"https:\\\/\\\/uus.addinol.ee\\\/lt\\\/toode\\\/universaalne-traktorioli-utto\\\/\"]}]},{\"@type\":\"ImageObject\",\"inLanguage\":\"lt-LT\",\"@id\":\"https:\\\/\\\/uus.addinol.ee\\\/lt\\\/toode\\\/universaalne-traktorioli-utto\\\/#primaryimage\",\"url\":\"https:\\\/\\\/uus.addinol.ee\\\/wp-content\\\/uploads\\\/2024\\\/12\\\/74400363_utto_20l-can-e1750862395255.png\",\"contentUrl\":\"https:\\\/\\\/uus.addinol.ee\\\/wp-content\\\/uploads\\\/2024\\\/12\\\/74400363_utto_20l-can-e1750862395255.png\",\"width\":1000,\"height\":957},{\"@type\":\"BreadcrumbList\",\"@id\":\"https:\\\/\\\/uus.addinol.ee\\\/lt\\\/toode\\\/universaalne-traktorioli-utto\\\/#breadcrumb\",\"itemListElement\":[{\"@type\":\"ListItem\",\"position\":1,\"name\":\"ADDINOL\",\"item\":\"https:\\\/\\\/uus.addinol.ee\\\/lt\\\/\"},{\"@type\":\"ListItem\",\"position\":2,\"name\":\"E-pood\",\"item\":\"https:\\\/\\\/uus.addinol.ee\\\/e-pood\\\/\"},{\"@type\":\"ListItem\",\"position\":3,\"name\":\"Universaalne traktori\u00f5li UTTO\"}]},{\"@type\":\"WebSite\",\"@id\":\"https:\\\/\\\/uus.addinol.ee\\\/lt\\\/#website\",\"url\":\"https:\\\/\\\/uus.addinol.ee\\\/lt\\\/\",\"name\":\"ADDINOL\",\"description\":\"Mootori&otilde;lid ja m&auml;&auml;&auml;rdeained igaks kasutusjuhuks\",\"publisher\":{\"@id\":\"https:\\\/\\\/uus.addinol.ee\\\/lt\\\/#organization\"},\"potentialAction\":[{\"@type\":\"SearchAction\",\"target\":{\"@type\":\"EntryPoint\",\"urlTemplate\":\"https:\\\/\\\/uus.addinol.ee\\\/lt\\\/?s={search_term_string}\"},\"query-input\":{\"@type\":\"PropertyValueSpecification\",\"valueRequired\":true,\"valueName\":\"search_term_string\"}}],\"inLanguage\":\"lt-LT\"},{\"@type\":\"Organization\",\"@id\":\"https:\\\/\\\/uus.addinol.ee\\\/lt\\\/#organization\",\"name\":\"ADDINOL\",\"url\":\"https:\\\/\\\/uus.addinol.ee\\\/lt\\\/\",\"logo\":{\"@type\":\"ImageObject\",\"inLanguage\":\"lt-LT\",\"@id\":\"https:\\\/\\\/uus.addinol.ee\\\/lt\\\/#\\\/schema\\\/logo\\\/image\\\/\",\"url\":\"https:\\\/\\\/uus.addinol.ee\\\/wp-content\\\/uploads\\\/2024\\\/10\\\/1200px-ADDINOL-Logo.webp\",\"contentUrl\":\"https:\\\/\\\/uus.addinol.ee\\\/wp-content\\\/uploads\\\/2024\\\/10\\\/1200px-ADDINOL-Logo.webp\",\"width\":1200,\"height\":431,\"caption\":\"ADDINOL\"},\"image\":{\"@id\":\"https:\\\/\\\/uus.addinol.ee\\\/lt\\\/#\\\/schema\\\/logo\\\/image\\\/\"},\"sameAs\":[\"https:\\\/\\\/www.facebook.com\\\/ADDINOLEesti\\\/\",\"https:\\\/\\\/www.instagram.com\\\/addinol_eesti\\\/\"]}]}<\/script>\n<!-- \/ Yoast SEO plugin. -->","yoast_head_json":{"title":"Universaalne traktori\u00f5li UTTO - ADDINOL","robots":{"index":"index","follow":"follow","max-snippet":"max-snippet:-1","max-image-preview":"max-image-preview:large","max-video-preview":"max-video-preview:-1"},"canonical":"https:\/\/uus.addinol.ee\/lt\/toode\/universaalne-traktorioli-utto\/","og_locale":"lt_LT","og_type":"article","og_title":"Universaalne traktori\u00f5li UTTO - ADDINOL","og_description":"Universaalne traktori\u00f5li ADDINOL UTTO on UTTO t\u00fc\u00fcpi \u00f5li viskoossusklassis SAE 80W (10W-30). Universaalne traktrori\u00f5li ADDINOL UTTO on toodetud k\u00f5rgkvaliteetsetest mineraalsetest baas\u00f5lidest ja t\u00f5husatest manustest, mis tagavad ehitus- ja p\u00f5llut\u00f6\u00f6masinate transmissioonide, veosildade ja h\u00fcdros\u00fcsteemide t\u00f6\u00f6kindluse.","og_url":"https:\/\/uus.addinol.ee\/lt\/toode\/universaalne-traktorioli-utto\/","og_site_name":"ADDINOL","article_publisher":"https:\/\/www.facebook.com\/ADDINOLEesti\/","article_modified_time":"2025-07-04T08:39:51+00:00","og_image":[{"width":1000,"height":957,"url":"https:\/\/uus.addinol.ee\/wp-content\/uploads\/2024\/12\/74400363_utto_20l-can-e1750862395255.png","type":"image\/png"}],"twitter_card":"summary_large_image","twitter_misc":{"Est. reading time":"2 minutes"},"schema":{"@context":"https:\/\/schema.org","@graph":[{"@type":"WebPage","@id":"https:\/\/uus.addinol.ee\/lt\/toode\/universaalne-traktorioli-utto\/","url":"https:\/\/uus.addinol.ee\/lt\/toode\/universaalne-traktorioli-utto\/","name":"Universaalne traktori\u00f5li UTTO - ADDINOL","isPartOf":{"@id":"https:\/\/uus.addinol.ee\/lt\/#website"},"primaryImageOfPage":{"@id":"https:\/\/uus.addinol.ee\/lt\/toode\/universaalne-traktorioli-utto\/#primaryimage"},"image":{"@id":"https:\/\/uus.addinol.ee\/lt\/toode\/universaalne-traktorioli-utto\/#primaryimage"},"thumbnailUrl":"https:\/\/uus.addinol.ee\/wp-content\/uploads\/2024\/12\/74400363_utto_20l-can-e1750862395255.png","datePublished":"2024-12-31T12:25:36+00:00","dateModified":"2025-07-04T08:39:51+00:00","breadcrumb":{"@id":"https:\/\/uus.addinol.ee\/lt\/toode\/universaalne-traktorioli-utto\/#breadcrumb"},"inLanguage":"lt-LT","potentialAction":[{"@type":"ReadAction","target":["https:\/\/uus.addinol.ee\/lt\/toode\/universaalne-traktorioli-utto\/"]}]},{"@type":"ImageObject","inLanguage":"lt-LT","@id":"https:\/\/uus.addinol.ee\/lt\/toode\/universaalne-traktorioli-utto\/#primaryimage","url":"https:\/\/uus.addinol.ee\/wp-content\/uploads\/2024\/12\/74400363_utto_20l-can-e1750862395255.png","contentUrl":"https:\/\/uus.addinol.ee\/wp-content\/uploads\/2024\/12\/74400363_utto_20l-can-e1750862395255.png","width":1000,"height":957},{"@type":"BreadcrumbList","@id":"https:\/\/uus.addinol.ee\/lt\/toode\/universaalne-traktorioli-utto\/#breadcrumb","itemListElement":[{"@type":"ListItem","position":1,"name":"ADDINOL","item":"https:\/\/uus.addinol.ee\/lt\/"},{"@type":"ListItem","position":2,"name":"E-pood","item":"https:\/\/uus.addinol.ee\/e-pood\/"},{"@type":"ListItem","position":3,"name":"Universaalne traktori\u00f5li UTTO"}]},{"@type":"WebSite","@id":"https:\/\/uus.addinol.ee\/lt\/#website","url":"https:\/\/uus.addinol.ee\/lt\/","name":"ADDINOL","description":"Mootori&otilde;lid ja m&auml;&auml;&auml;rdeained igaks kasutusjuhuks","publisher":{"@id":"https:\/\/uus.addinol.ee\/lt\/#organization"},"potentialAction":[{"@type":"SearchAction","target":{"@type":"EntryPoint","urlTemplate":"https:\/\/uus.addinol.ee\/lt\/?s={search_term_string}"},"query-input":{"@type":"PropertyValueSpecification","valueRequired":true,"valueName":"search_term_string"}}],"inLanguage":"lt-LT"},{"@type":"Organization","@id":"https:\/\/uus.addinol.ee\/lt\/#organization","name":"ADDINOL","url":"https:\/\/uus.addinol.ee\/lt\/","logo":{"@type":"ImageObject","inLanguage":"lt-LT","@id":"https:\/\/uus.addinol.ee\/lt\/#\/schema\/logo\/image\/","url":"https:\/\/uus.addinol.ee\/wp-content\/uploads\/2024\/10\/1200px-ADDINOL-Logo.webp","contentUrl":"https:\/\/uus.addinol.ee\/wp-content\/uploads\/2024\/10\/1200px-ADDINOL-Logo.webp","width":1200,"height":431,"caption":"ADDINOL"},"image":{"@id":"https:\/\/uus.addinol.ee\/lt\/#\/schema\/logo\/image\/"},"sameAs":["https:\/\/www.facebook.com\/ADDINOLEesti\/","https:\/\/www.instagram.com\/addinol_eesti\/"]}]}},"_links":{"self":[{"href":"https:\/\/uus.addinol.ee\/lt\/wp-json\/wp\/v2\/product\/6199","targetHints":{"allow":["GET"]}}],"collection":[{"href":"https:\/\/uus.addinol.ee\/lt\/wp-json\/wp\/v2\/product"}],"about":[{"href":"https:\/\/uus.addinol.ee\/lt\/wp-json\/wp\/v2\/types\/product"}],"wp:featuredmedia":[{"embeddable":true,"href":"https:\/\/uus.addinol.ee\/lt\/wp-json\/wp\/v2\/media\/10734"}],"wp:attachment":[{"href":"https:\/\/uus.addinol.ee\/lt\/wp-json\/wp\/v2\/media?parent=6199"}],"wp:term":[{"taxonomy":"viscosity","embeddable":true,"href":"https:\/\/uus.addinol.ee\/lt\/wp-json\/wp\/v2\/viscosity?post=6199"},{"taxonomy":"product_brand","embeddable":true,"href":"https:\/\/uus.addinol.ee\/lt\/wp-json\/wp\/v2\/product_brand?post=6199"},{"taxonomy":"product_cat","embeddable":true,"href":"https:\/\/uus.addinol.ee\/lt\/wp-json\/wp\/v2\/product_cat?post=6199"},{"taxonomy":"product_tag","embeddable":true,"href":"https:\/\/uus.addinol.ee\/lt\/wp-json\/wp\/v2\/product_tag?post=6199"},{"taxonomy":"inventory","embeddable":true,"href":"https:\/\/uus.addinol.ee\/lt\/wp-json\/wp\/v2\/inventory?post=6199"}],"curies":[{"name":"wp","href":"https:\/\/api.w.org\/{rel}","templated":true}]}}