{"id":6209,"date":"2024-12-31T12:25:57","date_gmt":"2024-12-31T12:25:57","guid":{"rendered":"https:\/\/addinol.ee\/toode\/valgeoli-weisol-wx-32\/"},"modified":"2025-10-14T11:35:11","modified_gmt":"2025-10-14T08:35:11","slug":"valgeoli-weisol-wx-32","status":"publish","type":"product","link":"https:\/\/uus.addinol.ee\/lt\/toode\/valgeoli-weisol-wx-32\/","title":{"rendered":"Valge\u00f5li Wei\u00df\u00f6l WX 32"},"content":{"rendered":"<p><strong>Valge\u00f5li WX 32 KASUTUSV\u00d5IMALUSED:<\/strong><br \/>\nFarmaatsiat\u00f6\u00f6stuses:<br \/>\n\u2022 sobib suurep\u00e4raselt kasutamiseks tahkete ja pooltahkete koostisosade kandeainena,<br \/>\n\u2022 salvide, lahtistite, kapslite ja tablettide baasina.<br \/>\nKosmeetikat\u00f6\u00f6stuses:<br \/>\n\u2022 sobib v\u00e4ga h\u00e4sti kasutamiseks salvide, pastade, juukse- ja nahahooldusvahendite, huulepulkade, beebi\u00f5lide, kaitse- ja puhastuskreemide baaskomponendina.<br \/>\nToiduaine- ja pakendit\u00f6\u00f6stuses:<br \/>\n\u2022 sobib suurep\u00e4raselt toiduainete pakendamismasinate ja pakkematerjali tootmismasinate m\u00e4\u00e4rimiseks,<br \/>\n\u2022 kasutamiseks absorbendina \u00f5liveskite ekstraktsiooniseadmetes.<br \/>\nKeemiat\u00f6\u00f6stuses:<br \/>\n\u2022 sobib tehnoloogiliste m\u00e4\u00e4rdeainetena kasutamiseks plastgraanulite ja elastomeer\u00fchendite (pol\u00fcst\u00fcreeni, EPDM kummi, SBS, SEBS) tootmisel.<\/p>\n<p><strong>Valge\u00f5li WX 32 SPETSIFIKATSIOON \/ LITSENTSID<\/strong><br \/>\nRegistreeritud:<br \/>\n\u2022 NSF H1, 3H<br \/>\n\u2022 ko\u0161\u0161er<br \/>\n\u2022 <em>halal<\/em><\/p>\n<p><strong>Valge\u00f5li WX 32 t\u00e4idab j\u00e4rgnevate spetsifikatsioonide puhtusealaseid n\u00f5udeid:<\/strong><br \/>\n\u2022 Saksa ravimiraamat (DAB)*<br \/>\n\u2022 Euroopa farmakop\u00f6a (PhEur)*<br \/>\n\u2022 Briti farmakop\u00f6a (BP)*<br \/>\n\u2022 \u00dchendriikide farmakop\u00f6a (USP)*<br \/>\n\u2022 USA Toidu- ja Ravimiamet (FDA)*<br \/>\n\u2022 21 CFR 178.3620(a)<br \/>\n* vastavalt hetkel kehtivale v\u00e4ljaandele<\/p>\n<p><strong>Valge\u00f5li WX 32 OMADUSED:<\/strong><br \/>\n\u2022 L\u00f5hnatu ja maitsetu, ei sisalda aromaatseid s\u00fcsivesinikke<br \/>\n\u2022 L\u00e4bipaistev<br \/>\n\u2022 V\u00e4ga vastupidav keskkonnam\u00f5judele<br \/>\n\u2022 Erakordselt hea vee t\u00f5rjumisv\u00f5ime ja roomavusega<br \/>\n\u2022 Oks\u00fcdatsioonikindel<\/p>\n<p>Valge\u00f5li WX 32 EELISED TARBIJALE:<br \/>\n\u2022 Sobib ideaalselt kasutamiseks farmaatsia- ja toiduainet\u00f6\u00f6stuses, f\u00fcsioloogiliselt ohutu<br \/>\n\u2022 Ei muuda v\u00e4rvust<br \/>\n\u2022 V\u00e4rvuse p\u00fcsimine ka soojuse ja valguse toimel<br \/>\n\u2022 Tagatud suurep\u00e4rane korrosioonikaitse<br \/>\n\u2022 Ei vaigustu<\/p>\n","protected":false},"excerpt":{"rendered":"<p>Valge\u00f5li ADDINOL Wei\u00df\u00f6l WX 32 on hoolikalt rafineeritud mineraal\u00f5li.<\/p>\n","protected":false},"featured_media":10756,"template":"","meta":{"_acf_changed":false},"viscosity":[],"product_brand":[],"product_cat":[151,202],"product_tag":[],"inventory":[],"class_list":{"0":"post-6209","1":"product","2":"type-product","3":"status-publish","4":"has-post-thumbnail","6":"product_cat-toostusmaardeained","7":"product_cat-maardeained-toiduainetoostusele","8":"pa_vali-pakend-20l","10":"first","11":"instock","12":"taxable","13":"shipping-taxable","14":"purchasable","15":"product-type-simple"},"acf":[],"yoast_head":"<!-- This site is optimized with the Yoast SEO plugin v27.5 - https:\/\/yoast.com\/product\/yoast-seo-wordpress\/ -->\n<title>Valge\u00f5li Wei\u00df\u00f6l WX 32 - ADDINOL<\/title>\n<meta name=\"robots\" content=\"index, follow, max-snippet:-1, max-image-preview:large, max-video-preview:-1\" \/>\n<link rel=\"canonical\" href=\"https:\/\/uus.addinol.ee\/lt\/toode\/valgeoli-weisol-wx-32\/\" \/>\n<meta property=\"og:locale\" content=\"lt_LT\" \/>\n<meta property=\"og:type\" content=\"article\" \/>\n<meta property=\"og:title\" content=\"Valge\u00f5li Wei\u00df\u00f6l WX 32 - ADDINOL\" \/>\n<meta property=\"og:description\" content=\"Valge\u00f5li ADDINOL Wei\u00df\u00f6l WX 32 on hoolikalt rafineeritud mineraal\u00f5li.\" \/>\n<meta property=\"og:url\" content=\"https:\/\/uus.addinol.ee\/lt\/toode\/valgeoli-weisol-wx-32\/\" \/>\n<meta property=\"og:site_name\" content=\"ADDINOL\" \/>\n<meta property=\"article:publisher\" content=\"https:\/\/www.facebook.com\/ADDINOLEesti\/\" \/>\n<meta property=\"article:modified_time\" content=\"2025-10-14T08:35:11+00:00\" \/>\n<meta property=\"og:image\" content=\"https:\/\/uus.addinol.ee\/wp-content\/uploads\/2024\/12\/weisol-wx-32_20.png\" \/>\n\t<meta property=\"og:image:width\" content=\"1000\" \/>\n\t<meta property=\"og:image:height\" content=\"957\" \/>\n\t<meta property=\"og:image:type\" content=\"image\/png\" \/>\n<meta name=\"twitter:card\" content=\"summary_large_image\" \/>\n<meta name=\"twitter:label1\" content=\"Est. reading time\" \/>\n\t<meta name=\"twitter:data1\" content=\"2 minutes\" \/>\n<script type=\"application\/ld+json\" class=\"yoast-schema-graph\">{\"@context\":\"https:\\\/\\\/schema.org\",\"@graph\":[{\"@type\":\"WebPage\",\"@id\":\"https:\\\/\\\/uus.addinol.ee\\\/lt\\\/toode\\\/valgeoli-weisol-wx-32\\\/\",\"url\":\"https:\\\/\\\/uus.addinol.ee\\\/lt\\\/toode\\\/valgeoli-weisol-wx-32\\\/\",\"name\":\"Valge\u00f5li Wei\u00df\u00f6l WX 32 - ADDINOL\",\"isPartOf\":{\"@id\":\"https:\\\/\\\/uus.addinol.ee\\\/lt\\\/#website\"},\"primaryImageOfPage\":{\"@id\":\"https:\\\/\\\/uus.addinol.ee\\\/lt\\\/toode\\\/valgeoli-weisol-wx-32\\\/#primaryimage\"},\"image\":{\"@id\":\"https:\\\/\\\/uus.addinol.ee\\\/lt\\\/toode\\\/valgeoli-weisol-wx-32\\\/#primaryimage\"},\"thumbnailUrl\":\"https:\\\/\\\/uus.addinol.ee\\\/wp-content\\\/uploads\\\/2024\\\/12\\\/weisol-wx-32_20.png\",\"datePublished\":\"2024-12-31T12:25:57+00:00\",\"dateModified\":\"2025-10-14T08:35:11+00:00\",\"breadcrumb\":{\"@id\":\"https:\\\/\\\/uus.addinol.ee\\\/lt\\\/toode\\\/valgeoli-weisol-wx-32\\\/#breadcrumb\"},\"inLanguage\":\"lt-LT\",\"potentialAction\":[{\"@type\":\"ReadAction\",\"target\":[\"https:\\\/\\\/uus.addinol.ee\\\/lt\\\/toode\\\/valgeoli-weisol-wx-32\\\/\"]}]},{\"@type\":\"ImageObject\",\"inLanguage\":\"lt-LT\",\"@id\":\"https:\\\/\\\/uus.addinol.ee\\\/lt\\\/toode\\\/valgeoli-weisol-wx-32\\\/#primaryimage\",\"url\":\"https:\\\/\\\/uus.addinol.ee\\\/wp-content\\\/uploads\\\/2024\\\/12\\\/weisol-wx-32_20.png\",\"contentUrl\":\"https:\\\/\\\/uus.addinol.ee\\\/wp-content\\\/uploads\\\/2024\\\/12\\\/weisol-wx-32_20.png\",\"width\":1000,\"height\":957},{\"@type\":\"BreadcrumbList\",\"@id\":\"https:\\\/\\\/uus.addinol.ee\\\/lt\\\/toode\\\/valgeoli-weisol-wx-32\\\/#breadcrumb\",\"itemListElement\":[{\"@type\":\"ListItem\",\"position\":1,\"name\":\"ADDINOL\",\"item\":\"https:\\\/\\\/uus.addinol.ee\\\/lt\\\/\"},{\"@type\":\"ListItem\",\"position\":2,\"name\":\"E-pood\",\"item\":\"https:\\\/\\\/uus.addinol.ee\\\/e-pood\\\/\"},{\"@type\":\"ListItem\",\"position\":3,\"name\":\"Valge\u00f5li Wei\u00df\u00f6l WX 32\"}]},{\"@type\":\"WebSite\",\"@id\":\"https:\\\/\\\/uus.addinol.ee\\\/lt\\\/#website\",\"url\":\"https:\\\/\\\/uus.addinol.ee\\\/lt\\\/\",\"name\":\"ADDINOL\",\"description\":\"Mootori&otilde;lid ja m&auml;&auml;&auml;rdeained igaks kasutusjuhuks\",\"publisher\":{\"@id\":\"https:\\\/\\\/uus.addinol.ee\\\/lt\\\/#organization\"},\"potentialAction\":[{\"@type\":\"SearchAction\",\"target\":{\"@type\":\"EntryPoint\",\"urlTemplate\":\"https:\\\/\\\/uus.addinol.ee\\\/lt\\\/?s={search_term_string}\"},\"query-input\":{\"@type\":\"PropertyValueSpecification\",\"valueRequired\":true,\"valueName\":\"search_term_string\"}}],\"inLanguage\":\"lt-LT\"},{\"@type\":\"Organization\",\"@id\":\"https:\\\/\\\/uus.addinol.ee\\\/lt\\\/#organization\",\"name\":\"ADDINOL\",\"url\":\"https:\\\/\\\/uus.addinol.ee\\\/lt\\\/\",\"logo\":{\"@type\":\"ImageObject\",\"inLanguage\":\"lt-LT\",\"@id\":\"https:\\\/\\\/uus.addinol.ee\\\/lt\\\/#\\\/schema\\\/logo\\\/image\\\/\",\"url\":\"https:\\\/\\\/uus.addinol.ee\\\/wp-content\\\/uploads\\\/2024\\\/10\\\/1200px-ADDINOL-Logo.webp\",\"contentUrl\":\"https:\\\/\\\/uus.addinol.ee\\\/wp-content\\\/uploads\\\/2024\\\/10\\\/1200px-ADDINOL-Logo.webp\",\"width\":1200,\"height\":431,\"caption\":\"ADDINOL\"},\"image\":{\"@id\":\"https:\\\/\\\/uus.addinol.ee\\\/lt\\\/#\\\/schema\\\/logo\\\/image\\\/\"},\"sameAs\":[\"https:\\\/\\\/www.facebook.com\\\/ADDINOLEesti\\\/\",\"https:\\\/\\\/www.instagram.com\\\/addinol_eesti\\\/\"]}]}<\/script>\n<!-- \/ Yoast SEO plugin. -->","yoast_head_json":{"title":"Valge\u00f5li Wei\u00df\u00f6l WX 32 - ADDINOL","robots":{"index":"index","follow":"follow","max-snippet":"max-snippet:-1","max-image-preview":"max-image-preview:large","max-video-preview":"max-video-preview:-1"},"canonical":"https:\/\/uus.addinol.ee\/lt\/toode\/valgeoli-weisol-wx-32\/","og_locale":"lt_LT","og_type":"article","og_title":"Valge\u00f5li Wei\u00df\u00f6l WX 32 - ADDINOL","og_description":"Valge\u00f5li ADDINOL Wei\u00df\u00f6l WX 32 on hoolikalt rafineeritud mineraal\u00f5li.","og_url":"https:\/\/uus.addinol.ee\/lt\/toode\/valgeoli-weisol-wx-32\/","og_site_name":"ADDINOL","article_publisher":"https:\/\/www.facebook.com\/ADDINOLEesti\/","article_modified_time":"2025-10-14T08:35:11+00:00","og_image":[{"width":1000,"height":957,"url":"https:\/\/uus.addinol.ee\/wp-content\/uploads\/2024\/12\/weisol-wx-32_20.png","type":"image\/png"}],"twitter_card":"summary_large_image","twitter_misc":{"Est. reading time":"2 minutes"},"schema":{"@context":"https:\/\/schema.org","@graph":[{"@type":"WebPage","@id":"https:\/\/uus.addinol.ee\/lt\/toode\/valgeoli-weisol-wx-32\/","url":"https:\/\/uus.addinol.ee\/lt\/toode\/valgeoli-weisol-wx-32\/","name":"Valge\u00f5li Wei\u00df\u00f6l WX 32 - ADDINOL","isPartOf":{"@id":"https:\/\/uus.addinol.ee\/lt\/#website"},"primaryImageOfPage":{"@id":"https:\/\/uus.addinol.ee\/lt\/toode\/valgeoli-weisol-wx-32\/#primaryimage"},"image":{"@id":"https:\/\/uus.addinol.ee\/lt\/toode\/valgeoli-weisol-wx-32\/#primaryimage"},"thumbnailUrl":"https:\/\/uus.addinol.ee\/wp-content\/uploads\/2024\/12\/weisol-wx-32_20.png","datePublished":"2024-12-31T12:25:57+00:00","dateModified":"2025-10-14T08:35:11+00:00","breadcrumb":{"@id":"https:\/\/uus.addinol.ee\/lt\/toode\/valgeoli-weisol-wx-32\/#breadcrumb"},"inLanguage":"lt-LT","potentialAction":[{"@type":"ReadAction","target":["https:\/\/uus.addinol.ee\/lt\/toode\/valgeoli-weisol-wx-32\/"]}]},{"@type":"ImageObject","inLanguage":"lt-LT","@id":"https:\/\/uus.addinol.ee\/lt\/toode\/valgeoli-weisol-wx-32\/#primaryimage","url":"https:\/\/uus.addinol.ee\/wp-content\/uploads\/2024\/12\/weisol-wx-32_20.png","contentUrl":"https:\/\/uus.addinol.ee\/wp-content\/uploads\/2024\/12\/weisol-wx-32_20.png","width":1000,"height":957},{"@type":"BreadcrumbList","@id":"https:\/\/uus.addinol.ee\/lt\/toode\/valgeoli-weisol-wx-32\/#breadcrumb","itemListElement":[{"@type":"ListItem","position":1,"name":"ADDINOL","item":"https:\/\/uus.addinol.ee\/lt\/"},{"@type":"ListItem","position":2,"name":"E-pood","item":"https:\/\/uus.addinol.ee\/e-pood\/"},{"@type":"ListItem","position":3,"name":"Valge\u00f5li Wei\u00df\u00f6l WX 32"}]},{"@type":"WebSite","@id":"https:\/\/uus.addinol.ee\/lt\/#website","url":"https:\/\/uus.addinol.ee\/lt\/","name":"ADDINOL","description":"Mootori&otilde;lid ja m&auml;&auml;&auml;rdeained igaks kasutusjuhuks","publisher":{"@id":"https:\/\/uus.addinol.ee\/lt\/#organization"},"potentialAction":[{"@type":"SearchAction","target":{"@type":"EntryPoint","urlTemplate":"https:\/\/uus.addinol.ee\/lt\/?s={search_term_string}"},"query-input":{"@type":"PropertyValueSpecification","valueRequired":true,"valueName":"search_term_string"}}],"inLanguage":"lt-LT"},{"@type":"Organization","@id":"https:\/\/uus.addinol.ee\/lt\/#organization","name":"ADDINOL","url":"https:\/\/uus.addinol.ee\/lt\/","logo":{"@type":"ImageObject","inLanguage":"lt-LT","@id":"https:\/\/uus.addinol.ee\/lt\/#\/schema\/logo\/image\/","url":"https:\/\/uus.addinol.ee\/wp-content\/uploads\/2024\/10\/1200px-ADDINOL-Logo.webp","contentUrl":"https:\/\/uus.addinol.ee\/wp-content\/uploads\/2024\/10\/1200px-ADDINOL-Logo.webp","width":1200,"height":431,"caption":"ADDINOL"},"image":{"@id":"https:\/\/uus.addinol.ee\/lt\/#\/schema\/logo\/image\/"},"sameAs":["https:\/\/www.facebook.com\/ADDINOLEesti\/","https:\/\/www.instagram.com\/addinol_eesti\/"]}]}},"_links":{"self":[{"href":"https:\/\/uus.addinol.ee\/lt\/wp-json\/wp\/v2\/product\/6209","targetHints":{"allow":["GET"]}}],"collection":[{"href":"https:\/\/uus.addinol.ee\/lt\/wp-json\/wp\/v2\/product"}],"about":[{"href":"https:\/\/uus.addinol.ee\/lt\/wp-json\/wp\/v2\/types\/product"}],"wp:featuredmedia":[{"embeddable":true,"href":"https:\/\/uus.addinol.ee\/lt\/wp-json\/wp\/v2\/media\/10756"}],"wp:attachment":[{"href":"https:\/\/uus.addinol.ee\/lt\/wp-json\/wp\/v2\/media?parent=6209"}],"wp:term":[{"taxonomy":"viscosity","embeddable":true,"href":"https:\/\/uus.addinol.ee\/lt\/wp-json\/wp\/v2\/viscosity?post=6209"},{"taxonomy":"product_brand","embeddable":true,"href":"https:\/\/uus.addinol.ee\/lt\/wp-json\/wp\/v2\/product_brand?post=6209"},{"taxonomy":"product_cat","embeddable":true,"href":"https:\/\/uus.addinol.ee\/lt\/wp-json\/wp\/v2\/product_cat?post=6209"},{"taxonomy":"product_tag","embeddable":true,"href":"https:\/\/uus.addinol.ee\/lt\/wp-json\/wp\/v2\/product_tag?post=6209"},{"taxonomy":"inventory","embeddable":true,"href":"https:\/\/uus.addinol.ee\/lt\/wp-json\/wp\/v2\/inventory?post=6209"}],"curies":[{"name":"wp","href":"https:\/\/api.w.org\/{rel}","templated":true}]}}