{"id":6398,"date":"2024-12-31T12:26:38","date_gmt":"2024-12-31T12:26:38","guid":{"rendered":"https:\/\/addinol.ee\/toode\/mootorioli-economic-016-2\/"},"modified":"2025-07-04T11:39:50","modified_gmt":"2025-07-04T08:39:50","slug":"mootorioli-economic-016-2","status":"publish","type":"product","link":"https:\/\/uus.addinol.ee\/lt\/toode\/mootorioli-economic-016-2\/","title":{"rendered":"Mootori\u00f5li Economic 016"},"content":{"rendered":"<p><strong>Mootori\u00f5li <a href=\"https:\/\/addinol.de\/products\/product-finder\/addinol-economic-016\/?lang=et\">Economic 016<\/a> KASUTUSV\u00d5IMALUSED:<\/strong><br \/>\n\u2022 Mootori\u00f5li Economic 016 sobib t\u00e4nap\u00e4evastele bensiinimootoriga s\u00f5iduautodele.<br \/>\n\u2022 Spetsiaalselt ette n\u00e4htud kasutamiseks Jaapani uue generatsiooni s\u00f5idukites.<br \/>\n\u2022 Sobib eriti h\u00e4sti kasutamiseks <a href=\"https:\/\/uus.addinol.ee\/hangumistemperatuur\/\" target=\"_blank\" rel=\"noopener\">k\u00fclmas kliimas<\/a>.<\/p>\n<p><strong>SPETSIFIKATSIOON \/ LITSENTSID:<\/strong><br \/>\nT\u00e4idab ja \u00fcletab rahvusvahelisi spetsifikatsioone:<br \/>\n\u2022\u00a0API SP with Resource Conserving<\/p>\n<p>Sobib j\u00e4rgmistele bensiinimootoriga s\u00f5idukitele:<br \/>\n\u2022 Toyota, Lexus<br \/>\n\u2022 Mazda<br \/>\n\u2022 Honda<br \/>\n\u2022 Nissan, Infiniti<br \/>\n\u2022 Mitsubishi<br \/>\n\u2022 Subaru<br \/>\n\u2022 Suzuki<\/p>\n<p><strong>OMADUSED:<\/strong><br \/>\n\u2022 Suurep\u00e4rane k\u00fclmk\u00e4ivitus<br \/>\n\u2022 Mootorisisest h\u00f5\u00f5rdumist v\u00e4hendavad omadused<br \/>\n\u2022 Suurep\u00e4rane kulumisvastane kaitse<br \/>\n\u2022 Mootori laitmatu puhtus<br \/>\n\u2022 Vananemiskindlus<\/p>\n<p><strong>EELISED TARBIJALE:<\/strong><br \/>\n\u2022 Mootori minimaalne kulumine k\u00fclmk\u00e4ivitusel t\u00e4nu suurep\u00e4rasele voolavusele madalatel temperatuuridel<br \/>\n\u2022 K\u00fctuse suur s\u00e4\u00e4stupotentsiaal ja v\u00e4hem CO<sub>2<\/sub>\u00a0heitmeid<br \/>\n\u2022 Mootori maksimaalne kaitse ja pikk t\u00f6\u00f6iga<br \/>\n\u2022 Suurep\u00e4rane pesemisv\u00f5ime tagab k\u00f5ikide m\u00e4\u00e4ritavate mootoriosade pika t\u00f6\u00f6ea<br \/>\n\u2022 Pikimad \u00f5livahetusv\u00e4lbad ka \u00f5livahetuse andurs\u00fcsteemide (FSS) kasutamisel<\/p>\n","protected":false},"excerpt":{"rendered":"<p>Mootori\u00f5li ADDINOL Economic 016 on v\u00e4hendatud HTHS viskoossusega k\u00fctuses\u00e4\u00e4stlik SAE 0W-16 klassi mootori\u00f5li, mis on spetsiaalselt arendatud Jaapani autotootjate uusima generatsiooni mootoritele. Optimaalne kombinatsioon t\u00e4iss\u00fcnteetilistest baas\u00f5lidest ja innovaatilistest manustest tagab erakordse j\u00f5udluse ja suurep\u00e4rase k\u00fclmk\u00e4ivituse madalatel temperatuuridel.<\/p>\n","protected":false},"featured_media":6535,"template":"","meta":{"_acf_changed":false},"viscosity":[177],"product_brand":[],"product_cat":[150,156,166],"product_tag":[],"inventory":[],"class_list":{"0":"post-6398","1":"product","2":"type-product","3":"status-publish","4":"has-post-thumbnail","6":"viscosity-0w-16","7":"product_cat-mootorsoidukite-maardeained","8":"product_cat-mootoriolid","9":"product_cat-soiduautodele","10":"pa_vali-pakend-economic-016-1l","11":"pa_vali-pakend-economic-016-5l","13":"first","14":"instock","15":"taxable","16":"shipping-taxable","17":"purchasable","18":"product-type-variable"},"acf":[],"yoast_head":"<!-- This site is optimized with the Yoast SEO plugin v27.5 - https:\/\/yoast.com\/product\/yoast-seo-wordpress\/ -->\n<title>Mootori\u00f5li Economic 016 - ADDINOL<\/title>\n<meta name=\"robots\" content=\"index, follow, max-snippet:-1, max-image-preview:large, max-video-preview:-1\" \/>\n<link rel=\"canonical\" href=\"https:\/\/uus.addinol.ee\/lt\/toode\/mootorioli-economic-016-2\/\" \/>\n<meta property=\"og:locale\" content=\"lt_LT\" \/>\n<meta property=\"og:type\" content=\"article\" \/>\n<meta property=\"og:title\" content=\"Mootori\u00f5li Economic 016 - ADDINOL\" \/>\n<meta property=\"og:description\" content=\"Mootori\u00f5li ADDINOL Economic 016 on v\u00e4hendatud HTHS viskoossusega k\u00fctuses\u00e4\u00e4stlik SAE 0W-16 klassi mootori\u00f5li, mis on spetsiaalselt arendatud Jaapani autotootjate uusima generatsiooni mootoritele. Optimaalne kombinatsioon t\u00e4iss\u00fcnteetilistest baas\u00f5lidest ja innovaatilistest manustest tagab erakordse j\u00f5udluse ja suurep\u00e4rase k\u00fclmk\u00e4ivituse madalatel temperatuuridel.\" \/>\n<meta property=\"og:url\" content=\"https:\/\/uus.addinol.ee\/lt\/toode\/mootorioli-economic-016-2\/\" \/>\n<meta property=\"og:site_name\" content=\"ADDINOL\" \/>\n<meta property=\"article:publisher\" content=\"https:\/\/www.facebook.com\/ADDINOLEesti\/\" \/>\n<meta property=\"article:modified_time\" content=\"2025-07-04T08:39:50+00:00\" \/>\n<meta property=\"og:image\" content=\"https:\/\/uus.addinol.ee\/wp-content\/uploads\/2024\/12\/mootorioli-0w16-economic-016-e1647434503260-1.png\" \/>\n\t<meta property=\"og:image:width\" content=\"500\" \/>\n\t<meta property=\"og:image:height\" content=\"707\" \/>\n\t<meta property=\"og:image:type\" content=\"image\/png\" \/>\n<meta name=\"twitter:card\" content=\"summary_large_image\" \/>\n<meta name=\"twitter:label1\" content=\"Est. reading time\" \/>\n\t<meta name=\"twitter:data1\" content=\"1 minute\" \/>\n<script type=\"application\/ld+json\" class=\"yoast-schema-graph\">{\"@context\":\"https:\\\/\\\/schema.org\",\"@graph\":[{\"@type\":\"WebPage\",\"@id\":\"https:\\\/\\\/uus.addinol.ee\\\/lt\\\/toode\\\/mootorioli-economic-016-2\\\/\",\"url\":\"https:\\\/\\\/uus.addinol.ee\\\/lt\\\/toode\\\/mootorioli-economic-016-2\\\/\",\"name\":\"Mootori\u00f5li Economic 016 - ADDINOL\",\"isPartOf\":{\"@id\":\"https:\\\/\\\/uus.addinol.ee\\\/lt\\\/#website\"},\"primaryImageOfPage\":{\"@id\":\"https:\\\/\\\/uus.addinol.ee\\\/lt\\\/toode\\\/mootorioli-economic-016-2\\\/#primaryimage\"},\"image\":{\"@id\":\"https:\\\/\\\/uus.addinol.ee\\\/lt\\\/toode\\\/mootorioli-economic-016-2\\\/#primaryimage\"},\"thumbnailUrl\":\"https:\\\/\\\/uus.addinol.ee\\\/wp-content\\\/uploads\\\/2024\\\/12\\\/mootorioli-0w16-economic-016-e1647434503260-1.png\",\"datePublished\":\"2024-12-31T12:26:38+00:00\",\"dateModified\":\"2025-07-04T08:39:50+00:00\",\"breadcrumb\":{\"@id\":\"https:\\\/\\\/uus.addinol.ee\\\/lt\\\/toode\\\/mootorioli-economic-016-2\\\/#breadcrumb\"},\"inLanguage\":\"lt-LT\",\"potentialAction\":[{\"@type\":\"ReadAction\",\"target\":[\"https:\\\/\\\/uus.addinol.ee\\\/lt\\\/toode\\\/mootorioli-economic-016-2\\\/\"]}]},{\"@type\":\"ImageObject\",\"inLanguage\":\"lt-LT\",\"@id\":\"https:\\\/\\\/uus.addinol.ee\\\/lt\\\/toode\\\/mootorioli-economic-016-2\\\/#primaryimage\",\"url\":\"https:\\\/\\\/uus.addinol.ee\\\/wp-content\\\/uploads\\\/2024\\\/12\\\/mootorioli-0w16-economic-016-e1647434503260-1.png\",\"contentUrl\":\"https:\\\/\\\/uus.addinol.ee\\\/wp-content\\\/uploads\\\/2024\\\/12\\\/mootorioli-0w16-economic-016-e1647434503260-1.png\",\"width\":500,\"height\":707},{\"@type\":\"BreadcrumbList\",\"@id\":\"https:\\\/\\\/uus.addinol.ee\\\/lt\\\/toode\\\/mootorioli-economic-016-2\\\/#breadcrumb\",\"itemListElement\":[{\"@type\":\"ListItem\",\"position\":1,\"name\":\"ADDINOL\",\"item\":\"https:\\\/\\\/uus.addinol.ee\\\/lt\\\/\"},{\"@type\":\"ListItem\",\"position\":2,\"name\":\"E-pood\",\"item\":\"https:\\\/\\\/uus.addinol.ee\\\/e-pood\\\/\"},{\"@type\":\"ListItem\",\"position\":3,\"name\":\"Mootori\u00f5li Economic 016\"}]},{\"@type\":\"WebSite\",\"@id\":\"https:\\\/\\\/uus.addinol.ee\\\/lt\\\/#website\",\"url\":\"https:\\\/\\\/uus.addinol.ee\\\/lt\\\/\",\"name\":\"ADDINOL\",\"description\":\"Mootori&otilde;lid ja m&auml;&auml;&auml;rdeained igaks kasutusjuhuks\",\"publisher\":{\"@id\":\"https:\\\/\\\/uus.addinol.ee\\\/lt\\\/#organization\"},\"potentialAction\":[{\"@type\":\"SearchAction\",\"target\":{\"@type\":\"EntryPoint\",\"urlTemplate\":\"https:\\\/\\\/uus.addinol.ee\\\/lt\\\/?s={search_term_string}\"},\"query-input\":{\"@type\":\"PropertyValueSpecification\",\"valueRequired\":true,\"valueName\":\"search_term_string\"}}],\"inLanguage\":\"lt-LT\"},{\"@type\":\"Organization\",\"@id\":\"https:\\\/\\\/uus.addinol.ee\\\/lt\\\/#organization\",\"name\":\"ADDINOL\",\"url\":\"https:\\\/\\\/uus.addinol.ee\\\/lt\\\/\",\"logo\":{\"@type\":\"ImageObject\",\"inLanguage\":\"lt-LT\",\"@id\":\"https:\\\/\\\/uus.addinol.ee\\\/lt\\\/#\\\/schema\\\/logo\\\/image\\\/\",\"url\":\"https:\\\/\\\/uus.addinol.ee\\\/wp-content\\\/uploads\\\/2024\\\/10\\\/1200px-ADDINOL-Logo.webp\",\"contentUrl\":\"https:\\\/\\\/uus.addinol.ee\\\/wp-content\\\/uploads\\\/2024\\\/10\\\/1200px-ADDINOL-Logo.webp\",\"width\":1200,\"height\":431,\"caption\":\"ADDINOL\"},\"image\":{\"@id\":\"https:\\\/\\\/uus.addinol.ee\\\/lt\\\/#\\\/schema\\\/logo\\\/image\\\/\"},\"sameAs\":[\"https:\\\/\\\/www.facebook.com\\\/ADDINOLEesti\\\/\",\"https:\\\/\\\/www.instagram.com\\\/addinol_eesti\\\/\"]}]}<\/script>\n<!-- \/ Yoast SEO plugin. -->","yoast_head_json":{"title":"Mootori\u00f5li Economic 016 - ADDINOL","robots":{"index":"index","follow":"follow","max-snippet":"max-snippet:-1","max-image-preview":"max-image-preview:large","max-video-preview":"max-video-preview:-1"},"canonical":"https:\/\/uus.addinol.ee\/lt\/toode\/mootorioli-economic-016-2\/","og_locale":"lt_LT","og_type":"article","og_title":"Mootori\u00f5li Economic 016 - ADDINOL","og_description":"Mootori\u00f5li ADDINOL Economic 016 on v\u00e4hendatud HTHS viskoossusega k\u00fctuses\u00e4\u00e4stlik SAE 0W-16 klassi mootori\u00f5li, mis on spetsiaalselt arendatud Jaapani autotootjate uusima generatsiooni mootoritele. Optimaalne kombinatsioon t\u00e4iss\u00fcnteetilistest baas\u00f5lidest ja innovaatilistest manustest tagab erakordse j\u00f5udluse ja suurep\u00e4rase k\u00fclmk\u00e4ivituse madalatel temperatuuridel.","og_url":"https:\/\/uus.addinol.ee\/lt\/toode\/mootorioli-economic-016-2\/","og_site_name":"ADDINOL","article_publisher":"https:\/\/www.facebook.com\/ADDINOLEesti\/","article_modified_time":"2025-07-04T08:39:50+00:00","og_image":[{"width":500,"height":707,"url":"https:\/\/uus.addinol.ee\/wp-content\/uploads\/2024\/12\/mootorioli-0w16-economic-016-e1647434503260-1.png","type":"image\/png"}],"twitter_card":"summary_large_image","twitter_misc":{"Est. reading time":"1 minute"},"schema":{"@context":"https:\/\/schema.org","@graph":[{"@type":"WebPage","@id":"https:\/\/uus.addinol.ee\/lt\/toode\/mootorioli-economic-016-2\/","url":"https:\/\/uus.addinol.ee\/lt\/toode\/mootorioli-economic-016-2\/","name":"Mootori\u00f5li Economic 016 - ADDINOL","isPartOf":{"@id":"https:\/\/uus.addinol.ee\/lt\/#website"},"primaryImageOfPage":{"@id":"https:\/\/uus.addinol.ee\/lt\/toode\/mootorioli-economic-016-2\/#primaryimage"},"image":{"@id":"https:\/\/uus.addinol.ee\/lt\/toode\/mootorioli-economic-016-2\/#primaryimage"},"thumbnailUrl":"https:\/\/uus.addinol.ee\/wp-content\/uploads\/2024\/12\/mootorioli-0w16-economic-016-e1647434503260-1.png","datePublished":"2024-12-31T12:26:38+00:00","dateModified":"2025-07-04T08:39:50+00:00","breadcrumb":{"@id":"https:\/\/uus.addinol.ee\/lt\/toode\/mootorioli-economic-016-2\/#breadcrumb"},"inLanguage":"lt-LT","potentialAction":[{"@type":"ReadAction","target":["https:\/\/uus.addinol.ee\/lt\/toode\/mootorioli-economic-016-2\/"]}]},{"@type":"ImageObject","inLanguage":"lt-LT","@id":"https:\/\/uus.addinol.ee\/lt\/toode\/mootorioli-economic-016-2\/#primaryimage","url":"https:\/\/uus.addinol.ee\/wp-content\/uploads\/2024\/12\/mootorioli-0w16-economic-016-e1647434503260-1.png","contentUrl":"https:\/\/uus.addinol.ee\/wp-content\/uploads\/2024\/12\/mootorioli-0w16-economic-016-e1647434503260-1.png","width":500,"height":707},{"@type":"BreadcrumbList","@id":"https:\/\/uus.addinol.ee\/lt\/toode\/mootorioli-economic-016-2\/#breadcrumb","itemListElement":[{"@type":"ListItem","position":1,"name":"ADDINOL","item":"https:\/\/uus.addinol.ee\/lt\/"},{"@type":"ListItem","position":2,"name":"E-pood","item":"https:\/\/uus.addinol.ee\/e-pood\/"},{"@type":"ListItem","position":3,"name":"Mootori\u00f5li Economic 016"}]},{"@type":"WebSite","@id":"https:\/\/uus.addinol.ee\/lt\/#website","url":"https:\/\/uus.addinol.ee\/lt\/","name":"ADDINOL","description":"Mootori&otilde;lid ja m&auml;&auml;&auml;rdeained igaks kasutusjuhuks","publisher":{"@id":"https:\/\/uus.addinol.ee\/lt\/#organization"},"potentialAction":[{"@type":"SearchAction","target":{"@type":"EntryPoint","urlTemplate":"https:\/\/uus.addinol.ee\/lt\/?s={search_term_string}"},"query-input":{"@type":"PropertyValueSpecification","valueRequired":true,"valueName":"search_term_string"}}],"inLanguage":"lt-LT"},{"@type":"Organization","@id":"https:\/\/uus.addinol.ee\/lt\/#organization","name":"ADDINOL","url":"https:\/\/uus.addinol.ee\/lt\/","logo":{"@type":"ImageObject","inLanguage":"lt-LT","@id":"https:\/\/uus.addinol.ee\/lt\/#\/schema\/logo\/image\/","url":"https:\/\/uus.addinol.ee\/wp-content\/uploads\/2024\/10\/1200px-ADDINOL-Logo.webp","contentUrl":"https:\/\/uus.addinol.ee\/wp-content\/uploads\/2024\/10\/1200px-ADDINOL-Logo.webp","width":1200,"height":431,"caption":"ADDINOL"},"image":{"@id":"https:\/\/uus.addinol.ee\/lt\/#\/schema\/logo\/image\/"},"sameAs":["https:\/\/www.facebook.com\/ADDINOLEesti\/","https:\/\/www.instagram.com\/addinol_eesti\/"]}]}},"_links":{"self":[{"href":"https:\/\/uus.addinol.ee\/lt\/wp-json\/wp\/v2\/product\/6398","targetHints":{"allow":["GET"]}}],"collection":[{"href":"https:\/\/uus.addinol.ee\/lt\/wp-json\/wp\/v2\/product"}],"about":[{"href":"https:\/\/uus.addinol.ee\/lt\/wp-json\/wp\/v2\/types\/product"}],"wp:featuredmedia":[{"embeddable":true,"href":"https:\/\/uus.addinol.ee\/lt\/wp-json\/wp\/v2\/media\/6535"}],"wp:attachment":[{"href":"https:\/\/uus.addinol.ee\/lt\/wp-json\/wp\/v2\/media?parent=6398"}],"wp:term":[{"taxonomy":"viscosity","embeddable":true,"href":"https:\/\/uus.addinol.ee\/lt\/wp-json\/wp\/v2\/viscosity?post=6398"},{"taxonomy":"product_brand","embeddable":true,"href":"https:\/\/uus.addinol.ee\/lt\/wp-json\/wp\/v2\/product_brand?post=6398"},{"taxonomy":"product_cat","embeddable":true,"href":"https:\/\/uus.addinol.ee\/lt\/wp-json\/wp\/v2\/product_cat?post=6398"},{"taxonomy":"product_tag","embeddable":true,"href":"https:\/\/uus.addinol.ee\/lt\/wp-json\/wp\/v2\/product_tag?post=6398"},{"taxonomy":"inventory","embeddable":true,"href":"https:\/\/uus.addinol.ee\/lt\/wp-json\/wp\/v2\/inventory?post=6398"}],"curies":[{"name":"wp","href":"https:\/\/api.w.org\/{rel}","templated":true}]}}