{"id":6412,"date":"2024-12-31T12:26:45","date_gmt":"2024-12-31T12:26:45","guid":{"rendered":"https:\/\/addinol.ee\/toode\/montaazipasta-htp-700-pg\/"},"modified":"2025-10-14T11:35:04","modified_gmt":"2025-10-14T08:35:04","slug":"montaazipasta-htp-700-pg","status":"publish","type":"product","link":"https:\/\/uus.addinol.ee\/lt\/toode\/montaazipasta-htp-700-pg\/","title":{"rendered":"Montaa\u017eipasta HTP 700 PG"},"content":{"rendered":"<p><strong>Montaa\u017eipasta <a href=\"https:\/\/addinol.de\/products\/product-finder\/addinol-montagepaste-htp-700-pg\/?lang=et\">HTP 700 PG<\/a> KASUTUSV\u00d5IMALUSED:<\/strong><br \/>\n\u2022 Ette n\u00e4htud surve- ja kuumuskindla <a href=\"https:\/\/uus.addinol.ee\/products\/maarded\/\">m\u00e4\u00e4rdena<\/a> kasutamiseks masinaehituses liugpindade, juhtsoonte ja liigendite m\u00e4\u00e4rimiseks v\u00e4ikestel libisemiskiirustel.<br \/>\n\u2022 Sobib v\u00e4ga h\u00e4sti kasutamiseks v\u00f5lli-rummu-liidete monteerimisel (nt veerelaagritele, ratastele, seibidele, \u00e4\u00e4rikutele, poltidele).<br \/>\n\u2022 Sobib kuumade keermesliidete (nt turbiinide, ventiilide, kettide ja v\u00f5llide kuumaurukruvide) m\u00e4\u00e4rimiseks.<br \/>\n\u2022 Optimeerib juhikute, liugpindade, laagrite, \u00fclekannete jne sisset\u00f6\u00f6tamistingimusi.<br \/>\n\u2022 \u00d5hukese m\u00e4\u00e4rdekilena sobib k\u00f5rgetel temperatuuridel t\u00f6\u00f6tavate veere- ja liugelaagrite (nt t\u00f6\u00f6tlusmasinate, valukodade laagrite, tellise-, keraamika- ja portselanitehase p\u00f5letusahjude rattalaagrite) m\u00e4\u00e4rimiseks.<br \/>\n\u2022 Sobib lisaks (kummist, plastist) masinaosadele, mida ei tohi m\u00e4\u00e4rida mineraal\u00f5lidega.<\/p>\n<p><strong>SPETSIFIKATSIOONID:<\/strong><br \/>\nM\u00e4\u00e4rde t\u00e4histus DIN 51502 j\u00e4rgi:<br \/>\n\u2022 MPF2-3U-20<\/p>\n<p><strong>NLGI klass:<\/strong> 2-3<\/p>\n<p><strong>Montaa\u017eipasta OMADUSED:<\/strong><br \/>\n\u2022 V\u00e4ga hea kulumisvastase kaitsega<br \/>\n\u2022 H\u00fcdrofoobne, vastupidav kemikaalidele ja lahustitele<br \/>\n\u2022 Termiliselt stabiilne<br \/>\n\u2022 Ei moodusta koksi j\u00e4\u00e4ke<br \/>\n\u2022 Sisaldab tahke m\u00e4\u00e4rdeainena MoS<sub>2<\/sub><\/p>\n<p><strong>Montaa\u017eipasta HTP 700 PG EELISED TARBIJALE:<\/strong><br \/>\n\u2022 V\u00e4hendab h\u00f5\u00f5rdumist ja kulumist, v\u00e4ga hea survetaluvusega<br \/>\n\u2022 H\u00f5\u00f5rdepaaride korrosioonikaitse<br \/>\n\u2022 Tahke m\u00e4\u00e4rdeaine kile on vastupidav kuni temperatuurini 700 \u00b0C<br \/>\n\u2022 V\u00e4ga hea m\u00e4\u00e4rimis- ja eraldamisv\u00f5ime, kaitseb sisset\u00f6\u00f6tamiskahjustuste eest<br \/>\n\u2022 V\u00e4listatud kinnip\u00f5lemine<br \/>\n\u2022 S\u00f6\u00f6bimiskindel<\/p>\n","protected":false},"excerpt":{"rendered":"<p>ADDINOL Montagepaste HTP 700 PG on mustjashall universaalne k\u00f5rgtemperatuuriline montaa\u017eipasta, mis on valmistatud pol\u00fcgl\u00fckooli ja tahke m\u00e4\u00e4rdeaine MoS<sub>2 <\/sub>baasil. Kasutustemperatuur: -20 \u00b0C kuni +200 \u00b0C, tahke m\u00e4\u00e4rdeaine kile kuni +700 \u00b0C.<\/p>\n","protected":false},"featured_media":6522,"template":"","meta":{"_acf_changed":false},"viscosity":[],"product_brand":[],"product_cat":[151,734],"product_tag":[],"inventory":[],"class_list":{"0":"post-6412","1":"product","2":"type-product","3":"status-publish","4":"has-post-thumbnail","6":"product_cat-toostusmaardeained","7":"product_cat-pastad","8":"pa_vali-pakend-1kg","10":"first","11":"instock","12":"taxable","13":"shipping-taxable","14":"purchasable","15":"product-type-simple"},"acf":[],"yoast_head":"<!-- This site is optimized with the Yoast SEO plugin v27.5 - https:\/\/yoast.com\/product\/yoast-seo-wordpress\/ -->\n<title>Montaa\u017eipasta HTP 700 PG - ADDINOL<\/title>\n<meta name=\"robots\" content=\"index, follow, max-snippet:-1, max-image-preview:large, max-video-preview:-1\" \/>\n<link rel=\"canonical\" href=\"https:\/\/uus.addinol.ee\/lt\/toode\/montaazipasta-htp-700-pg\/\" \/>\n<meta property=\"og:locale\" content=\"lt_LT\" \/>\n<meta property=\"og:type\" content=\"article\" \/>\n<meta property=\"og:title\" content=\"Montaa\u017eipasta HTP 700 PG - ADDINOL\" \/>\n<meta property=\"og:description\" content=\"ADDINOL Montagepaste HTP 700 PG on mustjashall universaalne k\u00f5rgtemperatuuriline montaa\u017eipasta, mis on valmistatud pol\u00fcgl\u00fckooli ja tahke m\u00e4\u00e4rdeaine MoS2 baasil. Kasutustemperatuur: -20 \u00b0C kuni +200 \u00b0C, tahke m\u00e4\u00e4rdeaine kile kuni +700 \u00b0C.\" \/>\n<meta property=\"og:url\" content=\"https:\/\/uus.addinol.ee\/lt\/toode\/montaazipasta-htp-700-pg\/\" \/>\n<meta property=\"og:site_name\" content=\"ADDINOL\" \/>\n<meta property=\"article:publisher\" content=\"https:\/\/www.facebook.com\/ADDINOLEesti\/\" \/>\n<meta property=\"article:modified_time\" content=\"2025-10-14T08:35:04+00:00\" \/>\n<meta property=\"og:image\" content=\"https:\/\/uus.addinol.ee\/wp-content\/uploads\/2024\/12\/1-kg-pakend-scaled-1.jpg\" \/>\n\t<meta property=\"og:image:width\" content=\"1322\" \/>\n\t<meta property=\"og:image:height\" content=\"1920\" \/>\n\t<meta property=\"og:image:type\" content=\"image\/jpeg\" \/>\n<meta name=\"twitter:card\" content=\"summary_large_image\" \/>\n<meta name=\"twitter:label1\" content=\"Est. reading time\" \/>\n\t<meta name=\"twitter:data1\" content=\"2 minutes\" \/>\n<script type=\"application\/ld+json\" class=\"yoast-schema-graph\">{\"@context\":\"https:\\\/\\\/schema.org\",\"@graph\":[{\"@type\":\"WebPage\",\"@id\":\"https:\\\/\\\/uus.addinol.ee\\\/lt\\\/toode\\\/montaazipasta-htp-700-pg\\\/\",\"url\":\"https:\\\/\\\/uus.addinol.ee\\\/lt\\\/toode\\\/montaazipasta-htp-700-pg\\\/\",\"name\":\"Montaa\u017eipasta HTP 700 PG - ADDINOL\",\"isPartOf\":{\"@id\":\"https:\\\/\\\/uus.addinol.ee\\\/lt\\\/#website\"},\"primaryImageOfPage\":{\"@id\":\"https:\\\/\\\/uus.addinol.ee\\\/lt\\\/toode\\\/montaazipasta-htp-700-pg\\\/#primaryimage\"},\"image\":{\"@id\":\"https:\\\/\\\/uus.addinol.ee\\\/lt\\\/toode\\\/montaazipasta-htp-700-pg\\\/#primaryimage\"},\"thumbnailUrl\":\"https:\\\/\\\/uus.addinol.ee\\\/wp-content\\\/uploads\\\/2024\\\/12\\\/1-kg-pakend-scaled-1.jpg\",\"datePublished\":\"2024-12-31T12:26:45+00:00\",\"dateModified\":\"2025-10-14T08:35:04+00:00\",\"breadcrumb\":{\"@id\":\"https:\\\/\\\/uus.addinol.ee\\\/lt\\\/toode\\\/montaazipasta-htp-700-pg\\\/#breadcrumb\"},\"inLanguage\":\"lt-LT\",\"potentialAction\":[{\"@type\":\"ReadAction\",\"target\":[\"https:\\\/\\\/uus.addinol.ee\\\/lt\\\/toode\\\/montaazipasta-htp-700-pg\\\/\"]}]},{\"@type\":\"ImageObject\",\"inLanguage\":\"lt-LT\",\"@id\":\"https:\\\/\\\/uus.addinol.ee\\\/lt\\\/toode\\\/montaazipasta-htp-700-pg\\\/#primaryimage\",\"url\":\"https:\\\/\\\/uus.addinol.ee\\\/wp-content\\\/uploads\\\/2024\\\/12\\\/1-kg-pakend-scaled-1.jpg\",\"contentUrl\":\"https:\\\/\\\/uus.addinol.ee\\\/wp-content\\\/uploads\\\/2024\\\/12\\\/1-kg-pakend-scaled-1.jpg\",\"width\":1322,\"height\":1920},{\"@type\":\"BreadcrumbList\",\"@id\":\"https:\\\/\\\/uus.addinol.ee\\\/lt\\\/toode\\\/montaazipasta-htp-700-pg\\\/#breadcrumb\",\"itemListElement\":[{\"@type\":\"ListItem\",\"position\":1,\"name\":\"ADDINOL\",\"item\":\"https:\\\/\\\/uus.addinol.ee\\\/lt\\\/\"},{\"@type\":\"ListItem\",\"position\":2,\"name\":\"E-pood\",\"item\":\"https:\\\/\\\/uus.addinol.ee\\\/e-pood\\\/\"},{\"@type\":\"ListItem\",\"position\":3,\"name\":\"Montaa\u017eipasta HTP 700 PG\"}]},{\"@type\":\"WebSite\",\"@id\":\"https:\\\/\\\/uus.addinol.ee\\\/lt\\\/#website\",\"url\":\"https:\\\/\\\/uus.addinol.ee\\\/lt\\\/\",\"name\":\"ADDINOL\",\"description\":\"Mootori&otilde;lid ja m&auml;&auml;&auml;rdeained igaks kasutusjuhuks\",\"publisher\":{\"@id\":\"https:\\\/\\\/uus.addinol.ee\\\/lt\\\/#organization\"},\"potentialAction\":[{\"@type\":\"SearchAction\",\"target\":{\"@type\":\"EntryPoint\",\"urlTemplate\":\"https:\\\/\\\/uus.addinol.ee\\\/lt\\\/?s={search_term_string}\"},\"query-input\":{\"@type\":\"PropertyValueSpecification\",\"valueRequired\":true,\"valueName\":\"search_term_string\"}}],\"inLanguage\":\"lt-LT\"},{\"@type\":\"Organization\",\"@id\":\"https:\\\/\\\/uus.addinol.ee\\\/lt\\\/#organization\",\"name\":\"ADDINOL\",\"url\":\"https:\\\/\\\/uus.addinol.ee\\\/lt\\\/\",\"logo\":{\"@type\":\"ImageObject\",\"inLanguage\":\"lt-LT\",\"@id\":\"https:\\\/\\\/uus.addinol.ee\\\/lt\\\/#\\\/schema\\\/logo\\\/image\\\/\",\"url\":\"https:\\\/\\\/uus.addinol.ee\\\/wp-content\\\/uploads\\\/2024\\\/10\\\/1200px-ADDINOL-Logo.webp\",\"contentUrl\":\"https:\\\/\\\/uus.addinol.ee\\\/wp-content\\\/uploads\\\/2024\\\/10\\\/1200px-ADDINOL-Logo.webp\",\"width\":1200,\"height\":431,\"caption\":\"ADDINOL\"},\"image\":{\"@id\":\"https:\\\/\\\/uus.addinol.ee\\\/lt\\\/#\\\/schema\\\/logo\\\/image\\\/\"},\"sameAs\":[\"https:\\\/\\\/www.facebook.com\\\/ADDINOLEesti\\\/\",\"https:\\\/\\\/www.instagram.com\\\/addinol_eesti\\\/\"]}]}<\/script>\n<!-- \/ Yoast SEO plugin. -->","yoast_head_json":{"title":"Montaa\u017eipasta HTP 700 PG - ADDINOL","robots":{"index":"index","follow":"follow","max-snippet":"max-snippet:-1","max-image-preview":"max-image-preview:large","max-video-preview":"max-video-preview:-1"},"canonical":"https:\/\/uus.addinol.ee\/lt\/toode\/montaazipasta-htp-700-pg\/","og_locale":"lt_LT","og_type":"article","og_title":"Montaa\u017eipasta HTP 700 PG - ADDINOL","og_description":"ADDINOL Montagepaste HTP 700 PG on mustjashall universaalne k\u00f5rgtemperatuuriline montaa\u017eipasta, mis on valmistatud pol\u00fcgl\u00fckooli ja tahke m\u00e4\u00e4rdeaine MoS2 baasil. Kasutustemperatuur: -20 \u00b0C kuni +200 \u00b0C, tahke m\u00e4\u00e4rdeaine kile kuni +700 \u00b0C.","og_url":"https:\/\/uus.addinol.ee\/lt\/toode\/montaazipasta-htp-700-pg\/","og_site_name":"ADDINOL","article_publisher":"https:\/\/www.facebook.com\/ADDINOLEesti\/","article_modified_time":"2025-10-14T08:35:04+00:00","og_image":[{"width":1322,"height":1920,"url":"https:\/\/uus.addinol.ee\/wp-content\/uploads\/2024\/12\/1-kg-pakend-scaled-1.jpg","type":"image\/jpeg"}],"twitter_card":"summary_large_image","twitter_misc":{"Est. reading time":"2 minutes"},"schema":{"@context":"https:\/\/schema.org","@graph":[{"@type":"WebPage","@id":"https:\/\/uus.addinol.ee\/lt\/toode\/montaazipasta-htp-700-pg\/","url":"https:\/\/uus.addinol.ee\/lt\/toode\/montaazipasta-htp-700-pg\/","name":"Montaa\u017eipasta HTP 700 PG - ADDINOL","isPartOf":{"@id":"https:\/\/uus.addinol.ee\/lt\/#website"},"primaryImageOfPage":{"@id":"https:\/\/uus.addinol.ee\/lt\/toode\/montaazipasta-htp-700-pg\/#primaryimage"},"image":{"@id":"https:\/\/uus.addinol.ee\/lt\/toode\/montaazipasta-htp-700-pg\/#primaryimage"},"thumbnailUrl":"https:\/\/uus.addinol.ee\/wp-content\/uploads\/2024\/12\/1-kg-pakend-scaled-1.jpg","datePublished":"2024-12-31T12:26:45+00:00","dateModified":"2025-10-14T08:35:04+00:00","breadcrumb":{"@id":"https:\/\/uus.addinol.ee\/lt\/toode\/montaazipasta-htp-700-pg\/#breadcrumb"},"inLanguage":"lt-LT","potentialAction":[{"@type":"ReadAction","target":["https:\/\/uus.addinol.ee\/lt\/toode\/montaazipasta-htp-700-pg\/"]}]},{"@type":"ImageObject","inLanguage":"lt-LT","@id":"https:\/\/uus.addinol.ee\/lt\/toode\/montaazipasta-htp-700-pg\/#primaryimage","url":"https:\/\/uus.addinol.ee\/wp-content\/uploads\/2024\/12\/1-kg-pakend-scaled-1.jpg","contentUrl":"https:\/\/uus.addinol.ee\/wp-content\/uploads\/2024\/12\/1-kg-pakend-scaled-1.jpg","width":1322,"height":1920},{"@type":"BreadcrumbList","@id":"https:\/\/uus.addinol.ee\/lt\/toode\/montaazipasta-htp-700-pg\/#breadcrumb","itemListElement":[{"@type":"ListItem","position":1,"name":"ADDINOL","item":"https:\/\/uus.addinol.ee\/lt\/"},{"@type":"ListItem","position":2,"name":"E-pood","item":"https:\/\/uus.addinol.ee\/e-pood\/"},{"@type":"ListItem","position":3,"name":"Montaa\u017eipasta HTP 700 PG"}]},{"@type":"WebSite","@id":"https:\/\/uus.addinol.ee\/lt\/#website","url":"https:\/\/uus.addinol.ee\/lt\/","name":"ADDINOL","description":"Mootori&otilde;lid ja m&auml;&auml;&auml;rdeained igaks kasutusjuhuks","publisher":{"@id":"https:\/\/uus.addinol.ee\/lt\/#organization"},"potentialAction":[{"@type":"SearchAction","target":{"@type":"EntryPoint","urlTemplate":"https:\/\/uus.addinol.ee\/lt\/?s={search_term_string}"},"query-input":{"@type":"PropertyValueSpecification","valueRequired":true,"valueName":"search_term_string"}}],"inLanguage":"lt-LT"},{"@type":"Organization","@id":"https:\/\/uus.addinol.ee\/lt\/#organization","name":"ADDINOL","url":"https:\/\/uus.addinol.ee\/lt\/","logo":{"@type":"ImageObject","inLanguage":"lt-LT","@id":"https:\/\/uus.addinol.ee\/lt\/#\/schema\/logo\/image\/","url":"https:\/\/uus.addinol.ee\/wp-content\/uploads\/2024\/10\/1200px-ADDINOL-Logo.webp","contentUrl":"https:\/\/uus.addinol.ee\/wp-content\/uploads\/2024\/10\/1200px-ADDINOL-Logo.webp","width":1200,"height":431,"caption":"ADDINOL"},"image":{"@id":"https:\/\/uus.addinol.ee\/lt\/#\/schema\/logo\/image\/"},"sameAs":["https:\/\/www.facebook.com\/ADDINOLEesti\/","https:\/\/www.instagram.com\/addinol_eesti\/"]}]}},"_links":{"self":[{"href":"https:\/\/uus.addinol.ee\/lt\/wp-json\/wp\/v2\/product\/6412","targetHints":{"allow":["GET"]}}],"collection":[{"href":"https:\/\/uus.addinol.ee\/lt\/wp-json\/wp\/v2\/product"}],"about":[{"href":"https:\/\/uus.addinol.ee\/lt\/wp-json\/wp\/v2\/types\/product"}],"wp:featuredmedia":[{"embeddable":true,"href":"https:\/\/uus.addinol.ee\/lt\/wp-json\/wp\/v2\/media\/6522"}],"wp:attachment":[{"href":"https:\/\/uus.addinol.ee\/lt\/wp-json\/wp\/v2\/media?parent=6412"}],"wp:term":[{"taxonomy":"viscosity","embeddable":true,"href":"https:\/\/uus.addinol.ee\/lt\/wp-json\/wp\/v2\/viscosity?post=6412"},{"taxonomy":"product_brand","embeddable":true,"href":"https:\/\/uus.addinol.ee\/lt\/wp-json\/wp\/v2\/product_brand?post=6412"},{"taxonomy":"product_cat","embeddable":true,"href":"https:\/\/uus.addinol.ee\/lt\/wp-json\/wp\/v2\/product_cat?post=6412"},{"taxonomy":"product_tag","embeddable":true,"href":"https:\/\/uus.addinol.ee\/lt\/wp-json\/wp\/v2\/product_tag?post=6412"},{"taxonomy":"inventory","embeddable":true,"href":"https:\/\/uus.addinol.ee\/lt\/wp-json\/wp\/v2\/inventory?post=6412"}],"curies":[{"name":"wp","href":"https:\/\/api.w.org\/{rel}","templated":true}]}}