{"id":7035,"date":"2025-05-22T10:07:28","date_gmt":"2025-05-22T07:07:28","guid":{"rendered":"https:\/\/addinol.ee\/?post_type=product&#038;p=7035"},"modified":"2025-10-14T11:35:10","modified_gmt":"2025-10-14T08:35:10","slug":"jahutus-maardevedeliku-kontsentraat-penta-cool-wm-442","status":"publish","type":"product","link":"https:\/\/uus.addinol.ee\/lt\/toode\/jahutus-maardevedeliku-kontsentraat-penta-cool-wm-442\/","title":{"rendered":"Jahutus-m\u00e4\u00e4rdevedeliku kontsentraat Penta-Cool WM 442"},"content":{"rendered":"<p><strong>Jahutus-m\u00e4\u00e4rdevedeliku kontsentraadi Penta-Cool WM 442 KASUTUSV\u00d5IMALUSED:<\/strong><br \/>\n\u2022 Sobib j\u00e4rgmiste metallide t\u00f6\u00f6tlemiseks:<br \/>\n\u2212 raud ja teras<br \/>\n\u2212 valusulamid<br \/>\n\u2212 alumiinium ja v\u00e4rvilismetallid (kontrollida eelnevalt, kas tekitab plekke)<br \/>\n\u2022 Enne magneesiumisulamite t\u00f6\u00f6tlemist konsulteerida ADDINOLiga.<\/p>\n<p><strong>Jahutus-m\u00e4\u00e4rdevedeliku kontsentraat Penta-Cool WM 442 OMADUSED:<\/strong><br \/>\n\u2022 Ei sisalda formaldeh\u00fc\u00fcdi eraldavaid aineid<br \/>\n\u2022 Suurep\u00e4raste korrosioonivastaste omadustega<br \/>\n\u2022 Niisutavate omadustega peendispersne emulsioon<\/p>\n<p><strong>Jahutus-m\u00e4\u00e4rdevedeliku kontsentraat Penta-Cool WM 442 EELISED TARBIJALE:<\/strong><br \/>\n\u2022 Ei kahjusta tervist<br \/>\n\u2022 V\u00f5imalik detailide ajutine vaheladustamine (mitte m\u00e4rgladustada)<br \/>\n\u2022 Suurep\u00e4rane jahutus- ja m\u00e4\u00e4rimisv\u00f5ime<\/p>\n<p><strong>T\u00c4HELEPANU<\/strong><br \/>\nLisage kontsentraati pidevalt segades vette, mitte vastupidi! V\u00e4rvilismetallide sagedasel t\u00f6\u00f6tlemisel v\u00f5ib jahutus-m\u00e4\u00e4rdevedelik hakata tekitama plekke. Palun asendage sellisel juhul vedelik osaliselt v\u00f5i t\u00e4ielikult v\u00e4rske tootega. (V\u00e4rvilismetallide t\u00f6\u00f6tlemine on v\u00f5imalik juhul, kui nende osakaal moodustab kuni 80% k\u00f5ikidest t\u00f6\u00f6deldavatest materjalidest.)<\/p>\n","protected":false},"excerpt":{"rendered":"<p>ADDINOL Penta-Cool WM 442 on universaalne boorhappevaba amiine sisaldav jahutus-m\u00e4\u00e4rdevedeliku kontsentraat, mis sobib ka rasketeks l\u00f5ikeprotsessideks.<\/p>\n","protected":false},"featured_media":8123,"template":"","meta":{"_acf_changed":false},"viscosity":[],"product_brand":[],"product_cat":[151,704],"product_tag":[],"inventory":[],"class_list":{"0":"post-7035","1":"product","2":"type-product","3":"status-publish","4":"has-post-thumbnail","6":"product_cat-toostusmaardeained","7":"product_cat-metallitootlusolid","8":"pa_vali-pakend-20l","10":"first","11":"instock","12":"taxable","13":"shipping-taxable","14":"purchasable","15":"product-type-simple"},"acf":[],"yoast_head":"<!-- This site is optimized with the Yoast SEO plugin v27.5 - https:\/\/yoast.com\/product\/yoast-seo-wordpress\/ -->\n<title>Jahutus-m\u00e4\u00e4rdevedeliku kontsentraat Penta-Cool WM 442 - ADDINOL<\/title>\n<meta name=\"description\" content=\"Universaalne jahutus-m\u00e4\u00e4rdevedelikmetallide l\u00f5iket\u00f6\u00f6tlemiseks, sobib kaautomaatpinkidele, ei sisalda boori\u00fchendeid ega formaldeh\u00fc\u00fcdieraldavaid aineid.\" \/>\n<meta name=\"robots\" content=\"index, follow, max-snippet:-1, max-image-preview:large, max-video-preview:-1\" \/>\n<link rel=\"canonical\" href=\"https:\/\/uus.addinol.ee\/lt\/toode\/jahutus-maardevedeliku-kontsentraat-penta-cool-wm-442\/\" \/>\n<meta property=\"og:locale\" content=\"lt_LT\" \/>\n<meta property=\"og:type\" content=\"article\" \/>\n<meta property=\"og:title\" content=\"Jahutus-m\u00e4\u00e4rdevedeliku kontsentraat Penta-Cool WM 442 - ADDINOL\" \/>\n<meta property=\"og:description\" content=\"Universaalne jahutus-m\u00e4\u00e4rdevedelikmetallide l\u00f5iket\u00f6\u00f6tlemiseks, sobib kaautomaatpinkidele, ei sisalda boori\u00fchendeid ega formaldeh\u00fc\u00fcdieraldavaid aineid.\" \/>\n<meta property=\"og:url\" content=\"https:\/\/uus.addinol.ee\/lt\/toode\/jahutus-maardevedeliku-kontsentraat-penta-cool-wm-442\/\" \/>\n<meta property=\"og:site_name\" content=\"ADDINOL\" \/>\n<meta property=\"article:publisher\" content=\"https:\/\/www.facebook.com\/ADDINOLEesti\/\" \/>\n<meta property=\"article:modified_time\" content=\"2025-10-14T08:35:10+00:00\" \/>\n<meta property=\"og:image\" content=\"https:\/\/uus.addinol.ee\/wp-content\/uploads\/2025\/05\/jahutus-maardevedeliku-kontsentraat-penta-cool-wm-442-20l.jpg\" \/>\n\t<meta property=\"og:image:width\" content=\"800\" \/>\n\t<meta property=\"og:image:height\" content=\"645\" \/>\n\t<meta property=\"og:image:type\" content=\"image\/jpeg\" \/>\n<meta name=\"twitter:card\" content=\"summary_large_image\" \/>\n<meta name=\"twitter:label1\" content=\"Est. reading time\" \/>\n\t<meta name=\"twitter:data1\" content=\"1 minute\" \/>\n<script type=\"application\/ld+json\" class=\"yoast-schema-graph\">{\"@context\":\"https:\\\/\\\/schema.org\",\"@graph\":[{\"@type\":\"WebPage\",\"@id\":\"https:\\\/\\\/uus.addinol.ee\\\/lt\\\/toode\\\/jahutus-maardevedeliku-kontsentraat-penta-cool-wm-442\\\/\",\"url\":\"https:\\\/\\\/uus.addinol.ee\\\/lt\\\/toode\\\/jahutus-maardevedeliku-kontsentraat-penta-cool-wm-442\\\/\",\"name\":\"Jahutus-m\u00e4\u00e4rdevedeliku kontsentraat Penta-Cool WM 442 - ADDINOL\",\"isPartOf\":{\"@id\":\"https:\\\/\\\/uus.addinol.ee\\\/lt\\\/#website\"},\"primaryImageOfPage\":{\"@id\":\"https:\\\/\\\/uus.addinol.ee\\\/lt\\\/toode\\\/jahutus-maardevedeliku-kontsentraat-penta-cool-wm-442\\\/#primaryimage\"},\"image\":{\"@id\":\"https:\\\/\\\/uus.addinol.ee\\\/lt\\\/toode\\\/jahutus-maardevedeliku-kontsentraat-penta-cool-wm-442\\\/#primaryimage\"},\"thumbnailUrl\":\"https:\\\/\\\/uus.addinol.ee\\\/wp-content\\\/uploads\\\/2025\\\/05\\\/jahutus-maardevedeliku-kontsentraat-penta-cool-wm-442-20l.jpg\",\"datePublished\":\"2025-05-22T07:07:28+00:00\",\"dateModified\":\"2025-10-14T08:35:10+00:00\",\"description\":\"Universaalne jahutus-m\u00e4\u00e4rdevedelikmetallide l\u00f5iket\u00f6\u00f6tlemiseks, sobib kaautomaatpinkidele, ei sisalda boori\u00fchendeid ega formaldeh\u00fc\u00fcdieraldavaid aineid.\",\"breadcrumb\":{\"@id\":\"https:\\\/\\\/uus.addinol.ee\\\/lt\\\/toode\\\/jahutus-maardevedeliku-kontsentraat-penta-cool-wm-442\\\/#breadcrumb\"},\"inLanguage\":\"lt-LT\",\"potentialAction\":[{\"@type\":\"ReadAction\",\"target\":[\"https:\\\/\\\/uus.addinol.ee\\\/lt\\\/toode\\\/jahutus-maardevedeliku-kontsentraat-penta-cool-wm-442\\\/\"]}]},{\"@type\":\"ImageObject\",\"inLanguage\":\"lt-LT\",\"@id\":\"https:\\\/\\\/uus.addinol.ee\\\/lt\\\/toode\\\/jahutus-maardevedeliku-kontsentraat-penta-cool-wm-442\\\/#primaryimage\",\"url\":\"https:\\\/\\\/uus.addinol.ee\\\/wp-content\\\/uploads\\\/2025\\\/05\\\/jahutus-maardevedeliku-kontsentraat-penta-cool-wm-442-20l.jpg\",\"contentUrl\":\"https:\\\/\\\/uus.addinol.ee\\\/wp-content\\\/uploads\\\/2025\\\/05\\\/jahutus-maardevedeliku-kontsentraat-penta-cool-wm-442-20l.jpg\",\"width\":800,\"height\":645},{\"@type\":\"BreadcrumbList\",\"@id\":\"https:\\\/\\\/uus.addinol.ee\\\/lt\\\/toode\\\/jahutus-maardevedeliku-kontsentraat-penta-cool-wm-442\\\/#breadcrumb\",\"itemListElement\":[{\"@type\":\"ListItem\",\"position\":1,\"name\":\"ADDINOL\",\"item\":\"https:\\\/\\\/uus.addinol.ee\\\/lt\\\/\"},{\"@type\":\"ListItem\",\"position\":2,\"name\":\"E-pood\",\"item\":\"https:\\\/\\\/uus.addinol.ee\\\/e-pood\\\/\"},{\"@type\":\"ListItem\",\"position\":3,\"name\":\"Jahutus-m\u00e4\u00e4rdevedeliku kontsentraat Penta-Cool WM 442\"}]},{\"@type\":\"WebSite\",\"@id\":\"https:\\\/\\\/uus.addinol.ee\\\/lt\\\/#website\",\"url\":\"https:\\\/\\\/uus.addinol.ee\\\/lt\\\/\",\"name\":\"ADDINOL\",\"description\":\"Mootori&otilde;lid ja m&auml;&auml;&auml;rdeained igaks kasutusjuhuks\",\"publisher\":{\"@id\":\"https:\\\/\\\/uus.addinol.ee\\\/lt\\\/#organization\"},\"potentialAction\":[{\"@type\":\"SearchAction\",\"target\":{\"@type\":\"EntryPoint\",\"urlTemplate\":\"https:\\\/\\\/uus.addinol.ee\\\/lt\\\/?s={search_term_string}\"},\"query-input\":{\"@type\":\"PropertyValueSpecification\",\"valueRequired\":true,\"valueName\":\"search_term_string\"}}],\"inLanguage\":\"lt-LT\"},{\"@type\":\"Organization\",\"@id\":\"https:\\\/\\\/uus.addinol.ee\\\/lt\\\/#organization\",\"name\":\"ADDINOL\",\"url\":\"https:\\\/\\\/uus.addinol.ee\\\/lt\\\/\",\"logo\":{\"@type\":\"ImageObject\",\"inLanguage\":\"lt-LT\",\"@id\":\"https:\\\/\\\/uus.addinol.ee\\\/lt\\\/#\\\/schema\\\/logo\\\/image\\\/\",\"url\":\"https:\\\/\\\/uus.addinol.ee\\\/wp-content\\\/uploads\\\/2024\\\/10\\\/1200px-ADDINOL-Logo.webp\",\"contentUrl\":\"https:\\\/\\\/uus.addinol.ee\\\/wp-content\\\/uploads\\\/2024\\\/10\\\/1200px-ADDINOL-Logo.webp\",\"width\":1200,\"height\":431,\"caption\":\"ADDINOL\"},\"image\":{\"@id\":\"https:\\\/\\\/uus.addinol.ee\\\/lt\\\/#\\\/schema\\\/logo\\\/image\\\/\"},\"sameAs\":[\"https:\\\/\\\/www.facebook.com\\\/ADDINOLEesti\\\/\",\"https:\\\/\\\/www.instagram.com\\\/addinol_eesti\\\/\"]}]}<\/script>\n<!-- \/ Yoast SEO plugin. -->","yoast_head_json":{"title":"Jahutus-m\u00e4\u00e4rdevedeliku kontsentraat Penta-Cool WM 442 - ADDINOL","description":"Universaalne jahutus-m\u00e4\u00e4rdevedelikmetallide l\u00f5iket\u00f6\u00f6tlemiseks, sobib kaautomaatpinkidele, ei sisalda boori\u00fchendeid ega formaldeh\u00fc\u00fcdieraldavaid aineid.","robots":{"index":"index","follow":"follow","max-snippet":"max-snippet:-1","max-image-preview":"max-image-preview:large","max-video-preview":"max-video-preview:-1"},"canonical":"https:\/\/uus.addinol.ee\/lt\/toode\/jahutus-maardevedeliku-kontsentraat-penta-cool-wm-442\/","og_locale":"lt_LT","og_type":"article","og_title":"Jahutus-m\u00e4\u00e4rdevedeliku kontsentraat Penta-Cool WM 442 - ADDINOL","og_description":"Universaalne jahutus-m\u00e4\u00e4rdevedelikmetallide l\u00f5iket\u00f6\u00f6tlemiseks, sobib kaautomaatpinkidele, ei sisalda boori\u00fchendeid ega formaldeh\u00fc\u00fcdieraldavaid aineid.","og_url":"https:\/\/uus.addinol.ee\/lt\/toode\/jahutus-maardevedeliku-kontsentraat-penta-cool-wm-442\/","og_site_name":"ADDINOL","article_publisher":"https:\/\/www.facebook.com\/ADDINOLEesti\/","article_modified_time":"2025-10-14T08:35:10+00:00","og_image":[{"width":800,"height":645,"url":"https:\/\/uus.addinol.ee\/wp-content\/uploads\/2025\/05\/jahutus-maardevedeliku-kontsentraat-penta-cool-wm-442-20l.jpg","type":"image\/jpeg"}],"twitter_card":"summary_large_image","twitter_misc":{"Est. reading time":"1 minute"},"schema":{"@context":"https:\/\/schema.org","@graph":[{"@type":"WebPage","@id":"https:\/\/uus.addinol.ee\/lt\/toode\/jahutus-maardevedeliku-kontsentraat-penta-cool-wm-442\/","url":"https:\/\/uus.addinol.ee\/lt\/toode\/jahutus-maardevedeliku-kontsentraat-penta-cool-wm-442\/","name":"Jahutus-m\u00e4\u00e4rdevedeliku kontsentraat Penta-Cool WM 442 - ADDINOL","isPartOf":{"@id":"https:\/\/uus.addinol.ee\/lt\/#website"},"primaryImageOfPage":{"@id":"https:\/\/uus.addinol.ee\/lt\/toode\/jahutus-maardevedeliku-kontsentraat-penta-cool-wm-442\/#primaryimage"},"image":{"@id":"https:\/\/uus.addinol.ee\/lt\/toode\/jahutus-maardevedeliku-kontsentraat-penta-cool-wm-442\/#primaryimage"},"thumbnailUrl":"https:\/\/uus.addinol.ee\/wp-content\/uploads\/2025\/05\/jahutus-maardevedeliku-kontsentraat-penta-cool-wm-442-20l.jpg","datePublished":"2025-05-22T07:07:28+00:00","dateModified":"2025-10-14T08:35:10+00:00","description":"Universaalne jahutus-m\u00e4\u00e4rdevedelikmetallide l\u00f5iket\u00f6\u00f6tlemiseks, sobib kaautomaatpinkidele, ei sisalda boori\u00fchendeid ega formaldeh\u00fc\u00fcdieraldavaid aineid.","breadcrumb":{"@id":"https:\/\/uus.addinol.ee\/lt\/toode\/jahutus-maardevedeliku-kontsentraat-penta-cool-wm-442\/#breadcrumb"},"inLanguage":"lt-LT","potentialAction":[{"@type":"ReadAction","target":["https:\/\/uus.addinol.ee\/lt\/toode\/jahutus-maardevedeliku-kontsentraat-penta-cool-wm-442\/"]}]},{"@type":"ImageObject","inLanguage":"lt-LT","@id":"https:\/\/uus.addinol.ee\/lt\/toode\/jahutus-maardevedeliku-kontsentraat-penta-cool-wm-442\/#primaryimage","url":"https:\/\/uus.addinol.ee\/wp-content\/uploads\/2025\/05\/jahutus-maardevedeliku-kontsentraat-penta-cool-wm-442-20l.jpg","contentUrl":"https:\/\/uus.addinol.ee\/wp-content\/uploads\/2025\/05\/jahutus-maardevedeliku-kontsentraat-penta-cool-wm-442-20l.jpg","width":800,"height":645},{"@type":"BreadcrumbList","@id":"https:\/\/uus.addinol.ee\/lt\/toode\/jahutus-maardevedeliku-kontsentraat-penta-cool-wm-442\/#breadcrumb","itemListElement":[{"@type":"ListItem","position":1,"name":"ADDINOL","item":"https:\/\/uus.addinol.ee\/lt\/"},{"@type":"ListItem","position":2,"name":"E-pood","item":"https:\/\/uus.addinol.ee\/e-pood\/"},{"@type":"ListItem","position":3,"name":"Jahutus-m\u00e4\u00e4rdevedeliku kontsentraat Penta-Cool WM 442"}]},{"@type":"WebSite","@id":"https:\/\/uus.addinol.ee\/lt\/#website","url":"https:\/\/uus.addinol.ee\/lt\/","name":"ADDINOL","description":"Mootori&otilde;lid ja m&auml;&auml;&auml;rdeained igaks kasutusjuhuks","publisher":{"@id":"https:\/\/uus.addinol.ee\/lt\/#organization"},"potentialAction":[{"@type":"SearchAction","target":{"@type":"EntryPoint","urlTemplate":"https:\/\/uus.addinol.ee\/lt\/?s={search_term_string}"},"query-input":{"@type":"PropertyValueSpecification","valueRequired":true,"valueName":"search_term_string"}}],"inLanguage":"lt-LT"},{"@type":"Organization","@id":"https:\/\/uus.addinol.ee\/lt\/#organization","name":"ADDINOL","url":"https:\/\/uus.addinol.ee\/lt\/","logo":{"@type":"ImageObject","inLanguage":"lt-LT","@id":"https:\/\/uus.addinol.ee\/lt\/#\/schema\/logo\/image\/","url":"https:\/\/uus.addinol.ee\/wp-content\/uploads\/2024\/10\/1200px-ADDINOL-Logo.webp","contentUrl":"https:\/\/uus.addinol.ee\/wp-content\/uploads\/2024\/10\/1200px-ADDINOL-Logo.webp","width":1200,"height":431,"caption":"ADDINOL"},"image":{"@id":"https:\/\/uus.addinol.ee\/lt\/#\/schema\/logo\/image\/"},"sameAs":["https:\/\/www.facebook.com\/ADDINOLEesti\/","https:\/\/www.instagram.com\/addinol_eesti\/"]}]}},"_links":{"self":[{"href":"https:\/\/uus.addinol.ee\/lt\/wp-json\/wp\/v2\/product\/7035","targetHints":{"allow":["GET"]}}],"collection":[{"href":"https:\/\/uus.addinol.ee\/lt\/wp-json\/wp\/v2\/product"}],"about":[{"href":"https:\/\/uus.addinol.ee\/lt\/wp-json\/wp\/v2\/types\/product"}],"wp:featuredmedia":[{"embeddable":true,"href":"https:\/\/uus.addinol.ee\/lt\/wp-json\/wp\/v2\/media\/8123"}],"wp:attachment":[{"href":"https:\/\/uus.addinol.ee\/lt\/wp-json\/wp\/v2\/media?parent=7035"}],"wp:term":[{"taxonomy":"viscosity","embeddable":true,"href":"https:\/\/uus.addinol.ee\/lt\/wp-json\/wp\/v2\/viscosity?post=7035"},{"taxonomy":"product_brand","embeddable":true,"href":"https:\/\/uus.addinol.ee\/lt\/wp-json\/wp\/v2\/product_brand?post=7035"},{"taxonomy":"product_cat","embeddable":true,"href":"https:\/\/uus.addinol.ee\/lt\/wp-json\/wp\/v2\/product_cat?post=7035"},{"taxonomy":"product_tag","embeddable":true,"href":"https:\/\/uus.addinol.ee\/lt\/wp-json\/wp\/v2\/product_tag?post=7035"},{"taxonomy":"inventory","embeddable":true,"href":"https:\/\/uus.addinol.ee\/lt\/wp-json\/wp\/v2\/inventory?post=7035"}],"curies":[{"name":"wp","href":"https:\/\/api.w.org\/{rel}","templated":true}]}}