{"id":13523,"date":"2025-06-25T15:52:18","date_gmt":"2025-06-25T12:52:18","guid":{"rendered":"https:\/\/uus.addinol.ee\/toode\/siltumneseja-ella-xw-15\/"},"modified":"2025-06-25T15:52:18","modified_gmt":"2025-06-25T12:52:18","slug":"siltumneseja-ella-xw-15","status":"publish","type":"product","link":"https:\/\/uus.addinol.ee\/lv\/toode\/siltumneseja-ella-xw-15\/","title":{"rendered":"Siltumnes\u0113ja e\u013c\u013ca XW 15"},"content":{"rendered":"<p><strong>Siltumnes\u0113ja e\u013c\u013ca XW 15 PIELIETO\u0160ANA<\/strong>:<br \/>\n&#8211; Ide\u0101li piem\u0113rota izmanto\u0161anai k\u0101 siltumnes\u0113js sl\u0113gt\u0101s sild\u012b\u0161anas sist\u0113m\u0101s vai kombin\u0113t\u0101s sild\u012b\u0161anas\/dzes\u0113\u0161anas sist\u0113m\u0101s.<br \/>\n&#8211; Izmanto\u0161anai siltumnes\u0113jos ar maksim\u0101lo aug\u0161upejo\u0161o temperat\u016bru +300 \u00b0C un maksim\u0101lo lejupejo\u0161o temperat\u016bru +320 \u00b0C.<br \/>\n&#8211; Piem\u0113rots lieto\u0161anai, ja nav iesp\u0113jama tie\u0161a sild\u012b\u0161ana.<br \/>\n&#8211; \u012apa\u0161i piem\u0113rots lieto\u0161anai, ja priek\u0161roka tiek dota bezspiediena sild\u012b\u0161anas sist\u0113mai.<br \/>\n&#8211; \u013bauj uzman\u012bgi un dro\u0161i sild\u012bt jut\u012bgas un\/vai b\u012bstamas vielas.<br \/>\n&#8211; Ilgtermi\u0146a lieto\u0161ana pat ilgsto\u0161i augst\u0101s termisk\u0101s slodz\u0113s.<\/p>\n<p><strong>SPECIFIK\u0100CIJA \/ LICENCES<br \/>\n<\/strong>Siltumnes\u0113ja e\u013c\u013ca XW 15 atbilst pras\u012bb\u0101m:<strong><br \/>\n<\/strong><\/p>\n<ul>\n<li>DIN ISO 6743-12 QB<\/li>\n<\/ul>\n<p><strong>Siltumnes\u0113js XW 15 ir licenc\u0113ts:<\/strong><\/p>\n<ul>\n<li>Doosan \u0160koda Power<\/li>\n<li>MAN Diesel &amp; Turbo<\/li>\n<li>Maksim\u0101lais vati<\/li>\n<li>Purejes<\/li>\n<li>BV 2327<\/li>\n<li>Siemens AG<\/li>\n<li>TLV 901304 \/ TLV 901305<\/li>\n<li>Siemens Energy Compressors GmbH<\/li>\n<\/ul>\n<p> <strong> \u012aPA\u0160\u012aBAS<\/strong>:<br \/>\n&#8211; Visaugst\u0101k\u0101 pamatkomponentu termisk\u0101 stabilit\u0101te<br \/>\n&#8211; Minim\u0101la koks\u0113\u0161anas pak\u0101pe<br \/>\n&#8211; Augsts s\u0101kotn\u0113jais vir\u0161anas punkts pie atmosf\u0113ras spiediena<br \/>\n&#8211; Lab\u0101k\u0101s korozijas inhib\u012bcijas \u012bpa\u0161\u012bbas<br \/>\n&#8211; Viskozit\u0101tes zema atkar\u012bba no temperat\u016bras<br \/>\n&#8211; Stabils vir\u0161anas punkts<br \/>\n&#8211; Lieliskas mazg\u0101\u0161anas \u012bpa\u0161\u012bbas.<\/p>\n<p><strong>PIED\u0100V\u0100JUMI PAT\u0112R\u0112T\u0100JAM:<br \/>\n<\/strong>&#8211; Iev\u0113rojami ilg\u0101ks kalpo\u0161anas laiks nek\u0101 miner\u0101le\u013c\u013c\u0101m<br \/>\n&#8211; Veido iev\u0113rojami maz\u0101k nos\u0113dumu nek\u0101 miner\u0101le\u013c\u013cas, \u012bpa\u0161i paredz\u0113tas ilgsto\u0161ai lieto\u0161anai<br \/>\n&#8211; Dro\u0161a sild\u012b\u0161ana sl\u0113gt\u0101s sist\u0113m\u0101s<br \/>\n&#8211; Efekt\u012bva apkures sist\u0113mas komponentu aizsardz\u012bba<br \/>\n&#8211; Maz\u0101ks ener\u0123ijas pat\u0113ri\u0146\u0161 iesild\u012b\u0161an\u0101s f\u0101z\u0113 un ekstrem\u0101los apst\u0101k\u013cos<br \/>\n&#8211; Past\u0101v\u012bgi dro\u0161a lieto\u0161ana<br \/>\n&#8211; Izskalo eso\u0161os nos\u0113dumus un nodro\u0161ina lab\u0101ku siltuma nodo\u0161anu.<\/p>\n","protected":false},"excerpt":{"rendered":"<p>XW 15 siltumnes\u0113ja e\u013c\u013ca ir sint\u0113tisks \u0161\u0137idrums, kas ra\u017eots no alkil\u0113tiem arom\u0101tiskajiem og\u013c\u016bde\u0146ra\u017eiem (alkilbenz\u0113niem). Ide\u0101la pamatkomponentu kombin\u0101cija nodro\u0161ina vislab\u0101ko aizsardz\u012bbu pret koroziju un optim\u0101lu iztur\u012bbu pret oksid\u0101ciju sl\u0113gt\u0101s apkures sist\u0113m\u0101s. <\/p>\n","protected":false},"featured_media":13521,"template":"","meta":{"_acf_changed":false},"viscosity":[],"product_brand":[],"product_cat":[859],"product_tag":[],"inventory":[],"class_list":{"0":"post-13523","1":"product","2":"type-product","3":"status-publish","4":"has-post-thumbnail","6":"product_cat-siltumnesejas-ellas","7":"pa_vali-pakend-205l-lv","8":"pa_vali-pakend-20l-lv","9":"pa_vali-pakend-sildama-ella-xw-15-205l","10":"pa_vali-pakend-sildama-ella-xw-15-20l","12":"first","13":"instock","14":"taxable","15":"shipping-taxable","16":"purchasable","17":"product-type-variable"},"acf":[],"yoast_head":"<!-- This site is optimized with the Yoast SEO plugin v27.5 - https:\/\/yoast.com\/product\/yoast-seo-wordpress\/ -->\n<title>Siltumnes\u0113ja e\u013c\u013ca XW 15 - ADDINOL<\/title>\n<meta name=\"description\" content=\"XW 15 ir piln\u012bb\u0101 sint\u0113tiska siltumnes\u0113ja e\u013c\u013ca apkures sist\u0113m\u0101m un kombin\u0113t\u0101m apkures un dzes\u0113\u0161anas sist\u0113m\u0101m, kas paredz\u0113ta jut\u012bgu un b\u012bstamu vielu r\u016bp\u012bgai un dro\u0161ai sild\u012b\u0161anai.\" \/>\n<meta name=\"robots\" content=\"index, follow, max-snippet:-1, max-image-preview:large, max-video-preview:-1\" \/>\n<link rel=\"canonical\" href=\"https:\/\/uus.addinol.ee\/lv\/toode\/siltumneseja-ella-xw-15\/\" \/>\n<meta property=\"og:locale\" content=\"lv_LV\" \/>\n<meta property=\"og:type\" content=\"article\" \/>\n<meta property=\"og:title\" content=\"Siltumnes\u0113ja e\u013c\u013ca XW 15 - ADDINOL\" \/>\n<meta property=\"og:description\" content=\"XW 15 ir piln\u012bb\u0101 sint\u0113tiska siltumnes\u0113ja e\u013c\u013ca apkures sist\u0113m\u0101m un kombin\u0113t\u0101m apkures un dzes\u0113\u0161anas sist\u0113m\u0101m, kas paredz\u0113ta jut\u012bgu un b\u012bstamu vielu r\u016bp\u012bgai un dro\u0161ai sild\u012b\u0161anai.\" \/>\n<meta property=\"og:url\" content=\"https:\/\/uus.addinol.ee\/lv\/toode\/siltumneseja-ella-xw-15\/\" \/>\n<meta property=\"og:site_name\" content=\"ADDINOL\" \/>\n<meta property=\"article:publisher\" content=\"https:\/\/www.facebook.com\/ADDINOLEesti\/\" \/>\n<meta property=\"og:image\" content=\"https:\/\/uus.addinol.ee\/wp-content\/uploads\/2025\/05\/gruppe-scaled.jpg\" \/>\n\t<meta property=\"og:image:width\" content=\"2085\" \/>\n\t<meta property=\"og:image:height\" content=\"2560\" \/>\n\t<meta property=\"og:image:type\" content=\"image\/jpeg\" \/>\n<meta name=\"twitter:card\" content=\"summary_large_image\" \/>\n<meta name=\"twitter:label1\" content=\"Est. reading time\" \/>\n\t<meta name=\"twitter:data1\" content=\"2 minutes\" \/>\n<script type=\"application\/ld+json\" class=\"yoast-schema-graph\">{\"@context\":\"https:\\\/\\\/schema.org\",\"@graph\":[{\"@type\":\"WebPage\",\"@id\":\"https:\\\/\\\/uus.addinol.ee\\\/lv\\\/toode\\\/siltumneseja-ella-xw-15\\\/\",\"url\":\"https:\\\/\\\/uus.addinol.ee\\\/lv\\\/toode\\\/siltumneseja-ella-xw-15\\\/\",\"name\":\"Siltumnes\u0113ja e\u013c\u013ca XW 15 - ADDINOL\",\"isPartOf\":{\"@id\":\"https:\\\/\\\/uus.addinol.ee\\\/lv\\\/#website\"},\"primaryImageOfPage\":{\"@id\":\"https:\\\/\\\/uus.addinol.ee\\\/lv\\\/toode\\\/siltumneseja-ella-xw-15\\\/#primaryimage\"},\"image\":{\"@id\":\"https:\\\/\\\/uus.addinol.ee\\\/lv\\\/toode\\\/siltumneseja-ella-xw-15\\\/#primaryimage\"},\"thumbnailUrl\":\"https:\\\/\\\/uus.addinol.ee\\\/wp-content\\\/uploads\\\/2025\\\/05\\\/gruppe-scaled.jpg\",\"datePublished\":\"2025-06-25T12:52:18+00:00\",\"description\":\"XW 15 ir piln\u012bb\u0101 sint\u0113tiska siltumnes\u0113ja e\u013c\u013ca apkures sist\u0113m\u0101m un kombin\u0113t\u0101m apkures un dzes\u0113\u0161anas sist\u0113m\u0101m, kas paredz\u0113ta jut\u012bgu un b\u012bstamu vielu r\u016bp\u012bgai un dro\u0161ai sild\u012b\u0161anai.\",\"breadcrumb\":{\"@id\":\"https:\\\/\\\/uus.addinol.ee\\\/lv\\\/toode\\\/siltumneseja-ella-xw-15\\\/#breadcrumb\"},\"inLanguage\":\"lv-LV\",\"potentialAction\":[{\"@type\":\"ReadAction\",\"target\":[\"https:\\\/\\\/uus.addinol.ee\\\/lv\\\/toode\\\/siltumneseja-ella-xw-15\\\/\"]}]},{\"@type\":\"ImageObject\",\"inLanguage\":\"lv-LV\",\"@id\":\"https:\\\/\\\/uus.addinol.ee\\\/lv\\\/toode\\\/siltumneseja-ella-xw-15\\\/#primaryimage\",\"url\":\"https:\\\/\\\/uus.addinol.ee\\\/wp-content\\\/uploads\\\/2025\\\/05\\\/gruppe-scaled.jpg\",\"contentUrl\":\"https:\\\/\\\/uus.addinol.ee\\\/wp-content\\\/uploads\\\/2025\\\/05\\\/gruppe-scaled.jpg\",\"width\":2085,\"height\":2560},{\"@type\":\"BreadcrumbList\",\"@id\":\"https:\\\/\\\/uus.addinol.ee\\\/lv\\\/toode\\\/siltumneseja-ella-xw-15\\\/#breadcrumb\",\"itemListElement\":[{\"@type\":\"ListItem\",\"position\":1,\"name\":\"ADDINOL\",\"item\":\"https:\\\/\\\/uus.addinol.ee\\\/lv\\\/\"},{\"@type\":\"ListItem\",\"position\":2,\"name\":\"E-pood\",\"item\":\"https:\\\/\\\/uus.addinol.ee\\\/e-pood\\\/\"},{\"@type\":\"ListItem\",\"position\":3,\"name\":\"Siltumnes\u0113ja e\u013c\u013ca XW 15\"}]},{\"@type\":\"WebSite\",\"@id\":\"https:\\\/\\\/uus.addinol.ee\\\/lv\\\/#website\",\"url\":\"https:\\\/\\\/uus.addinol.ee\\\/lv\\\/\",\"name\":\"ADDINOL\",\"description\":\"Mootori&otilde;lid ja m&auml;&auml;&auml;rdeained igaks kasutusjuhuks\",\"publisher\":{\"@id\":\"https:\\\/\\\/uus.addinol.ee\\\/lv\\\/#organization\"},\"potentialAction\":[{\"@type\":\"SearchAction\",\"target\":{\"@type\":\"EntryPoint\",\"urlTemplate\":\"https:\\\/\\\/uus.addinol.ee\\\/lv\\\/?s={search_term_string}\"},\"query-input\":{\"@type\":\"PropertyValueSpecification\",\"valueRequired\":true,\"valueName\":\"search_term_string\"}}],\"inLanguage\":\"lv-LV\"},{\"@type\":\"Organization\",\"@id\":\"https:\\\/\\\/uus.addinol.ee\\\/lv\\\/#organization\",\"name\":\"ADDINOL\",\"url\":\"https:\\\/\\\/uus.addinol.ee\\\/lv\\\/\",\"logo\":{\"@type\":\"ImageObject\",\"inLanguage\":\"lv-LV\",\"@id\":\"https:\\\/\\\/uus.addinol.ee\\\/lv\\\/#\\\/schema\\\/logo\\\/image\\\/\",\"url\":\"https:\\\/\\\/uus.addinol.ee\\\/wp-content\\\/uploads\\\/2024\\\/10\\\/1200px-ADDINOL-Logo.webp\",\"contentUrl\":\"https:\\\/\\\/uus.addinol.ee\\\/wp-content\\\/uploads\\\/2024\\\/10\\\/1200px-ADDINOL-Logo.webp\",\"width\":1200,\"height\":431,\"caption\":\"ADDINOL\"},\"image\":{\"@id\":\"https:\\\/\\\/uus.addinol.ee\\\/lv\\\/#\\\/schema\\\/logo\\\/image\\\/\"},\"sameAs\":[\"https:\\\/\\\/www.facebook.com\\\/ADDINOLEesti\\\/\",\"https:\\\/\\\/www.instagram.com\\\/addinol_eesti\\\/\"]}]}<\/script>\n<!-- \/ Yoast SEO plugin. -->","yoast_head_json":{"title":"Siltumnes\u0113ja e\u013c\u013ca XW 15 - ADDINOL","description":"XW 15 ir piln\u012bb\u0101 sint\u0113tiska siltumnes\u0113ja e\u013c\u013ca apkures sist\u0113m\u0101m un kombin\u0113t\u0101m apkures un dzes\u0113\u0161anas sist\u0113m\u0101m, kas paredz\u0113ta jut\u012bgu un b\u012bstamu vielu r\u016bp\u012bgai un dro\u0161ai sild\u012b\u0161anai.","robots":{"index":"index","follow":"follow","max-snippet":"max-snippet:-1","max-image-preview":"max-image-preview:large","max-video-preview":"max-video-preview:-1"},"canonical":"https:\/\/uus.addinol.ee\/lv\/toode\/siltumneseja-ella-xw-15\/","og_locale":"lv_LV","og_type":"article","og_title":"Siltumnes\u0113ja e\u013c\u013ca XW 15 - ADDINOL","og_description":"XW 15 ir piln\u012bb\u0101 sint\u0113tiska siltumnes\u0113ja e\u013c\u013ca apkures sist\u0113m\u0101m un kombin\u0113t\u0101m apkures un dzes\u0113\u0161anas sist\u0113m\u0101m, kas paredz\u0113ta jut\u012bgu un b\u012bstamu vielu r\u016bp\u012bgai un dro\u0161ai sild\u012b\u0161anai.","og_url":"https:\/\/uus.addinol.ee\/lv\/toode\/siltumneseja-ella-xw-15\/","og_site_name":"ADDINOL","article_publisher":"https:\/\/www.facebook.com\/ADDINOLEesti\/","og_image":[{"width":2085,"height":2560,"url":"https:\/\/uus.addinol.ee\/wp-content\/uploads\/2025\/05\/gruppe-scaled.jpg","type":"image\/jpeg"}],"twitter_card":"summary_large_image","twitter_misc":{"Est. reading time":"2 minutes"},"schema":{"@context":"https:\/\/schema.org","@graph":[{"@type":"WebPage","@id":"https:\/\/uus.addinol.ee\/lv\/toode\/siltumneseja-ella-xw-15\/","url":"https:\/\/uus.addinol.ee\/lv\/toode\/siltumneseja-ella-xw-15\/","name":"Siltumnes\u0113ja e\u013c\u013ca XW 15 - ADDINOL","isPartOf":{"@id":"https:\/\/uus.addinol.ee\/lv\/#website"},"primaryImageOfPage":{"@id":"https:\/\/uus.addinol.ee\/lv\/toode\/siltumneseja-ella-xw-15\/#primaryimage"},"image":{"@id":"https:\/\/uus.addinol.ee\/lv\/toode\/siltumneseja-ella-xw-15\/#primaryimage"},"thumbnailUrl":"https:\/\/uus.addinol.ee\/wp-content\/uploads\/2025\/05\/gruppe-scaled.jpg","datePublished":"2025-06-25T12:52:18+00:00","description":"XW 15 ir piln\u012bb\u0101 sint\u0113tiska siltumnes\u0113ja e\u013c\u013ca apkures sist\u0113m\u0101m un kombin\u0113t\u0101m apkures un dzes\u0113\u0161anas sist\u0113m\u0101m, kas paredz\u0113ta jut\u012bgu un b\u012bstamu vielu r\u016bp\u012bgai un dro\u0161ai sild\u012b\u0161anai.","breadcrumb":{"@id":"https:\/\/uus.addinol.ee\/lv\/toode\/siltumneseja-ella-xw-15\/#breadcrumb"},"inLanguage":"lv-LV","potentialAction":[{"@type":"ReadAction","target":["https:\/\/uus.addinol.ee\/lv\/toode\/siltumneseja-ella-xw-15\/"]}]},{"@type":"ImageObject","inLanguage":"lv-LV","@id":"https:\/\/uus.addinol.ee\/lv\/toode\/siltumneseja-ella-xw-15\/#primaryimage","url":"https:\/\/uus.addinol.ee\/wp-content\/uploads\/2025\/05\/gruppe-scaled.jpg","contentUrl":"https:\/\/uus.addinol.ee\/wp-content\/uploads\/2025\/05\/gruppe-scaled.jpg","width":2085,"height":2560},{"@type":"BreadcrumbList","@id":"https:\/\/uus.addinol.ee\/lv\/toode\/siltumneseja-ella-xw-15\/#breadcrumb","itemListElement":[{"@type":"ListItem","position":1,"name":"ADDINOL","item":"https:\/\/uus.addinol.ee\/lv\/"},{"@type":"ListItem","position":2,"name":"E-pood","item":"https:\/\/uus.addinol.ee\/e-pood\/"},{"@type":"ListItem","position":3,"name":"Siltumnes\u0113ja e\u013c\u013ca XW 15"}]},{"@type":"WebSite","@id":"https:\/\/uus.addinol.ee\/lv\/#website","url":"https:\/\/uus.addinol.ee\/lv\/","name":"ADDINOL","description":"Mootori&otilde;lid ja m&auml;&auml;&auml;rdeained igaks kasutusjuhuks","publisher":{"@id":"https:\/\/uus.addinol.ee\/lv\/#organization"},"potentialAction":[{"@type":"SearchAction","target":{"@type":"EntryPoint","urlTemplate":"https:\/\/uus.addinol.ee\/lv\/?s={search_term_string}"},"query-input":{"@type":"PropertyValueSpecification","valueRequired":true,"valueName":"search_term_string"}}],"inLanguage":"lv-LV"},{"@type":"Organization","@id":"https:\/\/uus.addinol.ee\/lv\/#organization","name":"ADDINOL","url":"https:\/\/uus.addinol.ee\/lv\/","logo":{"@type":"ImageObject","inLanguage":"lv-LV","@id":"https:\/\/uus.addinol.ee\/lv\/#\/schema\/logo\/image\/","url":"https:\/\/uus.addinol.ee\/wp-content\/uploads\/2024\/10\/1200px-ADDINOL-Logo.webp","contentUrl":"https:\/\/uus.addinol.ee\/wp-content\/uploads\/2024\/10\/1200px-ADDINOL-Logo.webp","width":1200,"height":431,"caption":"ADDINOL"},"image":{"@id":"https:\/\/uus.addinol.ee\/lv\/#\/schema\/logo\/image\/"},"sameAs":["https:\/\/www.facebook.com\/ADDINOLEesti\/","https:\/\/www.instagram.com\/addinol_eesti\/"]}]}},"_links":{"self":[{"href":"https:\/\/uus.addinol.ee\/lv\/wp-json\/wp\/v2\/product\/13523","targetHints":{"allow":["GET"]}}],"collection":[{"href":"https:\/\/uus.addinol.ee\/lv\/wp-json\/wp\/v2\/product"}],"about":[{"href":"https:\/\/uus.addinol.ee\/lv\/wp-json\/wp\/v2\/types\/product"}],"wp:featuredmedia":[{"embeddable":true,"href":"https:\/\/uus.addinol.ee\/lv\/wp-json\/wp\/v2\/media\/13521"}],"wp:attachment":[{"href":"https:\/\/uus.addinol.ee\/lv\/wp-json\/wp\/v2\/media?parent=13523"}],"wp:term":[{"taxonomy":"viscosity","embeddable":true,"href":"https:\/\/uus.addinol.ee\/lv\/wp-json\/wp\/v2\/viscosity?post=13523"},{"taxonomy":"product_brand","embeddable":true,"href":"https:\/\/uus.addinol.ee\/lv\/wp-json\/wp\/v2\/product_brand?post=13523"},{"taxonomy":"product_cat","embeddable":true,"href":"https:\/\/uus.addinol.ee\/lv\/wp-json\/wp\/v2\/product_cat?post=13523"},{"taxonomy":"product_tag","embeddable":true,"href":"https:\/\/uus.addinol.ee\/lv\/wp-json\/wp\/v2\/product_tag?post=13523"},{"taxonomy":"inventory","embeddable":true,"href":"https:\/\/uus.addinol.ee\/lv\/wp-json\/wp\/v2\/inventory?post=13523"}],"curies":[{"name":"wp","href":"https:\/\/api.w.org\/{rel}","templated":true}]}}