{"id":6061,"date":"2024-12-31T12:24:28","date_gmt":"2024-12-31T12:24:28","guid":{"rendered":"https:\/\/addinol.ee\/toode\/universaalmaare-hightemp-ek-2\/"},"modified":"2025-10-14T11:35:04","modified_gmt":"2025-10-14T08:35:04","slug":"universaalmaare-hightemp-ek-2","status":"publish","type":"product","link":"https:\/\/uus.addinol.ee\/lv\/toode\/universaalmaare-hightemp-ek-2\/","title":{"rendered":"Universaalm\u00e4\u00e4re Hightemp EK 2"},"content":{"rendered":"<p><strong>Universaalm\u00e4\u00e4rde Hightemp EK 2 KASUTUSV\u00d5IMALUSED:<\/strong><br \/>\n\u2022 Ette n\u00e4htud suure survekoormuse all t\u00f6\u00f6tavate veere- ja liugelaagrite m\u00e4\u00e4rimiseks nii t\u00f6\u00f6stusseadmetes kui mootors\u00f5idukites.<br \/>\n\u2022 Sobib veoautode rattalaagrite m\u00e4\u00e4rimiseks.<br \/>\n\u2022 Sobib v\u00e4ga h\u00e4sti s\u00f5iduautode kiiresti p\u00f6\u00f6rlevate rattalaagrite m\u00e4\u00e4rimiseks.<\/p>\n<p><strong>Universaalm\u00e4\u00e4rde Hightemp EK 2 SPETSIFIKATSIOONID \/ LITSENTSID:<\/strong><br \/>\nUniversaalm\u00e4\u00e4re Hightemp EK 2 t\u00e4idab n\u00f5udeid:<br \/>\n\u2022 MAN 284 Li-H 2<br \/>\n\u2022 Volvo STD 1277,18 ja 1277,2<br \/>\n\u2022 MB 265.1<\/p>\n<p>Universaalm\u00e4\u00e4rde Hightemp EK 2 t\u00e4histus DIN 51502 j\u00e4rgi:<br \/>\n\u2022 KP2P-30<\/p>\n<p>Universaalm\u00e4\u00e4rde Hightemp EK 2 t\u00e4histus ISO 6743 j\u00e4rgi:<br \/>\n\u2022 ISO-L-X CDHB2<\/p>\n<p>NLGI klass: 2<\/p>\n<p><strong>Universaalm\u00e4\u00e4re Hightemp EK 2 OMADUSED:<\/strong><br \/>\n\u2022 Mehaaniline stabiilsus<br \/>\n\u2022 Oks\u00fcdeerumiskindel<br \/>\n\u2022 Veekindel<br \/>\n\u2022 V\u00e4ga head korrosioonit\u00f5rjeomadused<br \/>\n\u2022 Termiline stabiilsus<br \/>\n\u2022 Hea survetaluvus<\/p>\n<p><strong>Universaalm\u00e4\u00e4re Hightemp EK 2 EELISED TARBIJALE:<\/strong><br \/>\n\u2022 Tagatud m\u00e4\u00e4rde stabiilne struktuur<br \/>\n\u2022 Vananemiskindel<br \/>\n\u2022 V\u00f5imalik otsene kokkupuude veega<br \/>\n\u2022 Masinaosade pikk t\u00f6\u00f6iga<br \/>\n\u2022 Kasutatav kuni +150 \u00b0C temperatuuril<br \/>\n\u2022 Suure survekoormuse all t\u00f6\u00f6tavate laagrite m\u00e4\u00e4rimiseks<\/p>\n","protected":false},"excerpt":{"rendered":"<p>Universaalm\u00e4\u00e4re ADDINOL Hightemp EK 2 on mineraal\u00f5li baasil valmistatud liitiumkompleksseepm\u00e4\u00e4re, millele on lisatud s\u00f6\u00f6bimisvastased (EP) manused.<\/p>\n","protected":false},"featured_media":11339,"template":"","meta":{"_acf_changed":false},"viscosity":[],"product_brand":[],"product_cat":[151,727],"product_tag":[],"inventory":[],"class_list":{"0":"post-6061","1":"product","2":"type-product","3":"status-publish","4":"has-post-thumbnail","6":"product_cat-toostusmaardeained","7":"product_cat-universaalsed-maarded","8":"pa_vali-pakend-25kg","10":"first","11":"onbackorder","12":"taxable","13":"shipping-taxable","14":"purchasable","15":"product-type-simple"},"acf":[],"yoast_head":"<!-- This site is optimized with the Yoast SEO plugin v27.5 - https:\/\/yoast.com\/product\/yoast-seo-wordpress\/ -->\n<title>Universaalm\u00e4\u00e4re Hightemp EK 2 - ADDINOL<\/title>\n<meta name=\"robots\" content=\"index, follow, max-snippet:-1, max-image-preview:large, max-video-preview:-1\" \/>\n<link rel=\"canonical\" href=\"https:\/\/uus.addinol.ee\/lv\/toode\/universaalmaare-hightemp-ek-2\/\" \/>\n<meta property=\"og:locale\" content=\"lv_LV\" \/>\n<meta property=\"og:type\" content=\"article\" \/>\n<meta property=\"og:title\" content=\"Universaalm\u00e4\u00e4re Hightemp EK 2 - ADDINOL\" \/>\n<meta property=\"og:description\" content=\"Universaalm\u00e4\u00e4re ADDINOL Hightemp EK 2 on mineraal\u00f5li baasil valmistatud liitiumkompleksseepm\u00e4\u00e4re, millele on lisatud s\u00f6\u00f6bimisvastased (EP) manused.\" \/>\n<meta property=\"og:url\" content=\"https:\/\/uus.addinol.ee\/lv\/toode\/universaalmaare-hightemp-ek-2\/\" \/>\n<meta property=\"og:site_name\" content=\"ADDINOL\" \/>\n<meta property=\"article:publisher\" content=\"https:\/\/www.facebook.com\/ADDINOLEesti\/\" \/>\n<meta property=\"article:modified_time\" content=\"2025-10-14T08:35:04+00:00\" \/>\n<meta property=\"og:image\" content=\"https:\/\/uus.addinol.ee\/wp-content\/uploads\/2024\/12\/71723689_hightemp-ek_25kg_hr_oh-scaled.png\" \/>\n\t<meta property=\"og:image:width\" content=\"1810\" \/>\n\t<meta property=\"og:image:height\" content=\"2560\" \/>\n\t<meta property=\"og:image:type\" content=\"image\/png\" \/>\n<meta name=\"twitter:card\" content=\"summary_large_image\" \/>\n<meta name=\"twitter:label1\" content=\"Est. reading time\" \/>\n\t<meta name=\"twitter:data1\" content=\"1 minute\" \/>\n<script type=\"application\/ld+json\" class=\"yoast-schema-graph\">{\"@context\":\"https:\\\/\\\/schema.org\",\"@graph\":[{\"@type\":\"WebPage\",\"@id\":\"https:\\\/\\\/uus.addinol.ee\\\/lv\\\/toode\\\/universaalmaare-hightemp-ek-2\\\/\",\"url\":\"https:\\\/\\\/uus.addinol.ee\\\/lv\\\/toode\\\/universaalmaare-hightemp-ek-2\\\/\",\"name\":\"Universaalm\u00e4\u00e4re Hightemp EK 2 - ADDINOL\",\"isPartOf\":{\"@id\":\"https:\\\/\\\/uus.addinol.ee\\\/lv\\\/#website\"},\"primaryImageOfPage\":{\"@id\":\"https:\\\/\\\/uus.addinol.ee\\\/lv\\\/toode\\\/universaalmaare-hightemp-ek-2\\\/#primaryimage\"},\"image\":{\"@id\":\"https:\\\/\\\/uus.addinol.ee\\\/lv\\\/toode\\\/universaalmaare-hightemp-ek-2\\\/#primaryimage\"},\"thumbnailUrl\":\"https:\\\/\\\/uus.addinol.ee\\\/wp-content\\\/uploads\\\/2024\\\/12\\\/71723689_hightemp-ek_25kg_hr_oh-scaled.png\",\"datePublished\":\"2024-12-31T12:24:28+00:00\",\"dateModified\":\"2025-10-14T08:35:04+00:00\",\"breadcrumb\":{\"@id\":\"https:\\\/\\\/uus.addinol.ee\\\/lv\\\/toode\\\/universaalmaare-hightemp-ek-2\\\/#breadcrumb\"},\"inLanguage\":\"lv-LV\",\"potentialAction\":[{\"@type\":\"ReadAction\",\"target\":[\"https:\\\/\\\/uus.addinol.ee\\\/lv\\\/toode\\\/universaalmaare-hightemp-ek-2\\\/\"]}]},{\"@type\":\"ImageObject\",\"inLanguage\":\"lv-LV\",\"@id\":\"https:\\\/\\\/uus.addinol.ee\\\/lv\\\/toode\\\/universaalmaare-hightemp-ek-2\\\/#primaryimage\",\"url\":\"https:\\\/\\\/uus.addinol.ee\\\/wp-content\\\/uploads\\\/2024\\\/12\\\/71723689_hightemp-ek_25kg_hr_oh-scaled.png\",\"contentUrl\":\"https:\\\/\\\/uus.addinol.ee\\\/wp-content\\\/uploads\\\/2024\\\/12\\\/71723689_hightemp-ek_25kg_hr_oh-scaled.png\",\"width\":1810,\"height\":2560},{\"@type\":\"BreadcrumbList\",\"@id\":\"https:\\\/\\\/uus.addinol.ee\\\/lv\\\/toode\\\/universaalmaare-hightemp-ek-2\\\/#breadcrumb\",\"itemListElement\":[{\"@type\":\"ListItem\",\"position\":1,\"name\":\"ADDINOL\",\"item\":\"https:\\\/\\\/uus.addinol.ee\\\/lv\\\/\"},{\"@type\":\"ListItem\",\"position\":2,\"name\":\"E-pood\",\"item\":\"https:\\\/\\\/uus.addinol.ee\\\/e-pood\\\/\"},{\"@type\":\"ListItem\",\"position\":3,\"name\":\"Universaalm\u00e4\u00e4re Hightemp EK 2\"}]},{\"@type\":\"WebSite\",\"@id\":\"https:\\\/\\\/uus.addinol.ee\\\/lv\\\/#website\",\"url\":\"https:\\\/\\\/uus.addinol.ee\\\/lv\\\/\",\"name\":\"ADDINOL\",\"description\":\"Mootori&otilde;lid ja m&auml;&auml;&auml;rdeained igaks kasutusjuhuks\",\"publisher\":{\"@id\":\"https:\\\/\\\/uus.addinol.ee\\\/lv\\\/#organization\"},\"potentialAction\":[{\"@type\":\"SearchAction\",\"target\":{\"@type\":\"EntryPoint\",\"urlTemplate\":\"https:\\\/\\\/uus.addinol.ee\\\/lv\\\/?s={search_term_string}\"},\"query-input\":{\"@type\":\"PropertyValueSpecification\",\"valueRequired\":true,\"valueName\":\"search_term_string\"}}],\"inLanguage\":\"lv-LV\"},{\"@type\":\"Organization\",\"@id\":\"https:\\\/\\\/uus.addinol.ee\\\/lv\\\/#organization\",\"name\":\"ADDINOL\",\"url\":\"https:\\\/\\\/uus.addinol.ee\\\/lv\\\/\",\"logo\":{\"@type\":\"ImageObject\",\"inLanguage\":\"lv-LV\",\"@id\":\"https:\\\/\\\/uus.addinol.ee\\\/lv\\\/#\\\/schema\\\/logo\\\/image\\\/\",\"url\":\"https:\\\/\\\/uus.addinol.ee\\\/wp-content\\\/uploads\\\/2024\\\/10\\\/1200px-ADDINOL-Logo.webp\",\"contentUrl\":\"https:\\\/\\\/uus.addinol.ee\\\/wp-content\\\/uploads\\\/2024\\\/10\\\/1200px-ADDINOL-Logo.webp\",\"width\":1200,\"height\":431,\"caption\":\"ADDINOL\"},\"image\":{\"@id\":\"https:\\\/\\\/uus.addinol.ee\\\/lv\\\/#\\\/schema\\\/logo\\\/image\\\/\"},\"sameAs\":[\"https:\\\/\\\/www.facebook.com\\\/ADDINOLEesti\\\/\",\"https:\\\/\\\/www.instagram.com\\\/addinol_eesti\\\/\"]}]}<\/script>\n<!-- \/ Yoast SEO plugin. -->","yoast_head_json":{"title":"Universaalm\u00e4\u00e4re Hightemp EK 2 - ADDINOL","robots":{"index":"index","follow":"follow","max-snippet":"max-snippet:-1","max-image-preview":"max-image-preview:large","max-video-preview":"max-video-preview:-1"},"canonical":"https:\/\/uus.addinol.ee\/lv\/toode\/universaalmaare-hightemp-ek-2\/","og_locale":"lv_LV","og_type":"article","og_title":"Universaalm\u00e4\u00e4re Hightemp EK 2 - ADDINOL","og_description":"Universaalm\u00e4\u00e4re ADDINOL Hightemp EK 2 on mineraal\u00f5li baasil valmistatud liitiumkompleksseepm\u00e4\u00e4re, millele on lisatud s\u00f6\u00f6bimisvastased (EP) manused.","og_url":"https:\/\/uus.addinol.ee\/lv\/toode\/universaalmaare-hightemp-ek-2\/","og_site_name":"ADDINOL","article_publisher":"https:\/\/www.facebook.com\/ADDINOLEesti\/","article_modified_time":"2025-10-14T08:35:04+00:00","og_image":[{"width":1810,"height":2560,"url":"https:\/\/uus.addinol.ee\/wp-content\/uploads\/2024\/12\/71723689_hightemp-ek_25kg_hr_oh-scaled.png","type":"image\/png"}],"twitter_card":"summary_large_image","twitter_misc":{"Est. reading time":"1 minute"},"schema":{"@context":"https:\/\/schema.org","@graph":[{"@type":"WebPage","@id":"https:\/\/uus.addinol.ee\/lv\/toode\/universaalmaare-hightemp-ek-2\/","url":"https:\/\/uus.addinol.ee\/lv\/toode\/universaalmaare-hightemp-ek-2\/","name":"Universaalm\u00e4\u00e4re Hightemp EK 2 - ADDINOL","isPartOf":{"@id":"https:\/\/uus.addinol.ee\/lv\/#website"},"primaryImageOfPage":{"@id":"https:\/\/uus.addinol.ee\/lv\/toode\/universaalmaare-hightemp-ek-2\/#primaryimage"},"image":{"@id":"https:\/\/uus.addinol.ee\/lv\/toode\/universaalmaare-hightemp-ek-2\/#primaryimage"},"thumbnailUrl":"https:\/\/uus.addinol.ee\/wp-content\/uploads\/2024\/12\/71723689_hightemp-ek_25kg_hr_oh-scaled.png","datePublished":"2024-12-31T12:24:28+00:00","dateModified":"2025-10-14T08:35:04+00:00","breadcrumb":{"@id":"https:\/\/uus.addinol.ee\/lv\/toode\/universaalmaare-hightemp-ek-2\/#breadcrumb"},"inLanguage":"lv-LV","potentialAction":[{"@type":"ReadAction","target":["https:\/\/uus.addinol.ee\/lv\/toode\/universaalmaare-hightemp-ek-2\/"]}]},{"@type":"ImageObject","inLanguage":"lv-LV","@id":"https:\/\/uus.addinol.ee\/lv\/toode\/universaalmaare-hightemp-ek-2\/#primaryimage","url":"https:\/\/uus.addinol.ee\/wp-content\/uploads\/2024\/12\/71723689_hightemp-ek_25kg_hr_oh-scaled.png","contentUrl":"https:\/\/uus.addinol.ee\/wp-content\/uploads\/2024\/12\/71723689_hightemp-ek_25kg_hr_oh-scaled.png","width":1810,"height":2560},{"@type":"BreadcrumbList","@id":"https:\/\/uus.addinol.ee\/lv\/toode\/universaalmaare-hightemp-ek-2\/#breadcrumb","itemListElement":[{"@type":"ListItem","position":1,"name":"ADDINOL","item":"https:\/\/uus.addinol.ee\/lv\/"},{"@type":"ListItem","position":2,"name":"E-pood","item":"https:\/\/uus.addinol.ee\/e-pood\/"},{"@type":"ListItem","position":3,"name":"Universaalm\u00e4\u00e4re Hightemp EK 2"}]},{"@type":"WebSite","@id":"https:\/\/uus.addinol.ee\/lv\/#website","url":"https:\/\/uus.addinol.ee\/lv\/","name":"ADDINOL","description":"Mootori&otilde;lid ja m&auml;&auml;&auml;rdeained igaks kasutusjuhuks","publisher":{"@id":"https:\/\/uus.addinol.ee\/lv\/#organization"},"potentialAction":[{"@type":"SearchAction","target":{"@type":"EntryPoint","urlTemplate":"https:\/\/uus.addinol.ee\/lv\/?s={search_term_string}"},"query-input":{"@type":"PropertyValueSpecification","valueRequired":true,"valueName":"search_term_string"}}],"inLanguage":"lv-LV"},{"@type":"Organization","@id":"https:\/\/uus.addinol.ee\/lv\/#organization","name":"ADDINOL","url":"https:\/\/uus.addinol.ee\/lv\/","logo":{"@type":"ImageObject","inLanguage":"lv-LV","@id":"https:\/\/uus.addinol.ee\/lv\/#\/schema\/logo\/image\/","url":"https:\/\/uus.addinol.ee\/wp-content\/uploads\/2024\/10\/1200px-ADDINOL-Logo.webp","contentUrl":"https:\/\/uus.addinol.ee\/wp-content\/uploads\/2024\/10\/1200px-ADDINOL-Logo.webp","width":1200,"height":431,"caption":"ADDINOL"},"image":{"@id":"https:\/\/uus.addinol.ee\/lv\/#\/schema\/logo\/image\/"},"sameAs":["https:\/\/www.facebook.com\/ADDINOLEesti\/","https:\/\/www.instagram.com\/addinol_eesti\/"]}]}},"_links":{"self":[{"href":"https:\/\/uus.addinol.ee\/lv\/wp-json\/wp\/v2\/product\/6061","targetHints":{"allow":["GET"]}}],"collection":[{"href":"https:\/\/uus.addinol.ee\/lv\/wp-json\/wp\/v2\/product"}],"about":[{"href":"https:\/\/uus.addinol.ee\/lv\/wp-json\/wp\/v2\/types\/product"}],"wp:featuredmedia":[{"embeddable":true,"href":"https:\/\/uus.addinol.ee\/lv\/wp-json\/wp\/v2\/media\/11339"}],"wp:attachment":[{"href":"https:\/\/uus.addinol.ee\/lv\/wp-json\/wp\/v2\/media?parent=6061"}],"wp:term":[{"taxonomy":"viscosity","embeddable":true,"href":"https:\/\/uus.addinol.ee\/lv\/wp-json\/wp\/v2\/viscosity?post=6061"},{"taxonomy":"product_brand","embeddable":true,"href":"https:\/\/uus.addinol.ee\/lv\/wp-json\/wp\/v2\/product_brand?post=6061"},{"taxonomy":"product_cat","embeddable":true,"href":"https:\/\/uus.addinol.ee\/lv\/wp-json\/wp\/v2\/product_cat?post=6061"},{"taxonomy":"product_tag","embeddable":true,"href":"https:\/\/uus.addinol.ee\/lv\/wp-json\/wp\/v2\/product_tag?post=6061"},{"taxonomy":"inventory","embeddable":true,"href":"https:\/\/uus.addinol.ee\/lv\/wp-json\/wp\/v2\/inventory?post=6061"}],"curies":[{"name":"wp","href":"https:\/\/api.w.org\/{rel}","templated":true}]}}