{"id":6072,"date":"2024-12-31T12:24:28","date_gmt":"2024-12-31T12:24:28","guid":{"rendered":"https:\/\/addinol.ee\/toode\/transmissioonioli-gh-75-w-90-sl\/"},"modified":"2025-07-04T11:39:51","modified_gmt":"2025-07-04T08:39:51","slug":"transmissioonioli-gh-75-w-90-sl","status":"publish","type":"product","link":"https:\/\/uus.addinol.ee\/lv\/toode\/transmissioonioli-gh-75-w-90-sl\/","title":{"rendered":"Transmissiooni\u00f5li GH 75 W 90 SL"},"content":{"rendered":"<p><strong>Transmissiooni\u00f5li GH 75 W 90 SL KASUTUSV\u00d5IMALUSED:<\/strong><br \/>\n\u2022 Sobib ideaalselt MAN transmissioonidele, kus tootja ettekirjutuste kohaselt n\u00f5utakse MAN 342 S1 t\u00fc\u00fcpi (SL, Long Distance) \u00f5li kasutamist.<br \/>\n\u2022 Sobib suurep\u00e4raselt raskeveoautode veosildadele ja jaotuskastidele, kus tootja ettekirjutuste kohaselt n\u00f5utakse MAN 341 Z2 t\u00fc\u00fcpi \u00f5li kasutamist.<\/p>\n<p><strong>Transmissiooni\u00f5li GH 75 W 90 SL SPETSIFIKATSIOON \/ LITSENTSID:<\/strong><br \/>\nTransmissiooni\u00f5li GH 75 W 90 SL t\u00e4idab ja \u00fcletab rahvusvahelisi spetsifikatsioone:<br \/>\n\u2022 API GL-5<br \/>\n\u2022 API MT 1<br \/>\n\u2022 MIL-L-2105 D<br \/>\n\u2022 SAE J2360 (MIL-PRF-2105 E)<\/p>\n<p>Transmissiooni\u00f5li GH 75 W 90 SL omab litsentse:<br \/>\n\u2022 MAN 341 Z2, 342 S1<br \/>\n\u2022 ZF002260: ZF TE-ML 02B, 05A, 12L, 12N, 16F, 17B, 19C, 21A<br \/>\n\u2022 MB 235.8<\/p>\n<p>Transmissiooni\u00f5li GH 75 W 90 SL t\u00e4idab n\u00f5udeid:<br \/>\n\u2022 Bosch Steering TE-ML 08<br \/>\n\u2022 Mack GO-J<br \/>\n\u2022 Scania STO 1:0<br \/>\n\u2022 Scania STO 2:0 G, STO 2:0 A FS<br \/>\n\u2022 Volvo Transmission Oil 97312<br \/>\n\u2022 DAF, Iveco, Renault<br \/>\n\u2022 ZF TE-ML 05B, 07A, 21B<br \/>\n\u2022 Kessler<\/p>\n<p><strong>Transmissiooni\u00f5li GH 75 W 90 SL OMADUSED:<\/strong><br \/>\n\u2022 \u00dclimalt vananemiskindel<br \/>\n\u2022 Suurep\u00e4rane voolavus madalatel temperatuuridel<br \/>\n\u2022 V\u00e4ga hea s\u00f6\u00f6bekindlus ja kulumisvastane kaitse<br \/>\n\u2022 K\u00f5rge nihkepinge stabiilsus<br \/>\n\u2022 Hea korrosioonikaitse<\/p>\n<p><strong>Transmissiooni\u00f5li GH 75 W 90 SL EELISED TARBIJALE:<\/strong><br \/>\n\u2022 Pikaealine \u00f5li \u00fclipikkade vahetusv\u00e4lpadega<br \/>\n\u2022 Usaldusv\u00e4\u00e4rne m\u00e4\u00e4rimine k\u00e4ivitamisel ja madalatel temperatuuridel<br \/>\n\u2022 Transmissiooni pikk t\u00f6\u00f6iga ja riketevastane kaitse suurtel koormusel<br \/>\n\u2022 Stabiilne \u00f5likelme ka suurimatel koormustel<br \/>\n\u2022 K\u00f5ikide \u00fclekandeosade t\u00f5hus kaitse, mis tagab v\u00e4iksed hooldus- ja remondikulud<\/p>\n","protected":false},"excerpt":{"rendered":"<p>Transmissiooni\u00f5li ADDINOL Getriebe\u00f6l GH 75 W 90 SL on h\u00f5\u00f5rdumist v\u00e4hendav t\u00e4iss\u00fcnteetiline TDL (Total Driveline) t\u00fc\u00fcpi toode pikimateks \u00f5livahetusv\u00e4lpadeks. Transmissiooni\u00f5li GH 75 W 90 SL sobib kasutamiseks ka raskeveoautodes.<\/p>\n","protected":false},"featured_media":8128,"template":"","meta":{"_acf_changed":false},"viscosity":[],"product_brand":[],"product_cat":[150,212],"product_tag":[],"inventory":[],"class_list":{"0":"post-6072","1":"product","2":"type-product","3":"status-publish","4":"has-post-thumbnail","6":"product_cat-mootorsoidukite-maardeained","7":"product_cat-transmissiooniolid-mootorsoidukite-maardeained","8":"pa_vali-pakend-getriebeol-gh-75-w-90-sl-205l","9":"pa_vali-pakend-getriebeol-gh-75-w-90-sl-20l","10":"pa_vali-pakend-gh75w90sl-205l","11":"pa_vali-pakend-gh75w90sl-20l","13":"first","14":"instock","15":"taxable","16":"shipping-taxable","17":"purchasable","18":"product-type-variable"},"acf":[],"yoast_head":"<!-- This site is optimized with the Yoast SEO plugin v27.5 - https:\/\/yoast.com\/product\/yoast-seo-wordpress\/ -->\n<title>Transmissiooni\u00f5li GH 75 W 90 SL - ADDINOL<\/title>\n<meta name=\"robots\" content=\"index, follow, max-snippet:-1, max-image-preview:large, max-video-preview:-1\" \/>\n<link rel=\"canonical\" href=\"https:\/\/uus.addinol.ee\/lv\/toode\/transmissioonioli-gh-75-w-90-sl\/\" \/>\n<meta property=\"og:locale\" content=\"lv_LV\" \/>\n<meta property=\"og:type\" content=\"article\" \/>\n<meta property=\"og:title\" content=\"Transmissiooni\u00f5li GH 75 W 90 SL - ADDINOL\" \/>\n<meta property=\"og:description\" content=\"Transmissiooni\u00f5li ADDINOL Getriebe\u00f6l GH 75 W 90 SL on h\u00f5\u00f5rdumist v\u00e4hendav t\u00e4iss\u00fcnteetiline TDL (Total Driveline) t\u00fc\u00fcpi toode pikimateks \u00f5livahetusv\u00e4lpadeks. Transmissiooni\u00f5li GH 75 W 90 SL sobib kasutamiseks ka raskeveoautodes.\" \/>\n<meta property=\"og:url\" content=\"https:\/\/uus.addinol.ee\/lv\/toode\/transmissioonioli-gh-75-w-90-sl\/\" \/>\n<meta property=\"og:site_name\" content=\"ADDINOL\" \/>\n<meta property=\"article:publisher\" content=\"https:\/\/www.facebook.com\/ADDINOLEesti\/\" \/>\n<meta property=\"article:modified_time\" content=\"2025-07-04T08:39:51+00:00\" \/>\n<meta property=\"og:image\" content=\"https:\/\/uus.addinol.ee\/wp-content\/uploads\/2025\/05\/gruppe-scaled.jpg\" \/>\n\t<meta property=\"og:image:width\" content=\"2085\" \/>\n\t<meta property=\"og:image:height\" content=\"2560\" \/>\n\t<meta property=\"og:image:type\" content=\"image\/jpeg\" \/>\n<meta name=\"twitter:card\" content=\"summary_large_image\" \/>\n<meta name=\"twitter:label1\" content=\"Est. reading time\" \/>\n\t<meta name=\"twitter:data1\" content=\"2 minutes\" \/>\n<script type=\"application\/ld+json\" class=\"yoast-schema-graph\">{\"@context\":\"https:\\\/\\\/schema.org\",\"@graph\":[{\"@type\":\"WebPage\",\"@id\":\"https:\\\/\\\/uus.addinol.ee\\\/lv\\\/toode\\\/transmissioonioli-gh-75-w-90-sl\\\/\",\"url\":\"https:\\\/\\\/uus.addinol.ee\\\/lv\\\/toode\\\/transmissioonioli-gh-75-w-90-sl\\\/\",\"name\":\"Transmissiooni\u00f5li GH 75 W 90 SL - ADDINOL\",\"isPartOf\":{\"@id\":\"https:\\\/\\\/uus.addinol.ee\\\/lv\\\/#website\"},\"primaryImageOfPage\":{\"@id\":\"https:\\\/\\\/uus.addinol.ee\\\/lv\\\/toode\\\/transmissioonioli-gh-75-w-90-sl\\\/#primaryimage\"},\"image\":{\"@id\":\"https:\\\/\\\/uus.addinol.ee\\\/lv\\\/toode\\\/transmissioonioli-gh-75-w-90-sl\\\/#primaryimage\"},\"thumbnailUrl\":\"https:\\\/\\\/uus.addinol.ee\\\/wp-content\\\/uploads\\\/2025\\\/05\\\/gruppe-scaled.jpg\",\"datePublished\":\"2024-12-31T12:24:28+00:00\",\"dateModified\":\"2025-07-04T08:39:51+00:00\",\"breadcrumb\":{\"@id\":\"https:\\\/\\\/uus.addinol.ee\\\/lv\\\/toode\\\/transmissioonioli-gh-75-w-90-sl\\\/#breadcrumb\"},\"inLanguage\":\"lv-LV\",\"potentialAction\":[{\"@type\":\"ReadAction\",\"target\":[\"https:\\\/\\\/uus.addinol.ee\\\/lv\\\/toode\\\/transmissioonioli-gh-75-w-90-sl\\\/\"]}]},{\"@type\":\"ImageObject\",\"inLanguage\":\"lv-LV\",\"@id\":\"https:\\\/\\\/uus.addinol.ee\\\/lv\\\/toode\\\/transmissioonioli-gh-75-w-90-sl\\\/#primaryimage\",\"url\":\"https:\\\/\\\/uus.addinol.ee\\\/wp-content\\\/uploads\\\/2025\\\/05\\\/gruppe-scaled.jpg\",\"contentUrl\":\"https:\\\/\\\/uus.addinol.ee\\\/wp-content\\\/uploads\\\/2025\\\/05\\\/gruppe-scaled.jpg\",\"width\":2085,\"height\":2560},{\"@type\":\"BreadcrumbList\",\"@id\":\"https:\\\/\\\/uus.addinol.ee\\\/lv\\\/toode\\\/transmissioonioli-gh-75-w-90-sl\\\/#breadcrumb\",\"itemListElement\":[{\"@type\":\"ListItem\",\"position\":1,\"name\":\"ADDINOL\",\"item\":\"https:\\\/\\\/uus.addinol.ee\\\/lv\\\/\"},{\"@type\":\"ListItem\",\"position\":2,\"name\":\"E-pood\",\"item\":\"https:\\\/\\\/uus.addinol.ee\\\/e-pood\\\/\"},{\"@type\":\"ListItem\",\"position\":3,\"name\":\"Transmissiooni\u00f5li GH 75 W 90 SL\"}]},{\"@type\":\"WebSite\",\"@id\":\"https:\\\/\\\/uus.addinol.ee\\\/lv\\\/#website\",\"url\":\"https:\\\/\\\/uus.addinol.ee\\\/lv\\\/\",\"name\":\"ADDINOL\",\"description\":\"Mootori&otilde;lid ja m&auml;&auml;&auml;rdeained igaks kasutusjuhuks\",\"publisher\":{\"@id\":\"https:\\\/\\\/uus.addinol.ee\\\/lv\\\/#organization\"},\"potentialAction\":[{\"@type\":\"SearchAction\",\"target\":{\"@type\":\"EntryPoint\",\"urlTemplate\":\"https:\\\/\\\/uus.addinol.ee\\\/lv\\\/?s={search_term_string}\"},\"query-input\":{\"@type\":\"PropertyValueSpecification\",\"valueRequired\":true,\"valueName\":\"search_term_string\"}}],\"inLanguage\":\"lv-LV\"},{\"@type\":\"Organization\",\"@id\":\"https:\\\/\\\/uus.addinol.ee\\\/lv\\\/#organization\",\"name\":\"ADDINOL\",\"url\":\"https:\\\/\\\/uus.addinol.ee\\\/lv\\\/\",\"logo\":{\"@type\":\"ImageObject\",\"inLanguage\":\"lv-LV\",\"@id\":\"https:\\\/\\\/uus.addinol.ee\\\/lv\\\/#\\\/schema\\\/logo\\\/image\\\/\",\"url\":\"https:\\\/\\\/uus.addinol.ee\\\/wp-content\\\/uploads\\\/2024\\\/10\\\/1200px-ADDINOL-Logo.webp\",\"contentUrl\":\"https:\\\/\\\/uus.addinol.ee\\\/wp-content\\\/uploads\\\/2024\\\/10\\\/1200px-ADDINOL-Logo.webp\",\"width\":1200,\"height\":431,\"caption\":\"ADDINOL\"},\"image\":{\"@id\":\"https:\\\/\\\/uus.addinol.ee\\\/lv\\\/#\\\/schema\\\/logo\\\/image\\\/\"},\"sameAs\":[\"https:\\\/\\\/www.facebook.com\\\/ADDINOLEesti\\\/\",\"https:\\\/\\\/www.instagram.com\\\/addinol_eesti\\\/\"]}]}<\/script>\n<!-- \/ Yoast SEO plugin. -->","yoast_head_json":{"title":"Transmissiooni\u00f5li GH 75 W 90 SL - ADDINOL","robots":{"index":"index","follow":"follow","max-snippet":"max-snippet:-1","max-image-preview":"max-image-preview:large","max-video-preview":"max-video-preview:-1"},"canonical":"https:\/\/uus.addinol.ee\/lv\/toode\/transmissioonioli-gh-75-w-90-sl\/","og_locale":"lv_LV","og_type":"article","og_title":"Transmissiooni\u00f5li GH 75 W 90 SL - ADDINOL","og_description":"Transmissiooni\u00f5li ADDINOL Getriebe\u00f6l GH 75 W 90 SL on h\u00f5\u00f5rdumist v\u00e4hendav t\u00e4iss\u00fcnteetiline TDL (Total Driveline) t\u00fc\u00fcpi toode pikimateks \u00f5livahetusv\u00e4lpadeks. Transmissiooni\u00f5li GH 75 W 90 SL sobib kasutamiseks ka raskeveoautodes.","og_url":"https:\/\/uus.addinol.ee\/lv\/toode\/transmissioonioli-gh-75-w-90-sl\/","og_site_name":"ADDINOL","article_publisher":"https:\/\/www.facebook.com\/ADDINOLEesti\/","article_modified_time":"2025-07-04T08:39:51+00:00","og_image":[{"width":2085,"height":2560,"url":"https:\/\/uus.addinol.ee\/wp-content\/uploads\/2025\/05\/gruppe-scaled.jpg","type":"image\/jpeg"}],"twitter_card":"summary_large_image","twitter_misc":{"Est. reading time":"2 minutes"},"schema":{"@context":"https:\/\/schema.org","@graph":[{"@type":"WebPage","@id":"https:\/\/uus.addinol.ee\/lv\/toode\/transmissioonioli-gh-75-w-90-sl\/","url":"https:\/\/uus.addinol.ee\/lv\/toode\/transmissioonioli-gh-75-w-90-sl\/","name":"Transmissiooni\u00f5li GH 75 W 90 SL - ADDINOL","isPartOf":{"@id":"https:\/\/uus.addinol.ee\/lv\/#website"},"primaryImageOfPage":{"@id":"https:\/\/uus.addinol.ee\/lv\/toode\/transmissioonioli-gh-75-w-90-sl\/#primaryimage"},"image":{"@id":"https:\/\/uus.addinol.ee\/lv\/toode\/transmissioonioli-gh-75-w-90-sl\/#primaryimage"},"thumbnailUrl":"https:\/\/uus.addinol.ee\/wp-content\/uploads\/2025\/05\/gruppe-scaled.jpg","datePublished":"2024-12-31T12:24:28+00:00","dateModified":"2025-07-04T08:39:51+00:00","breadcrumb":{"@id":"https:\/\/uus.addinol.ee\/lv\/toode\/transmissioonioli-gh-75-w-90-sl\/#breadcrumb"},"inLanguage":"lv-LV","potentialAction":[{"@type":"ReadAction","target":["https:\/\/uus.addinol.ee\/lv\/toode\/transmissioonioli-gh-75-w-90-sl\/"]}]},{"@type":"ImageObject","inLanguage":"lv-LV","@id":"https:\/\/uus.addinol.ee\/lv\/toode\/transmissioonioli-gh-75-w-90-sl\/#primaryimage","url":"https:\/\/uus.addinol.ee\/wp-content\/uploads\/2025\/05\/gruppe-scaled.jpg","contentUrl":"https:\/\/uus.addinol.ee\/wp-content\/uploads\/2025\/05\/gruppe-scaled.jpg","width":2085,"height":2560},{"@type":"BreadcrumbList","@id":"https:\/\/uus.addinol.ee\/lv\/toode\/transmissioonioli-gh-75-w-90-sl\/#breadcrumb","itemListElement":[{"@type":"ListItem","position":1,"name":"ADDINOL","item":"https:\/\/uus.addinol.ee\/lv\/"},{"@type":"ListItem","position":2,"name":"E-pood","item":"https:\/\/uus.addinol.ee\/e-pood\/"},{"@type":"ListItem","position":3,"name":"Transmissiooni\u00f5li GH 75 W 90 SL"}]},{"@type":"WebSite","@id":"https:\/\/uus.addinol.ee\/lv\/#website","url":"https:\/\/uus.addinol.ee\/lv\/","name":"ADDINOL","description":"Mootori&otilde;lid ja m&auml;&auml;&auml;rdeained igaks kasutusjuhuks","publisher":{"@id":"https:\/\/uus.addinol.ee\/lv\/#organization"},"potentialAction":[{"@type":"SearchAction","target":{"@type":"EntryPoint","urlTemplate":"https:\/\/uus.addinol.ee\/lv\/?s={search_term_string}"},"query-input":{"@type":"PropertyValueSpecification","valueRequired":true,"valueName":"search_term_string"}}],"inLanguage":"lv-LV"},{"@type":"Organization","@id":"https:\/\/uus.addinol.ee\/lv\/#organization","name":"ADDINOL","url":"https:\/\/uus.addinol.ee\/lv\/","logo":{"@type":"ImageObject","inLanguage":"lv-LV","@id":"https:\/\/uus.addinol.ee\/lv\/#\/schema\/logo\/image\/","url":"https:\/\/uus.addinol.ee\/wp-content\/uploads\/2024\/10\/1200px-ADDINOL-Logo.webp","contentUrl":"https:\/\/uus.addinol.ee\/wp-content\/uploads\/2024\/10\/1200px-ADDINOL-Logo.webp","width":1200,"height":431,"caption":"ADDINOL"},"image":{"@id":"https:\/\/uus.addinol.ee\/lv\/#\/schema\/logo\/image\/"},"sameAs":["https:\/\/www.facebook.com\/ADDINOLEesti\/","https:\/\/www.instagram.com\/addinol_eesti\/"]}]}},"_links":{"self":[{"href":"https:\/\/uus.addinol.ee\/lv\/wp-json\/wp\/v2\/product\/6072","targetHints":{"allow":["GET"]}}],"collection":[{"href":"https:\/\/uus.addinol.ee\/lv\/wp-json\/wp\/v2\/product"}],"about":[{"href":"https:\/\/uus.addinol.ee\/lv\/wp-json\/wp\/v2\/types\/product"}],"wp:featuredmedia":[{"embeddable":true,"href":"https:\/\/uus.addinol.ee\/lv\/wp-json\/wp\/v2\/media\/8128"}],"wp:attachment":[{"href":"https:\/\/uus.addinol.ee\/lv\/wp-json\/wp\/v2\/media?parent=6072"}],"wp:term":[{"taxonomy":"viscosity","embeddable":true,"href":"https:\/\/uus.addinol.ee\/lv\/wp-json\/wp\/v2\/viscosity?post=6072"},{"taxonomy":"product_brand","embeddable":true,"href":"https:\/\/uus.addinol.ee\/lv\/wp-json\/wp\/v2\/product_brand?post=6072"},{"taxonomy":"product_cat","embeddable":true,"href":"https:\/\/uus.addinol.ee\/lv\/wp-json\/wp\/v2\/product_cat?post=6072"},{"taxonomy":"product_tag","embeddable":true,"href":"https:\/\/uus.addinol.ee\/lv\/wp-json\/wp\/v2\/product_tag?post=6072"},{"taxonomy":"inventory","embeddable":true,"href":"https:\/\/uus.addinol.ee\/lv\/wp-json\/wp\/v2\/inventory?post=6072"}],"curies":[{"name":"wp","href":"https:\/\/api.w.org\/{rel}","templated":true}]}}