{"id":6114,"date":"2024-12-31T12:24:52","date_gmt":"2024-12-31T12:24:52","guid":{"rendered":"https:\/\/addinol.ee\/toode\/aastaringne-maare-ep-mehrbereichsfett-lm-3-ep\/"},"modified":"2025-07-09T11:36:08","modified_gmt":"2025-07-09T08:36:08","slug":"aastaringne-maare-ep-mehrbereichsfett-lm-3-ep","status":"publish","type":"product","link":"https:\/\/uus.addinol.ee\/lv\/toode\/aastaringne-maare-ep-mehrbereichsfett-lm-3-ep\/","title":{"rendered":"Aastaringne m\u00e4\u00e4re EP Mehrbereichsfett LM 3 EP"},"content":{"rendered":"<p><strong>Aastaringse m\u00e4\u00e4rde EP LM 3 EP KASUTUSV\u00d5IMALUSED:<\/strong><br \/>\n\u2022 Aastaringne m\u00e4\u00e4re EP Mehrbereichsfett LM 3 EP on ette n\u00e4htud kasutamiseks pikaealiste m\u00e4\u00e4retena t\u00f6\u00f6stuses ja ehituses.<br \/>\n\u2022 Sobib v\u00e4ga h\u00e4sti laias temperatuurivahemikus ja suurtel laagrikoormustel t\u00f6\u00f6tavate veere- ja liugelaagrite m\u00e4\u00e4rimiseks.<br \/>\n\u2022 Sobib rattalaagritele, mis esitavad m\u00e4\u00e4rde temperatuurikindlusele k\u00f5rgendatud n\u00f5udeid.<br \/>\n\u2022 Sobib suurep\u00e4raselt kasutamiseks eluaegsete m\u00e4\u00e4retena elektriliste ajamite veerelaagrites.<\/p>\n<p><strong>Aastaringse m\u00e4\u00e4rde EP LM 3 EP SPETSIFIKATSIOON\/ LITSENTSID:<\/strong><br \/>\nM\u00e4\u00e4rde t\u00e4histus DIN 51502 j\u00e4rgi:<br \/>\n\u2022 KP3K-30<\/p>\n<p>M\u00e4\u00e4rde t\u00e4histus ISO 6743 j\u00e4rgi:<br \/>\n\u2022 ISO-L-X CCEB3<\/p>\n<p>NLGI klass: 3<\/p>\n<p><strong>Aastaringse m\u00e4\u00e4rde EP LM 3 EP OMADUSED:<\/strong><br \/>\n\u2022 Vananemis- ja korrosioonikindel<br \/>\n\u2022 Lai temperatuurivahemik<br \/>\n\u2022 Pikaajaline m\u00e4\u00e4rimine<br \/>\n\u2022 EP-manustega<br \/>\n\u2022 Oks\u00fcdeerumiskindel<\/p>\n<p><strong>Aastaringse m\u00e4\u00e4rde EP LM 3 EP EELISED TARBIJALE:<\/strong><br \/>\n\u2022 M\u00e4\u00e4rdeaine pikk kasutusiga<br \/>\n\u2022 Palju kasutusv\u00f5imalusi t\u00f6\u00f6stuses ja ehituses<br \/>\n\u2022 Kasutatav suurtel survekoormustel ja rasketes ekspluatatsioonitingimustes<br \/>\n\u2022 Suurep\u00e4rane vananemiskindlus<\/p>\n","protected":false},"excerpt":{"rendered":"<p>Aastaringne m\u00e4\u00e4re ADDINOL EP Mehrbereichsfett LM 3 EP on mineraal\u00f5lip\u00f5hine liitiumseepm\u00e4\u00e4re. Toode sisaldab s\u00f6\u00f6bimisvastaseid (EP) manuseid ning korrosiooni ja vananemise inhibiitoreid.<\/p>\n","protected":false},"featured_media":6019,"template":"","meta":{"_acf_changed":false},"viscosity":[],"product_brand":[],"product_cat":[151,727],"product_tag":[],"inventory":[],"class_list":{"0":"post-6114","1":"product","2":"type-product","3":"status-publish","4":"has-post-thumbnail","6":"product_cat-toostusmaardeained","7":"product_cat-universaalsed-maarded","8":"pa_vali-pakend-mehrbereichsfett-lm-3-ep-400g","9":"pa_vali-pakend-ep-mehrbereichsfett-lm-3-ep-25kg","10":"pa_vali-pakend-ep-mehrbereichsfett-lm-3-ep-400g","11":"pa_vali-pakend-lm3ep-25kg","12":"pa_vali-pakend-lm3ep-400g","13":"pa_vali-pakend-mehrbereichsfett-lm-3-ep-25kg","15":"first","16":"instock","17":"taxable","18":"shipping-taxable","19":"purchasable","20":"product-type-variable"},"acf":[],"yoast_head":"<!-- This site is optimized with the Yoast SEO plugin v27.5 - https:\/\/yoast.com\/product\/yoast-seo-wordpress\/ -->\n<title>Aastaringne m\u00e4\u00e4re EP Mehrbereichsfett LM 3 EP - ADDINOL<\/title>\n<meta name=\"robots\" content=\"index, follow, max-snippet:-1, max-image-preview:large, max-video-preview:-1\" \/>\n<link rel=\"canonical\" href=\"https:\/\/uus.addinol.ee\/lv\/toode\/aastaringne-maare-ep-mehrbereichsfett-lm-3-ep\/\" \/>\n<meta property=\"og:locale\" content=\"lv_LV\" \/>\n<meta property=\"og:type\" content=\"article\" \/>\n<meta property=\"og:title\" content=\"Aastaringne m\u00e4\u00e4re EP Mehrbereichsfett LM 3 EP - ADDINOL\" \/>\n<meta property=\"og:description\" content=\"Aastaringne m\u00e4\u00e4re ADDINOL EP Mehrbereichsfett LM 3 EP on mineraal\u00f5lip\u00f5hine liitiumseepm\u00e4\u00e4re. Toode sisaldab s\u00f6\u00f6bimisvastaseid (EP) manuseid ning korrosiooni ja vananemise inhibiitoreid.\" \/>\n<meta property=\"og:url\" content=\"https:\/\/uus.addinol.ee\/lv\/toode\/aastaringne-maare-ep-mehrbereichsfett-lm-3-ep\/\" \/>\n<meta property=\"og:site_name\" content=\"ADDINOL\" \/>\n<meta property=\"article:publisher\" content=\"https:\/\/www.facebook.com\/ADDINOLEesti\/\" \/>\n<meta property=\"article:modified_time\" content=\"2025-07-09T08:36:08+00:00\" \/>\n<meta property=\"og:image\" content=\"https:\/\/uus.addinol.ee\/wp-content\/uploads\/2024\/12\/tuub-scaled-4.jpg\" \/>\n\t<meta property=\"og:image:width\" content=\"563\" \/>\n\t<meta property=\"og:image:height\" content=\"1920\" \/>\n\t<meta property=\"og:image:type\" content=\"image\/jpeg\" \/>\n<meta name=\"twitter:card\" content=\"summary_large_image\" \/>\n<meta name=\"twitter:label1\" content=\"Est. reading time\" \/>\n\t<meta name=\"twitter:data1\" content=\"1 minute\" \/>\n<script type=\"application\/ld+json\" class=\"yoast-schema-graph\">{\"@context\":\"https:\\\/\\\/schema.org\",\"@graph\":[{\"@type\":\"WebPage\",\"@id\":\"https:\\\/\\\/uus.addinol.ee\\\/lv\\\/toode\\\/aastaringne-maare-ep-mehrbereichsfett-lm-3-ep\\\/\",\"url\":\"https:\\\/\\\/uus.addinol.ee\\\/lv\\\/toode\\\/aastaringne-maare-ep-mehrbereichsfett-lm-3-ep\\\/\",\"name\":\"Aastaringne m\u00e4\u00e4re EP Mehrbereichsfett LM 3 EP - ADDINOL\",\"isPartOf\":{\"@id\":\"https:\\\/\\\/uus.addinol.ee\\\/lv\\\/#website\"},\"primaryImageOfPage\":{\"@id\":\"https:\\\/\\\/uus.addinol.ee\\\/lv\\\/toode\\\/aastaringne-maare-ep-mehrbereichsfett-lm-3-ep\\\/#primaryimage\"},\"image\":{\"@id\":\"https:\\\/\\\/uus.addinol.ee\\\/lv\\\/toode\\\/aastaringne-maare-ep-mehrbereichsfett-lm-3-ep\\\/#primaryimage\"},\"thumbnailUrl\":\"https:\\\/\\\/uus.addinol.ee\\\/wp-content\\\/uploads\\\/2024\\\/12\\\/tuub-scaled-4.jpg\",\"datePublished\":\"2024-12-31T12:24:52+00:00\",\"dateModified\":\"2025-07-09T08:36:08+00:00\",\"breadcrumb\":{\"@id\":\"https:\\\/\\\/uus.addinol.ee\\\/lv\\\/toode\\\/aastaringne-maare-ep-mehrbereichsfett-lm-3-ep\\\/#breadcrumb\"},\"inLanguage\":\"lv-LV\",\"potentialAction\":[{\"@type\":\"ReadAction\",\"target\":[\"https:\\\/\\\/uus.addinol.ee\\\/lv\\\/toode\\\/aastaringne-maare-ep-mehrbereichsfett-lm-3-ep\\\/\"]}]},{\"@type\":\"ImageObject\",\"inLanguage\":\"lv-LV\",\"@id\":\"https:\\\/\\\/uus.addinol.ee\\\/lv\\\/toode\\\/aastaringne-maare-ep-mehrbereichsfett-lm-3-ep\\\/#primaryimage\",\"url\":\"https:\\\/\\\/uus.addinol.ee\\\/wp-content\\\/uploads\\\/2024\\\/12\\\/tuub-scaled-4.jpg\",\"contentUrl\":\"https:\\\/\\\/uus.addinol.ee\\\/wp-content\\\/uploads\\\/2024\\\/12\\\/tuub-scaled-4.jpg\",\"width\":563,\"height\":1920,\"caption\":\"Kontakt\u00fchenduste m\u00e4\u00e4re SW 2\"},{\"@type\":\"BreadcrumbList\",\"@id\":\"https:\\\/\\\/uus.addinol.ee\\\/lv\\\/toode\\\/aastaringne-maare-ep-mehrbereichsfett-lm-3-ep\\\/#breadcrumb\",\"itemListElement\":[{\"@type\":\"ListItem\",\"position\":1,\"name\":\"ADDINOL\",\"item\":\"https:\\\/\\\/uus.addinol.ee\\\/lv\\\/\"},{\"@type\":\"ListItem\",\"position\":2,\"name\":\"E-pood\",\"item\":\"https:\\\/\\\/uus.addinol.ee\\\/e-pood\\\/\"},{\"@type\":\"ListItem\",\"position\":3,\"name\":\"Aastaringne m\u00e4\u00e4re EP Mehrbereichsfett LM 3 EP\"}]},{\"@type\":\"WebSite\",\"@id\":\"https:\\\/\\\/uus.addinol.ee\\\/lv\\\/#website\",\"url\":\"https:\\\/\\\/uus.addinol.ee\\\/lv\\\/\",\"name\":\"ADDINOL\",\"description\":\"Mootori&otilde;lid ja m&auml;&auml;&auml;rdeained igaks kasutusjuhuks\",\"publisher\":{\"@id\":\"https:\\\/\\\/uus.addinol.ee\\\/lv\\\/#organization\"},\"potentialAction\":[{\"@type\":\"SearchAction\",\"target\":{\"@type\":\"EntryPoint\",\"urlTemplate\":\"https:\\\/\\\/uus.addinol.ee\\\/lv\\\/?s={search_term_string}\"},\"query-input\":{\"@type\":\"PropertyValueSpecification\",\"valueRequired\":true,\"valueName\":\"search_term_string\"}}],\"inLanguage\":\"lv-LV\"},{\"@type\":\"Organization\",\"@id\":\"https:\\\/\\\/uus.addinol.ee\\\/lv\\\/#organization\",\"name\":\"ADDINOL\",\"url\":\"https:\\\/\\\/uus.addinol.ee\\\/lv\\\/\",\"logo\":{\"@type\":\"ImageObject\",\"inLanguage\":\"lv-LV\",\"@id\":\"https:\\\/\\\/uus.addinol.ee\\\/lv\\\/#\\\/schema\\\/logo\\\/image\\\/\",\"url\":\"https:\\\/\\\/uus.addinol.ee\\\/wp-content\\\/uploads\\\/2024\\\/10\\\/1200px-ADDINOL-Logo.webp\",\"contentUrl\":\"https:\\\/\\\/uus.addinol.ee\\\/wp-content\\\/uploads\\\/2024\\\/10\\\/1200px-ADDINOL-Logo.webp\",\"width\":1200,\"height\":431,\"caption\":\"ADDINOL\"},\"image\":{\"@id\":\"https:\\\/\\\/uus.addinol.ee\\\/lv\\\/#\\\/schema\\\/logo\\\/image\\\/\"},\"sameAs\":[\"https:\\\/\\\/www.facebook.com\\\/ADDINOLEesti\\\/\",\"https:\\\/\\\/www.instagram.com\\\/addinol_eesti\\\/\"]}]}<\/script>\n<!-- \/ Yoast SEO plugin. -->","yoast_head_json":{"title":"Aastaringne m\u00e4\u00e4re EP Mehrbereichsfett LM 3 EP - ADDINOL","robots":{"index":"index","follow":"follow","max-snippet":"max-snippet:-1","max-image-preview":"max-image-preview:large","max-video-preview":"max-video-preview:-1"},"canonical":"https:\/\/uus.addinol.ee\/lv\/toode\/aastaringne-maare-ep-mehrbereichsfett-lm-3-ep\/","og_locale":"lv_LV","og_type":"article","og_title":"Aastaringne m\u00e4\u00e4re EP Mehrbereichsfett LM 3 EP - ADDINOL","og_description":"Aastaringne m\u00e4\u00e4re ADDINOL EP Mehrbereichsfett LM 3 EP on mineraal\u00f5lip\u00f5hine liitiumseepm\u00e4\u00e4re. Toode sisaldab s\u00f6\u00f6bimisvastaseid (EP) manuseid ning korrosiooni ja vananemise inhibiitoreid.","og_url":"https:\/\/uus.addinol.ee\/lv\/toode\/aastaringne-maare-ep-mehrbereichsfett-lm-3-ep\/","og_site_name":"ADDINOL","article_publisher":"https:\/\/www.facebook.com\/ADDINOLEesti\/","article_modified_time":"2025-07-09T08:36:08+00:00","og_image":[{"width":563,"height":1920,"url":"https:\/\/uus.addinol.ee\/wp-content\/uploads\/2024\/12\/tuub-scaled-4.jpg","type":"image\/jpeg"}],"twitter_card":"summary_large_image","twitter_misc":{"Est. reading time":"1 minute"},"schema":{"@context":"https:\/\/schema.org","@graph":[{"@type":"WebPage","@id":"https:\/\/uus.addinol.ee\/lv\/toode\/aastaringne-maare-ep-mehrbereichsfett-lm-3-ep\/","url":"https:\/\/uus.addinol.ee\/lv\/toode\/aastaringne-maare-ep-mehrbereichsfett-lm-3-ep\/","name":"Aastaringne m\u00e4\u00e4re EP Mehrbereichsfett LM 3 EP - ADDINOL","isPartOf":{"@id":"https:\/\/uus.addinol.ee\/lv\/#website"},"primaryImageOfPage":{"@id":"https:\/\/uus.addinol.ee\/lv\/toode\/aastaringne-maare-ep-mehrbereichsfett-lm-3-ep\/#primaryimage"},"image":{"@id":"https:\/\/uus.addinol.ee\/lv\/toode\/aastaringne-maare-ep-mehrbereichsfett-lm-3-ep\/#primaryimage"},"thumbnailUrl":"https:\/\/uus.addinol.ee\/wp-content\/uploads\/2024\/12\/tuub-scaled-4.jpg","datePublished":"2024-12-31T12:24:52+00:00","dateModified":"2025-07-09T08:36:08+00:00","breadcrumb":{"@id":"https:\/\/uus.addinol.ee\/lv\/toode\/aastaringne-maare-ep-mehrbereichsfett-lm-3-ep\/#breadcrumb"},"inLanguage":"lv-LV","potentialAction":[{"@type":"ReadAction","target":["https:\/\/uus.addinol.ee\/lv\/toode\/aastaringne-maare-ep-mehrbereichsfett-lm-3-ep\/"]}]},{"@type":"ImageObject","inLanguage":"lv-LV","@id":"https:\/\/uus.addinol.ee\/lv\/toode\/aastaringne-maare-ep-mehrbereichsfett-lm-3-ep\/#primaryimage","url":"https:\/\/uus.addinol.ee\/wp-content\/uploads\/2024\/12\/tuub-scaled-4.jpg","contentUrl":"https:\/\/uus.addinol.ee\/wp-content\/uploads\/2024\/12\/tuub-scaled-4.jpg","width":563,"height":1920,"caption":"Kontakt\u00fchenduste m\u00e4\u00e4re SW 2"},{"@type":"BreadcrumbList","@id":"https:\/\/uus.addinol.ee\/lv\/toode\/aastaringne-maare-ep-mehrbereichsfett-lm-3-ep\/#breadcrumb","itemListElement":[{"@type":"ListItem","position":1,"name":"ADDINOL","item":"https:\/\/uus.addinol.ee\/lv\/"},{"@type":"ListItem","position":2,"name":"E-pood","item":"https:\/\/uus.addinol.ee\/e-pood\/"},{"@type":"ListItem","position":3,"name":"Aastaringne m\u00e4\u00e4re EP Mehrbereichsfett LM 3 EP"}]},{"@type":"WebSite","@id":"https:\/\/uus.addinol.ee\/lv\/#website","url":"https:\/\/uus.addinol.ee\/lv\/","name":"ADDINOL","description":"Mootori&otilde;lid ja m&auml;&auml;&auml;rdeained igaks kasutusjuhuks","publisher":{"@id":"https:\/\/uus.addinol.ee\/lv\/#organization"},"potentialAction":[{"@type":"SearchAction","target":{"@type":"EntryPoint","urlTemplate":"https:\/\/uus.addinol.ee\/lv\/?s={search_term_string}"},"query-input":{"@type":"PropertyValueSpecification","valueRequired":true,"valueName":"search_term_string"}}],"inLanguage":"lv-LV"},{"@type":"Organization","@id":"https:\/\/uus.addinol.ee\/lv\/#organization","name":"ADDINOL","url":"https:\/\/uus.addinol.ee\/lv\/","logo":{"@type":"ImageObject","inLanguage":"lv-LV","@id":"https:\/\/uus.addinol.ee\/lv\/#\/schema\/logo\/image\/","url":"https:\/\/uus.addinol.ee\/wp-content\/uploads\/2024\/10\/1200px-ADDINOL-Logo.webp","contentUrl":"https:\/\/uus.addinol.ee\/wp-content\/uploads\/2024\/10\/1200px-ADDINOL-Logo.webp","width":1200,"height":431,"caption":"ADDINOL"},"image":{"@id":"https:\/\/uus.addinol.ee\/lv\/#\/schema\/logo\/image\/"},"sameAs":["https:\/\/www.facebook.com\/ADDINOLEesti\/","https:\/\/www.instagram.com\/addinol_eesti\/"]}]}},"_links":{"self":[{"href":"https:\/\/uus.addinol.ee\/lv\/wp-json\/wp\/v2\/product\/6114","targetHints":{"allow":["GET"]}}],"collection":[{"href":"https:\/\/uus.addinol.ee\/lv\/wp-json\/wp\/v2\/product"}],"about":[{"href":"https:\/\/uus.addinol.ee\/lv\/wp-json\/wp\/v2\/types\/product"}],"wp:featuredmedia":[{"embeddable":true,"href":"https:\/\/uus.addinol.ee\/lv\/wp-json\/wp\/v2\/media\/6019"}],"wp:attachment":[{"href":"https:\/\/uus.addinol.ee\/lv\/wp-json\/wp\/v2\/media?parent=6114"}],"wp:term":[{"taxonomy":"viscosity","embeddable":true,"href":"https:\/\/uus.addinol.ee\/lv\/wp-json\/wp\/v2\/viscosity?post=6114"},{"taxonomy":"product_brand","embeddable":true,"href":"https:\/\/uus.addinol.ee\/lv\/wp-json\/wp\/v2\/product_brand?post=6114"},{"taxonomy":"product_cat","embeddable":true,"href":"https:\/\/uus.addinol.ee\/lv\/wp-json\/wp\/v2\/product_cat?post=6114"},{"taxonomy":"product_tag","embeddable":true,"href":"https:\/\/uus.addinol.ee\/lv\/wp-json\/wp\/v2\/product_tag?post=6114"},{"taxonomy":"inventory","embeddable":true,"href":"https:\/\/uus.addinol.ee\/lv\/wp-json\/wp\/v2\/inventory?post=6114"}],"curies":[{"name":"wp","href":"https:\/\/api.w.org\/{rel}","templated":true}]}}