{"id":6125,"date":"2024-12-31T12:24:52","date_gmt":"2024-12-31T12:24:52","guid":{"rendered":"https:\/\/addinol.ee\/toode\/diiselmootorioli-diesel-longlife-md-1548\/"},"modified":"2025-07-04T11:39:50","modified_gmt":"2025-07-04T08:39:50","slug":"diiselmootorioli-diesel-longlife-md-1548","status":"publish","type":"product","link":"https:\/\/uus.addinol.ee\/lv\/toode\/diiselmootorioli-diesel-longlife-md-1548\/","title":{"rendered":"Diiselmootori\u00f5li Diesel Longlife MD 1548"},"content":{"rendered":"<p><strong>Diiselmootori\u00f5li Diesel Longlife MD 1548 KASUTUSV\u00d5IMALUSED:<\/strong><br \/>\n\u2022 Ideaalne mootori\u00f5li raskkoormatud mootoritele (Heavy Duty Engine Oil).<br \/>\n\u2022 Ette n\u00e4htud veoautodele, rasketele ehitus-, p\u00f5llut\u00f6\u00f6- ja metsat\u00f6\u00f6masinatele ning bussidele.<br \/>\n\u2022 Sobib suurep\u00e4raselt kasutamiseks biodiisli j\u00f5ul t\u00f6\u00f6tavates mootorites. N\u00f5utav \u00f5livahetusv\u00e4lpade l\u00fchendamine! Palun j\u00e4rgige s\u00f5idukitootjate uusi ettekirjutusi!<\/p>\n<p><strong>Diiselmootori\u00f5li Diesel Longlife MD 1548 SPETSIFIKATSIOONID:<\/strong><br \/>\nDiiselmootori\u00f5li Diesel Longlife MD 1548 t\u00e4idab ja \u00fcletab rahvusvahelisi spetsifikatsioone:<br \/>\n\u2022 ACEA E7<br \/>\n\u2022 API CI-4 Plus\/SL<br \/>\n\u2022 Global DHD-1<\/p>\n<p>Diiselmootori\u00f5li Diesel Longlife MD 1548 omab litsentse:<br \/>\n\u2022 MB 228.3<br \/>\n\u2022 MAN M 3275-1<br \/>\n\u2022 Volvo VDS-3<br \/>\n\u2022 Renault RLD-2<br \/>\n\u2022 MACK EO-N<br \/>\n\u2022 MTU \u00f5likategooria 2<br \/>\n\u2022 Deutz DQC III-10<br \/>\n\u2022 Cummins CES 20076\/77\/78<\/p>\n<p>Diiselmootori\u00f5li Diesel Longlife MD 1548 t\u00e4idab n\u00f5udeid:<br \/>\n\u2022 Caterpillar ECF-2 \/ ECF-1a<br \/>\n\u2022 MACK EO-M Plus<br \/>\n\u2022 DDC 93K215<br \/>\n\u2022 Fiat-Iveco<br \/>\n\u2022 DAF<\/p>\n<p><strong>Diiselmootori\u00f5li Diesel Longlife MD 1548 OMADUSED:<\/strong><br \/>\n\u2022 Reaalsetest kasutustingimustest l\u00e4htuvad m\u00e4\u00e4rimisomadused<br \/>\n\u2022 Madal heitmete tase, tahma \u00fclihea kontroll<br \/>\n\u2022 Pikaealine (Longlife) ja k\u00f5rge j\u00f5udlusega mootori\u00f5li<br \/>\n\u2022 \u00dclim termooks\u00fcdatsioonikindlus<br \/>\n\u2022 T\u00e4idab rangeid Euro 3 saastenorme<\/p>\n<p><strong>Diiselmootori\u00f5li Diesel Longlife MD 1548 EELISED TARBIJALE:<\/strong><br \/>\n\u2022 Mootorite pikk t\u00f6\u00f6iga<br \/>\n\u2022 V\u00e4ga puhtad mootorid k\u00f5ikides ekspluatatsiooni-tingimustes<br \/>\n\u2022 V\u00e4ga pikad \u00f5livahetusv\u00e4lbad<br \/>\n\u2022 V\u00e4listatud laki ja setete teke ning \u00f5li paksenemine -&gt; \u00f5li pikk t\u00f6\u00f6iga<br \/>\n\u2022 M\u00e4\u00e4rdeainest tingitud heitgaaside v\u00e4henemine, v\u00e4ike \u00f5likulu<\/p>\n","protected":false},"excerpt":{"rendered":"<p>Diiselmootori\u00f5li ADDINOL Diesel Longlife MD 1548 on Super High Performance \u00f5li (SHPD) viskoossusklassis SAE 15W-40 kasutamiseks raskkoormatud mootorites (Heavy Duty Engine Oil).<br \/>\nDiiselmootori\u00f5li Diesel Longlife MD 1548 on valmistatud uhiuue manusetehnoloogia ja baas\u00f5lide optimaalse kombinatsiooni baasil. ADDINOL Diesel Longlife MD 1548 t\u00e4idab suurep\u00e4raselt veoautode, raskete ehitus-, p\u00f5llut\u00f6\u00f6- ja metsat\u00f6\u00f6masinate, busside ning muude eris\u00f5idukite k\u00f5rgeid m\u00e4\u00e4rimistehnilisi n\u00f5udeid Euroopas ja Ameerikas.<\/p>\n","protected":false},"featured_media":6548,"template":"","meta":{"_acf_changed":false},"viscosity":[],"product_brand":[],"product_cat":[150,156,167],"product_tag":[],"inventory":[],"class_list":{"0":"post-6125","1":"product","2":"type-product","3":"status-publish","4":"has-post-thumbnail","6":"product_cat-mootorsoidukite-maardeained","7":"product_cat-mootoriolid","8":"product_cat-tarbesoidukitele","9":"pa_vali-pakend-diesel-longlife-md-1548-1l","10":"pa_vali-pakend-diesel-longlife-md-1548-205l","11":"pa_vali-pakend-diesel-longlife-md-1548-20l","12":"pa_vali-pakend-diesel-longlife-md-1548-4l","13":"pa_vali-pakend-md1548-diesellonglife-1l","14":"pa_vali-pakend-md1548-diesellonglife-205l","15":"pa_vali-pakend-md1548-diesellonglife-20l","16":"pa_vali-pakend-md1548-diesellonglife-4l","18":"first","19":"instock","20":"taxable","21":"shipping-taxable","22":"purchasable","23":"product-type-variable"},"acf":[],"yoast_head":"<!-- This site is optimized with the Yoast SEO plugin v27.5 - https:\/\/yoast.com\/product\/yoast-seo-wordpress\/ -->\n<title>Diiselmootori\u00f5li Diesel Longlife MD 1548 - ADDINOL<\/title>\n<meta name=\"robots\" content=\"index, follow, max-snippet:-1, max-image-preview:large, max-video-preview:-1\" \/>\n<link rel=\"canonical\" href=\"https:\/\/uus.addinol.ee\/lv\/toode\/diiselmootorioli-diesel-longlife-md-1548\/\" \/>\n<meta property=\"og:locale\" content=\"lv_LV\" \/>\n<meta property=\"og:type\" content=\"article\" \/>\n<meta property=\"og:title\" content=\"Diiselmootori\u00f5li Diesel Longlife MD 1548 - ADDINOL\" \/>\n<meta property=\"og:description\" content=\"Diiselmootori\u00f5li ADDINOL Diesel Longlife MD 1548 on Super High Performance \u00f5li (SHPD) viskoossusklassis SAE 15W-40 kasutamiseks raskkoormatud mootorites (Heavy Duty Engine Oil). Diiselmootori\u00f5li Diesel Longlife MD 1548 on valmistatud uhiuue manusetehnoloogia ja baas\u00f5lide optimaalse kombinatsiooni baasil. ADDINOL Diesel Longlife MD 1548 t\u00e4idab suurep\u00e4raselt veoautode, raskete ehitus-, p\u00f5llut\u00f6\u00f6- ja metsat\u00f6\u00f6masinate, busside ning muude eris\u00f5idukite k\u00f5rgeid m\u00e4\u00e4rimistehnilisi n\u00f5udeid Euroopas ja Ameerikas.\" \/>\n<meta property=\"og:url\" content=\"https:\/\/uus.addinol.ee\/lv\/toode\/diiselmootorioli-diesel-longlife-md-1548\/\" \/>\n<meta property=\"og:site_name\" content=\"ADDINOL\" \/>\n<meta property=\"article:publisher\" content=\"https:\/\/www.facebook.com\/ADDINOLEesti\/\" \/>\n<meta property=\"article:modified_time\" content=\"2025-07-04T08:39:50+00:00\" \/>\n<meta property=\"og:image\" content=\"https:\/\/uus.addinol.ee\/wp-content\/uploads\/2024\/12\/diesel-longlife-md-1548_1l.png\" \/>\n\t<meta property=\"og:image:width\" content=\"418\" \/>\n\t<meta property=\"og:image:height\" content=\"798\" \/>\n\t<meta property=\"og:image:type\" content=\"image\/png\" \/>\n<meta name=\"twitter:card\" content=\"summary_large_image\" \/>\n<meta name=\"twitter:label1\" content=\"Est. reading time\" \/>\n\t<meta name=\"twitter:data1\" content=\"1 minute\" \/>\n<script type=\"application\/ld+json\" class=\"yoast-schema-graph\">{\"@context\":\"https:\\\/\\\/schema.org\",\"@graph\":[{\"@type\":\"WebPage\",\"@id\":\"https:\\\/\\\/uus.addinol.ee\\\/lv\\\/toode\\\/diiselmootorioli-diesel-longlife-md-1548\\\/\",\"url\":\"https:\\\/\\\/uus.addinol.ee\\\/lv\\\/toode\\\/diiselmootorioli-diesel-longlife-md-1548\\\/\",\"name\":\"Diiselmootori\u00f5li Diesel Longlife MD 1548 - ADDINOL\",\"isPartOf\":{\"@id\":\"https:\\\/\\\/uus.addinol.ee\\\/lv\\\/#website\"},\"primaryImageOfPage\":{\"@id\":\"https:\\\/\\\/uus.addinol.ee\\\/lv\\\/toode\\\/diiselmootorioli-diesel-longlife-md-1548\\\/#primaryimage\"},\"image\":{\"@id\":\"https:\\\/\\\/uus.addinol.ee\\\/lv\\\/toode\\\/diiselmootorioli-diesel-longlife-md-1548\\\/#primaryimage\"},\"thumbnailUrl\":\"https:\\\/\\\/uus.addinol.ee\\\/wp-content\\\/uploads\\\/2024\\\/12\\\/diesel-longlife-md-1548_1l.png\",\"datePublished\":\"2024-12-31T12:24:52+00:00\",\"dateModified\":\"2025-07-04T08:39:50+00:00\",\"breadcrumb\":{\"@id\":\"https:\\\/\\\/uus.addinol.ee\\\/lv\\\/toode\\\/diiselmootorioli-diesel-longlife-md-1548\\\/#breadcrumb\"},\"inLanguage\":\"lv-LV\",\"potentialAction\":[{\"@type\":\"ReadAction\",\"target\":[\"https:\\\/\\\/uus.addinol.ee\\\/lv\\\/toode\\\/diiselmootorioli-diesel-longlife-md-1548\\\/\"]}]},{\"@type\":\"ImageObject\",\"inLanguage\":\"lv-LV\",\"@id\":\"https:\\\/\\\/uus.addinol.ee\\\/lv\\\/toode\\\/diiselmootorioli-diesel-longlife-md-1548\\\/#primaryimage\",\"url\":\"https:\\\/\\\/uus.addinol.ee\\\/wp-content\\\/uploads\\\/2024\\\/12\\\/diesel-longlife-md-1548_1l.png\",\"contentUrl\":\"https:\\\/\\\/uus.addinol.ee\\\/wp-content\\\/uploads\\\/2024\\\/12\\\/diesel-longlife-md-1548_1l.png\",\"width\":418,\"height\":798},{\"@type\":\"BreadcrumbList\",\"@id\":\"https:\\\/\\\/uus.addinol.ee\\\/lv\\\/toode\\\/diiselmootorioli-diesel-longlife-md-1548\\\/#breadcrumb\",\"itemListElement\":[{\"@type\":\"ListItem\",\"position\":1,\"name\":\"ADDINOL\",\"item\":\"https:\\\/\\\/uus.addinol.ee\\\/lv\\\/\"},{\"@type\":\"ListItem\",\"position\":2,\"name\":\"E-pood\",\"item\":\"https:\\\/\\\/uus.addinol.ee\\\/e-pood\\\/\"},{\"@type\":\"ListItem\",\"position\":3,\"name\":\"Diiselmootori\u00f5li Diesel Longlife MD 1548\"}]},{\"@type\":\"WebSite\",\"@id\":\"https:\\\/\\\/uus.addinol.ee\\\/lv\\\/#website\",\"url\":\"https:\\\/\\\/uus.addinol.ee\\\/lv\\\/\",\"name\":\"ADDINOL\",\"description\":\"Mootori&otilde;lid ja m&auml;&auml;&auml;rdeained igaks kasutusjuhuks\",\"publisher\":{\"@id\":\"https:\\\/\\\/uus.addinol.ee\\\/lv\\\/#organization\"},\"potentialAction\":[{\"@type\":\"SearchAction\",\"target\":{\"@type\":\"EntryPoint\",\"urlTemplate\":\"https:\\\/\\\/uus.addinol.ee\\\/lv\\\/?s={search_term_string}\"},\"query-input\":{\"@type\":\"PropertyValueSpecification\",\"valueRequired\":true,\"valueName\":\"search_term_string\"}}],\"inLanguage\":\"lv-LV\"},{\"@type\":\"Organization\",\"@id\":\"https:\\\/\\\/uus.addinol.ee\\\/lv\\\/#organization\",\"name\":\"ADDINOL\",\"url\":\"https:\\\/\\\/uus.addinol.ee\\\/lv\\\/\",\"logo\":{\"@type\":\"ImageObject\",\"inLanguage\":\"lv-LV\",\"@id\":\"https:\\\/\\\/uus.addinol.ee\\\/lv\\\/#\\\/schema\\\/logo\\\/image\\\/\",\"url\":\"https:\\\/\\\/uus.addinol.ee\\\/wp-content\\\/uploads\\\/2024\\\/10\\\/1200px-ADDINOL-Logo.webp\",\"contentUrl\":\"https:\\\/\\\/uus.addinol.ee\\\/wp-content\\\/uploads\\\/2024\\\/10\\\/1200px-ADDINOL-Logo.webp\",\"width\":1200,\"height\":431,\"caption\":\"ADDINOL\"},\"image\":{\"@id\":\"https:\\\/\\\/uus.addinol.ee\\\/lv\\\/#\\\/schema\\\/logo\\\/image\\\/\"},\"sameAs\":[\"https:\\\/\\\/www.facebook.com\\\/ADDINOLEesti\\\/\",\"https:\\\/\\\/www.instagram.com\\\/addinol_eesti\\\/\"]}]}<\/script>\n<!-- \/ Yoast SEO plugin. -->","yoast_head_json":{"title":"Diiselmootori\u00f5li Diesel Longlife MD 1548 - ADDINOL","robots":{"index":"index","follow":"follow","max-snippet":"max-snippet:-1","max-image-preview":"max-image-preview:large","max-video-preview":"max-video-preview:-1"},"canonical":"https:\/\/uus.addinol.ee\/lv\/toode\/diiselmootorioli-diesel-longlife-md-1548\/","og_locale":"lv_LV","og_type":"article","og_title":"Diiselmootori\u00f5li Diesel Longlife MD 1548 - ADDINOL","og_description":"Diiselmootori\u00f5li ADDINOL Diesel Longlife MD 1548 on Super High Performance \u00f5li (SHPD) viskoossusklassis SAE 15W-40 kasutamiseks raskkoormatud mootorites (Heavy Duty Engine Oil). Diiselmootori\u00f5li Diesel Longlife MD 1548 on valmistatud uhiuue manusetehnoloogia ja baas\u00f5lide optimaalse kombinatsiooni baasil. ADDINOL Diesel Longlife MD 1548 t\u00e4idab suurep\u00e4raselt veoautode, raskete ehitus-, p\u00f5llut\u00f6\u00f6- ja metsat\u00f6\u00f6masinate, busside ning muude eris\u00f5idukite k\u00f5rgeid m\u00e4\u00e4rimistehnilisi n\u00f5udeid Euroopas ja Ameerikas.","og_url":"https:\/\/uus.addinol.ee\/lv\/toode\/diiselmootorioli-diesel-longlife-md-1548\/","og_site_name":"ADDINOL","article_publisher":"https:\/\/www.facebook.com\/ADDINOLEesti\/","article_modified_time":"2025-07-04T08:39:50+00:00","og_image":[{"width":418,"height":798,"url":"https:\/\/uus.addinol.ee\/wp-content\/uploads\/2024\/12\/diesel-longlife-md-1548_1l.png","type":"image\/png"}],"twitter_card":"summary_large_image","twitter_misc":{"Est. reading time":"1 minute"},"schema":{"@context":"https:\/\/schema.org","@graph":[{"@type":"WebPage","@id":"https:\/\/uus.addinol.ee\/lv\/toode\/diiselmootorioli-diesel-longlife-md-1548\/","url":"https:\/\/uus.addinol.ee\/lv\/toode\/diiselmootorioli-diesel-longlife-md-1548\/","name":"Diiselmootori\u00f5li Diesel Longlife MD 1548 - ADDINOL","isPartOf":{"@id":"https:\/\/uus.addinol.ee\/lv\/#website"},"primaryImageOfPage":{"@id":"https:\/\/uus.addinol.ee\/lv\/toode\/diiselmootorioli-diesel-longlife-md-1548\/#primaryimage"},"image":{"@id":"https:\/\/uus.addinol.ee\/lv\/toode\/diiselmootorioli-diesel-longlife-md-1548\/#primaryimage"},"thumbnailUrl":"https:\/\/uus.addinol.ee\/wp-content\/uploads\/2024\/12\/diesel-longlife-md-1548_1l.png","datePublished":"2024-12-31T12:24:52+00:00","dateModified":"2025-07-04T08:39:50+00:00","breadcrumb":{"@id":"https:\/\/uus.addinol.ee\/lv\/toode\/diiselmootorioli-diesel-longlife-md-1548\/#breadcrumb"},"inLanguage":"lv-LV","potentialAction":[{"@type":"ReadAction","target":["https:\/\/uus.addinol.ee\/lv\/toode\/diiselmootorioli-diesel-longlife-md-1548\/"]}]},{"@type":"ImageObject","inLanguage":"lv-LV","@id":"https:\/\/uus.addinol.ee\/lv\/toode\/diiselmootorioli-diesel-longlife-md-1548\/#primaryimage","url":"https:\/\/uus.addinol.ee\/wp-content\/uploads\/2024\/12\/diesel-longlife-md-1548_1l.png","contentUrl":"https:\/\/uus.addinol.ee\/wp-content\/uploads\/2024\/12\/diesel-longlife-md-1548_1l.png","width":418,"height":798},{"@type":"BreadcrumbList","@id":"https:\/\/uus.addinol.ee\/lv\/toode\/diiselmootorioli-diesel-longlife-md-1548\/#breadcrumb","itemListElement":[{"@type":"ListItem","position":1,"name":"ADDINOL","item":"https:\/\/uus.addinol.ee\/lv\/"},{"@type":"ListItem","position":2,"name":"E-pood","item":"https:\/\/uus.addinol.ee\/e-pood\/"},{"@type":"ListItem","position":3,"name":"Diiselmootori\u00f5li Diesel Longlife MD 1548"}]},{"@type":"WebSite","@id":"https:\/\/uus.addinol.ee\/lv\/#website","url":"https:\/\/uus.addinol.ee\/lv\/","name":"ADDINOL","description":"Mootori&otilde;lid ja m&auml;&auml;&auml;rdeained igaks kasutusjuhuks","publisher":{"@id":"https:\/\/uus.addinol.ee\/lv\/#organization"},"potentialAction":[{"@type":"SearchAction","target":{"@type":"EntryPoint","urlTemplate":"https:\/\/uus.addinol.ee\/lv\/?s={search_term_string}"},"query-input":{"@type":"PropertyValueSpecification","valueRequired":true,"valueName":"search_term_string"}}],"inLanguage":"lv-LV"},{"@type":"Organization","@id":"https:\/\/uus.addinol.ee\/lv\/#organization","name":"ADDINOL","url":"https:\/\/uus.addinol.ee\/lv\/","logo":{"@type":"ImageObject","inLanguage":"lv-LV","@id":"https:\/\/uus.addinol.ee\/lv\/#\/schema\/logo\/image\/","url":"https:\/\/uus.addinol.ee\/wp-content\/uploads\/2024\/10\/1200px-ADDINOL-Logo.webp","contentUrl":"https:\/\/uus.addinol.ee\/wp-content\/uploads\/2024\/10\/1200px-ADDINOL-Logo.webp","width":1200,"height":431,"caption":"ADDINOL"},"image":{"@id":"https:\/\/uus.addinol.ee\/lv\/#\/schema\/logo\/image\/"},"sameAs":["https:\/\/www.facebook.com\/ADDINOLEesti\/","https:\/\/www.instagram.com\/addinol_eesti\/"]}]}},"_links":{"self":[{"href":"https:\/\/uus.addinol.ee\/lv\/wp-json\/wp\/v2\/product\/6125","targetHints":{"allow":["GET"]}}],"collection":[{"href":"https:\/\/uus.addinol.ee\/lv\/wp-json\/wp\/v2\/product"}],"about":[{"href":"https:\/\/uus.addinol.ee\/lv\/wp-json\/wp\/v2\/types\/product"}],"wp:featuredmedia":[{"embeddable":true,"href":"https:\/\/uus.addinol.ee\/lv\/wp-json\/wp\/v2\/media\/6548"}],"wp:attachment":[{"href":"https:\/\/uus.addinol.ee\/lv\/wp-json\/wp\/v2\/media?parent=6125"}],"wp:term":[{"taxonomy":"viscosity","embeddable":true,"href":"https:\/\/uus.addinol.ee\/lv\/wp-json\/wp\/v2\/viscosity?post=6125"},{"taxonomy":"product_brand","embeddable":true,"href":"https:\/\/uus.addinol.ee\/lv\/wp-json\/wp\/v2\/product_brand?post=6125"},{"taxonomy":"product_cat","embeddable":true,"href":"https:\/\/uus.addinol.ee\/lv\/wp-json\/wp\/v2\/product_cat?post=6125"},{"taxonomy":"product_tag","embeddable":true,"href":"https:\/\/uus.addinol.ee\/lv\/wp-json\/wp\/v2\/product_tag?post=6125"},{"taxonomy":"inventory","embeddable":true,"href":"https:\/\/uus.addinol.ee\/lv\/wp-json\/wp\/v2\/inventory?post=6125"}],"curies":[{"name":"wp","href":"https:\/\/api.w.org\/{rel}","templated":true}]}}