{"id":6142,"date":"2024-12-31T12:25:24","date_gmt":"2024-12-31T12:25:24","guid":{"rendered":"https:\/\/addinol.ee\/toode\/sunteetiline-transmissioonioli-multi-transmission-fluid-75-w-90\/"},"modified":"2025-10-14T11:35:09","modified_gmt":"2025-10-14T08:35:09","slug":"sunteetiline-transmissioonioli-multi-transmission-fluid-75-w-90","status":"publish","type":"product","link":"https:\/\/uus.addinol.ee\/lv\/toode\/sunteetiline-transmissioonioli-multi-transmission-fluid-75-w-90\/","title":{"rendered":"S\u00fcnteetiline transmissiooni\u00f5li Multi Transmission Fluid 75 W 90"},"content":{"rendered":"<p><strong>S\u00fcnteetilise transmissiooni\u00f5li Multi Transmission Fluid 75 W 90 KASUTUSV\u00d5IMALUSED:<\/strong><br \/>\n\u2022 S\u00fcnteetiline transmissiooni\u00f5li Multi Transmission Fluid 75 W 90 \u00fcletab rahvusvahelise API GL-4 spetsifikatsiooni n\u00f5udeid ning sobib suurep\u00e4raselt k\u00e4igukastidele, mis n\u00f5uavad API GL-4+ tasemega \u00f5li.<br \/>\n\u2022 Sobib s\u00f5iduautode ja kergeveokite s\u00fcnkroniseeritud manuaalk\u00e4igukastidele ja \u00fclekannetele.<br \/>\n\u2022 Spetsiaalselt ette n\u00e4htud manuaalk\u00e4igukastidele, kuid sobib ka kuni 6-k\u00e4igulistele kuiva kaksiksiduriga \u00fclekannetele.<\/p>\n<p><strong>S\u00fcnteetilise transmissiooni\u00f5li Multi Transmission Fluid 75 W 90 SPETSIFIKATSIOONID:<\/strong><br \/>\nS\u00fcnteetiline transmissiooni\u00f5li Multi Transmission Fluid 75 W 90 t\u00e4idab ja \u00fcletab OEM-ide j\u00f5udlusn\u00f5udeid:<br \/>\n\u2022 Audi\/VW G 050 150, G 052 190, G 052 911<br \/>\n\u2022 Fiat 9.55550-MX3<br \/>\n\u2022 Ford M2C200-C<br \/>\n\u2022 GM\/Opel 19259104\/1940004\/1940182<br \/>\n\u2022 Volvo 97309<\/p>\n<p><strong>S\u00fcnteetilise transmissiooni\u00f5li Multi Transmission Fluid 75 W 90 OMADUSED:<\/strong><br \/>\n\u2022 Palju kasutusv\u00f5imalusi<br \/>\n\u2022 V\u00e4ga hea voolavus madalatel temperatuuridel<br \/>\n\u2022 Termooks\u00fcdatsioonikindel<br \/>\n\u2022 Suurep\u00e4rane koormustaluvus<br \/>\n\u2022 Usaldusv\u00e4\u00e4rne korrosioonikaitse<\/p>\n<p><strong>S\u00fcnteetilise transmissiooni\u00f5li Multi Transmission Fluid 75 W 90 EELISED TARBIJALE:<\/strong><br \/>\n\u2022 \u00d6konoomne service-fill toode arvukatele s\u00f5iduautodele ja kergeveokitele<br \/>\n\u2022 Usaldusv\u00e4\u00e4rne m\u00e4\u00e4rimine k\u00e4ivitamisel ja ka madalatel temperatuuridel<br \/>\n\u2022 \u00d5li pikk kasutusiga<br \/>\n\u2022 Kaitseb ka suurtel koormustel rikete eest<br \/>\n\u2022 K\u00f5ikide \u00fclekandeosade t\u00f5hus kaitse, mis tagab v\u00e4iksed hooldus- ja remondikulud<\/p>\n","protected":false},"excerpt":{"rendered":"<p>S\u00fcnteetiline transmissiooni\u00f5li ADDINOL Multi Transmission Fluid 75 W 90 on k\u00f5rge j\u00f5udlusega toode, mis sobib paljude Euroopa, Ameerika ja Aasia s\u00f5iduautode ning kergeveokite manuaalk\u00e4igukastidele.<\/p>\n","protected":false},"featured_media":6143,"template":"","meta":{"_acf_changed":false},"viscosity":[773],"product_brand":[],"product_cat":[150,212],"product_tag":[],"inventory":[],"class_list":{"0":"post-6142","1":"product","2":"type-product","3":"status-publish","4":"has-post-thumbnail","6":"viscosity-75w-90","7":"product_cat-mootorsoidukite-maardeained","8":"product_cat-transmissiooniolid-mootorsoidukite-maardeained","9":"pa_vali-pakend-1l","11":"first","12":"instock","13":"taxable","14":"shipping-taxable","15":"purchasable","16":"product-type-simple"},"acf":[],"yoast_head":"<!-- This site is optimized with the Yoast SEO plugin v27.5 - https:\/\/yoast.com\/product\/yoast-seo-wordpress\/ -->\n<title>S\u00fcnteetiline transmissiooni\u00f5li Multi Transmission Fluid 75 W 90 - ADDINOL<\/title>\n<meta name=\"robots\" content=\"index, follow, max-snippet:-1, max-image-preview:large, max-video-preview:-1\" \/>\n<link rel=\"canonical\" href=\"https:\/\/uus.addinol.ee\/lv\/toode\/sunteetiline-transmissioonioli-multi-transmission-fluid-75-w-90\/\" \/>\n<meta property=\"og:locale\" content=\"lv_LV\" \/>\n<meta property=\"og:type\" content=\"article\" \/>\n<meta property=\"og:title\" content=\"S\u00fcnteetiline transmissiooni\u00f5li Multi Transmission Fluid 75 W 90 - ADDINOL\" \/>\n<meta property=\"og:description\" content=\"S\u00fcnteetiline transmissiooni\u00f5li ADDINOL Multi Transmission Fluid 75 W 90 on k\u00f5rge j\u00f5udlusega toode, mis sobib paljude Euroopa, Ameerika ja Aasia s\u00f5iduautode ning kergeveokite manuaalk\u00e4igukastidele.\" \/>\n<meta property=\"og:url\" content=\"https:\/\/uus.addinol.ee\/lv\/toode\/sunteetiline-transmissioonioli-multi-transmission-fluid-75-w-90\/\" \/>\n<meta property=\"og:site_name\" content=\"ADDINOL\" \/>\n<meta property=\"article:publisher\" content=\"https:\/\/www.facebook.com\/ADDINOLEesti\/\" \/>\n<meta property=\"article:modified_time\" content=\"2025-10-14T08:35:09+00:00\" \/>\n<meta property=\"og:image\" content=\"https:\/\/uus.addinol.ee\/wp-content\/uploads\/2024\/12\/multi-transmission-fluid-75-w-90-3.jpg\" \/>\n\t<meta property=\"og:image:width\" content=\"418\" \/>\n\t<meta property=\"og:image:height\" content=\"800\" \/>\n\t<meta property=\"og:image:type\" content=\"image\/jpeg\" \/>\n<meta name=\"twitter:card\" content=\"summary_large_image\" \/>\n<meta name=\"twitter:label1\" content=\"Est. reading time\" \/>\n\t<meta name=\"twitter:data1\" content=\"2 minutes\" \/>\n<script type=\"application\/ld+json\" class=\"yoast-schema-graph\">{\"@context\":\"https:\\\/\\\/schema.org\",\"@graph\":[{\"@type\":\"WebPage\",\"@id\":\"https:\\\/\\\/uus.addinol.ee\\\/lv\\\/toode\\\/sunteetiline-transmissioonioli-multi-transmission-fluid-75-w-90\\\/\",\"url\":\"https:\\\/\\\/uus.addinol.ee\\\/lv\\\/toode\\\/sunteetiline-transmissioonioli-multi-transmission-fluid-75-w-90\\\/\",\"name\":\"S\u00fcnteetiline transmissiooni\u00f5li Multi Transmission Fluid 75 W 90 - ADDINOL\",\"isPartOf\":{\"@id\":\"https:\\\/\\\/uus.addinol.ee\\\/lv\\\/#website\"},\"primaryImageOfPage\":{\"@id\":\"https:\\\/\\\/uus.addinol.ee\\\/lv\\\/toode\\\/sunteetiline-transmissioonioli-multi-transmission-fluid-75-w-90\\\/#primaryimage\"},\"image\":{\"@id\":\"https:\\\/\\\/uus.addinol.ee\\\/lv\\\/toode\\\/sunteetiline-transmissioonioli-multi-transmission-fluid-75-w-90\\\/#primaryimage\"},\"thumbnailUrl\":\"https:\\\/\\\/uus.addinol.ee\\\/wp-content\\\/uploads\\\/2024\\\/12\\\/multi-transmission-fluid-75-w-90-3.jpg\",\"datePublished\":\"2024-12-31T12:25:24+00:00\",\"dateModified\":\"2025-10-14T08:35:09+00:00\",\"breadcrumb\":{\"@id\":\"https:\\\/\\\/uus.addinol.ee\\\/lv\\\/toode\\\/sunteetiline-transmissioonioli-multi-transmission-fluid-75-w-90\\\/#breadcrumb\"},\"inLanguage\":\"lv-LV\",\"potentialAction\":[{\"@type\":\"ReadAction\",\"target\":[\"https:\\\/\\\/uus.addinol.ee\\\/lv\\\/toode\\\/sunteetiline-transmissioonioli-multi-transmission-fluid-75-w-90\\\/\"]}]},{\"@type\":\"ImageObject\",\"inLanguage\":\"lv-LV\",\"@id\":\"https:\\\/\\\/uus.addinol.ee\\\/lv\\\/toode\\\/sunteetiline-transmissioonioli-multi-transmission-fluid-75-w-90\\\/#primaryimage\",\"url\":\"https:\\\/\\\/uus.addinol.ee\\\/wp-content\\\/uploads\\\/2024\\\/12\\\/multi-transmission-fluid-75-w-90-3.jpg\",\"contentUrl\":\"https:\\\/\\\/uus.addinol.ee\\\/wp-content\\\/uploads\\\/2024\\\/12\\\/multi-transmission-fluid-75-w-90-3.jpg\",\"width\":418,\"height\":800},{\"@type\":\"BreadcrumbList\",\"@id\":\"https:\\\/\\\/uus.addinol.ee\\\/lv\\\/toode\\\/sunteetiline-transmissioonioli-multi-transmission-fluid-75-w-90\\\/#breadcrumb\",\"itemListElement\":[{\"@type\":\"ListItem\",\"position\":1,\"name\":\"ADDINOL\",\"item\":\"https:\\\/\\\/uus.addinol.ee\\\/lv\\\/\"},{\"@type\":\"ListItem\",\"position\":2,\"name\":\"E-pood\",\"item\":\"https:\\\/\\\/uus.addinol.ee\\\/e-pood\\\/\"},{\"@type\":\"ListItem\",\"position\":3,\"name\":\"S\u00fcnteetiline transmissiooni\u00f5li Multi Transmission Fluid 75 W 90\"}]},{\"@type\":\"WebSite\",\"@id\":\"https:\\\/\\\/uus.addinol.ee\\\/lv\\\/#website\",\"url\":\"https:\\\/\\\/uus.addinol.ee\\\/lv\\\/\",\"name\":\"ADDINOL\",\"description\":\"Mootori&otilde;lid ja m&auml;&auml;&auml;rdeained igaks kasutusjuhuks\",\"publisher\":{\"@id\":\"https:\\\/\\\/uus.addinol.ee\\\/lv\\\/#organization\"},\"potentialAction\":[{\"@type\":\"SearchAction\",\"target\":{\"@type\":\"EntryPoint\",\"urlTemplate\":\"https:\\\/\\\/uus.addinol.ee\\\/lv\\\/?s={search_term_string}\"},\"query-input\":{\"@type\":\"PropertyValueSpecification\",\"valueRequired\":true,\"valueName\":\"search_term_string\"}}],\"inLanguage\":\"lv-LV\"},{\"@type\":\"Organization\",\"@id\":\"https:\\\/\\\/uus.addinol.ee\\\/lv\\\/#organization\",\"name\":\"ADDINOL\",\"url\":\"https:\\\/\\\/uus.addinol.ee\\\/lv\\\/\",\"logo\":{\"@type\":\"ImageObject\",\"inLanguage\":\"lv-LV\",\"@id\":\"https:\\\/\\\/uus.addinol.ee\\\/lv\\\/#\\\/schema\\\/logo\\\/image\\\/\",\"url\":\"https:\\\/\\\/uus.addinol.ee\\\/wp-content\\\/uploads\\\/2024\\\/10\\\/1200px-ADDINOL-Logo.webp\",\"contentUrl\":\"https:\\\/\\\/uus.addinol.ee\\\/wp-content\\\/uploads\\\/2024\\\/10\\\/1200px-ADDINOL-Logo.webp\",\"width\":1200,\"height\":431,\"caption\":\"ADDINOL\"},\"image\":{\"@id\":\"https:\\\/\\\/uus.addinol.ee\\\/lv\\\/#\\\/schema\\\/logo\\\/image\\\/\"},\"sameAs\":[\"https:\\\/\\\/www.facebook.com\\\/ADDINOLEesti\\\/\",\"https:\\\/\\\/www.instagram.com\\\/addinol_eesti\\\/\"]}]}<\/script>\n<!-- \/ Yoast SEO plugin. -->","yoast_head_json":{"title":"S\u00fcnteetiline transmissiooni\u00f5li Multi Transmission Fluid 75 W 90 - ADDINOL","robots":{"index":"index","follow":"follow","max-snippet":"max-snippet:-1","max-image-preview":"max-image-preview:large","max-video-preview":"max-video-preview:-1"},"canonical":"https:\/\/uus.addinol.ee\/lv\/toode\/sunteetiline-transmissioonioli-multi-transmission-fluid-75-w-90\/","og_locale":"lv_LV","og_type":"article","og_title":"S\u00fcnteetiline transmissiooni\u00f5li Multi Transmission Fluid 75 W 90 - ADDINOL","og_description":"S\u00fcnteetiline transmissiooni\u00f5li ADDINOL Multi Transmission Fluid 75 W 90 on k\u00f5rge j\u00f5udlusega toode, mis sobib paljude Euroopa, Ameerika ja Aasia s\u00f5iduautode ning kergeveokite manuaalk\u00e4igukastidele.","og_url":"https:\/\/uus.addinol.ee\/lv\/toode\/sunteetiline-transmissioonioli-multi-transmission-fluid-75-w-90\/","og_site_name":"ADDINOL","article_publisher":"https:\/\/www.facebook.com\/ADDINOLEesti\/","article_modified_time":"2025-10-14T08:35:09+00:00","og_image":[{"width":418,"height":800,"url":"https:\/\/uus.addinol.ee\/wp-content\/uploads\/2024\/12\/multi-transmission-fluid-75-w-90-3.jpg","type":"image\/jpeg"}],"twitter_card":"summary_large_image","twitter_misc":{"Est. reading time":"2 minutes"},"schema":{"@context":"https:\/\/schema.org","@graph":[{"@type":"WebPage","@id":"https:\/\/uus.addinol.ee\/lv\/toode\/sunteetiline-transmissioonioli-multi-transmission-fluid-75-w-90\/","url":"https:\/\/uus.addinol.ee\/lv\/toode\/sunteetiline-transmissioonioli-multi-transmission-fluid-75-w-90\/","name":"S\u00fcnteetiline transmissiooni\u00f5li Multi Transmission Fluid 75 W 90 - ADDINOL","isPartOf":{"@id":"https:\/\/uus.addinol.ee\/lv\/#website"},"primaryImageOfPage":{"@id":"https:\/\/uus.addinol.ee\/lv\/toode\/sunteetiline-transmissioonioli-multi-transmission-fluid-75-w-90\/#primaryimage"},"image":{"@id":"https:\/\/uus.addinol.ee\/lv\/toode\/sunteetiline-transmissioonioli-multi-transmission-fluid-75-w-90\/#primaryimage"},"thumbnailUrl":"https:\/\/uus.addinol.ee\/wp-content\/uploads\/2024\/12\/multi-transmission-fluid-75-w-90-3.jpg","datePublished":"2024-12-31T12:25:24+00:00","dateModified":"2025-10-14T08:35:09+00:00","breadcrumb":{"@id":"https:\/\/uus.addinol.ee\/lv\/toode\/sunteetiline-transmissioonioli-multi-transmission-fluid-75-w-90\/#breadcrumb"},"inLanguage":"lv-LV","potentialAction":[{"@type":"ReadAction","target":["https:\/\/uus.addinol.ee\/lv\/toode\/sunteetiline-transmissioonioli-multi-transmission-fluid-75-w-90\/"]}]},{"@type":"ImageObject","inLanguage":"lv-LV","@id":"https:\/\/uus.addinol.ee\/lv\/toode\/sunteetiline-transmissioonioli-multi-transmission-fluid-75-w-90\/#primaryimage","url":"https:\/\/uus.addinol.ee\/wp-content\/uploads\/2024\/12\/multi-transmission-fluid-75-w-90-3.jpg","contentUrl":"https:\/\/uus.addinol.ee\/wp-content\/uploads\/2024\/12\/multi-transmission-fluid-75-w-90-3.jpg","width":418,"height":800},{"@type":"BreadcrumbList","@id":"https:\/\/uus.addinol.ee\/lv\/toode\/sunteetiline-transmissioonioli-multi-transmission-fluid-75-w-90\/#breadcrumb","itemListElement":[{"@type":"ListItem","position":1,"name":"ADDINOL","item":"https:\/\/uus.addinol.ee\/lv\/"},{"@type":"ListItem","position":2,"name":"E-pood","item":"https:\/\/uus.addinol.ee\/e-pood\/"},{"@type":"ListItem","position":3,"name":"S\u00fcnteetiline transmissiooni\u00f5li Multi Transmission Fluid 75 W 90"}]},{"@type":"WebSite","@id":"https:\/\/uus.addinol.ee\/lv\/#website","url":"https:\/\/uus.addinol.ee\/lv\/","name":"ADDINOL","description":"Mootori&otilde;lid ja m&auml;&auml;&auml;rdeained igaks kasutusjuhuks","publisher":{"@id":"https:\/\/uus.addinol.ee\/lv\/#organization"},"potentialAction":[{"@type":"SearchAction","target":{"@type":"EntryPoint","urlTemplate":"https:\/\/uus.addinol.ee\/lv\/?s={search_term_string}"},"query-input":{"@type":"PropertyValueSpecification","valueRequired":true,"valueName":"search_term_string"}}],"inLanguage":"lv-LV"},{"@type":"Organization","@id":"https:\/\/uus.addinol.ee\/lv\/#organization","name":"ADDINOL","url":"https:\/\/uus.addinol.ee\/lv\/","logo":{"@type":"ImageObject","inLanguage":"lv-LV","@id":"https:\/\/uus.addinol.ee\/lv\/#\/schema\/logo\/image\/","url":"https:\/\/uus.addinol.ee\/wp-content\/uploads\/2024\/10\/1200px-ADDINOL-Logo.webp","contentUrl":"https:\/\/uus.addinol.ee\/wp-content\/uploads\/2024\/10\/1200px-ADDINOL-Logo.webp","width":1200,"height":431,"caption":"ADDINOL"},"image":{"@id":"https:\/\/uus.addinol.ee\/lv\/#\/schema\/logo\/image\/"},"sameAs":["https:\/\/www.facebook.com\/ADDINOLEesti\/","https:\/\/www.instagram.com\/addinol_eesti\/"]}]}},"_links":{"self":[{"href":"https:\/\/uus.addinol.ee\/lv\/wp-json\/wp\/v2\/product\/6142","targetHints":{"allow":["GET"]}}],"collection":[{"href":"https:\/\/uus.addinol.ee\/lv\/wp-json\/wp\/v2\/product"}],"about":[{"href":"https:\/\/uus.addinol.ee\/lv\/wp-json\/wp\/v2\/types\/product"}],"wp:featuredmedia":[{"embeddable":true,"href":"https:\/\/uus.addinol.ee\/lv\/wp-json\/wp\/v2\/media\/6143"}],"wp:attachment":[{"href":"https:\/\/uus.addinol.ee\/lv\/wp-json\/wp\/v2\/media?parent=6142"}],"wp:term":[{"taxonomy":"viscosity","embeddable":true,"href":"https:\/\/uus.addinol.ee\/lv\/wp-json\/wp\/v2\/viscosity?post=6142"},{"taxonomy":"product_brand","embeddable":true,"href":"https:\/\/uus.addinol.ee\/lv\/wp-json\/wp\/v2\/product_brand?post=6142"},{"taxonomy":"product_cat","embeddable":true,"href":"https:\/\/uus.addinol.ee\/lv\/wp-json\/wp\/v2\/product_cat?post=6142"},{"taxonomy":"product_tag","embeddable":true,"href":"https:\/\/uus.addinol.ee\/lv\/wp-json\/wp\/v2\/product_tag?post=6142"},{"taxonomy":"inventory","embeddable":true,"href":"https:\/\/uus.addinol.ee\/lv\/wp-json\/wp\/v2\/inventory?post=6142"}],"curies":[{"name":"wp","href":"https:\/\/api.w.org\/{rel}","templated":true}]}}