{"id":6145,"date":"2024-12-31T12:25:24","date_gmt":"2024-12-31T12:25:24","guid":{"rendered":"https:\/\/addinol.ee\/toode\/universaalaerosool-multifunktionsspray\/"},"modified":"2025-10-14T11:35:05","modified_gmt":"2025-10-14T08:35:05","slug":"universaalaerosool-multifunktionsspray","status":"publish","type":"product","link":"https:\/\/uus.addinol.ee\/lv\/toode\/universaalaerosool-multifunktionsspray\/","title":{"rendered":"Universaalaerosool Multifunktionsspray"},"content":{"rendered":"<p><strong>Universaalaerosooli KASUTUSV\u00d5IMALUSED:<\/strong><br \/>\n\u2022 Universaalne m\u00e4\u00e4rdeaine k\u00f5ikidele mehaaniliste detailidele.<br \/>\n\u2022 Mitmek\u00fclgne abivahend autodele, mootorratastele, jalgratastele, kasutamiseks t\u00f6\u00f6kodades ja koduses majapidamises.<br \/>\n\u2022 Sobib ka kasutamiseks t\u00f6\u00f6stuses.<\/p>\n<p><strong>Universaalaerosooli KASUTAMINE<\/strong><br \/>\n1. Enne kasutamist loksutage tugevasti aerosoolpakendit.<br \/>\n2. Pihustage toodet m\u00e4\u00e4rimist vajavale pinnale ca 15\u201320 cm kauguselt ja laske hetk m\u00f5juda.<\/p>\n<p><strong>Universaalaerosooli OMADUSED:<\/strong><br \/>\n\u2022 M\u00e4\u00e4rib, kaitseb ja hooldab<br \/>\n\u2022 V\u00e4ga t\u00f5husa toimega<br \/>\n\u2022 V\u00e4ga hea roomavusega, niiskuskindel<br \/>\n\u2022 Kasutatav laias temperatuurivahemikus<br \/>\n\u2022 Sisaldab tahket m\u00e4\u00e4rdeainet<br \/>\n\u2022 Sisaldab propaani- ja butaanip\u00f5hist kloorivaba propellenti<\/p>\n<p><strong>Universaalaerosooli EELISED TARBIJALE:<\/strong><br \/>\n\u2022 Universaalselt kasutatav<br \/>\n\u2022 \u00d6konoomne<br \/>\n\u2022 V\u00e4ga hea kaitse, kasutatav ka raskesti ligip\u00e4\u00e4setavates kohtades; leotab lahti kinniroostetanud liited<br \/>\n\u2022 Toime s\u00e4ilib ka \u00e4\u00e4rmuslikel temperatuuridel<br \/>\n\u2022 V\u00e4ga hea kulumiskaitse; parendatud s\u00f6\u00f6bimisvastased omadused<br \/>\n\u2022 Osoonis\u00f5bralik<\/p>\n","protected":false},"excerpt":{"rendered":"<p>Universaalaerosool ADDINOL Multifunktionsspray on k\u00f5rgekvaliteediline segu mineraal\u00f5list, looduslikest rasvhapete estritest ja manustest. Toode sisaldab toimeainete kombinatsiooni, mille \u00fcheks koostisosaks on spetsiaalne tahke m\u00e4\u00e4rdeaine grafiit.<\/p>\n","protected":false},"featured_media":6527,"template":"","meta":{"_acf_changed":false},"viscosity":[],"product_brand":[],"product_cat":[588,650,150],"product_tag":[],"inventory":[],"class_list":{"0":"post-6145","1":"product","2":"type-product","3":"status-publish","4":"has-post-thumbnail","6":"product_cat-aerosoolid","7":"product_cat-aerosoolid-mootorsoidukite-maardeained","8":"product_cat-mootorsoidukite-maardeained","9":"pa_vali-pakend-500-ml","11":"first","12":"instock","13":"taxable","14":"shipping-taxable","15":"purchasable","16":"product-type-simple"},"acf":[],"yoast_head":"<!-- This site is optimized with the Yoast SEO plugin v27.5 - https:\/\/yoast.com\/product\/yoast-seo-wordpress\/ -->\n<title>Universaalaerosool Multifunktionsspray - ADDINOL<\/title>\n<meta name=\"robots\" content=\"index, follow, max-snippet:-1, max-image-preview:large, max-video-preview:-1\" \/>\n<link rel=\"canonical\" href=\"https:\/\/uus.addinol.ee\/lv\/toode\/universaalaerosool-multifunktionsspray\/\" \/>\n<meta property=\"og:locale\" content=\"lv_LV\" \/>\n<meta property=\"og:type\" content=\"article\" \/>\n<meta property=\"og:title\" content=\"Universaalaerosool Multifunktionsspray - ADDINOL\" \/>\n<meta property=\"og:description\" content=\"Universaalaerosool ADDINOL Multifunktionsspray on k\u00f5rgekvaliteediline segu mineraal\u00f5list, looduslikest rasvhapete estritest ja manustest. Toode sisaldab toimeainete kombinatsiooni, mille \u00fcheks koostisosaks on spetsiaalne tahke m\u00e4\u00e4rdeaine grafiit.\" \/>\n<meta property=\"og:url\" content=\"https:\/\/uus.addinol.ee\/lv\/toode\/universaalaerosool-multifunktionsspray\/\" \/>\n<meta property=\"og:site_name\" content=\"ADDINOL\" \/>\n<meta property=\"article:publisher\" content=\"https:\/\/www.facebook.com\/ADDINOLEesti\/\" \/>\n<meta property=\"article:modified_time\" content=\"2025-10-14T08:35:05+00:00\" \/>\n<meta property=\"og:image\" content=\"https:\/\/uus.addinol.ee\/wp-content\/uploads\/2024\/12\/multi_500ml.2123_render-layer-1-e1633332341678.png\" \/>\n\t<meta property=\"og:image:width\" content=\"1280\" \/>\n\t<meta property=\"og:image:height\" content=\"1280\" \/>\n\t<meta property=\"og:image:type\" content=\"image\/png\" \/>\n<meta name=\"twitter:card\" content=\"summary_large_image\" \/>\n<meta name=\"twitter:label1\" content=\"Est. reading time\" \/>\n\t<meta name=\"twitter:data1\" content=\"1 minute\" \/>\n<script type=\"application\/ld+json\" class=\"yoast-schema-graph\">{\"@context\":\"https:\\\/\\\/schema.org\",\"@graph\":[{\"@type\":\"WebPage\",\"@id\":\"https:\\\/\\\/uus.addinol.ee\\\/lv\\\/toode\\\/universaalaerosool-multifunktionsspray\\\/\",\"url\":\"https:\\\/\\\/uus.addinol.ee\\\/lv\\\/toode\\\/universaalaerosool-multifunktionsspray\\\/\",\"name\":\"Universaalaerosool Multifunktionsspray - ADDINOL\",\"isPartOf\":{\"@id\":\"https:\\\/\\\/uus.addinol.ee\\\/lv\\\/#website\"},\"primaryImageOfPage\":{\"@id\":\"https:\\\/\\\/uus.addinol.ee\\\/lv\\\/toode\\\/universaalaerosool-multifunktionsspray\\\/#primaryimage\"},\"image\":{\"@id\":\"https:\\\/\\\/uus.addinol.ee\\\/lv\\\/toode\\\/universaalaerosool-multifunktionsspray\\\/#primaryimage\"},\"thumbnailUrl\":\"https:\\\/\\\/uus.addinol.ee\\\/wp-content\\\/uploads\\\/2024\\\/12\\\/multi_500ml.2123_render-layer-1-e1633332341678.png\",\"datePublished\":\"2024-12-31T12:25:24+00:00\",\"dateModified\":\"2025-10-14T08:35:05+00:00\",\"breadcrumb\":{\"@id\":\"https:\\\/\\\/uus.addinol.ee\\\/lv\\\/toode\\\/universaalaerosool-multifunktionsspray\\\/#breadcrumb\"},\"inLanguage\":\"lv-LV\",\"potentialAction\":[{\"@type\":\"ReadAction\",\"target\":[\"https:\\\/\\\/uus.addinol.ee\\\/lv\\\/toode\\\/universaalaerosool-multifunktionsspray\\\/\"]}]},{\"@type\":\"ImageObject\",\"inLanguage\":\"lv-LV\",\"@id\":\"https:\\\/\\\/uus.addinol.ee\\\/lv\\\/toode\\\/universaalaerosool-multifunktionsspray\\\/#primaryimage\",\"url\":\"https:\\\/\\\/uus.addinol.ee\\\/wp-content\\\/uploads\\\/2024\\\/12\\\/multi_500ml.2123_render-layer-1-e1633332341678.png\",\"contentUrl\":\"https:\\\/\\\/uus.addinol.ee\\\/wp-content\\\/uploads\\\/2024\\\/12\\\/multi_500ml.2123_render-layer-1-e1633332341678.png\",\"width\":1280,\"height\":1280},{\"@type\":\"BreadcrumbList\",\"@id\":\"https:\\\/\\\/uus.addinol.ee\\\/lv\\\/toode\\\/universaalaerosool-multifunktionsspray\\\/#breadcrumb\",\"itemListElement\":[{\"@type\":\"ListItem\",\"position\":1,\"name\":\"ADDINOL\",\"item\":\"https:\\\/\\\/uus.addinol.ee\\\/lv\\\/\"},{\"@type\":\"ListItem\",\"position\":2,\"name\":\"E-pood\",\"item\":\"https:\\\/\\\/uus.addinol.ee\\\/e-pood\\\/\"},{\"@type\":\"ListItem\",\"position\":3,\"name\":\"Universaalaerosool Multifunktionsspray\"}]},{\"@type\":\"WebSite\",\"@id\":\"https:\\\/\\\/uus.addinol.ee\\\/lv\\\/#website\",\"url\":\"https:\\\/\\\/uus.addinol.ee\\\/lv\\\/\",\"name\":\"ADDINOL\",\"description\":\"Mootori&otilde;lid ja m&auml;&auml;&auml;rdeained igaks kasutusjuhuks\",\"publisher\":{\"@id\":\"https:\\\/\\\/uus.addinol.ee\\\/lv\\\/#organization\"},\"potentialAction\":[{\"@type\":\"SearchAction\",\"target\":{\"@type\":\"EntryPoint\",\"urlTemplate\":\"https:\\\/\\\/uus.addinol.ee\\\/lv\\\/?s={search_term_string}\"},\"query-input\":{\"@type\":\"PropertyValueSpecification\",\"valueRequired\":true,\"valueName\":\"search_term_string\"}}],\"inLanguage\":\"lv-LV\"},{\"@type\":\"Organization\",\"@id\":\"https:\\\/\\\/uus.addinol.ee\\\/lv\\\/#organization\",\"name\":\"ADDINOL\",\"url\":\"https:\\\/\\\/uus.addinol.ee\\\/lv\\\/\",\"logo\":{\"@type\":\"ImageObject\",\"inLanguage\":\"lv-LV\",\"@id\":\"https:\\\/\\\/uus.addinol.ee\\\/lv\\\/#\\\/schema\\\/logo\\\/image\\\/\",\"url\":\"https:\\\/\\\/uus.addinol.ee\\\/wp-content\\\/uploads\\\/2024\\\/10\\\/1200px-ADDINOL-Logo.webp\",\"contentUrl\":\"https:\\\/\\\/uus.addinol.ee\\\/wp-content\\\/uploads\\\/2024\\\/10\\\/1200px-ADDINOL-Logo.webp\",\"width\":1200,\"height\":431,\"caption\":\"ADDINOL\"},\"image\":{\"@id\":\"https:\\\/\\\/uus.addinol.ee\\\/lv\\\/#\\\/schema\\\/logo\\\/image\\\/\"},\"sameAs\":[\"https:\\\/\\\/www.facebook.com\\\/ADDINOLEesti\\\/\",\"https:\\\/\\\/www.instagram.com\\\/addinol_eesti\\\/\"]}]}<\/script>\n<!-- \/ Yoast SEO plugin. -->","yoast_head_json":{"title":"Universaalaerosool Multifunktionsspray - ADDINOL","robots":{"index":"index","follow":"follow","max-snippet":"max-snippet:-1","max-image-preview":"max-image-preview:large","max-video-preview":"max-video-preview:-1"},"canonical":"https:\/\/uus.addinol.ee\/lv\/toode\/universaalaerosool-multifunktionsspray\/","og_locale":"lv_LV","og_type":"article","og_title":"Universaalaerosool Multifunktionsspray - ADDINOL","og_description":"Universaalaerosool ADDINOL Multifunktionsspray on k\u00f5rgekvaliteediline segu mineraal\u00f5list, looduslikest rasvhapete estritest ja manustest. Toode sisaldab toimeainete kombinatsiooni, mille \u00fcheks koostisosaks on spetsiaalne tahke m\u00e4\u00e4rdeaine grafiit.","og_url":"https:\/\/uus.addinol.ee\/lv\/toode\/universaalaerosool-multifunktionsspray\/","og_site_name":"ADDINOL","article_publisher":"https:\/\/www.facebook.com\/ADDINOLEesti\/","article_modified_time":"2025-10-14T08:35:05+00:00","og_image":[{"width":1280,"height":1280,"url":"https:\/\/uus.addinol.ee\/wp-content\/uploads\/2024\/12\/multi_500ml.2123_render-layer-1-e1633332341678.png","type":"image\/png"}],"twitter_card":"summary_large_image","twitter_misc":{"Est. reading time":"1 minute"},"schema":{"@context":"https:\/\/schema.org","@graph":[{"@type":"WebPage","@id":"https:\/\/uus.addinol.ee\/lv\/toode\/universaalaerosool-multifunktionsspray\/","url":"https:\/\/uus.addinol.ee\/lv\/toode\/universaalaerosool-multifunktionsspray\/","name":"Universaalaerosool Multifunktionsspray - ADDINOL","isPartOf":{"@id":"https:\/\/uus.addinol.ee\/lv\/#website"},"primaryImageOfPage":{"@id":"https:\/\/uus.addinol.ee\/lv\/toode\/universaalaerosool-multifunktionsspray\/#primaryimage"},"image":{"@id":"https:\/\/uus.addinol.ee\/lv\/toode\/universaalaerosool-multifunktionsspray\/#primaryimage"},"thumbnailUrl":"https:\/\/uus.addinol.ee\/wp-content\/uploads\/2024\/12\/multi_500ml.2123_render-layer-1-e1633332341678.png","datePublished":"2024-12-31T12:25:24+00:00","dateModified":"2025-10-14T08:35:05+00:00","breadcrumb":{"@id":"https:\/\/uus.addinol.ee\/lv\/toode\/universaalaerosool-multifunktionsspray\/#breadcrumb"},"inLanguage":"lv-LV","potentialAction":[{"@type":"ReadAction","target":["https:\/\/uus.addinol.ee\/lv\/toode\/universaalaerosool-multifunktionsspray\/"]}]},{"@type":"ImageObject","inLanguage":"lv-LV","@id":"https:\/\/uus.addinol.ee\/lv\/toode\/universaalaerosool-multifunktionsspray\/#primaryimage","url":"https:\/\/uus.addinol.ee\/wp-content\/uploads\/2024\/12\/multi_500ml.2123_render-layer-1-e1633332341678.png","contentUrl":"https:\/\/uus.addinol.ee\/wp-content\/uploads\/2024\/12\/multi_500ml.2123_render-layer-1-e1633332341678.png","width":1280,"height":1280},{"@type":"BreadcrumbList","@id":"https:\/\/uus.addinol.ee\/lv\/toode\/universaalaerosool-multifunktionsspray\/#breadcrumb","itemListElement":[{"@type":"ListItem","position":1,"name":"ADDINOL","item":"https:\/\/uus.addinol.ee\/lv\/"},{"@type":"ListItem","position":2,"name":"E-pood","item":"https:\/\/uus.addinol.ee\/e-pood\/"},{"@type":"ListItem","position":3,"name":"Universaalaerosool Multifunktionsspray"}]},{"@type":"WebSite","@id":"https:\/\/uus.addinol.ee\/lv\/#website","url":"https:\/\/uus.addinol.ee\/lv\/","name":"ADDINOL","description":"Mootori&otilde;lid ja m&auml;&auml;&auml;rdeained igaks kasutusjuhuks","publisher":{"@id":"https:\/\/uus.addinol.ee\/lv\/#organization"},"potentialAction":[{"@type":"SearchAction","target":{"@type":"EntryPoint","urlTemplate":"https:\/\/uus.addinol.ee\/lv\/?s={search_term_string}"},"query-input":{"@type":"PropertyValueSpecification","valueRequired":true,"valueName":"search_term_string"}}],"inLanguage":"lv-LV"},{"@type":"Organization","@id":"https:\/\/uus.addinol.ee\/lv\/#organization","name":"ADDINOL","url":"https:\/\/uus.addinol.ee\/lv\/","logo":{"@type":"ImageObject","inLanguage":"lv-LV","@id":"https:\/\/uus.addinol.ee\/lv\/#\/schema\/logo\/image\/","url":"https:\/\/uus.addinol.ee\/wp-content\/uploads\/2024\/10\/1200px-ADDINOL-Logo.webp","contentUrl":"https:\/\/uus.addinol.ee\/wp-content\/uploads\/2024\/10\/1200px-ADDINOL-Logo.webp","width":1200,"height":431,"caption":"ADDINOL"},"image":{"@id":"https:\/\/uus.addinol.ee\/lv\/#\/schema\/logo\/image\/"},"sameAs":["https:\/\/www.facebook.com\/ADDINOLEesti\/","https:\/\/www.instagram.com\/addinol_eesti\/"]}]}},"_links":{"self":[{"href":"https:\/\/uus.addinol.ee\/lv\/wp-json\/wp\/v2\/product\/6145","targetHints":{"allow":["GET"]}}],"collection":[{"href":"https:\/\/uus.addinol.ee\/lv\/wp-json\/wp\/v2\/product"}],"about":[{"href":"https:\/\/uus.addinol.ee\/lv\/wp-json\/wp\/v2\/types\/product"}],"wp:featuredmedia":[{"embeddable":true,"href":"https:\/\/uus.addinol.ee\/lv\/wp-json\/wp\/v2\/media\/6527"}],"wp:attachment":[{"href":"https:\/\/uus.addinol.ee\/lv\/wp-json\/wp\/v2\/media?parent=6145"}],"wp:term":[{"taxonomy":"viscosity","embeddable":true,"href":"https:\/\/uus.addinol.ee\/lv\/wp-json\/wp\/v2\/viscosity?post=6145"},{"taxonomy":"product_brand","embeddable":true,"href":"https:\/\/uus.addinol.ee\/lv\/wp-json\/wp\/v2\/product_brand?post=6145"},{"taxonomy":"product_cat","embeddable":true,"href":"https:\/\/uus.addinol.ee\/lv\/wp-json\/wp\/v2\/product_cat?post=6145"},{"taxonomy":"product_tag","embeddable":true,"href":"https:\/\/uus.addinol.ee\/lv\/wp-json\/wp\/v2\/product_tag?post=6145"},{"taxonomy":"inventory","embeddable":true,"href":"https:\/\/uus.addinol.ee\/lv\/wp-json\/wp\/v2\/inventory?post=6145"}],"curies":[{"name":"wp","href":"https:\/\/api.w.org\/{rel}","templated":true}]}}