{"id":6146,"date":"2024-12-31T12:25:24","date_gmt":"2024-12-31T12:25:24","guid":{"rendered":"https:\/\/addinol.ee\/toode\/mootorioli-giga-light-mv-0530-ll\/"},"modified":"2025-07-04T11:39:50","modified_gmt":"2025-07-04T08:39:50","slug":"mootorioli-giga-light-mv-0530-ll","status":"publish","type":"product","link":"https:\/\/uus.addinol.ee\/lv\/toode\/mootorioli-giga-light-mv-0530-ll\/","title":{"rendered":"Mootori\u00f5li Giga Light MV 0530 LL"},"content":{"rendered":"<p><strong>Mootori\u00f5li <a href=\"https:\/\/addinol.de\/products\/product-finder\/addinol-giga-light-mv-0530-ll\/?lang=et\">Giga Light MV 0530 LL<\/a> KASUTUSV\u00d5IMALUSED:<\/strong><br \/>\n\u2022 Universaalne \u00f5li paljude t\u00e4nap\u00e4evaste s\u00f5iduautode ja kaubikute v\u00f5imsatele bensiini- v\u00f5i diiselmootoritele.<br \/>\n\u2022 Sobib low SAPS mootori\u00f5lina suurep\u00e4raselt tahmafiltriga v\u00f5i tahmafiltrita t\u00e4nap\u00e4evastele diiselmootoritele.<br \/>\n\u2022 Sobib eriti h\u00e4sti kasutamiseks k\u00f5ikides pikendatud hooldusv\u00e4lbaga s\u00f5iduautode ja kaubikute bensiini- ja diiselmootorites.<br \/>\n\u2022 Sobib spetsiaalselt maagaasiga (CNG) ja veeldatud naftagaasiga (LPG) t\u00f6\u00f6tavatele s\u00f5idukimootoritele.<br \/>\n\u2022 Mootori\u00f5li Giga Light MV 0530 LL on soovitatav ka s\u00f5idukitele, mis n\u00f5uavad ACEA C2 klassi mootori\u00f5li.<\/p>\n<p><strong>SPETSIFIKATSIOON \/ LITSENTSID:<\/strong><br \/>\nT\u00e4idab ja \u00fcletab rahvusvahelisi spetsifikatsioone:<br \/>\n\u2022 ACEA C3<br \/>\n\u2022 API SN<\/p>\n<p>Omab litsentse:<br \/>\n\u2022 VW 504 00 \/ 507 00<br \/>\n\u2022 MB 229.51<br \/>\n\u2022 Porsche C30<\/p>\n<p>T\u00e4idab n\u00f5udeid:<br \/>\n\u2022 BMW Longlife-04<\/p>\n<p><strong>OMADUSED:<\/strong><br \/>\n\u2022 \u00dclimalt hea pesemisv\u00f5ime<br \/>\n\u2022 Oluliselt v\u00e4iksem h\u00f5\u00f5rdumine<br \/>\n\u2022 V\u00e4iksed aurustumiskaod<br \/>\n\u2022 \u00dclimalt efektiivne kulumiskaitse<br \/>\n\u2022 Optimaalne <a href=\"https:\/\/uus.addinol.ee\/oli-viskoossus-mis-see-on\/\" target=\"_blank\" rel=\"noopener\">viskoossus<\/a> k\u00f5ikides s\u00f5idutingimustes<br \/>\n\u2022 Suurep\u00e4rane voolavus madalatel temperatuuridel<br \/>\n\u2022 V\u00e4ike tuhasisaldus<br \/>\n\u2022 V\u00e4ike v\u00e4\u00e4vli- ja fosforisisaldus<\/p>\n<p><strong>EELISED TARBIJALE:<\/strong><br \/>\n\u2022 Mootori suurep\u00e4rane puhtus ja optimaalne v\u00f5imsus<br \/>\n\u2022 V\u00e4ike k\u00fctusekulu<br \/>\n\u2022 V\u00e4iksem \u00f5likulu<br \/>\n\u2022 Mootori pikk t\u00f6\u00f6iga<br \/>\n\u2022 Stabiilne \u00f5likelme k\u00f5ikides t\u00f6\u00f6tingimustes<br \/>\n\u2022 Suurep\u00e4rane k\u00e4ivitus ja mootori soojenemine<br \/>\n\u2022 Tahmafiltri (DPF) pikem t\u00f6\u00f6iga<br \/>\n\u2022 Heitgaasi j\u00e4relt\u00f6\u00f6tluss\u00fcsteemide pikk t\u00f6\u00f6iga \u2013 keskkonnas\u00e4\u00e4stlikkus t\u00e4nu heitgaaside v\u00e4iksele emissioonile<\/p>\n","protected":false},"excerpt":{"rendered":"<p>Mootori\u00f5li ADDINOL Giga Light MV 0530 LL on k\u00fctuses\u00e4\u00e4stlik k\u00f5rge j\u00f5udlusega toode viskoossusklassis SAE 5W-30.<br \/>\nMootori\u00f5li Giga Light MV 0530 LL optimaalne kombinatsioon uudsest s\u00fcnteesitehnoloogiast ja innovaatilistest manustest tagab erakordse j\u00f5udluse koos low SAPS ja Longlife III omadustega.<\/p>\n","protected":false},"featured_media":6147,"template":"","meta":{"_acf_changed":false},"viscosity":[740],"product_brand":[],"product_cat":[163,150,156],"product_tag":[],"inventory":[],"class_list":{"0":"post-6146","1":"product","2":"type-product","3":"status-publish","4":"has-post-thumbnail","6":"viscosity-5w-30","7":"product_cat-gaasimootoritele","8":"product_cat-mootorsoidukite-maardeained","9":"product_cat-mootoriolid","10":"pa_vali-pakend-giga-light-mv-0530-ll-20l","11":"pa_vali-pakend-giga-light-mv-0530-ll-57l","12":"pa_vali-pakend-giga-light-mv-0530-ll-5l","13":"pa_vali-pakend-mv0530ll-gigalight-1l","14":"pa_vali-pakend-mv0530ll-gigalight-205l","15":"pa_vali-pakend-mv0530ll-gigalight-20l","16":"pa_vali-pakend-mv0530ll-gigalight-57l","17":"pa_vali-pakend-mv0530ll-gigalight-5l","18":"pa_vali-pakend-giga-light-mv-0530-ll-1l","19":"pa_vali-pakend-giga-light-mv-0530-ll-205l","21":"first","22":"instock","23":"taxable","24":"shipping-taxable","25":"purchasable","26":"product-type-variable"},"acf":[],"yoast_head":"<!-- This site is optimized with the Yoast SEO plugin v27.5 - https:\/\/yoast.com\/product\/yoast-seo-wordpress\/ -->\n<title>Mootori\u00f5li Giga Light MV 0530 LL - ADDINOL<\/title>\n<meta name=\"robots\" content=\"index, follow, max-snippet:-1, max-image-preview:large, max-video-preview:-1\" \/>\n<link rel=\"canonical\" href=\"https:\/\/uus.addinol.ee\/lv\/toode\/mootorioli-giga-light-mv-0530-ll\/\" \/>\n<meta property=\"og:locale\" content=\"lv_LV\" \/>\n<meta property=\"og:type\" content=\"article\" \/>\n<meta property=\"og:title\" content=\"Mootori\u00f5li Giga Light MV 0530 LL - ADDINOL\" \/>\n<meta property=\"og:description\" content=\"Mootori\u00f5li ADDINOL Giga Light MV 0530 LL on k\u00fctuses\u00e4\u00e4stlik k\u00f5rge j\u00f5udlusega toode viskoossusklassis SAE 5W-30. Mootori\u00f5li Giga Light MV 0530 LL optimaalne kombinatsioon uudsest s\u00fcnteesitehnoloogiast ja innovaatilistest manustest tagab erakordse j\u00f5udluse koos low SAPS ja Longlife III omadustega.\" \/>\n<meta property=\"og:url\" content=\"https:\/\/uus.addinol.ee\/lv\/toode\/mootorioli-giga-light-mv-0530-ll\/\" \/>\n<meta property=\"og:site_name\" content=\"ADDINOL\" \/>\n<meta property=\"article:publisher\" content=\"https:\/\/www.facebook.com\/ADDINOLEesti\/\" \/>\n<meta property=\"article:modified_time\" content=\"2025-07-04T08:39:50+00:00\" \/>\n<meta property=\"og:image\" content=\"https:\/\/uus.addinol.ee\/wp-content\/uploads\/2024\/12\/mv-0530-ll-giga-light-3.jpg\" \/>\n\t<meta property=\"og:image:width\" content=\"418\" \/>\n\t<meta property=\"og:image:height\" content=\"800\" \/>\n\t<meta property=\"og:image:type\" content=\"image\/jpeg\" \/>\n<meta name=\"twitter:card\" content=\"summary_large_image\" \/>\n<meta name=\"twitter:label1\" content=\"Est. reading time\" \/>\n\t<meta name=\"twitter:data1\" content=\"2 minutes\" \/>\n<script type=\"application\/ld+json\" class=\"yoast-schema-graph\">{\"@context\":\"https:\\\/\\\/schema.org\",\"@graph\":[{\"@type\":\"WebPage\",\"@id\":\"https:\\\/\\\/uus.addinol.ee\\\/lv\\\/toode\\\/mootorioli-giga-light-mv-0530-ll\\\/\",\"url\":\"https:\\\/\\\/uus.addinol.ee\\\/lv\\\/toode\\\/mootorioli-giga-light-mv-0530-ll\\\/\",\"name\":\"Mootori\u00f5li Giga Light MV 0530 LL - ADDINOL\",\"isPartOf\":{\"@id\":\"https:\\\/\\\/uus.addinol.ee\\\/lv\\\/#website\"},\"primaryImageOfPage\":{\"@id\":\"https:\\\/\\\/uus.addinol.ee\\\/lv\\\/toode\\\/mootorioli-giga-light-mv-0530-ll\\\/#primaryimage\"},\"image\":{\"@id\":\"https:\\\/\\\/uus.addinol.ee\\\/lv\\\/toode\\\/mootorioli-giga-light-mv-0530-ll\\\/#primaryimage\"},\"thumbnailUrl\":\"https:\\\/\\\/uus.addinol.ee\\\/wp-content\\\/uploads\\\/2024\\\/12\\\/mv-0530-ll-giga-light-3.jpg\",\"datePublished\":\"2024-12-31T12:25:24+00:00\",\"dateModified\":\"2025-07-04T08:39:50+00:00\",\"breadcrumb\":{\"@id\":\"https:\\\/\\\/uus.addinol.ee\\\/lv\\\/toode\\\/mootorioli-giga-light-mv-0530-ll\\\/#breadcrumb\"},\"inLanguage\":\"lv-LV\",\"potentialAction\":[{\"@type\":\"ReadAction\",\"target\":[\"https:\\\/\\\/uus.addinol.ee\\\/lv\\\/toode\\\/mootorioli-giga-light-mv-0530-ll\\\/\"]}]},{\"@type\":\"ImageObject\",\"inLanguage\":\"lv-LV\",\"@id\":\"https:\\\/\\\/uus.addinol.ee\\\/lv\\\/toode\\\/mootorioli-giga-light-mv-0530-ll\\\/#primaryimage\",\"url\":\"https:\\\/\\\/uus.addinol.ee\\\/wp-content\\\/uploads\\\/2024\\\/12\\\/mv-0530-ll-giga-light-3.jpg\",\"contentUrl\":\"https:\\\/\\\/uus.addinol.ee\\\/wp-content\\\/uploads\\\/2024\\\/12\\\/mv-0530-ll-giga-light-3.jpg\",\"width\":418,\"height\":800,\"caption\":\"Mootori\u00f5li Giga Light MV 0530 LL\"},{\"@type\":\"BreadcrumbList\",\"@id\":\"https:\\\/\\\/uus.addinol.ee\\\/lv\\\/toode\\\/mootorioli-giga-light-mv-0530-ll\\\/#breadcrumb\",\"itemListElement\":[{\"@type\":\"ListItem\",\"position\":1,\"name\":\"ADDINOL\",\"item\":\"https:\\\/\\\/uus.addinol.ee\\\/lv\\\/\"},{\"@type\":\"ListItem\",\"position\":2,\"name\":\"E-pood\",\"item\":\"https:\\\/\\\/uus.addinol.ee\\\/e-pood\\\/\"},{\"@type\":\"ListItem\",\"position\":3,\"name\":\"Mootori\u00f5li Giga Light MV 0530 LL\"}]},{\"@type\":\"WebSite\",\"@id\":\"https:\\\/\\\/uus.addinol.ee\\\/lv\\\/#website\",\"url\":\"https:\\\/\\\/uus.addinol.ee\\\/lv\\\/\",\"name\":\"ADDINOL\",\"description\":\"Mootori&otilde;lid ja m&auml;&auml;&auml;rdeained igaks kasutusjuhuks\",\"publisher\":{\"@id\":\"https:\\\/\\\/uus.addinol.ee\\\/lv\\\/#organization\"},\"potentialAction\":[{\"@type\":\"SearchAction\",\"target\":{\"@type\":\"EntryPoint\",\"urlTemplate\":\"https:\\\/\\\/uus.addinol.ee\\\/lv\\\/?s={search_term_string}\"},\"query-input\":{\"@type\":\"PropertyValueSpecification\",\"valueRequired\":true,\"valueName\":\"search_term_string\"}}],\"inLanguage\":\"lv-LV\"},{\"@type\":\"Organization\",\"@id\":\"https:\\\/\\\/uus.addinol.ee\\\/lv\\\/#organization\",\"name\":\"ADDINOL\",\"url\":\"https:\\\/\\\/uus.addinol.ee\\\/lv\\\/\",\"logo\":{\"@type\":\"ImageObject\",\"inLanguage\":\"lv-LV\",\"@id\":\"https:\\\/\\\/uus.addinol.ee\\\/lv\\\/#\\\/schema\\\/logo\\\/image\\\/\",\"url\":\"https:\\\/\\\/uus.addinol.ee\\\/wp-content\\\/uploads\\\/2024\\\/10\\\/1200px-ADDINOL-Logo.webp\",\"contentUrl\":\"https:\\\/\\\/uus.addinol.ee\\\/wp-content\\\/uploads\\\/2024\\\/10\\\/1200px-ADDINOL-Logo.webp\",\"width\":1200,\"height\":431,\"caption\":\"ADDINOL\"},\"image\":{\"@id\":\"https:\\\/\\\/uus.addinol.ee\\\/lv\\\/#\\\/schema\\\/logo\\\/image\\\/\"},\"sameAs\":[\"https:\\\/\\\/www.facebook.com\\\/ADDINOLEesti\\\/\",\"https:\\\/\\\/www.instagram.com\\\/addinol_eesti\\\/\"]}]}<\/script>\n<!-- \/ Yoast SEO plugin. -->","yoast_head_json":{"title":"Mootori\u00f5li Giga Light MV 0530 LL - ADDINOL","robots":{"index":"index","follow":"follow","max-snippet":"max-snippet:-1","max-image-preview":"max-image-preview:large","max-video-preview":"max-video-preview:-1"},"canonical":"https:\/\/uus.addinol.ee\/lv\/toode\/mootorioli-giga-light-mv-0530-ll\/","og_locale":"lv_LV","og_type":"article","og_title":"Mootori\u00f5li Giga Light MV 0530 LL - ADDINOL","og_description":"Mootori\u00f5li ADDINOL Giga Light MV 0530 LL on k\u00fctuses\u00e4\u00e4stlik k\u00f5rge j\u00f5udlusega toode viskoossusklassis SAE 5W-30. Mootori\u00f5li Giga Light MV 0530 LL optimaalne kombinatsioon uudsest s\u00fcnteesitehnoloogiast ja innovaatilistest manustest tagab erakordse j\u00f5udluse koos low SAPS ja Longlife III omadustega.","og_url":"https:\/\/uus.addinol.ee\/lv\/toode\/mootorioli-giga-light-mv-0530-ll\/","og_site_name":"ADDINOL","article_publisher":"https:\/\/www.facebook.com\/ADDINOLEesti\/","article_modified_time":"2025-07-04T08:39:50+00:00","og_image":[{"width":418,"height":800,"url":"https:\/\/uus.addinol.ee\/wp-content\/uploads\/2024\/12\/mv-0530-ll-giga-light-3.jpg","type":"image\/jpeg"}],"twitter_card":"summary_large_image","twitter_misc":{"Est. reading time":"2 minutes"},"schema":{"@context":"https:\/\/schema.org","@graph":[{"@type":"WebPage","@id":"https:\/\/uus.addinol.ee\/lv\/toode\/mootorioli-giga-light-mv-0530-ll\/","url":"https:\/\/uus.addinol.ee\/lv\/toode\/mootorioli-giga-light-mv-0530-ll\/","name":"Mootori\u00f5li Giga Light MV 0530 LL - ADDINOL","isPartOf":{"@id":"https:\/\/uus.addinol.ee\/lv\/#website"},"primaryImageOfPage":{"@id":"https:\/\/uus.addinol.ee\/lv\/toode\/mootorioli-giga-light-mv-0530-ll\/#primaryimage"},"image":{"@id":"https:\/\/uus.addinol.ee\/lv\/toode\/mootorioli-giga-light-mv-0530-ll\/#primaryimage"},"thumbnailUrl":"https:\/\/uus.addinol.ee\/wp-content\/uploads\/2024\/12\/mv-0530-ll-giga-light-3.jpg","datePublished":"2024-12-31T12:25:24+00:00","dateModified":"2025-07-04T08:39:50+00:00","breadcrumb":{"@id":"https:\/\/uus.addinol.ee\/lv\/toode\/mootorioli-giga-light-mv-0530-ll\/#breadcrumb"},"inLanguage":"lv-LV","potentialAction":[{"@type":"ReadAction","target":["https:\/\/uus.addinol.ee\/lv\/toode\/mootorioli-giga-light-mv-0530-ll\/"]}]},{"@type":"ImageObject","inLanguage":"lv-LV","@id":"https:\/\/uus.addinol.ee\/lv\/toode\/mootorioli-giga-light-mv-0530-ll\/#primaryimage","url":"https:\/\/uus.addinol.ee\/wp-content\/uploads\/2024\/12\/mv-0530-ll-giga-light-3.jpg","contentUrl":"https:\/\/uus.addinol.ee\/wp-content\/uploads\/2024\/12\/mv-0530-ll-giga-light-3.jpg","width":418,"height":800,"caption":"Mootori\u00f5li Giga Light MV 0530 LL"},{"@type":"BreadcrumbList","@id":"https:\/\/uus.addinol.ee\/lv\/toode\/mootorioli-giga-light-mv-0530-ll\/#breadcrumb","itemListElement":[{"@type":"ListItem","position":1,"name":"ADDINOL","item":"https:\/\/uus.addinol.ee\/lv\/"},{"@type":"ListItem","position":2,"name":"E-pood","item":"https:\/\/uus.addinol.ee\/e-pood\/"},{"@type":"ListItem","position":3,"name":"Mootori\u00f5li Giga Light MV 0530 LL"}]},{"@type":"WebSite","@id":"https:\/\/uus.addinol.ee\/lv\/#website","url":"https:\/\/uus.addinol.ee\/lv\/","name":"ADDINOL","description":"Mootori&otilde;lid ja m&auml;&auml;&auml;rdeained igaks kasutusjuhuks","publisher":{"@id":"https:\/\/uus.addinol.ee\/lv\/#organization"},"potentialAction":[{"@type":"SearchAction","target":{"@type":"EntryPoint","urlTemplate":"https:\/\/uus.addinol.ee\/lv\/?s={search_term_string}"},"query-input":{"@type":"PropertyValueSpecification","valueRequired":true,"valueName":"search_term_string"}}],"inLanguage":"lv-LV"},{"@type":"Organization","@id":"https:\/\/uus.addinol.ee\/lv\/#organization","name":"ADDINOL","url":"https:\/\/uus.addinol.ee\/lv\/","logo":{"@type":"ImageObject","inLanguage":"lv-LV","@id":"https:\/\/uus.addinol.ee\/lv\/#\/schema\/logo\/image\/","url":"https:\/\/uus.addinol.ee\/wp-content\/uploads\/2024\/10\/1200px-ADDINOL-Logo.webp","contentUrl":"https:\/\/uus.addinol.ee\/wp-content\/uploads\/2024\/10\/1200px-ADDINOL-Logo.webp","width":1200,"height":431,"caption":"ADDINOL"},"image":{"@id":"https:\/\/uus.addinol.ee\/lv\/#\/schema\/logo\/image\/"},"sameAs":["https:\/\/www.facebook.com\/ADDINOLEesti\/","https:\/\/www.instagram.com\/addinol_eesti\/"]}]}},"_links":{"self":[{"href":"https:\/\/uus.addinol.ee\/lv\/wp-json\/wp\/v2\/product\/6146","targetHints":{"allow":["GET"]}}],"collection":[{"href":"https:\/\/uus.addinol.ee\/lv\/wp-json\/wp\/v2\/product"}],"about":[{"href":"https:\/\/uus.addinol.ee\/lv\/wp-json\/wp\/v2\/types\/product"}],"wp:featuredmedia":[{"embeddable":true,"href":"https:\/\/uus.addinol.ee\/lv\/wp-json\/wp\/v2\/media\/6147"}],"wp:attachment":[{"href":"https:\/\/uus.addinol.ee\/lv\/wp-json\/wp\/v2\/media?parent=6146"}],"wp:term":[{"taxonomy":"viscosity","embeddable":true,"href":"https:\/\/uus.addinol.ee\/lv\/wp-json\/wp\/v2\/viscosity?post=6146"},{"taxonomy":"product_brand","embeddable":true,"href":"https:\/\/uus.addinol.ee\/lv\/wp-json\/wp\/v2\/product_brand?post=6146"},{"taxonomy":"product_cat","embeddable":true,"href":"https:\/\/uus.addinol.ee\/lv\/wp-json\/wp\/v2\/product_cat?post=6146"},{"taxonomy":"product_tag","embeddable":true,"href":"https:\/\/uus.addinol.ee\/lv\/wp-json\/wp\/v2\/product_tag?post=6146"},{"taxonomy":"inventory","embeddable":true,"href":"https:\/\/uus.addinol.ee\/lv\/wp-json\/wp\/v2\/inventory?post=6146"}],"curies":[{"name":"wp","href":"https:\/\/api.w.org\/{rel}","templated":true}]}}