{"id":6156,"date":"2024-12-31T12:25:24","date_gmt":"2024-12-31T12:25:24","guid":{"rendered":"https:\/\/addinol.ee\/toode\/toostustransmissioonioli-poly-gear-pg-460\/"},"modified":"2025-10-14T11:35:10","modified_gmt":"2025-10-14T08:35:10","slug":"toostustransmissioonioli-poly-gear-pg-460","status":"publish","type":"product","link":"https:\/\/uus.addinol.ee\/lv\/toode\/toostustransmissioonioli-poly-gear-pg-460\/","title":{"rendered":"T\u00f6\u00f6stustransmissiooni\u00f5li Poly Gear PG 460"},"content":{"rendered":"<p><b>T\u00f6\u00f6stustransmissiooni\u00f5li Poly Gear PG 460 KASUTUSV\u00d5IMALUSED:<\/b><br \/>\n\u2022 Ette n\u00e4htud kasutamiseks k\u00f5rgetel temperatuuridel (kuni +180 \u00b0C, l\u00fchiajaliselt kuni +200 \u00b0C).<br \/>\n\u2022 Sobib peamiselt liuge- ja veerelaagrite ning suure koormuse all t\u00f6\u00f6tavate t\u00f6\u00f6stusreduktorite (nt kalandrite) m\u00e4\u00e4rimiseks.<br \/>\n\u2022 Sobib spetsiaalselt tigureduktorite m\u00e4\u00e4rimiseks.<br \/>\n\u2022 Ei segune:<br \/>\n&#8211; mineraal\u00f5lip\u00f5histe ja looduslikel \u00f5lidel p\u00f5hinevate transmissiooni\u00f5lidega,<br \/>\n&#8211; s\u00fcnteetilistel \u00f5lidel (PAO-del, estritel) baseeruvate transmissiooni\u00f5lidega.<\/p>\n<p><strong>T\u00f6\u00f6stustransmissiooni\u00f5li Poly Gear PG 460 SPETSIFIKATSIOON \/ LITSENTSID:<\/strong><br \/>\nT\u00f6\u00f6stustransmissiooni\u00f5li Poly Gear PG 460 \u00fcletab n\u00f5udeid:<br \/>\n\u2022 DIN 51517-3 (CLP)<br \/>\n\u2022 ISO 12925-1 (CKT)<\/p>\n<p>T\u00f6\u00f6stustransmissiooni\u00f5li Poly Gear PG 460 omab kasutussoovitust firmadelt:<br \/>\n\u2022 C.H. Sch\u00e4fer Getriebe GmbH<br \/>\n\u2022 KHS Maschinen und Anlagen<br \/>\n\u2022 Lingl Anlagen- und Verfahrenstechnik<\/p>\n<p>Viskoossusklassid vastavalt:<br \/>\n\u2022 DIN 51519<br \/>\n\u2022 ISO 3448<\/p>\n<p><strong>T\u00f6\u00f6stustransmissiooni\u00f5li Poly Gear PG 460 OMADUSED:<\/strong><br \/>\n\u2022 Suurep\u00e4rane s\u00f6\u00f6bekindlus ja v\u00e4ga hea kulumiskaitse<br \/>\n\u2022 Paks \u00f5likelme<br \/>\n\u2022 Suurep\u00e4rased liugeh\u00f5\u00f5rdeomadused<br \/>\n\u2022 Vananemiskindel<br \/>\n\u2022 Viskoossuse v\u00e4ike s\u00f5ltuvus temperatuurist<br \/>\n\u2022 Termiliselt stabiilsne, k\u00fclmakindel<br \/>\n\u2022 Hea kokkusobivus elastomeeridega<\/p>\n<p><strong>T\u00f6\u00f6stustransmissiooni\u00f5li Poly Gear PG 460 EELISED TARBIJALE:<\/strong><br \/>\n\u2022 Masina pikem t\u00f6\u00f6iga (v\u00e4iksemad ekspluatatsioonikulud)<br \/>\n\u2022 V\u00f5rreldes mineraal\u00f5lidega madalam temperatuur tigureduktorites<br \/>\n\u2022 Oluliselt pikem kasutusiga v\u00f5rreldes tavap\u00e4raste transmissiooni\u00f5lidega<br \/>\n\u2022 M\u00e4\u00e4rib optimaalselt erinevates ja vahelduvates ekspluatatsioonitingimustes laias temperatuuri-vahemikus<br \/>\n\u2022 Kasutatav ka v\u00e4ga k\u00f5rgetel temperatuuridel<br \/>\n\u2022 Neutraalne tavap\u00e4raste tihendimaterjalide, nagu nt HNBR, EPDM jt, suhtes<\/p>\n","protected":false},"excerpt":{"rendered":"<p>T\u00f6\u00f6stustransmissiooni\u00f5li ADDINOL Poly Gear PG 460 on t\u00e4iss\u00fcnteetiline vedelik, mis on toodetud veega mittesegunevatest pol\u00fcalk\u00fcleengl\u00fckoolidest (PG) ja t\u00f5husast manusekomplektist, mis tagab optimaalse kulumiskaitse, parema vananemiskindluse, suurep\u00e4rase korrosioonikaitse ja vahutamisvastased omadused.<\/p>\n","protected":false},"featured_media":8128,"template":"","meta":{"_acf_changed":false},"viscosity":[],"product_brand":[],"product_cat":[151,204],"product_tag":[],"inventory":[],"class_list":{"0":"post-6156","1":"product","2":"type-product","3":"status-publish","4":"has-post-thumbnail","6":"product_cat-toostusmaardeained","7":"product_cat-transmissiooniolid","8":"pa_vali-pakend-20l","10":"first","11":"instock","12":"taxable","13":"shipping-taxable","14":"purchasable","15":"product-type-simple"},"acf":[],"yoast_head":"<!-- This site is optimized with the Yoast SEO plugin v27.5 - https:\/\/yoast.com\/product\/yoast-seo-wordpress\/ -->\n<title>T\u00f6\u00f6stustransmissiooni\u00f5li Poly Gear PG 460 - ADDINOL<\/title>\n<meta name=\"robots\" content=\"index, follow, max-snippet:-1, max-image-preview:large, max-video-preview:-1\" \/>\n<link rel=\"canonical\" href=\"https:\/\/uus.addinol.ee\/lv\/toode\/toostustransmissioonioli-poly-gear-pg-460\/\" \/>\n<meta property=\"og:locale\" content=\"lv_LV\" \/>\n<meta property=\"og:type\" content=\"article\" \/>\n<meta property=\"og:title\" content=\"T\u00f6\u00f6stustransmissiooni\u00f5li Poly Gear PG 460 - ADDINOL\" \/>\n<meta property=\"og:description\" content=\"T\u00f6\u00f6stustransmissiooni\u00f5li ADDINOL Poly Gear PG 460 on t\u00e4iss\u00fcnteetiline vedelik, mis on toodetud veega mittesegunevatest pol\u00fcalk\u00fcleengl\u00fckoolidest (PG) ja t\u00f5husast manusekomplektist, mis tagab optimaalse kulumiskaitse, parema vananemiskindluse, suurep\u00e4rase korrosioonikaitse ja vahutamisvastased omadused.\" \/>\n<meta property=\"og:url\" content=\"https:\/\/uus.addinol.ee\/lv\/toode\/toostustransmissioonioli-poly-gear-pg-460\/\" \/>\n<meta property=\"og:site_name\" content=\"ADDINOL\" \/>\n<meta property=\"article:publisher\" content=\"https:\/\/www.facebook.com\/ADDINOLEesti\/\" \/>\n<meta property=\"article:modified_time\" content=\"2025-10-14T08:35:10+00:00\" \/>\n<meta property=\"og:image\" content=\"https:\/\/uus.addinol.ee\/wp-content\/uploads\/2025\/05\/gruppe-scaled.jpg\" \/>\n\t<meta property=\"og:image:width\" content=\"2085\" \/>\n\t<meta property=\"og:image:height\" content=\"2560\" \/>\n\t<meta property=\"og:image:type\" content=\"image\/jpeg\" \/>\n<meta name=\"twitter:card\" content=\"summary_large_image\" \/>\n<meta name=\"twitter:label1\" content=\"Est. reading time\" \/>\n\t<meta name=\"twitter:data1\" content=\"2 minutes\" \/>\n<script type=\"application\/ld+json\" class=\"yoast-schema-graph\">{\"@context\":\"https:\\\/\\\/schema.org\",\"@graph\":[{\"@type\":\"WebPage\",\"@id\":\"https:\\\/\\\/uus.addinol.ee\\\/lv\\\/toode\\\/toostustransmissioonioli-poly-gear-pg-460\\\/\",\"url\":\"https:\\\/\\\/uus.addinol.ee\\\/lv\\\/toode\\\/toostustransmissioonioli-poly-gear-pg-460\\\/\",\"name\":\"T\u00f6\u00f6stustransmissiooni\u00f5li Poly Gear PG 460 - ADDINOL\",\"isPartOf\":{\"@id\":\"https:\\\/\\\/uus.addinol.ee\\\/lv\\\/#website\"},\"primaryImageOfPage\":{\"@id\":\"https:\\\/\\\/uus.addinol.ee\\\/lv\\\/toode\\\/toostustransmissioonioli-poly-gear-pg-460\\\/#primaryimage\"},\"image\":{\"@id\":\"https:\\\/\\\/uus.addinol.ee\\\/lv\\\/toode\\\/toostustransmissioonioli-poly-gear-pg-460\\\/#primaryimage\"},\"thumbnailUrl\":\"https:\\\/\\\/uus.addinol.ee\\\/wp-content\\\/uploads\\\/2025\\\/05\\\/gruppe-scaled.jpg\",\"datePublished\":\"2024-12-31T12:25:24+00:00\",\"dateModified\":\"2025-10-14T08:35:10+00:00\",\"breadcrumb\":{\"@id\":\"https:\\\/\\\/uus.addinol.ee\\\/lv\\\/toode\\\/toostustransmissioonioli-poly-gear-pg-460\\\/#breadcrumb\"},\"inLanguage\":\"lv-LV\",\"potentialAction\":[{\"@type\":\"ReadAction\",\"target\":[\"https:\\\/\\\/uus.addinol.ee\\\/lv\\\/toode\\\/toostustransmissioonioli-poly-gear-pg-460\\\/\"]}]},{\"@type\":\"ImageObject\",\"inLanguage\":\"lv-LV\",\"@id\":\"https:\\\/\\\/uus.addinol.ee\\\/lv\\\/toode\\\/toostustransmissioonioli-poly-gear-pg-460\\\/#primaryimage\",\"url\":\"https:\\\/\\\/uus.addinol.ee\\\/wp-content\\\/uploads\\\/2025\\\/05\\\/gruppe-scaled.jpg\",\"contentUrl\":\"https:\\\/\\\/uus.addinol.ee\\\/wp-content\\\/uploads\\\/2025\\\/05\\\/gruppe-scaled.jpg\",\"width\":2085,\"height\":2560},{\"@type\":\"BreadcrumbList\",\"@id\":\"https:\\\/\\\/uus.addinol.ee\\\/lv\\\/toode\\\/toostustransmissioonioli-poly-gear-pg-460\\\/#breadcrumb\",\"itemListElement\":[{\"@type\":\"ListItem\",\"position\":1,\"name\":\"ADDINOL\",\"item\":\"https:\\\/\\\/uus.addinol.ee\\\/lv\\\/\"},{\"@type\":\"ListItem\",\"position\":2,\"name\":\"E-pood\",\"item\":\"https:\\\/\\\/uus.addinol.ee\\\/e-pood\\\/\"},{\"@type\":\"ListItem\",\"position\":3,\"name\":\"T\u00f6\u00f6stustransmissiooni\u00f5li Poly Gear PG 460\"}]},{\"@type\":\"WebSite\",\"@id\":\"https:\\\/\\\/uus.addinol.ee\\\/lv\\\/#website\",\"url\":\"https:\\\/\\\/uus.addinol.ee\\\/lv\\\/\",\"name\":\"ADDINOL\",\"description\":\"Mootori&otilde;lid ja m&auml;&auml;&auml;rdeained igaks kasutusjuhuks\",\"publisher\":{\"@id\":\"https:\\\/\\\/uus.addinol.ee\\\/lv\\\/#organization\"},\"potentialAction\":[{\"@type\":\"SearchAction\",\"target\":{\"@type\":\"EntryPoint\",\"urlTemplate\":\"https:\\\/\\\/uus.addinol.ee\\\/lv\\\/?s={search_term_string}\"},\"query-input\":{\"@type\":\"PropertyValueSpecification\",\"valueRequired\":true,\"valueName\":\"search_term_string\"}}],\"inLanguage\":\"lv-LV\"},{\"@type\":\"Organization\",\"@id\":\"https:\\\/\\\/uus.addinol.ee\\\/lv\\\/#organization\",\"name\":\"ADDINOL\",\"url\":\"https:\\\/\\\/uus.addinol.ee\\\/lv\\\/\",\"logo\":{\"@type\":\"ImageObject\",\"inLanguage\":\"lv-LV\",\"@id\":\"https:\\\/\\\/uus.addinol.ee\\\/lv\\\/#\\\/schema\\\/logo\\\/image\\\/\",\"url\":\"https:\\\/\\\/uus.addinol.ee\\\/wp-content\\\/uploads\\\/2024\\\/10\\\/1200px-ADDINOL-Logo.webp\",\"contentUrl\":\"https:\\\/\\\/uus.addinol.ee\\\/wp-content\\\/uploads\\\/2024\\\/10\\\/1200px-ADDINOL-Logo.webp\",\"width\":1200,\"height\":431,\"caption\":\"ADDINOL\"},\"image\":{\"@id\":\"https:\\\/\\\/uus.addinol.ee\\\/lv\\\/#\\\/schema\\\/logo\\\/image\\\/\"},\"sameAs\":[\"https:\\\/\\\/www.facebook.com\\\/ADDINOLEesti\\\/\",\"https:\\\/\\\/www.instagram.com\\\/addinol_eesti\\\/\"]}]}<\/script>\n<!-- \/ Yoast SEO plugin. -->","yoast_head_json":{"title":"T\u00f6\u00f6stustransmissiooni\u00f5li Poly Gear PG 460 - ADDINOL","robots":{"index":"index","follow":"follow","max-snippet":"max-snippet:-1","max-image-preview":"max-image-preview:large","max-video-preview":"max-video-preview:-1"},"canonical":"https:\/\/uus.addinol.ee\/lv\/toode\/toostustransmissioonioli-poly-gear-pg-460\/","og_locale":"lv_LV","og_type":"article","og_title":"T\u00f6\u00f6stustransmissiooni\u00f5li Poly Gear PG 460 - ADDINOL","og_description":"T\u00f6\u00f6stustransmissiooni\u00f5li ADDINOL Poly Gear PG 460 on t\u00e4iss\u00fcnteetiline vedelik, mis on toodetud veega mittesegunevatest pol\u00fcalk\u00fcleengl\u00fckoolidest (PG) ja t\u00f5husast manusekomplektist, mis tagab optimaalse kulumiskaitse, parema vananemiskindluse, suurep\u00e4rase korrosioonikaitse ja vahutamisvastased omadused.","og_url":"https:\/\/uus.addinol.ee\/lv\/toode\/toostustransmissioonioli-poly-gear-pg-460\/","og_site_name":"ADDINOL","article_publisher":"https:\/\/www.facebook.com\/ADDINOLEesti\/","article_modified_time":"2025-10-14T08:35:10+00:00","og_image":[{"width":2085,"height":2560,"url":"https:\/\/uus.addinol.ee\/wp-content\/uploads\/2025\/05\/gruppe-scaled.jpg","type":"image\/jpeg"}],"twitter_card":"summary_large_image","twitter_misc":{"Est. reading time":"2 minutes"},"schema":{"@context":"https:\/\/schema.org","@graph":[{"@type":"WebPage","@id":"https:\/\/uus.addinol.ee\/lv\/toode\/toostustransmissioonioli-poly-gear-pg-460\/","url":"https:\/\/uus.addinol.ee\/lv\/toode\/toostustransmissioonioli-poly-gear-pg-460\/","name":"T\u00f6\u00f6stustransmissiooni\u00f5li Poly Gear PG 460 - ADDINOL","isPartOf":{"@id":"https:\/\/uus.addinol.ee\/lv\/#website"},"primaryImageOfPage":{"@id":"https:\/\/uus.addinol.ee\/lv\/toode\/toostustransmissioonioli-poly-gear-pg-460\/#primaryimage"},"image":{"@id":"https:\/\/uus.addinol.ee\/lv\/toode\/toostustransmissioonioli-poly-gear-pg-460\/#primaryimage"},"thumbnailUrl":"https:\/\/uus.addinol.ee\/wp-content\/uploads\/2025\/05\/gruppe-scaled.jpg","datePublished":"2024-12-31T12:25:24+00:00","dateModified":"2025-10-14T08:35:10+00:00","breadcrumb":{"@id":"https:\/\/uus.addinol.ee\/lv\/toode\/toostustransmissioonioli-poly-gear-pg-460\/#breadcrumb"},"inLanguage":"lv-LV","potentialAction":[{"@type":"ReadAction","target":["https:\/\/uus.addinol.ee\/lv\/toode\/toostustransmissioonioli-poly-gear-pg-460\/"]}]},{"@type":"ImageObject","inLanguage":"lv-LV","@id":"https:\/\/uus.addinol.ee\/lv\/toode\/toostustransmissioonioli-poly-gear-pg-460\/#primaryimage","url":"https:\/\/uus.addinol.ee\/wp-content\/uploads\/2025\/05\/gruppe-scaled.jpg","contentUrl":"https:\/\/uus.addinol.ee\/wp-content\/uploads\/2025\/05\/gruppe-scaled.jpg","width":2085,"height":2560},{"@type":"BreadcrumbList","@id":"https:\/\/uus.addinol.ee\/lv\/toode\/toostustransmissioonioli-poly-gear-pg-460\/#breadcrumb","itemListElement":[{"@type":"ListItem","position":1,"name":"ADDINOL","item":"https:\/\/uus.addinol.ee\/lv\/"},{"@type":"ListItem","position":2,"name":"E-pood","item":"https:\/\/uus.addinol.ee\/e-pood\/"},{"@type":"ListItem","position":3,"name":"T\u00f6\u00f6stustransmissiooni\u00f5li Poly Gear PG 460"}]},{"@type":"WebSite","@id":"https:\/\/uus.addinol.ee\/lv\/#website","url":"https:\/\/uus.addinol.ee\/lv\/","name":"ADDINOL","description":"Mootori&otilde;lid ja m&auml;&auml;&auml;rdeained igaks kasutusjuhuks","publisher":{"@id":"https:\/\/uus.addinol.ee\/lv\/#organization"},"potentialAction":[{"@type":"SearchAction","target":{"@type":"EntryPoint","urlTemplate":"https:\/\/uus.addinol.ee\/lv\/?s={search_term_string}"},"query-input":{"@type":"PropertyValueSpecification","valueRequired":true,"valueName":"search_term_string"}}],"inLanguage":"lv-LV"},{"@type":"Organization","@id":"https:\/\/uus.addinol.ee\/lv\/#organization","name":"ADDINOL","url":"https:\/\/uus.addinol.ee\/lv\/","logo":{"@type":"ImageObject","inLanguage":"lv-LV","@id":"https:\/\/uus.addinol.ee\/lv\/#\/schema\/logo\/image\/","url":"https:\/\/uus.addinol.ee\/wp-content\/uploads\/2024\/10\/1200px-ADDINOL-Logo.webp","contentUrl":"https:\/\/uus.addinol.ee\/wp-content\/uploads\/2024\/10\/1200px-ADDINOL-Logo.webp","width":1200,"height":431,"caption":"ADDINOL"},"image":{"@id":"https:\/\/uus.addinol.ee\/lv\/#\/schema\/logo\/image\/"},"sameAs":["https:\/\/www.facebook.com\/ADDINOLEesti\/","https:\/\/www.instagram.com\/addinol_eesti\/"]}]}},"_links":{"self":[{"href":"https:\/\/uus.addinol.ee\/lv\/wp-json\/wp\/v2\/product\/6156","targetHints":{"allow":["GET"]}}],"collection":[{"href":"https:\/\/uus.addinol.ee\/lv\/wp-json\/wp\/v2\/product"}],"about":[{"href":"https:\/\/uus.addinol.ee\/lv\/wp-json\/wp\/v2\/types\/product"}],"wp:featuredmedia":[{"embeddable":true,"href":"https:\/\/uus.addinol.ee\/lv\/wp-json\/wp\/v2\/media\/8128"}],"wp:attachment":[{"href":"https:\/\/uus.addinol.ee\/lv\/wp-json\/wp\/v2\/media?parent=6156"}],"wp:term":[{"taxonomy":"viscosity","embeddable":true,"href":"https:\/\/uus.addinol.ee\/lv\/wp-json\/wp\/v2\/viscosity?post=6156"},{"taxonomy":"product_brand","embeddable":true,"href":"https:\/\/uus.addinol.ee\/lv\/wp-json\/wp\/v2\/product_brand?post=6156"},{"taxonomy":"product_cat","embeddable":true,"href":"https:\/\/uus.addinol.ee\/lv\/wp-json\/wp\/v2\/product_cat?post=6156"},{"taxonomy":"product_tag","embeddable":true,"href":"https:\/\/uus.addinol.ee\/lv\/wp-json\/wp\/v2\/product_tag?post=6156"},{"taxonomy":"inventory","embeddable":true,"href":"https:\/\/uus.addinol.ee\/lv\/wp-json\/wp\/v2\/inventory?post=6156"}],"curies":[{"name":"wp","href":"https:\/\/api.w.org\/{rel}","templated":true}]}}