{"id":6166,"date":"2024-12-31T12:25:36","date_gmt":"2024-12-31T12:25:36","guid":{"rendered":"https:\/\/addinol.ee\/toode\/mootorioli-professional-0530-e6-e9\/"},"modified":"2025-07-04T11:39:50","modified_gmt":"2025-07-04T08:39:50","slug":"mootorioli-professional-0530-e8-e11","status":"publish","type":"product","link":"https:\/\/uus.addinol.ee\/lv\/toode\/mootorioli-professional-0530-e8-e11\/","title":{"rendered":"Mootori\u00f5li Professional 0530 E8\/E11"},"content":{"rendered":"<p><strong>Mootori\u00f5li Professional 0530 E8\/E11 KASUTUSV\u00d5IMALUSED:<\/strong><br \/>\n\u2022 Veokite Euro 5 ja Euro 6 standardile vastavad mootorid.<br \/>\n\u2022 low SAPS \u00f5li \u2013 sobib kehtivate emissioonin\u00f5uete t\u00e4itmiseks k\u00f5ikidele heitgaasi j\u00e4relt\u00f6\u00f6tluss\u00fcsteemidele.<br \/>\n\u2022 Sobib kasutamiseks maa- (CNG) ja\/v\u00f5i autogaasiga (LPG) t\u00f6\u00f6tavates s\u00f5idukimootorites.<br \/>\n\u2022 Sobib suurep\u00e4raselt kasutamiseks \u00e4\u00e4rmiselt madalatel temperatuuridel ja k\u00fclmas kliimas..<\/p>\n<p>Euro 5 ja Euro 6 mootorite puhul tuleb kindlasti j\u00e4rgida s\u00f5idukitootja ettekirjutusi.<\/p>\n<p><strong>Mootori\u00f5li Professional 0530 E8\/E11 SPETSIFIKATSIOON \/ LITSENTSID:<\/strong><br \/>\nT\u00e4idab ja \u00fcletab rahvusvahelisi spetsifikatsioone:<br \/>\n\u2022 ACEA E7, E8, E11 (varem E6, E9)<br \/>\n\u2022 API CK-4\/SN<br \/>\n\u2022 JASO DH-2<br \/>\nOmab litsentse:<br \/>\n\u2022 Deutz DQC IV-18 LA<br \/>\n\u2022 DTFR 15C110\/120 (MB 228.51\/52)<br \/>\n\u2022 Mack EOS-4.5<br \/>\n\u2022 MAN M 3677\/3691\/3775<br \/>\n\u2022 MTU 3.1<br \/>\n\u2022 Renault RLD-3<br \/>\n\u2022 Scania LDF-4<br \/>\n\u2022 Volvo VDS-4.5 (k.a VDS-4\/-3)<br \/>\nT\u00e4idab n\u00f5udeid:<br \/>\n\u2022 Caterpillar ECF-3<br \/>\n\u2022 Cummins CES 20086\/20081<br \/>\n\u2022 DAF PSQL 2.1 E LD<br \/>\n\u2022 Detroit Diesel DDC 93K222\/218<br \/>\n\u2022 DTFR 15C100 (MB 228.31)<br \/>\n\u2022 Ford WSS-M2C213-A1<br \/>\n\u2022 Iveco 18-1804 TLS E9<br \/>\n\u2022 Mack EO-M Plus\/EO-N Premium Plus<br \/>\n\u2022 MAN M 3575\/3275-1\/3477\/3271-1<br \/>\n\u2022 Renault RGD\/RXD\/RLD\/RLD-2<br \/>\n\u2022 Scania Low Ash<br \/>\n\u2022 Volvo CNG<\/p>\n<p><strong>Mootori\u00f5li Professional 0530 E8\/E11 OMADUSED:<\/strong><br \/>\n\u2022 V\u00e4ga hea voolavus madalatel temperatuuridel;<br \/>\n\u2022 Low SAPS \u00f5li<br \/>\n\u2022 Suurep\u00e4rased h\u00f5\u00f5rdumisvastased omadused;<br \/>\n\u2022 Universaalselt kasutatav;<br \/>\n\u2022 Detergendid-dispergandid tagavad \u00fclihea pesemisv\u00f5ime.<\/p>\n<p><strong>Mootori\u00f5li Professional 0530 E8\/E11 EELISED TARBIJALE:<\/strong><br \/>\n\u2022 Suurep\u00e4rane k\u00fclmk\u00e4ivitus ja mootori soojenemine, ka v\u00e4ga madalatel v\u00e4listemperatuuridel;<br \/>\n\u2022 Mootori ja heitgaasi j\u00e4relt\u00f6\u00f6tluss\u00fcsteemide pikk t\u00f6\u00f6iga;<br \/>\n\u2022 Keskkonnas\u00e4\u00e4stlik t\u00e4nu v\u00e4iksele heitgaaside hulgale;<br \/>\n\u2022 V\u00e4ike k\u00fctusekulu;<br \/>\n\u2022 V\u00e4hem vajaminevaid \u00f5limarke s\u00f5idukipargis (vastavalt OEM-ide ettekirjutustele);<br \/>\n\u2022 Mootori laitmatu puhtus, suurep\u00e4rane kaitse mehaanilise ja korrosioonkulumise eest.<\/p>\n","protected":false},"excerpt":{"rendered":"<p>Diiselmootori\u00f5li ADDINOL Professional 0530 E8\/E11 on t\u00e4iss\u00fcnteetiline toode viskoossusklassis SAE 5W-30. \u00d5li t\u00e4idab Euro 5 ja Euro 6 heitmestandardi rangeid n\u00f5udeid. Optimaalne kombinatsioon s\u00fcnteetilistest baas\u00f5lidest ja innovaatilistest manustest tagab suurep\u00e4rase j\u00f5udluse ning kaitseb mootorit optimaalselt korrosiooni, kulumise ja sadestuste eest.<\/p>\n","protected":false},"featured_media":7044,"template":"","meta":{"_acf_changed":false},"viscosity":[740],"product_brand":[],"product_cat":[156,150,167],"product_tag":[],"inventory":[],"class_list":{"0":"post-6166","1":"product","2":"type-product","3":"status-publish","4":"has-post-thumbnail","6":"viscosity-5w-30","7":"product_cat-mootoriolid","8":"product_cat-mootorsoidukite-maardeained","9":"product_cat-tarbesoidukitele","10":"pa_vali-pakend-20l","11":"pa_vali-pakend-5l-2","12":"pa_vali-pakend-professional-0530-e8-e11-20l","13":"pa_vali-pakend-professional-0530-e8-e11-5l","15":"first","16":"instock","17":"taxable","18":"shipping-taxable","19":"purchasable","20":"product-type-variable"},"acf":[],"yoast_head":"<!-- This site is optimized with the Yoast SEO plugin v27.5 - https:\/\/yoast.com\/product\/yoast-seo-wordpress\/ -->\n<title>Mootori\u00f5li Professional 0530 E8\/E11 - ADDINOL<\/title>\n<meta name=\"robots\" content=\"index, follow, max-snippet:-1, max-image-preview:large, max-video-preview:-1\" \/>\n<link rel=\"canonical\" href=\"https:\/\/uus.addinol.ee\/lv\/toode\/mootorioli-professional-0530-e8-e11\/\" \/>\n<meta property=\"og:locale\" content=\"lv_LV\" \/>\n<meta property=\"og:type\" content=\"article\" \/>\n<meta property=\"og:title\" content=\"Mootori\u00f5li Professional 0530 E8\/E11 - ADDINOL\" \/>\n<meta property=\"og:description\" content=\"Diiselmootori\u00f5li ADDINOL Professional 0530 E8\/E11 on t\u00e4iss\u00fcnteetiline toode viskoossusklassis SAE 5W-30. \u00d5li t\u00e4idab Euro 5 ja Euro 6 heitmestandardi rangeid n\u00f5udeid. Optimaalne kombinatsioon s\u00fcnteetilistest baas\u00f5lidest ja innovaatilistest manustest tagab suurep\u00e4rase j\u00f5udluse ning kaitseb mootorit optimaalselt korrosiooni, kulumise ja sadestuste eest.\" \/>\n<meta property=\"og:url\" content=\"https:\/\/uus.addinol.ee\/lv\/toode\/mootorioli-professional-0530-e8-e11\/\" \/>\n<meta property=\"og:site_name\" content=\"ADDINOL\" \/>\n<meta property=\"article:publisher\" content=\"https:\/\/www.facebook.com\/ADDINOLEesti\/\" \/>\n<meta property=\"article:modified_time\" content=\"2025-07-04T08:39:50+00:00\" \/>\n<meta property=\"og:image\" content=\"https:\/\/uus.addinol.ee\/wp-content\/uploads\/2024\/12\/diiselmootorioli-professional-0530-e8-e11_5l.png\" \/>\n\t<meta property=\"og:image:width\" content=\"605\" \/>\n\t<meta property=\"og:image:height\" content=\"828\" \/>\n\t<meta property=\"og:image:type\" content=\"image\/png\" \/>\n<meta name=\"twitter:card\" content=\"summary_large_image\" \/>\n<meta name=\"twitter:label1\" content=\"Est. reading time\" \/>\n\t<meta name=\"twitter:data1\" content=\"2 minutes\" \/>\n<script type=\"application\/ld+json\" class=\"yoast-schema-graph\">{\"@context\":\"https:\\\/\\\/schema.org\",\"@graph\":[{\"@type\":\"WebPage\",\"@id\":\"https:\\\/\\\/uus.addinol.ee\\\/lv\\\/toode\\\/mootorioli-professional-0530-e8-e11\\\/\",\"url\":\"https:\\\/\\\/uus.addinol.ee\\\/lv\\\/toode\\\/mootorioli-professional-0530-e8-e11\\\/\",\"name\":\"Mootori\u00f5li Professional 0530 E8\\\/E11 - ADDINOL\",\"isPartOf\":{\"@id\":\"https:\\\/\\\/uus.addinol.ee\\\/lv\\\/#website\"},\"primaryImageOfPage\":{\"@id\":\"https:\\\/\\\/uus.addinol.ee\\\/lv\\\/toode\\\/mootorioli-professional-0530-e8-e11\\\/#primaryimage\"},\"image\":{\"@id\":\"https:\\\/\\\/uus.addinol.ee\\\/lv\\\/toode\\\/mootorioli-professional-0530-e8-e11\\\/#primaryimage\"},\"thumbnailUrl\":\"https:\\\/\\\/uus.addinol.ee\\\/wp-content\\\/uploads\\\/2024\\\/12\\\/diiselmootorioli-professional-0530-e8-e11_5l.png\",\"datePublished\":\"2024-12-31T12:25:36+00:00\",\"dateModified\":\"2025-07-04T08:39:50+00:00\",\"breadcrumb\":{\"@id\":\"https:\\\/\\\/uus.addinol.ee\\\/lv\\\/toode\\\/mootorioli-professional-0530-e8-e11\\\/#breadcrumb\"},\"inLanguage\":\"lv-LV\",\"potentialAction\":[{\"@type\":\"ReadAction\",\"target\":[\"https:\\\/\\\/uus.addinol.ee\\\/lv\\\/toode\\\/mootorioli-professional-0530-e8-e11\\\/\"]}]},{\"@type\":\"ImageObject\",\"inLanguage\":\"lv-LV\",\"@id\":\"https:\\\/\\\/uus.addinol.ee\\\/lv\\\/toode\\\/mootorioli-professional-0530-e8-e11\\\/#primaryimage\",\"url\":\"https:\\\/\\\/uus.addinol.ee\\\/wp-content\\\/uploads\\\/2024\\\/12\\\/diiselmootorioli-professional-0530-e8-e11_5l.png\",\"contentUrl\":\"https:\\\/\\\/uus.addinol.ee\\\/wp-content\\\/uploads\\\/2024\\\/12\\\/diiselmootorioli-professional-0530-e8-e11_5l.png\",\"width\":605,\"height\":828},{\"@type\":\"BreadcrumbList\",\"@id\":\"https:\\\/\\\/uus.addinol.ee\\\/lv\\\/toode\\\/mootorioli-professional-0530-e8-e11\\\/#breadcrumb\",\"itemListElement\":[{\"@type\":\"ListItem\",\"position\":1,\"name\":\"ADDINOL\",\"item\":\"https:\\\/\\\/uus.addinol.ee\\\/lv\\\/\"},{\"@type\":\"ListItem\",\"position\":2,\"name\":\"E-pood\",\"item\":\"https:\\\/\\\/uus.addinol.ee\\\/e-pood\\\/\"},{\"@type\":\"ListItem\",\"position\":3,\"name\":\"Mootori\u00f5li Professional 0530 E8\\\/E11\"}]},{\"@type\":\"WebSite\",\"@id\":\"https:\\\/\\\/uus.addinol.ee\\\/lv\\\/#website\",\"url\":\"https:\\\/\\\/uus.addinol.ee\\\/lv\\\/\",\"name\":\"ADDINOL\",\"description\":\"Mootori&otilde;lid ja m&auml;&auml;&auml;rdeained igaks kasutusjuhuks\",\"publisher\":{\"@id\":\"https:\\\/\\\/uus.addinol.ee\\\/lv\\\/#organization\"},\"potentialAction\":[{\"@type\":\"SearchAction\",\"target\":{\"@type\":\"EntryPoint\",\"urlTemplate\":\"https:\\\/\\\/uus.addinol.ee\\\/lv\\\/?s={search_term_string}\"},\"query-input\":{\"@type\":\"PropertyValueSpecification\",\"valueRequired\":true,\"valueName\":\"search_term_string\"}}],\"inLanguage\":\"lv-LV\"},{\"@type\":\"Organization\",\"@id\":\"https:\\\/\\\/uus.addinol.ee\\\/lv\\\/#organization\",\"name\":\"ADDINOL\",\"url\":\"https:\\\/\\\/uus.addinol.ee\\\/lv\\\/\",\"logo\":{\"@type\":\"ImageObject\",\"inLanguage\":\"lv-LV\",\"@id\":\"https:\\\/\\\/uus.addinol.ee\\\/lv\\\/#\\\/schema\\\/logo\\\/image\\\/\",\"url\":\"https:\\\/\\\/uus.addinol.ee\\\/wp-content\\\/uploads\\\/2024\\\/10\\\/1200px-ADDINOL-Logo.webp\",\"contentUrl\":\"https:\\\/\\\/uus.addinol.ee\\\/wp-content\\\/uploads\\\/2024\\\/10\\\/1200px-ADDINOL-Logo.webp\",\"width\":1200,\"height\":431,\"caption\":\"ADDINOL\"},\"image\":{\"@id\":\"https:\\\/\\\/uus.addinol.ee\\\/lv\\\/#\\\/schema\\\/logo\\\/image\\\/\"},\"sameAs\":[\"https:\\\/\\\/www.facebook.com\\\/ADDINOLEesti\\\/\",\"https:\\\/\\\/www.instagram.com\\\/addinol_eesti\\\/\"]}]}<\/script>\n<!-- \/ Yoast SEO plugin. -->","yoast_head_json":{"title":"Mootori\u00f5li Professional 0530 E8\/E11 - ADDINOL","robots":{"index":"index","follow":"follow","max-snippet":"max-snippet:-1","max-image-preview":"max-image-preview:large","max-video-preview":"max-video-preview:-1"},"canonical":"https:\/\/uus.addinol.ee\/lv\/toode\/mootorioli-professional-0530-e8-e11\/","og_locale":"lv_LV","og_type":"article","og_title":"Mootori\u00f5li Professional 0530 E8\/E11 - ADDINOL","og_description":"Diiselmootori\u00f5li ADDINOL Professional 0530 E8\/E11 on t\u00e4iss\u00fcnteetiline toode viskoossusklassis SAE 5W-30. \u00d5li t\u00e4idab Euro 5 ja Euro 6 heitmestandardi rangeid n\u00f5udeid. Optimaalne kombinatsioon s\u00fcnteetilistest baas\u00f5lidest ja innovaatilistest manustest tagab suurep\u00e4rase j\u00f5udluse ning kaitseb mootorit optimaalselt korrosiooni, kulumise ja sadestuste eest.","og_url":"https:\/\/uus.addinol.ee\/lv\/toode\/mootorioli-professional-0530-e8-e11\/","og_site_name":"ADDINOL","article_publisher":"https:\/\/www.facebook.com\/ADDINOLEesti\/","article_modified_time":"2025-07-04T08:39:50+00:00","og_image":[{"width":605,"height":828,"url":"https:\/\/uus.addinol.ee\/wp-content\/uploads\/2024\/12\/diiselmootorioli-professional-0530-e8-e11_5l.png","type":"image\/png"}],"twitter_card":"summary_large_image","twitter_misc":{"Est. reading time":"2 minutes"},"schema":{"@context":"https:\/\/schema.org","@graph":[{"@type":"WebPage","@id":"https:\/\/uus.addinol.ee\/lv\/toode\/mootorioli-professional-0530-e8-e11\/","url":"https:\/\/uus.addinol.ee\/lv\/toode\/mootorioli-professional-0530-e8-e11\/","name":"Mootori\u00f5li Professional 0530 E8\/E11 - ADDINOL","isPartOf":{"@id":"https:\/\/uus.addinol.ee\/lv\/#website"},"primaryImageOfPage":{"@id":"https:\/\/uus.addinol.ee\/lv\/toode\/mootorioli-professional-0530-e8-e11\/#primaryimage"},"image":{"@id":"https:\/\/uus.addinol.ee\/lv\/toode\/mootorioli-professional-0530-e8-e11\/#primaryimage"},"thumbnailUrl":"https:\/\/uus.addinol.ee\/wp-content\/uploads\/2024\/12\/diiselmootorioli-professional-0530-e8-e11_5l.png","datePublished":"2024-12-31T12:25:36+00:00","dateModified":"2025-07-04T08:39:50+00:00","breadcrumb":{"@id":"https:\/\/uus.addinol.ee\/lv\/toode\/mootorioli-professional-0530-e8-e11\/#breadcrumb"},"inLanguage":"lv-LV","potentialAction":[{"@type":"ReadAction","target":["https:\/\/uus.addinol.ee\/lv\/toode\/mootorioli-professional-0530-e8-e11\/"]}]},{"@type":"ImageObject","inLanguage":"lv-LV","@id":"https:\/\/uus.addinol.ee\/lv\/toode\/mootorioli-professional-0530-e8-e11\/#primaryimage","url":"https:\/\/uus.addinol.ee\/wp-content\/uploads\/2024\/12\/diiselmootorioli-professional-0530-e8-e11_5l.png","contentUrl":"https:\/\/uus.addinol.ee\/wp-content\/uploads\/2024\/12\/diiselmootorioli-professional-0530-e8-e11_5l.png","width":605,"height":828},{"@type":"BreadcrumbList","@id":"https:\/\/uus.addinol.ee\/lv\/toode\/mootorioli-professional-0530-e8-e11\/#breadcrumb","itemListElement":[{"@type":"ListItem","position":1,"name":"ADDINOL","item":"https:\/\/uus.addinol.ee\/lv\/"},{"@type":"ListItem","position":2,"name":"E-pood","item":"https:\/\/uus.addinol.ee\/e-pood\/"},{"@type":"ListItem","position":3,"name":"Mootori\u00f5li Professional 0530 E8\/E11"}]},{"@type":"WebSite","@id":"https:\/\/uus.addinol.ee\/lv\/#website","url":"https:\/\/uus.addinol.ee\/lv\/","name":"ADDINOL","description":"Mootori&otilde;lid ja m&auml;&auml;&auml;rdeained igaks kasutusjuhuks","publisher":{"@id":"https:\/\/uus.addinol.ee\/lv\/#organization"},"potentialAction":[{"@type":"SearchAction","target":{"@type":"EntryPoint","urlTemplate":"https:\/\/uus.addinol.ee\/lv\/?s={search_term_string}"},"query-input":{"@type":"PropertyValueSpecification","valueRequired":true,"valueName":"search_term_string"}}],"inLanguage":"lv-LV"},{"@type":"Organization","@id":"https:\/\/uus.addinol.ee\/lv\/#organization","name":"ADDINOL","url":"https:\/\/uus.addinol.ee\/lv\/","logo":{"@type":"ImageObject","inLanguage":"lv-LV","@id":"https:\/\/uus.addinol.ee\/lv\/#\/schema\/logo\/image\/","url":"https:\/\/uus.addinol.ee\/wp-content\/uploads\/2024\/10\/1200px-ADDINOL-Logo.webp","contentUrl":"https:\/\/uus.addinol.ee\/wp-content\/uploads\/2024\/10\/1200px-ADDINOL-Logo.webp","width":1200,"height":431,"caption":"ADDINOL"},"image":{"@id":"https:\/\/uus.addinol.ee\/lv\/#\/schema\/logo\/image\/"},"sameAs":["https:\/\/www.facebook.com\/ADDINOLEesti\/","https:\/\/www.instagram.com\/addinol_eesti\/"]}]}},"_links":{"self":[{"href":"https:\/\/uus.addinol.ee\/lv\/wp-json\/wp\/v2\/product\/6166","targetHints":{"allow":["GET"]}}],"collection":[{"href":"https:\/\/uus.addinol.ee\/lv\/wp-json\/wp\/v2\/product"}],"about":[{"href":"https:\/\/uus.addinol.ee\/lv\/wp-json\/wp\/v2\/types\/product"}],"wp:featuredmedia":[{"embeddable":true,"href":"https:\/\/uus.addinol.ee\/lv\/wp-json\/wp\/v2\/media\/7044"}],"wp:attachment":[{"href":"https:\/\/uus.addinol.ee\/lv\/wp-json\/wp\/v2\/media?parent=6166"}],"wp:term":[{"taxonomy":"viscosity","embeddable":true,"href":"https:\/\/uus.addinol.ee\/lv\/wp-json\/wp\/v2\/viscosity?post=6166"},{"taxonomy":"product_brand","embeddable":true,"href":"https:\/\/uus.addinol.ee\/lv\/wp-json\/wp\/v2\/product_brand?post=6166"},{"taxonomy":"product_cat","embeddable":true,"href":"https:\/\/uus.addinol.ee\/lv\/wp-json\/wp\/v2\/product_cat?post=6166"},{"taxonomy":"product_tag","embeddable":true,"href":"https:\/\/uus.addinol.ee\/lv\/wp-json\/wp\/v2\/product_tag?post=6166"},{"taxonomy":"inventory","embeddable":true,"href":"https:\/\/uus.addinol.ee\/lv\/wp-json\/wp\/v2\/inventory?post=6166"}],"curies":[{"name":"wp","href":"https:\/\/api.w.org\/{rel}","templated":true}]}}