{"id":6187,"date":"2024-12-31T12:25:36","date_gmt":"2024-12-31T12:25:36","guid":{"rendered":"https:\/\/addinol.ee\/toode\/mootorioli-super-light-0540-2\/"},"modified":"2025-07-07T15:43:25","modified_gmt":"2025-07-07T12:43:25","slug":"mootorioli-super-light-0540","status":"publish","type":"product","link":"https:\/\/uus.addinol.ee\/lv\/toode\/mootorioli-super-light-0540\/","title":{"rendered":"Mootori\u00f5li Super Light 0540"},"content":{"rendered":"<p><strong><a href=\"https:\/\/uus.addinol.ee\/products\/mootoriolid\/\">Mootori\u00f5li<\/a> <a href=\"https:\/\/addinol.de\/products\/product-finder\/addinol-super-light-0540\/?lang=et\">Super Light 0540<\/a> KASUTUSV\u00d5IMALUSED:<\/strong><br \/>\n\u2022 Mootori\u00f5li Super Light 0540 on ette n\u00e4htud kasutamiseks s\u00f5iduautode ja kaubikute v\u00f5imsates bensiini- v\u00f5i diiselmootorites.<br \/>\n\u2022 Sobib eriti h\u00e4sti uutele forsseeritud turbomootoritele, paljuklapilistele mootoritele, katal\u00fcsaatoritele ja common rail ehk \u00fchisanumsissepritsega mootoritele.<\/p>\n<p><strong>SPETSIFIKATSIOON \/ LITSENTSID:<\/strong><br \/>\nT\u00e4idab ja \u00fcletab rahvusvahelisi spetsifikatsioone:<br \/>\n\u2022 ACEA A3\/B4<br \/>\n\u2022 API SN\/CF<\/p>\n<p>Omab litsentse:<br \/>\n\u2022 VW 502 00 \/ 505 00<br \/>\n\u2022 MB 226.5<br \/>\n\u2022 MB 229.5<br \/>\n\u2022 Porsche A40<br \/>\n\u2022 Renault RN0700 \/ RN0710<\/p>\n<p>T\u00e4idab n\u00f5udeid:<br \/>\n\u2022 GM-LL-B-025<br \/>\n\u2022 PSA B71 2296<br \/>\n\u2022 BMW Longlife-01<\/p>\n<p><strong>OMADUSED:<\/strong><br \/>\n\u2022 Suurep\u00e4rane voolavus madalatel temperatuuridel<br \/>\n\u2022 Viskoossuse v\u00e4ike s\u00f5ltuvus temperatuurist<br \/>\n\u2022 Suurep\u00e4rane dispergeerimisv\u00f5ime<br \/>\n\u2022 T\u00f5hus kulumiskaitse<br \/>\n\u2022 Mootorisisest h\u00f5\u00f5rdumist v\u00e4hendavad omadused<\/p>\n<p><strong>EELISED TARBIJALE:<\/strong><br \/>\n\u2022 Hea k\u00fclmk\u00e4ivitus ja mootori soojenemine ka madalatel temperatuuridel<br \/>\n\u2022 Usaldusv\u00e4\u00e4rne m\u00e4\u00e4rimine k\u00f5ikides ekspluatatsioonitingimustes<br \/>\n\u2022 Mootori laitmatu puhtus, mis aitab tagada k\u00f5ikide m\u00e4\u00e4ritavate osade pika t\u00f6\u00f6ea<br \/>\n\u2022 Mootori maksimaalne kaitse ja pikk t\u00f6\u00f6iga<br \/>\n\u2022 K\u00fctuse suur s\u00e4\u00e4stupotentsiaal<\/p>\n","protected":false},"excerpt":{"rendered":"<p>Mootori\u00f5li ADDINOL Super Light 0540 on k\u00fctuses\u00e4\u00e4stlik s\u00fcnteetiline mootorisisest h\u00f5\u00f5rdumist v\u00e4hendav \u00f5li viskoossusklassis SAE 5W-40.<br \/>\nMootori\u00f5li ADDINOL Super Light 0540 on valmistatud uusima s\u00fcnteesitehnoloogia abil saadud kvaliteetsetest baas\u00f5lidest ja hoolikalt valitud manuste komplektist, mis tagab mootori puhtuse, korrosiooni- ja kulumisvastase kaitse ning vastavuse Euro 4 ja Euro 5 heitgaasinormi rangetele n\u00f5uetele.<\/p>\n","protected":false},"featured_media":6188,"template":"","meta":{"_acf_changed":false},"viscosity":[741],"product_brand":[],"product_cat":[150,156,166],"product_tag":[],"inventory":[],"class_list":{"0":"post-6187","1":"product","2":"type-product","3":"status-publish","4":"has-post-thumbnail","6":"viscosity-5w-40","7":"product_cat-mootorsoidukite-maardeained","8":"product_cat-mootoriolid","9":"product_cat-soiduautodele","10":"pa_vali-pakend-super-light-0540-5l","11":"pa_vali-pakend-superlight-0540-1l","12":"pa_vali-pakend-superlight-0540-205l","13":"pa_vali-pakend-superlight-0540-20l","14":"pa_vali-pakend-superlight-0540-4l","15":"pa_vali-pakend-superlight-0540-57l","16":"pa_vali-pakend-super-light-0540-1l","17":"pa_vali-pakend-superlight-0540-5l","18":"pa_vali-pakend-super-light-0540-205l","19":"pa_vali-pakend-super-light-0540-20l","20":"pa_vali-pakend-super-light-0540-4l","21":"pa_vali-pakend-super-light-0540-57l","23":"first","24":"instock","25":"taxable","26":"shipping-taxable","27":"purchasable","28":"product-type-variable"},"acf":[],"yoast_head":"<!-- This site is optimized with the Yoast SEO plugin v27.5 - https:\/\/yoast.com\/product\/yoast-seo-wordpress\/ -->\n<title>Mootori\u00f5li Super Light 0540 - ADDINOL<\/title>\n<meta name=\"robots\" content=\"index, follow, max-snippet:-1, max-image-preview:large, max-video-preview:-1\" \/>\n<link rel=\"canonical\" href=\"https:\/\/uus.addinol.ee\/lv\/toode\/mootorioli-super-light-0540\/\" \/>\n<meta property=\"og:locale\" content=\"lv_LV\" \/>\n<meta property=\"og:type\" content=\"article\" \/>\n<meta property=\"og:title\" content=\"Mootori\u00f5li Super Light 0540 - ADDINOL\" \/>\n<meta property=\"og:description\" content=\"Mootori\u00f5li ADDINOL Super Light 0540 on k\u00fctuses\u00e4\u00e4stlik s\u00fcnteetiline mootorisisest h\u00f5\u00f5rdumist v\u00e4hendav \u00f5li viskoossusklassis SAE 5W-40. Mootori\u00f5li ADDINOL Super Light 0540 on valmistatud uusima s\u00fcnteesitehnoloogia abil saadud kvaliteetsetest baas\u00f5lidest ja hoolikalt valitud manuste komplektist, mis tagab mootori puhtuse, korrosiooni- ja kulumisvastase kaitse ning vastavuse Euro 4 ja Euro 5 heitgaasinormi rangetele n\u00f5uetele.\" \/>\n<meta property=\"og:url\" content=\"https:\/\/uus.addinol.ee\/lv\/toode\/mootorioli-super-light-0540\/\" \/>\n<meta property=\"og:site_name\" content=\"ADDINOL\" \/>\n<meta property=\"article:publisher\" content=\"https:\/\/www.facebook.com\/ADDINOLEesti\/\" \/>\n<meta property=\"article:modified_time\" content=\"2025-07-07T12:43:25+00:00\" \/>\n<meta property=\"og:image\" content=\"https:\/\/uus.addinol.ee\/wp-content\/uploads\/2024\/12\/super-light-0540-4.jpg\" \/>\n\t<meta property=\"og:image:width\" content=\"418\" \/>\n\t<meta property=\"og:image:height\" content=\"800\" \/>\n\t<meta property=\"og:image:type\" content=\"image\/jpeg\" \/>\n<meta name=\"twitter:card\" content=\"summary_large_image\" \/>\n<meta name=\"twitter:label1\" content=\"Est. reading time\" \/>\n\t<meta name=\"twitter:data1\" content=\"1 minute\" \/>\n<script type=\"application\/ld+json\" class=\"yoast-schema-graph\">{\"@context\":\"https:\\\/\\\/schema.org\",\"@graph\":[{\"@type\":\"WebPage\",\"@id\":\"https:\\\/\\\/uus.addinol.ee\\\/lv\\\/toode\\\/mootorioli-super-light-0540\\\/\",\"url\":\"https:\\\/\\\/uus.addinol.ee\\\/lv\\\/toode\\\/mootorioli-super-light-0540\\\/\",\"name\":\"Mootori\u00f5li Super Light 0540 - ADDINOL\",\"isPartOf\":{\"@id\":\"https:\\\/\\\/uus.addinol.ee\\\/lv\\\/#website\"},\"primaryImageOfPage\":{\"@id\":\"https:\\\/\\\/uus.addinol.ee\\\/lv\\\/toode\\\/mootorioli-super-light-0540\\\/#primaryimage\"},\"image\":{\"@id\":\"https:\\\/\\\/uus.addinol.ee\\\/lv\\\/toode\\\/mootorioli-super-light-0540\\\/#primaryimage\"},\"thumbnailUrl\":\"https:\\\/\\\/uus.addinol.ee\\\/wp-content\\\/uploads\\\/2024\\\/12\\\/super-light-0540-4.jpg\",\"datePublished\":\"2024-12-31T12:25:36+00:00\",\"dateModified\":\"2025-07-07T12:43:25+00:00\",\"breadcrumb\":{\"@id\":\"https:\\\/\\\/uus.addinol.ee\\\/lv\\\/toode\\\/mootorioli-super-light-0540\\\/#breadcrumb\"},\"inLanguage\":\"lv-LV\",\"potentialAction\":[{\"@type\":\"ReadAction\",\"target\":[\"https:\\\/\\\/uus.addinol.ee\\\/lv\\\/toode\\\/mootorioli-super-light-0540\\\/\"]}]},{\"@type\":\"ImageObject\",\"inLanguage\":\"lv-LV\",\"@id\":\"https:\\\/\\\/uus.addinol.ee\\\/lv\\\/toode\\\/mootorioli-super-light-0540\\\/#primaryimage\",\"url\":\"https:\\\/\\\/uus.addinol.ee\\\/wp-content\\\/uploads\\\/2024\\\/12\\\/super-light-0540-4.jpg\",\"contentUrl\":\"https:\\\/\\\/uus.addinol.ee\\\/wp-content\\\/uploads\\\/2024\\\/12\\\/super-light-0540-4.jpg\",\"width\":418,\"height\":800,\"caption\":\"Super Light 0540\"},{\"@type\":\"BreadcrumbList\",\"@id\":\"https:\\\/\\\/uus.addinol.ee\\\/lv\\\/toode\\\/mootorioli-super-light-0540\\\/#breadcrumb\",\"itemListElement\":[{\"@type\":\"ListItem\",\"position\":1,\"name\":\"ADDINOL\",\"item\":\"https:\\\/\\\/uus.addinol.ee\\\/lv\\\/\"},{\"@type\":\"ListItem\",\"position\":2,\"name\":\"E-pood\",\"item\":\"https:\\\/\\\/uus.addinol.ee\\\/e-pood\\\/\"},{\"@type\":\"ListItem\",\"position\":3,\"name\":\"Mootori\u00f5li Super Light 0540\"}]},{\"@type\":\"WebSite\",\"@id\":\"https:\\\/\\\/uus.addinol.ee\\\/lv\\\/#website\",\"url\":\"https:\\\/\\\/uus.addinol.ee\\\/lv\\\/\",\"name\":\"ADDINOL\",\"description\":\"Mootori&otilde;lid ja m&auml;&auml;&auml;rdeained igaks kasutusjuhuks\",\"publisher\":{\"@id\":\"https:\\\/\\\/uus.addinol.ee\\\/lv\\\/#organization\"},\"potentialAction\":[{\"@type\":\"SearchAction\",\"target\":{\"@type\":\"EntryPoint\",\"urlTemplate\":\"https:\\\/\\\/uus.addinol.ee\\\/lv\\\/?s={search_term_string}\"},\"query-input\":{\"@type\":\"PropertyValueSpecification\",\"valueRequired\":true,\"valueName\":\"search_term_string\"}}],\"inLanguage\":\"lv-LV\"},{\"@type\":\"Organization\",\"@id\":\"https:\\\/\\\/uus.addinol.ee\\\/lv\\\/#organization\",\"name\":\"ADDINOL\",\"url\":\"https:\\\/\\\/uus.addinol.ee\\\/lv\\\/\",\"logo\":{\"@type\":\"ImageObject\",\"inLanguage\":\"lv-LV\",\"@id\":\"https:\\\/\\\/uus.addinol.ee\\\/lv\\\/#\\\/schema\\\/logo\\\/image\\\/\",\"url\":\"https:\\\/\\\/uus.addinol.ee\\\/wp-content\\\/uploads\\\/2024\\\/10\\\/1200px-ADDINOL-Logo.webp\",\"contentUrl\":\"https:\\\/\\\/uus.addinol.ee\\\/wp-content\\\/uploads\\\/2024\\\/10\\\/1200px-ADDINOL-Logo.webp\",\"width\":1200,\"height\":431,\"caption\":\"ADDINOL\"},\"image\":{\"@id\":\"https:\\\/\\\/uus.addinol.ee\\\/lv\\\/#\\\/schema\\\/logo\\\/image\\\/\"},\"sameAs\":[\"https:\\\/\\\/www.facebook.com\\\/ADDINOLEesti\\\/\",\"https:\\\/\\\/www.instagram.com\\\/addinol_eesti\\\/\"]}]}<\/script>\n<!-- \/ Yoast SEO plugin. -->","yoast_head_json":{"title":"Mootori\u00f5li Super Light 0540 - ADDINOL","robots":{"index":"index","follow":"follow","max-snippet":"max-snippet:-1","max-image-preview":"max-image-preview:large","max-video-preview":"max-video-preview:-1"},"canonical":"https:\/\/uus.addinol.ee\/lv\/toode\/mootorioli-super-light-0540\/","og_locale":"lv_LV","og_type":"article","og_title":"Mootori\u00f5li Super Light 0540 - ADDINOL","og_description":"Mootori\u00f5li ADDINOL Super Light 0540 on k\u00fctuses\u00e4\u00e4stlik s\u00fcnteetiline mootorisisest h\u00f5\u00f5rdumist v\u00e4hendav \u00f5li viskoossusklassis SAE 5W-40. Mootori\u00f5li ADDINOL Super Light 0540 on valmistatud uusima s\u00fcnteesitehnoloogia abil saadud kvaliteetsetest baas\u00f5lidest ja hoolikalt valitud manuste komplektist, mis tagab mootori puhtuse, korrosiooni- ja kulumisvastase kaitse ning vastavuse Euro 4 ja Euro 5 heitgaasinormi rangetele n\u00f5uetele.","og_url":"https:\/\/uus.addinol.ee\/lv\/toode\/mootorioli-super-light-0540\/","og_site_name":"ADDINOL","article_publisher":"https:\/\/www.facebook.com\/ADDINOLEesti\/","article_modified_time":"2025-07-07T12:43:25+00:00","og_image":[{"width":418,"height":800,"url":"https:\/\/uus.addinol.ee\/wp-content\/uploads\/2024\/12\/super-light-0540-4.jpg","type":"image\/jpeg"}],"twitter_card":"summary_large_image","twitter_misc":{"Est. reading time":"1 minute"},"schema":{"@context":"https:\/\/schema.org","@graph":[{"@type":"WebPage","@id":"https:\/\/uus.addinol.ee\/lv\/toode\/mootorioli-super-light-0540\/","url":"https:\/\/uus.addinol.ee\/lv\/toode\/mootorioli-super-light-0540\/","name":"Mootori\u00f5li Super Light 0540 - ADDINOL","isPartOf":{"@id":"https:\/\/uus.addinol.ee\/lv\/#website"},"primaryImageOfPage":{"@id":"https:\/\/uus.addinol.ee\/lv\/toode\/mootorioli-super-light-0540\/#primaryimage"},"image":{"@id":"https:\/\/uus.addinol.ee\/lv\/toode\/mootorioli-super-light-0540\/#primaryimage"},"thumbnailUrl":"https:\/\/uus.addinol.ee\/wp-content\/uploads\/2024\/12\/super-light-0540-4.jpg","datePublished":"2024-12-31T12:25:36+00:00","dateModified":"2025-07-07T12:43:25+00:00","breadcrumb":{"@id":"https:\/\/uus.addinol.ee\/lv\/toode\/mootorioli-super-light-0540\/#breadcrumb"},"inLanguage":"lv-LV","potentialAction":[{"@type":"ReadAction","target":["https:\/\/uus.addinol.ee\/lv\/toode\/mootorioli-super-light-0540\/"]}]},{"@type":"ImageObject","inLanguage":"lv-LV","@id":"https:\/\/uus.addinol.ee\/lv\/toode\/mootorioli-super-light-0540\/#primaryimage","url":"https:\/\/uus.addinol.ee\/wp-content\/uploads\/2024\/12\/super-light-0540-4.jpg","contentUrl":"https:\/\/uus.addinol.ee\/wp-content\/uploads\/2024\/12\/super-light-0540-4.jpg","width":418,"height":800,"caption":"Super Light 0540"},{"@type":"BreadcrumbList","@id":"https:\/\/uus.addinol.ee\/lv\/toode\/mootorioli-super-light-0540\/#breadcrumb","itemListElement":[{"@type":"ListItem","position":1,"name":"ADDINOL","item":"https:\/\/uus.addinol.ee\/lv\/"},{"@type":"ListItem","position":2,"name":"E-pood","item":"https:\/\/uus.addinol.ee\/e-pood\/"},{"@type":"ListItem","position":3,"name":"Mootori\u00f5li Super Light 0540"}]},{"@type":"WebSite","@id":"https:\/\/uus.addinol.ee\/lv\/#website","url":"https:\/\/uus.addinol.ee\/lv\/","name":"ADDINOL","description":"Mootori&otilde;lid ja m&auml;&auml;&auml;rdeained igaks kasutusjuhuks","publisher":{"@id":"https:\/\/uus.addinol.ee\/lv\/#organization"},"potentialAction":[{"@type":"SearchAction","target":{"@type":"EntryPoint","urlTemplate":"https:\/\/uus.addinol.ee\/lv\/?s={search_term_string}"},"query-input":{"@type":"PropertyValueSpecification","valueRequired":true,"valueName":"search_term_string"}}],"inLanguage":"lv-LV"},{"@type":"Organization","@id":"https:\/\/uus.addinol.ee\/lv\/#organization","name":"ADDINOL","url":"https:\/\/uus.addinol.ee\/lv\/","logo":{"@type":"ImageObject","inLanguage":"lv-LV","@id":"https:\/\/uus.addinol.ee\/lv\/#\/schema\/logo\/image\/","url":"https:\/\/uus.addinol.ee\/wp-content\/uploads\/2024\/10\/1200px-ADDINOL-Logo.webp","contentUrl":"https:\/\/uus.addinol.ee\/wp-content\/uploads\/2024\/10\/1200px-ADDINOL-Logo.webp","width":1200,"height":431,"caption":"ADDINOL"},"image":{"@id":"https:\/\/uus.addinol.ee\/lv\/#\/schema\/logo\/image\/"},"sameAs":["https:\/\/www.facebook.com\/ADDINOLEesti\/","https:\/\/www.instagram.com\/addinol_eesti\/"]}]}},"_links":{"self":[{"href":"https:\/\/uus.addinol.ee\/lv\/wp-json\/wp\/v2\/product\/6187","targetHints":{"allow":["GET"]}}],"collection":[{"href":"https:\/\/uus.addinol.ee\/lv\/wp-json\/wp\/v2\/product"}],"about":[{"href":"https:\/\/uus.addinol.ee\/lv\/wp-json\/wp\/v2\/types\/product"}],"wp:featuredmedia":[{"embeddable":true,"href":"https:\/\/uus.addinol.ee\/lv\/wp-json\/wp\/v2\/media\/6188"}],"wp:attachment":[{"href":"https:\/\/uus.addinol.ee\/lv\/wp-json\/wp\/v2\/media?parent=6187"}],"wp:term":[{"taxonomy":"viscosity","embeddable":true,"href":"https:\/\/uus.addinol.ee\/lv\/wp-json\/wp\/v2\/viscosity?post=6187"},{"taxonomy":"product_brand","embeddable":true,"href":"https:\/\/uus.addinol.ee\/lv\/wp-json\/wp\/v2\/product_brand?post=6187"},{"taxonomy":"product_cat","embeddable":true,"href":"https:\/\/uus.addinol.ee\/lv\/wp-json\/wp\/v2\/product_cat?post=6187"},{"taxonomy":"product_tag","embeddable":true,"href":"https:\/\/uus.addinol.ee\/lv\/wp-json\/wp\/v2\/product_tag?post=6187"},{"taxonomy":"inventory","embeddable":true,"href":"https:\/\/uus.addinol.ee\/lv\/wp-json\/wp\/v2\/inventory?post=6187"}],"curies":[{"name":"wp","href":"https:\/\/api.w.org\/{rel}","templated":true}]}}