{"id":6194,"date":"2024-12-31T12:25:36","date_gmt":"2024-12-31T12:25:36","guid":{"rendered":"https:\/\/addinol.ee\/toode\/kontaktuhenduste-maare-sw-2\/"},"modified":"2025-07-04T11:39:50","modified_gmt":"2025-07-04T08:39:50","slug":"kontaktuhenduste-maare-sw-2","status":"publish","type":"product","link":"https:\/\/uus.addinol.ee\/lv\/toode\/kontaktuhenduste-maare-sw-2\/","title":{"rendered":"Kontakt\u00fchenduste m\u00e4\u00e4re SW 2"},"content":{"rendered":"<p><strong>Kontakt\u00fchenduste m\u00e4\u00e4re <a href=\"https:\/\/addinol.de\/products\/product-finder\/addinol-korrosionsschutzfett-sw-2\/?lang=et\">SW 2<\/a> KASUTUSV\u00d5IMALUSED:<\/strong><br \/>\n\u2022 vintsid, veere- ja liugelaagrid, silindrih\u00fclsid, lahtised \u00fclekanded, nt ankrupelid v\u00f5i l\u00fc\u00fcsiv\u00e4ravate k\u00e4siajamid.<br \/>\n\u2022 veealuste seadmete tigureduktorid, laadimissillad, rannikualadel kasutatav tehnika, jahid, laevatehaste seadmed.<br \/>\n\u2022 paberi- ja tekstiilit\u00f6\u00f6stuse viimistlusmasinad.<br \/>\n\u2022 veepumpade, h\u00fcdroturbiinide, l\u00fc\u00fcsiv\u00e4ravate, eskalaatorite, kaarhammassidurite, autopesulate veere- ja liugelaagrid.<\/p>\n<p><strong>KORROSIOONIKAITSE<\/strong><br \/>\n\u2022 Ladustamisel sisetingimustes kuni 2 aastat;<br \/>\n\u2022 Ladustamisel v\u00e4litingimustes kuni 1 aasta.<\/p>\n<p><strong>SPETSIFIKATSIOON \/ LITSENTSID:<\/strong><br \/>\nT\u00e4idab militaarspetsifikatsiooni n\u00f5udeid:<br \/>\n\u2022 STM 7420\/B<\/p>\n<p>Kontakt\u00fchenduste m\u00e4\u00e4rde t\u00e4histus DIN 51502 j\u00e4rgi:<br \/>\n\u2022 KP1-2E-25<\/p>\n<p>Kontakt\u00fchenduste m\u00e4\u00e4rde t\u00e4histus ISO 6743 j\u00e4rgi:<br \/>\n\u2022 ISO-L-X BAIB1.5<\/p>\n<p>NLGI klass: 1-2<\/p>\n<p><strong>Kontakt\u00fchenduste m\u00e4\u00e4rde OMADUSED:<\/strong><br \/>\n\u2022 \u00dclim veekindlus ka merevee puhul<br \/>\n\u2022 Hea vastupidavus leeliselahutele ja hapnikule<br \/>\n\u2022 V\u00e4hene \u00f5li eraldumine<br \/>\n\u2022 V\u00e4ga head korrosioonit\u00f5rjeomadused<br \/>\n\u2022 Suurep\u00e4rane korrosiooni- ja kulumiskaitse kokkupuutel mereveega<\/p>\n<p><strong>Kontakt\u00fchenduste m\u00e4\u00e4re SW 2 EELISED TARBIJALE:<\/strong><br \/>\n\u2022 Lubatud otsene kokkupuude veega<br \/>\n\u2022 Mitmek\u00fclgselt kasutatav<br \/>\n\u2022 Tihendab suurep\u00e4raselt kuuma ja k\u00fclma vee vastu<br \/>\n\u2022 Masinaosade pikk t\u00f6\u00f6iga<br \/>\n\u2022 H\u00f5\u00f5rdepaaride (nt traatide) pikk t\u00f6\u00f6iga ja suurep\u00e4rane kaitse<\/p>\n","protected":false},"excerpt":{"rendered":"<p>Kontakt\u00fchenduste m\u00e4\u00e4re ADDINOL Korrosionsschutzfett SW 2 on universaalne korrosioonit\u00f5rjem\u00e4\u00e4re, mis on toodetud mineraal\u00f5li ja spetsiaalse kaltsiumseeptahkesti baasil.<\/p>\n","protected":false},"featured_media":6019,"template":"","meta":{"_acf_changed":false},"viscosity":[],"product_brand":[],"product_cat":[731,151,198],"product_tag":[],"inventory":[],"class_list":{"0":"post-6194","1":"product","2":"type-product","3":"status-publish","4":"has-post-thumbnail","6":"product_cat-eriotstarbelised-maarded","7":"product_cat-toostusmaardeained","8":"product_cat-maarded-ja-pastad-toostusmaardeained","9":"pa_vali-pakend-korrosionsschutzfett-sw-2-25kg","10":"pa_vali-pakend-korrosionsschutzfett-sw-2-400g","11":"pa_vali-pakend-sw2-korrosionsschutzfett-25kg","12":"pa_vali-pakend-sw2-korrosionsschutzfett-400g","14":"first","15":"instock","16":"taxable","17":"shipping-taxable","18":"purchasable","19":"product-type-variable"},"acf":[],"yoast_head":"<!-- This site is optimized with the Yoast SEO plugin v27.5 - https:\/\/yoast.com\/product\/yoast-seo-wordpress\/ -->\n<title>Kontakt\u00fchenduste m\u00e4\u00e4re SW 2 - ADDINOL<\/title>\n<meta name=\"robots\" content=\"index, follow, max-snippet:-1, max-image-preview:large, max-video-preview:-1\" \/>\n<link rel=\"canonical\" href=\"https:\/\/uus.addinol.ee\/lv\/toode\/kontaktuhenduste-maare-sw-2\/\" \/>\n<meta property=\"og:locale\" content=\"lv_LV\" \/>\n<meta property=\"og:type\" content=\"article\" \/>\n<meta property=\"og:title\" content=\"Kontakt\u00fchenduste m\u00e4\u00e4re SW 2 - ADDINOL\" \/>\n<meta property=\"og:description\" content=\"Kontakt\u00fchenduste m\u00e4\u00e4re ADDINOL Korrosionsschutzfett SW 2 on universaalne korrosioonit\u00f5rjem\u00e4\u00e4re, mis on toodetud mineraal\u00f5li ja spetsiaalse kaltsiumseeptahkesti baasil.\" \/>\n<meta property=\"og:url\" content=\"https:\/\/uus.addinol.ee\/lv\/toode\/kontaktuhenduste-maare-sw-2\/\" \/>\n<meta property=\"og:site_name\" content=\"ADDINOL\" \/>\n<meta property=\"article:publisher\" content=\"https:\/\/www.facebook.com\/ADDINOLEesti\/\" \/>\n<meta property=\"article:modified_time\" content=\"2025-07-04T08:39:50+00:00\" \/>\n<meta property=\"og:image\" content=\"https:\/\/uus.addinol.ee\/wp-content\/uploads\/2024\/12\/tuub-scaled-4.jpg\" \/>\n\t<meta property=\"og:image:width\" content=\"563\" \/>\n\t<meta property=\"og:image:height\" content=\"1920\" \/>\n\t<meta property=\"og:image:type\" content=\"image\/jpeg\" \/>\n<meta name=\"twitter:card\" content=\"summary_large_image\" \/>\n<meta name=\"twitter:label1\" content=\"Est. reading time\" \/>\n\t<meta name=\"twitter:data1\" content=\"2 minutes\" \/>\n<script type=\"application\/ld+json\" class=\"yoast-schema-graph\">{\"@context\":\"https:\\\/\\\/schema.org\",\"@graph\":[{\"@type\":\"WebPage\",\"@id\":\"https:\\\/\\\/uus.addinol.ee\\\/lv\\\/toode\\\/kontaktuhenduste-maare-sw-2\\\/\",\"url\":\"https:\\\/\\\/uus.addinol.ee\\\/lv\\\/toode\\\/kontaktuhenduste-maare-sw-2\\\/\",\"name\":\"Kontakt\u00fchenduste m\u00e4\u00e4re SW 2 - ADDINOL\",\"isPartOf\":{\"@id\":\"https:\\\/\\\/uus.addinol.ee\\\/lv\\\/#website\"},\"primaryImageOfPage\":{\"@id\":\"https:\\\/\\\/uus.addinol.ee\\\/lv\\\/toode\\\/kontaktuhenduste-maare-sw-2\\\/#primaryimage\"},\"image\":{\"@id\":\"https:\\\/\\\/uus.addinol.ee\\\/lv\\\/toode\\\/kontaktuhenduste-maare-sw-2\\\/#primaryimage\"},\"thumbnailUrl\":\"https:\\\/\\\/uus.addinol.ee\\\/wp-content\\\/uploads\\\/2024\\\/12\\\/tuub-scaled-4.jpg\",\"datePublished\":\"2024-12-31T12:25:36+00:00\",\"dateModified\":\"2025-07-04T08:39:50+00:00\",\"breadcrumb\":{\"@id\":\"https:\\\/\\\/uus.addinol.ee\\\/lv\\\/toode\\\/kontaktuhenduste-maare-sw-2\\\/#breadcrumb\"},\"inLanguage\":\"lv-LV\",\"potentialAction\":[{\"@type\":\"ReadAction\",\"target\":[\"https:\\\/\\\/uus.addinol.ee\\\/lv\\\/toode\\\/kontaktuhenduste-maare-sw-2\\\/\"]}]},{\"@type\":\"ImageObject\",\"inLanguage\":\"lv-LV\",\"@id\":\"https:\\\/\\\/uus.addinol.ee\\\/lv\\\/toode\\\/kontaktuhenduste-maare-sw-2\\\/#primaryimage\",\"url\":\"https:\\\/\\\/uus.addinol.ee\\\/wp-content\\\/uploads\\\/2024\\\/12\\\/tuub-scaled-4.jpg\",\"contentUrl\":\"https:\\\/\\\/uus.addinol.ee\\\/wp-content\\\/uploads\\\/2024\\\/12\\\/tuub-scaled-4.jpg\",\"width\":563,\"height\":1920,\"caption\":\"Kontakt\u00fchenduste m\u00e4\u00e4re SW 2\"},{\"@type\":\"BreadcrumbList\",\"@id\":\"https:\\\/\\\/uus.addinol.ee\\\/lv\\\/toode\\\/kontaktuhenduste-maare-sw-2\\\/#breadcrumb\",\"itemListElement\":[{\"@type\":\"ListItem\",\"position\":1,\"name\":\"ADDINOL\",\"item\":\"https:\\\/\\\/uus.addinol.ee\\\/lv\\\/\"},{\"@type\":\"ListItem\",\"position\":2,\"name\":\"E-pood\",\"item\":\"https:\\\/\\\/uus.addinol.ee\\\/e-pood\\\/\"},{\"@type\":\"ListItem\",\"position\":3,\"name\":\"Kontakt\u00fchenduste m\u00e4\u00e4re SW 2\"}]},{\"@type\":\"WebSite\",\"@id\":\"https:\\\/\\\/uus.addinol.ee\\\/lv\\\/#website\",\"url\":\"https:\\\/\\\/uus.addinol.ee\\\/lv\\\/\",\"name\":\"ADDINOL\",\"description\":\"Mootori&otilde;lid ja m&auml;&auml;&auml;rdeained igaks kasutusjuhuks\",\"publisher\":{\"@id\":\"https:\\\/\\\/uus.addinol.ee\\\/lv\\\/#organization\"},\"potentialAction\":[{\"@type\":\"SearchAction\",\"target\":{\"@type\":\"EntryPoint\",\"urlTemplate\":\"https:\\\/\\\/uus.addinol.ee\\\/lv\\\/?s={search_term_string}\"},\"query-input\":{\"@type\":\"PropertyValueSpecification\",\"valueRequired\":true,\"valueName\":\"search_term_string\"}}],\"inLanguage\":\"lv-LV\"},{\"@type\":\"Organization\",\"@id\":\"https:\\\/\\\/uus.addinol.ee\\\/lv\\\/#organization\",\"name\":\"ADDINOL\",\"url\":\"https:\\\/\\\/uus.addinol.ee\\\/lv\\\/\",\"logo\":{\"@type\":\"ImageObject\",\"inLanguage\":\"lv-LV\",\"@id\":\"https:\\\/\\\/uus.addinol.ee\\\/lv\\\/#\\\/schema\\\/logo\\\/image\\\/\",\"url\":\"https:\\\/\\\/uus.addinol.ee\\\/wp-content\\\/uploads\\\/2024\\\/10\\\/1200px-ADDINOL-Logo.webp\",\"contentUrl\":\"https:\\\/\\\/uus.addinol.ee\\\/wp-content\\\/uploads\\\/2024\\\/10\\\/1200px-ADDINOL-Logo.webp\",\"width\":1200,\"height\":431,\"caption\":\"ADDINOL\"},\"image\":{\"@id\":\"https:\\\/\\\/uus.addinol.ee\\\/lv\\\/#\\\/schema\\\/logo\\\/image\\\/\"},\"sameAs\":[\"https:\\\/\\\/www.facebook.com\\\/ADDINOLEesti\\\/\",\"https:\\\/\\\/www.instagram.com\\\/addinol_eesti\\\/\"]}]}<\/script>\n<!-- \/ Yoast SEO plugin. -->","yoast_head_json":{"title":"Kontakt\u00fchenduste m\u00e4\u00e4re SW 2 - ADDINOL","robots":{"index":"index","follow":"follow","max-snippet":"max-snippet:-1","max-image-preview":"max-image-preview:large","max-video-preview":"max-video-preview:-1"},"canonical":"https:\/\/uus.addinol.ee\/lv\/toode\/kontaktuhenduste-maare-sw-2\/","og_locale":"lv_LV","og_type":"article","og_title":"Kontakt\u00fchenduste m\u00e4\u00e4re SW 2 - ADDINOL","og_description":"Kontakt\u00fchenduste m\u00e4\u00e4re ADDINOL Korrosionsschutzfett SW 2 on universaalne korrosioonit\u00f5rjem\u00e4\u00e4re, mis on toodetud mineraal\u00f5li ja spetsiaalse kaltsiumseeptahkesti baasil.","og_url":"https:\/\/uus.addinol.ee\/lv\/toode\/kontaktuhenduste-maare-sw-2\/","og_site_name":"ADDINOL","article_publisher":"https:\/\/www.facebook.com\/ADDINOLEesti\/","article_modified_time":"2025-07-04T08:39:50+00:00","og_image":[{"width":563,"height":1920,"url":"https:\/\/uus.addinol.ee\/wp-content\/uploads\/2024\/12\/tuub-scaled-4.jpg","type":"image\/jpeg"}],"twitter_card":"summary_large_image","twitter_misc":{"Est. reading time":"2 minutes"},"schema":{"@context":"https:\/\/schema.org","@graph":[{"@type":"WebPage","@id":"https:\/\/uus.addinol.ee\/lv\/toode\/kontaktuhenduste-maare-sw-2\/","url":"https:\/\/uus.addinol.ee\/lv\/toode\/kontaktuhenduste-maare-sw-2\/","name":"Kontakt\u00fchenduste m\u00e4\u00e4re SW 2 - ADDINOL","isPartOf":{"@id":"https:\/\/uus.addinol.ee\/lv\/#website"},"primaryImageOfPage":{"@id":"https:\/\/uus.addinol.ee\/lv\/toode\/kontaktuhenduste-maare-sw-2\/#primaryimage"},"image":{"@id":"https:\/\/uus.addinol.ee\/lv\/toode\/kontaktuhenduste-maare-sw-2\/#primaryimage"},"thumbnailUrl":"https:\/\/uus.addinol.ee\/wp-content\/uploads\/2024\/12\/tuub-scaled-4.jpg","datePublished":"2024-12-31T12:25:36+00:00","dateModified":"2025-07-04T08:39:50+00:00","breadcrumb":{"@id":"https:\/\/uus.addinol.ee\/lv\/toode\/kontaktuhenduste-maare-sw-2\/#breadcrumb"},"inLanguage":"lv-LV","potentialAction":[{"@type":"ReadAction","target":["https:\/\/uus.addinol.ee\/lv\/toode\/kontaktuhenduste-maare-sw-2\/"]}]},{"@type":"ImageObject","inLanguage":"lv-LV","@id":"https:\/\/uus.addinol.ee\/lv\/toode\/kontaktuhenduste-maare-sw-2\/#primaryimage","url":"https:\/\/uus.addinol.ee\/wp-content\/uploads\/2024\/12\/tuub-scaled-4.jpg","contentUrl":"https:\/\/uus.addinol.ee\/wp-content\/uploads\/2024\/12\/tuub-scaled-4.jpg","width":563,"height":1920,"caption":"Kontakt\u00fchenduste m\u00e4\u00e4re SW 2"},{"@type":"BreadcrumbList","@id":"https:\/\/uus.addinol.ee\/lv\/toode\/kontaktuhenduste-maare-sw-2\/#breadcrumb","itemListElement":[{"@type":"ListItem","position":1,"name":"ADDINOL","item":"https:\/\/uus.addinol.ee\/lv\/"},{"@type":"ListItem","position":2,"name":"E-pood","item":"https:\/\/uus.addinol.ee\/e-pood\/"},{"@type":"ListItem","position":3,"name":"Kontakt\u00fchenduste m\u00e4\u00e4re SW 2"}]},{"@type":"WebSite","@id":"https:\/\/uus.addinol.ee\/lv\/#website","url":"https:\/\/uus.addinol.ee\/lv\/","name":"ADDINOL","description":"Mootori&otilde;lid ja m&auml;&auml;&auml;rdeained igaks kasutusjuhuks","publisher":{"@id":"https:\/\/uus.addinol.ee\/lv\/#organization"},"potentialAction":[{"@type":"SearchAction","target":{"@type":"EntryPoint","urlTemplate":"https:\/\/uus.addinol.ee\/lv\/?s={search_term_string}"},"query-input":{"@type":"PropertyValueSpecification","valueRequired":true,"valueName":"search_term_string"}}],"inLanguage":"lv-LV"},{"@type":"Organization","@id":"https:\/\/uus.addinol.ee\/lv\/#organization","name":"ADDINOL","url":"https:\/\/uus.addinol.ee\/lv\/","logo":{"@type":"ImageObject","inLanguage":"lv-LV","@id":"https:\/\/uus.addinol.ee\/lv\/#\/schema\/logo\/image\/","url":"https:\/\/uus.addinol.ee\/wp-content\/uploads\/2024\/10\/1200px-ADDINOL-Logo.webp","contentUrl":"https:\/\/uus.addinol.ee\/wp-content\/uploads\/2024\/10\/1200px-ADDINOL-Logo.webp","width":1200,"height":431,"caption":"ADDINOL"},"image":{"@id":"https:\/\/uus.addinol.ee\/lv\/#\/schema\/logo\/image\/"},"sameAs":["https:\/\/www.facebook.com\/ADDINOLEesti\/","https:\/\/www.instagram.com\/addinol_eesti\/"]}]}},"_links":{"self":[{"href":"https:\/\/uus.addinol.ee\/lv\/wp-json\/wp\/v2\/product\/6194","targetHints":{"allow":["GET"]}}],"collection":[{"href":"https:\/\/uus.addinol.ee\/lv\/wp-json\/wp\/v2\/product"}],"about":[{"href":"https:\/\/uus.addinol.ee\/lv\/wp-json\/wp\/v2\/types\/product"}],"wp:featuredmedia":[{"embeddable":true,"href":"https:\/\/uus.addinol.ee\/lv\/wp-json\/wp\/v2\/media\/6019"}],"wp:attachment":[{"href":"https:\/\/uus.addinol.ee\/lv\/wp-json\/wp\/v2\/media?parent=6194"}],"wp:term":[{"taxonomy":"viscosity","embeddable":true,"href":"https:\/\/uus.addinol.ee\/lv\/wp-json\/wp\/v2\/viscosity?post=6194"},{"taxonomy":"product_brand","embeddable":true,"href":"https:\/\/uus.addinol.ee\/lv\/wp-json\/wp\/v2\/product_brand?post=6194"},{"taxonomy":"product_cat","embeddable":true,"href":"https:\/\/uus.addinol.ee\/lv\/wp-json\/wp\/v2\/product_cat?post=6194"},{"taxonomy":"product_tag","embeddable":true,"href":"https:\/\/uus.addinol.ee\/lv\/wp-json\/wp\/v2\/product_tag?post=6194"},{"taxonomy":"inventory","embeddable":true,"href":"https:\/\/uus.addinol.ee\/lv\/wp-json\/wp\/v2\/inventory?post=6194"}],"curies":[{"name":"wp","href":"https:\/\/api.w.org\/{rel}","templated":true}]}}