{"id":6200,"date":"2024-12-31T12:25:57","date_gmt":"2024-12-31T12:25:57","guid":{"rendered":"https:\/\/addinol.ee\/toode\/universaalne-traktorioli-utto-extra\/"},"modified":"2025-10-14T11:35:09","modified_gmt":"2025-10-14T08:35:09","slug":"universaalne-traktorioli-utto-extra","status":"publish","type":"product","link":"https:\/\/uus.addinol.ee\/lv\/toode\/universaalne-traktorioli-utto-extra\/","title":{"rendered":"Universaalne traktori\u00f5li UTTO Extra"},"content":{"rendered":"<p><strong>Universaalse traktori\u00f5li UTTO Extra KASUTUSV\u00d5IMALUSED:<\/strong><br \/>\n\u2022 Sobib ideaalselt traktorite, metsat\u00f6\u00f6- ja ehitusmasinate ning p\u00f5llumajandustehnika j\u00f5u\u00fclekannete, veosildade, h\u00fcdros\u00fcsteemide ning m\u00e4rgpidurite ja sidurite m\u00e4\u00e4rimiseks.<br \/>\n\u2022 Sobib eriti h\u00e4sti kasutamiseks rasketes ekspluatatsioonitingimustes, eriti Fiati, Renault\u2019 ja New Hollandi \/ Fordi traktorites.<\/p>\n<p><strong>Universaalse traktori\u00f5li UTTO Extra SPETSIFIKATSIOON \/ LITSENTSID:<\/strong><br \/>\nADDINOL UTTO Extra omab litsentse:<br \/>\n\u2022 ZF001845: ZF TE-ML 05F, 06K, 17E, 21F<\/p>\n<p>Traktori\u00f5li ADDINOL UTTO Extra vastab j\u00e4rgmistele spetsifikatsioonidele:<br \/>\n\u2022 John Deere<br \/>\n&#8211; JDM J 20 A\/B\/C<br \/>\n&#8211; JDM J 14 B\/C<br \/>\n&#8211; JDT LD 303 Quatrol<br \/>\n\u2022 Case-IH MS-1204<br \/>\n\u2022 Ford-New Holland FNH-2-C-201<br \/>\n\u2022 Allison C4 (C2, C3)<br \/>\n\u2022 Caterpillar TO-2<br \/>\n\u2022 Hesston-FIAT AF87<br \/>\n\u2022 TCM Forklifts<\/p>\n<p>Traktrori\u00f5li ADDINOL UTTO Extra t\u00e4idab ja \u00fcletab n\u00f5udeid kasutamiseks transmissioonides ning m\u00e4rgpidurites \/ sidurites:<br \/>\n\u2022 API GL-4<\/p>\n<p>Traktori\u00f5li ADDINOL UTTO Extra t\u00e4idab ja \u00fcletab n\u00f5udeid kasutamiseks h\u00fcdros\u00fcsteemides:<br \/>\n\u2022 DIN 51524-2 (HLP\/HLPD)<br \/>\n\u2022 Denison HF-2, HF-1, HF-0<br \/>\n(v. a desemulgeerimisv\u00f5ime)<\/p>\n<p><strong>T\u00c4HELEPANU<\/strong><br \/>\nUniversaalset traktori\u00f5li ADDINOL UTTO Extra ei tohi kasutada mootori\u00f5lina!<\/p>\n<p><strong>Universaalse traktori\u00f5li UTTO Extra OMADUSED:<\/strong><br \/>\n\u2022 Vananemiskindel<br \/>\n\u2022 Tasakaalustatud h\u00f5\u00f5rdumisomadused<br \/>\n\u2022 K\u00f5rge nihkepinge stabiilsus<br \/>\n\u2022 Optimaalne kulumiskaitse<br \/>\n\u2022 Multiviskoosne<br \/>\n\u2022 V\u00e4listab h\u00f5\u00f5rdumisega kaasneva kriiksumise<\/p>\n<p><strong>Universaalse traktori\u00f5li UTTO Extra EELISED TARBIJALE:<\/strong><br \/>\n\u2022 M\u00e4\u00e4rdeaine pikk kasutusiga<br \/>\n\u2022 V\u00e4listatud m\u00e4rgpidurite libisemine ja kinnij\u00e4\u00e4mine<br \/>\n\u2022 Stabiilne viskoossus ka pikalt esinevatel suurtel koormustel<br \/>\n\u2022 V\u00e4ga hea masinaosade kaitse<br \/>\n\u2022 V\u00f5imalik kasutada aastaringselt<\/p>\n","protected":false},"excerpt":{"rendered":"<p>Universaalne traktori\u00f5li UTTO Extra on UTTO t\u00fc\u00fcpi traktori\u00f5li viskoossusklassis SAE 85W (20W-40).<br \/>\nTraktori\u00f5li ADDINOL UTTO Extra on toodetud k\u00f5rgkvaliteetsetest mineraalsetest baas\u00f5lidest ja t\u00f5husatest manustest, mis tagavad ehitus- ja p\u00f5llut\u00f6\u00f6masinate transmissioonide, veosildade ja h\u00fcdros\u00fcsteemide t\u00f6\u00f6kindluse.<\/p>\n","protected":false},"featured_media":8128,"template":"","meta":{"_acf_changed":false},"viscosity":[748,752],"product_brand":[],"product_cat":[150,158],"product_tag":[],"inventory":[],"class_list":{"0":"post-6200","1":"product","2":"type-product","3":"status-publish","4":"has-post-thumbnail","6":"viscosity-20w-40","7":"viscosity-85w","8":"product_cat-mootorsoidukite-maardeained","9":"product_cat-traktoriolid","10":"pa_vali-pakend-20l","12":"first","13":"instock","14":"taxable","15":"shipping-taxable","16":"purchasable","17":"product-type-simple"},"acf":[],"yoast_head":"<!-- This site is optimized with the Yoast SEO plugin v27.5 - https:\/\/yoast.com\/product\/yoast-seo-wordpress\/ -->\n<title>Universaalne traktori\u00f5li UTTO Extra - ADDINOL<\/title>\n<meta name=\"robots\" content=\"index, follow, max-snippet:-1, max-image-preview:large, max-video-preview:-1\" \/>\n<link rel=\"canonical\" href=\"https:\/\/uus.addinol.ee\/lv\/toode\/universaalne-traktorioli-utto-extra\/\" \/>\n<meta property=\"og:locale\" content=\"lv_LV\" \/>\n<meta property=\"og:type\" content=\"article\" \/>\n<meta property=\"og:title\" content=\"Universaalne traktori\u00f5li UTTO Extra - ADDINOL\" \/>\n<meta property=\"og:description\" content=\"Universaalne traktori\u00f5li UTTO Extra on UTTO t\u00fc\u00fcpi traktori\u00f5li viskoossusklassis SAE 85W (20W-40). Traktori\u00f5li ADDINOL UTTO Extra on toodetud k\u00f5rgkvaliteetsetest mineraalsetest baas\u00f5lidest ja t\u00f5husatest manustest, mis tagavad ehitus- ja p\u00f5llut\u00f6\u00f6masinate transmissioonide, veosildade ja h\u00fcdros\u00fcsteemide t\u00f6\u00f6kindluse.\" \/>\n<meta property=\"og:url\" content=\"https:\/\/uus.addinol.ee\/lv\/toode\/universaalne-traktorioli-utto-extra\/\" \/>\n<meta property=\"og:site_name\" content=\"ADDINOL\" \/>\n<meta property=\"article:publisher\" content=\"https:\/\/www.facebook.com\/ADDINOLEesti\/\" \/>\n<meta property=\"article:modified_time\" content=\"2025-10-14T08:35:09+00:00\" \/>\n<meta property=\"og:image\" content=\"https:\/\/uus.addinol.ee\/wp-content\/uploads\/2025\/05\/gruppe-scaled.jpg\" \/>\n\t<meta property=\"og:image:width\" content=\"2085\" \/>\n\t<meta property=\"og:image:height\" content=\"2560\" \/>\n\t<meta property=\"og:image:type\" content=\"image\/jpeg\" \/>\n<meta name=\"twitter:card\" content=\"summary_large_image\" \/>\n<meta name=\"twitter:label1\" content=\"Est. reading time\" \/>\n\t<meta name=\"twitter:data1\" content=\"2 minutes\" \/>\n<script type=\"application\/ld+json\" class=\"yoast-schema-graph\">{\"@context\":\"https:\\\/\\\/schema.org\",\"@graph\":[{\"@type\":\"WebPage\",\"@id\":\"https:\\\/\\\/uus.addinol.ee\\\/lv\\\/toode\\\/universaalne-traktorioli-utto-extra\\\/\",\"url\":\"https:\\\/\\\/uus.addinol.ee\\\/lv\\\/toode\\\/universaalne-traktorioli-utto-extra\\\/\",\"name\":\"Universaalne traktori\u00f5li UTTO Extra - ADDINOL\",\"isPartOf\":{\"@id\":\"https:\\\/\\\/uus.addinol.ee\\\/lv\\\/#website\"},\"primaryImageOfPage\":{\"@id\":\"https:\\\/\\\/uus.addinol.ee\\\/lv\\\/toode\\\/universaalne-traktorioli-utto-extra\\\/#primaryimage\"},\"image\":{\"@id\":\"https:\\\/\\\/uus.addinol.ee\\\/lv\\\/toode\\\/universaalne-traktorioli-utto-extra\\\/#primaryimage\"},\"thumbnailUrl\":\"https:\\\/\\\/uus.addinol.ee\\\/wp-content\\\/uploads\\\/2025\\\/05\\\/gruppe-scaled.jpg\",\"datePublished\":\"2024-12-31T12:25:57+00:00\",\"dateModified\":\"2025-10-14T08:35:09+00:00\",\"breadcrumb\":{\"@id\":\"https:\\\/\\\/uus.addinol.ee\\\/lv\\\/toode\\\/universaalne-traktorioli-utto-extra\\\/#breadcrumb\"},\"inLanguage\":\"lv-LV\",\"potentialAction\":[{\"@type\":\"ReadAction\",\"target\":[\"https:\\\/\\\/uus.addinol.ee\\\/lv\\\/toode\\\/universaalne-traktorioli-utto-extra\\\/\"]}]},{\"@type\":\"ImageObject\",\"inLanguage\":\"lv-LV\",\"@id\":\"https:\\\/\\\/uus.addinol.ee\\\/lv\\\/toode\\\/universaalne-traktorioli-utto-extra\\\/#primaryimage\",\"url\":\"https:\\\/\\\/uus.addinol.ee\\\/wp-content\\\/uploads\\\/2025\\\/05\\\/gruppe-scaled.jpg\",\"contentUrl\":\"https:\\\/\\\/uus.addinol.ee\\\/wp-content\\\/uploads\\\/2025\\\/05\\\/gruppe-scaled.jpg\",\"width\":2085,\"height\":2560},{\"@type\":\"BreadcrumbList\",\"@id\":\"https:\\\/\\\/uus.addinol.ee\\\/lv\\\/toode\\\/universaalne-traktorioli-utto-extra\\\/#breadcrumb\",\"itemListElement\":[{\"@type\":\"ListItem\",\"position\":1,\"name\":\"ADDINOL\",\"item\":\"https:\\\/\\\/uus.addinol.ee\\\/lv\\\/\"},{\"@type\":\"ListItem\",\"position\":2,\"name\":\"E-pood\",\"item\":\"https:\\\/\\\/uus.addinol.ee\\\/e-pood\\\/\"},{\"@type\":\"ListItem\",\"position\":3,\"name\":\"Universaalne traktori\u00f5li UTTO Extra\"}]},{\"@type\":\"WebSite\",\"@id\":\"https:\\\/\\\/uus.addinol.ee\\\/lv\\\/#website\",\"url\":\"https:\\\/\\\/uus.addinol.ee\\\/lv\\\/\",\"name\":\"ADDINOL\",\"description\":\"Mootori&otilde;lid ja m&auml;&auml;&auml;rdeained igaks kasutusjuhuks\",\"publisher\":{\"@id\":\"https:\\\/\\\/uus.addinol.ee\\\/lv\\\/#organization\"},\"potentialAction\":[{\"@type\":\"SearchAction\",\"target\":{\"@type\":\"EntryPoint\",\"urlTemplate\":\"https:\\\/\\\/uus.addinol.ee\\\/lv\\\/?s={search_term_string}\"},\"query-input\":{\"@type\":\"PropertyValueSpecification\",\"valueRequired\":true,\"valueName\":\"search_term_string\"}}],\"inLanguage\":\"lv-LV\"},{\"@type\":\"Organization\",\"@id\":\"https:\\\/\\\/uus.addinol.ee\\\/lv\\\/#organization\",\"name\":\"ADDINOL\",\"url\":\"https:\\\/\\\/uus.addinol.ee\\\/lv\\\/\",\"logo\":{\"@type\":\"ImageObject\",\"inLanguage\":\"lv-LV\",\"@id\":\"https:\\\/\\\/uus.addinol.ee\\\/lv\\\/#\\\/schema\\\/logo\\\/image\\\/\",\"url\":\"https:\\\/\\\/uus.addinol.ee\\\/wp-content\\\/uploads\\\/2024\\\/10\\\/1200px-ADDINOL-Logo.webp\",\"contentUrl\":\"https:\\\/\\\/uus.addinol.ee\\\/wp-content\\\/uploads\\\/2024\\\/10\\\/1200px-ADDINOL-Logo.webp\",\"width\":1200,\"height\":431,\"caption\":\"ADDINOL\"},\"image\":{\"@id\":\"https:\\\/\\\/uus.addinol.ee\\\/lv\\\/#\\\/schema\\\/logo\\\/image\\\/\"},\"sameAs\":[\"https:\\\/\\\/www.facebook.com\\\/ADDINOLEesti\\\/\",\"https:\\\/\\\/www.instagram.com\\\/addinol_eesti\\\/\"]}]}<\/script>\n<!-- \/ Yoast SEO plugin. -->","yoast_head_json":{"title":"Universaalne traktori\u00f5li UTTO Extra - ADDINOL","robots":{"index":"index","follow":"follow","max-snippet":"max-snippet:-1","max-image-preview":"max-image-preview:large","max-video-preview":"max-video-preview:-1"},"canonical":"https:\/\/uus.addinol.ee\/lv\/toode\/universaalne-traktorioli-utto-extra\/","og_locale":"lv_LV","og_type":"article","og_title":"Universaalne traktori\u00f5li UTTO Extra - ADDINOL","og_description":"Universaalne traktori\u00f5li UTTO Extra on UTTO t\u00fc\u00fcpi traktori\u00f5li viskoossusklassis SAE 85W (20W-40). Traktori\u00f5li ADDINOL UTTO Extra on toodetud k\u00f5rgkvaliteetsetest mineraalsetest baas\u00f5lidest ja t\u00f5husatest manustest, mis tagavad ehitus- ja p\u00f5llut\u00f6\u00f6masinate transmissioonide, veosildade ja h\u00fcdros\u00fcsteemide t\u00f6\u00f6kindluse.","og_url":"https:\/\/uus.addinol.ee\/lv\/toode\/universaalne-traktorioli-utto-extra\/","og_site_name":"ADDINOL","article_publisher":"https:\/\/www.facebook.com\/ADDINOLEesti\/","article_modified_time":"2025-10-14T08:35:09+00:00","og_image":[{"width":2085,"height":2560,"url":"https:\/\/uus.addinol.ee\/wp-content\/uploads\/2025\/05\/gruppe-scaled.jpg","type":"image\/jpeg"}],"twitter_card":"summary_large_image","twitter_misc":{"Est. reading time":"2 minutes"},"schema":{"@context":"https:\/\/schema.org","@graph":[{"@type":"WebPage","@id":"https:\/\/uus.addinol.ee\/lv\/toode\/universaalne-traktorioli-utto-extra\/","url":"https:\/\/uus.addinol.ee\/lv\/toode\/universaalne-traktorioli-utto-extra\/","name":"Universaalne traktori\u00f5li UTTO Extra - ADDINOL","isPartOf":{"@id":"https:\/\/uus.addinol.ee\/lv\/#website"},"primaryImageOfPage":{"@id":"https:\/\/uus.addinol.ee\/lv\/toode\/universaalne-traktorioli-utto-extra\/#primaryimage"},"image":{"@id":"https:\/\/uus.addinol.ee\/lv\/toode\/universaalne-traktorioli-utto-extra\/#primaryimage"},"thumbnailUrl":"https:\/\/uus.addinol.ee\/wp-content\/uploads\/2025\/05\/gruppe-scaled.jpg","datePublished":"2024-12-31T12:25:57+00:00","dateModified":"2025-10-14T08:35:09+00:00","breadcrumb":{"@id":"https:\/\/uus.addinol.ee\/lv\/toode\/universaalne-traktorioli-utto-extra\/#breadcrumb"},"inLanguage":"lv-LV","potentialAction":[{"@type":"ReadAction","target":["https:\/\/uus.addinol.ee\/lv\/toode\/universaalne-traktorioli-utto-extra\/"]}]},{"@type":"ImageObject","inLanguage":"lv-LV","@id":"https:\/\/uus.addinol.ee\/lv\/toode\/universaalne-traktorioli-utto-extra\/#primaryimage","url":"https:\/\/uus.addinol.ee\/wp-content\/uploads\/2025\/05\/gruppe-scaled.jpg","contentUrl":"https:\/\/uus.addinol.ee\/wp-content\/uploads\/2025\/05\/gruppe-scaled.jpg","width":2085,"height":2560},{"@type":"BreadcrumbList","@id":"https:\/\/uus.addinol.ee\/lv\/toode\/universaalne-traktorioli-utto-extra\/#breadcrumb","itemListElement":[{"@type":"ListItem","position":1,"name":"ADDINOL","item":"https:\/\/uus.addinol.ee\/lv\/"},{"@type":"ListItem","position":2,"name":"E-pood","item":"https:\/\/uus.addinol.ee\/e-pood\/"},{"@type":"ListItem","position":3,"name":"Universaalne traktori\u00f5li UTTO Extra"}]},{"@type":"WebSite","@id":"https:\/\/uus.addinol.ee\/lv\/#website","url":"https:\/\/uus.addinol.ee\/lv\/","name":"ADDINOL","description":"Mootori&otilde;lid ja m&auml;&auml;&auml;rdeained igaks kasutusjuhuks","publisher":{"@id":"https:\/\/uus.addinol.ee\/lv\/#organization"},"potentialAction":[{"@type":"SearchAction","target":{"@type":"EntryPoint","urlTemplate":"https:\/\/uus.addinol.ee\/lv\/?s={search_term_string}"},"query-input":{"@type":"PropertyValueSpecification","valueRequired":true,"valueName":"search_term_string"}}],"inLanguage":"lv-LV"},{"@type":"Organization","@id":"https:\/\/uus.addinol.ee\/lv\/#organization","name":"ADDINOL","url":"https:\/\/uus.addinol.ee\/lv\/","logo":{"@type":"ImageObject","inLanguage":"lv-LV","@id":"https:\/\/uus.addinol.ee\/lv\/#\/schema\/logo\/image\/","url":"https:\/\/uus.addinol.ee\/wp-content\/uploads\/2024\/10\/1200px-ADDINOL-Logo.webp","contentUrl":"https:\/\/uus.addinol.ee\/wp-content\/uploads\/2024\/10\/1200px-ADDINOL-Logo.webp","width":1200,"height":431,"caption":"ADDINOL"},"image":{"@id":"https:\/\/uus.addinol.ee\/lv\/#\/schema\/logo\/image\/"},"sameAs":["https:\/\/www.facebook.com\/ADDINOLEesti\/","https:\/\/www.instagram.com\/addinol_eesti\/"]}]}},"_links":{"self":[{"href":"https:\/\/uus.addinol.ee\/lv\/wp-json\/wp\/v2\/product\/6200","targetHints":{"allow":["GET"]}}],"collection":[{"href":"https:\/\/uus.addinol.ee\/lv\/wp-json\/wp\/v2\/product"}],"about":[{"href":"https:\/\/uus.addinol.ee\/lv\/wp-json\/wp\/v2\/types\/product"}],"wp:featuredmedia":[{"embeddable":true,"href":"https:\/\/uus.addinol.ee\/lv\/wp-json\/wp\/v2\/media\/8128"}],"wp:attachment":[{"href":"https:\/\/uus.addinol.ee\/lv\/wp-json\/wp\/v2\/media?parent=6200"}],"wp:term":[{"taxonomy":"viscosity","embeddable":true,"href":"https:\/\/uus.addinol.ee\/lv\/wp-json\/wp\/v2\/viscosity?post=6200"},{"taxonomy":"product_brand","embeddable":true,"href":"https:\/\/uus.addinol.ee\/lv\/wp-json\/wp\/v2\/product_brand?post=6200"},{"taxonomy":"product_cat","embeddable":true,"href":"https:\/\/uus.addinol.ee\/lv\/wp-json\/wp\/v2\/product_cat?post=6200"},{"taxonomy":"product_tag","embeddable":true,"href":"https:\/\/uus.addinol.ee\/lv\/wp-json\/wp\/v2\/product_tag?post=6200"},{"taxonomy":"inventory","embeddable":true,"href":"https:\/\/uus.addinol.ee\/lv\/wp-json\/wp\/v2\/inventory?post=6200"}],"curies":[{"name":"wp","href":"https:\/\/api.w.org\/{rel}","templated":true}]}}