{"id":6204,"date":"2024-12-31T12:25:57","date_gmt":"2024-12-31T12:25:57","guid":{"rendered":"https:\/\/addinol.ee\/toode\/kompressorioli-verdichterol-vdl-150\/"},"modified":"2025-10-14T11:35:10","modified_gmt":"2025-10-14T08:35:10","slug":"kompressorioli-verdichterol-vdl-150","status":"publish","type":"product","link":"https:\/\/uus.addinol.ee\/lv\/toode\/kompressorioli-verdichterol-vdl-150\/","title":{"rendered":"Kompressori\u00f5li Verdichter\u00f6l VDL 150"},"content":{"rendered":"<p><strong>Kompressori\u00f5li ADDINOL VDL 150 KASUTUSV\u00d5IMALUSED:<\/strong><br \/>\n\u2022 Sobib kasutamiseks igat t\u00fc\u00fcpi \u00f5hukompressorites, kui kompressiooni l\u00f5pptemperatuur on kuni +220 \u00b0C.<br \/>\n\u2022 Sobib ideaalselt kasutamiseks suurtel koormustel t\u00f6\u00f6tavates kolbkompressorites ja muud t\u00fc\u00fcpi kompressorites.<\/p>\n<p><strong>Kompressori\u00f5li ADDINOL VDL 150 SPETSIFIKATSIOON \/ LITSENTSID:<\/strong><br \/>\nKompressori\u00f5li ADDINOL VDL 150 t\u00e4idab ja \u00fcletab n\u00f5udeid:<br \/>\n\u2022 DIN 51506<br \/>\n\u2022 ISO 6743-3 (L-DAH)<\/p>\n<p>VDL 150 kompressori\u00f5lile on v\u00e4ljastanud litsentsi:<br \/>\n\u2022 T\u00dcV Essen (VDL 46, 100, 150)<br \/>\n\u2022 LMF (VDL 100, 150)<\/p>\n<p>Viskoossusklassid vastavalt:<br \/>\n\u2022 ISO 3448<\/p>\n<p><strong>Kompressori\u00f5li ADDINOL VDL 150 OMADUSED:<\/strong><br \/>\n\u2022 Suurep\u00e4rane termooks\u00fcdatsioonikindlus<br \/>\n\u2022 Hea kulumiskaitse<br \/>\n\u2022 Erakordselt vananemiskindel<br \/>\n\u2022 V\u00e4iksed aurustumiskaod<br \/>\n\u2022 Viskoossuse v\u00e4hene s\u00f5ltuvus temperatuurist<br \/>\n\u2022 Suurep\u00e4rane \u00f5hu ja vee eraldusv\u00f5ime<\/p>\n<p><strong>Kompressori\u00f5li ADDINOL VDL 150 EELISED TARBIJALE:<\/strong><br \/>\n\u2022 Sobib kasutamiseks kriitilistes ekspluatatsioonitingimustes<br \/>\n\u2022 Ei koksistu ega tekita sadestisi<br \/>\n\u2022 Reduktorite ja laagrite t\u00f5hus kulumiskaitse<br \/>\n\u2022 \u00d5li pikem t\u00f6\u00f6iga \u2013 v\u00e4iksemad ekspluatatsioonikulud<br \/>\n\u2022 V\u00e4iksem \u00f5likulu<br \/>\n\u2022 Laitmatu m\u00e4\u00e4rimine ja kompressioon ka madalatel v\u00f5i vahelduvatel temperatuuridel<br \/>\n\u2022 Sissetunginud \u00f5hk eraldub kiiresti<br \/>\n\u2022 Takistab vahu ja emulsiooni teket<\/p>\n","protected":false},"excerpt":{"rendered":"<p>Kompressori\u00f5li ADDINOL VDL 150 viskoossusklassis ISO VG 150 on vananemiskindel m\u00e4\u00e4rde\u00f5li igat t\u00fc\u00fcpi \u00f5hukompressoritele.<br \/>\nKompressori\u00f5li ADDINOL VDL 150 ideaalne kombinatsioon k\u00f5rgkvaliteetsetest mineraal\u00f5li rafinaatidest ja t\u00f5husast manusekomplektist tagab erakordse j\u00f5udluse ning suurep\u00e4rase korrosioonikaitse ja vananemiskindluse, minimaalse kalduvuse koksistumiseks ja sadestiste tekkeks.<\/p>\n","protected":false},"featured_media":10760,"template":"","meta":{"_acf_changed":false},"viscosity":[],"product_brand":[],"product_cat":[151,193],"product_tag":[],"inventory":[],"class_list":{"0":"post-6204","1":"product","2":"type-product","3":"status-publish","4":"has-post-thumbnail","6":"product_cat-toostusmaardeained","7":"product_cat-kompressoriolid","8":"pa_vali-pakend-20l","10":"first","11":"instock","12":"taxable","13":"shipping-taxable","14":"purchasable","15":"product-type-simple"},"acf":[],"yoast_head":"<!-- This site is optimized with the Yoast SEO plugin v27.5 - https:\/\/yoast.com\/product\/yoast-seo-wordpress\/ -->\n<title>Kompressori\u00f5li Verdichter\u00f6l VDL 150 - ADDINOL<\/title>\n<meta name=\"robots\" content=\"index, follow, max-snippet:-1, max-image-preview:large, max-video-preview:-1\" \/>\n<link rel=\"canonical\" href=\"https:\/\/uus.addinol.ee\/lv\/toode\/kompressorioli-verdichterol-vdl-150\/\" \/>\n<meta property=\"og:locale\" content=\"lv_LV\" \/>\n<meta property=\"og:type\" content=\"article\" \/>\n<meta property=\"og:title\" content=\"Kompressori\u00f5li Verdichter\u00f6l VDL 150 - ADDINOL\" \/>\n<meta property=\"og:description\" content=\"Kompressori\u00f5li ADDINOL VDL 150 viskoossusklassis ISO VG 150 on vananemiskindel m\u00e4\u00e4rde\u00f5li igat t\u00fc\u00fcpi \u00f5hukompressoritele. Kompressori\u00f5li ADDINOL VDL 150 ideaalne kombinatsioon k\u00f5rgkvaliteetsetest mineraal\u00f5li rafinaatidest ja t\u00f5husast manusekomplektist tagab erakordse j\u00f5udluse ning suurep\u00e4rase korrosioonikaitse ja vananemiskindluse, minimaalse kalduvuse koksistumiseks ja sadestiste tekkeks.\" \/>\n<meta property=\"og:url\" content=\"https:\/\/uus.addinol.ee\/lv\/toode\/kompressorioli-verdichterol-vdl-150\/\" \/>\n<meta property=\"og:site_name\" content=\"ADDINOL\" \/>\n<meta property=\"article:publisher\" content=\"https:\/\/www.facebook.com\/ADDINOLEesti\/\" \/>\n<meta property=\"article:modified_time\" content=\"2025-10-14T08:35:10+00:00\" \/>\n<meta property=\"og:image\" content=\"https:\/\/uus.addinol.ee\/wp-content\/uploads\/2024\/12\/75401363_verdichterol-vdl-150_20l-can-e1750863839223.png\" \/>\n\t<meta property=\"og:image:width\" content=\"1000\" \/>\n\t<meta property=\"og:image:height\" content=\"957\" \/>\n\t<meta property=\"og:image:type\" content=\"image\/png\" \/>\n<meta name=\"twitter:card\" content=\"summary_large_image\" \/>\n<meta name=\"twitter:label1\" content=\"Est. reading time\" \/>\n\t<meta name=\"twitter:data1\" content=\"2 minutes\" \/>\n<script type=\"application\/ld+json\" class=\"yoast-schema-graph\">{\"@context\":\"https:\\\/\\\/schema.org\",\"@graph\":[{\"@type\":\"WebPage\",\"@id\":\"https:\\\/\\\/uus.addinol.ee\\\/lv\\\/toode\\\/kompressorioli-verdichterol-vdl-150\\\/\",\"url\":\"https:\\\/\\\/uus.addinol.ee\\\/lv\\\/toode\\\/kompressorioli-verdichterol-vdl-150\\\/\",\"name\":\"Kompressori\u00f5li Verdichter\u00f6l VDL 150 - ADDINOL\",\"isPartOf\":{\"@id\":\"https:\\\/\\\/uus.addinol.ee\\\/lv\\\/#website\"},\"primaryImageOfPage\":{\"@id\":\"https:\\\/\\\/uus.addinol.ee\\\/lv\\\/toode\\\/kompressorioli-verdichterol-vdl-150\\\/#primaryimage\"},\"image\":{\"@id\":\"https:\\\/\\\/uus.addinol.ee\\\/lv\\\/toode\\\/kompressorioli-verdichterol-vdl-150\\\/#primaryimage\"},\"thumbnailUrl\":\"https:\\\/\\\/uus.addinol.ee\\\/wp-content\\\/uploads\\\/2024\\\/12\\\/75401363_verdichterol-vdl-150_20l-can-e1750863839223.png\",\"datePublished\":\"2024-12-31T12:25:57+00:00\",\"dateModified\":\"2025-10-14T08:35:10+00:00\",\"breadcrumb\":{\"@id\":\"https:\\\/\\\/uus.addinol.ee\\\/lv\\\/toode\\\/kompressorioli-verdichterol-vdl-150\\\/#breadcrumb\"},\"inLanguage\":\"lv-LV\",\"potentialAction\":[{\"@type\":\"ReadAction\",\"target\":[\"https:\\\/\\\/uus.addinol.ee\\\/lv\\\/toode\\\/kompressorioli-verdichterol-vdl-150\\\/\"]}]},{\"@type\":\"ImageObject\",\"inLanguage\":\"lv-LV\",\"@id\":\"https:\\\/\\\/uus.addinol.ee\\\/lv\\\/toode\\\/kompressorioli-verdichterol-vdl-150\\\/#primaryimage\",\"url\":\"https:\\\/\\\/uus.addinol.ee\\\/wp-content\\\/uploads\\\/2024\\\/12\\\/75401363_verdichterol-vdl-150_20l-can-e1750863839223.png\",\"contentUrl\":\"https:\\\/\\\/uus.addinol.ee\\\/wp-content\\\/uploads\\\/2024\\\/12\\\/75401363_verdichterol-vdl-150_20l-can-e1750863839223.png\",\"width\":1000,\"height\":957},{\"@type\":\"BreadcrumbList\",\"@id\":\"https:\\\/\\\/uus.addinol.ee\\\/lv\\\/toode\\\/kompressorioli-verdichterol-vdl-150\\\/#breadcrumb\",\"itemListElement\":[{\"@type\":\"ListItem\",\"position\":1,\"name\":\"ADDINOL\",\"item\":\"https:\\\/\\\/uus.addinol.ee\\\/lv\\\/\"},{\"@type\":\"ListItem\",\"position\":2,\"name\":\"E-pood\",\"item\":\"https:\\\/\\\/uus.addinol.ee\\\/e-pood\\\/\"},{\"@type\":\"ListItem\",\"position\":3,\"name\":\"Kompressori\u00f5li Verdichter\u00f6l VDL 150\"}]},{\"@type\":\"WebSite\",\"@id\":\"https:\\\/\\\/uus.addinol.ee\\\/lv\\\/#website\",\"url\":\"https:\\\/\\\/uus.addinol.ee\\\/lv\\\/\",\"name\":\"ADDINOL\",\"description\":\"Mootori&otilde;lid ja m&auml;&auml;&auml;rdeained igaks kasutusjuhuks\",\"publisher\":{\"@id\":\"https:\\\/\\\/uus.addinol.ee\\\/lv\\\/#organization\"},\"potentialAction\":[{\"@type\":\"SearchAction\",\"target\":{\"@type\":\"EntryPoint\",\"urlTemplate\":\"https:\\\/\\\/uus.addinol.ee\\\/lv\\\/?s={search_term_string}\"},\"query-input\":{\"@type\":\"PropertyValueSpecification\",\"valueRequired\":true,\"valueName\":\"search_term_string\"}}],\"inLanguage\":\"lv-LV\"},{\"@type\":\"Organization\",\"@id\":\"https:\\\/\\\/uus.addinol.ee\\\/lv\\\/#organization\",\"name\":\"ADDINOL\",\"url\":\"https:\\\/\\\/uus.addinol.ee\\\/lv\\\/\",\"logo\":{\"@type\":\"ImageObject\",\"inLanguage\":\"lv-LV\",\"@id\":\"https:\\\/\\\/uus.addinol.ee\\\/lv\\\/#\\\/schema\\\/logo\\\/image\\\/\",\"url\":\"https:\\\/\\\/uus.addinol.ee\\\/wp-content\\\/uploads\\\/2024\\\/10\\\/1200px-ADDINOL-Logo.webp\",\"contentUrl\":\"https:\\\/\\\/uus.addinol.ee\\\/wp-content\\\/uploads\\\/2024\\\/10\\\/1200px-ADDINOL-Logo.webp\",\"width\":1200,\"height\":431,\"caption\":\"ADDINOL\"},\"image\":{\"@id\":\"https:\\\/\\\/uus.addinol.ee\\\/lv\\\/#\\\/schema\\\/logo\\\/image\\\/\"},\"sameAs\":[\"https:\\\/\\\/www.facebook.com\\\/ADDINOLEesti\\\/\",\"https:\\\/\\\/www.instagram.com\\\/addinol_eesti\\\/\"]}]}<\/script>\n<!-- \/ Yoast SEO plugin. -->","yoast_head_json":{"title":"Kompressori\u00f5li Verdichter\u00f6l VDL 150 - ADDINOL","robots":{"index":"index","follow":"follow","max-snippet":"max-snippet:-1","max-image-preview":"max-image-preview:large","max-video-preview":"max-video-preview:-1"},"canonical":"https:\/\/uus.addinol.ee\/lv\/toode\/kompressorioli-verdichterol-vdl-150\/","og_locale":"lv_LV","og_type":"article","og_title":"Kompressori\u00f5li Verdichter\u00f6l VDL 150 - ADDINOL","og_description":"Kompressori\u00f5li ADDINOL VDL 150 viskoossusklassis ISO VG 150 on vananemiskindel m\u00e4\u00e4rde\u00f5li igat t\u00fc\u00fcpi \u00f5hukompressoritele. Kompressori\u00f5li ADDINOL VDL 150 ideaalne kombinatsioon k\u00f5rgkvaliteetsetest mineraal\u00f5li rafinaatidest ja t\u00f5husast manusekomplektist tagab erakordse j\u00f5udluse ning suurep\u00e4rase korrosioonikaitse ja vananemiskindluse, minimaalse kalduvuse koksistumiseks ja sadestiste tekkeks.","og_url":"https:\/\/uus.addinol.ee\/lv\/toode\/kompressorioli-verdichterol-vdl-150\/","og_site_name":"ADDINOL","article_publisher":"https:\/\/www.facebook.com\/ADDINOLEesti\/","article_modified_time":"2025-10-14T08:35:10+00:00","og_image":[{"width":1000,"height":957,"url":"https:\/\/uus.addinol.ee\/wp-content\/uploads\/2024\/12\/75401363_verdichterol-vdl-150_20l-can-e1750863839223.png","type":"image\/png"}],"twitter_card":"summary_large_image","twitter_misc":{"Est. reading time":"2 minutes"},"schema":{"@context":"https:\/\/schema.org","@graph":[{"@type":"WebPage","@id":"https:\/\/uus.addinol.ee\/lv\/toode\/kompressorioli-verdichterol-vdl-150\/","url":"https:\/\/uus.addinol.ee\/lv\/toode\/kompressorioli-verdichterol-vdl-150\/","name":"Kompressori\u00f5li Verdichter\u00f6l VDL 150 - ADDINOL","isPartOf":{"@id":"https:\/\/uus.addinol.ee\/lv\/#website"},"primaryImageOfPage":{"@id":"https:\/\/uus.addinol.ee\/lv\/toode\/kompressorioli-verdichterol-vdl-150\/#primaryimage"},"image":{"@id":"https:\/\/uus.addinol.ee\/lv\/toode\/kompressorioli-verdichterol-vdl-150\/#primaryimage"},"thumbnailUrl":"https:\/\/uus.addinol.ee\/wp-content\/uploads\/2024\/12\/75401363_verdichterol-vdl-150_20l-can-e1750863839223.png","datePublished":"2024-12-31T12:25:57+00:00","dateModified":"2025-10-14T08:35:10+00:00","breadcrumb":{"@id":"https:\/\/uus.addinol.ee\/lv\/toode\/kompressorioli-verdichterol-vdl-150\/#breadcrumb"},"inLanguage":"lv-LV","potentialAction":[{"@type":"ReadAction","target":["https:\/\/uus.addinol.ee\/lv\/toode\/kompressorioli-verdichterol-vdl-150\/"]}]},{"@type":"ImageObject","inLanguage":"lv-LV","@id":"https:\/\/uus.addinol.ee\/lv\/toode\/kompressorioli-verdichterol-vdl-150\/#primaryimage","url":"https:\/\/uus.addinol.ee\/wp-content\/uploads\/2024\/12\/75401363_verdichterol-vdl-150_20l-can-e1750863839223.png","contentUrl":"https:\/\/uus.addinol.ee\/wp-content\/uploads\/2024\/12\/75401363_verdichterol-vdl-150_20l-can-e1750863839223.png","width":1000,"height":957},{"@type":"BreadcrumbList","@id":"https:\/\/uus.addinol.ee\/lv\/toode\/kompressorioli-verdichterol-vdl-150\/#breadcrumb","itemListElement":[{"@type":"ListItem","position":1,"name":"ADDINOL","item":"https:\/\/uus.addinol.ee\/lv\/"},{"@type":"ListItem","position":2,"name":"E-pood","item":"https:\/\/uus.addinol.ee\/e-pood\/"},{"@type":"ListItem","position":3,"name":"Kompressori\u00f5li Verdichter\u00f6l VDL 150"}]},{"@type":"WebSite","@id":"https:\/\/uus.addinol.ee\/lv\/#website","url":"https:\/\/uus.addinol.ee\/lv\/","name":"ADDINOL","description":"Mootori&otilde;lid ja m&auml;&auml;&auml;rdeained igaks kasutusjuhuks","publisher":{"@id":"https:\/\/uus.addinol.ee\/lv\/#organization"},"potentialAction":[{"@type":"SearchAction","target":{"@type":"EntryPoint","urlTemplate":"https:\/\/uus.addinol.ee\/lv\/?s={search_term_string}"},"query-input":{"@type":"PropertyValueSpecification","valueRequired":true,"valueName":"search_term_string"}}],"inLanguage":"lv-LV"},{"@type":"Organization","@id":"https:\/\/uus.addinol.ee\/lv\/#organization","name":"ADDINOL","url":"https:\/\/uus.addinol.ee\/lv\/","logo":{"@type":"ImageObject","inLanguage":"lv-LV","@id":"https:\/\/uus.addinol.ee\/lv\/#\/schema\/logo\/image\/","url":"https:\/\/uus.addinol.ee\/wp-content\/uploads\/2024\/10\/1200px-ADDINOL-Logo.webp","contentUrl":"https:\/\/uus.addinol.ee\/wp-content\/uploads\/2024\/10\/1200px-ADDINOL-Logo.webp","width":1200,"height":431,"caption":"ADDINOL"},"image":{"@id":"https:\/\/uus.addinol.ee\/lv\/#\/schema\/logo\/image\/"},"sameAs":["https:\/\/www.facebook.com\/ADDINOLEesti\/","https:\/\/www.instagram.com\/addinol_eesti\/"]}]}},"_links":{"self":[{"href":"https:\/\/uus.addinol.ee\/lv\/wp-json\/wp\/v2\/product\/6204","targetHints":{"allow":["GET"]}}],"collection":[{"href":"https:\/\/uus.addinol.ee\/lv\/wp-json\/wp\/v2\/product"}],"about":[{"href":"https:\/\/uus.addinol.ee\/lv\/wp-json\/wp\/v2\/types\/product"}],"wp:featuredmedia":[{"embeddable":true,"href":"https:\/\/uus.addinol.ee\/lv\/wp-json\/wp\/v2\/media\/10760"}],"wp:attachment":[{"href":"https:\/\/uus.addinol.ee\/lv\/wp-json\/wp\/v2\/media?parent=6204"}],"wp:term":[{"taxonomy":"viscosity","embeddable":true,"href":"https:\/\/uus.addinol.ee\/lv\/wp-json\/wp\/v2\/viscosity?post=6204"},{"taxonomy":"product_brand","embeddable":true,"href":"https:\/\/uus.addinol.ee\/lv\/wp-json\/wp\/v2\/product_brand?post=6204"},{"taxonomy":"product_cat","embeddable":true,"href":"https:\/\/uus.addinol.ee\/lv\/wp-json\/wp\/v2\/product_cat?post=6204"},{"taxonomy":"product_tag","embeddable":true,"href":"https:\/\/uus.addinol.ee\/lv\/wp-json\/wp\/v2\/product_tag?post=6204"},{"taxonomy":"inventory","embeddable":true,"href":"https:\/\/uus.addinol.ee\/lv\/wp-json\/wp\/v2\/inventory?post=6204"}],"curies":[{"name":"wp","href":"https:\/\/api.w.org\/{rel}","templated":true}]}}