{"id":6211,"date":"2024-12-31T12:25:57","date_gmt":"2024-12-31T12:25:57","guid":{"rendered":"https:\/\/addinol.ee\/toode\/aerosool-wxa-spray\/"},"modified":"2025-10-14T11:35:11","modified_gmt":"2025-10-14T08:35:11","slug":"aerosool-wxa-spray","status":"publish","type":"product","link":"https:\/\/uus.addinol.ee\/lv\/toode\/aerosool-wxa-spray\/","title":{"rendered":"Aerosool WXA Spray"},"content":{"rendered":"<p><strong>Aerosool <a href=\"https:\/\/addinol.de\/products\/product-finder\/addinol-wxa-spray\/?lang=et\">WXA Spray<\/a> KASUTUSV\u00d5IMALUSED:<\/strong><br \/>\n<a href=\"https:\/\/uus.addinol.ee\/tootekategooria\/toostusmaardeained\/maardeained-toiduainetoostusele\/\">Toiduaine-<\/a>, farmaatsia-, paberi- ja kartonaa\u017eit\u00f6\u00f6stuses:<br \/>\n\u2022 toiduainete pakkimismasinate ja pakenditootmismasinate m\u00e4\u00e4rimiseks,<br \/>\n\u2022 toiduainetega kokkupuutuvate konveierikettide ja -lintide m\u00e4\u00e4rimiseks,<br \/>\n\u2022 kaelustihendite, O-r\u00f5ngastihendite, ajamite ja muude mehhanismide vedelm\u00e4\u00e4rimiseks.<br \/>\nJoogit\u00f6\u00f6stuses:<br \/>\n\u2022 konveierikettide m\u00e4\u00e4rimiseks, masinate ja agregaatide katteplaatide v\u00f5i kerede ajutiseks konserveerimiseks ning masinate ja seadmeosade ajutiseks konserveerimiseks hooldust\u00f6\u00f6de ajal.<\/p>\n<p><strong>Aerosool WXA Spray SPETSIFIKATSIOON \/ LITSENTSID<\/strong><br \/>\nAerosool WXA Spray on kantud NSF H1 kategooria m\u00e4\u00e4rdeainete nimekirja (reg-nr 139 242).<\/p>\n<p>T\u00e4idab j\u00e4rgnevate spetsifikatsioonide puhtusalaseid n\u00f5udeid:<br \/>\n\u2022 Saksa Ravimiraamat (DAB)*<br \/>\n\u2022 Euroopa farmakop\u00f6a (PhEur)*<br \/>\n\u2022 Briti farmakop\u00f6a (BP)*<br \/>\n\u2022 USA Toidu- ja Ravimiamet (Food and Drug Administration FDA)*<br \/>\n* vastavalt kehtivale v\u00e4ljaandele<\/p>\n<p>K\u00f5ik koostisained on tervisele kahjutud.<\/p>\n<p><strong>OMADUSED:<\/strong><br \/>\n\u2022 L\u00f5hnatu ja maitsetu, ei sisalda aromaatseid s\u00fcsivesinikke<br \/>\n\u2022 Veekarva<br \/>\n\u2022 Eriti vastupidav keskkonnam\u00f5judele<br \/>\n\u2022 Suurep\u00e4rase vee t\u00f5rjumisv\u00f5ime ja roomavusega<br \/>\n\u2022 Suurep\u00e4rane oks\u00fcdatsioonikindlus<br \/>\n\u2022 Sisaldab propaani- ja butaanip\u00f5hist kloorivaba propellenti<\/p>\n<p><strong>\u00a0EELISED TARBIJALE:<\/strong><br \/>\n\u2022 Ideaalne m\u00e4\u00e4rdeaine farmaatsia- ja toiduainet\u00f6\u00f6stusele, tervisele kahjutu<br \/>\n\u2022 Ei muuda v\u00e4rvust<br \/>\n\u2022 V\u00e4rvuse p\u00fcsimine ka soojuse ja valguse toimel<br \/>\n\u2022 Suurep\u00e4rane korrosioonikaitse k\u00f5ikides kohtades<br \/>\n\u2022 Ei vaigustu ega r\u00e4\u00e4stu<br \/>\n\u2022 Osoonis\u00f5bralik<\/p>\n","protected":false},"excerpt":{"rendered":"<p>Tervisele kahjutu aerosool ADDINOL WXA Spray (Paraffinum Subliquidum) on hoolikalt rafineeritud mineraal\u00f5li, millele on lisatud kloorivaba propellent.<\/p>\n","protected":false},"featured_media":7443,"template":"","meta":{"_acf_changed":false},"viscosity":[],"product_brand":[],"product_cat":[588,722,151,191,202],"product_tag":[],"inventory":[],"class_list":{"0":"post-6211","1":"product","2":"type-product","3":"status-publish","4":"has-post-thumbnail","6":"product_cat-aerosoolid","7":"product_cat-ettevaatust-noudvad-kasutusvaldkonnad","8":"product_cat-toostusmaardeained","9":"product_cat-ketiolid","10":"product_cat-maardeained-toiduainetoostusele","11":"pa_vali-pakend-500-ml","13":"first","14":"instock","15":"taxable","16":"shipping-taxable","17":"purchasable","18":"product-type-simple"},"acf":[],"yoast_head":"<!-- This site is optimized with the Yoast SEO plugin v27.5 - https:\/\/yoast.com\/product\/yoast-seo-wordpress\/ -->\n<title>Aerosool WXA Spray - ADDINOL<\/title>\n<meta name=\"robots\" content=\"index, follow, max-snippet:-1, max-image-preview:large, max-video-preview:-1\" \/>\n<link rel=\"canonical\" href=\"https:\/\/uus.addinol.ee\/lv\/toode\/aerosool-wxa-spray\/\" \/>\n<meta property=\"og:locale\" content=\"lv_LV\" \/>\n<meta property=\"og:type\" content=\"article\" \/>\n<meta property=\"og:title\" content=\"Aerosool WXA Spray - ADDINOL\" \/>\n<meta property=\"og:description\" content=\"Tervisele kahjutu aerosool ADDINOL WXA Spray (Paraffinum Subliquidum) on hoolikalt rafineeritud mineraal\u00f5li, millele on lisatud kloorivaba propellent.\" \/>\n<meta property=\"og:url\" content=\"https:\/\/uus.addinol.ee\/lv\/toode\/aerosool-wxa-spray\/\" \/>\n<meta property=\"og:site_name\" content=\"ADDINOL\" \/>\n<meta property=\"article:publisher\" content=\"https:\/\/www.facebook.com\/ADDINOLEesti\/\" \/>\n<meta property=\"article:modified_time\" content=\"2025-10-14T08:35:11+00:00\" \/>\n<meta property=\"og:image\" content=\"https:\/\/uus.addinol.ee\/wp-content\/uploads\/2024\/12\/wxa-spray-e1743667712286.png\" \/>\n\t<meta property=\"og:image:width\" content=\"1000\" \/>\n\t<meta property=\"og:image:height\" content=\"1000\" \/>\n\t<meta property=\"og:image:type\" content=\"image\/png\" \/>\n<meta name=\"twitter:card\" content=\"summary_large_image\" \/>\n<meta name=\"twitter:label1\" content=\"Est. reading time\" \/>\n\t<meta name=\"twitter:data1\" content=\"2 minutes\" \/>\n<script type=\"application\/ld+json\" class=\"yoast-schema-graph\">{\"@context\":\"https:\\\/\\\/schema.org\",\"@graph\":[{\"@type\":\"WebPage\",\"@id\":\"https:\\\/\\\/uus.addinol.ee\\\/lv\\\/toode\\\/aerosool-wxa-spray\\\/\",\"url\":\"https:\\\/\\\/uus.addinol.ee\\\/lv\\\/toode\\\/aerosool-wxa-spray\\\/\",\"name\":\"Aerosool WXA Spray - ADDINOL\",\"isPartOf\":{\"@id\":\"https:\\\/\\\/uus.addinol.ee\\\/lv\\\/#website\"},\"primaryImageOfPage\":{\"@id\":\"https:\\\/\\\/uus.addinol.ee\\\/lv\\\/toode\\\/aerosool-wxa-spray\\\/#primaryimage\"},\"image\":{\"@id\":\"https:\\\/\\\/uus.addinol.ee\\\/lv\\\/toode\\\/aerosool-wxa-spray\\\/#primaryimage\"},\"thumbnailUrl\":\"https:\\\/\\\/uus.addinol.ee\\\/wp-content\\\/uploads\\\/2024\\\/12\\\/wxa-spray-e1743667712286.png\",\"datePublished\":\"2024-12-31T12:25:57+00:00\",\"dateModified\":\"2025-10-14T08:35:11+00:00\",\"breadcrumb\":{\"@id\":\"https:\\\/\\\/uus.addinol.ee\\\/lv\\\/toode\\\/aerosool-wxa-spray\\\/#breadcrumb\"},\"inLanguage\":\"lv-LV\",\"potentialAction\":[{\"@type\":\"ReadAction\",\"target\":[\"https:\\\/\\\/uus.addinol.ee\\\/lv\\\/toode\\\/aerosool-wxa-spray\\\/\"]}]},{\"@type\":\"ImageObject\",\"inLanguage\":\"lv-LV\",\"@id\":\"https:\\\/\\\/uus.addinol.ee\\\/lv\\\/toode\\\/aerosool-wxa-spray\\\/#primaryimage\",\"url\":\"https:\\\/\\\/uus.addinol.ee\\\/wp-content\\\/uploads\\\/2024\\\/12\\\/wxa-spray-e1743667712286.png\",\"contentUrl\":\"https:\\\/\\\/uus.addinol.ee\\\/wp-content\\\/uploads\\\/2024\\\/12\\\/wxa-spray-e1743667712286.png\",\"width\":1000,\"height\":1000},{\"@type\":\"BreadcrumbList\",\"@id\":\"https:\\\/\\\/uus.addinol.ee\\\/lv\\\/toode\\\/aerosool-wxa-spray\\\/#breadcrumb\",\"itemListElement\":[{\"@type\":\"ListItem\",\"position\":1,\"name\":\"ADDINOL\",\"item\":\"https:\\\/\\\/uus.addinol.ee\\\/lv\\\/\"},{\"@type\":\"ListItem\",\"position\":2,\"name\":\"E-pood\",\"item\":\"https:\\\/\\\/uus.addinol.ee\\\/e-pood\\\/\"},{\"@type\":\"ListItem\",\"position\":3,\"name\":\"Aerosool WXA Spray\"}]},{\"@type\":\"WebSite\",\"@id\":\"https:\\\/\\\/uus.addinol.ee\\\/lv\\\/#website\",\"url\":\"https:\\\/\\\/uus.addinol.ee\\\/lv\\\/\",\"name\":\"ADDINOL\",\"description\":\"Mootori&otilde;lid ja m&auml;&auml;&auml;rdeained igaks kasutusjuhuks\",\"publisher\":{\"@id\":\"https:\\\/\\\/uus.addinol.ee\\\/lv\\\/#organization\"},\"potentialAction\":[{\"@type\":\"SearchAction\",\"target\":{\"@type\":\"EntryPoint\",\"urlTemplate\":\"https:\\\/\\\/uus.addinol.ee\\\/lv\\\/?s={search_term_string}\"},\"query-input\":{\"@type\":\"PropertyValueSpecification\",\"valueRequired\":true,\"valueName\":\"search_term_string\"}}],\"inLanguage\":\"lv-LV\"},{\"@type\":\"Organization\",\"@id\":\"https:\\\/\\\/uus.addinol.ee\\\/lv\\\/#organization\",\"name\":\"ADDINOL\",\"url\":\"https:\\\/\\\/uus.addinol.ee\\\/lv\\\/\",\"logo\":{\"@type\":\"ImageObject\",\"inLanguage\":\"lv-LV\",\"@id\":\"https:\\\/\\\/uus.addinol.ee\\\/lv\\\/#\\\/schema\\\/logo\\\/image\\\/\",\"url\":\"https:\\\/\\\/uus.addinol.ee\\\/wp-content\\\/uploads\\\/2024\\\/10\\\/1200px-ADDINOL-Logo.webp\",\"contentUrl\":\"https:\\\/\\\/uus.addinol.ee\\\/wp-content\\\/uploads\\\/2024\\\/10\\\/1200px-ADDINOL-Logo.webp\",\"width\":1200,\"height\":431,\"caption\":\"ADDINOL\"},\"image\":{\"@id\":\"https:\\\/\\\/uus.addinol.ee\\\/lv\\\/#\\\/schema\\\/logo\\\/image\\\/\"},\"sameAs\":[\"https:\\\/\\\/www.facebook.com\\\/ADDINOLEesti\\\/\",\"https:\\\/\\\/www.instagram.com\\\/addinol_eesti\\\/\"]}]}<\/script>\n<!-- \/ Yoast SEO plugin. -->","yoast_head_json":{"title":"Aerosool WXA Spray - ADDINOL","robots":{"index":"index","follow":"follow","max-snippet":"max-snippet:-1","max-image-preview":"max-image-preview:large","max-video-preview":"max-video-preview:-1"},"canonical":"https:\/\/uus.addinol.ee\/lv\/toode\/aerosool-wxa-spray\/","og_locale":"lv_LV","og_type":"article","og_title":"Aerosool WXA Spray - ADDINOL","og_description":"Tervisele kahjutu aerosool ADDINOL WXA Spray (Paraffinum Subliquidum) on hoolikalt rafineeritud mineraal\u00f5li, millele on lisatud kloorivaba propellent.","og_url":"https:\/\/uus.addinol.ee\/lv\/toode\/aerosool-wxa-spray\/","og_site_name":"ADDINOL","article_publisher":"https:\/\/www.facebook.com\/ADDINOLEesti\/","article_modified_time":"2025-10-14T08:35:11+00:00","og_image":[{"width":1000,"height":1000,"url":"https:\/\/uus.addinol.ee\/wp-content\/uploads\/2024\/12\/wxa-spray-e1743667712286.png","type":"image\/png"}],"twitter_card":"summary_large_image","twitter_misc":{"Est. reading time":"2 minutes"},"schema":{"@context":"https:\/\/schema.org","@graph":[{"@type":"WebPage","@id":"https:\/\/uus.addinol.ee\/lv\/toode\/aerosool-wxa-spray\/","url":"https:\/\/uus.addinol.ee\/lv\/toode\/aerosool-wxa-spray\/","name":"Aerosool WXA Spray - ADDINOL","isPartOf":{"@id":"https:\/\/uus.addinol.ee\/lv\/#website"},"primaryImageOfPage":{"@id":"https:\/\/uus.addinol.ee\/lv\/toode\/aerosool-wxa-spray\/#primaryimage"},"image":{"@id":"https:\/\/uus.addinol.ee\/lv\/toode\/aerosool-wxa-spray\/#primaryimage"},"thumbnailUrl":"https:\/\/uus.addinol.ee\/wp-content\/uploads\/2024\/12\/wxa-spray-e1743667712286.png","datePublished":"2024-12-31T12:25:57+00:00","dateModified":"2025-10-14T08:35:11+00:00","breadcrumb":{"@id":"https:\/\/uus.addinol.ee\/lv\/toode\/aerosool-wxa-spray\/#breadcrumb"},"inLanguage":"lv-LV","potentialAction":[{"@type":"ReadAction","target":["https:\/\/uus.addinol.ee\/lv\/toode\/aerosool-wxa-spray\/"]}]},{"@type":"ImageObject","inLanguage":"lv-LV","@id":"https:\/\/uus.addinol.ee\/lv\/toode\/aerosool-wxa-spray\/#primaryimage","url":"https:\/\/uus.addinol.ee\/wp-content\/uploads\/2024\/12\/wxa-spray-e1743667712286.png","contentUrl":"https:\/\/uus.addinol.ee\/wp-content\/uploads\/2024\/12\/wxa-spray-e1743667712286.png","width":1000,"height":1000},{"@type":"BreadcrumbList","@id":"https:\/\/uus.addinol.ee\/lv\/toode\/aerosool-wxa-spray\/#breadcrumb","itemListElement":[{"@type":"ListItem","position":1,"name":"ADDINOL","item":"https:\/\/uus.addinol.ee\/lv\/"},{"@type":"ListItem","position":2,"name":"E-pood","item":"https:\/\/uus.addinol.ee\/e-pood\/"},{"@type":"ListItem","position":3,"name":"Aerosool WXA Spray"}]},{"@type":"WebSite","@id":"https:\/\/uus.addinol.ee\/lv\/#website","url":"https:\/\/uus.addinol.ee\/lv\/","name":"ADDINOL","description":"Mootori&otilde;lid ja m&auml;&auml;&auml;rdeained igaks kasutusjuhuks","publisher":{"@id":"https:\/\/uus.addinol.ee\/lv\/#organization"},"potentialAction":[{"@type":"SearchAction","target":{"@type":"EntryPoint","urlTemplate":"https:\/\/uus.addinol.ee\/lv\/?s={search_term_string}"},"query-input":{"@type":"PropertyValueSpecification","valueRequired":true,"valueName":"search_term_string"}}],"inLanguage":"lv-LV"},{"@type":"Organization","@id":"https:\/\/uus.addinol.ee\/lv\/#organization","name":"ADDINOL","url":"https:\/\/uus.addinol.ee\/lv\/","logo":{"@type":"ImageObject","inLanguage":"lv-LV","@id":"https:\/\/uus.addinol.ee\/lv\/#\/schema\/logo\/image\/","url":"https:\/\/uus.addinol.ee\/wp-content\/uploads\/2024\/10\/1200px-ADDINOL-Logo.webp","contentUrl":"https:\/\/uus.addinol.ee\/wp-content\/uploads\/2024\/10\/1200px-ADDINOL-Logo.webp","width":1200,"height":431,"caption":"ADDINOL"},"image":{"@id":"https:\/\/uus.addinol.ee\/lv\/#\/schema\/logo\/image\/"},"sameAs":["https:\/\/www.facebook.com\/ADDINOLEesti\/","https:\/\/www.instagram.com\/addinol_eesti\/"]}]}},"_links":{"self":[{"href":"https:\/\/uus.addinol.ee\/lv\/wp-json\/wp\/v2\/product\/6211","targetHints":{"allow":["GET"]}}],"collection":[{"href":"https:\/\/uus.addinol.ee\/lv\/wp-json\/wp\/v2\/product"}],"about":[{"href":"https:\/\/uus.addinol.ee\/lv\/wp-json\/wp\/v2\/types\/product"}],"wp:featuredmedia":[{"embeddable":true,"href":"https:\/\/uus.addinol.ee\/lv\/wp-json\/wp\/v2\/media\/7443"}],"wp:attachment":[{"href":"https:\/\/uus.addinol.ee\/lv\/wp-json\/wp\/v2\/media?parent=6211"}],"wp:term":[{"taxonomy":"viscosity","embeddable":true,"href":"https:\/\/uus.addinol.ee\/lv\/wp-json\/wp\/v2\/viscosity?post=6211"},{"taxonomy":"product_brand","embeddable":true,"href":"https:\/\/uus.addinol.ee\/lv\/wp-json\/wp\/v2\/product_brand?post=6211"},{"taxonomy":"product_cat","embeddable":true,"href":"https:\/\/uus.addinol.ee\/lv\/wp-json\/wp\/v2\/product_cat?post=6211"},{"taxonomy":"product_tag","embeddable":true,"href":"https:\/\/uus.addinol.ee\/lv\/wp-json\/wp\/v2\/product_tag?post=6211"},{"taxonomy":"inventory","embeddable":true,"href":"https:\/\/uus.addinol.ee\/lv\/wp-json\/wp\/v2\/inventory?post=6211"}],"curies":[{"name":"wp","href":"https:\/\/api.w.org\/{rel}","templated":true}]}}