{"id":6212,"date":"2024-12-31T12:25:57","date_gmt":"2024-12-31T12:25:57","guid":{"rendered":"https:\/\/addinol.ee\/toode\/liugpinnaoli-xg-220\/"},"modified":"2025-07-04T11:39:51","modified_gmt":"2025-07-04T08:39:51","slug":"liugpinnaoli-xg-220","status":"publish","type":"product","link":"https:\/\/uus.addinol.ee\/lv\/toode\/liugpinnaoli-xg-220\/","title":{"rendered":"Liugpinna\u00f5li XG 220"},"content":{"rendered":"<p><strong><a href=\"https:\/\/uus.addinol.ee\/tootekategooria\/toostusmaardeained\/liugpinnaolid\/\" target=\"_blank\" rel=\"noopener\">Liugpinna\u00f5li<\/a> <a href=\"https:\/\/addinol.de\/products\/product-finder\/addinol-gleitbahnoel-xg-220\/?lang=et\">XG 220<\/a> KASUTUSV\u00d5IMALUSED:<\/strong><br \/>\n\u2022 Ette n\u00e4htud t\u00f6\u00f6pinkide ja muude agregaatide horisontaalsete ja vertikaalsete liug- ja juhtpindade, samuti pol\u00fcmeerkattega liugpindade m\u00e4\u00e4rimiseks.<br \/>\n\u2022 T\u00e4idab h\u00fcdro\u00f5lidele (HLP) kehtestatud n\u00f5udeid vastavalt standardile DIN 51524-2 ja transmissiooni\u00f5lidele (CLP) kehtestatud n\u00f5udeid vastavalt standardile DIN 51517-3.<\/p>\n<p>ADDINOL XG 220 sobib ideaalselt suurtel koormustel t\u00f6\u00f6tavate vertikaalsete liugpindade, nt karuselltreipinkide ja pikifreespinkide juhikute ja suportide, t\u00f5ste- ja transpordiseadmete spindlite m\u00e4\u00e4rimiseks. Lisaks sobib XG 220 kasutamiseks CLP 220 transmissiooni\u00f5lina.<\/p>\n<p><strong> Liugpinna\u00f5li XG 220 SPETSIFIKATSIOON \/ LITSENTSID<\/strong><br \/>\nVastab klassifikatsioonidele:<br \/>\n\u2022 ISO 6743\/4 HG \u00f5lid<br \/>\n\u2022 ISO 6743\/13 G \u00f5lid<\/p>\n<p>T\u00e4idab n\u00f5udeid:<br \/>\n\u2022 DIN 51502 (CGLP)<br \/>\n\u2022 DIN 51524-2 (HLP)<br \/>\n\u2022 DIN 51517-3 (CLP)<\/p>\n<p>Viskoossusklassid vastavalt:<br \/>\n\u2022 ISO 3448<\/p>\n<p><strong>\u00a0OMADUSED:<\/strong><br \/>\n\u2022 Hea desemulgeerimisv\u00f5ime ja vastupidavus jahutus-m\u00e4\u00e4rdevedelike lahustele<br \/>\n\u2022 Parendatud <em>anti-stick-slip<\/em> omadused<br \/>\n\u2022 Parendatud vananemiskindlus<br \/>\n\u2022 Parendatud koormustaluvus<br \/>\n\u2022 Multifunktsionaalsed<br \/>\n\u2022 Suurep\u00e4rane korrosioonikaitse<\/p>\n<p><strong>EELISED TARBIJALE:<\/strong><br \/>\n\u2022 T\u00f5hus ja pikk kasutusiga k\u00f5rgetel temperatuuridel<br \/>\n\u2022 Takistab t\u00f5husalt kleepuvate sadestiste teket juhikutele<br \/>\n\u2022 Jahutus-m\u00e4\u00e4rdevedeliku ja liugpinna\u00f5li pikem t\u00f6\u00f6iga<br \/>\n\u2022 \u00dchtlane n\u00f5ksatusteta liugumine k\u00e4ivitamisel<br \/>\n\u2022 T\u00f6\u00f6deldud detailide k\u00f5rge pinnakvaliteetminimaalne kulumine<br \/>\n\u2022 M\u00e4\u00e4rdeainete pikk kasutusiga<br \/>\n\u2022 Kasutatav ka suurtel koormustel<br \/>\n\u2022 Asendab mitmeid erinevaid \u00f5lisorte<br \/>\n\u2022 Takistab rooste ja laigulise korrosiooni teket liugpindadele<\/p>\n","protected":false},"excerpt":{"rendered":"<p>Liugpindade \u00f5li ADDINOL XG 220 koosneb k\u00f5rgkvaliteetsetest mineraal\u00f5li rafinaatidest ja spetsiaalsetest tsingivabadest manustest, mis v\u00e4hendavad katkendlikku liikumist. Lisaks on liugpinna\u00f5lile iseloomulik suurep\u00e4rane vee eraldusv\u00f5ime, vananemiskindlus, erakordselt t\u00f5hus korrosioonikaitse ning parendatud koormustaluvus.<\/p>\n","protected":false},"featured_media":10772,"template":"","meta":{"_acf_changed":false},"viscosity":[],"product_brand":[],"product_cat":[151,175],"product_tag":[],"inventory":[],"class_list":{"0":"post-6212","1":"product","2":"type-product","3":"status-publish","4":"has-post-thumbnail","6":"product_cat-toostusmaardeained","7":"product_cat-liugpinnaolid","8":"pa_vali-pakend-xg220-20l","9":"pa_vali-pakend-gleitbahnol-xg-220-205l","10":"pa_vali-pakend-gleitbahnol-xg-220-20l","11":"pa_vali-pakend-xg220-205l","13":"first","14":"instock","15":"taxable","16":"shipping-taxable","17":"purchasable","18":"product-type-variable"},"acf":[],"yoast_head":"<!-- This site is optimized with the Yoast SEO plugin v27.5 - https:\/\/yoast.com\/product\/yoast-seo-wordpress\/ -->\n<title>Liugpinna\u00f5li XG 220 - ADDINOL<\/title>\n<meta name=\"robots\" content=\"index, follow, max-snippet:-1, max-image-preview:large, max-video-preview:-1\" \/>\n<link rel=\"canonical\" href=\"https:\/\/uus.addinol.ee\/lv\/toode\/liugpinnaoli-xg-220\/\" \/>\n<meta property=\"og:locale\" content=\"lv_LV\" \/>\n<meta property=\"og:type\" content=\"article\" \/>\n<meta property=\"og:title\" content=\"Liugpinna\u00f5li XG 220 - ADDINOL\" \/>\n<meta property=\"og:description\" content=\"Liugpindade \u00f5li ADDINOL XG 220 koosneb k\u00f5rgkvaliteetsetest mineraal\u00f5li rafinaatidest ja spetsiaalsetest tsingivabadest manustest, mis v\u00e4hendavad katkendlikku liikumist. Lisaks on liugpinna\u00f5lile iseloomulik suurep\u00e4rane vee eraldusv\u00f5ime, vananemiskindlus, erakordselt t\u00f5hus korrosioonikaitse ning parendatud koormustaluvus.\" \/>\n<meta property=\"og:url\" content=\"https:\/\/uus.addinol.ee\/lv\/toode\/liugpinnaoli-xg-220\/\" \/>\n<meta property=\"og:site_name\" content=\"ADDINOL\" \/>\n<meta property=\"article:publisher\" content=\"https:\/\/www.facebook.com\/ADDINOLEesti\/\" \/>\n<meta property=\"article:modified_time\" content=\"2025-07-04T08:39:51+00:00\" \/>\n<meta property=\"og:image\" content=\"https:\/\/uus.addinol.ee\/wp-content\/uploads\/2024\/12\/76300263_gleitbahnol-xg-220_20l-can-e1750865005115.png\" \/>\n\t<meta property=\"og:image:width\" content=\"1000\" \/>\n\t<meta property=\"og:image:height\" content=\"957\" \/>\n\t<meta property=\"og:image:type\" content=\"image\/png\" \/>\n<meta name=\"twitter:card\" content=\"summary_large_image\" \/>\n<meta name=\"twitter:label1\" content=\"Est. reading time\" \/>\n\t<meta name=\"twitter:data1\" content=\"2 minutes\" \/>\n<script type=\"application\/ld+json\" class=\"yoast-schema-graph\">{\"@context\":\"https:\\\/\\\/schema.org\",\"@graph\":[{\"@type\":\"WebPage\",\"@id\":\"https:\\\/\\\/uus.addinol.ee\\\/lv\\\/toode\\\/liugpinnaoli-xg-220\\\/\",\"url\":\"https:\\\/\\\/uus.addinol.ee\\\/lv\\\/toode\\\/liugpinnaoli-xg-220\\\/\",\"name\":\"Liugpinna\u00f5li XG 220 - ADDINOL\",\"isPartOf\":{\"@id\":\"https:\\\/\\\/uus.addinol.ee\\\/lv\\\/#website\"},\"primaryImageOfPage\":{\"@id\":\"https:\\\/\\\/uus.addinol.ee\\\/lv\\\/toode\\\/liugpinnaoli-xg-220\\\/#primaryimage\"},\"image\":{\"@id\":\"https:\\\/\\\/uus.addinol.ee\\\/lv\\\/toode\\\/liugpinnaoli-xg-220\\\/#primaryimage\"},\"thumbnailUrl\":\"https:\\\/\\\/uus.addinol.ee\\\/wp-content\\\/uploads\\\/2024\\\/12\\\/76300263_gleitbahnol-xg-220_20l-can-e1750865005115.png\",\"datePublished\":\"2024-12-31T12:25:57+00:00\",\"dateModified\":\"2025-07-04T08:39:51+00:00\",\"breadcrumb\":{\"@id\":\"https:\\\/\\\/uus.addinol.ee\\\/lv\\\/toode\\\/liugpinnaoli-xg-220\\\/#breadcrumb\"},\"inLanguage\":\"lv-LV\",\"potentialAction\":[{\"@type\":\"ReadAction\",\"target\":[\"https:\\\/\\\/uus.addinol.ee\\\/lv\\\/toode\\\/liugpinnaoli-xg-220\\\/\"]}]},{\"@type\":\"ImageObject\",\"inLanguage\":\"lv-LV\",\"@id\":\"https:\\\/\\\/uus.addinol.ee\\\/lv\\\/toode\\\/liugpinnaoli-xg-220\\\/#primaryimage\",\"url\":\"https:\\\/\\\/uus.addinol.ee\\\/wp-content\\\/uploads\\\/2024\\\/12\\\/76300263_gleitbahnol-xg-220_20l-can-e1750865005115.png\",\"contentUrl\":\"https:\\\/\\\/uus.addinol.ee\\\/wp-content\\\/uploads\\\/2024\\\/12\\\/76300263_gleitbahnol-xg-220_20l-can-e1750865005115.png\",\"width\":1000,\"height\":957},{\"@type\":\"BreadcrumbList\",\"@id\":\"https:\\\/\\\/uus.addinol.ee\\\/lv\\\/toode\\\/liugpinnaoli-xg-220\\\/#breadcrumb\",\"itemListElement\":[{\"@type\":\"ListItem\",\"position\":1,\"name\":\"ADDINOL\",\"item\":\"https:\\\/\\\/uus.addinol.ee\\\/lv\\\/\"},{\"@type\":\"ListItem\",\"position\":2,\"name\":\"E-pood\",\"item\":\"https:\\\/\\\/uus.addinol.ee\\\/e-pood\\\/\"},{\"@type\":\"ListItem\",\"position\":3,\"name\":\"Liugpinna\u00f5li XG 220\"}]},{\"@type\":\"WebSite\",\"@id\":\"https:\\\/\\\/uus.addinol.ee\\\/lv\\\/#website\",\"url\":\"https:\\\/\\\/uus.addinol.ee\\\/lv\\\/\",\"name\":\"ADDINOL\",\"description\":\"Mootori&otilde;lid ja m&auml;&auml;&auml;rdeained igaks kasutusjuhuks\",\"publisher\":{\"@id\":\"https:\\\/\\\/uus.addinol.ee\\\/lv\\\/#organization\"},\"potentialAction\":[{\"@type\":\"SearchAction\",\"target\":{\"@type\":\"EntryPoint\",\"urlTemplate\":\"https:\\\/\\\/uus.addinol.ee\\\/lv\\\/?s={search_term_string}\"},\"query-input\":{\"@type\":\"PropertyValueSpecification\",\"valueRequired\":true,\"valueName\":\"search_term_string\"}}],\"inLanguage\":\"lv-LV\"},{\"@type\":\"Organization\",\"@id\":\"https:\\\/\\\/uus.addinol.ee\\\/lv\\\/#organization\",\"name\":\"ADDINOL\",\"url\":\"https:\\\/\\\/uus.addinol.ee\\\/lv\\\/\",\"logo\":{\"@type\":\"ImageObject\",\"inLanguage\":\"lv-LV\",\"@id\":\"https:\\\/\\\/uus.addinol.ee\\\/lv\\\/#\\\/schema\\\/logo\\\/image\\\/\",\"url\":\"https:\\\/\\\/uus.addinol.ee\\\/wp-content\\\/uploads\\\/2024\\\/10\\\/1200px-ADDINOL-Logo.webp\",\"contentUrl\":\"https:\\\/\\\/uus.addinol.ee\\\/wp-content\\\/uploads\\\/2024\\\/10\\\/1200px-ADDINOL-Logo.webp\",\"width\":1200,\"height\":431,\"caption\":\"ADDINOL\"},\"image\":{\"@id\":\"https:\\\/\\\/uus.addinol.ee\\\/lv\\\/#\\\/schema\\\/logo\\\/image\\\/\"},\"sameAs\":[\"https:\\\/\\\/www.facebook.com\\\/ADDINOLEesti\\\/\",\"https:\\\/\\\/www.instagram.com\\\/addinol_eesti\\\/\"]}]}<\/script>\n<!-- \/ Yoast SEO plugin. -->","yoast_head_json":{"title":"Liugpinna\u00f5li XG 220 - ADDINOL","robots":{"index":"index","follow":"follow","max-snippet":"max-snippet:-1","max-image-preview":"max-image-preview:large","max-video-preview":"max-video-preview:-1"},"canonical":"https:\/\/uus.addinol.ee\/lv\/toode\/liugpinnaoli-xg-220\/","og_locale":"lv_LV","og_type":"article","og_title":"Liugpinna\u00f5li XG 220 - ADDINOL","og_description":"Liugpindade \u00f5li ADDINOL XG 220 koosneb k\u00f5rgkvaliteetsetest mineraal\u00f5li rafinaatidest ja spetsiaalsetest tsingivabadest manustest, mis v\u00e4hendavad katkendlikku liikumist. Lisaks on liugpinna\u00f5lile iseloomulik suurep\u00e4rane vee eraldusv\u00f5ime, vananemiskindlus, erakordselt t\u00f5hus korrosioonikaitse ning parendatud koormustaluvus.","og_url":"https:\/\/uus.addinol.ee\/lv\/toode\/liugpinnaoli-xg-220\/","og_site_name":"ADDINOL","article_publisher":"https:\/\/www.facebook.com\/ADDINOLEesti\/","article_modified_time":"2025-07-04T08:39:51+00:00","og_image":[{"width":1000,"height":957,"url":"https:\/\/uus.addinol.ee\/wp-content\/uploads\/2024\/12\/76300263_gleitbahnol-xg-220_20l-can-e1750865005115.png","type":"image\/png"}],"twitter_card":"summary_large_image","twitter_misc":{"Est. reading time":"2 minutes"},"schema":{"@context":"https:\/\/schema.org","@graph":[{"@type":"WebPage","@id":"https:\/\/uus.addinol.ee\/lv\/toode\/liugpinnaoli-xg-220\/","url":"https:\/\/uus.addinol.ee\/lv\/toode\/liugpinnaoli-xg-220\/","name":"Liugpinna\u00f5li XG 220 - ADDINOL","isPartOf":{"@id":"https:\/\/uus.addinol.ee\/lv\/#website"},"primaryImageOfPage":{"@id":"https:\/\/uus.addinol.ee\/lv\/toode\/liugpinnaoli-xg-220\/#primaryimage"},"image":{"@id":"https:\/\/uus.addinol.ee\/lv\/toode\/liugpinnaoli-xg-220\/#primaryimage"},"thumbnailUrl":"https:\/\/uus.addinol.ee\/wp-content\/uploads\/2024\/12\/76300263_gleitbahnol-xg-220_20l-can-e1750865005115.png","datePublished":"2024-12-31T12:25:57+00:00","dateModified":"2025-07-04T08:39:51+00:00","breadcrumb":{"@id":"https:\/\/uus.addinol.ee\/lv\/toode\/liugpinnaoli-xg-220\/#breadcrumb"},"inLanguage":"lv-LV","potentialAction":[{"@type":"ReadAction","target":["https:\/\/uus.addinol.ee\/lv\/toode\/liugpinnaoli-xg-220\/"]}]},{"@type":"ImageObject","inLanguage":"lv-LV","@id":"https:\/\/uus.addinol.ee\/lv\/toode\/liugpinnaoli-xg-220\/#primaryimage","url":"https:\/\/uus.addinol.ee\/wp-content\/uploads\/2024\/12\/76300263_gleitbahnol-xg-220_20l-can-e1750865005115.png","contentUrl":"https:\/\/uus.addinol.ee\/wp-content\/uploads\/2024\/12\/76300263_gleitbahnol-xg-220_20l-can-e1750865005115.png","width":1000,"height":957},{"@type":"BreadcrumbList","@id":"https:\/\/uus.addinol.ee\/lv\/toode\/liugpinnaoli-xg-220\/#breadcrumb","itemListElement":[{"@type":"ListItem","position":1,"name":"ADDINOL","item":"https:\/\/uus.addinol.ee\/lv\/"},{"@type":"ListItem","position":2,"name":"E-pood","item":"https:\/\/uus.addinol.ee\/e-pood\/"},{"@type":"ListItem","position":3,"name":"Liugpinna\u00f5li XG 220"}]},{"@type":"WebSite","@id":"https:\/\/uus.addinol.ee\/lv\/#website","url":"https:\/\/uus.addinol.ee\/lv\/","name":"ADDINOL","description":"Mootori&otilde;lid ja m&auml;&auml;&auml;rdeained igaks kasutusjuhuks","publisher":{"@id":"https:\/\/uus.addinol.ee\/lv\/#organization"},"potentialAction":[{"@type":"SearchAction","target":{"@type":"EntryPoint","urlTemplate":"https:\/\/uus.addinol.ee\/lv\/?s={search_term_string}"},"query-input":{"@type":"PropertyValueSpecification","valueRequired":true,"valueName":"search_term_string"}}],"inLanguage":"lv-LV"},{"@type":"Organization","@id":"https:\/\/uus.addinol.ee\/lv\/#organization","name":"ADDINOL","url":"https:\/\/uus.addinol.ee\/lv\/","logo":{"@type":"ImageObject","inLanguage":"lv-LV","@id":"https:\/\/uus.addinol.ee\/lv\/#\/schema\/logo\/image\/","url":"https:\/\/uus.addinol.ee\/wp-content\/uploads\/2024\/10\/1200px-ADDINOL-Logo.webp","contentUrl":"https:\/\/uus.addinol.ee\/wp-content\/uploads\/2024\/10\/1200px-ADDINOL-Logo.webp","width":1200,"height":431,"caption":"ADDINOL"},"image":{"@id":"https:\/\/uus.addinol.ee\/lv\/#\/schema\/logo\/image\/"},"sameAs":["https:\/\/www.facebook.com\/ADDINOLEesti\/","https:\/\/www.instagram.com\/addinol_eesti\/"]}]}},"_links":{"self":[{"href":"https:\/\/uus.addinol.ee\/lv\/wp-json\/wp\/v2\/product\/6212","targetHints":{"allow":["GET"]}}],"collection":[{"href":"https:\/\/uus.addinol.ee\/lv\/wp-json\/wp\/v2\/product"}],"about":[{"href":"https:\/\/uus.addinol.ee\/lv\/wp-json\/wp\/v2\/types\/product"}],"wp:featuredmedia":[{"embeddable":true,"href":"https:\/\/uus.addinol.ee\/lv\/wp-json\/wp\/v2\/media\/10772"}],"wp:attachment":[{"href":"https:\/\/uus.addinol.ee\/lv\/wp-json\/wp\/v2\/media?parent=6212"}],"wp:term":[{"taxonomy":"viscosity","embeddable":true,"href":"https:\/\/uus.addinol.ee\/lv\/wp-json\/wp\/v2\/viscosity?post=6212"},{"taxonomy":"product_brand","embeddable":true,"href":"https:\/\/uus.addinol.ee\/lv\/wp-json\/wp\/v2\/product_brand?post=6212"},{"taxonomy":"product_cat","embeddable":true,"href":"https:\/\/uus.addinol.ee\/lv\/wp-json\/wp\/v2\/product_cat?post=6212"},{"taxonomy":"product_tag","embeddable":true,"href":"https:\/\/uus.addinol.ee\/lv\/wp-json\/wp\/v2\/product_tag?post=6212"},{"taxonomy":"inventory","embeddable":true,"href":"https:\/\/uus.addinol.ee\/lv\/wp-json\/wp\/v2\/inventory?post=6212"}],"curies":[{"name":"wp","href":"https:\/\/api.w.org\/{rel}","templated":true}]}}